{"id":2034,"date":"2025-06-17T15:40:28","date_gmt":"2025-06-17T07:40:28","guid":{"rendered":"https:\/\/www.gigapa.com\/?page_id=2034"},"modified":"2025-07-07T15:33:32","modified_gmt":"2025-07-07T07:33:32","slug":"gts-e-dual-shaft-shredder","status":"publish","type":"page","link":"https:\/\/www.gigapa.com\/cs\/gts-e-dual-shaft-shredder\/","title":{"rendered":"\u3010V\u00fdkonn\u00e1 hybnost, efektivn\u00ed v\u00fdkon\u3011 - dvouh\u0159\u00eddelov\u00fd drti\u010d GTS-E"},"content":{"rendered":"<div data-elementor-type=\"wp-page\" data-elementor-id=\"2034\" class=\"elementor elementor-2034\" data-elementor-post-type=\"page\">\n\t\t\t\t<div class=\"elementor-element elementor-element-f4ffe10 e-flex e-con-boxed e-con e-parent\" data-id=\"f4ffe10\" data-element_type=\"container\" data-e-type=\"container\">\n\t\t\t\t\t<div class=\"e-con-inner\">\n\t\t\t\t<div class=\"elementor-element elementor-element-c199ab4 elementor-widget elementor-widget-heading\" data-id=\"c199ab4\" data-element_type=\"widget\" data-e-type=\"widget\" data-widget_type=\"heading.default\">\n\t\t\t\t<div class=\"elementor-widget-container\">\n\t\t\t\t\t<h1 class=\"elementor-heading-title elementor-size-default\">\u3010V\u00fdkonn\u00e1 hybnost, efektivn\u00ed v\u00fdkon\u3011- Dvouh\u0159\u00eddelov\u00fd drti\u010d GTS-E<\/h1>\t\t\t\t<\/div>\n\t\t\t\t<\/div>\n\t\t\t\t<div class=\"elementor-element elementor-element-09e8edd elementor-widget elementor-widget-woocommerce-breadcrumb\" data-id=\"09e8edd\" data-element_type=\"widget\" data-e-type=\"widget\" data-widget_type=\"woocommerce-breadcrumb.default\">\n\t\t\t\t<div class=\"elementor-widget-container\">\n\t\t\t\t\t<nav class=\"woocommerce-breadcrumb\" aria-label=\"Breadcrumb\" data-no-translation=\"\" data-trp-gettext=\"\">Dom\u016f<\/nav>\t\t\t\t<\/div>\n\t\t\t\t<\/div>\n\t\t\t\t<div class=\"elementor-element elementor-element-9bcabc6 elementor-widget elementor-widget-text-editor\" data-id=\"9bcabc6\" data-element_type=\"widget\" data-e-type=\"widget\" data-widget_type=\"text-editor.default\">\n\t\t\t\t<div class=\"elementor-widget-container\">\n\t\t\t\t\t\t\t\t\t<p><strong><b>N\u00e1zev projektu: <\/b><\/strong>Skartace a likvidace zdravotnick\u00e9ho odpadu v Tchien-\u0165inu<br \/><strong><b>Klient:<\/b><\/strong>\u00a0Spole\u010dnost pro likvidaci zdravotnick\u00e9ho odpadu v Tchien-\u0165inu<br \/><strong><b>Um\u00edst\u011bn\u00ed: <\/b><\/strong>Tianjin, \u010c\u00edna<\/p><h2><strong><b>Pozad\u00ed projektu:<\/b><\/strong><\/h2><p>Pandemie vedla ke vzniku velk\u00e9ho mno\u017estv\u00ed zdravotnick\u00e9ho odpadu s viry, p\u0159i\u010dem\u017e nejv\u011bt\u0161\u00ed objem odpadu produkuje zdravotnick\u00fd syst\u00e9m, kter\u00fd se pot\u00fdk\u00e1 s nejnal\u00e9hav\u011bj\u0161\u00edmi po\u017eadavky. Zat\u00edmco pou\u017eit\u00ed v prvn\u00ed linii je z\u00e1sadn\u00ed, pro zabr\u00e1n\u011bn\u00ed \u0161\u00ed\u0159en\u00ed vir\u016f je stejn\u011b d\u016fle\u017eit\u00e1 v\u010dasn\u00e1 likvidace v z\u00e1zem\u00ed. Vysoce v\u00fdkonn\u00fd dvouh\u0159\u00eddelov\u00fd drti\u010d se pou\u017e\u00edv\u00e1 k drcen\u00ed p\u0159edm\u011bt\u016f, jako jsou injek\u010dn\u00ed st\u0159\u00edka\u010dky, ochrann\u00e9 obleky, ochrann\u00e9 br\u00fdle a l\u00e9ka\u0159sk\u00e9 rukavice. Plastov\u00fd zdravotnick\u00fd odpad, jako jsou injek\u010dn\u00ed st\u0159\u00edka\u010dky, lze d\u00e1le rozdrtit na mal\u00e9 \u010d\u00e1stice (p\u0159i\u010dem\u017e je t\u0159eba zajistit, aby bylo za\u0159\u00edzen\u00ed ut\u011bsn\u011bno a nedo\u0161lo k rozpt\u00fdlen\u00ed aerosolu). D\u016fkladn\u011b vydezinfikovan\u00e9 plastov\u00e9 fragmenty (nap\u0159. polypropylen PP, polyethylen PE) lze p\u0159edat licencovan\u00fdm spole\u010dnostem zab\u00fdvaj\u00edc\u00edm se recyklac\u00ed zdravotnick\u00e9ho odpadu k roztaven\u00ed a regeneraci, op\u011btovn\u00e9mu pou\u017eit\u00ed pro jin\u00e9 ne\u017e l\u00e9ka\u0159sk\u00e9 \u00fa\u010dely (nap\u0159. kv\u011btin\u00e1\u010de nebo plastov\u00e9 desky). Jehly mus\u00ed b\u00fdt sb\u00edr\u00e1ny odd\u011blen\u011b, p\u0159i\u010dem\u017e patogeny mus\u00ed b\u00fdt p\u0159ed regenerac\u00ed kov\u016f zni\u010deny taven\u00edm za vysok\u00e9 teploty (\u2265 1200 \u00b0C). Zbyl\u00fd odpad se pos\u00edl\u00e1 ke zpracov\u00e1n\u00ed do spaloven zdravotnick\u00e9ho odpadu.<\/p><p><img fetchpriority=\"high\" decoding=\"async\" class=\"aligncenter wp-image-2038\" src=\"https:\/\/www.gigapa.com\/wp-content\/uploads\/2025\/06\/\u56fe\u72471.png\" alt=\"\" width=\"800\" height=\"534\" srcset=\"https:\/\/www.gigapa.com\/wp-content\/uploads\/2025\/06\/\u56fe\u72471.png 1003w, https:\/\/www.gigapa.com\/wp-content\/uploads\/2025\/06\/\u56fe\u72471-300x200.png 300w, https:\/\/www.gigapa.com\/wp-content\/uploads\/2025\/06\/\u56fe\u72471-768x512.png 768w, https:\/\/www.gigapa.com\/wp-content\/uploads\/2025\/06\/\u56fe\u72471-18x12.png 18w, https:\/\/www.gigapa.com\/wp-content\/uploads\/2025\/06\/\u56fe\u72471-600x400.png 600w\" sizes=\"(max-width: 800px) 100vw, 800px\" \/><\/p><p><img decoding=\"async\" class=\"aligncenter wp-image-2039\" src=\"https:\/\/www.gigapa.com\/wp-content\/uploads\/2025\/06\/\u56fe\u72472.png\" alt=\"\" width=\"800\" height=\"533\" srcset=\"https:\/\/www.gigapa.com\/wp-content\/uploads\/2025\/06\/\u56fe\u72472.png 1017w, https:\/\/www.gigapa.com\/wp-content\/uploads\/2025\/06\/\u56fe\u72472-300x200.png 300w, https:\/\/www.gigapa.com\/wp-content\/uploads\/2025\/06\/\u56fe\u72472-768x512.png 768w, https:\/\/www.gigapa.com\/wp-content\/uploads\/2025\/06\/\u56fe\u72472-18x12.png 18w, https:\/\/www.gigapa.com\/wp-content\/uploads\/2025\/06\/\u56fe\u72472-600x400.png 600w\" sizes=\"(max-width: 800px) 100vw, 800px\" \/><\/p><h2><strong><b>Po\u017eadavky z\u00e1kazn\u00edka:<\/b><\/strong><\/h2><p>Je nutn\u00e9 nal\u00e9hav\u00e9 zpracov\u00e1n\u00ed s velkou denn\u00ed kapacitou, aby se zabr\u00e1nilo hromad\u011bn\u00ed, kter\u00e9 by mohlo v\u00e9st k \u0161\u00ed\u0159en\u00ed vir\u016f a ohro\u017een\u00ed bezpe\u010dnosti. Je zapot\u0159eb\u00ed uzav\u0159en\u00fd syst\u00e9m drcen\u00ed, aby se zabr\u00e1nilo uvol\u0148ov\u00e1n\u00ed aerosolu b\u011bhem drcen\u00ed. Materi\u00e1l by m\u011bl b\u00fdt drcen co nejjemn\u011bji pro \u00fa\u010dinn\u011bj\u0161\u00ed spalov\u00e1n\u00ed se zkr\u00e1cenou dobou spalov\u00e1n\u00ed. pouze jednopr\u016fchodov\u00e9 drcen\u00ed - bez v\u00edcen\u00e1sobn\u00fdch cykl\u016f drcen\u00ed - pro \u00fasporu \u010dasu a dosa\u017een\u00ed optim\u00e1ln\u00edch v\u00fdsledk\u016f v jednom kroku. Automatizace a inteligentn\u00ed syst\u00e9my jsou nezbytn\u00e9 pro minimalizaci kontaktu s lidmi b\u011bhem pandemie.<\/p><h2><strong><b>\u0158e\u0161en\u00ed:<\/b><\/strong><\/h2><p>N\u00e1\u0161 technick\u00fd t\u00fdm okam\u017eit\u011b reagoval na po\u017eadavky a vyvinul efektivn\u00ed a racion\u00e1ln\u00ed \u0159e\u0161en\u00ed s vyu\u017eit\u00edm syst\u00e9mu. <a href=\"https:\/\/www.gigapa.com\/cs\/produkt\/dvouhridelove-drtice\/\">Dvouh\u0159\u00eddelov\u00fd drti\u010d GTS-E<\/a>\u00a0s: Inteligentn\u00ed automatizovan\u00fd \u0159\u00eddic\u00ed syst\u00e9m s PLC Siemens, komponenty Schneider Electric a inteligentn\u00edmi \u0159\u00eddic\u00edmi programy Stabiln\u00ed provoz s u\u017eivatelsky p\u0159\u00edv\u011btiv\u00fdm ovl\u00e1d\u00e1n\u00edm, kter\u00e9 se snadno nau\u010d\u00edte.<\/p><p>B\u011bhem pandemick\u00e9ho nedostatku person\u00e1lu umo\u017e\u0148uje syst\u00e9m d\u00edky kr\u00e1tkodob\u00e9mu \u0161kolen\u00ed bezpe\u010dnou obsluhu za\u0159\u00edzen\u00ed i pracovn\u00edk\u016fm s minim\u00e1ln\u00edm vzd\u011bl\u00e1n\u00edm nebo ni\u017e\u0161\u00ed \u00farovn\u00ed vzd\u011bl\u00e1n\u00ed. Speci\u00e1ln\u011b navr\u017een\u00e9 no\u017ee zaji\u0161\u0165uj\u00ed maxim\u00e1ln\u00ed \u00fa\u010dinnost: Dov\u00e1\u017een\u00e9 no\u017ee z vysoce legovan\u00e9 oceli kombinuj\u00edc\u00ed tvrdost a hou\u017eevnatost Opraviteln\u00e9 no\u017ee s optimalizovan\u00fdm profilem zub\u016f pro \u00fa\u010dinn\u011bj\u0161\u00ed drcen\u00ed P\u0159\u00edm\u00e9 spojen\u00ed motoru s p\u0159evodovkou a p\u0159evodovky s h\u0159\u00eddel\u00ed \u0159eza\u010dky zaji\u0161\u0165uje hladk\u00fd p\u0159enos a vysokou \u00fa\u010dinnost.<\/p><p><div style=\"width: 1620px;\" class=\"wp-video\"><!--[if lt IE 9]><script>document.createElement('video');<\/script><![endif]-->\n<video class=\"wp-video-shortcode\" id=\"video-2034-1\" width=\"1620\" height=\"1080\" preload=\"auto\" controls=\"controls\"><source type=\"video\/mp4\" src=\"https:\/\/www.gigapa.com\/wp-content\/uploads\/2025\/06\/\u533b\u7597\u5783\u573e\u7834\u788e.mp4?_=1\" \/><a href=\"https:\/\/www.gigapa.com\/wp-content\/uploads\/2025\/06\/\u533b\u7597\u5783\u573e\u7834\u788e.mp4\">https:\/\/www.gigapa.com\/wp-content\/uploads\/2025\/06\/\u533b\u7597\u5783\u573e\u7834\u788e.mp4<\/a><\/video><\/div><\/p><p><img decoding=\"async\" class=\"wp-image-524 size-full aligncenter\" src=\"https:\/\/www.gigapa.com\/wp-content\/uploads\/2025\/02\/\u56fe\u72479-6.png\" alt=\"Dvouh\u0159\u00eddelov\u00e9 skartova\u010de\" width=\"500\" height=\"253\" srcset=\"https:\/\/www.gigapa.com\/wp-content\/uploads\/2025\/02\/\u56fe\u72479-6.png 500w, https:\/\/www.gigapa.com\/wp-content\/uploads\/2025\/02\/\u56fe\u72479-6-300x152.png 300w\" sizes=\"(max-width: 500px) 100vw, 500px\" \/><\/p><p><img loading=\"lazy\" decoding=\"async\" class=\"wp-image-990 aligncenter\" src=\"https:\/\/www.gigapa.com\/wp-content\/uploads\/2025\/05\/\u533b\u7597\u5783\u573e5.jpg\" alt=\"Dvouh\u0159\u00eddelov\u00e9 skartova\u010de\" width=\"800\" height=\"502\" srcset=\"https:\/\/www.gigapa.com\/wp-content\/uploads\/2025\/05\/\u533b\u7597\u5783\u573e5.jpg 1034w, https:\/\/www.gigapa.com\/wp-content\/uploads\/2025\/05\/\u533b\u7597\u5783\u573e5-300x188.jpg 300w, https:\/\/www.gigapa.com\/wp-content\/uploads\/2025\/05\/\u533b\u7597\u5783\u573e5-1024x643.jpg 1024w, https:\/\/www.gigapa.com\/wp-content\/uploads\/2025\/05\/\u533b\u7597\u5783\u573e5-768x482.jpg 768w, https:\/\/www.gigapa.com\/wp-content\/uploads\/2025\/05\/\u533b\u7597\u5783\u573e5-600x377.jpg 600w\" sizes=\"(max-width: 800px) 100vw, 800px\" \/><\/p><p>Spole\u010dnost GIGAPA se zav\u00e1zala, \u017ee z\u00e1kazn\u00edci jsou pro ni na prvn\u00edm m\u00edst\u011b. Na\u0161e slu\u017eby a \u0159e\u0161en\u00ed jsou zalo\u017eeny na uspokojov\u00e1n\u00ed pot\u0159eb klient\u016f a z\u00e1rove\u0148 na \u0159e\u0161en\u00ed soci\u00e1ln\u00edch ot\u00e1zek, \u010d\u00edm\u017e p\u0159isp\u00edv\u00e1me ke spole\u010dnosti. D\u00edky d\u016fkladn\u00e9mu porozum\u011bn\u00ed bolestiv\u00fdm m\u00edst\u016fm a probl\u00e9m\u016fm na\u0161ich klient\u016f poskytujeme c\u00edlen\u00e1 \u0159e\u0161en\u00ed, kter\u00e1 jim pom\u00e1haj\u00ed p\u0159ekonat probl\u00e9my. Po celou dobu realizace projektu udr\u017eujeme s klienty st\u00e1lou komunikaci, budujeme vz\u00e1jemnou d\u016fv\u011bru a dosahujeme \u00fasp\u011b\u0161n\u00e9 spolupr\u00e1ce. Spole\u010dn\u011b vyu\u017e\u00edv\u00e1me s\u00edlu spole\u010dnosti GIGAPA a stanovujeme m\u011b\u0159\u00edtka v oboru!<\/p>\t\t\t\t\t\t\t\t<\/div>\n\t\t\t\t<\/div>\n\t\t\t\t\t<\/div>\n\t\t\t\t<\/div>\n\t\t<div class=\"elementor-element elementor-element-5d031fa e-flex e-con-boxed e-con e-parent\" data-id=\"5d031fa\" data-element_type=\"container\" data-e-type=\"container\">\n\t\t\t\t\t<div class=\"e-con-inner\">\n\t\t\t\t<div class=\"elementor-element elementor-element-696a70c elementor-widget elementor-widget-wpforms\" data-id=\"696a70c\" data-element_type=\"widget\" data-e-type=\"widget\" data-widget_type=\"wpforms.default\">\n\t\t\t\t<div class=\"elementor-widget-container\">\n\t\t\t\t\t<style id=\"wpforms-css-vars-elementor-widget-696a70c\">\n\t\t\t\t.elementor-widget-wpforms.elementor-element-696a70c {\n\t\t\t\t--wpforms-field-size-input-height: 43px;\n--wpforms-field-size-input-spacing: 15px;\n--wpforms-field-size-font-size: 16px;\n--wpforms-field-size-line-height: 19px;\n--wpforms-field-size-padding-h: 14px;\n--wpforms-field-size-checkbox-size: 16px;\n--wpforms-field-size-sublabel-spacing: 5px;\n--wpforms-field-size-icon-size: 1;\n--wpforms-label-size-font-size: 16px;\n--wpforms-label-size-line-height: 19px;\n--wpforms-label-size-sublabel-font-size: 14px;\n--wpforms-label-size-sublabel-line-height: 17px;\n--wpforms-button-size-font-size: 17px;\n--wpforms-button-size-height: 41px;\n--wpforms-button-size-padding-h: 15px;\n--wpforms-button-size-margin-top: 10px;\n\n\t\t\t}\n\t\t\t<\/style><div class=\"wpforms-container wpforms-container-full wpforms-render-modern\" id=\"wpforms-992\"><form id=\"wpforms-form-992\" class=\"wpforms-validate wpforms-form wpforms-ajax-form\" data-formid=\"992\" method=\"post\" enctype=\"multipart\/form-data\" action=\"\/cs\/wp-json\/wp\/v2\/pages\/2034\" data-token=\"e222e14b642e66d528c567c6e9f9d64d\" data-token-time=\"1778849576\" data-trp-original-action=\"\/cs\/wp-json\/wp\/v2\/pages\/2034\"><noscript class=\"wpforms-error-noscript\">Chcete-li vyplnit tento formul\u00e1\u0159, pros\u00edm povolte v prohl\u00ed\u017ee\u010di JavaScript.<\/noscript><div class=\"wpforms-hidden\" id=\"wpforms-error-noscript\">Chcete-li vyplnit tento formul\u00e1\u0159, pros\u00edm povolte v prohl\u00ed\u017ee\u010di JavaScript.<\/div><div class=\"wpforms-field-container\"><div id=\"wpforms-992-field_6-container\" class=\"wpforms-field wpforms-field-text\" data-field-id=\"6\"><label class=\"wpforms-field-label\" for=\"wpforms-992-field_6\">N\u00e1zev<\/label><input type=\"text\" id=\"wpforms-992-field_6\" class=\"wpforms-field-large\" name=\"wpforms[fields][6]\" aria-errormessage=\"wpforms-992-field_6-error\" ><\/div><div id=\"wpforms-992-field_4-container\" class=\"wpforms-field wpforms-field-email\" data-field-id=\"4\"><label class=\"wpforms-field-label\" for=\"wpforms-992-field_4\">E-mail <span class=\"wpforms-required-label\" aria-hidden=\"true\">*<\/span><\/label><input type=\"email\" id=\"wpforms-992-field_4\" class=\"wpforms-field-large wpforms-field-required\" name=\"wpforms[fields][4]\" spellcheck=\"false\" aria-errormessage=\"wpforms-992-field_4-error\" required><\/div><div id=\"wpforms-992-field_2-container\" class=\"wpforms-field wpforms-field-text\" data-field-id=\"2\"><label class=\"wpforms-field-label\" for=\"wpforms-992-field_2\">Telefon <span class=\"wpforms-required-label\" aria-hidden=\"true\">*<\/span><\/label><input type=\"text\" id=\"wpforms-992-field_2\" class=\"wpforms-field-large wpforms-field-required\" name=\"wpforms[fields][2]\" aria-errormessage=\"wpforms-992-field_2-error\" required><\/div><div id=\"wpforms-992-field_5-container\" class=\"wpforms-field wpforms-field-textarea\" data-field-id=\"5\"><label class=\"wpforms-field-label\" for=\"wpforms-992-field_5\">Zpr\u00e1va <span class=\"wpforms-required-label\" aria-hidden=\"true\">*<\/span><\/label><textarea id=\"wpforms-992-field_5\" class=\"wpforms-field-medium wpforms-field-required\" name=\"wpforms[fields][5]\" aria-errormessage=\"wpforms-992-field_5-error\" required><\/textarea><\/div><div id=\"wpforms-992-field_10-container\" class=\"wpforms-field wpforms-field-text hide-page-url\" data-field-id=\"10\"><label class=\"wpforms-field-label\" for=\"wpforms-992-field_10\">Str\u00e1nka pro odes\u00edl\u00e1n\u00ed p\u0159\u00edsp\u011bvk\u016f<\/label><input type=\"text\" id=\"wpforms-992-field_10\" class=\"wpforms-field-large\" name=\"wpforms[fields][10]\" value=\"https:\/\/www.gigapa.com\/cs\/wp-json\/wp\/v2\/pages\/2034\" aria-errormessage=\"wpforms-992-field_10-error\" ><\/div><div id=\"wpforms-992-field_11-container\" class=\"wpforms-field wpforms-field-text hidden-ip\" data-field-id=\"11\"><label class=\"wpforms-field-label\" for=\"wpforms-992-field_11\">IP z\u00e1kazn\u00edka<\/label><input type=\"text\" id=\"wpforms-992-field_11\" class=\"wpforms-field-large\" name=\"wpforms[fields][11]\" value=\"216.73.217.73\" aria-errormessage=\"wpforms-992-field_11-error\" ><\/div><\/div><!-- .wpforms-field-container --><div class=\"wpforms-recaptcha-container wpforms-is-recaptcha wpforms-is-recaptcha-type-invisible\" ><div class=\"g-recaptcha\" data-sitekey=\"6LdEtWsrAAAAAEmzxiBRi6AAl-KXXavWAmEJdn-a\" data-size=\"invisible\"><\/div><\/div><div class=\"wpforms-submit-container\" ><input type=\"hidden\" name=\"wpforms[id]\" value=\"992\"><input type=\"hidden\" name=\"page_title\" value=\"\"><input type=\"hidden\" name=\"page_url\" value=\"https:\/\/www.gigapa.com\/cs\/wp-json\/wp\/v2\/pages\/2034\"><button type=\"submit\" name=\"wpforms[submit]\" id=\"wpforms-submit-992\" class=\"wpforms-submit\" data-alt-text=\"Sending...\" data-submit-text=\"Get Free Quote\" aria-live=\"assertive\" value=\"wpforms-submit\">Z\u00edskejte bezplatnou nab\u00eddku<\/button><img loading=\"lazy\" decoding=\"async\" src=\"https:\/\/www.gigapa.com\/wp-content\/plugins\/wpforms\/assets\/images\/submit-spin.svg\" class=\"wpforms-submit-spinner\" style=\"display: none;\" width=\"26\" height=\"26\" alt=\"Na\u010d\u00edt\u00e1n\u00ed\"><\/div><input type=\"hidden\" name=\"trp-form-language\" value=\"cs\"\/><\/form><\/div>  <!-- .wpforms-container -->\t\t\t\t<\/div>\n\t\t\t\t<\/div>\n\t\t\t\t\t<\/div>\n\t\t\t\t<\/div>\n\t\t\t\t<\/div>","protected":false},"excerpt":{"rendered":"<p>\u3010Siln\u00e1 hybnost, efektivn\u00ed v\u00fdkon\u3011- Dvouh\u0159\u00eddelov\u00fd drti\u010d GTS-E N\u00e1zev projektu: Skartov\u00e1n\u00ed a likvidace zdravotnick\u00e9ho odpadu v TianjinuZ\u00e1kazn\u00edk: Spole\u010dnost zab\u00fdvaj\u00edc\u00ed se likvidac\u00ed zdravotnick\u00e9ho odpadu [...]<\/p>","protected":false},"author":1,"featured_media":0,"parent":0,"menu_order":0,"comment_status":"closed","ping_status":"closed","template":"","meta":{"site-sidebar-layout":"no-sidebar","site-content-layout":"","ast-site-content-layout":"full-width-container","site-content-style":"default","site-sidebar-style":"default","ast-global-header-display":"","ast-banner-title-visibility":"","ast-main-header-display":"","ast-hfb-above-header-display":"","ast-hfb-below-header-display":"","ast-hfb-mobile-header-display":"","site-post-title":"disabled","ast-breadcrumbs-content":"","ast-featured-img":"disabled","footer-sml-layout":"","ast-disable-related-posts":"","theme-transparent-header-meta":"default","adv-header-id-meta":"","stick-header-meta":"","header-above-stick-meta":"","header-main-stick-meta":"","header-below-stick-meta":"","astra-migrate-meta-layouts":"set","ast-page-background-enabled":"default","ast-page-background-meta":{"desktop":{"background-color":"var(--ast-global-color-5)","background-image":"","background-repeat":"repeat","background-position":"center center","background-size":"auto","background-attachment":"scroll","background-type":"","background-media":"","overlay-type":"","overlay-color":"","overlay-opacity":"","overlay-gradient":""},"tablet":{"background-color":"","background-image":"","background-repeat":"repeat","background-position":"center center","background-size":"auto","background-attachment":"scroll","background-type":"","background-media":"","overlay-type":"","overlay-color":"","overlay-opacity":"","overlay-gradient":""},"mobile":{"background-color":"","background-image":"","background-repeat":"repeat","background-position":"center center","background-size":"auto","background-attachment":"scroll","background-type":"","background-media":"","overlay-type":"","overlay-color":"","overlay-opacity":"","overlay-gradient":""}},"ast-content-background-meta":{"desktop":{"background-color":"var(--ast-global-color-4)","background-image":"","background-repeat":"repeat","background-position":"center center","background-size":"auto","background-attachment":"scroll","background-type":"","background-media":"","overlay-type":"","overlay-color":"","overlay-opacity":"","overlay-gradient":""},"tablet":{"background-color":"var(--ast-global-color-4)","background-image":"","background-repeat":"repeat","background-position":"center center","background-size":"auto","background-attachment":"scroll","background-type":"","background-media":"","overlay-type":"","overlay-color":"","overlay-opacity":"","overlay-gradient":""},"mobile":{"background-color":"var(--ast-global-color-4)","background-image":"","background-repeat":"repeat","background-position":"center center","background-size":"auto","background-attachment":"scroll","background-type":"","background-media":"","overlay-type":"","overlay-color":"","overlay-opacity":"","overlay-gradient":""}},"footnotes":""},"class_list":["post-2034","page","type-page","status-publish","hentry"],"_hostinger_reach_plugin_has_subscription_block":false,"_hostinger_reach_plugin_is_elementor":false,"_links":{"self":[{"href":"https:\/\/www.gigapa.com\/cs\/wp-json\/wp\/v2\/pages\/2034","targetHints":{"allow":["GET"]}}],"collection":[{"href":"https:\/\/www.gigapa.com\/cs\/wp-json\/wp\/v2\/pages"}],"about":[{"href":"https:\/\/www.gigapa.com\/cs\/wp-json\/wp\/v2\/types\/page"}],"author":[{"embeddable":true,"href":"https:\/\/www.gigapa.com\/cs\/wp-json\/wp\/v2\/users\/1"}],"replies":[{"embeddable":true,"href":"https:\/\/www.gigapa.com\/cs\/wp-json\/wp\/v2\/comments?post=2034"}],"version-history":[{"count":21,"href":"https:\/\/www.gigapa.com\/cs\/wp-json\/wp\/v2\/pages\/2034\/revisions"}],"predecessor-version":[{"id":2342,"href":"https:\/\/www.gigapa.com\/cs\/wp-json\/wp\/v2\/pages\/2034\/revisions\/2342"}],"wp:attachment":[{"href":"https:\/\/www.gigapa.com\/cs\/wp-json\/wp\/v2\/media?parent=2034"}],"curies":[{"name":"wp","href":"https:\/\/api.w.org\/{rel}","templated":true}]}}