{"id":2046,"date":"2025-06-17T15:40:25","date_gmt":"2025-06-17T07:40:25","guid":{"rendered":"https:\/\/www.gigapa.com\/?page_id=2046"},"modified":"2025-06-25T09:33:12","modified_gmt":"2025-06-25T01:33:12","slug":"gss-f-single-shaft-shredder","status":"publish","type":"page","link":"https:\/\/www.gigapa.com\/cs\/gss-f-single-shaft-shredder\/","title":{"rendered":"\u3010Ni\u010ditelka l\u00e9ka\u0159sk\u00e9ho odpadu\u3011- Jednoh\u0159\u00eddelov\u00fd skartova\u010d GSS-F"},"content":{"rendered":"<div data-elementor-type=\"wp-page\" data-elementor-id=\"2046\" class=\"elementor elementor-2046\" data-elementor-post-type=\"page\">\n\t\t\t\t<div class=\"elementor-element elementor-element-422e32d e-flex e-con-boxed e-con e-parent\" data-id=\"422e32d\" data-element_type=\"container\" data-e-type=\"container\">\n\t\t\t\t\t<div class=\"e-con-inner\">\n\t\t\t\t<div class=\"elementor-element elementor-element-a69abf5 elementor-widget elementor-widget-heading\" data-id=\"a69abf5\" data-element_type=\"widget\" data-e-type=\"widget\" data-widget_type=\"heading.default\">\n\t\t\t\t<div class=\"elementor-widget-container\">\n\t\t\t\t\t<h1 class=\"elementor-heading-title elementor-size-default\">\u3010Ni\u010ditelka l\u00e9ka\u0159sk\u00e9ho odpadu\u3011-- Jednoh\u0159\u00eddelov\u00fd skartova\u010d GSS-F<\/h1>\t\t\t\t<\/div>\n\t\t\t\t<\/div>\n\t\t\t\t<div class=\"elementor-element elementor-element-152dd15 elementor-widget elementor-widget-woocommerce-breadcrumb\" data-id=\"152dd15\" data-element_type=\"widget\" data-e-type=\"widget\" data-widget_type=\"woocommerce-breadcrumb.default\">\n\t\t\t\t<div class=\"elementor-widget-container\">\n\t\t\t\t\t<nav class=\"woocommerce-breadcrumb\" aria-label=\"Breadcrumb\" data-no-translation=\"\" data-trp-gettext=\"\">Dom\u016f<\/nav>\t\t\t\t<\/div>\n\t\t\t\t<\/div>\n\t\t\t\t<div class=\"elementor-element elementor-element-6a2da97 elementor-widget elementor-widget-text-editor\" data-id=\"6a2da97\" data-element_type=\"widget\" data-e-type=\"widget\" data-widget_type=\"text-editor.default\">\n\t\t\t\t<div class=\"elementor-widget-container\">\n\t\t\t\t\t\t\t\t\t<p><strong><b>N\u00e1zev projektu:<\/b><\/strong>\u00a0Skartace zdravotnick\u00e9ho odpadu v Haianu<br \/><strong><b>Klient: <\/b><\/strong>Spole\u010dnost na ochranu \u017eivotn\u00edho prost\u0159ed\u00ed se s\u00eddlem v Haianu<br \/><strong><b>Um\u00edst\u011bn\u00ed: <\/b><\/strong>Haian, provincie Jiangsu<\/p><h2><strong><b>Pozad\u00ed projektu:<\/b><\/strong><\/h2><p>B\u011bhem pandemie se v\u00fdrazn\u011b zv\u00fd\u0161il objem zdravotnick\u00e9ho odpadu. Materi\u00e1ly vy\u017eaduj\u00edc\u00ed drcen\u00ed - v\u010detn\u011b prost\u011bradel, masek, ochrann\u00fdch oblek\u016f, injek\u010dn\u00edch st\u0159\u00edka\u010dek a lahvi\u010dek s infuzemi - nebylo mo\u017en\u00e9 d\u00e1vat p\u0159\u00edmo do spaloven, proto\u017ee by se p\u0159i m\u00edch\u00e1n\u00ed a p\u0159eprav\u011b v peci zamotaly. Aby se zabr\u00e1nilo zamot\u00e1n\u00ed, bylo nutn\u00e9 drcen\u00ed, zat\u00edmco jemn\u011bj\u0161\u00ed drcen\u00e9 materi\u00e1ly umo\u017enily dokonalej\u0161\u00ed spalov\u00e1n\u00ed a zkr\u00e1tily dobu spalov\u00e1n\u00ed.<\/p><p><img fetchpriority=\"high\" decoding=\"async\" class=\"aligncenter wp-image-2040\" src=\"https:\/\/www.gigapa.com\/wp-content\/uploads\/2025\/06\/\u56fe\u72473.png\" alt=\"\" width=\"800\" height=\"503\" srcset=\"https:\/\/www.gigapa.com\/wp-content\/uploads\/2025\/06\/\u56fe\u72473.png 1080w, https:\/\/www.gigapa.com\/wp-content\/uploads\/2025\/06\/\u56fe\u72473-300x189.png 300w, https:\/\/www.gigapa.com\/wp-content\/uploads\/2025\/06\/\u56fe\u72473-1024x644.png 1024w, https:\/\/www.gigapa.com\/wp-content\/uploads\/2025\/06\/\u56fe\u72473-768x483.png 768w, https:\/\/www.gigapa.com\/wp-content\/uploads\/2025\/06\/\u56fe\u72473-18x12.png 18w, https:\/\/www.gigapa.com\/wp-content\/uploads\/2025\/06\/\u56fe\u72473-600x377.png 600w\" sizes=\"(max-width: 800px) 100vw, 800px\" \/><\/p><h2><strong><b>Po\u017eadavky z\u00e1kazn\u00edka:<\/b><\/strong><\/h2><p>Drt\u00ed materi\u00e1ly na men\u0161\u00ed kousky vhodn\u00e9 pro spalov\u00e1n\u00ed s vysokou \u00fa\u010dinnost\u00ed.<br \/>Zvl\u00e1\u0161tn\u00ed pozornost je t\u0159eba v\u011bnovat odd\u011blen\u00e9mu sb\u011bru kapalin ur\u010den\u00fdch k dezinfekci.<br \/>\u010cepele mus\u00ed b\u00fdt odoln\u00e9 proti opot\u0159eben\u00ed a zamot\u00e1n\u00ed a mus\u00ed m\u00edt vynikaj\u00edc\u00ed stabilitu.<br \/>B\u011bhem pandemie, kdy jsou opravy obt\u00ed\u017en\u00e9 a \u010das je kritick\u00fd, mus\u00ed b\u00fdt kvalita vybaven\u00ed naprosto spolehliv\u00e1!<\/p><h2><strong><b>\u0158e\u0161en\u00ed:<\/b><\/strong><\/h2><p>Na z\u00e1klad\u011b denn\u00edho objemu zpracov\u00e1n\u00ed a po\u017eadavk\u016f z\u00e1kazn\u00edka na v\u00fdkon a celkovou kvalitu no\u017ee jsme doporu\u010dili nejvhodn\u011bj\u0161\u00ed \u0159e\u0161en\u00ed. <a href=\"https:\/\/www.gigapa.com\/cs\/produkt\/jednohridelovy-drtic-3\/\">Jednoh\u0159\u00eddelov\u00fd drti\u010d GSS-F<\/a>.<br \/>Toto za\u0159\u00edzen\u00ed je vybaveno:<\/p><ul><li>S\u00edto, kter\u00e9 p\u0159\u00edmo drt\u00ed materi\u00e1ly na po\u017eadovanou velikost.<\/li><li>Vynikaj\u00edc\u00ed stabilita s provozem bez zamot\u00e1n\u00ed<\/li><li>Pohybliv\u00e9 no\u017ee s vysokou tvrdost\u00ed, odolnost\u00ed proti opot\u0159eben\u00ed a mo\u017enost\u00ed v\u00fdm\u011bny pod r\u016fzn\u00fdmi \u00fahly<\/li><li>Nastaviteln\u00e9 a uzamykateln\u00e9 pevn\u00e9 \u010depele, kter\u00e9 \u00fa\u010dinn\u011b zabra\u0148uj\u00ed kolizi \u010depel\u00ed<\/li><li>Vyhrazen\u00e9 kan\u00e1ly pro kapaliny a ne\u010distoty, kter\u00e9 chr\u00e1n\u00ed hydraulick\u00fd syst\u00e9m p\u0159ed ru\u0161iv\u00fdmi vlivy a z\u00e1rove\u0148 umo\u017e\u0148uj\u00ed odd\u011blen\u00fd sb\u011br.<\/li><\/ul><p><div style=\"width: 1620px;\" class=\"wp-video\"><!--[if lt IE 9]><script>document.createElement('video');<\/script><![endif]-->\n<video class=\"wp-video-shortcode\" id=\"video-2046-1\" width=\"1620\" height=\"1080\" preload=\"metadata\" controls=\"controls\"><source type=\"video\/mp4\" src=\"https:\/\/www.gigapa.com\/wp-content\/uploads\/2025\/06\/\u533b\u7597\u5783\u573e\u7834\u788e.mp4?_=1\" \/><a href=\"https:\/\/www.gigapa.com\/wp-content\/uploads\/2025\/06\/\u533b\u7597\u5783\u573e\u7834\u788e.mp4\">https:\/\/www.gigapa.com\/wp-content\/uploads\/2025\/06\/\u533b\u7597\u5783\u573e\u7834\u788e.mp4<\/a><\/video><\/div><\/p><p><img decoding=\"async\" class=\"aligncenter wp-image-1881\" src=\"https:\/\/www.gigapa.com\/wp-content\/uploads\/2025\/05\/BAI\u5355\u8f74\u6495\u788e\u673a-1024x1024.png\" alt=\"jednoh\u0159\u00eddelov\u00fd drti\u010d\" width=\"800\" height=\"800\" srcset=\"\" sizes=\"(max-width: 800px) 100vw, 800px\" data-srcset=\"\" \/><\/p><p><img decoding=\"async\" class=\"aligncenter wp-image-990\" src=\"https:\/\/www.gigapa.com\/wp-content\/uploads\/2025\/05\/\u533b\u7597\u5783\u573e5.jpg\" alt=\"Dvouh\u0159\u00eddelov\u00e9 skartova\u010de\" width=\"800\" height=\"502\" srcset=\"https:\/\/www.gigapa.com\/wp-content\/uploads\/2025\/05\/\u533b\u7597\u5783\u573e5.jpg 1034w, https:\/\/www.gigapa.com\/wp-content\/uploads\/2025\/05\/\u533b\u7597\u5783\u573e5-300x188.jpg 300w, https:\/\/www.gigapa.com\/wp-content\/uploads\/2025\/05\/\u533b\u7597\u5783\u573e5-1024x643.jpg 1024w, https:\/\/www.gigapa.com\/wp-content\/uploads\/2025\/05\/\u533b\u7597\u5783\u573e5-768x482.jpg 768w, https:\/\/www.gigapa.com\/wp-content\/uploads\/2025\/05\/\u533b\u7597\u5783\u573e5-600x377.jpg 600w\" sizes=\"(max-width: 800px) 100vw, 800px\" \/><\/p><p>Spole\u010dnost GIGAPA se zav\u00e1zala, \u017ee na prvn\u00edm m\u00edst\u011b budou z\u00e1kazn\u00edci.Na\u0161e slu\u017eby a \u0159e\u0161en\u00ed jsou zalo\u017eeny na uspokojov\u00e1n\u00ed pot\u0159eb klient\u016f a z\u00e1rove\u0148 na \u0159e\u0161en\u00ed soci\u00e1ln\u00edch ot\u00e1zek, \u010d\u00edm\u017e p\u0159isp\u00edv\u00e1me ke spole\u010dnosti.D\u016fkladn\u00fdm pochopen\u00edm bolestiv\u00fdch m\u00edst a probl\u00e9m\u016f na\u0161ich klient\u016f poskytujeme c\u00edlen\u00e1 \u0159e\u0161en\u00ed, kter\u00e1 jim pom\u00e1haj\u00ed p\u0159ekonat probl\u00e9my.B\u011bhem realizace projektu udr\u017eujeme neust\u00e1lou komunikaci s klienty, budujeme vz\u00e1jemnou d\u016fv\u011bru a dosahujeme \u00fasp\u011b\u0161n\u00e9 spolupr\u00e1ce.Spole\u010dn\u011b vyu\u017e\u00edv\u00e1me s\u00edlu spole\u010dnosti GIGAPA k tomu, abychom stanovili m\u011b\u0159\u00edtka v oboru!<\/p>\t\t\t\t\t\t\t\t<\/div>\n\t\t\t\t<\/div>\n\t\t\t\t\t<\/div>\n\t\t\t\t<\/div>\n\t\t<div class=\"elementor-element elementor-element-68c5c98 e-flex e-con-boxed e-con e-parent\" data-id=\"68c5c98\" data-element_type=\"container\" data-e-type=\"container\">\n\t\t\t\t\t<div class=\"e-con-inner\">\n\t\t\t\t<div class=\"elementor-element elementor-element-233cdc4 elementor-widget elementor-widget-wpforms\" data-id=\"233cdc4\" data-element_type=\"widget\" data-e-type=\"widget\" data-widget_type=\"wpforms.default\">\n\t\t\t\t<div class=\"elementor-widget-container\">\n\t\t\t\t\t<style id=\"wpforms-css-vars-elementor-widget-233cdc4\">\n\t\t\t\t.elementor-widget-wpforms.elementor-element-233cdc4 {\n\t\t\t\t--wpforms-field-size-input-height: 43px;\n--wpforms-field-size-input-spacing: 15px;\n--wpforms-field-size-font-size: 16px;\n--wpforms-field-size-line-height: 19px;\n--wpforms-field-size-padding-h: 14px;\n--wpforms-field-size-checkbox-size: 16px;\n--wpforms-field-size-sublabel-spacing: 5px;\n--wpforms-field-size-icon-size: 1;\n--wpforms-label-size-font-size: 16px;\n--wpforms-label-size-line-height: 19px;\n--wpforms-label-size-sublabel-font-size: 14px;\n--wpforms-label-size-sublabel-line-height: 17px;\n--wpforms-button-size-font-size: 17px;\n--wpforms-button-size-height: 41px;\n--wpforms-button-size-padding-h: 15px;\n--wpforms-button-size-margin-top: 10px;\n\n\t\t\t}\n\t\t\t<\/style><div class=\"wpforms-container wpforms-container-full wpforms-render-modern\" id=\"wpforms-992\"><form id=\"wpforms-form-992\" class=\"wpforms-validate wpforms-form wpforms-ajax-form\" data-formid=\"992\" method=\"post\" enctype=\"multipart\/form-data\" action=\"\/cs\/wp-json\/wp\/v2\/pages\/2046\" data-token=\"9961e7faa026da46425181d1fadce9bc\" data-token-time=\"1779030788\" data-trp-original-action=\"\/cs\/wp-json\/wp\/v2\/pages\/2046\"><noscript class=\"wpforms-error-noscript\">Chcete-li vyplnit tento formul\u00e1\u0159, pros\u00edm povolte v prohl\u00ed\u017ee\u010di JavaScript.<\/noscript><div class=\"wpforms-hidden\" id=\"wpforms-error-noscript\">Chcete-li vyplnit tento formul\u00e1\u0159, pros\u00edm povolte v prohl\u00ed\u017ee\u010di JavaScript.<\/div><div class=\"wpforms-field-container\"><div id=\"wpforms-992-field_6-container\" class=\"wpforms-field wpforms-field-text\" data-field-id=\"6\"><label class=\"wpforms-field-label\" for=\"wpforms-992-field_6\">N\u00e1zev<\/label><input type=\"text\" id=\"wpforms-992-field_6\" class=\"wpforms-field-large\" name=\"wpforms[fields][6]\" aria-errormessage=\"wpforms-992-field_6-error\" ><\/div><div id=\"wpforms-992-field_4-container\" class=\"wpforms-field wpforms-field-email\" data-field-id=\"4\"><label class=\"wpforms-field-label\" for=\"wpforms-992-field_4\">E-mail <span class=\"wpforms-required-label\" aria-hidden=\"true\">*<\/span><\/label><input type=\"email\" id=\"wpforms-992-field_4\" class=\"wpforms-field-large wpforms-field-required\" name=\"wpforms[fields][4]\" spellcheck=\"false\" aria-errormessage=\"wpforms-992-field_4-error\" required><\/div><div id=\"wpforms-992-field_2-container\" class=\"wpforms-field wpforms-field-text\" data-field-id=\"2\"><label class=\"wpforms-field-label\" for=\"wpforms-992-field_2\">Telefon <span class=\"wpforms-required-label\" aria-hidden=\"true\">*<\/span><\/label><input type=\"text\" id=\"wpforms-992-field_2\" class=\"wpforms-field-large wpforms-field-required\" name=\"wpforms[fields][2]\" aria-errormessage=\"wpforms-992-field_2-error\" required><\/div><div id=\"wpforms-992-field_5-container\" class=\"wpforms-field wpforms-field-textarea\" data-field-id=\"5\"><label class=\"wpforms-field-label\" for=\"wpforms-992-field_5\">Zpr\u00e1va <span class=\"wpforms-required-label\" aria-hidden=\"true\">*<\/span><\/label><textarea id=\"wpforms-992-field_5\" class=\"wpforms-field-medium wpforms-field-required\" name=\"wpforms[fields][5]\" aria-errormessage=\"wpforms-992-field_5-error\" required><\/textarea><\/div><div id=\"wpforms-992-field_10-container\" class=\"wpforms-field wpforms-field-text hide-page-url\" data-field-id=\"10\"><label class=\"wpforms-field-label\" for=\"wpforms-992-field_10\">Str\u00e1nka pro odes\u00edl\u00e1n\u00ed p\u0159\u00edsp\u011bvk\u016f<\/label><input type=\"text\" id=\"wpforms-992-field_10\" class=\"wpforms-field-large\" name=\"wpforms[fields][10]\" value=\"https:\/\/www.gigapa.com\/cs\/wp-json\/wp\/v2\/pages\/2046\" aria-errormessage=\"wpforms-992-field_10-error\" ><\/div><div id=\"wpforms-992-field_11-container\" class=\"wpforms-field wpforms-field-text hidden-ip\" data-field-id=\"11\"><label class=\"wpforms-field-label\" for=\"wpforms-992-field_11\">IP z\u00e1kazn\u00edka<\/label><input type=\"text\" id=\"wpforms-992-field_11\" class=\"wpforms-field-large\" name=\"wpforms[fields][11]\" value=\"216.73.216.229\" aria-errormessage=\"wpforms-992-field_11-error\" ><\/div><\/div><!-- .wpforms-field-container --><div class=\"wpforms-recaptcha-container wpforms-is-recaptcha wpforms-is-recaptcha-type-invisible\" ><div class=\"g-recaptcha\" data-sitekey=\"6LdEtWsrAAAAAEmzxiBRi6AAl-KXXavWAmEJdn-a\" data-size=\"invisible\"><\/div><\/div><div class=\"wpforms-submit-container\" ><input type=\"hidden\" name=\"wpforms[id]\" value=\"992\"><input type=\"hidden\" name=\"page_title\" value=\"\"><input type=\"hidden\" name=\"page_url\" value=\"https:\/\/www.gigapa.com\/cs\/wp-json\/wp\/v2\/pages\/2046\"><button type=\"submit\" name=\"wpforms[submit]\" id=\"wpforms-submit-992\" class=\"wpforms-submit\" data-alt-text=\"Sending...\" data-submit-text=\"Get Free Quote\" aria-live=\"assertive\" value=\"wpforms-submit\">Z\u00edskejte bezplatnou nab\u00eddku<\/button><img loading=\"lazy\" decoding=\"async\" src=\"https:\/\/www.gigapa.com\/wp-content\/plugins\/wpforms\/assets\/images\/submit-spin.svg\" class=\"wpforms-submit-spinner\" style=\"display: none;\" width=\"26\" height=\"26\" alt=\"Na\u010d\u00edt\u00e1n\u00ed\"><\/div><input type=\"hidden\" name=\"trp-form-language\" value=\"cs\"\/><\/form><\/div>  <!-- .wpforms-container -->\t\t\t\t<\/div>\n\t\t\t\t<\/div>\n\t\t\t\t\t<\/div>\n\t\t\t\t<\/div>\n\t\t\t\t<\/div>","protected":false},"excerpt":{"rendered":"<p>\u3010Ni\u010ditelka l\u00e9ka\u0159sk\u00e9ho odpadu\u3011- Jednoh\u0159\u00eddelov\u00fd drti\u010d GSS-F N\u00e1zev projektu: Z\u00e1kazn\u00edk: Skartov\u00e1n\u00ed zdravotnick\u00e9ho odpadu v Haianu: Spole\u010dnost na ochranu \u017eivotn\u00edho prost\u0159ed\u00ed se s\u00eddlem v HaianuM\u00edsto: Haian, provincie Jiangsu [...]<\/p>","protected":false},"author":1,"featured_media":0,"parent":0,"menu_order":0,"comment_status":"closed","ping_status":"closed","template":"","meta":{"site-sidebar-layout":"no-sidebar","site-content-layout":"","ast-site-content-layout":"full-width-container","site-content-style":"default","site-sidebar-style":"default","ast-global-header-display":"","ast-banner-title-visibility":"","ast-main-header-display":"","ast-hfb-above-header-display":"","ast-hfb-below-header-display":"","ast-hfb-mobile-header-display":"","site-post-title":"disabled","ast-breadcrumbs-content":"","ast-featured-img":"disabled","footer-sml-layout":"","ast-disable-related-posts":"","theme-transparent-header-meta":"default","adv-header-id-meta":"","stick-header-meta":"","header-above-stick-meta":"","header-main-stick-meta":"","header-below-stick-meta":"","astra-migrate-meta-layouts":"set","ast-page-background-enabled":"default","ast-page-background-meta":{"desktop":{"background-color":"var(--ast-global-color-5)","background-image":"","background-repeat":"repeat","background-position":"center center","background-size":"auto","background-attachment":"scroll","background-type":"","background-media":"","overlay-type":"","overlay-color":"","overlay-opacity":"","overlay-gradient":""},"tablet":{"background-color":"","background-image":"","background-repeat":"repeat","background-position":"center center","background-size":"auto","background-attachment":"scroll","background-type":"","background-media":"","overlay-type":"","overlay-color":"","overlay-opacity":"","overlay-gradient":""},"mobile":{"background-color":"","background-image":"","background-repeat":"repeat","background-position":"center center","background-size":"auto","background-attachment":"scroll","background-type":"","background-media":"","overlay-type":"","overlay-color":"","overlay-opacity":"","overlay-gradient":""}},"ast-content-background-meta":{"desktop":{"background-color":"var(--ast-global-color-4)","background-image":"","background-repeat":"repeat","background-position":"center center","background-size":"auto","background-attachment":"scroll","background-type":"","background-media":"","overlay-type":"","overlay-color":"","overlay-opacity":"","overlay-gradient":""},"tablet":{"background-color":"var(--ast-global-color-4)","background-image":"","background-repeat":"repeat","background-position":"center center","background-size":"auto","background-attachment":"scroll","background-type":"","background-media":"","overlay-type":"","overlay-color":"","overlay-opacity":"","overlay-gradient":""},"mobile":{"background-color":"var(--ast-global-color-4)","background-image":"","background-repeat":"repeat","background-position":"center center","background-size":"auto","background-attachment":"scroll","background-type":"","background-media":"","overlay-type":"","overlay-color":"","overlay-opacity":"","overlay-gradient":""}},"footnotes":""},"class_list":["post-2046","page","type-page","status-publish","hentry"],"_hostinger_reach_plugin_has_subscription_block":false,"_hostinger_reach_plugin_is_elementor":false,"_links":{"self":[{"href":"https:\/\/www.gigapa.com\/cs\/wp-json\/wp\/v2\/pages\/2046","targetHints":{"allow":["GET"]}}],"collection":[{"href":"https:\/\/www.gigapa.com\/cs\/wp-json\/wp\/v2\/pages"}],"about":[{"href":"https:\/\/www.gigapa.com\/cs\/wp-json\/wp\/v2\/types\/page"}],"author":[{"embeddable":true,"href":"https:\/\/www.gigapa.com\/cs\/wp-json\/wp\/v2\/users\/1"}],"replies":[{"embeddable":true,"href":"https:\/\/www.gigapa.com\/cs\/wp-json\/wp\/v2\/comments?post=2046"}],"version-history":[{"count":17,"href":"https:\/\/www.gigapa.com\/cs\/wp-json\/wp\/v2\/pages\/2046\/revisions"}],"predecessor-version":[{"id":2240,"href":"https:\/\/www.gigapa.com\/cs\/wp-json\/wp\/v2\/pages\/2046\/revisions\/2240"}],"wp:attachment":[{"href":"https:\/\/www.gigapa.com\/cs\/wp-json\/wp\/v2\/media?parent=2046"}],"curies":[{"name":"wp","href":"https:\/\/api.w.org\/{rel}","templated":true}]}}