{"id":2055,"date":"2025-06-17T15:40:26","date_gmt":"2025-06-17T07:40:26","guid":{"rendered":"https:\/\/www.gigapa.com\/?page_id=2055"},"modified":"2025-06-25T09:35:40","modified_gmt":"2025-06-25T01:35:40","slug":"gfb-h-metal-press-machine","status":"publish","type":"page","link":"https:\/\/www.gigapa.com\/cs\/gfb-h-metal-press-machine\/","title":{"rendered":"\u3010Briketov\u00e1n\u00ed na jedno kliknut\u00ed, prom\u011bna \u0161rotu ve zlato\u3011- Lis na kovy GFB-H"},"content":{"rendered":"<div data-elementor-type=\"wp-page\" data-elementor-id=\"2055\" class=\"elementor elementor-2055\" data-elementor-post-type=\"page\">\n\t\t\t\t<div class=\"elementor-element elementor-element-b48e396 e-flex e-con-boxed e-con e-parent\" data-id=\"b48e396\" data-element_type=\"container\" data-e-type=\"container\">\n\t\t\t\t\t<div class=\"e-con-inner\">\n\t\t\t\t<div class=\"elementor-element elementor-element-1ca5b55 elementor-widget elementor-widget-heading\" data-id=\"1ca5b55\" data-element_type=\"widget\" data-e-type=\"widget\" data-widget_type=\"heading.default\">\n\t\t\t\t<div class=\"elementor-widget-container\">\n\t\t\t\t\t<h1 class=\"elementor-heading-title elementor-size-default\">\u3010Briketov\u00e1n\u00ed na jedno kliknut\u00ed, prom\u011bna \u0161rotu ve zlato\u3011-- Lis na kovy GFB-H<\/h1>\t\t\t\t<\/div>\n\t\t\t\t<\/div>\n\t\t\t\t<div class=\"elementor-element elementor-element-c172df1 elementor-widget elementor-widget-woocommerce-breadcrumb\" data-id=\"c172df1\" data-element_type=\"widget\" data-e-type=\"widget\" data-widget_type=\"woocommerce-breadcrumb.default\">\n\t\t\t\t<div class=\"elementor-widget-container\">\n\t\t\t\t\t<nav class=\"woocommerce-breadcrumb\" aria-label=\"Breadcrumb\" data-no-translation=\"\" data-trp-gettext=\"\">Dom\u016f<\/nav>\t\t\t\t<\/div>\n\t\t\t\t<\/div>\n\t\t\t\t<div class=\"elementor-element elementor-element-a6f74a9 elementor-widget elementor-widget-text-editor\" data-id=\"a6f74a9\" data-element_type=\"widget\" data-e-type=\"widget\" data-widget_type=\"text-editor.default\">\n\t\t\t\t<div class=\"elementor-widget-container\">\n\t\t\t\t\t\t\t\t\t<p><strong><b>N\u00e1zev projektu<\/b><\/strong>: Projekt zpracov\u00e1n\u00ed \u017eelezn\u00e9ho \u0161rotu v Taizhou<br \/><strong><b>Klient<\/b><\/strong>: Spole\u010dnost Taizhou Metal Recycling Company<br \/><strong><b>Um\u00edst\u011bn\u00ed:\u00a0<\/b><\/strong>Taizhou, provincie Jiangsu<\/p><h2><strong><b>Pozad\u00ed projektu:<\/b><\/strong><\/h2><p>Spole\u010dnost se specializuje na obnoviteln\u00e9 zdroje. Briketov\u00e1n\u00edm \u017eelezn\u00e9ho \u0161rotu se sna\u017e\u00ed zv\u00fd\u0161it hodnotu materi\u00e1lu na jednotku. Sn\u00ed\u017eit skladovac\u00ed prostor. U\u0161et\u0159it n\u00e1klady na p\u0159epravu. Zpracovan\u00fd \u017eelezn\u00fd \u0161rot a \u017eelezn\u00e9 hobliny se lisuj\u00ed do briket a prod\u00e1vaj\u00ed ocel\u00e1rn\u00e1m k recyklaci. Velk\u00e9 objemy vy\u017eaduj\u00ed centralizovan\u00e9 zpracov\u00e1n\u00ed. Po\u017eadavky z\u00e1kazn\u00edk\u016f: Vysoce \u00fa\u010dinn\u00fd briketovac\u00ed stroj s velkou kapacitou Hust\u00e9 fin\u00e1ln\u00ed produkty, kter\u00e9 se nerozpadnou p\u0159i p\u00e1du ze 4 metr\u016f.<\/p><h2><strong><b>\u0158e\u0161en\u00ed:<\/b><\/strong><\/h2><p>Na z\u00e1klad\u011b ka\u017edodenn\u00edch pot\u0159eb zpracov\u00e1n\u00ed a kl\u00ed\u010dov\u00fdch po\u017eadavk\u016f jsme vybrali <a href=\"https:\/\/www.gigapa.com\/cs\/produkt\/briketovaci-lis\/\">Briketovac\u00ed stroj GFB-H<\/a> s hydraulick\u00fdm pod\u00e1v\u00e1n\u00edm. Hydraulick\u00e9 pod\u00e1v\u00e1n\u00ed zaji\u0161\u0165uje p\u0159edb\u011b\u017en\u00e9 zhutn\u011bn\u00ed. Hlavn\u00ed v\u00e1lec zaji\u0161\u0165uje, aby hustota briket odpov\u00eddala specifikac\u00edm. Tento zp\u016fsob pod\u00e1v\u00e1n\u00ed zlep\u0161uje \u00fa\u010dinnost, zvy\u0161uje v\u00fdkon a sni\u017euje n\u00e1klady na zpracov\u00e1n\u00ed.<\/p><p><div class=\"ast-oembed-container\" style=\"height: 100%;\"><iframe title=\"T\u011b\u017ek\u00fd horizont\u00e1ln\u00ed briketovac\u00ed stroj | Pr\u016fmyslov\u00fd kovov\u00fd kompaktor\" width=\"500\" height=\"375\" src=\"https:\/\/www.youtube.com\/embed\/KTYaIJnoSMo?feature=oembed\" frameborder=\"0\" allow=\"accelerometer; autoplay; clipboard-write; encrypted-media; gyroscope; picture-in-picture; web-share\" referrerpolicy=\"strict-origin-when-cross-origin\" allowfullscreen><\/iframe><\/div><\/p><p><img fetchpriority=\"high\" decoding=\"async\" class=\"aligncenter wp-image-749\" src=\"https:\/\/www.gigapa.com\/wp-content\/uploads\/2025\/04\/BAI\u538b\u997c\u673a.pngxiugai.png\" alt=\"Briketovac\u00ed lis\" width=\"1000\" height=\"1016\" srcset=\"https:\/\/www.gigapa.com\/wp-content\/uploads\/2025\/04\/BAI\u538b\u997c\u673a.pngxiugai.png 1468w, https:\/\/www.gigapa.com\/wp-content\/uploads\/2025\/04\/BAI\u538b\u997c\u673a.pngxiugai-600x610.png 600w, https:\/\/www.gigapa.com\/wp-content\/uploads\/2025\/04\/BAI\u538b\u997c\u673a.pngxiugai-295x300.png 295w, https:\/\/www.gigapa.com\/wp-content\/uploads\/2025\/04\/BAI\u538b\u997c\u673a.pngxiugai-1008x1024.png 1008w, https:\/\/www.gigapa.com\/wp-content\/uploads\/2025\/04\/BAI\u538b\u997c\u673a.pngxiugai-768x781.png 768w\" sizes=\"(max-width: 1000px) 100vw, 1000px\" \/><\/p><p><img decoding=\"async\" class=\"wp-image-1047 size-full\" src=\"https:\/\/www.gigapa.com\/wp-content\/uploads\/2025\/05\/\u94c1\u5228\u82b1\u538b\u997c\u6253\u5305.jpg\" alt=\"Lis na \u017eelezn\u00e9 hobliny na balen\u00ed kol\u00e1\u010d\u016f\" width=\"1034\" height=\"649\" srcset=\"https:\/\/www.gigapa.com\/wp-content\/uploads\/2025\/05\/\u94c1\u5228\u82b1\u538b\u997c\u6253\u5305.jpg 1034w, https:\/\/www.gigapa.com\/wp-content\/uploads\/2025\/05\/\u94c1\u5228\u82b1\u538b\u997c\u6253\u5305-300x188.jpg 300w, https:\/\/www.gigapa.com\/wp-content\/uploads\/2025\/05\/\u94c1\u5228\u82b1\u538b\u997c\u6253\u5305-1024x643.jpg 1024w, https:\/\/www.gigapa.com\/wp-content\/uploads\/2025\/05\/\u94c1\u5228\u82b1\u538b\u997c\u6253\u5305-768x482.jpg 768w, https:\/\/www.gigapa.com\/wp-content\/uploads\/2025\/05\/\u94c1\u5228\u82b1\u538b\u997c\u6253\u5305-600x377.jpg 600w\" sizes=\"(max-width: 1034px) 100vw, 1034px\" \/><\/p><p>Spole\u010dnost GIGAPA se zav\u00e1zala, \u017ee z\u00e1kazn\u00edci jsou pro ni na prvn\u00edm m\u00edst\u011b. Na\u0161e slu\u017eby a \u0159e\u0161en\u00ed jsou zalo\u017eeny na uspokojov\u00e1n\u00ed pot\u0159eb klient\u016f a z\u00e1rove\u0148 na \u0159e\u0161en\u00ed soci\u00e1ln\u00edch ot\u00e1zek, \u010d\u00edm\u017e p\u0159isp\u00edv\u00e1me ke spole\u010dnosti. D\u00edky d\u016fkladn\u00e9mu porozum\u011bn\u00ed bolestiv\u00fdm m\u00edst\u016fm a probl\u00e9m\u016fm na\u0161ich klient\u016f poskytujeme c\u00edlen\u00e1 \u0159e\u0161en\u00ed, kter\u00e1 jim pom\u00e1haj\u00ed p\u0159ekonat probl\u00e9my. Po celou dobu realizace projektu udr\u017eujeme s klienty st\u00e1lou komunikaci, budujeme vz\u00e1jemnou d\u016fv\u011bru a dosahujeme \u00fasp\u011b\u0161n\u00e9 spolupr\u00e1ce. Spole\u010dn\u011b vyu\u017e\u00edv\u00e1me s\u00edlu spole\u010dnosti GIGAPA a stanovujeme m\u011b\u0159\u00edtka v oboru!<\/p>\t\t\t\t\t\t\t\t<\/div>\n\t\t\t\t<\/div>\n\t\t\t\t\t<\/div>\n\t\t\t\t<\/div>\n\t\t<div class=\"elementor-element elementor-element-91896e7 e-flex e-con-boxed e-con e-parent\" data-id=\"91896e7\" data-element_type=\"container\" data-e-type=\"container\">\n\t\t\t\t\t<div class=\"e-con-inner\">\n\t\t\t\t<div class=\"elementor-element elementor-element-1e171e8 elementor-widget elementor-widget-wpforms\" data-id=\"1e171e8\" data-element_type=\"widget\" data-e-type=\"widget\" data-widget_type=\"wpforms.default\">\n\t\t\t\t<div class=\"elementor-widget-container\">\n\t\t\t\t\t<style id=\"wpforms-css-vars-elementor-widget-1e171e8\">\n\t\t\t\t.elementor-widget-wpforms.elementor-element-1e171e8 {\n\t\t\t\t--wpforms-field-size-input-height: 43px;\n--wpforms-field-size-input-spacing: 15px;\n--wpforms-field-size-font-size: 16px;\n--wpforms-field-size-line-height: 19px;\n--wpforms-field-size-padding-h: 14px;\n--wpforms-field-size-checkbox-size: 16px;\n--wpforms-field-size-sublabel-spacing: 5px;\n--wpforms-field-size-icon-size: 1;\n--wpforms-label-size-font-size: 16px;\n--wpforms-label-size-line-height: 19px;\n--wpforms-label-size-sublabel-font-size: 14px;\n--wpforms-label-size-sublabel-line-height: 17px;\n--wpforms-button-size-font-size: 17px;\n--wpforms-button-size-height: 41px;\n--wpforms-button-size-padding-h: 15px;\n--wpforms-button-size-margin-top: 10px;\n\n\t\t\t}\n\t\t\t<\/style><div class=\"wpforms-container wpforms-container-full wpforms-render-modern\" id=\"wpforms-992\"><form id=\"wpforms-form-992\" class=\"wpforms-validate wpforms-form wpforms-ajax-form\" data-formid=\"992\" method=\"post\" enctype=\"multipart\/form-data\" action=\"\/cs\/wp-json\/wp\/v2\/pages\/2055\" data-token=\"897498a756250995362c809614f2a6e1\" data-token-time=\"1778705840\" data-trp-original-action=\"\/cs\/wp-json\/wp\/v2\/pages\/2055\"><noscript class=\"wpforms-error-noscript\">Chcete-li vyplnit tento formul\u00e1\u0159, pros\u00edm povolte v prohl\u00ed\u017ee\u010di JavaScript.<\/noscript><div class=\"wpforms-hidden\" id=\"wpforms-error-noscript\">Chcete-li vyplnit tento formul\u00e1\u0159, pros\u00edm povolte v prohl\u00ed\u017ee\u010di JavaScript.<\/div><div class=\"wpforms-field-container\"><div id=\"wpforms-992-field_6-container\" class=\"wpforms-field wpforms-field-text\" data-field-id=\"6\"><label class=\"wpforms-field-label\" for=\"wpforms-992-field_6\">N\u00e1zev<\/label><input type=\"text\" id=\"wpforms-992-field_6\" class=\"wpforms-field-large\" name=\"wpforms[fields][6]\" aria-errormessage=\"wpforms-992-field_6-error\" ><\/div><div id=\"wpforms-992-field_4-container\" class=\"wpforms-field wpforms-field-email\" data-field-id=\"4\"><label class=\"wpforms-field-label\" for=\"wpforms-992-field_4\">E-mail <span class=\"wpforms-required-label\" aria-hidden=\"true\">*<\/span><\/label><input type=\"email\" id=\"wpforms-992-field_4\" class=\"wpforms-field-large wpforms-field-required\" name=\"wpforms[fields][4]\" spellcheck=\"false\" aria-errormessage=\"wpforms-992-field_4-error\" required><\/div><div id=\"wpforms-992-field_2-container\" class=\"wpforms-field wpforms-field-text\" data-field-id=\"2\"><label class=\"wpforms-field-label\" for=\"wpforms-992-field_2\">Telefon <span class=\"wpforms-required-label\" aria-hidden=\"true\">*<\/span><\/label><input type=\"text\" id=\"wpforms-992-field_2\" class=\"wpforms-field-large wpforms-field-required\" name=\"wpforms[fields][2]\" aria-errormessage=\"wpforms-992-field_2-error\" required><\/div><div id=\"wpforms-992-field_5-container\" class=\"wpforms-field wpforms-field-textarea\" data-field-id=\"5\"><label class=\"wpforms-field-label\" for=\"wpforms-992-field_5\">Zpr\u00e1va <span class=\"wpforms-required-label\" aria-hidden=\"true\">*<\/span><\/label><textarea id=\"wpforms-992-field_5\" class=\"wpforms-field-medium wpforms-field-required\" name=\"wpforms[fields][5]\" aria-errormessage=\"wpforms-992-field_5-error\" required><\/textarea><\/div><div id=\"wpforms-992-field_10-container\" class=\"wpforms-field wpforms-field-text hide-page-url\" data-field-id=\"10\"><label class=\"wpforms-field-label\" for=\"wpforms-992-field_10\">Str\u00e1nka pro odes\u00edl\u00e1n\u00ed p\u0159\u00edsp\u011bvk\u016f<\/label><input type=\"text\" id=\"wpforms-992-field_10\" class=\"wpforms-field-large\" name=\"wpforms[fields][10]\" value=\"https:\/\/www.gigapa.com\/cs\/wp-json\/wp\/v2\/pages\/2055\" aria-errormessage=\"wpforms-992-field_10-error\" ><\/div><div id=\"wpforms-992-field_11-container\" class=\"wpforms-field wpforms-field-text hidden-ip\" data-field-id=\"11\"><label class=\"wpforms-field-label\" for=\"wpforms-992-field_11\">IP z\u00e1kazn\u00edka<\/label><input type=\"text\" id=\"wpforms-992-field_11\" class=\"wpforms-field-large\" name=\"wpforms[fields][11]\" value=\"216.73.216.81\" aria-errormessage=\"wpforms-992-field_11-error\" ><\/div><\/div><!-- .wpforms-field-container --><div class=\"wpforms-recaptcha-container wpforms-is-recaptcha wpforms-is-recaptcha-type-invisible\" ><div class=\"g-recaptcha\" data-sitekey=\"6LdEtWsrAAAAAEmzxiBRi6AAl-KXXavWAmEJdn-a\" data-size=\"invisible\"><\/div><\/div><div class=\"wpforms-submit-container\" ><input type=\"hidden\" name=\"wpforms[id]\" value=\"992\"><input type=\"hidden\" name=\"page_title\" value=\"\"><input type=\"hidden\" name=\"page_url\" value=\"https:\/\/www.gigapa.com\/cs\/wp-json\/wp\/v2\/pages\/2055\"><button type=\"submit\" name=\"wpforms[submit]\" id=\"wpforms-submit-992\" class=\"wpforms-submit\" data-alt-text=\"Sending...\" data-submit-text=\"Get Free Quote\" aria-live=\"assertive\" value=\"wpforms-submit\">Z\u00edskejte bezplatnou nab\u00eddku<\/button><img decoding=\"async\" src=\"https:\/\/www.gigapa.com\/wp-content\/plugins\/wpforms\/assets\/images\/submit-spin.svg\" class=\"wpforms-submit-spinner\" style=\"display: none;\" width=\"26\" height=\"26\" alt=\"Na\u010d\u00edt\u00e1n\u00ed\"><\/div><input type=\"hidden\" name=\"trp-form-language\" value=\"cs\"\/><\/form><\/div>  <!-- .wpforms-container -->\t\t\t\t<\/div>\n\t\t\t\t<\/div>\n\t\t\t\t\t<\/div>\n\t\t\t\t<\/div>\n\t\t\t\t<\/div>","protected":false},"excerpt":{"rendered":"<p>\u3010Briketov\u00e1n\u00ed na jedno kliknut\u00ed, prom\u011bna \u0161rotu ve zlato\u3011- GFB-H Metal Press Machine N\u00e1zev projektu: Projekt zpracov\u00e1n\u00ed \u017eelezn\u00e9ho \u0161rotu v TaizhouZ\u00e1kazn\u00edk: A Taizhou Metal Recycling CompanyLocation: A Taizhou Metal Recycling CompanyLocation: A Taizhou Metal Recycling Company: Tchaj-\u010dou, [...]<\/p>","protected":false},"author":1,"featured_media":0,"parent":0,"menu_order":0,"comment_status":"closed","ping_status":"closed","template":"","meta":{"site-sidebar-layout":"no-sidebar","site-content-layout":"","ast-site-content-layout":"full-width-container","site-content-style":"default","site-sidebar-style":"default","ast-global-header-display":"","ast-banner-title-visibility":"","ast-main-header-display":"","ast-hfb-above-header-display":"","ast-hfb-below-header-display":"","ast-hfb-mobile-header-display":"","site-post-title":"disabled","ast-breadcrumbs-content":"","ast-featured-img":"disabled","footer-sml-layout":"","ast-disable-related-posts":"","theme-transparent-header-meta":"default","adv-header-id-meta":"","stick-header-meta":"","header-above-stick-meta":"","header-main-stick-meta":"","header-below-stick-meta":"","astra-migrate-meta-layouts":"set","ast-page-background-enabled":"default","ast-page-background-meta":{"desktop":{"background-color":"var(--ast-global-color-5)","background-image":"","background-repeat":"repeat","background-position":"center center","background-size":"auto","background-attachment":"scroll","background-type":"","background-media":"","overlay-type":"","overlay-color":"","overlay-opacity":"","overlay-gradient":""},"tablet":{"background-color":"","background-image":"","background-repeat":"repeat","background-position":"center center","background-size":"auto","background-attachment":"scroll","background-type":"","background-media":"","overlay-type":"","overlay-color":"","overlay-opacity":"","overlay-gradient":""},"mobile":{"background-color":"","background-image":"","background-repeat":"repeat","background-position":"center center","background-size":"auto","background-attachment":"scroll","background-type":"","background-media":"","overlay-type":"","overlay-color":"","overlay-opacity":"","overlay-gradient":""}},"ast-content-background-meta":{"desktop":{"background-color":"var(--ast-global-color-4)","background-image":"","background-repeat":"repeat","background-position":"center center","background-size":"auto","background-attachment":"scroll","background-type":"","background-media":"","overlay-type":"","overlay-color":"","overlay-opacity":"","overlay-gradient":""},"tablet":{"background-color":"var(--ast-global-color-4)","background-image":"","background-repeat":"repeat","background-position":"center center","background-size":"auto","background-attachment":"scroll","background-type":"","background-media":"","overlay-type":"","overlay-color":"","overlay-opacity":"","overlay-gradient":""},"mobile":{"background-color":"var(--ast-global-color-4)","background-image":"","background-repeat":"repeat","background-position":"center center","background-size":"auto","background-attachment":"scroll","background-type":"","background-media":"","overlay-type":"","overlay-color":"","overlay-opacity":"","overlay-gradient":""}},"footnotes":""},"class_list":["post-2055","page","type-page","status-publish","hentry"],"_hostinger_reach_plugin_has_subscription_block":false,"_hostinger_reach_plugin_is_elementor":false,"_links":{"self":[{"href":"https:\/\/www.gigapa.com\/cs\/wp-json\/wp\/v2\/pages\/2055","targetHints":{"allow":["GET"]}}],"collection":[{"href":"https:\/\/www.gigapa.com\/cs\/wp-json\/wp\/v2\/pages"}],"about":[{"href":"https:\/\/www.gigapa.com\/cs\/wp-json\/wp\/v2\/types\/page"}],"author":[{"embeddable":true,"href":"https:\/\/www.gigapa.com\/cs\/wp-json\/wp\/v2\/users\/1"}],"replies":[{"embeddable":true,"href":"https:\/\/www.gigapa.com\/cs\/wp-json\/wp\/v2\/comments?post=2055"}],"version-history":[{"count":10,"href":"https:\/\/www.gigapa.com\/cs\/wp-json\/wp\/v2\/pages\/2055\/revisions"}],"predecessor-version":[{"id":2250,"href":"https:\/\/www.gigapa.com\/cs\/wp-json\/wp\/v2\/pages\/2055\/revisions\/2250"}],"wp:attachment":[{"href":"https:\/\/www.gigapa.com\/cs\/wp-json\/wp\/v2\/media?parent=2055"}],"curies":[{"name":"wp","href":"https:\/\/api.w.org\/{rel}","templated":true}]}}