{"id":2066,"date":"2025-06-17T15:40:23","date_gmt":"2025-06-17T07:40:23","guid":{"rendered":"https:\/\/www.gigapa.com\/?page_id=2066"},"modified":"2025-06-25T09:44:50","modified_gmt":"2025-06-25T01:44:50","slug":"gbw-c-wood-shaving-machine","status":"publish","type":"page","link":"https:\/\/www.gigapa.com\/cs\/gbw-c-wood-shaving-machine\/","title":{"rendered":"\u3010Zv\u00fd\u0161en\u00ed zisku, dvojn\u00e1sobn\u00e1 \u00fa\u010dinnost\u3011- GBW-C stroj na holen\u00ed d\u0159eva"},"content":{"rendered":"<div data-elementor-type=\"wp-page\" data-elementor-id=\"2066\" class=\"elementor elementor-2066\" data-elementor-post-type=\"page\">\n\t\t\t\t<div class=\"elementor-element elementor-element-7fb157f e-flex e-con-boxed e-con e-parent\" data-id=\"7fb157f\" data-element_type=\"container\" data-e-type=\"container\">\n\t\t\t\t\t<div class=\"e-con-inner\">\n\t\t\t\t<div class=\"elementor-element elementor-element-fbb8596 elementor-widget elementor-widget-heading\" data-id=\"fbb8596\" data-element_type=\"widget\" data-e-type=\"widget\" data-widget_type=\"heading.default\">\n\t\t\t\t<div class=\"elementor-widget-container\">\n\t\t\t\t\t<h1 class=\"elementor-heading-title elementor-size-default\">\u3010Zv\u00fd\u0161en\u00ed zisk\u016f, dvojn\u00e1sobn\u00e1 \u00fa\u010dinnost\u3011-- GBW-C stroj na holen\u00ed d\u0159eva<\/h1>\t\t\t\t<\/div>\n\t\t\t\t<\/div>\n\t\t\t\t<div class=\"elementor-element elementor-element-a505098 elementor-widget elementor-widget-woocommerce-breadcrumb\" data-id=\"a505098\" data-element_type=\"widget\" data-e-type=\"widget\" data-widget_type=\"woocommerce-breadcrumb.default\">\n\t\t\t\t<div class=\"elementor-widget-container\">\n\t\t\t\t\t<nav class=\"woocommerce-breadcrumb\" aria-label=\"Breadcrumb\" data-no-translation=\"\" data-trp-gettext=\"\">Dom\u016f<\/nav>\t\t\t\t<\/div>\n\t\t\t\t<\/div>\n\t\t\t\t<div class=\"elementor-element elementor-element-a71d8a9 elementor-widget elementor-widget-text-editor\" data-id=\"a71d8a9\" data-element_type=\"widget\" data-e-type=\"widget\" data-widget_type=\"text-editor.default\">\n\t\t\t\t<div class=\"elementor-widget-container\">\n\t\t\t\t\t\t\t\t\t<p><strong><b>N\u00e1zev projektu:<\/b><\/strong>\u00a0Projekt v\u00fdrobn\u00ed linky na holen\u00ed d\u0159eva Dongguan<br \/><strong><b>Klient:<\/b><\/strong>\u00a0Spole\u010dnost Dongguan se s\u00eddlem v Dongguanu, kter\u00e1 vyr\u00e1b\u00ed d\u0159ev\u011bn\u00e9 hol\u00edc\u00ed l\u016f\u017ekoviny<br \/><strong><b>Um\u00edst\u011bn\u00ed:<\/b><\/strong>\u00a0Dongguan<\/p><h2><strong><b>Pozad\u00ed projektu:<\/b><\/strong><\/h2><p>Klient je profesion\u00e1ln\u00ed v\u00fdrobce hoblin, kter\u00fd dod\u00e1v\u00e1 hobliny p\u0159edev\u0161\u00edm do jezdeck\u00fdch center a na ko\u0148sk\u00e9 farmy. Jejich st\u00e1vaj\u00edc\u00ed kapacita za\u0159\u00edzen\u00ed ji\u017e nedok\u00e1zala pokr\u00fdt popt\u00e1vku a vy\u017eadovala stroje s vy\u0161\u0161\u00edm v\u00fdkonem.<\/p><h2><strong><b>Po\u017eadavky z\u00e1kazn\u00edka:<\/b><\/strong><\/h2><p>V\u00fdrobn\u00ed kapacita dosahuje T\/h, d\u00e9lka hoblin \u2265 5 cm, p\u0159esn\u011bj\u0161\u00ed hmotnost bal\u00edk\u016f a regulovateln\u00e1 hustota bal\u00edk\u016f.<\/p><h2><strong><b>\u0158e\u0161en\u00ed:<\/b><\/strong><\/h2><p>Na z\u00e1klad\u011b ka\u017edodenn\u00edch pot\u0159eb zpracov\u00e1n\u00ed a kl\u00ed\u010dov\u00fdch po\u017eadavk\u016f jsme nov\u011b navrhli \u0161estih\u0159\u00eddelov\u00fd syst\u00e9m. <a href=\"https:\/\/www.gigapa.com\/cs\/produkt\/stepkovace-dreva\/\">Holic\u00ed strojky \u0159ady GBW-C<\/a> s roz\u0161\u00ed\u0159en\u00fdmi funkcemi: Stabiln\u00ed provoz s vysok\u00fdm v\u00fdkonem a upraven\u00fdm syst\u00e9mem v\u00e1\u017een\u00ed a pytlov\u00e1n\u00ed podle specifikac\u00ed z\u00e1kazn\u00edka. Kompletn\u00ed v\u00fdrobn\u00ed linka spl\u0148uje technick\u00e9 normy a provozn\u00ed po\u017eadavky a vytv\u00e1\u0159\u00ed pro z\u00e1kazn\u00edka ekonomickou hodnotu.<\/p><p><div class=\"ast-oembed-container\" style=\"height: 100%;\"><iframe title=\"Vysoce \u00fa\u010dinn\u00fd stroj na holen\u00ed d\u0159eva pro zv\u00ed\u0159ec\u00ed podest\u00fdlku #woodshavings\" width=\"500\" height=\"281\" src=\"https:\/\/www.youtube.com\/embed\/Cy-jHySpj0Y?feature=oembed\" frameborder=\"0\" allow=\"accelerometer; autoplay; clipboard-write; encrypted-media; gyroscope; picture-in-picture; web-share\" referrerpolicy=\"strict-origin-when-cross-origin\" allowfullscreen><\/iframe><\/div><\/p><p><img fetchpriority=\"high\" decoding=\"async\" class=\"wp-image-1955 size-full aligncenter\" src=\"https:\/\/www.gigapa.com\/wp-content\/uploads\/2025\/06\/\u5fae\u4fe1\u56fe\u7247_20250616091927.png\" alt=\"\" width=\"800\" height=\"800\" srcset=\"https:\/\/www.gigapa.com\/wp-content\/uploads\/2025\/06\/\u5fae\u4fe1\u56fe\u7247_20250616091927.png 800w, https:\/\/www.gigapa.com\/wp-content\/uploads\/2025\/06\/\u5fae\u4fe1\u56fe\u7247_20250616091927-300x300.png 300w, https:\/\/www.gigapa.com\/wp-content\/uploads\/2025\/06\/\u5fae\u4fe1\u56fe\u7247_20250616091927-150x150.png 150w, https:\/\/www.gigapa.com\/wp-content\/uploads\/2025\/06\/\u5fae\u4fe1\u56fe\u7247_20250616091927-768x768.png 768w, https:\/\/www.gigapa.com\/wp-content\/uploads\/2025\/06\/\u5fae\u4fe1\u56fe\u7247_20250616091927-12x12.png 12w, https:\/\/www.gigapa.com\/wp-content\/uploads\/2025\/06\/\u5fae\u4fe1\u56fe\u7247_20250616091927-600x600.png 600w, https:\/\/www.gigapa.com\/wp-content\/uploads\/2025\/06\/\u5fae\u4fe1\u56fe\u7247_20250616091927-100x100.png 100w\" sizes=\"(max-width: 800px) 100vw, 800px\" \/><\/p><p><img decoding=\"async\" class=\"aligncenter wp-image-1007\" src=\"https:\/\/www.gigapa.com\/wp-content\/uploads\/2025\/05\/\u6728\u67501.jpg\" alt=\"\u0160t\u011bpkova\u010de\" width=\"800\" height=\"502\" srcset=\"https:\/\/www.gigapa.com\/wp-content\/uploads\/2025\/05\/\u6728\u67501.jpg 1034w, https:\/\/www.gigapa.com\/wp-content\/uploads\/2025\/05\/\u6728\u67501-300x188.jpg 300w, https:\/\/www.gigapa.com\/wp-content\/uploads\/2025\/05\/\u6728\u67501-1024x643.jpg 1024w, https:\/\/www.gigapa.com\/wp-content\/uploads\/2025\/05\/\u6728\u67501-768x482.jpg 768w, https:\/\/www.gigapa.com\/wp-content\/uploads\/2025\/05\/\u6728\u67501-600x377.jpg 600w\" sizes=\"(max-width: 800px) 100vw, 800px\" \/><\/p><p><img decoding=\"async\" class=\"aligncenter wp-image-1032\" src=\"https:\/\/www.gigapa.com\/wp-content\/uploads\/2025\/05\/\u5957\u888b\u673a\u5228\u82b1\u673a\u6253\u53052.jpg\" alt=\"Balic\u00ed stroje\" width=\"800\" height=\"502\" srcset=\"https:\/\/www.gigapa.com\/wp-content\/uploads\/2025\/05\/\u5957\u888b\u673a\u5228\u82b1\u673a\u6253\u53052.jpg 1034w, https:\/\/www.gigapa.com\/wp-content\/uploads\/2025\/05\/\u5957\u888b\u673a\u5228\u82b1\u673a\u6253\u53052-300x188.jpg 300w, https:\/\/www.gigapa.com\/wp-content\/uploads\/2025\/05\/\u5957\u888b\u673a\u5228\u82b1\u673a\u6253\u53052-1024x643.jpg 1024w, https:\/\/www.gigapa.com\/wp-content\/uploads\/2025\/05\/\u5957\u888b\u673a\u5228\u82b1\u673a\u6253\u53052-768x482.jpg 768w, https:\/\/www.gigapa.com\/wp-content\/uploads\/2025\/05\/\u5957\u888b\u673a\u5228\u82b1\u673a\u6253\u53052-600x377.jpg 600w\" sizes=\"(max-width: 800px) 100vw, 800px\" \/><\/p><p>Spole\u010dnost GIGAPA se zav\u00e1zala, \u017ee na prvn\u00edm m\u00edst\u011b budou z\u00e1kazn\u00edci.Na\u0161e slu\u017eby a \u0159e\u0161en\u00ed jsou zalo\u017eeny na uspokojov\u00e1n\u00ed pot\u0159eb klient\u016f a z\u00e1rove\u0148 na \u0159e\u0161en\u00ed soci\u00e1ln\u00edch ot\u00e1zek, \u010d\u00edm\u017e p\u0159isp\u00edv\u00e1me ke spole\u010dnosti.D\u016fkladn\u00fdm pochopen\u00edm bolestiv\u00fdch m\u00edst a probl\u00e9m\u016f na\u0161ich klient\u016f poskytujeme c\u00edlen\u00e1 \u0159e\u0161en\u00ed, kter\u00e1 jim pom\u00e1haj\u00ed p\u0159ekonat probl\u00e9my.B\u011bhem realizace projektu udr\u017eujeme neust\u00e1lou komunikaci s klienty, budujeme vz\u00e1jemnou d\u016fv\u011bru a dosahujeme \u00fasp\u011b\u0161n\u00e9 spolupr\u00e1ce.Spole\u010dn\u011b vyu\u017e\u00edv\u00e1me s\u00edlu spole\u010dnosti GIGAPA k tomu, abychom stanovili m\u011b\u0159\u00edtka v oboru!<\/p>\t\t\t\t\t\t\t\t<\/div>\n\t\t\t\t<\/div>\n\t\t\t\t\t<\/div>\n\t\t\t\t<\/div>\n\t\t<div class=\"elementor-element elementor-element-6903bb6 e-flex e-con-boxed e-con e-parent\" data-id=\"6903bb6\" data-element_type=\"container\" data-e-type=\"container\">\n\t\t\t\t\t<div class=\"e-con-inner\">\n\t\t\t\t<div class=\"elementor-element elementor-element-01f3a39 elementor-widget elementor-widget-wpforms\" data-id=\"01f3a39\" data-element_type=\"widget\" data-e-type=\"widget\" data-widget_type=\"wpforms.default\">\n\t\t\t\t<div class=\"elementor-widget-container\">\n\t\t\t\t\t<style id=\"wpforms-css-vars-elementor-widget-01f3a39\">\n\t\t\t\t.elementor-widget-wpforms.elementor-element-01f3a39 {\n\t\t\t\t--wpforms-field-size-input-height: 43px;\n--wpforms-field-size-input-spacing: 15px;\n--wpforms-field-size-font-size: 16px;\n--wpforms-field-size-line-height: 19px;\n--wpforms-field-size-padding-h: 14px;\n--wpforms-field-size-checkbox-size: 16px;\n--wpforms-field-size-sublabel-spacing: 5px;\n--wpforms-field-size-icon-size: 1;\n--wpforms-label-size-font-size: 16px;\n--wpforms-label-size-line-height: 19px;\n--wpforms-label-size-sublabel-font-size: 14px;\n--wpforms-label-size-sublabel-line-height: 17px;\n--wpforms-button-size-font-size: 17px;\n--wpforms-button-size-height: 41px;\n--wpforms-button-size-padding-h: 15px;\n--wpforms-button-size-margin-top: 10px;\n\n\t\t\t}\n\t\t\t<\/style><div class=\"wpforms-container wpforms-container-full wpforms-render-modern\" id=\"wpforms-992\"><form id=\"wpforms-form-992\" class=\"wpforms-validate wpforms-form wpforms-ajax-form\" data-formid=\"992\" method=\"post\" enctype=\"multipart\/form-data\" action=\"\/cs\/wp-json\/wp\/v2\/pages\/2066\" data-token=\"e222e14b642e66d528c567c6e9f9d64d\" data-token-time=\"1778838308\" data-trp-original-action=\"\/cs\/wp-json\/wp\/v2\/pages\/2066\"><noscript class=\"wpforms-error-noscript\">Chcete-li vyplnit tento formul\u00e1\u0159, pros\u00edm povolte v prohl\u00ed\u017ee\u010di JavaScript.<\/noscript><div class=\"wpforms-hidden\" id=\"wpforms-error-noscript\">Chcete-li vyplnit tento formul\u00e1\u0159, pros\u00edm povolte v prohl\u00ed\u017ee\u010di JavaScript.<\/div><div class=\"wpforms-field-container\"><div id=\"wpforms-992-field_6-container\" class=\"wpforms-field wpforms-field-text\" data-field-id=\"6\"><label class=\"wpforms-field-label\" for=\"wpforms-992-field_6\">N\u00e1zev<\/label><input type=\"text\" id=\"wpforms-992-field_6\" class=\"wpforms-field-large\" name=\"wpforms[fields][6]\" aria-errormessage=\"wpforms-992-field_6-error\" ><\/div><div id=\"wpforms-992-field_4-container\" class=\"wpforms-field wpforms-field-email\" data-field-id=\"4\"><label class=\"wpforms-field-label\" for=\"wpforms-992-field_4\">E-mail <span class=\"wpforms-required-label\" aria-hidden=\"true\">*<\/span><\/label><input type=\"email\" id=\"wpforms-992-field_4\" class=\"wpforms-field-large wpforms-field-required\" name=\"wpforms[fields][4]\" spellcheck=\"false\" aria-errormessage=\"wpforms-992-field_4-error\" required><\/div><div id=\"wpforms-992-field_2-container\" class=\"wpforms-field wpforms-field-text\" data-field-id=\"2\"><label class=\"wpforms-field-label\" for=\"wpforms-992-field_2\">Telefon <span class=\"wpforms-required-label\" aria-hidden=\"true\">*<\/span><\/label><input type=\"text\" id=\"wpforms-992-field_2\" class=\"wpforms-field-large wpforms-field-required\" name=\"wpforms[fields][2]\" aria-errormessage=\"wpforms-992-field_2-error\" required><\/div><div id=\"wpforms-992-field_5-container\" class=\"wpforms-field wpforms-field-textarea\" data-field-id=\"5\"><label class=\"wpforms-field-label\" for=\"wpforms-992-field_5\">Zpr\u00e1va <span class=\"wpforms-required-label\" aria-hidden=\"true\">*<\/span><\/label><textarea id=\"wpforms-992-field_5\" class=\"wpforms-field-medium wpforms-field-required\" name=\"wpforms[fields][5]\" aria-errormessage=\"wpforms-992-field_5-error\" required><\/textarea><\/div><div id=\"wpforms-992-field_10-container\" class=\"wpforms-field wpforms-field-text hide-page-url\" data-field-id=\"10\"><label class=\"wpforms-field-label\" for=\"wpforms-992-field_10\">Str\u00e1nka pro odes\u00edl\u00e1n\u00ed p\u0159\u00edsp\u011bvk\u016f<\/label><input type=\"text\" id=\"wpforms-992-field_10\" class=\"wpforms-field-large\" name=\"wpforms[fields][10]\" value=\"https:\/\/www.gigapa.com\/cs\/wp-json\/wp\/v2\/pages\/2066\" aria-errormessage=\"wpforms-992-field_10-error\" ><\/div><div id=\"wpforms-992-field_11-container\" class=\"wpforms-field wpforms-field-text hidden-ip\" data-field-id=\"11\"><label class=\"wpforms-field-label\" for=\"wpforms-992-field_11\">IP z\u00e1kazn\u00edka<\/label><input type=\"text\" id=\"wpforms-992-field_11\" class=\"wpforms-field-large\" name=\"wpforms[fields][11]\" value=\"216.73.217.73\" aria-errormessage=\"wpforms-992-field_11-error\" ><\/div><\/div><!-- .wpforms-field-container --><div class=\"wpforms-recaptcha-container wpforms-is-recaptcha wpforms-is-recaptcha-type-invisible\" ><div class=\"g-recaptcha\" data-sitekey=\"6LdEtWsrAAAAAEmzxiBRi6AAl-KXXavWAmEJdn-a\" data-size=\"invisible\"><\/div><\/div><div class=\"wpforms-submit-container\" ><input type=\"hidden\" name=\"wpforms[id]\" value=\"992\"><input type=\"hidden\" name=\"page_title\" value=\"\"><input type=\"hidden\" name=\"page_url\" value=\"https:\/\/www.gigapa.com\/cs\/wp-json\/wp\/v2\/pages\/2066\"><button type=\"submit\" name=\"wpforms[submit]\" id=\"wpforms-submit-992\" class=\"wpforms-submit\" data-alt-text=\"Sending...\" data-submit-text=\"Get Free Quote\" aria-live=\"assertive\" value=\"wpforms-submit\">Z\u00edskejte bezplatnou nab\u00eddku<\/button><img loading=\"lazy\" decoding=\"async\" src=\"https:\/\/www.gigapa.com\/wp-content\/plugins\/wpforms\/assets\/images\/submit-spin.svg\" class=\"wpforms-submit-spinner\" style=\"display: none;\" width=\"26\" height=\"26\" alt=\"Na\u010d\u00edt\u00e1n\u00ed\"><\/div><input type=\"hidden\" name=\"trp-form-language\" value=\"cs\"\/><\/form><\/div>  <!-- .wpforms-container -->\t\t\t\t<\/div>\n\t\t\t\t<\/div>\n\t\t\t\t\t<\/div>\n\t\t\t\t<\/div>\n\t\t\t\t<\/div>","protected":false},"excerpt":{"rendered":"<p>\u3010Zv\u00fd\u0161en\u00ed zisku, dvojn\u00e1sobn\u00e1 \u00fa\u010dinnost\u3011- GBW-C Wood Shaving Machine N\u00e1zev projektu: Dongguan Wood Shaving Production Line ProjectZ\u00e1kazn\u00edk: Dongguansk\u00e1 spole\u010dnost vyr\u00e1b\u011bj\u00edc\u00ed l\u016f\u017ekoviny na holen\u00ed d\u0159evaLokalita: Dongguan: Dongguan [...]<\/p>","protected":false},"author":1,"featured_media":0,"parent":0,"menu_order":0,"comment_status":"closed","ping_status":"closed","template":"","meta":{"site-sidebar-layout":"no-sidebar","site-content-layout":"","ast-site-content-layout":"full-width-container","site-content-style":"default","site-sidebar-style":"default","ast-global-header-display":"","ast-banner-title-visibility":"","ast-main-header-display":"","ast-hfb-above-header-display":"","ast-hfb-below-header-display":"","ast-hfb-mobile-header-display":"","site-post-title":"disabled","ast-breadcrumbs-content":"","ast-featured-img":"disabled","footer-sml-layout":"","ast-disable-related-posts":"","theme-transparent-header-meta":"default","adv-header-id-meta":"","stick-header-meta":"","header-above-stick-meta":"","header-main-stick-meta":"","header-below-stick-meta":"","astra-migrate-meta-layouts":"set","ast-page-background-enabled":"default","ast-page-background-meta":{"desktop":{"background-color":"var(--ast-global-color-5)","background-image":"","background-repeat":"repeat","background-position":"center center","background-size":"auto","background-attachment":"scroll","background-type":"","background-media":"","overlay-type":"","overlay-color":"","overlay-opacity":"","overlay-gradient":""},"tablet":{"background-color":"","background-image":"","background-repeat":"repeat","background-position":"center center","background-size":"auto","background-attachment":"scroll","background-type":"","background-media":"","overlay-type":"","overlay-color":"","overlay-opacity":"","overlay-gradient":""},"mobile":{"background-color":"","background-image":"","background-repeat":"repeat","background-position":"center center","background-size":"auto","background-attachment":"scroll","background-type":"","background-media":"","overlay-type":"","overlay-color":"","overlay-opacity":"","overlay-gradient":""}},"ast-content-background-meta":{"desktop":{"background-color":"var(--ast-global-color-4)","background-image":"","background-repeat":"repeat","background-position":"center center","background-size":"auto","background-attachment":"scroll","background-type":"","background-media":"","overlay-type":"","overlay-color":"","overlay-opacity":"","overlay-gradient":""},"tablet":{"background-color":"var(--ast-global-color-4)","background-image":"","background-repeat":"repeat","background-position":"center center","background-size":"auto","background-attachment":"scroll","background-type":"","background-media":"","overlay-type":"","overlay-color":"","overlay-opacity":"","overlay-gradient":""},"mobile":{"background-color":"var(--ast-global-color-4)","background-image":"","background-repeat":"repeat","background-position":"center center","background-size":"auto","background-attachment":"scroll","background-type":"","background-media":"","overlay-type":"","overlay-color":"","overlay-opacity":"","overlay-gradient":""}},"footnotes":""},"class_list":["post-2066","page","type-page","status-publish","hentry"],"_hostinger_reach_plugin_has_subscription_block":false,"_hostinger_reach_plugin_is_elementor":false,"_links":{"self":[{"href":"https:\/\/www.gigapa.com\/cs\/wp-json\/wp\/v2\/pages\/2066","targetHints":{"allow":["GET"]}}],"collection":[{"href":"https:\/\/www.gigapa.com\/cs\/wp-json\/wp\/v2\/pages"}],"about":[{"href":"https:\/\/www.gigapa.com\/cs\/wp-json\/wp\/v2\/types\/page"}],"author":[{"embeddable":true,"href":"https:\/\/www.gigapa.com\/cs\/wp-json\/wp\/v2\/users\/1"}],"replies":[{"embeddable":true,"href":"https:\/\/www.gigapa.com\/cs\/wp-json\/wp\/v2\/comments?post=2066"}],"version-history":[{"count":13,"href":"https:\/\/www.gigapa.com\/cs\/wp-json\/wp\/v2\/pages\/2066\/revisions"}],"predecessor-version":[{"id":2270,"href":"https:\/\/www.gigapa.com\/cs\/wp-json\/wp\/v2\/pages\/2066\/revisions\/2270"}],"wp:attachment":[{"href":"https:\/\/www.gigapa.com\/cs\/wp-json\/wp\/v2\/media?parent=2066"}],"curies":[{"name":"wp","href":"https:\/\/api.w.org\/{rel}","templated":true}]}}