{"id":2193,"date":"2025-06-25T08:45:01","date_gmt":"2025-06-25T00:45:01","guid":{"rendered":"https:\/\/www.gigapa.com\/?page_id=2193"},"modified":"2025-06-25T11:48:20","modified_gmt":"2025-06-25T03:48:20","slug":"intelligent-control-minimal-maintenance-continuous-metal-baler-for-profit-and-efficiency-win-win-gfb-c-metal-baler","status":"publish","type":"page","link":"https:\/\/www.gigapa.com\/cs\/intelligent-control-minimal-maintenance-continuous-metal-baler-for-profit-and-efficiency-win-win-gfb-c-metal-baler\/","title":{"rendered":"\u3010Inteligentn\u00ed ovl\u00e1d\u00e1n\u00ed, minim\u00e1ln\u00ed \u00fadr\u017eba - kontinu\u00e1ln\u00ed lis na kovy pro zisk a efektivitu Win-Win!\u3011 - Lis na kovy GFB-C"},"content":{"rendered":"<div data-elementor-type=\"wp-page\" data-elementor-id=\"2193\" class=\"elementor elementor-2193\" data-elementor-post-type=\"page\">\n\t\t\t\t<div class=\"elementor-element elementor-element-a39659c e-flex e-con-boxed e-con e-parent\" data-id=\"a39659c\" data-element_type=\"container\" data-e-type=\"container\">\n\t\t\t\t\t<div class=\"e-con-inner\">\n\t\t<div class=\"elementor-element elementor-element-7ff47c5 e-con-full e-flex e-con e-child\" data-id=\"7ff47c5\" data-element_type=\"container\" data-e-type=\"container\">\n\t\t\t\t<div class=\"elementor-element elementor-element-bd05d06 elementor-widget elementor-widget-heading\" data-id=\"bd05d06\" data-element_type=\"widget\" data-e-type=\"widget\" data-widget_type=\"heading.default\">\n\t\t\t\t<div class=\"elementor-widget-container\">\n\t\t\t\t\t<h1 class=\"elementor-heading-title elementor-size-default\">\u3010Inteligentn\u00ed ovl\u00e1d\u00e1n\u00ed, minim\u00e1ln\u00ed \u00fadr\u017eba - kontinu\u00e1ln\u00ed lis na kovy pro zisk a efektivitu Win-Win!\u3011 - Lis na kovy GFB-C<\/h1>\t\t\t\t<\/div>\n\t\t\t\t<\/div>\n\t\t\t\t<div class=\"elementor-element elementor-element-f9ae4a7 elementor-widget elementor-widget-woocommerce-breadcrumb\" data-id=\"f9ae4a7\" data-element_type=\"widget\" data-e-type=\"widget\" data-widget_type=\"woocommerce-breadcrumb.default\">\n\t\t\t\t<div class=\"elementor-widget-container\">\n\t\t\t\t\t<nav class=\"woocommerce-breadcrumb\" aria-label=\"Breadcrumb\" data-no-translation=\"\" data-trp-gettext=\"\">Dom\u016f<\/nav>\t\t\t\t<\/div>\n\t\t\t\t<\/div>\n\t\t\t\t<div class=\"elementor-element elementor-element-8cdc039 elementor-widget elementor-widget-text-editor\" data-id=\"8cdc039\" data-element_type=\"widget\" data-e-type=\"widget\" data-widget_type=\"text-editor.default\">\n\t\t\t\t<div class=\"elementor-widget-container\">\n\t\t\t\t\t\t\t\t\t<p><strong><b>N\u00e1zev projektu: <\/b><\/strong>Hutn\u011bn\u00ed hlin\u00edkov\u00e9ho \u0161rotu v Mexiku<br><strong><b>N\u00e1zev klienta: <\/b><\/strong>Mexick\u00e1 spole\u010dnost pro recyklaci kovov\u00e9ho \u0161rotu<br><strong><b>Um\u00edst\u011bn\u00ed projektu: <\/b><\/strong>Mexiko<\/p>\n<h2><strong><b>Pozad\u00ed projektu:<\/b><\/strong><\/h2>\n<p>Klient je zpracovatelem recykla\u010dn\u00edch zdroj\u016f, p\u0159i\u010dem\u017e hlin\u00edk je jednou z jeho hlavn\u00edch recykla\u010dn\u00edch kategori\u00ed. Hromad\u011bn\u00ed r\u016fzn\u00fdch hlin\u00edkov\u00fdch odpad\u016f zab\u00edr\u00e1 zna\u010dn\u00fd prostor a komplikuje logistiku, co\u017e vy\u017eaduje lisov\u00e1n\u00ed do bal\u00edk\u016f, aby se zv\u00fd\u0161ila hustota a sn\u00ed\u017eily n\u00e1klady na p\u0159epravu.<\/p>\n<p><img fetchpriority=\"high\" decoding=\"async\" class=\"alignnone wp-image-2194 size-full\" src=\"https:\/\/www.gigapa.com\/wp-content\/uploads\/2025\/06\/Aluminum-Scrap-Compaction-in-Mexico.png\" alt=\"\" width=\"500\" height=\"667\" srcset=\"https:\/\/www.gigapa.com\/wp-content\/uploads\/2025\/06\/Aluminum-Scrap-Compaction-in-Mexico.png 500w, https:\/\/www.gigapa.com\/wp-content\/uploads\/2025\/06\/Aluminum-Scrap-Compaction-in-Mexico-225x300.png 225w, https:\/\/www.gigapa.com\/wp-content\/uploads\/2025\/06\/Aluminum-Scrap-Compaction-in-Mexico-9x12.png 9w\" sizes=\"(max-width: 500px) 100vw, 500px\" \/> <img decoding=\"async\" class=\"alignnone wp-image-2195\" src=\"https:\/\/www.gigapa.com\/wp-content\/uploads\/2025\/06\/Aluminum-Scrap-Compaction-in-Mexico2.png\" alt=\"\" width=\"587\" height=\"667\" srcset=\"https:\/\/www.gigapa.com\/wp-content\/uploads\/2025\/06\/Aluminum-Scrap-Compaction-in-Mexico2.png 559w, https:\/\/www.gigapa.com\/wp-content\/uploads\/2025\/06\/Aluminum-Scrap-Compaction-in-Mexico2-264x300.png 264w, https:\/\/www.gigapa.com\/wp-content\/uploads\/2025\/06\/Aluminum-Scrap-Compaction-in-Mexico2-11x12.png 11w\" sizes=\"(max-width: 587px) 100vw, 587px\" \/><\/p>\n<h2><strong><b>Po\u017eadavky z\u00e1kazn\u00edka:<\/b><\/strong><\/h2>\n<p>Za\u0159\u00edzen\u00ed mus\u00ed zpracov\u00e1vat r\u016fzn\u00e9 druhy hlin\u00edkov\u00e9ho \u0161rotu a vyr\u00e1b\u011bt pevn\u011b stla\u010den\u00e9 bal\u00edky, kter\u00e9 se nerozbij\u00ed. Vy\u017eaduje pln\u011b automatizovan\u00fd provoz, spolehliv\u00e9 hydraulick\u00e9 a elektrick\u00e9 syst\u00e9my a hydraulick\u00e9 v\u00e1lce, kter\u00e9 nesm\u00ed p\u0159i vysok\u00e9m tlaku unikat. Po dlouhodob\u00e9m pou\u017e\u00edv\u00e1n\u00ed nesm\u00ed doj\u00edt k trval\u00fdm deformac\u00edm nebo vyboulen\u00ed.<\/p>\n<h2><strong><b>\u0158e\u0161en\u00ed:<\/b><\/strong><\/h2>\n<p>Po obdr\u017een\u00ed po\u017eadavk\u016f z\u00e1kazn\u00edka n\u00e1\u0161 technick\u00fd t\u00fdm rychle zareagoval a nab\u00eddl efektivn\u00ed a racion\u00e1ln\u00ed \u0159e\u0161en\u00ed.&nbsp;<a href=\"https:\/\/www.gigapa.com\/cs\/produkt\/stroje-na-kontinualni-lisovani-kovu\/\">Pr\u016fb\u011b\u017en\u00fd lis na kovy GFB-C<\/a>. D\u00edky inteligentn\u00edmu automatizovan\u00e9mu \u0159\u00eddic\u00edmu syst\u00e9mu s PLC Siemens, komponent\u016fm Schneider Electric a inteligentn\u00edmu \u0159\u00eddic\u00edmu programov\u00e1n\u00ed zaji\u0161\u0165uje stabiln\u00ed provoz a u\u017eivatelsky p\u0159\u00edv\u011btivou a bezpe\u010dnou manipulaci pro pracovn\u00edky. Nastaven\u00ed tlaku je optimalizov\u00e1no pro dan\u00fd materi\u00e1l, \u010d\u00edm\u017e se maximalizuje \u00fa\u010dinnost.<\/p>\n<p><img decoding=\"async\" class=\"wp-image-1733 aligncenter\" src=\"https:\/\/www.gigapa.com\/wp-content\/uploads\/2025\/05\/\u56fe2.png\" alt=\"Kontinu\u00e1ln\u00ed lisy na kovy\" width=\"1000\" height=\"1000\" srcset=\"https:\/\/www.gigapa.com\/wp-content\/uploads\/2025\/05\/\u56fe2.png 2672w, https:\/\/www.gigapa.com\/wp-content\/uploads\/2025\/05\/\u56fe2-300x300.png 300w, https:\/\/www.gigapa.com\/wp-content\/uploads\/2025\/05\/\u56fe2-1024x1024.png 1024w, https:\/\/www.gigapa.com\/wp-content\/uploads\/2025\/05\/\u56fe2-150x150.png 150w, https:\/\/www.gigapa.com\/wp-content\/uploads\/2025\/05\/\u56fe2-768x768.png 768w, https:\/\/www.gigapa.com\/wp-content\/uploads\/2025\/05\/\u56fe2-1536x1536.png 1536w, https:\/\/www.gigapa.com\/wp-content\/uploads\/2025\/05\/\u56fe2-2048x2048.png 2048w, https:\/\/www.gigapa.com\/wp-content\/uploads\/2025\/05\/\u56fe2-12x12.png 12w, https:\/\/www.gigapa.com\/wp-content\/uploads\/2025\/05\/\u56fe2-600x600.png 600w, https:\/\/www.gigapa.com\/wp-content\/uploads\/2025\/05\/\u56fe2-100x100.png 100w\" sizes=\"(max-width: 1000px) 100vw, 1000px\" \/><\/p>\n<p>Hydraulick\u00e9 v\u00e1lce podle standardu GIGAPA jsou vyrobeny z tlustost\u011bnn\u00fdch beze\u0161v\u00fdch ocelov\u00fdch trubek s vysok\u00fdm bezpe\u010dnostn\u00edm faktorem nebo z integr\u00e1ln\u00edho v\u00fdkovku, kter\u00e9 poskytuj\u00ed stabiln\u00ed v\u00fdkon a silnou kompresi - stanovuj\u00ed nov\u00fd pr\u016fmyslov\u00fd standard hustoty!<\/p>\n<p>Spole\u010dnost GIGAPA se zav\u00e1zala, \u017ee z\u00e1kazn\u00edci jsou pro ni na prvn\u00edm m\u00edst\u011b. Na\u0161e slu\u017eby a \u0159e\u0161en\u00ed jsou zalo\u017eeny na uspokojov\u00e1n\u00ed pot\u0159eb klient\u016f a z\u00e1rove\u0148 na \u0159e\u0161en\u00ed soci\u00e1ln\u00edch ot\u00e1zek, \u010d\u00edm\u017e p\u0159isp\u00edv\u00e1me ke spole\u010dnosti. D\u00edky d\u016fkladn\u00e9mu porozum\u011bn\u00ed bolestiv\u00fdm m\u00edst\u016fm a probl\u00e9m\u016fm na\u0161ich klient\u016f poskytujeme c\u00edlen\u00e1 \u0159e\u0161en\u00ed, kter\u00e1 jim pom\u00e1haj\u00ed p\u0159ekonat probl\u00e9my. Po celou dobu realizace projektu udr\u017eujeme s klienty neust\u00e1lou komunikaci, budujeme vz\u00e1jemnou d\u016fv\u011bru a dosahujeme \u00fasp\u011b\u0161n\u00e9 spolupr\u00e1ce. Spole\u010dn\u011b vyu\u017e\u00edv\u00e1me s\u00edlu spole\u010dnosti GIGAPA a stanovujeme m\u011b\u0159\u00edtka v oboru!<\/p>\t\t\t\t\t\t\t\t<\/div>\n\t\t\t\t<\/div>\n\t\t\t\t<\/div>\n\t\t\t\t\t<\/div>\n\t\t\t\t<\/div>\n\t\t\t\t<\/div>","protected":false},"excerpt":{"rendered":"<p>\u3010Inteligentn\u00ed \u0159\u00edzen\u00ed, minim\u00e1ln\u00ed \u00fadr\u017eba - kontinu\u00e1ln\u00ed lis na kovy pro zisk a efektivitu Win-Win!\u3011 - Lis na kovy GFB-C N\u00e1zev projektu: Hlin\u00edkov\u00fd [...]<\/p>","protected":false},"author":1,"featured_media":0,"parent":0,"menu_order":0,"comment_status":"closed","ping_status":"closed","template":"","meta":{"site-sidebar-layout":"no-sidebar","site-content-layout":"","ast-site-content-layout":"full-width-container","site-content-style":"default","site-sidebar-style":"default","ast-global-header-display":"","ast-banner-title-visibility":"","ast-main-header-display":"","ast-hfb-above-header-display":"","ast-hfb-below-header-display":"","ast-hfb-mobile-header-display":"","site-post-title":"disabled","ast-breadcrumbs-content":"","ast-featured-img":"disabled","footer-sml-layout":"","ast-disable-related-posts":"","theme-transparent-header-meta":"default","adv-header-id-meta":"","stick-header-meta":"","header-above-stick-meta":"","header-main-stick-meta":"","header-below-stick-meta":"","astra-migrate-meta-layouts":"set","ast-page-background-enabled":"default","ast-page-background-meta":{"desktop":{"background-color":"var(--ast-global-color-5)","background-image":"","background-repeat":"repeat","background-position":"center center","background-size":"auto","background-attachment":"scroll","background-type":"","background-media":"","overlay-type":"","overlay-color":"","overlay-opacity":"","overlay-gradient":""},"tablet":{"background-color":"","background-image":"","background-repeat":"repeat","background-position":"center center","background-size":"auto","background-attachment":"scroll","background-type":"","background-media":"","overlay-type":"","overlay-color":"","overlay-opacity":"","overlay-gradient":""},"mobile":{"background-color":"","background-image":"","background-repeat":"repeat","background-position":"center center","background-size":"auto","background-attachment":"scroll","background-type":"","background-media":"","overlay-type":"","overlay-color":"","overlay-opacity":"","overlay-gradient":""}},"ast-content-background-meta":{"desktop":{"background-color":"var(--ast-global-color-4)","background-image":"","background-repeat":"repeat","background-position":"center center","background-size":"auto","background-attachment":"scroll","background-type":"","background-media":"","overlay-type":"","overlay-color":"","overlay-opacity":"","overlay-gradient":""},"tablet":{"background-color":"var(--ast-global-color-4)","background-image":"","background-repeat":"repeat","background-position":"center center","background-size":"auto","background-attachment":"scroll","background-type":"","background-media":"","overlay-type":"","overlay-color":"","overlay-opacity":"","overlay-gradient":""},"mobile":{"background-color":"var(--ast-global-color-4)","background-image":"","background-repeat":"repeat","background-position":"center center","background-size":"auto","background-attachment":"scroll","background-type":"","background-media":"","overlay-type":"","overlay-color":"","overlay-opacity":"","overlay-gradient":""}},"footnotes":""},"class_list":["post-2193","page","type-page","status-publish","hentry"],"_hostinger_reach_plugin_has_subscription_block":false,"_hostinger_reach_plugin_is_elementor":false,"_links":{"self":[{"href":"https:\/\/www.gigapa.com\/cs\/wp-json\/wp\/v2\/pages\/2193","targetHints":{"allow":["GET"]}}],"collection":[{"href":"https:\/\/www.gigapa.com\/cs\/wp-json\/wp\/v2\/pages"}],"about":[{"href":"https:\/\/www.gigapa.com\/cs\/wp-json\/wp\/v2\/types\/page"}],"author":[{"embeddable":true,"href":"https:\/\/www.gigapa.com\/cs\/wp-json\/wp\/v2\/users\/1"}],"replies":[{"embeddable":true,"href":"https:\/\/www.gigapa.com\/cs\/wp-json\/wp\/v2\/comments?post=2193"}],"version-history":[{"count":14,"href":"https:\/\/www.gigapa.com\/cs\/wp-json\/wp\/v2\/pages\/2193\/revisions"}],"predecessor-version":[{"id":2285,"href":"https:\/\/www.gigapa.com\/cs\/wp-json\/wp\/v2\/pages\/2193\/revisions\/2285"}],"wp:attachment":[{"href":"https:\/\/www.gigapa.com\/cs\/wp-json\/wp\/v2\/media?parent=2193"}],"curies":[{"name":"wp","href":"https:\/\/api.w.org\/{rel}","templated":true}]}}