{"id":2222,"date":"2025-06-25T09:13:23","date_gmt":"2025-06-25T01:13:23","guid":{"rendered":"https:\/\/www.gigapa.com\/?page_id=2222"},"modified":"2025-06-25T11:48:43","modified_gmt":"2025-06-25T03:48:43","slug":"turning-waste-tires-into-black-gold-dual-shaft-shredder","status":"publish","type":"page","link":"https:\/\/www.gigapa.com\/cs\/turning-waste-tires-into-black-gold-dual-shaft-shredder\/","title":{"rendered":"\u3010P\u0159em\u011bna odpadn\u00edch pneumatik na \u010dern\u00e9 zlato - nov\u00e1 s\u00edla pro ob\u011bhov\u00e9 hospod\u00e1\u0159stv\u00ed\u3011 - Dvouh\u0159\u00eddelov\u00fd drti\u010d GTS-E"},"content":{"rendered":"<div data-elementor-type=\"wp-page\" data-elementor-id=\"2222\" class=\"elementor elementor-2222\" data-elementor-post-type=\"page\">\n\t\t\t\t<div class=\"elementor-element elementor-element-e03285b e-flex e-con-boxed e-con e-parent\" data-id=\"e03285b\" data-element_type=\"container\">\n\t\t\t\t\t<div class=\"e-con-inner\">\n\t\t<div class=\"elementor-element elementor-element-325c1ab e-con-full e-flex e-con e-child\" data-id=\"325c1ab\" data-element_type=\"container\">\n\t\t\t\t<div class=\"elementor-element elementor-element-7e14318 elementor-widget elementor-widget-heading\" data-id=\"7e14318\" data-element_type=\"widget\" data-widget_type=\"heading.default\">\n\t\t\t\t<div class=\"elementor-widget-container\">\n\t\t\t\t\t<h1 class=\"elementor-heading-title elementor-size-default\">\u3010P\u0159em\u011bna odpadn\u00edch pneumatik na \u010dern\u00e9 zlato - nov\u00e1 s\u00edla pro ob\u011bhov\u00e9 hospod\u00e1\u0159stv\u00ed\u3011 - Dvouh\u0159\u00eddelov\u00fd drti\u010d GTS-E<\/h1>\t\t\t\t<\/div>\n\t\t\t\t<\/div>\n\t\t\t\t<div class=\"elementor-element elementor-element-bf9657e elementor-widget elementor-widget-woocommerce-breadcrumb\" data-id=\"bf9657e\" data-element_type=\"widget\" data-widget_type=\"woocommerce-breadcrumb.default\">\n\t\t\t\t<div class=\"elementor-widget-container\">\n\t\t\t\t\t<nav class=\"woocommerce-breadcrumb\" aria-label=\"Breadcrumb\" data-no-translation=\"\" data-trp-gettext=\"\">Dom\u016f<\/nav>\t\t\t\t<\/div>\n\t\t\t\t<\/div>\n\t\t\t\t<div class=\"elementor-element elementor-element-47bc7b0 elementor-widget elementor-widget-text-editor\" data-id=\"47bc7b0\" data-element_type=\"widget\" data-widget_type=\"text-editor.default\">\n\t\t\t\t<div class=\"elementor-widget-container\">\n\t\t\t\t\t\t\t\t\t<p><strong><b>N\u00e1zev projektu:<\/b><\/strong>\u00a0Projekt drcen\u00ed odpadn\u00edch pneumatik v USA<br \/><strong><b>N\u00e1zev klienta:<\/b><\/strong>\u00a0Americk\u00e1 spole\u010dnost zab\u00fdvaj\u00edc\u00ed se recyklac\u00ed pneumatik<br \/><strong><b>Um\u00edst\u011bn\u00ed projektu:<\/b><\/strong>\u00a0Spojen\u00e9 st\u00e1ty americk\u00e9<\/p><h2><strong><b>Pozad\u00ed projektu:<\/b><\/strong><\/h2><p>Z\u00e1kazn\u00edk je recykl\u00e1tor pneumatik, kter\u00fd pot\u0159ebuje rozm\u011blnit shrom\u00e1\u017ed\u011bn\u00e9 pneumatiky pro dal\u0161\u00ed zpracov\u00e1n\u00ed a z\u00edskat z nich ocelov\u00e9 dr\u00e1ty a pry\u017eov\u00e9 granule.<\/p><p><img fetchpriority=\"high\" decoding=\"async\" class=\"wp-image-2200 size-full aligncenter\" src=\"https:\/\/www.gigapa.com\/wp-content\/uploads\/2025\/06\/U.S.-Waste-Tire-Shredding-Project.png\" alt=\"\" width=\"660\" height=\"494\" srcset=\"https:\/\/www.gigapa.com\/wp-content\/uploads\/2025\/06\/U.S.-Waste-Tire-Shredding-Project.png 660w, https:\/\/www.gigapa.com\/wp-content\/uploads\/2025\/06\/U.S.-Waste-Tire-Shredding-Project-300x225.png 300w, https:\/\/www.gigapa.com\/wp-content\/uploads\/2025\/06\/U.S.-Waste-Tire-Shredding-Project-16x12.png 16w, https:\/\/www.gigapa.com\/wp-content\/uploads\/2025\/06\/U.S.-Waste-Tire-Shredding-Project-600x449.png 600w\" sizes=\"(max-width: 660px) 100vw, 660px\" \/><\/p><h2><strong><b>Po\u017eadavky z\u00e1kazn\u00edka:<\/b><\/strong><\/h2><p>P\u0159edev\u0161\u00edm pro n\u00e1kladn\u00ed pneumatiky, kapacita zpracov\u00e1n\u00ed ne m\u00e9n\u011b ne\u017e 100 pneumatik\/hodinu, velikost v\u00fdstupu 50-300 mm.<\/p><h2><strong><b>\u0158e\u0161en\u00ed:<\/b><\/strong><\/h2><p>Na z\u00e1klad\u011b po\u017eadovan\u00e9 kapacity a specifikac\u00ed <a href=\"https:\/\/www.gigapa.com\/cs\/produkt\/dvouhridelove-drtice\/\">Dvouh\u0159\u00eddelov\u00fd drti\u010d GTS-E<\/a> byl vybr\u00e1n stroj se stabiln\u00edm provozem, vysokou v\u00fdkonnost\u00ed a lopatkami odoln\u00fdmi proti opot\u0159eben\u00ed, kter\u00e9 minimalizuj\u00ed opot\u0159eben\u00ed a prodlu\u017euj\u00ed \u017eivotnost.<\/p><p><div class=\"ast-oembed-container\" style=\"height: 100%;\"><iframe title=\"\ud83d\udd25Dvouh\u0159\u00eddelov\u00fd drti\u010d zni\u010d\u00ed pneumatiky b\u011bhem n\u011bkolika sekund!  #shredder #tireshredder #tireshredder\" width=\"500\" height=\"375\" src=\"https:\/\/www.youtube.com\/embed\/OHpXRHd357s?feature=oembed\" frameborder=\"0\" allow=\"accelerometer; autoplay; clipboard-write; encrypted-media; gyroscope; picture-in-picture; web-share\" referrerpolicy=\"strict-origin-when-cross-origin\" allowfullscreen><\/iframe><\/div><\/p><p><img decoding=\"async\" class=\"wp-image-1002 size-full aligncenter\" src=\"https:\/\/www.gigapa.com\/wp-content\/uploads\/2025\/05\/\u5e9f\u8f6e\u80ce\u7834\u788e.jpg\" alt=\"Jednoh\u0159\u00eddelov\u00e9 drti\u010de\" width=\"1034\" height=\"649\" srcset=\"https:\/\/www.gigapa.com\/wp-content\/uploads\/2025\/05\/\u5e9f\u8f6e\u80ce\u7834\u788e.jpg 1034w, https:\/\/www.gigapa.com\/wp-content\/uploads\/2025\/05\/\u5e9f\u8f6e\u80ce\u7834\u788e-300x188.jpg 300w, https:\/\/www.gigapa.com\/wp-content\/uploads\/2025\/05\/\u5e9f\u8f6e\u80ce\u7834\u788e-1024x643.jpg 1024w, https:\/\/www.gigapa.com\/wp-content\/uploads\/2025\/05\/\u5e9f\u8f6e\u80ce\u7834\u788e-768x482.jpg 768w, https:\/\/www.gigapa.com\/wp-content\/uploads\/2025\/05\/\u5e9f\u8f6e\u80ce\u7834\u788e-600x377.jpg 600w\" sizes=\"(max-width: 1034px) 100vw, 1034px\" \/><\/p><p>Spole\u010dnost GIGAPA se zav\u00e1zala, \u017ee na prvn\u00edm m\u00edst\u011b budou z\u00e1kazn\u00edci.Na\u0161e slu\u017eby a \u0159e\u0161en\u00ed jsou zalo\u017eeny na uspokojov\u00e1n\u00ed pot\u0159eb klient\u016f a z\u00e1rove\u0148 na \u0159e\u0161en\u00ed soci\u00e1ln\u00edch ot\u00e1zek, \u010d\u00edm\u017e p\u0159isp\u00edv\u00e1me ke spole\u010dnosti. D\u00edky d\u016fkladn\u00e9mu porozum\u011bn\u00ed bolestiv\u00fdm m\u00edst\u016fm a probl\u00e9m\u016fm na\u0161ich klient\u016f poskytujeme c\u00edlen\u00e1 \u0159e\u0161en\u00ed, kter\u00e1 jim pom\u00e1haj\u00ed p\u0159ekonat probl\u00e9my. Po celou dobu realizace projektu udr\u017eujeme s klienty neust\u00e1lou komunikaci, budujeme vz\u00e1jemnou d\u016fv\u011bru a dosahujeme \u00fasp\u011b\u0161n\u00e9 spolupr\u00e1ce. Spole\u010dn\u011b vyu\u017e\u00edv\u00e1me s\u00edlu spole\u010dnosti GIGAPA a stanovujeme m\u011b\u0159\u00edtka v oboru!<\/p>\t\t\t\t\t\t\t\t<\/div>\n\t\t\t\t<\/div>\n\t\t\t\t<\/div>\n\t\t\t\t\t<\/div>\n\t\t\t\t<\/div>\n\t\t\t\t<\/div>","protected":false},"excerpt":{"rendered":"<p>\u3010P\u0159em\u011bna odpadn\u00edch pneumatik na \u010dern\u00e9 zlato - nov\u00e1 s\u00edla pro ob\u011bhov\u00e9 hospod\u00e1\u0159stv\u00ed\u3011 - Dvouh\u0159\u00eddelov\u00fd drti\u010d GTS-E N\u00e1zev projektu: GTS-GTS (GTS-GTS) je [...]<\/p>","protected":false},"author":1,"featured_media":0,"parent":0,"menu_order":0,"comment_status":"closed","ping_status":"closed","template":"","meta":{"site-sidebar-layout":"no-sidebar","site-content-layout":"","ast-site-content-layout":"full-width-container","site-content-style":"default","site-sidebar-style":"default","ast-global-header-display":"","ast-banner-title-visibility":"","ast-main-header-display":"","ast-hfb-above-header-display":"","ast-hfb-below-header-display":"","ast-hfb-mobile-header-display":"","site-post-title":"disabled","ast-breadcrumbs-content":"","ast-featured-img":"disabled","footer-sml-layout":"","theme-transparent-header-meta":"default","adv-header-id-meta":"","stick-header-meta":"","header-above-stick-meta":"","header-main-stick-meta":"","header-below-stick-meta":"","astra-migrate-meta-layouts":"set","ast-page-background-enabled":"default","ast-page-background-meta":{"desktop":{"background-color":"var(--ast-global-color-5)","background-image":"","background-repeat":"repeat","background-position":"center center","background-size":"auto","background-attachment":"scroll","background-type":"","background-media":"","overlay-type":"","overlay-color":"","overlay-opacity":"","overlay-gradient":""},"tablet":{"background-color":"","background-image":"","background-repeat":"repeat","background-position":"center center","background-size":"auto","background-attachment":"scroll","background-type":"","background-media":"","overlay-type":"","overlay-color":"","overlay-opacity":"","overlay-gradient":""},"mobile":{"background-color":"","background-image":"","background-repeat":"repeat","background-position":"center center","background-size":"auto","background-attachment":"scroll","background-type":"","background-media":"","overlay-type":"","overlay-color":"","overlay-opacity":"","overlay-gradient":""}},"ast-content-background-meta":{"desktop":{"background-color":"var(--ast-global-color-4)","background-image":"","background-repeat":"repeat","background-position":"center center","background-size":"auto","background-attachment":"scroll","background-type":"","background-media":"","overlay-type":"","overlay-color":"","overlay-opacity":"","overlay-gradient":""},"tablet":{"background-color":"var(--ast-global-color-4)","background-image":"","background-repeat":"repeat","background-position":"center center","background-size":"auto","background-attachment":"scroll","background-type":"","background-media":"","overlay-type":"","overlay-color":"","overlay-opacity":"","overlay-gradient":""},"mobile":{"background-color":"var(--ast-global-color-4)","background-image":"","background-repeat":"repeat","background-position":"center center","background-size":"auto","background-attachment":"scroll","background-type":"","background-media":"","overlay-type":"","overlay-color":"","overlay-opacity":"","overlay-gradient":""}},"footnotes":""},"class_list":["post-2222","page","type-page","status-publish","hentry"],"_hostinger_reach_plugin_has_subscription_block":false,"_hostinger_reach_plugin_is_elementor":false,"_links":{"self":[{"href":"https:\/\/www.gigapa.com\/cs\/wp-json\/wp\/v2\/pages\/2222","targetHints":{"allow":["GET"]}}],"collection":[{"href":"https:\/\/www.gigapa.com\/cs\/wp-json\/wp\/v2\/pages"}],"about":[{"href":"https:\/\/www.gigapa.com\/cs\/wp-json\/wp\/v2\/types\/page"}],"author":[{"embeddable":true,"href":"https:\/\/www.gigapa.com\/cs\/wp-json\/wp\/v2\/users\/1"}],"replies":[{"embeddable":true,"href":"https:\/\/www.gigapa.com\/cs\/wp-json\/wp\/v2\/comments?post=2222"}],"version-history":[{"count":12,"href":"https:\/\/www.gigapa.com\/cs\/wp-json\/wp\/v2\/pages\/2222\/revisions"}],"predecessor-version":[{"id":2291,"href":"https:\/\/www.gigapa.com\/cs\/wp-json\/wp\/v2\/pages\/2222\/revisions\/2291"}],"wp:attachment":[{"href":"https:\/\/www.gigapa.com\/cs\/wp-json\/wp\/v2\/media?parent=2222"}],"curies":[{"name":"wp","href":"https:\/\/api.w.org\/{rel}","templated":true}]}}