{"id":251,"date":"2025-02-07T10:14:41","date_gmt":"2025-02-07T02:14:41","guid":{"rendered":"https:\/\/gigapa.com\/blog\/"},"modified":"2025-07-07T15:22:21","modified_gmt":"2025-07-07T07:22:21","slug":"blog","status":"publish","type":"page","link":"https:\/\/www.gigapa.com\/cs\/blog\/","title":{"rendered":"Blog"},"content":{"rendered":"<div data-elementor-type=\"wp-page\" data-elementor-id=\"251\" class=\"elementor elementor-251\" data-elementor-post-type=\"page\">\n\t\t\t\t<div class=\"elementor-element elementor-element-b190c1d e-flex e-con-boxed e-con e-parent\" data-id=\"b190c1d\" data-element_type=\"container\" data-e-type=\"container\" data-settings=\"{&quot;background_background&quot;:&quot;classic&quot;}\">\n\t\t\t\t\t<div class=\"e-con-inner\">\n\t\t\t\t<div class=\"elementor-element elementor-element-c5ec22d elementor-widget elementor-widget-heading\" data-id=\"c5ec22d\" data-element_type=\"widget\" data-e-type=\"widget\" data-widget_type=\"heading.default\">\n\t\t\t\t<div class=\"elementor-widget-container\">\n\t\t\t\t\t<p class=\"elementor-heading-title elementor-size-default\">Hlub\u0161\u00ed pronik\u00e1n\u00ed do technologi\u00ed<\/p>\t\t\t\t<\/div>\n\t\t\t\t<\/div>\n\t\t\t\t<div class=\"elementor-element elementor-element-474725a elementor-widget elementor-widget-heading\" data-id=\"474725a\" data-element_type=\"widget\" data-e-type=\"widget\" data-widget_type=\"heading.default\">\n\t\t\t\t<div class=\"elementor-widget-container\">\n\t\t\t\t\t<h2 class=\"elementor-heading-title elementor-size-default\">Kontrola kvality od zdroje<\/h2>\t\t\t\t<\/div>\n\t\t\t\t<\/div>\n\t\t\t\t<div class=\"elementor-element elementor-element-04e34a6 elementor-widget elementor-widget-heading\" data-id=\"04e34a6\" data-element_type=\"widget\" data-e-type=\"widget\" data-widget_type=\"heading.default\">\n\t\t\t\t<div class=\"elementor-widget-container\">\n\t\t\t\t\t<h2 class=\"elementor-heading-title elementor-size-default\">V\u00fdzkum a v\u00fdvoj, v\u00fdroba, prodej a servis v jednom<\/h2>\t\t\t\t<\/div>\n\t\t\t\t<\/div>\n\t\t\t\t\t<\/div>\n\t\t\t\t<\/div>\n\t\t<div class=\"elementor-element elementor-element-edbd881 e-flex e-con-boxed e-con e-parent\" data-id=\"edbd881\" data-element_type=\"container\" data-e-type=\"container\">\n\t\t\t\t\t<div class=\"e-con-inner\">\n\t\t\t\t<div class=\"elementor-element elementor-element-6f340ac elementor-widget elementor-widget-heading\" data-id=\"6f340ac\" data-element_type=\"widget\" data-e-type=\"widget\" data-widget_type=\"heading.default\">\n\t\t\t\t<div class=\"elementor-widget-container\">\n\t\t\t\t\t<h1 class=\"elementor-heading-title elementor-size-default\">Blog<\/h1>\t\t\t\t<\/div>\n\t\t\t\t<\/div>\n\t\t\t\t<div class=\"elementor-element elementor-element-945d6ab elementor-widget elementor-widget-woocommerce-breadcrumb\" data-id=\"945d6ab\" data-element_type=\"widget\" data-e-type=\"widget\" data-widget_type=\"woocommerce-breadcrumb.default\">\n\t\t\t\t<div class=\"elementor-widget-container\">\n\t\t\t\t\t<nav class=\"woocommerce-breadcrumb\" aria-label=\"Breadcrumb\" data-no-translation=\"\" data-trp-gettext=\"\">Dom\u016f<\/nav>\t\t\t\t<\/div>\n\t\t\t\t<\/div>\n\t\t\t\t<div class=\"elementor-element elementor-element-159e195 elementor-grid-3 elementor-grid-tablet-2 elementor-grid-mobile-1 elementor-posts--thumbnail-top elementor-widget elementor-widget-posts\" data-id=\"159e195\" data-element_type=\"widget\" data-e-type=\"widget\" data-settings=\"{&quot;pagination_type&quot;:&quot;numbers_and_prev_next&quot;,&quot;classic_columns&quot;:&quot;3&quot;,&quot;classic_columns_tablet&quot;:&quot;2&quot;,&quot;classic_columns_mobile&quot;:&quot;1&quot;,&quot;classic_row_gap&quot;:{&quot;unit&quot;:&quot;px&quot;,&quot;size&quot;:35,&quot;sizes&quot;:[]},&quot;classic_row_gap_tablet&quot;:{&quot;unit&quot;:&quot;px&quot;,&quot;size&quot;:&quot;&quot;,&quot;sizes&quot;:[]},&quot;classic_row_gap_mobile&quot;:{&quot;unit&quot;:&quot;px&quot;,&quot;size&quot;:&quot;&quot;,&quot;sizes&quot;:[]}}\" data-widget_type=\"posts.classic\">\n\t\t\t\t<div class=\"elementor-widget-container\">\n\t\t\t\t\t\t\t<div class=\"elementor-posts-container elementor-posts elementor-posts--skin-classic elementor-grid\">\n\t\t\t\t<article class=\"elementor-post elementor-grid-item post-3047 post type-post status-publish format-standard has-post-thumbnail hentry category-industry-news\">\n\t\t\t\t<a class=\"elementor-post__thumbnail__link\" href=\"https:\/\/www.gigapa.com\/cs\/woven-bag-shredder-the-ultimate-solution-for-pp-woven-bag-recycling-and-waste-reduction\/\" tabindex=\"-1\" >\n\t\t\t<div class=\"elementor-post__thumbnail\"><img fetchpriority=\"high\" decoding=\"async\" width=\"412\" height=\"321\" src=\"https:\/\/www.gigapa.com\/wp-content\/uploads\/2026\/05\/ScreenShot_2026-05-09_170510_586.png\" class=\"attachment-full size-full wp-image-3048\" alt=\"\" srcset=\"https:\/\/www.gigapa.com\/wp-content\/uploads\/2026\/05\/ScreenShot_2026-05-09_170510_586.png 412w, https:\/\/www.gigapa.com\/wp-content\/uploads\/2026\/05\/ScreenShot_2026-05-09_170510_586-300x234.png 300w, https:\/\/www.gigapa.com\/wp-content\/uploads\/2026\/05\/ScreenShot_2026-05-09_170510_586-15x12.png 15w\" sizes=\"(max-width: 412px) 100vw, 412px\" \/><\/div>\n\t\t<\/a>\n\t\t\t\t<div class=\"elementor-post__text\">\n\t\t\t\t<h2 class=\"elementor-post__title\">\n\t\t\t<a href=\"https:\/\/www.gigapa.com\/cs\/woven-bag-shredder-the-ultimate-solution-for-pp-woven-bag-recycling-and-waste-reduction\/\" >\n\t\t\t\tSkartova\u010dka tkan\u00fdch pytl\u016f: Kone\u010dn\u00e9 \u0159e\u0161en\u00ed pro recyklaci PP tkan\u00fdch pytl\u016f a sn\u00ed\u017een\u00ed mno\u017estv\u00ed odpadu\t\t\t<\/a>\n\t\t<\/h2>\n\t\t\t\t<div class=\"elementor-post__meta-data\">\n\t\t\t\t\t<span class=\"elementor-post-date\">\n\t\t\t9 kv\u011btna, 2026\t\t<\/span>\n\t\t\t\t<\/div>\n\t\t\t\t<div class=\"elementor-post__excerpt\">\n\t\t\t<p>Technologie drti\u010d\u016f s tkan\u00fdmi pytli hraje st\u00e1le d\u016fle\u017eit\u011bj\u0161\u00ed roli, proto\u017ee pr\u016fmyslov\u00e1 odv\u011btv\u00ed po cel\u00e9m sv\u011bt\u011b se st\u00e1le v\u00edce zam\u011b\u0159uj\u00ed na udr\u017eitelnost.<\/p>\n\t\t<\/div>\n\t\t\n\t\t<a class=\"elementor-post__read-more\" href=\"https:\/\/www.gigapa.com\/cs\/woven-bag-shredder-the-ultimate-solution-for-pp-woven-bag-recycling-and-waste-reduction\/\" aria-label=\"P\u0159e\u010dt\u011bte si v\u00edce o skartova\u010dce tkan\u00fdch pytl\u016f: Kone\u010dn\u00e9 \u0159e\u0161en\u00ed pro recyklaci PP tkan\u00fdch pytl\u016f a sn\u00ed\u017een\u00ed mno\u017estv\u00ed odpadu\" tabindex=\"-1\" >\n\t\t\tP\u0159e\u010dt\u011bte si v\u00edce \"\t\t<\/a>\n\n\t\t\t\t<\/div>\n\t\t\t\t<\/article>\n\t\t\t\t<article class=\"elementor-post elementor-grid-item post-3041 post type-post status-publish format-standard has-post-thumbnail hentry category-industry-news\">\n\t\t\t\t<a class=\"elementor-post__thumbnail__link\" href=\"https:\/\/www.gigapa.com\/cs\/medical-waste-shredder-a-complete-guide-to-safe-efficient-and-compliant-waste-management\/\" tabindex=\"-1\" >\n\t\t\t<div class=\"elementor-post__thumbnail\"><img decoding=\"async\" width=\"490\" height=\"347\" src=\"https:\/\/www.gigapa.com\/wp-content\/uploads\/2026\/04\/ScreenShot_2026-04-30_165818_278.png\" class=\"attachment-full size-full wp-image-3042\" alt=\"\" srcset=\"https:\/\/www.gigapa.com\/wp-content\/uploads\/2026\/04\/ScreenShot_2026-04-30_165818_278.png 490w, https:\/\/www.gigapa.com\/wp-content\/uploads\/2026\/04\/ScreenShot_2026-04-30_165818_278-300x212.png 300w, https:\/\/www.gigapa.com\/wp-content\/uploads\/2026\/04\/ScreenShot_2026-04-30_165818_278-18x12.png 18w\" sizes=\"(max-width: 490px) 100vw, 490px\" \/><\/div>\n\t\t<\/a>\n\t\t\t\t<div class=\"elementor-post__text\">\n\t\t\t\t<h2 class=\"elementor-post__title\">\n\t\t\t<a href=\"https:\/\/www.gigapa.com\/cs\/medical-waste-shredder-a-complete-guide-to-safe-efficient-and-compliant-waste-management\/\" >\n\t\t\t\tSkartova\u010dka zdravotnick\u00e9ho odpadu: Kompletn\u00ed pr\u016fvodce bezpe\u010dn\u00fdm, efektivn\u00edm a vyhovuj\u00edc\u00edm nakl\u00e1d\u00e1n\u00edm s odpadem\t\t\t<\/a>\n\t\t<\/h2>\n\t\t\t\t<div class=\"elementor-post__meta-data\">\n\t\t\t\t\t<span class=\"elementor-post-date\">\n\t\t\t30. dubna 2026\t\t<\/span>\n\t\t\t\t<\/div>\n\t\t\t\t<div class=\"elementor-post__excerpt\">\n\t\t\t<p>Drti\u010d zdravotnick\u00e9ho odpadu hraje kl\u00ed\u010dovou roli v dne\u0161n\u00edm zdravotnictv\u00ed, kde je spr\u00e1vn\u00e9 nakl\u00e1d\u00e1n\u00ed se zdravotnick\u00fdm odpadem a jeho likvidace velmi d\u016fle\u017eit\u00e1.<\/p>\n\t\t<\/div>\n\t\t\n\t\t<a class=\"elementor-post__read-more\" href=\"https:\/\/www.gigapa.com\/cs\/medical-waste-shredder-a-complete-guide-to-safe-efficient-and-compliant-waste-management\/\" aria-label=\"P\u0159e\u010dt\u011bte si v\u00edce o skartova\u010dce zdravotnick\u00e9ho odpadu: Kompletn\u00ed pr\u016fvodce bezpe\u010dn\u00fdm, efektivn\u00edm a vyhovuj\u00edc\u00edm nakl\u00e1d\u00e1n\u00edm s odpadem\" tabindex=\"-1\" >\n\t\t\tP\u0159e\u010dt\u011bte si v\u00edce \"\t\t<\/a>\n\n\t\t\t\t<\/div>\n\t\t\t\t<\/article>\n\t\t\t\t<article class=\"elementor-post elementor-grid-item post-3034 post type-post status-publish format-standard has-post-thumbnail hentry category-industry-news\">\n\t\t\t\t<a class=\"elementor-post__thumbnail__link\" href=\"https:\/\/www.gigapa.com\/cs\/metal-shredder-the-complete-guide-to-efficient-metal-recycling-solutions\/\" tabindex=\"-1\" >\n\t\t\t<div class=\"elementor-post__thumbnail\"><img decoding=\"async\" width=\"368\" height=\"311\" src=\"https:\/\/www.gigapa.com\/wp-content\/uploads\/2026\/04\/ScreenShot_2026-04-24_163858_494.png\" class=\"attachment-full size-full wp-image-3036\" alt=\"\" srcset=\"https:\/\/www.gigapa.com\/wp-content\/uploads\/2026\/04\/ScreenShot_2026-04-24_163858_494.png 368w, https:\/\/www.gigapa.com\/wp-content\/uploads\/2026\/04\/ScreenShot_2026-04-24_163858_494-300x254.png 300w, https:\/\/www.gigapa.com\/wp-content\/uploads\/2026\/04\/ScreenShot_2026-04-24_163858_494-14x12.png 14w\" sizes=\"(max-width: 368px) 100vw, 368px\" \/><\/div>\n\t\t<\/a>\n\t\t\t\t<div class=\"elementor-post__text\">\n\t\t\t\t<h2 class=\"elementor-post__title\">\n\t\t\t<a href=\"https:\/\/www.gigapa.com\/cs\/metal-shredder-the-complete-guide-to-efficient-metal-recycling-solutions\/\" >\n\t\t\t\tSkartova\u010dka kov\u016f: Kompletn\u00ed pr\u016fvodce efektivn\u00edm \u0159e\u0161en\u00edm recyklace kov\u016f\t\t\t<\/a>\n\t\t<\/h2>\n\t\t\t\t<div class=\"elementor-post__meta-data\">\n\t\t\t\t\t<span class=\"elementor-post-date\">\n\t\t\t24 dubna, 2026\t\t<\/span>\n\t\t\t\t<\/div>\n\t\t\t\t<div class=\"elementor-post__excerpt\">\n\t\t\t<p>Drti\u010de kov\u016f se staly z\u00e1kladn\u00edm vybaven\u00edm v dne\u0161n\u00edm rychle se vyv\u00edjej\u00edc\u00edm pr\u016fmyslov\u00e9m prost\u0159ed\u00ed, kde recyklace kov\u016f ji\u017e nen\u00ed jen z\u00e1le\u017eitost\u00ed.<\/p>\n\t\t<\/div>\n\t\t\n\t\t<a class=\"elementor-post__read-more\" href=\"https:\/\/www.gigapa.com\/cs\/metal-shredder-the-complete-guide-to-efficient-metal-recycling-solutions\/\" aria-label=\"P\u0159e\u010dt\u011bte si v\u00edce o skartova\u010dce kov\u016f: Kompletn\u00ed pr\u016fvodce efektivn\u00edm \u0159e\u0161en\u00edm recyklace kov\u016f\" tabindex=\"-1\" >\n\t\t\tP\u0159e\u010dt\u011bte si v\u00edce \"\t\t<\/a>\n\n\t\t\t\t<\/div>\n\t\t\t\t<\/article>\n\t\t\t\t<article class=\"elementor-post elementor-grid-item post-3027 post type-post status-publish format-standard has-post-thumbnail hentry category-industry-news\">\n\t\t\t\t<a class=\"elementor-post__thumbnail__link\" href=\"https:\/\/www.gigapa.com\/cs\/wood-shavings-bagging-machine-the-ultimate-guide-to-efficient-biomass-packaging\/\" tabindex=\"-1\" >\n\t\t\t<div class=\"elementor-post__thumbnail\"><img loading=\"lazy\" decoding=\"async\" width=\"500\" height=\"500\" src=\"https:\/\/www.gigapa.com\/wp-content\/uploads\/2025\/09\/\u5957\u888b\u673a2.png\" class=\"attachment-full size-full wp-image-2698\" alt=\"Balic\u00ed stroj na pytle\" srcset=\"https:\/\/www.gigapa.com\/wp-content\/uploads\/2025\/09\/\u5957\u888b\u673a2.png 500w, https:\/\/www.gigapa.com\/wp-content\/uploads\/2025\/09\/\u5957\u888b\u673a2-300x300.png 300w, https:\/\/www.gigapa.com\/wp-content\/uploads\/2025\/09\/\u5957\u888b\u673a2-150x150.png 150w, https:\/\/www.gigapa.com\/wp-content\/uploads\/2025\/09\/\u5957\u888b\u673a2-12x12.png 12w, https:\/\/www.gigapa.com\/wp-content\/uploads\/2025\/09\/\u5957\u888b\u673a2-100x100.png 100w\" sizes=\"(max-width: 500px) 100vw, 500px\" \/><\/div>\n\t\t<\/a>\n\t\t\t\t<div class=\"elementor-post__text\">\n\t\t\t\t<h2 class=\"elementor-post__title\">\n\t\t\t<a href=\"https:\/\/www.gigapa.com\/cs\/wood-shavings-bagging-machine-the-ultimate-guide-to-efficient-biomass-packaging\/\" >\n\t\t\t\tStroj na pytlov\u00e1n\u00ed hoblin: Stroj na balen\u00ed d\u0159evn\u00ed hmoty: dokonal\u00fd pr\u016fvodce efektivn\u00edm balen\u00edm biomasy\t\t\t<\/a>\n\t\t<\/h2>\n\t\t\t\t<div class=\"elementor-post__meta-data\">\n\t\t\t\t\t<span class=\"elementor-post-date\">\n\t\t\t17 dubna, 2026\t\t<\/span>\n\t\t\t\t<\/div>\n\t\t\t\t<div class=\"elementor-post__excerpt\">\n\t\t\t<p>Pytlovac\u00ed stroj na d\u0159ev\u011bn\u00e9 hobliny hraje v modern\u00edch provozech na zpracov\u00e1n\u00ed a balen\u00ed biomasy z\u00e1sadn\u00ed roli. Vzhledem k tomu, \u017ee pr\u016fmyslov\u00e1 odv\u011btv\u00ed, jako je nap\u0159.<\/p>\n\t\t<\/div>\n\t\t\n\t\t<a class=\"elementor-post__read-more\" href=\"https:\/\/www.gigapa.com\/cs\/wood-shavings-bagging-machine-the-ultimate-guide-to-efficient-biomass-packaging\/\" aria-label=\"P\u0159e\u010dt\u011bte si v\u00edce o stroji na pytlov\u00e1n\u00ed hoblin: Nejd\u016fle\u017eit\u011bj\u0161\u00ed pr\u016fvodce efektivn\u00edm balen\u00edm biomasy\" tabindex=\"-1\" >\n\t\t\tP\u0159e\u010dt\u011bte si v\u00edce \"\t\t<\/a>\n\n\t\t\t\t<\/div>\n\t\t\t\t<\/article>\n\t\t\t\t<article class=\"elementor-post elementor-grid-item post-3019 post type-post status-publish format-standard has-post-thumbnail hentry category-industry-news\">\n\t\t\t\t<a class=\"elementor-post__thumbnail__link\" href=\"https:\/\/www.gigapa.com\/cs\/straw-shredder-the-ultimate-solution-for-efficient-agricultural-waste-management\/\" tabindex=\"-1\" >\n\t\t\t<div class=\"elementor-post__thumbnail\"><img loading=\"lazy\" decoding=\"async\" width=\"482\" height=\"357\" src=\"https:\/\/www.gigapa.com\/wp-content\/uploads\/2026\/01\/ScreenShot_2026-01-28_160741_407.png\" class=\"attachment-full size-full wp-image-2933\" alt=\"\" srcset=\"https:\/\/www.gigapa.com\/wp-content\/uploads\/2026\/01\/ScreenShot_2026-01-28_160741_407.png 482w, https:\/\/www.gigapa.com\/wp-content\/uploads\/2026\/01\/ScreenShot_2026-01-28_160741_407-300x222.png 300w, https:\/\/www.gigapa.com\/wp-content\/uploads\/2026\/01\/ScreenShot_2026-01-28_160741_407-16x12.png 16w\" sizes=\"(max-width: 482px) 100vw, 482px\" \/><\/div>\n\t\t<\/a>\n\t\t\t\t<div class=\"elementor-post__text\">\n\t\t\t\t<h2 class=\"elementor-post__title\">\n\t\t\t<a href=\"https:\/\/www.gigapa.com\/cs\/straw-shredder-the-ultimate-solution-for-efficient-agricultural-waste-management\/\" >\n\t\t\t\tDrti\u010d sl\u00e1my: Kone\u010dn\u00e9 \u0159e\u0161en\u00ed pro efektivn\u00ed nakl\u00e1d\u00e1n\u00ed se zem\u011bd\u011blsk\u00fdm odpadem\t\t\t<\/a>\n\t\t<\/h2>\n\t\t\t\t<div class=\"elementor-post__meta-data\">\n\t\t\t\t\t<span class=\"elementor-post-date\">\n\t\t\t10 dubna, 2026\t\t<\/span>\n\t\t\t\t<\/div>\n\t\t\t\t<div class=\"elementor-post__excerpt\">\n\t\t\t<p>Drti\u010d sl\u00e1my se v modern\u00edm zem\u011bd\u011blstv\u00ed stal z\u00e1kladn\u00edm \u0159e\u0161en\u00edm pro nakl\u00e1d\u00e1n\u00ed s rostlinn\u00fdmi zbytky, jako jsou sl\u00e1ma, st\u00e9bla a dal\u0161\u00ed.<\/p>\n\t\t<\/div>\n\t\t\n\t\t<a class=\"elementor-post__read-more\" href=\"https:\/\/www.gigapa.com\/cs\/straw-shredder-the-ultimate-solution-for-efficient-agricultural-waste-management\/\" aria-label=\"P\u0159e\u010dt\u011bte si v\u00edce o skartova\u010dce sl\u00e1my: Kone\u010dn\u00e9 \u0159e\u0161en\u00ed pro efektivn\u00ed nakl\u00e1d\u00e1n\u00ed se zem\u011bd\u011blsk\u00fdm odpadem\" tabindex=\"-1\" >\n\t\t\tP\u0159e\u010dt\u011bte si v\u00edce \"\t\t<\/a>\n\n\t\t\t\t<\/div>\n\t\t\t\t<\/article>\n\t\t\t\t<article class=\"elementor-post elementor-grid-item post-3014 post type-post status-publish format-standard has-post-thumbnail hentry category-industry-news\">\n\t\t\t\t<a class=\"elementor-post__thumbnail__link\" href=\"https:\/\/www.gigapa.com\/cs\/marine-baler-the-essential-waste-management-solution-for-modern-vessels\/\" tabindex=\"-1\" >\n\t\t\t<div class=\"elementor-post__thumbnail\"><img loading=\"lazy\" decoding=\"async\" width=\"1280\" height=\"1707\" src=\"https:\/\/www.gigapa.com\/wp-content\/uploads\/2026\/03\/c15d80ee127b3c3ff4822da68d5a1b12.jpg\" class=\"attachment-full size-full wp-image-3001\" alt=\"\" srcset=\"https:\/\/www.gigapa.com\/wp-content\/uploads\/2026\/03\/c15d80ee127b3c3ff4822da68d5a1b12.jpg 1280w, https:\/\/www.gigapa.com\/wp-content\/uploads\/2026\/03\/c15d80ee127b3c3ff4822da68d5a1b12-225x300.jpg 225w, https:\/\/www.gigapa.com\/wp-content\/uploads\/2026\/03\/c15d80ee127b3c3ff4822da68d5a1b12-768x1024.jpg 768w, https:\/\/www.gigapa.com\/wp-content\/uploads\/2026\/03\/c15d80ee127b3c3ff4822da68d5a1b12-1152x1536.jpg 1152w, https:\/\/www.gigapa.com\/wp-content\/uploads\/2026\/03\/c15d80ee127b3c3ff4822da68d5a1b12-9x12.jpg 9w, https:\/\/www.gigapa.com\/wp-content\/uploads\/2026\/03\/c15d80ee127b3c3ff4822da68d5a1b12-600x800.jpg 600w\" sizes=\"(max-width: 1280px) 100vw, 1280px\" \/><\/div>\n\t\t<\/a>\n\t\t\t\t<div class=\"elementor-post__text\">\n\t\t\t\t<h2 class=\"elementor-post__title\">\n\t\t\t<a href=\"https:\/\/www.gigapa.com\/cs\/marine-baler-the-essential-waste-management-solution-for-modern-vessels\/\" >\n\t\t\t\tN\u00e1mo\u0159n\u00ed lis: Z\u00e1kladn\u00ed \u0159e\u0161en\u00ed nakl\u00e1d\u00e1n\u00ed s odpadem pro modern\u00ed plavidla\t\t\t<\/a>\n\t\t<\/h2>\n\t\t\t\t<div class=\"elementor-post__meta-data\">\n\t\t\t\t\t<span class=\"elementor-post-date\">\n\t\t\t3 dubna, 2026\t\t<\/span>\n\t\t\t\t<\/div>\n\t\t\t\t<div class=\"elementor-post__excerpt\">\n\t\t\t<p>N\u00e1mo\u0159n\u00ed lis se stal z\u00e1kladn\u00edm \u0159e\u0161en\u00edm v dne\u0161n\u00edm n\u00e1mo\u0159n\u00edm pr\u016fmyslu, kde efektivn\u00ed nakl\u00e1d\u00e1n\u00ed s odpadem ji\u017e nen\u00ed voliteln\u00e9, ale<\/p>\n\t\t<\/div>\n\t\t\n\t\t<a class=\"elementor-post__read-more\" href=\"https:\/\/www.gigapa.com\/cs\/marine-baler-the-essential-waste-management-solution-for-modern-vessels\/\" aria-label=\"P\u0159e\u010dt\u011bte si v\u00edce o n\u00e1mo\u0159n\u00edm lisu: Z\u00e1kladn\u00ed \u0159e\u0161en\u00ed pro nakl\u00e1d\u00e1n\u00ed s odpadem na modern\u00edch plavidlech\" tabindex=\"-1\" >\n\t\t\tP\u0159e\u010dt\u011bte si v\u00edce \"\t\t<\/a>\n\n\t\t\t\t<\/div>\n\t\t\t\t<\/article>\n\t\t\t\t<\/div>\n\t\t\n\t\t\t\t<div class=\"e-load-more-anchor\" data-page=\"1\" data-max-page=\"11\" data-next-page=\"https:\/\/www.gigapa.com\/wp-json\/wp\/v2\/pages\/251\/page\/2\/\"><\/div>\n\t\t\t\t<nav class=\"elementor-pagination\" aria-label=\"Str\u00e1nkov\u00e1n\u00ed\">\n\t\t\t<span class=\"page-numbers prev\">\" P\u0159edchoz\u00ed<\/span>\n<span aria-current=\"page\" class=\"page-numbers current\"><span class=\"elementor-screen-only\">Str\u00e1nka<\/span>1<\/span>\n<a class=\"page-numbers\" href=\"https:\/\/www.gigapa.com\/wp-json\/wp\/v2\/pages\/251\/page\/2\/\"><span class=\"elementor-screen-only\">Str\u00e1nka<\/span>2<\/a>\n<a class=\"page-numbers\" href=\"https:\/\/www.gigapa.com\/wp-json\/wp\/v2\/pages\/251\/page\/3\/\"><span class=\"elementor-screen-only\">Str\u00e1nka<\/span>3<\/a>\n<a class=\"page-numbers\" href=\"https:\/\/www.gigapa.com\/wp-json\/wp\/v2\/pages\/251\/page\/4\/\"><span class=\"elementor-screen-only\">Str\u00e1nka<\/span>4<\/a>\n<a class=\"page-numbers\" href=\"https:\/\/www.gigapa.com\/wp-json\/wp\/v2\/pages\/251\/page\/5\/\"><span class=\"elementor-screen-only\">Str\u00e1nka<\/span>5<\/a>\n<a class=\"page-numbers\" href=\"https:\/\/www.gigapa.com\/wp-json\/wp\/v2\/pages\/251\/page\/6\/\"><span class=\"elementor-screen-only\">Str\u00e1nka<\/span>6<\/a>\n<a class=\"page-numbers\" href=\"https:\/\/www.gigapa.com\/wp-json\/wp\/v2\/pages\/251\/page\/7\/\"><span class=\"elementor-screen-only\">Str\u00e1nka<\/span>7<\/a>\n<a class=\"page-numbers\" href=\"https:\/\/www.gigapa.com\/wp-json\/wp\/v2\/pages\/251\/page\/8\/\"><span class=\"elementor-screen-only\">Str\u00e1nka<\/span>8<\/a>\n<a class=\"page-numbers\" href=\"https:\/\/www.gigapa.com\/wp-json\/wp\/v2\/pages\/251\/page\/9\/\"><span class=\"elementor-screen-only\">Str\u00e1nka<\/span>9<\/a>\n<a class=\"page-numbers\" href=\"https:\/\/www.gigapa.com\/wp-json\/wp\/v2\/pages\/251\/page\/10\/\"><span class=\"elementor-screen-only\">Str\u00e1nka<\/span>10<\/a>\n<a class=\"page-numbers\" href=\"https:\/\/www.gigapa.com\/wp-json\/wp\/v2\/pages\/251\/page\/11\/\"><span class=\"elementor-screen-only\">Str\u00e1nka<\/span>11<\/a>\n<a class=\"page-numbers next\" href=\"https:\/\/www.gigapa.com\/wp-json\/wp\/v2\/pages\/251\/page\/2\/\">Dal\u0161\u00ed \"<\/a>\t\t<\/nav>\n\t\t\t\t\t\t<\/div>\n\t\t\t\t<\/div>\n\t\t\t\t\t<\/div>\n\t\t\t\t<\/div>\n\t\t\t\t<\/div>","protected":false},"excerpt":{"rendered":"<p>Hloub\u011bji o kvalit\u011b \u0159\u00edzen\u00ed technologi\u00ed ze zdroj\u016f v\u00fdzkumu a v\u00fdvoje, v\u00fdroby, prodeje a servisu v jednom blogu<\/p>","protected":false},"author":1,"featured_media":0,"parent":0,"menu_order":0,"comment_status":"closed","ping_status":"closed","template":"","meta":{"site-sidebar-layout":"no-sidebar","site-content-layout":"","ast-site-content-layout":"full-width-container","site-content-style":"default","site-sidebar-style":"default","ast-global-header-display":"","ast-banner-title-visibility":"","ast-main-header-display":"","ast-hfb-above-header-display":"","ast-hfb-below-header-display":"","ast-hfb-mobile-header-display":"","site-post-title":"disabled","ast-breadcrumbs-content":"","ast-featured-img":"disabled","footer-sml-layout":"","ast-disable-related-posts":"","theme-transparent-header-meta":"","adv-header-id-meta":"","stick-header-meta":"","header-above-stick-meta":"","header-main-stick-meta":"","header-below-stick-meta":"","astra-migrate-meta-layouts":"default","ast-page-background-enabled":"default","ast-page-background-meta":{"desktop":{"background-color":"var(--ast-global-color-5)","background-image":"","background-repeat":"repeat","background-position":"center center","background-size":"auto","background-attachment":"scroll","background-type":"","background-media":"","overlay-type":"","overlay-color":"","overlay-opacity":"","overlay-gradient":""},"tablet":{"background-color":"","background-image":"","background-repeat":"repeat","background-position":"center center","background-size":"auto","background-attachment":"scroll","background-type":"","background-media":"","overlay-type":"","overlay-color":"","overlay-opacity":"","overlay-gradient":""},"mobile":{"background-color":"","background-image":"","background-repeat":"repeat","background-position":"center center","background-size":"auto","background-attachment":"scroll","background-type":"","background-media":"","overlay-type":"","overlay-color":"","overlay-opacity":"","overlay-gradient":""}},"ast-content-background-meta":{"desktop":{"background-color":"var(--ast-global-color-4)","background-image":"","background-repeat":"repeat","background-position":"center center","background-size":"auto","background-attachment":"scroll","background-type":"","background-media":"","overlay-type":"","overlay-color":"","overlay-opacity":"","overlay-gradient":""},"tablet":{"background-color":"var(--ast-global-color-4)","background-image":"","background-repeat":"repeat","background-position":"center center","background-size":"auto","background-attachment":"scroll","background-type":"","background-media":"","overlay-type":"","overlay-color":"","overlay-opacity":"","overlay-gradient":""},"mobile":{"background-color":"var(--ast-global-color-4)","background-image":"","background-repeat":"repeat","background-position":"center center","background-size":"auto","background-attachment":"scroll","background-type":"","background-media":"","overlay-type":"","overlay-color":"","overlay-opacity":"","overlay-gradient":""}},"footnotes":""},"class_list":["post-251","page","type-page","status-publish","hentry"],"_hostinger_reach_plugin_has_subscription_block":false,"_hostinger_reach_plugin_is_elementor":false,"_links":{"self":[{"href":"https:\/\/www.gigapa.com\/cs\/wp-json\/wp\/v2\/pages\/251","targetHints":{"allow":["GET"]}}],"collection":[{"href":"https:\/\/www.gigapa.com\/cs\/wp-json\/wp\/v2\/pages"}],"about":[{"href":"https:\/\/www.gigapa.com\/cs\/wp-json\/wp\/v2\/types\/page"}],"author":[{"embeddable":true,"href":"https:\/\/www.gigapa.com\/cs\/wp-json\/wp\/v2\/users\/1"}],"replies":[{"embeddable":true,"href":"https:\/\/www.gigapa.com\/cs\/wp-json\/wp\/v2\/comments?post=251"}],"version-history":[{"count":66,"href":"https:\/\/www.gigapa.com\/cs\/wp-json\/wp\/v2\/pages\/251\/revisions"}],"predecessor-version":[{"id":2332,"href":"https:\/\/www.gigapa.com\/cs\/wp-json\/wp\/v2\/pages\/251\/revisions\/2332"}],"wp:attachment":[{"href":"https:\/\/www.gigapa.com\/cs\/wp-json\/wp\/v2\/media?parent=251"}],"curies":[{"name":"wp","href":"https:\/\/api.w.org\/{rel}","templated":true}]}}