{"id":889,"date":"2025-05-06T15:27:16","date_gmt":"2025-05-06T07:27:16","guid":{"rendered":"https:\/\/gigapa.com\/?page_id=889"},"modified":"2025-07-24T17:09:10","modified_gmt":"2025-07-24T09:09:10","slug":"o-nas","status":"publish","type":"page","link":"https:\/\/www.gigapa.com\/cs\/o-nas\/","title":{"rendered":"O n\u00e1s"},"content":{"rendered":"<div data-elementor-type=\"wp-page\" data-elementor-id=\"889\" class=\"elementor elementor-889\" data-elementor-post-type=\"page\">\n\t\t\t\t<div class=\"elementor-element elementor-element-ba014eb e-flex e-con-boxed e-con e-parent\" data-id=\"ba014eb\" data-element_type=\"container\" data-e-type=\"container\" data-settings=\"{&quot;background_background&quot;:&quot;classic&quot;}\">\n\t\t\t\t\t<div class=\"e-con-inner\">\n\t\t\t\t\t<\/div>\n\t\t\t\t<\/div>\n\t\t<div class=\"elementor-element elementor-element-7209166 e-flex e-con-boxed e-con e-parent\" data-id=\"7209166\" data-element_type=\"container\" data-e-type=\"container\">\n\t\t\t\t\t<div class=\"e-con-inner\">\n\t\t\t\t<div class=\"elementor-element elementor-element-41c5ec0 elementor-widget elementor-widget-heading\" data-id=\"41c5ec0\" data-element_type=\"widget\" data-e-type=\"widget\" data-widget_type=\"heading.default\">\n\t\t\t\t<div class=\"elementor-widget-container\">\n\t\t\t\t\t<h1 class=\"elementor-heading-title elementor-size-default\">O n\u00e1s<\/h1>\t\t\t\t<\/div>\n\t\t\t\t<\/div>\n\t\t\t\t<div class=\"elementor-element elementor-element-6b3c410 elementor-widget elementor-widget-woocommerce-breadcrumb\" data-id=\"6b3c410\" data-element_type=\"widget\" data-e-type=\"widget\" data-widget_type=\"woocommerce-breadcrumb.default\">\n\t\t\t\t<div class=\"elementor-widget-container\">\n\t\t\t\t\t<nav class=\"woocommerce-breadcrumb\" aria-label=\"Breadcrumb\" data-no-translation=\"\" data-trp-gettext=\"\">Dom\u016f<\/nav>\t\t\t\t<\/div>\n\t\t\t\t<\/div>\n\t\t\t\t\t<\/div>\n\t\t\t\t<\/div>\n\t\t<div class=\"elementor-element elementor-element-a7cdb2f e-flex e-con-boxed e-con e-parent\" data-id=\"a7cdb2f\" data-element_type=\"container\" data-e-type=\"container\">\n\t\t\t\t\t<div class=\"e-con-inner\">\n\t\t<div class=\"elementor-element elementor-element-1314fc7 e-con-full e-flex e-con e-child\" data-id=\"1314fc7\" data-element_type=\"container\" data-e-type=\"container\">\n\t\t\t\t<div class=\"elementor-element elementor-element-aaf34bf elementor-widget elementor-widget-heading\" data-id=\"aaf34bf\" data-element_type=\"widget\" data-e-type=\"widget\" data-widget_type=\"heading.default\">\n\t\t\t\t<div class=\"elementor-widget-container\">\n\t\t\t\t\t<h2 class=\"elementor-heading-title elementor-size-default\">Profil spole\u010dnosti<\/h2>\t\t\t\t<\/div>\n\t\t\t\t<\/div>\n\t\t\t\t<div class=\"elementor-element elementor-element-9b72aba elementor-widget elementor-widget-text-editor\" data-id=\"9b72aba\" data-element_type=\"widget\" data-e-type=\"widget\" data-widget_type=\"text-editor.default\">\n\t\t\t\t<div class=\"elementor-widget-container\">\n\t\t\t\t\t\t\t\t\t<p>Spole\u010dnost Nantong GIGAPA Technology Co., Ltd. se zam\u011b\u0159uje na oblast stroj\u00edrenstv\u00ed a zab\u00fdv\u00e1 se p\u0159edev\u0161\u00edm v\u00fdzkumem a v\u00fdvojem, v\u00fdrobou a prodejem hydraulick\u00fdch za\u0159\u00edzen\u00ed, za\u0159\u00edzen\u00ed na ochranu \u017eivotn\u00edho prost\u0159ed\u00ed, za\u0159\u00edzen\u00ed na zpracov\u00e1n\u00ed obnoviteln\u00fdch zdroj\u016f, za\u0159\u00edzen\u00ed na zpracov\u00e1n\u00ed pevn\u00fdch odpad\u016f, hydraulick\u00fdch v\u00e1lc\u016f na m\u00edru, hydraulick\u00fdch stanic na m\u00edru a dal\u0161\u00edch v\u00fdrobk\u016f. T\u00fdm spole\u010dnosti m\u00e1 v\u00edce ne\u017e desetilet\u00e9 zku\u0161enosti s v\u00fdzkumem a v\u00fdvojem a v\u00fdrobou v souvisej\u00edc\u00edch oborech. Spole\u010dnost se nach\u00e1z\u00ed ve m\u011bst\u011b Rugao v provincii Jiangsu, rodn\u00e9m m\u011bst\u011b dlouhov\u011bkosti na sv\u011bt\u011b. Kancel\u00e1\u0159e pro v\u00fdzkum a v\u00fdvoj a prodej se nach\u00e1zej\u00ed ve v\u011bdeckotechnick\u00e9m parku Rugao Smart Valley a v\u00fdrobn\u00ed z\u00e1vod se nach\u00e1z\u00ed ve m\u011bst\u011b Baipu, siln\u00e9m m\u011bst\u011b pr\u016fmyslov\u00e9 v\u00fdroby.<\/p><p>Na z\u00e1klad\u011b v\u00edce ne\u017e desetilet\u00fdch zku\u0161enost\u00ed a osobn\u00edch zku\u0161enost\u00ed s komunikac\u00ed s mnoha z\u00e1kazn\u00edky hluboce rozum\u00edme obav\u00e1m a probl\u00e9m\u016fm z\u00e1kazn\u00edk\u016f v procesu n\u00e1kupu a pou\u017e\u00edv\u00e1n\u00ed za\u0159\u00edzen\u00ed. C\u00edlem na\u0161\u00ed existence je zaplnit mezeru na trhu, aby z\u00e1kazn\u00edci ji\u017e nem\u011bli pot\u00ed\u017ee s v\u00fdb\u011brem za\u0159\u00edzen\u00ed a aby se z\u00e1kazn\u00edk\u016fm usnadnilo pou\u017e\u00edv\u00e1n\u00ed za\u0159\u00edzen\u00ed, sn\u00ed\u017eily se starosti podnik\u016f a sn\u00ed\u017eila se velk\u00e1 z\u00e1t\u011b\u017e pracovn\u00edk\u016f.<\/p><p>Spole\u010dnost tou\u017e\u00ed realizovat spole\u010denskou hodnotu podniku, z\u00edskat d\u016fv\u011bru a uzn\u00e1n\u00ed u\u017eivatel\u016f, p\u0159ijmout za sv\u00e9 posl\u00e1n\u00ed \"\u0159e\u0161en\u00ed bolest\u00ed z\u00e1kazn\u00edk\u016f a realizaci jejich sn\u016f\" a je odhodl\u00e1na st\u00e1t se spole\u010dnost\u00ed zn\u00e1mou svou integritou a odpov\u011bdnost\u00ed. Za t\u00edmto \u00fa\u010delem mus\u00edme v\u0161ichni ve spole\u010dnosti GIGAPA sjednotit sv\u00e9 my\u0161len\u00ed a sna\u017eit se uplat\u0148ovat hodnoty \"b\u00fdt \u010destn\u00fd a spolehliv\u00fd, up\u0159\u00edmn\u00fd a odpov\u011bdn\u00fd, vytv\u00e1\u0159et hodnoty pro z\u00e1kazn\u00edky, spolupracovat, usilovat o pokrok a vytv\u00e1\u0159et budoucnost pro sebe\".<\/p>\t\t\t\t\t\t\t\t<\/div>\n\t\t\t\t<\/div>\n\t\t\t\t<\/div>\n\t\t<div class=\"elementor-element elementor-element-47faafe e-con-full e-flex e-con e-child\" data-id=\"47faafe\" data-element_type=\"container\" data-e-type=\"container\">\n\t\t\t\t<div class=\"elementor-element elementor-element-504c299 elementor-widget elementor-widget-image\" data-id=\"504c299\" data-element_type=\"widget\" data-e-type=\"widget\" data-widget_type=\"image.default\">\n\t\t\t\t<div class=\"elementor-widget-container\">\n\t\t\t\t\t\t\t\t\t\t\t\t\t\t\t<img fetchpriority=\"high\" decoding=\"async\" width=\"768\" height=\"1024\" src=\"https:\/\/www.gigapa.com\/wp-content\/uploads\/2025\/07\/\u56fe\u72471-768x1024-1.jpg\" class=\"attachment-large size-large wp-image-2441\" alt=\"firemn\u00ed v\u00fdstava\" srcset=\"https:\/\/www.gigapa.com\/wp-content\/uploads\/2025\/07\/\u56fe\u72471-768x1024-1.jpg 768w, https:\/\/www.gigapa.com\/wp-content\/uploads\/2025\/07\/\u56fe\u72471-768x1024-1-225x300.jpg 225w, https:\/\/www.gigapa.com\/wp-content\/uploads\/2025\/07\/\u56fe\u72471-768x1024-1-9x12.jpg 9w, https:\/\/www.gigapa.com\/wp-content\/uploads\/2025\/07\/\u56fe\u72471-768x1024-1-600x800.jpg 600w\" sizes=\"(max-width: 768px) 100vw, 768px\" \/>\t\t\t\t\t\t\t\t\t\t\t\t\t\t\t<\/div>\n\t\t\t\t<\/div>\n\t\t\t\t<\/div>\n\t\t\t\t\t<\/div>\n\t\t\t\t<\/div>\n\t\t<div class=\"elementor-element elementor-element-306cbb9 e-flex e-con-boxed e-con e-parent\" data-id=\"306cbb9\" data-element_type=\"container\" data-e-type=\"container\">\n\t\t\t\t\t<div class=\"e-con-inner\">\n\t\t\t\t<div class=\"elementor-element elementor-element-68358ae elementor-widget elementor-widget-text-editor\" data-id=\"68358ae\" data-element_type=\"widget\" data-e-type=\"widget\" data-widget_type=\"text-editor.default\">\n\t\t\t\t<div class=\"elementor-widget-container\">\n\t\t\t\t\t\t\t\t\t<h2 class=\"elementor-heading-title elementor-size-default elementor-inline-editing pen\" contenteditable=\"true\" spellcheck=\"false\" data-elementor-setting-key=\"title\" data-pen-placeholder=\"Type Here...\" data-qb-tmp-id=\"lt-215963\" data-gramm=\"false\">Firemn\u00ed kultura<\/h2><p>Posl\u00e1n\u00ed spole\u010dnosti:<br \/>\u0158e\u0161en\u00ed bolestiv\u00fdch m\u00edst z\u00e1kazn\u00edk\u016f a realizace jejich sn\u016f<\/p><p>Firemn\u00ed vize:<br \/>St\u00e1t se spole\u010dnost\u00ed zn\u00e1mou svou integritou a odpov\u011bdnost\u00ed<\/p><p>Z\u00e1kladn\u00ed hodnoty:<br \/>Bu\u010fte \u010destn\u00ed a spolehliv\u00ed, up\u0159\u00edmn\u00ed a zodpov\u011bdn\u00ed, vytv\u00e1\u0159ejte hodnotu pro z\u00e1kazn\u00edky.<br \/>Spojte se a spolupracujte, usilujte o pokrok a vytvo\u0159te si budoucnost.<\/p><h2>Historie v\u00fdvoje<\/h2><p>2008: Start-up<br \/>V roce olympijsk\u00fdch her v Pekingu, kter\u00e9 se nesou v pam\u011bti n\u00e1roda, jsme zalo\u017eili tov\u00e1rnu na zpracov\u00e1n\u00ed n\u00e1hradn\u00edch d\u00edl\u016f jako samostatn\u00fd podnik. P\u0159esto\u017ee je rozsah omezen\u00fd, polo\u017eili jsme z\u00e1klad rozvoje d\u00edky vynikaj\u00edc\u00edmu \u0159emesln\u00e9mu zpracov\u00e1n\u00ed a poctiv\u00e9mu \u0159\u00edzen\u00ed a stali jsme se prvn\u00edm profesion\u00e1ln\u00edm dodavatelem strojn\u00edch d\u00edl\u016f v m\u00edstn\u00ed oblasti.<\/p><p>2016: Transformace a modernizace<br \/>Form\u00e1ln\u011b zaregistrovan\u00e1 a zalo\u017een\u00e1 spole\u010dnost, kter\u00e1 provedla skok od zpracov\u00e1n\u00ed n\u00e1hradn\u00edch d\u00edl\u016f k v\u00fdrob\u011b kompletn\u00edho za\u0159\u00edzen\u00ed. V roce 2017 jsme vyu\u017eili p\u0159\u00edle\u017eitosti nov\u00e9 energetick\u00e9 politiky a samostatn\u011b vyvinuli lisy na kol\u00e1\u010de 630T, abychom za p\u016fl roku s\u00e9riov\u011b vyrobili v\u00edce ne\u017e 20 sad. Technick\u00fd t\u00fdm dokon\u010dil modernizaci z\u00e1kladn\u00edho procesu ve skute\u010dn\u00e9m boji a z\u00edskal \u0159adu praktick\u00fdch patentov\u00fdch certifik\u00e1t\u016f.<\/p><p>2017: Strategick\u00e9 p\u0159em\u00edst\u011bn\u00ed<br \/>Celkov\u00e9 p\u0159est\u011bhov\u00e1n\u00ed do nov\u00e9 tov\u00e1rny ve m\u011bst\u011b v\u00fdrazn\u011b zlep\u0161ilo logistick\u00e9 podm\u00ednky a v\u00fdrobn\u00ed prost\u0159ed\u00ed a polo\u017eilo z\u00e1klad pro p\u0159ij\u00edm\u00e1n\u00ed v\u011bt\u0161\u00edch zak\u00e1zek.<\/p><p>2024: Optimalizace syst\u00e9mu<br \/>Zav\u00e9st profesion\u00e1ln\u00ed \u0159\u00edzen\u00ed obchodn\u00edch segment\u016f, odd\u011blit spole\u010dnosti zab\u00fdvaj\u00edc\u00ed se v\u00fdzkumem a v\u00fdvojem a prodejn\u00ed spole\u010dnosti, zlep\u0161it efektivitu \u0159\u00edzen\u00ed prost\u0159ednictv\u00edm organiza\u010dn\u00ed optimalizace a vytvo\u0159it p\u0159ehledn\u011bj\u0161\u00ed obchodn\u00ed strukturu.<\/p><p>V\u00fdhled do budoucna: Hongji Group<br \/>Pokra\u010dovat v prosazov\u00e1n\u00ed cesty profesion\u00e1ln\u00edho rozvoje a po dozr\u00e1n\u00ed jednotliv\u00fdch obchodn\u00edch jednotek integrovat a vytvo\u0159it skupinu Hongji Group, aby bylo dosa\u017eeno intenzivn\u00edho \u0159\u00edzen\u00ed a koordinovan\u00e9ho rozvoje.<\/p><h2>Pracovn\u00ed prost\u0159ed\u00ed<\/h2>\t\t\t\t\t\t\t\t<\/div>\n\t\t\t\t<\/div>\n\t\t\t\t\t<\/div>\n\t\t\t\t<\/div>\n\t\t<div class=\"elementor-element elementor-element-10b72c1 e-flex e-con-boxed e-con e-parent\" data-id=\"10b72c1\" data-element_type=\"container\" data-e-type=\"container\">\n\t\t\t\t\t<div class=\"e-con-inner\">\n\t\t<div class=\"elementor-element elementor-element-3973897 e-con-full e-flex e-con e-child\" data-id=\"3973897\" data-element_type=\"container\" data-e-type=\"container\">\n\t\t\t\t<div class=\"elementor-element elementor-element-fdb47aa elementor-widget elementor-widget-image\" data-id=\"fdb47aa\" data-element_type=\"widget\" data-e-type=\"widget\" data-widget_type=\"image.default\">\n\t\t\t\t<div class=\"elementor-widget-container\">\n\t\t\t\t\t\t\t\t\t\t\t\t\t\t\t<img decoding=\"async\" width=\"791\" height=\"531\" src=\"https:\/\/www.gigapa.com\/wp-content\/uploads\/2025\/05\/Work-Environment1.jpg\" class=\"attachment-large size-large wp-image-1171\" alt=\"O n\u00e1s\" srcset=\"https:\/\/www.gigapa.com\/wp-content\/uploads\/2025\/05\/Work-Environment1.jpg 791w, https:\/\/www.gigapa.com\/wp-content\/uploads\/2025\/05\/Work-Environment1-300x201.jpg 300w, https:\/\/www.gigapa.com\/wp-content\/uploads\/2025\/05\/Work-Environment1-768x516.jpg 768w, https:\/\/www.gigapa.com\/wp-content\/uploads\/2025\/05\/Work-Environment1-600x403.jpg 600w\" sizes=\"(max-width: 791px) 100vw, 791px\" \/>\t\t\t\t\t\t\t\t\t\t\t\t\t\t\t<\/div>\n\t\t\t\t<\/div>\n\t\t\t\t<\/div>\n\t\t<div class=\"elementor-element elementor-element-9f18b96 e-con-full e-flex e-con e-child\" data-id=\"9f18b96\" data-element_type=\"container\" data-e-type=\"container\">\n\t\t\t\t<div class=\"elementor-element elementor-element-37ebfba elementor-widget elementor-widget-image\" data-id=\"37ebfba\" data-element_type=\"widget\" data-e-type=\"widget\" data-widget_type=\"image.default\">\n\t\t\t\t<div class=\"elementor-widget-container\">\n\t\t\t\t\t\t\t\t\t\t\t\t\t\t\t<img decoding=\"async\" width=\"854\" height=\"562\" src=\"https:\/\/www.gigapa.com\/wp-content\/uploads\/2025\/05\/work1.jpg\" class=\"attachment-large size-large wp-image-1174\" alt=\"O n\u00e1s\" srcset=\"https:\/\/www.gigapa.com\/wp-content\/uploads\/2025\/05\/work1.jpg 854w, https:\/\/www.gigapa.com\/wp-content\/uploads\/2025\/05\/work1-300x197.jpg 300w, https:\/\/www.gigapa.com\/wp-content\/uploads\/2025\/05\/work1-768x505.jpg 768w, https:\/\/www.gigapa.com\/wp-content\/uploads\/2025\/05\/work1-600x395.jpg 600w\" sizes=\"(max-width: 854px) 100vw, 854px\" \/>\t\t\t\t\t\t\t\t\t\t\t\t\t\t\t<\/div>\n\t\t\t\t<\/div>\n\t\t\t\t<\/div>\n\t\t\t\t\t<\/div>\n\t\t\t\t<\/div>\n\t\t<div class=\"elementor-element elementor-element-bc88f72 e-flex e-con-boxed e-con e-parent\" data-id=\"bc88f72\" data-element_type=\"container\" data-e-type=\"container\">\n\t\t\t\t\t<div class=\"e-con-inner\">\n\t\t\t\t<div class=\"elementor-element elementor-element-dae968e elementor-widget elementor-widget-heading\" data-id=\"dae968e\" data-element_type=\"widget\" data-e-type=\"widget\" data-widget_type=\"heading.default\">\n\t\t\t\t<div class=\"elementor-widget-container\">\n\t\t\t\t\t<h2 class=\"elementor-heading-title elementor-size-default\">Prohl\u00eddka tov\u00e1rny<\/h2>\t\t\t\t<\/div>\n\t\t\t\t<\/div>\n\t\t\t\t<div class=\"elementor-element elementor-element-aaf1a3c elementor-widget elementor-widget-text-editor\" data-id=\"aaf1a3c\" data-element_type=\"widget\" data-e-type=\"widget\" data-widget_type=\"text-editor.default\">\n\t\t\t\t<div class=\"elementor-widget-container\">\n\t\t\t\t\t\t\t\t\t<p>Na\u0161e tov\u00e1rna se nach\u00e1z\u00ed ve m\u011bst\u011b Baipu a je vybavena modern\u00edmi obr\u00e1b\u011bc\u00edmi centry CNC, p\u0159esn\u00fdm sva\u0159ovac\u00edm za\u0159\u00edzen\u00edm a kvalifikovan\u00fdmi pracovn\u00edky, kte\u0159\u00ed zaji\u0161\u0165uj\u00ed, \u017ee ka\u017ed\u00fd balic\u00ed stroj spl\u0148uje nejvy\u0161\u0161\u00ed standardy. Ka\u017ed\u00fd proces je pe\u010dliv\u011b monitorov\u00e1n od \u0159ez\u00e1n\u00ed surovin a\u017e po kone\u010dnou mont\u00e1\u017e a kontrolu kvality, aby byl zaru\u010den st\u00e1l\u00fd v\u00fdkon a trvanlivost. N\u00e1\u0161 vlastn\u00ed t\u00fdm in\u017een\u00fdr\u016f \u00fazce spolupracuje s v\u00fdrobou, aby zajistil efektivn\u00ed p\u0159izp\u016fsoben\u00ed a rychl\u00e9 dod\u00e1n\u00ed.<\/p>\t\t\t\t\t\t\t\t<\/div>\n\t\t\t\t<\/div>\n\t\t\t\t\t<\/div>\n\t\t\t\t<\/div>\n\t\t<div class=\"elementor-element elementor-element-1110161 e-flex e-con-boxed e-con e-parent\" data-id=\"1110161\" data-element_type=\"container\" data-e-type=\"container\">\n\t\t\t\t\t<div class=\"e-con-inner\">\n\t\t<div class=\"elementor-element elementor-element-821bd03 e-con-full e-flex e-con e-child\" data-id=\"821bd03\" data-element_type=\"container\" data-e-type=\"container\">\n\t\t\t\t<div class=\"elementor-element elementor-element-52d7f29 elementor-widget elementor-widget-image\" data-id=\"52d7f29\" data-element_type=\"widget\" data-e-type=\"widget\" data-widget_type=\"image.default\">\n\t\t\t\t<div class=\"elementor-widget-container\">\n\t\t\t\t\t\t\t\t\t\t\t\t\t\t\t<img loading=\"lazy\" decoding=\"async\" width=\"1024\" height=\"768\" src=\"https:\/\/www.gigapa.com\/wp-content\/uploads\/2025\/07\/\u5fae\u4fe1\u56fe\u7247_20250122085450-1024x768.jpg\" class=\"attachment-large size-large wp-image-2413\" alt=\"prohl\u00eddka tov\u00e1rny\" srcset=\"https:\/\/www.gigapa.com\/wp-content\/uploads\/2025\/07\/\u5fae\u4fe1\u56fe\u7247_20250122085450-1024x768.jpg 1024w, https:\/\/www.gigapa.com\/wp-content\/uploads\/2025\/07\/\u5fae\u4fe1\u56fe\u7247_20250122085450-300x225.jpg 300w, https:\/\/www.gigapa.com\/wp-content\/uploads\/2025\/07\/\u5fae\u4fe1\u56fe\u7247_20250122085450-768x576.jpg 768w, https:\/\/www.gigapa.com\/wp-content\/uploads\/2025\/07\/\u5fae\u4fe1\u56fe\u7247_20250122085450-1536x1152.jpg 1536w, https:\/\/www.gigapa.com\/wp-content\/uploads\/2025\/07\/\u5fae\u4fe1\u56fe\u7247_20250122085450-2048x1536.jpg 2048w, https:\/\/www.gigapa.com\/wp-content\/uploads\/2025\/07\/\u5fae\u4fe1\u56fe\u7247_20250122085450-16x12.jpg 16w, https:\/\/www.gigapa.com\/wp-content\/uploads\/2025\/07\/\u5fae\u4fe1\u56fe\u7247_20250122085450-600x450.jpg 600w\" sizes=\"(max-width: 1024px) 100vw, 1024px\" \/>\t\t\t\t\t\t\t\t\t\t\t\t\t\t\t<\/div>\n\t\t\t\t<\/div>\n\t\t\t\t<\/div>\n\t\t<div class=\"elementor-element elementor-element-ed3abaf e-con-full e-flex e-con e-child\" data-id=\"ed3abaf\" data-element_type=\"container\" data-e-type=\"container\">\n\t\t\t\t<div class=\"elementor-element elementor-element-de721b4 elementor-widget elementor-widget-image\" data-id=\"de721b4\" data-element_type=\"widget\" data-e-type=\"widget\" data-widget_type=\"image.default\">\n\t\t\t\t<div class=\"elementor-widget-container\">\n\t\t\t\t\t\t\t\t\t\t\t\t\t\t\t<img loading=\"lazy\" decoding=\"async\" width=\"1024\" height=\"768\" src=\"https:\/\/www.gigapa.com\/wp-content\/uploads\/2025\/07\/\u5fae\u4fe1\u56fe\u7247_20250122085510-1024x768.jpg\" class=\"attachment-large size-large wp-image-2414\" alt=\"prohl\u00eddka tov\u00e1rny\" srcset=\"https:\/\/www.gigapa.com\/wp-content\/uploads\/2025\/07\/\u5fae\u4fe1\u56fe\u7247_20250122085510-1024x768.jpg 1024w, https:\/\/www.gigapa.com\/wp-content\/uploads\/2025\/07\/\u5fae\u4fe1\u56fe\u7247_20250122085510-300x225.jpg 300w, https:\/\/www.gigapa.com\/wp-content\/uploads\/2025\/07\/\u5fae\u4fe1\u56fe\u7247_20250122085510-768x576.jpg 768w, https:\/\/www.gigapa.com\/wp-content\/uploads\/2025\/07\/\u5fae\u4fe1\u56fe\u7247_20250122085510-1536x1152.jpg 1536w, https:\/\/www.gigapa.com\/wp-content\/uploads\/2025\/07\/\u5fae\u4fe1\u56fe\u7247_20250122085510-2048x1536.jpg 2048w, https:\/\/www.gigapa.com\/wp-content\/uploads\/2025\/07\/\u5fae\u4fe1\u56fe\u7247_20250122085510-16x12.jpg 16w, https:\/\/www.gigapa.com\/wp-content\/uploads\/2025\/07\/\u5fae\u4fe1\u56fe\u7247_20250122085510-600x450.jpg 600w\" sizes=\"(max-width: 1024px) 100vw, 1024px\" \/>\t\t\t\t\t\t\t\t\t\t\t\t\t\t\t<\/div>\n\t\t\t\t<\/div>\n\t\t\t\t<\/div>\n\t\t<div class=\"elementor-element elementor-element-62cefe1 e-con-full e-flex e-con e-child\" data-id=\"62cefe1\" data-element_type=\"container\" data-e-type=\"container\">\n\t\t\t\t<div class=\"elementor-element elementor-element-7e3e122 elementor-widget elementor-widget-image\" data-id=\"7e3e122\" data-element_type=\"widget\" data-e-type=\"widget\" data-widget_type=\"image.default\">\n\t\t\t\t<div class=\"elementor-widget-container\">\n\t\t\t\t\t\t\t\t\t\t\t\t\t\t\t<img loading=\"lazy\" decoding=\"async\" width=\"1024\" height=\"768\" src=\"https:\/\/www.gigapa.com\/wp-content\/uploads\/2025\/07\/\u5fae\u4fe1\u56fe\u7247_20250122085550-1024x768.jpg\" class=\"attachment-large size-large wp-image-2415\" alt=\"prohl\u00eddka tov\u00e1rny\" srcset=\"https:\/\/www.gigapa.com\/wp-content\/uploads\/2025\/07\/\u5fae\u4fe1\u56fe\u7247_20250122085550-1024x768.jpg 1024w, https:\/\/www.gigapa.com\/wp-content\/uploads\/2025\/07\/\u5fae\u4fe1\u56fe\u7247_20250122085550-300x225.jpg 300w, https:\/\/www.gigapa.com\/wp-content\/uploads\/2025\/07\/\u5fae\u4fe1\u56fe\u7247_20250122085550-768x576.jpg 768w, https:\/\/www.gigapa.com\/wp-content\/uploads\/2025\/07\/\u5fae\u4fe1\u56fe\u7247_20250122085550-1536x1152.jpg 1536w, https:\/\/www.gigapa.com\/wp-content\/uploads\/2025\/07\/\u5fae\u4fe1\u56fe\u7247_20250122085550-2048x1536.jpg 2048w, https:\/\/www.gigapa.com\/wp-content\/uploads\/2025\/07\/\u5fae\u4fe1\u56fe\u7247_20250122085550-16x12.jpg 16w, https:\/\/www.gigapa.com\/wp-content\/uploads\/2025\/07\/\u5fae\u4fe1\u56fe\u7247_20250122085550-600x450.jpg 600w\" sizes=\"(max-width: 1024px) 100vw, 1024px\" \/>\t\t\t\t\t\t\t\t\t\t\t\t\t\t\t<\/div>\n\t\t\t\t<\/div>\n\t\t\t\t<\/div>\n\t\t<div class=\"elementor-element elementor-element-4ceacb8 e-con-full e-flex e-con e-child\" data-id=\"4ceacb8\" data-element_type=\"container\" data-e-type=\"container\">\n\t\t\t\t<div class=\"elementor-element elementor-element-da2f503 elementor-widget elementor-widget-image\" data-id=\"da2f503\" data-element_type=\"widget\" data-e-type=\"widget\" data-widget_type=\"image.default\">\n\t\t\t\t<div class=\"elementor-widget-container\">\n\t\t\t\t\t\t\t\t\t\t\t\t\t\t\t<img loading=\"lazy\" decoding=\"async\" width=\"1024\" height=\"768\" src=\"https:\/\/www.gigapa.com\/wp-content\/uploads\/2025\/07\/\u5fae\u4fe1\u56fe\u7247_20250122085559-1024x768.jpg\" class=\"attachment-large size-large wp-image-2416\" alt=\"prohl\u00eddka tov\u00e1rny\" srcset=\"https:\/\/www.gigapa.com\/wp-content\/uploads\/2025\/07\/\u5fae\u4fe1\u56fe\u7247_20250122085559-1024x768.jpg 1024w, https:\/\/www.gigapa.com\/wp-content\/uploads\/2025\/07\/\u5fae\u4fe1\u56fe\u7247_20250122085559-300x225.jpg 300w, https:\/\/www.gigapa.com\/wp-content\/uploads\/2025\/07\/\u5fae\u4fe1\u56fe\u7247_20250122085559-768x576.jpg 768w, https:\/\/www.gigapa.com\/wp-content\/uploads\/2025\/07\/\u5fae\u4fe1\u56fe\u7247_20250122085559-1536x1152.jpg 1536w, https:\/\/www.gigapa.com\/wp-content\/uploads\/2025\/07\/\u5fae\u4fe1\u56fe\u7247_20250122085559-2048x1536.jpg 2048w, https:\/\/www.gigapa.com\/wp-content\/uploads\/2025\/07\/\u5fae\u4fe1\u56fe\u7247_20250122085559-16x12.jpg 16w, https:\/\/www.gigapa.com\/wp-content\/uploads\/2025\/07\/\u5fae\u4fe1\u56fe\u7247_20250122085559-600x450.jpg 600w\" sizes=\"(max-width: 1024px) 100vw, 1024px\" \/>\t\t\t\t\t\t\t\t\t\t\t\t\t\t\t<\/div>\n\t\t\t\t<\/div>\n\t\t\t\t<\/div>\n\t\t\t\t\t<\/div>\n\t\t\t\t<\/div>\n\t\t\t\t<\/div>","protected":false},"excerpt":{"rendered":"<p>O n\u00e1s Profil spole\u010dnosti Nantong GIGAPA Technology Co., Ltd. se zam\u011b\u0159uje na oblast stroj\u00edrenstv\u00ed, zab\u00fdvaj\u00edc\u00ed se p\u0159edev\u0161\u00edm v\u00fdzkumem a v\u00fdrobou [...]<\/p>","protected":false},"author":1,"featured_media":707,"parent":0,"menu_order":0,"comment_status":"closed","ping_status":"closed","template":"","meta":{"site-sidebar-layout":"right-sidebar","site-content-layout":"","ast-site-content-layout":"default","site-content-style":"default","site-sidebar-style":"default","ast-global-header-display":"","ast-banner-title-visibility":"","ast-main-header-display":"","ast-hfb-above-header-display":"","ast-hfb-below-header-display":"","ast-hfb-mobile-header-display":"","site-post-title":"","ast-breadcrumbs-content":"","ast-featured-img":"","footer-sml-layout":"","ast-disable-related-posts":"","theme-transparent-header-meta":"default","adv-header-id-meta":"","stick-header-meta":"","header-above-stick-meta":"","header-main-stick-meta":"","header-below-stick-meta":"","astra-migrate-meta-layouts":"set","ast-page-background-enabled":"default","ast-page-background-meta":{"desktop":{"background-color":"var(--ast-global-color-5)","background-image":"","background-repeat":"repeat","background-position":"center center","background-size":"auto","background-attachment":"scroll","background-type":"","background-media":"","overlay-type":"","overlay-color":"","overlay-opacity":"","overlay-gradient":""},"tablet":{"background-color":"","background-image":"","background-repeat":"repeat","background-position":"center center","background-size":"auto","background-attachment":"scroll","background-type":"","background-media":"","overlay-type":"","overlay-color":"","overlay-opacity":"","overlay-gradient":""},"mobile":{"background-color":"","background-image":"","background-repeat":"repeat","background-position":"center center","background-size":"auto","background-attachment":"scroll","background-type":"","background-media":"","overlay-type":"","overlay-color":"","overlay-opacity":"","overlay-gradient":""}},"ast-content-background-meta":{"desktop":{"background-color":"var(--ast-global-color-4)","background-image":"","background-repeat":"repeat","background-position":"center center","background-size":"auto","background-attachment":"scroll","background-type":"","background-media":"","overlay-type":"","overlay-color":"","overlay-opacity":"","overlay-gradient":""},"tablet":{"background-color":"var(--ast-global-color-4)","background-image":"","background-repeat":"repeat","background-position":"center center","background-size":"auto","background-attachment":"scroll","background-type":"","background-media":"","overlay-type":"","overlay-color":"","overlay-opacity":"","overlay-gradient":""},"mobile":{"background-color":"var(--ast-global-color-4)","background-image":"","background-repeat":"repeat","background-position":"center center","background-size":"auto","background-attachment":"scroll","background-type":"","background-media":"","overlay-type":"","overlay-color":"","overlay-opacity":"","overlay-gradient":""}},"footnotes":""},"class_list":["post-889","page","type-page","status-publish","has-post-thumbnail","hentry"],"_hostinger_reach_plugin_has_subscription_block":false,"_hostinger_reach_plugin_is_elementor":false,"_links":{"self":[{"href":"https:\/\/www.gigapa.com\/cs\/wp-json\/wp\/v2\/pages\/889","targetHints":{"allow":["GET"]}}],"collection":[{"href":"https:\/\/www.gigapa.com\/cs\/wp-json\/wp\/v2\/pages"}],"about":[{"href":"https:\/\/www.gigapa.com\/cs\/wp-json\/wp\/v2\/types\/page"}],"author":[{"embeddable":true,"href":"https:\/\/www.gigapa.com\/cs\/wp-json\/wp\/v2\/users\/1"}],"replies":[{"embeddable":true,"href":"https:\/\/www.gigapa.com\/cs\/wp-json\/wp\/v2\/comments?post=889"}],"version-history":[{"count":69,"href":"https:\/\/www.gigapa.com\/cs\/wp-json\/wp\/v2\/pages\/889\/revisions"}],"predecessor-version":[{"id":2564,"href":"https:\/\/www.gigapa.com\/cs\/wp-json\/wp\/v2\/pages\/889\/revisions\/2564"}],"wp:featuredmedia":[{"embeddable":true,"href":"https:\/\/www.gigapa.com\/cs\/wp-json\/wp\/v2\/media\/707"}],"wp:attachment":[{"href":"https:\/\/www.gigapa.com\/cs\/wp-json\/wp\/v2\/media?parent=889"}],"curies":[{"name":"wp","href":"https:\/\/api.w.org\/{rel}","templated":true}]}}