{"id":1807,"date":"2025-05-19T10:56:55","date_gmt":"2025-05-19T02:56:55","guid":{"rendered":"https:\/\/www.gigapa.com\/?post_type=product&#038;p=1807"},"modified":"2025-10-13T09:20:32","modified_gmt":"2025-10-13T01:20:32","slug":"stroj-na-lisovani-lodniho-odpadu","status":"publish","type":"product","link":"https:\/\/www.gigapa.com\/cs\/produkt\/stroj-na-lisovani-lodniho-odpadu\/","title":{"rendered":"Balic\u00ed stroj na n\u00e1mo\u0159n\u00ed odpad"},"content":{"rendered":"<p>Balic\u00ed stroj na lodn\u00ed odpad je inovativn\u00ed, vysoce v\u00fdkonn\u00e9 \u0159e\u0161en\u00ed ur\u010den\u00e9 k \u00fa\u010dinn\u00e9mu lisov\u00e1n\u00ed a bal\u00edkov\u00e1n\u00ed r\u016fzn\u00fdch druh\u016f lodn\u00edho odpadu. Pat\u0159\u00ed sem plasty, ryb\u00e1\u0159sk\u00e9 s\u00edt\u011b, lana, hlin\u00edkov\u00e9 plechovky a dal\u0161\u00ed recyklovateln\u00e9 materi\u00e1ly shrom\u00e1\u017ed\u011bn\u00e9 z oce\u00e1n\u016f, p\u0159\u00edstav\u016f a lod\u00ed. Vzhledem k rostouc\u00edm obav\u00e1m ze zne\u010di\u0161t\u011bn\u00ed mo\u0159\u00ed a pot\u0159eb\u011b efektivn\u00edho nakl\u00e1d\u00e1n\u00ed s odpady v n\u00e1mo\u0159n\u00edm pr\u016fmyslu p\u0159edstavuje tento stroj robustn\u00ed a udr\u017eiteln\u00e9 \u0159e\u0161en\u00ed, kter\u00e9 sni\u017euje dopad likvidace odpadu na \u017eivotn\u00ed prost\u0159ed\u00ed.<\/p>\n<p>Mo\u0159sk\u00fd odpad p\u0159edstavuje v\u00fdznamn\u00fd probl\u00e9m, nebo\u0165 zne\u010di\u0161t\u011bn\u00ed plastem a vy\u0159azen\u00e9 ryb\u00e1\u0159sk\u00e9 vybaven\u00ed ohro\u017euj\u00ed zdrav\u00ed mo\u0159sk\u00fdch ekosyst\u00e9m\u016f. N\u00e1\u0161 stroj na lisov\u00e1n\u00ed mo\u0159sk\u00e9ho odpadu nejen podporuje spr\u00e1vn\u00e9 nakl\u00e1d\u00e1n\u00ed s odpadem, ale hraje tak\u00e9 kl\u00ed\u010dovou roli p\u0159i sni\u017eov\u00e1n\u00ed objemu odpadu, optimalizaci skladov\u00e1n\u00ed a p\u0159epravy a podpo\u0159e recykla\u010dn\u00edch snah. P\u0159em\u011bnou voln\u011b lo\u017een\u00fdch odpad\u016f na pevn\u011b stla\u010den\u00e9 bal\u00edky zvy\u0161uje efektivitu manipulace s odpady, minimalizuje n\u00e1roky na skladovac\u00ed prostor a usnad\u0148uje bezpe\u010dnou a snadnou p\u0159epravu odpad\u016f k recyklaci nebo likvidaci.<\/p>\n<h3 data-immersive-translate-walked=\"00e44dcb-682a-4379-afe2-db426b6f6b1a\"><strong data-immersive-translate-walked=\"00e44dcb-682a-4379-afe2-db426b6f6b1a\" data-immersive-translate-paragraph=\"1\">Kl\u00ed\u010dov\u00e9 vlastnosti a v\u00fdhody<\/strong><\/h3>\n<ul>\n<li data-immersive-translate-walked=\"00e44dcb-682a-4379-afe2-db426b6f6b1a\"><strong data-immersive-translate-walked=\"00e44dcb-682a-4379-afe2-db426b6f6b1a\">Vysok\u00e1 kompresn\u00ed s\u00edla<\/strong> - V\u00fdkonn\u00fd hydraulick\u00fd syst\u00e9m zaji\u0161\u0165uje maxim\u00e1ln\u00ed zhutn\u011bn\u00ed odpadu a zmen\u0161en\u00ed objemu a\u017e o 80%.<\/li>\n<li class=\"ds-markdown-paragraph\" data-immersive-translate-walked=\"00e44dcb-682a-4379-afe2-db426b6f6b1a\" data-immersive-translate-paragraph=\"1\"><strong data-immersive-translate-walked=\"00e44dcb-682a-4379-afe2-db426b6f6b1a\">Odoln\u00e1 konstrukce<\/strong> - Vyrobeno z vysoce kvalitn\u00edch materi\u00e1l\u016f odoln\u00fdch proti korozi, kter\u00e9 odol\u00e1vaj\u00ed drsn\u00e9mu mo\u0159sk\u00e9mu prost\u0159ed\u00ed.<\/li>\n<li class=\"ds-markdown-paragraph\" data-immersive-translate-walked=\"00e44dcb-682a-4379-afe2-db426b6f6b1a\" data-immersive-translate-paragraph=\"1\"><strong data-immersive-translate-walked=\"00e44dcb-682a-4379-afe2-db426b6f6b1a\">V\u0161estrann\u00e9 zpracov\u00e1n\u00ed<\/strong> - Dok\u00e1\u017ee zpracov\u00e1vat r\u016fzn\u00e9 druhy odpadu (plasty, s\u00edt\u011b, lana, hlin\u00edkov\u00e9 plechovky atd.).<\/li>\n<li class=\"ds-markdown-paragraph\" data-immersive-translate-walked=\"00e44dcb-682a-4379-afe2-db426b6f6b1a\" data-immersive-translate-paragraph=\"1\"><strong data-immersive-translate-walked=\"00e44dcb-682a-4379-afe2-db426b6f6b1a\">Ekologick\u00fd provoz<\/strong> - Podporuje recykla\u010dn\u00ed \u00fasil\u00ed t\u00edm, \u017ee p\u0159em\u011b\u0148uje voln\u011b lo\u017een\u00fd odpad na kompaktn\u00ed, snadno zpracovateln\u00e9 bal\u00edky.<\/li>\n<li class=\"ds-markdown-paragraph\" data-immersive-translate-walked=\"00e44dcb-682a-4379-afe2-db426b6f6b1a\" data-immersive-translate-paragraph=\"1\"><strong data-immersive-translate-walked=\"00e44dcb-682a-4379-afe2-db426b6f6b1a\">Design s n\u00edzk\u00fdmi n\u00e1roky na \u00fadr\u017ebu<\/strong> - Robustn\u00ed konstrukce zaji\u0161\u0165uje dlouhodobou spolehlivost s minim\u00e1ln\u00edm servisem.<\/li>\n<li class=\"ds-markdown-paragraph\" data-immersive-translate-walked=\"00e44dcb-682a-4379-afe2-db426b6f6b1a\" data-immersive-translate-paragraph=\"1\"><strong data-immersive-translate-walked=\"00e44dcb-682a-4379-afe2-db426b6f6b1a\">P\u0159izp\u016fsobiteln\u00e9 velikosti bal\u00edk\u016f<\/strong> - Mo\u017enost nastaven\u00ed pro r\u016fzn\u00e9 rozm\u011bry bal\u00edk\u016f podle pot\u0159eb skladov\u00e1n\u00ed a logistiky.<\/li>\n<li class=\"ds-markdown-paragraph\" data-immersive-translate-walked=\"00e44dcb-682a-4379-afe2-db426b6f6b1a\" data-immersive-translate-paragraph=\"1\"><strong data-immersive-translate-walked=\"00e44dcb-682a-4379-afe2-db426b6f6b1a\">U\u017eivatelsky p\u0159\u00edv\u011btiv\u00e9 ovl\u00e1d\u00e1n\u00ed<\/strong>\u00a0- Jednoduch\u00e9 ovl\u00e1d\u00e1n\u00ed s automatick\u00fdmi nebo poloautomatick\u00fdmi mo\u017enostmi pro zv\u00fd\u0161en\u00ed efektivity.<\/li>\n<\/ul>\n<h3 data-immersive-translate-walked=\"00e44dcb-682a-4379-afe2-db426b6f6b1a\"><strong data-immersive-translate-walked=\"00e44dcb-682a-4379-afe2-db426b6f6b1a\" data-immersive-translate-paragraph=\"1\">Aplikace<\/strong><\/h3>\n<p class=\"ds-markdown-paragraph\" data-immersive-translate-walked=\"00e44dcb-682a-4379-afe2-db426b6f6b1a\" data-immersive-translate-paragraph=\"1\">Balic\u00ed stroj na lodn\u00ed odpad je ide\u00e1ln\u00ed pro:<\/p>\n<ul>\n<li class=\"ds-markdown-paragraph\" data-immersive-translate-walked=\"00e44dcb-682a-4379-afe2-db426b6f6b1a\" data-immersive-translate-paragraph=\"1\"><strong data-immersive-translate-walked=\"00e44dcb-682a-4379-afe2-db426b6f6b1a\">Ryb\u00e1\u0159sk\u00e9 a p\u0159epravn\u00ed spole\u010dnosti<\/strong>\u00a0- Efektivn\u00ed nakl\u00e1d\u00e1n\u00ed s odpadem na palub\u011b a v doc\u00edch.<\/li>\n<li class=\"ds-markdown-paragraph\" data-immersive-translate-walked=\"00e44dcb-682a-4379-afe2-db426b6f6b1a\" data-immersive-translate-paragraph=\"1\"><strong data-immersive-translate-walked=\"00e44dcb-682a-4379-afe2-db426b6f6b1a\">P\u0159\u00edstavn\u00ed \u00fa\u0159ady a sb\u011brny odpad\u016f<\/strong>\u00a0- Zpracov\u00e1n\u00ed mo\u0159sk\u00e9ho odpadu k recyklaci nebo likvidaci.<\/li>\n<li class=\"ds-markdown-paragraph\" data-immersive-translate-walked=\"00e44dcb-682a-4379-afe2-db426b6f6b1a\" data-immersive-translate-paragraph=\"1\"><strong data-immersive-translate-walked=\"00e44dcb-682a-4379-afe2-db426b6f6b1a\">Ekologick\u00e9 organizace<\/strong>\u00a0- Podpora iniciativ na \u010di\u0161t\u011bn\u00ed oce\u00e1n\u016f prost\u0159ednictv\u00edm lisov\u00e1n\u00ed shrom\u00e1\u017ed\u011bn\u00e9ho odpadu.<\/li>\n<li class=\"ds-markdown-paragraph\" data-immersive-translate-walked=\"00e44dcb-682a-4379-afe2-db426b6f6b1a\" data-immersive-translate-paragraph=\"1\"><strong data-immersive-translate-walked=\"00e44dcb-682a-4379-afe2-db426b6f6b1a\">Recykla\u010dn\u00ed za\u0159\u00edzen\u00ed<\/strong>\u00a0- P\u0159\u00edprava mo\u0159sk\u00e9ho plastov\u00e9ho odpadu pro dal\u0161\u00ed recykla\u010dn\u00ed procesy.<\/li>\n<\/ul>\n<p>&nbsp;<\/p>\n<p><img fetchpriority=\"high\" decoding=\"async\" class=\"alignnone size-medium wp-image-1809\" src=\"https:\/\/www.gigapa.com\/wp-content\/uploads\/2025\/05\/\u56fe\u72471-1-297x300.png\" alt=\"\" width=\"297\" height=\"300\" srcset=\"https:\/\/www.gigapa.com\/wp-content\/uploads\/2025\/05\/\u56fe\u72471-1-297x300.png 297w, https:\/\/www.gigapa.com\/wp-content\/uploads\/2025\/05\/\u56fe\u72471-1-12x12.png 12w, https:\/\/www.gigapa.com\/wp-content\/uploads\/2025\/05\/\u56fe\u72471-1-600x607.png 600w, https:\/\/www.gigapa.com\/wp-content\/uploads\/2025\/05\/\u56fe\u72471-1-100x100.png 100w, https:\/\/www.gigapa.com\/wp-content\/uploads\/2025\/05\/\u56fe\u72471-1.png 700w\" sizes=\"(max-width: 297px) 100vw, 297px\" \/><\/p>\n<p>&nbsp;<\/p>\n<h3>Technick\u00e9 specifikace<\/h3>\n<table style=\"border-collapse: collapse; width: 525.77pt;\" border=\"0\" width=\"701\" cellspacing=\"0\" cellpadding=\"0\">\n<tbody>\n<tr style=\"height: 13.50pt;\">\n<td class=\"et3\" style=\"height: 13.50pt; width: 195.75pt;\" width=\"261\" height=\"18\">Specifikace<\/td>\n<td class=\"et3\" style=\"width: 165.35pt;\" width=\"220\">GBB-G0312<\/td>\n<td class=\"et3\" style=\"width: 165.35pt;\" width=\"220\">GSB-G0512<\/td>\n<\/tr>\n<tr style=\"height: 13.50pt;\">\n<td class=\"et4\" style=\"height: 13.50pt; width: 195.75pt;\" width=\"261\" height=\"18\">Velikost p\u0159\u00edvodn\u00edho otvoru (D \u00d7 V) (mm)<\/td>\n<td class=\"et4\" style=\"width: 165.35pt;\" width=\"220\">350\u00d7220<\/td>\n<td class=\"et4\" style=\"width: 165.35pt;\" width=\"220\">500\u00d7220<\/td>\n<\/tr>\n<tr style=\"height: 13.50pt;\">\n<td class=\"et4\" style=\"height: 13.50pt; width: 195.75pt;\" width=\"261\" height=\"18\">Velikost n\u00e1sypky (D\u00d7\u0160\u00d7V) (mm)<\/td>\n<td class=\"et4\" style=\"width: 165.35pt;\" width=\"220\">350\u00d7350\u00d7400<\/td>\n<td class=\"et4\" style=\"width: 165.35pt;\" width=\"220\">500\u00d7500\u00d7550<\/td>\n<\/tr>\n<tr style=\"height: 13.50pt;\">\n<td class=\"et4\" style=\"height: 13.50pt; width: 195.75pt;\" width=\"261\" height=\"18\">Doba cyklu (s)<\/td>\n<td class=\"et4\" style=\"width: 165.35pt;\" width=\"220\">25<\/td>\n<td class=\"et4\" style=\"width: 165.35pt;\" width=\"220\">25<\/td>\n<\/tr>\n<tr style=\"height: 13.50pt;\">\n<td class=\"et4\" style=\"height: 13.50pt; width: 195.75pt;\" width=\"261\" height=\"18\">Pr\u016fm\u011br hlavn\u00edho ramene (mm)<\/td>\n<td class=\"et4\" style=\"width: 165.35pt;\" width=\"220\">\u03c680<\/td>\n<td class=\"et4\" style=\"width: 165.35pt;\" width=\"220\">\u03c680<\/td>\n<\/tr>\n<tr style=\"height: 13.50pt;\">\n<td class=\"et4\" style=\"height: 13.50pt; width: 195.75pt;\" width=\"261\" height=\"18\">Po\u010det beran\u016f (PCS)<\/td>\n<td class=\"et4\" style=\"width: 165.35pt;\" width=\"220\">1<\/td>\n<td class=\"et4\" style=\"width: 165.35pt;\" width=\"220\">1<\/td>\n<\/tr>\n<tr style=\"height: 13.50pt;\">\n<td class=\"et4\" style=\"height: 13.50pt; width: 195.75pt;\" width=\"261\" height=\"18\">Tlak hlavn\u00edho v\u00e1lce (T)<\/td>\n<td class=\"et4\" style=\"width: 165.35pt;\" width=\"220\">12.82281633<\/td>\n<td class=\"et4\" style=\"width: 165.35pt;\" width=\"220\">12.82281633<\/td>\n<\/tr>\n<tr style=\"height: 13.50pt;\">\n<td class=\"et4\" style=\"height: 13.50pt; width: 195.75pt;\" width=\"261\" height=\"18\">Pomocn\u00fd tlak v rameni (T)<\/td>\n<td class=\"et4\" style=\"width: 165.35pt;\" width=\"220\">12.5<\/td>\n<td class=\"et4\" style=\"width: 165.35pt;\" width=\"220\">12.5<\/td>\n<\/tr>\n<tr style=\"height: 13.50pt;\">\n<td class=\"et4\" style=\"height: 13.50pt; width: 195.75pt;\" width=\"261\" height=\"18\">Hydraulick\u00fd v\u00fdkon (kW)<\/td>\n<td class=\"et4\" style=\"width: 165.35pt;\" width=\"220\">1.5<\/td>\n<td class=\"et4\" style=\"width: 165.35pt;\" width=\"220\">1.5<\/td>\n<\/tr>\n<tr style=\"height: 13.50pt;\">\n<td class=\"et4\" style=\"height: 13.50pt; width: 195.75pt;\" width=\"261\" height=\"18\">Rozm\u011bry (D\u00d7\u0160\u00d7V) (mm)<\/td>\n<td class=\"et4\" style=\"width: 165.35pt;\" width=\"220\">760\u00d7700\u00d71650<\/td>\n<td class=\"et4\" style=\"width: 165.35pt;\" width=\"220\">840\u00d7700\u00d71800<\/td>\n<\/tr>\n<tr style=\"height: 13.50pt;\">\n<td class=\"et4\" style=\"height: 13.50pt; width: 195.75pt;\" width=\"261\" height=\"18\">Celkov\u00e1 hmotnost (kg)<\/td>\n<td class=\"et4\" style=\"width: 165.35pt;\" width=\"220\">P\u0159ibli\u017en\u011b 400<\/td>\n<td class=\"et4\" style=\"width: 165.35pt;\" width=\"220\">P\u0159ibli\u017en\u011b 500<\/td>\n<\/tr>\n<\/tbody>\n<\/table>\n<p>V\u00fd\u0161e uveden\u00e9 modely jsou standardn\u00ed univerz\u00e1ln\u00ed modely. Pokud po\u017eadujete jin\u00e9 modely, obra\u0165te se na na\u0161e pracovn\u00edky a my v\u00e1m m\u016f\u017eeme poskytnout slu\u017eby na m\u00edru podle va\u0161ich pot\u0159eb.<\/p>\n<h3 data-immersive-translate-walked=\"00e44dcb-682a-4379-afe2-db426b6f6b1a\"><strong data-immersive-translate-walked=\"00e44dcb-682a-4379-afe2-db426b6f6b1a\" data-immersive-translate-paragraph=\"1\">Pro\u010d si vybrat n\u00e1\u0161 balic\u00ed stroj na n\u00e1mo\u0159n\u00ed odpad<\/strong><\/h3>\n<ul>\n<li data-immersive-translate-walked=\"00e44dcb-682a-4379-afe2-db426b6f6b1a\"><strong data-immersive-translate-walked=\"00e44dcb-682a-4379-afe2-db426b6f6b1a\">Prok\u00e1zan\u00e1 \u00fa\u010dinnost<\/strong> - Sni\u017euje n\u00e1klady na manipulaci s odpadem a zlep\u0161uje logistiku.<\/li>\n<li data-immersive-translate-walked=\"00e44dcb-682a-4379-afe2-db426b6f6b1a\"><strong data-immersive-translate-walked=\"00e44dcb-682a-4379-afe2-db426b6f6b1a\">Udr\u017eiteln\u00fd dopad<\/strong> - P\u0159isp\u00edv\u00e1 k \u010dist\u0161\u00edm oce\u00e1n\u016fm a odpov\u011bdn\u00e9mu nakl\u00e1d\u00e1n\u00ed s odpady.<\/li>\n<li data-immersive-translate-walked=\"00e44dcb-682a-4379-afe2-db426b6f6b1a\"><strong data-immersive-translate-walked=\"00e44dcb-682a-4379-afe2-db426b6f6b1a\">Glob\u00e1ln\u00ed dodr\u017eov\u00e1n\u00ed p\u0159edpis\u016f<\/strong> - Spl\u0148uje mezin\u00e1rodn\u00ed ekologick\u00e9 a bezpe\u010dnostn\u00ed normy.<\/li>\n<li data-immersive-translate-walked=\"00e44dcb-682a-4379-afe2-db426b6f6b1a\"><strong data-immersive-translate-walked=\"00e44dcb-682a-4379-afe2-db426b6f6b1a\">Poprodejn\u00ed podpora<\/strong>\u00a0- Celosv\u011btov\u00e1 dostupnost technick\u00e9ho servisu a n\u00e1hradn\u00edch d\u00edl\u016f.<\/li>\n<\/ul>\n<h3 class=\"\" data-start=\"2755\" data-end=\"2787\"><strong data-start=\"2762\" data-end=\"2787\">Podporovan\u00e9 druhy odpad\u016f<\/strong><\/h3>\n<ul>\n<li data-start=\"2791\" data-end=\"2817\">Plastov\u00e9 lahve, obaly<\/li>\n<li data-start=\"2820\" data-end=\"2844\">Potravinov\u00fd odpad (s vlo\u017ekami)<\/li>\n<li data-start=\"2847\" data-end=\"2863\">Karton, pap\u00edr<\/li>\n<li data-start=\"2866\" data-end=\"2886\">Ryb\u00e1\u0159sk\u00e9 s\u00edt\u011b a lana<\/li>\n<li data-start=\"2889\" data-end=\"2924\">Hlin\u00edkov\u00e9 plechovky a dal\u0161\u00ed recyklovateln\u00e9 materi\u00e1ly<\/li>\n<\/ul>\n<p>D\u00edky kombinaci pevnosti, trvanlivosti a ekologick\u00fdch v\u00fdhod je stroj na lisov\u00e1n\u00ed lodn\u00edho odpadu dokonal\u00fdm \u0159e\u0161en\u00edm pro udr\u017eiteln\u00e9 nakl\u00e1d\u00e1n\u00ed s odpadem v n\u00e1mo\u0159n\u00edm pr\u016fmyslu. A\u0165 u\u017e chcete zlep\u0161it manipulaci s odpadem na lodi nebo zlep\u0161it provoz v p\u0159\u00edstavu, n\u00e1\u0161 stroj nab\u00edz\u00ed pot\u0159ebnou efektivitu a spolehlivost. Kontaktujte n\u00e1s je\u0161t\u011b dnes a z\u00edskejte v\u00edce informac\u00ed nebo si vy\u017e\u00e1dejte cenovou nab\u00eddku.<\/p>","protected":false},"excerpt":{"rendered":"<p>Balic\u00ed stroj na odpad z mo\u0159sk\u00fdch plavidel je hydraulick\u00fd kompaktor pro velk\u00e9 zat\u00ed\u017een\u00ed ur\u010den\u00fd ke zpracov\u00e1n\u00ed a bal\u00edkov\u00e1n\u00ed odpadu z mo\u0159sk\u00fdch plavidel, v\u010detn\u011b plast\u016f, ryb\u00e1\u0159sk\u00fdch s\u00edt\u00ed, lan a dal\u0161\u00edho recyklovateln\u00e9ho odpadu. Stla\u010den\u00edm voln\u011b lo\u017een\u00fdch odpad\u016f do hust\u00fdch, snadno manipulovateln\u00fdch bal\u00edk\u016f sni\u017euje skladovac\u00ed prostor, sni\u017euje n\u00e1klady na p\u0159epravu a podporuje \u00fasil\u00ed o udr\u017eiteln\u00e9 \u010di\u0161t\u011bn\u00ed oce\u00e1n\u016f. Tento stroj je vyroben z materi\u00e1l\u016f odoln\u00fdch proti korozi a je ide\u00e1ln\u00ed pro ryb\u00e1\u0159sk\u00e9 flotily, p\u0159\u00edstavn\u00ed \u00fa\u0159ady, recykla\u010dn\u00ed za\u0159\u00edzen\u00ed a ekologick\u00e9 organizace.<\/p>","protected":false},"featured_media":1808,"template":"","meta":{"site-sidebar-layout":"default","site-content-layout":"","ast-site-content-layout":"default","site-content-style":"default","site-sidebar-style":"default","ast-global-header-display":"","ast-banner-title-visibility":"","ast-main-header-display":"","ast-hfb-above-header-display":"","ast-hfb-below-header-display":"","ast-hfb-mobile-header-display":"","site-post-title":"","ast-breadcrumbs-content":"","ast-featured-img":"","footer-sml-layout":"","ast-disable-related-posts":"","theme-transparent-header-meta":"default","adv-header-id-meta":"","stick-header-meta":"","header-above-stick-meta":"","header-main-stick-meta":"","header-below-stick-meta":"","astra-migrate-meta-layouts":"set","ast-page-background-enabled":"default","ast-page-background-meta":{"desktop":{"background-color":"var(--ast-global-color-5)","background-image":"","background-repeat":"repeat","background-position":"center center","background-size":"auto","background-attachment":"scroll","background-type":"","background-media":"","overlay-type":"","overlay-color":"","overlay-opacity":"","overlay-gradient":""},"tablet":{"background-color":"","background-image":"","background-repeat":"repeat","background-position":"center center","background-size":"auto","background-attachment":"scroll","background-type":"","background-media":"","overlay-type":"","overlay-color":"","overlay-opacity":"","overlay-gradient":""},"mobile":{"background-color":"","background-image":"","background-repeat":"repeat","background-position":"center center","background-size":"auto","background-attachment":"scroll","background-type":"","background-media":"","overlay-type":"","overlay-color":"","overlay-opacity":"","overlay-gradient":""}},"ast-content-background-meta":{"desktop":{"background-color":"var(--ast-global-color-4)","background-image":"","background-repeat":"repeat","background-position":"center center","background-size":"auto","background-attachment":"scroll","background-type":"","background-media":"","overlay-type":"","overlay-color":"","overlay-opacity":"","overlay-gradient":""},"tablet":{"background-color":"var(--ast-global-color-4)","background-image":"","background-repeat":"repeat","background-position":"center center","background-size":"auto","background-attachment":"scroll","background-type":"","background-media":"","overlay-type":"","overlay-color":"","overlay-opacity":"","overlay-gradient":""},"mobile":{"background-color":"var(--ast-global-color-4)","background-image":"","background-repeat":"repeat","background-position":"center center","background-size":"auto","background-attachment":"scroll","background-type":"","background-media":"","overlay-type":"","overlay-color":"","overlay-opacity":"","overlay-gradient":""}}},"product_brand":[],"product_cat":[21,152],"product_tag":[117,118,116,115,119,120],"class_list":{"0":"post-1807","1":"product","2":"type-product","3":"status-publish","4":"has-post-thumbnail","6":"product_cat-baling-machine","7":"product_cat-vertical-baler","8":"product_tag-china-marine-waste-baling-machine","9":"product_tag-hydraulic-marine-baler-for-sale","10":"product_tag-hydraulic-marine-garbage-baling-machine","11":"product_tag-marine-baler","12":"product_tag-marine-waste-baling-machine-factory","13":"product_tag-vertical-marine-baling-machine","14":"desktop-align-left","15":"tablet-align-left","16":"mobile-align-left","18":"first","19":"instock","20":"shipping-taxable","21":"product-type-simple"},"_links":{"self":[{"href":"https:\/\/www.gigapa.com\/cs\/wp-json\/wp\/v2\/product\/1807","targetHints":{"allow":["GET"]}}],"collection":[{"href":"https:\/\/www.gigapa.com\/cs\/wp-json\/wp\/v2\/product"}],"about":[{"href":"https:\/\/www.gigapa.com\/cs\/wp-json\/wp\/v2\/types\/product"}],"version-history":[{"count":2,"href":"https:\/\/www.gigapa.com\/cs\/wp-json\/wp\/v2\/product\/1807\/revisions"}],"predecessor-version":[{"id":1811,"href":"https:\/\/www.gigapa.com\/cs\/wp-json\/wp\/v2\/product\/1807\/revisions\/1811"}],"wp:featuredmedia":[{"embeddable":true,"href":"https:\/\/www.gigapa.com\/cs\/wp-json\/wp\/v2\/media\/1808"}],"wp:attachment":[{"href":"https:\/\/www.gigapa.com\/cs\/wp-json\/wp\/v2\/media?parent=1807"}],"wp:term":[{"taxonomy":"product_brand","embeddable":true,"href":"https:\/\/www.gigapa.com\/cs\/wp-json\/wp\/v2\/product_brand?post=1807"},{"taxonomy":"product_cat","embeddable":true,"href":"https:\/\/www.gigapa.com\/cs\/wp-json\/wp\/v2\/product_cat?post=1807"},{"taxonomy":"product_tag","embeddable":true,"href":"https:\/\/www.gigapa.com\/cs\/wp-json\/wp\/v2\/product_tag?post=1807"}],"curies":[{"name":"wp","href":"https:\/\/api.w.org\/{rel}","templated":true}]}}