{"id":1963,"date":"2025-06-17T11:44:39","date_gmt":"2025-06-17T03:44:39","guid":{"rendered":"https:\/\/www.gigapa.com\/?post_type=product&#038;p=1963"},"modified":"2025-10-13T09:19:56","modified_gmt":"2025-10-13T01:19:56","slug":"dual-shaft-tire-shredder","status":"publish","type":"product","link":"https:\/\/www.gigapa.com\/cs\/produkt\/dual-shaft-tire-shredder\/","title":{"rendered":"Dvouh\u0159\u00eddelov\u00fd drti\u010d pneumatik"},"content":{"rendered":"<p data-start=\"156\" data-end=\"589\">Dvouh\u0159\u00eddelov\u00fd drti\u010d pneumatik je robustn\u00ed a vysoce \u00fa\u010dinn\u00fd stroj navr\u017een\u00fd tak, aby spl\u0148oval n\u00e1ro\u010dn\u00e9 po\u017eadavky pr\u016fmyslu recyklace pneumatik, redukce pevn\u00e9ho odpadu a vyu\u017eit\u00ed zdroj\u016f. Tento drti\u010d je navr\u017een pro zpracov\u00e1n\u00ed v\u0161ech typ\u016f odpadn\u00edch pneumatik - od pneumatik osobn\u00edch vozidel a\u017e po pneumatiky t\u011b\u017ek\u00fdch n\u00e1kladn\u00edch vozidel a pneumatiky OTR (off-the-road) - a hraje d\u016fle\u017eitou roli p\u0159i p\u0159em\u011bn\u011b odpadn\u00ed pry\u017ee na cenn\u00fd materi\u00e1l vhodn\u00fd k dal\u0161\u00edmu zpracov\u00e1n\u00ed nebo p\u0159\u00edm\u00e9mu pou\u017eit\u00ed.<\/p>\n<p data-start=\"591\" data-end=\"974\">Vzhledem k tomu, \u017ee celosv\u011btov\u00e9 p\u0159edpisy a pov\u011bdom\u00ed o \u017eivotn\u00edm prost\u0159ed\u00ed v oblasti likvidace odpadn\u00edch pneumatik st\u00e1le rostou, pot\u0159ebuj\u00ed podniky spolehliv\u00e1 \u0159e\u0161en\u00ed pro rozklad t\u011bchto objemn\u00fdch a biologicky nerozlo\u017eiteln\u00fdch materi\u00e1l\u016f. Dvouh\u0159\u00eddelov\u00fd drti\u010d pneumatik \u0159e\u0161\u00ed tuto v\u00fdzvu d\u00edky pokro\u010dil\u00e9 technologii \u0159ez\u00e1n\u00ed, odoln\u00e9 konstrukci a v\u00fdkonn\u00fdm pohonn\u00fdm syst\u00e9m\u016fm, kter\u00e9 zaru\u010duj\u00ed dlouhodob\u00fd a velkokapacitn\u00ed v\u00fdkon.<\/p>\n<h3 data-start=\"976\" data-end=\"996\">P\u0159ehled produkt\u016f<\/h3>\n<p data-start=\"998\" data-end=\"1453\">Pneumatiky p\u0159edstavuj\u00ed zna\u010dnou v\u00fdzvu pro recyklaci kv\u016fli sv\u00e9 vysok\u00e9 pru\u017enosti, objemu a zabudovan\u00e9 kovov\u00e9 v\u00fdztu\u017ei. B\u011b\u017en\u00e9 drti\u010de maj\u00ed \u010dasto probl\u00e9my se zpracov\u00e1n\u00edm takto pru\u017en\u00fdch materi\u00e1l\u016f. Dvouh\u0159\u00eddelov\u00fd drti\u010d pneumatik je v\u0161ak pro tento \u00fa\u010del speci\u00e1ln\u011b navr\u017een. Pomoc\u00ed dvou pomalob\u011b\u017en\u00fdch h\u0159\u00eddel\u00ed s vysok\u00fdm to\u010div\u00fdm momentem vybaven\u00fdch vz\u00e1jemn\u011b se prol\u00ednaj\u00edc\u00edmi \u0159ezn\u00fdmi no\u017ei dok\u00e1\u017ee stroj snadno roz\u0159ezat tlustou pry\u017e a ocelov\u00e9 dr\u00e1ty s minim\u00e1ln\u00edmi vibracemi a hlukem.<\/p>\n<p data-start=\"1455\" data-end=\"1696\">V\u00fdsledkem je rovnom\u011brn\u00e1, snadno zpracovateln\u00e1 dr\u0165 z pneumatik, kterou lze d\u00e1le zpracovat na pry\u017eov\u00fd mul\u010d, dr\u0165 nebo pou\u017e\u00edt v aplikac\u00edch, jako jsou alternativn\u00ed paliva (TDF), povrchy d\u011btsk\u00fdch h\u0159i\u0161\u0165, \u00faprava asfaltu a stavebn\u00ed materi\u00e1ly.<\/p>\n<h3 data-start=\"1698\" data-end=\"1715\">Hlavn\u00ed funkce<\/h3>\n<p data-start=\"1717\" data-end=\"2137\">Syst\u00e9m \u0159ez\u00e1n\u00ed se dv\u011bma h\u0159\u00eddeli<br data-start=\"1742\" data-end=\"1745\" \/>J\u00e1dro drti\u010de tvo\u0159\u00ed dva protib\u011b\u017en\u00e9 h\u0159\u00eddele osazen\u00e9 vym\u011bniteln\u00fdmi no\u017ei odoln\u00fdmi proti opot\u0159eben\u00ed. Tyto h\u0159\u00eddele uchopuj\u00ed a trhaj\u00ed pneumatiky pomoc\u00ed n\u00edzkoot\u00e1\u010dkov\u00e9 rotace, kter\u00e1 sni\u017euje spot\u0159ebu energie, hluk a opot\u0159eben\u00ed a z\u00e1rove\u0148 poskytuje vysok\u00fd to\u010div\u00fd moment. T\u00edm je zaji\u0161t\u011bna maxim\u00e1ln\u00ed \u00fa\u010dinnost drcen\u00ed i t\u011bch nejtvrd\u0161\u00edch materi\u00e1l\u016f pneumatik, v\u010detn\u011b pneumatik se silnou ocelovou v\u00fdztuhou patek.<\/p>\n<p data-start=\"2139\" data-end=\"2419\">T\u011b\u017ek\u00e1 konstrukce<br data-start=\"2162\" data-end=\"2165\" \/>R\u00e1m a komora stroje jsou vyrobeny z vysoce kvalitn\u00ed oceli a maj\u00ed maxim\u00e1ln\u00ed odolnost. Zes\u00edlen\u00e9 bo\u010dnice, integrovan\u00e9 t\u011bsn\u011bn\u00ed h\u0159\u00eddele a robustn\u00ed lo\u017eiskov\u00e9 podp\u011bry zaji\u0161\u0165uj\u00ed nep\u0159etr\u017eit\u00fd provoz drti\u010de v n\u00e1ro\u010dn\u00fdch pr\u016fmyslov\u00fdch podm\u00ednk\u00e1ch.<\/p>\n<p data-start=\"2421\" data-end=\"2768\">Pohon s vysok\u00fdm to\u010div\u00fdm momentem a n\u00edzk\u00fdmi ot\u00e1\u010dkami<br data-start=\"2449\" data-end=\"2452\" \/>Dvouh\u0159\u00eddelov\u00fd drti\u010d pneumatik je v z\u00e1vislosti na konfiguraci poh\u00e1n\u011bn bu\u010f elektrick\u00fdm, nebo hydraulick\u00fdm motorem. N\u00edzk\u00e1 rychlost ot\u00e1\u010den\u00ed, obvykle v rozmez\u00ed 10-25 ot\u00e1\u010dek za minutu, sni\u017euje zah\u0159\u00edv\u00e1n\u00ed a prodlu\u017euje \u017eivotnost \u0159ezn\u00fdch no\u017e\u016f a z\u00e1rove\u0148 poskytuje v\u00fdjime\u010dn\u00fd to\u010div\u00fd moment pro roztrh\u00e1n\u00ed hust\u00e9ho a pru\u017en\u00e9ho materi\u00e1lu pneumatik.<\/p>\n<p data-start=\"2770\" data-end=\"3054\">Automatick\u00e1 ochrana proti zp\u011btn\u00e9mu chodu<br data-start=\"2798\" data-end=\"2801\" \/>Aby se zabr\u00e1nilo zaseknut\u00ed no\u017e\u016f a motor byl chr\u00e1n\u011bn p\u0159ed p\u0159et\u00ed\u017een\u00edm, je drti\u010d vybaven automatick\u00fdm reverzn\u00edm syst\u00e9mem. P\u0159i zji\u0161t\u011bn\u00ed nadm\u011brn\u00e9ho odporu h\u0159\u00eddele kr\u00e1tce zacouvaj\u00ed, aby se odstranilo zablokov\u00e1n\u00ed, a pot\u00e9 se automaticky obnov\u00ed norm\u00e1ln\u00ed provoz.<\/p>\n<p data-start=\"3056\" data-end=\"3372\">P\u0159izp\u016fsobiteln\u00e1 velikost v\u00fdstupu<br data-start=\"3080\" data-end=\"3083\" \/>V\u00fdstupn\u00ed velikost drcen\u00e9ho materi\u00e1lu z pneumatik lze upravit zm\u011bnou konstrukce no\u017e\u016f nebo konfigurac\u00ed navazuj\u00edc\u00edch s\u00edt a dopravn\u00edk\u016f. D\u00edky tomu je drti\u010d univerz\u00e1ln\u00ed pro r\u016fzn\u00e9 recykla\u010dn\u00ed aplikace, a\u0165 u\u017e je c\u00edlem TDF, granule nebo p\u0159edem rozdrcen\u00e1 surovina pro jemn\u011bj\u0161\u00ed mlet\u00ed.<\/p>\n<p data-start=\"3374\" data-end=\"3627\">U\u017eivatelsky p\u0159\u00edv\u011btiv\u00fd \u0159\u00eddic\u00ed syst\u00e9m<br data-start=\"3402\" data-end=\"3405\" \/>Integrovan\u00fd ovl\u00e1dac\u00ed panel je zalo\u017een na PLC a m\u00e1 intuitivn\u00ed rozhran\u00ed s poruchov\u00fdmi alarmy, provozn\u00edmi \u00fadaji a programovateln\u00fdmi nastaven\u00edmi. Obsluha m\u016f\u017ee sledovat v\u00fdkon drti\u010de a podle pot\u0159eby prov\u00e1d\u011bt rychl\u00e1 nastaven\u00ed.<\/p>\n<p data-start=\"3629\" data-end=\"3890\">Nen\u00e1ro\u010dn\u00e1 \u00fadr\u017eba a snadn\u00e9 \u010di\u0161t\u011bn\u00ed<br data-start=\"3662\" data-end=\"3665\" \/>D\u00edky odn\u00edmateln\u00fdm kryt\u016fm komor a snadno p\u0159\u00edstupn\u00fdm no\u017e\u016fm lze rychle prov\u00e1d\u011bt \u00fadr\u017ebu a \u010di\u0161t\u011bn\u00ed. \u010cepele jsou navr\u017eeny pro dlouhou \u017eivotnost a jejich op\u011btovn\u00e9 ost\u0159en\u00ed nebo v\u00fdm\u011bna je snadn\u00e1.<\/p>\n<h3 data-start=\"3892\" data-end=\"3936\">Technick\u00e9 specifikace (p\u0159\u00edklad modelu)<\/h3>\n<ul>\n<li data-start=\"3940\" data-end=\"4017\">V\u00fdkon drcen\u00ed: 2 a\u017e 20 tun za hodinu (v z\u00e1vislosti na modelu a materi\u00e1lu)<\/li>\n<li data-start=\"4020\" data-end=\"4044\">V\u00fdkon motoru: 45-150 kW<\/li>\n<li data-start=\"4047\" data-end=\"4071\">Ot\u00e1\u010dky h\u0159\u00eddele: 10-25 ot\/min<\/li>\n<li data-start=\"4074\" data-end=\"4129\">Velikost \u0159ezn\u00e9 komory: 1200 mm \u00d7 800 mm (lze p\u0159izp\u016fsobit)<\/li>\n<li data-start=\"4132\" data-end=\"4190\">Velikost v\u00fdstupu: 50-150 mm (nastaviteln\u00e1 nebo \u0159\u00edzen\u00e1 obrazovkou)<\/li>\n<li data-start=\"4193\" data-end=\"4271\">Materi\u00e1l \u010depele: Materi\u00e1l: kalen\u00e1 legovan\u00e1 ocel nebo upraven\u00fd podle po\u017eadavku klienta<\/li>\n<li data-start=\"4274\" data-end=\"4320\">\u0158\u00eddic\u00ed syst\u00e9m: PLC Siemens s dotykovou obrazovkou<\/li>\n<li data-start=\"4323\" data-end=\"4367\">Typ pohonu: Elektrick\u00fd nebo hydraulick\u00fd (voliteln\u011b)<\/li>\n<\/ul>\n<h3 data-start=\"4369\" data-end=\"4385\">Aplikace<\/h3>\n<p data-start=\"4387\" data-end=\"4434\">Dvouh\u0159\u00eddelov\u00fd drti\u010d pneumatik je \u0161iroce pou\u017e\u00edv\u00e1n v:<\/p>\n<ul>\n<li data-start=\"4438\" data-end=\"4461\">Z\u00e1vody na recyklaci pneumatik<\/li>\n<li data-start=\"4464\" data-end=\"4504\">Za\u0159\u00edzen\u00ed na zpracov\u00e1n\u00ed tuh\u00e9ho komun\u00e1ln\u00edho odpadu (TKO)<\/li>\n<li data-start=\"4507\" data-end=\"4537\">Pr\u016fmysl zpracov\u00e1n\u00ed pry\u017ee<\/li>\n<li data-start=\"4540\" data-end=\"4575\">Cement\u00e1\u0159sk\u00e9 pece (pro zpracov\u00e1n\u00ed TDF)<\/li>\n<li data-start=\"4578\" data-end=\"4610\">Syst\u00e9my p\u0159ed\u00fapravy skl\u00e1dek<\/li>\n<li data-start=\"4613\" data-end=\"4639\">Provozov\u00e1n\u00ed za\u0159\u00edzen\u00ed na energetick\u00e9 vyu\u017eit\u00ed odpadu<\/li>\n<\/ul>\n<p data-start=\"4641\" data-end=\"4668\">Mezi vhodn\u00e9 materi\u00e1ly pat\u0159\u00ed:<\/p>\n<ul>\n<li data-start=\"4672\" data-end=\"4693\">Pneumatiky pro osobn\u00ed automobily<\/li>\n<li data-start=\"4696\" data-end=\"4717\">Pneumatiky pro n\u00e1kladn\u00ed automobily a autobusy<\/li>\n<li data-start=\"4720\" data-end=\"4748\">Zem\u011bd\u011blsk\u00e9 a OTR pneumatiky<\/li>\n<li data-start=\"4751\" data-end=\"4767\">Dopravn\u00ed p\u00e1sy<\/li>\n<li data-start=\"4770\" data-end=\"4795\">Gumov\u00e9 n\u00e1razn\u00edky a roho\u017ee<\/li>\n<li data-start=\"4798\" data-end=\"4821\">Pr\u016fmyslov\u00fd gumov\u00fd odpad<\/li>\n<\/ul>\n<h3 data-start=\"4823\" data-end=\"4852\">V\u00fdhody pro va\u0161i firmu<\/h3>\n<ul>\n<li data-start=\"4854\" data-end=\"4996\">Zlep\u0161en\u00ed provozn\u00ed efektivity: D\u00edky vysok\u00e9mu v\u00fdkonu a minim\u00e1ln\u00edm prostoj\u016fm umo\u017e\u0148uje drti\u010d zpracovat v\u00edce pneumatik za krat\u0161\u00ed dobu.<\/li>\n<li data-start=\"4998\" data-end=\"5111\">Sn\u00ed\u017een\u00ed n\u00e1klad\u016f na pracovn\u00ed s\u00edlu: Pln\u011b automatick\u00fd provoz a nen\u00e1ro\u010dn\u00e1 \u00fadr\u017eba minimalizuj\u00ed ru\u010dn\u00ed manipulaci a dohled.<\/li>\n<li data-start=\"5113\" data-end=\"5243\">Zlep\u0161en\u00e9 dodr\u017eov\u00e1n\u00ed p\u0159edpis\u016f v oblasti \u017eivotn\u00edho prost\u0159ed\u00ed: Drcen\u00ed pneumatik je z\u00e1sadn\u00edm krokem p\u0159i pln\u011bn\u00ed recykla\u010dn\u00edch p\u0159edpis\u016f a sni\u017eov\u00e1n\u00ed dopadu na skl\u00e1dky.<\/li>\n<li data-start=\"5245\" data-end=\"5413\">Flexibiln\u00ed integrace: Stroj m\u016f\u017ee pracovat jako samostatn\u00e1 jednotka nebo m\u016f\u017ee b\u00fdt integrov\u00e1n do kompletn\u00ed recykla\u010dn\u00ed linky s dopravn\u00edky, magnetick\u00fdmi separ\u00e1tory a granul\u00e1tory.<\/li>\n<li data-start=\"5415\" data-end=\"5550\">Dlouhodob\u00e9 \u00faspory n\u00e1klad\u016f: Odoln\u00e1 konstrukce, efektivn\u00ed vyu\u017eit\u00ed energie a prodlou\u017een\u00e1 \u017eivotnost lopatek vedou ke sn\u00ed\u017een\u00ed provozn\u00edch n\u00e1klad\u016f v pr\u016fb\u011bhu \u010dasu.<\/li>\n<\/ul>\n<h3 data-start=\"5552\" data-end=\"5566\">Z\u00e1v\u011br<\/h3>\n<p data-start=\"5568\" data-end=\"6032\">Dvouh\u0159\u00eddelov\u00fd drti\u010d pneumatik je nepostradateln\u00fdm pomocn\u00edkem pro ka\u017edou spole\u010dnost, kter\u00e1 se zab\u00fdv\u00e1 likvidac\u00ed pneumatik, recyklac\u00ed pry\u017ee nebo v\u00fdrobou energie z odpadu. D\u00edky sv\u00e9 schopnosti snadno a efektivn\u011b rozlo\u017eit tvrd\u00e9 materi\u00e1ly pneumatik je preferovan\u00fdm \u0159e\u0161en\u00edm na rozvinut\u00fdch i rozv\u00edjej\u00edc\u00edch se trz\u00edch. A\u0165 u\u017e zahajujete nov\u00fd provoz recyklace pneumatik nebo modernizujete st\u00e1vaj\u00edc\u00ed syst\u00e9m, tento stroj nab\u00edz\u00ed v\u00fdkon, spolehlivost a flexibilitu pot\u0159ebnou pro dlouhodob\u00fd \u00fasp\u011bch.<\/p>\n<p data-start=\"6034\" data-end=\"6225\">Kontaktujte n\u00e1s je\u0161t\u011b dnes a z\u00edskejte v\u00edce informac\u00ed o mo\u017enostech p\u0159izp\u016fsoben\u00ed, technick\u00e9 podpo\u0159e a cen\u00e1ch. N\u00e1\u0161 t\u00fdm je p\u0159ipraven v\u00e1m pomoci navrhnout nejefektivn\u011bj\u0161\u00ed \u0159e\u0161en\u00ed pro skartov\u00e1n\u00ed podle va\u0161ich konkr\u00e9tn\u00edch pot\u0159eb.<\/p>","protected":false},"excerpt":{"rendered":"<p data-start=\"423\" data-end=\"715\" data-immersive-translate-walked=\"083d14c3-a107-49a9-a0c0-28c2f183ec72\" data-immersive-translate-paragraph=\"1\">Dvouh\u0159\u00eddelov\u00fd drti\u010d pneumatik je t\u011b\u017ek\u00fd stroj ur\u010den\u00fd k recyklaci v\u0161ech typ\u016f odpadn\u00edch pneumatik. D\u00edky n\u00edzkoot\u00e1\u010dkov\u00fdm h\u0159\u00eddel\u00edm s vysok\u00fdm to\u010div\u00fdm momentem a odoln\u00fdm no\u017e\u016fm \u00fa\u010dinn\u011b rozm\u011bl\u0148uje cel\u00e9 pneumatiky na snadno zpracovateln\u00e9 drti - ide\u00e1ln\u00ed pro TDF, gumov\u00fd mul\u010d a n\u00e1sledn\u00e9 zpracov\u00e1n\u00ed.<\/p>","protected":false},"featured_media":1962,"template":"","meta":{"site-sidebar-layout":"default","site-content-layout":"","ast-site-content-layout":"default","site-content-style":"default","site-sidebar-style":"default","ast-global-header-display":"","ast-banner-title-visibility":"","ast-main-header-display":"","ast-hfb-above-header-display":"","ast-hfb-below-header-display":"","ast-hfb-mobile-header-display":"","site-post-title":"","ast-breadcrumbs-content":"","ast-featured-img":"","footer-sml-layout":"","ast-disable-related-posts":"","theme-transparent-header-meta":"default","adv-header-id-meta":"","stick-header-meta":"","header-above-stick-meta":"","header-main-stick-meta":"","header-below-stick-meta":"","astra-migrate-meta-layouts":"set","ast-page-background-enabled":"default","ast-page-background-meta":{"desktop":{"background-color":"var(--ast-global-color-5)","background-image":"","background-repeat":"repeat","background-position":"center center","background-size":"auto","background-attachment":"scroll","background-type":"","background-media":"","overlay-type":"","overlay-color":"","overlay-opacity":"","overlay-gradient":""},"tablet":{"background-color":"","background-image":"","background-repeat":"repeat","background-position":"center center","background-size":"auto","background-attachment":"scroll","background-type":"","background-media":"","overlay-type":"","overlay-color":"","overlay-opacity":"","overlay-gradient":""},"mobile":{"background-color":"","background-image":"","background-repeat":"repeat","background-position":"center center","background-size":"auto","background-attachment":"scroll","background-type":"","background-media":"","overlay-type":"","overlay-color":"","overlay-opacity":"","overlay-gradient":""}},"ast-content-background-meta":{"desktop":{"background-color":"var(--ast-global-color-4)","background-image":"","background-repeat":"repeat","background-position":"center center","background-size":"auto","background-attachment":"scroll","background-type":"","background-media":"","overlay-type":"","overlay-color":"","overlay-opacity":"","overlay-gradient":""},"tablet":{"background-color":"var(--ast-global-color-4)","background-image":"","background-repeat":"repeat","background-position":"center center","background-size":"auto","background-attachment":"scroll","background-type":"","background-media":"","overlay-type":"","overlay-color":"","overlay-opacity":"","overlay-gradient":""},"mobile":{"background-color":"var(--ast-global-color-4)","background-image":"","background-repeat":"repeat","background-position":"center center","background-size":"auto","background-attachment":"scroll","background-type":"","background-media":"","overlay-type":"","overlay-color":"","overlay-opacity":"","overlay-gradient":""}}},"product_brand":[],"product_cat":[20,149],"product_tag":[],"class_list":{"0":"post-1963","1":"product","2":"type-product","3":"status-publish","4":"has-post-thumbnail","6":"product_cat-shredding-and-crushing-machine","7":"product_cat-double-shaft-shredder","8":"desktop-align-left","9":"tablet-align-left","10":"mobile-align-left","12":"first","13":"instock","14":"shipping-taxable","15":"product-type-simple"},"_links":{"self":[{"href":"https:\/\/www.gigapa.com\/cs\/wp-json\/wp\/v2\/product\/1963","targetHints":{"allow":["GET"]}}],"collection":[{"href":"https:\/\/www.gigapa.com\/cs\/wp-json\/wp\/v2\/product"}],"about":[{"href":"https:\/\/www.gigapa.com\/cs\/wp-json\/wp\/v2\/types\/product"}],"version-history":[{"count":2,"href":"https:\/\/www.gigapa.com\/cs\/wp-json\/wp\/v2\/product\/1963\/revisions"}],"predecessor-version":[{"id":2026,"href":"https:\/\/www.gigapa.com\/cs\/wp-json\/wp\/v2\/product\/1963\/revisions\/2026"}],"wp:featuredmedia":[{"embeddable":true,"href":"https:\/\/www.gigapa.com\/cs\/wp-json\/wp\/v2\/media\/1962"}],"wp:attachment":[{"href":"https:\/\/www.gigapa.com\/cs\/wp-json\/wp\/v2\/media?parent=1963"}],"wp:term":[{"taxonomy":"product_brand","embeddable":true,"href":"https:\/\/www.gigapa.com\/cs\/wp-json\/wp\/v2\/product_brand?post=1963"},{"taxonomy":"product_cat","embeddable":true,"href":"https:\/\/www.gigapa.com\/cs\/wp-json\/wp\/v2\/product_cat?post=1963"},{"taxonomy":"product_tag","embeddable":true,"href":"https:\/\/www.gigapa.com\/cs\/wp-json\/wp\/v2\/product_tag?post=1963"}],"curies":[{"name":"wp","href":"https:\/\/api.w.org\/{rel}","templated":true}]}}