{"id":1971,"date":"2025-06-17T11:30:43","date_gmt":"2025-06-17T03:30:43","guid":{"rendered":"https:\/\/www.gigapa.com\/?post_type=product&#038;p=1971"},"modified":"2025-11-05T08:59:57","modified_gmt":"2025-11-05T00:59:57","slug":"fully-automatic-strapping-baler-iron-wire","status":"publish","type":"product","link":"https:\/\/www.gigapa.com\/cs\/produkt\/fully-automatic-strapping-baler-iron-wire\/","title":{"rendered":"Pln\u011b automatick\u00fd balic\u00ed stroj na p\u00e1sky (\u017eelezn\u00fd dr\u00e1t)"},"content":{"rendered":"<p data-start=\"226\" data-end=\"712\">Pln\u011b automatick\u00fd lis na p\u00e1sky (\u017eelezn\u00fd dr\u00e1t) je vysoce v\u00fdkonn\u00fd a inteligentn\u00ed stroj pro nakl\u00e1d\u00e1n\u00ed s odpadem, kter\u00fd je navr\u017een tak, aby zefektivnil proces recyklace stla\u010dov\u00e1n\u00edm velk\u00fdch objem\u016f materi\u00e1lu do hust\u00fdch bal\u00edk\u016f, s nimi\u017e se snadno manipuluje a kter\u00e9 jsou zaji\u0161t\u011bny odoln\u00fdm \u017eelezn\u00fdm dr\u00e1tem. Tento lis je zkonstruov\u00e1n pro vysoce v\u00fdkonn\u00e9 pr\u016fmyslov\u00e9 aplikace a p\u0159in\u00e1\u0161\u00ed automatizaci, rychlost a bezpe\u010dnost - je tedy ide\u00e1ln\u00edm \u0159e\u0161en\u00edm pro modern\u00ed centra zpracov\u00e1n\u00ed a recyklace odpadu, logistick\u00e1 centra a v\u00fdrobn\u00ed z\u00e1vody.<\/p>\n<p data-start=\"714\" data-end=\"1009\">S rostouc\u00edm objemem odpadu v r\u016fzn\u00fdch odv\u011btv\u00edch pot\u0159ebuj\u00ed podniky \u00fa\u010dinn\u00e1 a spolehliv\u00e1 \u0159e\u0161en\u00ed pro spr\u00e1vu a p\u0159epravu recyklovateln\u00fdch materi\u00e1l\u016f. Tento lis spl\u0148uje tuto pot\u0159ebu t\u00edm, \u017ee nab\u00edz\u00ed pln\u011b automatizovan\u00fd syst\u00e9m lisov\u00e1n\u00ed a p\u00e1skov\u00e1n\u00ed, kter\u00fd v\u00fdrazn\u011b sni\u017euje n\u00e1klady na pracovn\u00ed s\u00edlu a zvy\u0161uje efektivitu provozu.<\/p>\n<h3 data-start=\"1016\" data-end=\"1038\">Kl\u00ed\u010dov\u00e9 vlastnosti<\/h3>\n<p data-start=\"1040\" data-end=\"1077\"><strong>Pln\u011b automatick\u00fd provoz<\/strong><\/p>\n<p data-start=\"1078\" data-end=\"1436\">V\u0161echny procesy, od pod\u00e1v\u00e1n\u00ed p\u0159es lisov\u00e1n\u00ed a\u017e po vyhazov\u00e1n\u00ed bal\u00edk\u016f a p\u00e1skov\u00e1n\u00ed, jsou \u0159\u00edzeny automaticky pomoc\u00ed u\u017eivatelsky p\u0159\u00edv\u011btiv\u00e9ho syst\u00e9mu PLC. Obsluha jednodu\u0161e nastavuje parametry a sleduje v\u00fdkon prost\u0159ednictv\u00edm rozhran\u00ed dotykov\u00e9 obrazovky, tak\u017ee lis funguje s minim\u00e1ln\u00edm z\u00e1sahem \u010dlov\u011bka. To zaji\u0161\u0165uje konzistentn\u00ed v\u00fdkon a v\u00fdrazn\u011b zvy\u0161uje produktivitu.<\/p>\n<p data-start=\"1438\" data-end=\"1483\"><strong>Syst\u00e9m p\u00e1skov\u00e1n\u00ed siln\u00fdm \u017eelezn\u00fdm dr\u00e1tem<\/strong><\/p>\n<p data-start=\"1484\" data-end=\"1871\">Na rozd\u00edl od lis\u016f, kter\u00e9 pou\u017e\u00edvaj\u00ed plastov\u00e9 popruhy nebo motouzy, tento model pou\u017e\u00edv\u00e1 k op\u00e1s\u00e1n\u00ed \u017eelezn\u00fd dr\u00e1t, kter\u00fd nab\u00edz\u00ed vynikaj\u00edc\u00ed pevnost a odolnost. To je d\u016fle\u017eit\u00e9 zejm\u00e9na pro t\u011b\u017ek\u00e9 a tuh\u00e9 materi\u00e1ly, jako je lepenka, kartony a lisovan\u00fd pap\u00edr. Automatick\u00fd syst\u00e9m v\u00e1z\u00e1n\u00ed dr\u00e1tem zaji\u0161\u0165uje, \u017ee ka\u017ed\u00fd bal\u00edk je pevn\u011b zaji\u0161t\u011bn, stabiln\u00ed b\u011bhem p\u0159epravy a vyhovuje po\u017eadavk\u016fm recykla\u010dn\u00edch za\u0159\u00edzen\u00ed.<\/p>\n<p data-start=\"1873\" data-end=\"1908\"><strong>T\u011b\u017ek\u00e1 konstrukce<\/strong><\/p>\n<p data-start=\"1909\" data-end=\"2245\">Tento lis je vyroben z vysoce kvalitn\u00ed oceli odoln\u00e9 proti opot\u0159eben\u00ed a je ur\u010den pro nep\u0159etr\u017eit\u00e9 pr\u016fmyslov\u00e9 pou\u017eit\u00ed. Jeho zes\u00edlen\u00fd r\u00e1m, hydraulick\u00e9 komponenty a vlo\u017eky odoln\u00e9 proti opot\u0159eben\u00ed jsou navr\u017eeny tak, aby vydr\u017eely provoz pod vysok\u00fdm tlakem bez deformac\u00ed a \u010dast\u00e9 \u00fadr\u017eby. Obsahuje tak\u00e9 v\u00fdkonn\u00fd hydraulick\u00fd syst\u00e9m pro siln\u00e9 a rychl\u00e9 zhutn\u011bn\u00ed.<\/p>\n<p data-start=\"2247\" data-end=\"2281\"><strong>Konzistentn\u00ed produkce bal\u00edk\u016f<\/strong><\/p>\n<p data-start=\"2282\" data-end=\"2558\">Stroj vyr\u00e1b\u00ed rovnom\u011brn\u00e9 bal\u00edky s vysokou hustotou a nastavitelnou d\u00e9lkou a hmotnost\u00ed v z\u00e1vislosti na materi\u00e1lu a pot\u0159eb\u00e1ch z\u00e1kazn\u00edka. Tato konzistence zlep\u0161uje vyu\u017eit\u00ed prostoru ve skladu a p\u0159i p\u0159eprav\u011b, co\u017e vede ke sn\u00ed\u017een\u00ed logistick\u00fdch n\u00e1klad\u016f a organizovan\u011bj\u0161\u00edmu nakl\u00e1d\u00e1n\u00ed s odpadem.<\/p>\n<p data-start=\"2560\" data-end=\"2588\"><strong>Bezpe\u010dnost a kontrola<\/strong><\/p>\n<p data-start=\"2589\" data-end=\"2899\">Bezpe\u010dnost je z\u00e1kladn\u00edm prvkem tohoto lisu. Integrovan\u00e1 tla\u010d\u00edtka nouzov\u00e9ho zastaven\u00ed, blokov\u00e1n\u00ed dve\u0159\u00ed, ochrana proti p\u0159et\u00ed\u017een\u00ed a poruchov\u00e9 alarmy zaji\u0161\u0165uj\u00ed bezpe\u010dnost obsluhy a zabra\u0148uj\u00ed po\u0161kozen\u00ed stroje. Inteligentn\u00ed ovl\u00e1dac\u00ed panel zobrazuje provozn\u00ed \u00fadaje a syst\u00e9mov\u00e9 v\u00fdstrahy v re\u00e1ln\u00e9m \u010dase pro rychlou reakci a bezprobl\u00e9mov\u00fd provoz.<\/p>\n<h3 data-start=\"4041\" data-end=\"4064\">Aplikace<\/h3>\n<p data-start=\"4066\" data-end=\"4171\">Pln\u011b automatick\u00fd balic\u00ed stroj na p\u00e1sky (\u017eelezn\u00fd dr\u00e1t) je \u0161iroce pou\u017e\u00edv\u00e1n v r\u016fzn\u00fdch pr\u016fmyslov\u00fdch odv\u011btv\u00edch, v\u010detn\u011b:<\/p>\n<ul>\n<li data-start=\"4175\" data-end=\"4256\">Recykla\u010dn\u00ed centra - pro lisov\u00e1n\u00ed pap\u00edru, lepenky a sm\u011bsn\u00e9ho pap\u00edrov\u00e9ho odpadu.<\/li>\n<li data-start=\"4259\" data-end=\"4357\">Bal\u00edrny a tisk\u00e1rny - nakl\u00e1d\u00e1n\u00ed s odpadem z o\u0159ez\u00e1v\u00e1n\u00ed a vadn\u00fdch v\u00fdtisk\u016f.<\/li>\n<li data-start=\"4360\" data-end=\"4442\">Pap\u00edrny - Pro sb\u011br a lisov\u00e1n\u00ed odpadn\u00edch okraj\u016f a od\u0159ezk\u016f z rol\u00ed.<\/li>\n<li data-start=\"4445\" data-end=\"4540\">Sklady a distribu\u010dn\u00ed centra - pro lisov\u00e1n\u00ed pou\u017eit\u00fdch karton\u016f a obalov\u00fdch materi\u00e1l\u016f.<\/li>\n<li data-start=\"4543\" data-end=\"4639\">Za\u0159\u00edzen\u00ed pro nakl\u00e1d\u00e1n\u00ed s tuh\u00fdm komun\u00e1ln\u00edm odpadem - Pro manipulaci se such\u00fdm odpadem p\u0159ed p\u0159epravou nebo spalov\u00e1n\u00edm.<\/li>\n<\/ul>\n<p data-start=\"4641\" data-end=\"4669\">Je vhodn\u00fd pro manipulaci:<\/p>\n<ul>\n<li data-start=\"4673\" data-end=\"4703\">Star\u00e9 vlnit\u00e9 kartony (OCC)<\/li>\n<li data-start=\"4706\" data-end=\"4733\">Odpadn\u00ed pap\u00edr a noviny<\/li>\n<li data-start=\"4736\" data-end=\"4759\">Odpad z pap\u00edrov\u00fdch obal\u016f<\/li>\n<li data-start=\"4762\" data-end=\"4814\">Lehk\u00fd textiln\u00ed odpad (s voliteln\u00fdmi konfiguracemi)<\/li>\n<\/ul>\n<h3 data-start=\"4821\" data-end=\"4860\">V\u00fdhody pro va\u0161i firmu<\/h3>\n<ul>\n<li data-start=\"4864\" data-end=\"4985\">Sn\u00ed\u017een\u00ed z\u00e1vislosti na pracovn\u00ed s\u00edle: Pln\u00e1 automatizace omezuje manu\u00e1ln\u00ed operace a zvy\u0161uje v\u00fdkonnost s men\u0161\u00edm po\u010dtem pracovn\u00edk\u016f.<\/li>\n<li data-start=\"4988\" data-end=\"5079\">Ni\u017e\u0161\u00ed n\u00e1klady na dopravu: Hust\u0161\u00ed bal\u00edky znamenaj\u00ed m\u00e9n\u011b j\u00edzd a v\u00edce materi\u00e1lu na jeden n\u00e1klad.<\/li>\n<li data-start=\"5082\" data-end=\"5189\">Zv\u00fd\u0161en\u00e1 efektivita pracovi\u0161t\u011b: \u010cist\u00e9 a kompaktn\u00ed skladov\u00e1n\u00ed zlep\u0161uje celkovou organizaci a bezpe\u010dnost v z\u00e1vod\u011b.<\/li>\n<li data-start=\"5192\" data-end=\"5298\">Konzistentn\u00ed kvalita v\u00fdstup\u016f: Stejnom\u011brn\u00e9 bal\u00edky s pevn\u00fdm p\u00e1skov\u00e1n\u00edm sni\u017euj\u00ed ztr\u00e1ty materi\u00e1lu p\u0159i manipulaci.<\/li>\n<li data-start=\"5301\" data-end=\"5400\">Trvanlivost a spolehlivost: Vyrobeno tak, aby vydr\u017eelo v n\u00e1ro\u010dn\u00fdch pr\u016fmyslov\u00fdch podm\u00ednk\u00e1ch s minim\u00e1ln\u00edmi odst\u00e1vkami.<\/li>\n<\/ul>\n<h3 data-start=\"5849\" data-end=\"5870\">Z\u00e1v\u011br<\/h3>\n<p data-start=\"5872\" data-end=\"6234\">Pln\u011b automatick\u00fd balic\u00ed stroj na p\u00e1sky (Iron Wire) nen\u00ed jen stroj - je to chytr\u00e1 investice do efektivity, udr\u017eitelnosti a sn\u00ed\u017een\u00ed n\u00e1klad\u016f. Je navr\u017een s ohledem na pr\u016fmyslov\u00e9 po\u017eadavky a poskytuje robustn\u00ed v\u00fdkon, inteligentn\u00ed ovl\u00e1d\u00e1n\u00ed a spolehliv\u00fd p\u00e1skovac\u00ed v\u00fdkon, co\u017e va\u0161\u00ed firm\u011b umo\u017en\u00ed nakl\u00e1dat s recyklovateln\u00fdmi materi\u00e1ly efektivn\u011bji ne\u017e kdykoli p\u0159edt\u00edm.<\/p>\n<p data-start=\"6236\" data-end=\"6434\">Kontaktujte n\u00e1s je\u0161t\u011b dnes a dozv\u00edte se, jak m\u016f\u017ee tento lis zapadnout do va\u0161eho procesu nakl\u00e1d\u00e1n\u00ed s odpady nebo recyklace. Pro glob\u00e1ln\u00ed distributory a podnikov\u00e9 z\u00e1kazn\u00edky jsou k dispozici z\u00e1kaznick\u00e9 modely a slu\u017eby OEM\/ODM.<\/p>","protected":false},"excerpt":{"rendered":"<p>Tento pln\u011b automatick\u00fd lis je vybaven syst\u00e9mem p\u00e1skov\u00e1n\u00ed \u017eelezn\u00fdm dr\u00e1tem, kter\u00fd zaji\u0161\u0165uje robustn\u00ed a spolehliv\u00e9 zaji\u0161t\u011bn\u00ed bal\u00edk\u016f pro n\u00e1ro\u010dn\u00e9 aplikace. Ide\u00e1ln\u00ed pro lisov\u00e1n\u00ed pap\u00edru, lepenky a dal\u0161\u00edch recyklovateln\u00fdch materi\u00e1l\u016f ve velkoobjemov\u00e9m prost\u0159ed\u00ed. Nab\u00edz\u00ed automatick\u00e9 pod\u00e1v\u00e1n\u00ed, lisov\u00e1n\u00ed a horizont\u00e1ln\u00ed p\u00e1skov\u00e1n\u00ed, co\u017e sni\u017euje n\u00e1klady na pracovn\u00ed s\u00edlu a zvy\u0161uje efektivitu zpracov\u00e1n\u00ed. D\u00edky odoln\u00e9 konstrukci a inteligentn\u00edmu \u0159\u00edzen\u00ed PLC je vhodn\u00fd pro nep\u0159etr\u017eit\u00e9 pr\u016fmyslov\u00e9 pou\u017eit\u00ed.<\/p>","protected":false},"featured_media":1958,"template":"","meta":{"site-sidebar-layout":"default","site-content-layout":"","ast-site-content-layout":"default","site-content-style":"default","site-sidebar-style":"default","ast-global-header-display":"","ast-banner-title-visibility":"","ast-main-header-display":"","ast-hfb-above-header-display":"","ast-hfb-below-header-display":"","ast-hfb-mobile-header-display":"","site-post-title":"","ast-breadcrumbs-content":"","ast-featured-img":"","footer-sml-layout":"","ast-disable-related-posts":"","theme-transparent-header-meta":"default","adv-header-id-meta":"","stick-header-meta":"","header-above-stick-meta":"","header-main-stick-meta":"","header-below-stick-meta":"","astra-migrate-meta-layouts":"set","ast-page-background-enabled":"default","ast-page-background-meta":{"desktop":{"background-color":"var(--ast-global-color-5)","background-image":"","background-repeat":"repeat","background-position":"center center","background-size":"auto","background-attachment":"scroll","background-type":"","background-media":"","overlay-type":"","overlay-color":"","overlay-opacity":"","overlay-gradient":""},"tablet":{"background-color":"","background-image":"","background-repeat":"repeat","background-position":"center center","background-size":"auto","background-attachment":"scroll","background-type":"","background-media":"","overlay-type":"","overlay-color":"","overlay-opacity":"","overlay-gradient":""},"mobile":{"background-color":"","background-image":"","background-repeat":"repeat","background-position":"center center","background-size":"auto","background-attachment":"scroll","background-type":"","background-media":"","overlay-type":"","overlay-color":"","overlay-opacity":"","overlay-gradient":""}},"ast-content-background-meta":{"desktop":{"background-color":"var(--ast-global-color-4)","background-image":"","background-repeat":"repeat","background-position":"center center","background-size":"auto","background-attachment":"scroll","background-type":"","background-media":"","overlay-type":"","overlay-color":"","overlay-opacity":"","overlay-gradient":""},"tablet":{"background-color":"var(--ast-global-color-4)","background-image":"","background-repeat":"repeat","background-position":"center center","background-size":"auto","background-attachment":"scroll","background-type":"","background-media":"","overlay-type":"","overlay-color":"","overlay-opacity":"","overlay-gradient":""},"mobile":{"background-color":"var(--ast-global-color-4)","background-image":"","background-repeat":"repeat","background-position":"center center","background-size":"auto","background-attachment":"scroll","background-type":"","background-media":"","overlay-type":"","overlay-color":"","overlay-opacity":"","overlay-gradient":""}}},"product_brand":[],"product_cat":[21,153],"product_tag":[],"class_list":{"0":"post-1971","1":"product","2":"type-product","3":"status-publish","4":"has-post-thumbnail","6":"product_cat-baling-machine","7":"product_cat-horizontal-baler","8":"desktop-align-left","9":"tablet-align-left","10":"mobile-align-left","12":"first","13":"instock","14":"shipping-taxable","15":"product-type-simple"},"_links":{"self":[{"href":"https:\/\/www.gigapa.com\/cs\/wp-json\/wp\/v2\/product\/1971","targetHints":{"allow":["GET"]}}],"collection":[{"href":"https:\/\/www.gigapa.com\/cs\/wp-json\/wp\/v2\/product"}],"about":[{"href":"https:\/\/www.gigapa.com\/cs\/wp-json\/wp\/v2\/types\/product"}],"version-history":[{"count":4,"href":"https:\/\/www.gigapa.com\/cs\/wp-json\/wp\/v2\/product\/1971\/revisions"}],"predecessor-version":[{"id":2799,"href":"https:\/\/www.gigapa.com\/cs\/wp-json\/wp\/v2\/product\/1971\/revisions\/2799"}],"wp:featuredmedia":[{"embeddable":true,"href":"https:\/\/www.gigapa.com\/cs\/wp-json\/wp\/v2\/media\/1958"}],"wp:attachment":[{"href":"https:\/\/www.gigapa.com\/cs\/wp-json\/wp\/v2\/media?parent=1971"}],"wp:term":[{"taxonomy":"product_brand","embeddable":true,"href":"https:\/\/www.gigapa.com\/cs\/wp-json\/wp\/v2\/product_brand?post=1971"},{"taxonomy":"product_cat","embeddable":true,"href":"https:\/\/www.gigapa.com\/cs\/wp-json\/wp\/v2\/product_cat?post=1971"},{"taxonomy":"product_tag","embeddable":true,"href":"https:\/\/www.gigapa.com\/cs\/wp-json\/wp\/v2\/product_tag?post=1971"}],"curies":[{"name":"wp","href":"https:\/\/api.w.org\/{rel}","templated":true}]}}