{"id":1976,"date":"2025-06-19T09:49:20","date_gmt":"2025-06-19T01:49:20","guid":{"rendered":"https:\/\/www.gigapa.com\/?post_type=product&#038;p=1976"},"modified":"2026-05-08T17:27:17","modified_gmt":"2026-05-08T09:27:17","slug":"fully-auto-textile-horizontal-baler","status":"publish","type":"product","link":"https:\/\/www.gigapa.com\/cs\/produkt\/fully-auto-textile-horizontal-baler\/","title":{"rendered":"Poloautomatick\u00fd horizont\u00e1ln\u00ed lis na textil"},"content":{"rendered":"<p data-start=\"304\" data-end=\"670\">Poloautomatick\u00fd horizont\u00e1ln\u00ed lis na textil je vysoce efektivn\u00ed \u0159e\u0161en\u00ed lisov\u00e1n\u00ed navr\u017een\u00e9 speci\u00e1ln\u011b pro textiln\u00ed pr\u016fmysl. A\u0165 u\u017e se jedn\u00e1 o zbytky bavlny, odst\u0159i\u017eky l\u00e1tek, odpadn\u00ed p\u0159\u00edze nebo netkan\u00e9 materi\u00e1ly, tento stroj automatizuje cel\u00fd proces lisov\u00e1n\u00ed a pom\u00e1h\u00e1 podnik\u016fm maximalizovat produktivitu, sn\u00ed\u017eit n\u00e1klady na pracovn\u00ed s\u00edlu a zlep\u0161it efektivitu skladov\u00e1n\u00ed.<\/p>\n<h3 data-start=\"672\" data-end=\"722\">Co je poloautomatick\u00fd horizont\u00e1ln\u00ed lis na textil?<\/h3>\n<p data-start=\"724\" data-end=\"1184\">Poloautomatick\u00fd horizont\u00e1ln\u00ed lis na textil je typ lisu na odpad ur\u010den\u00fd ke stla\u010dov\u00e1n\u00ed textiln\u00edch materi\u00e1l\u016f do hust\u00fdch bal\u00edk\u016f. Na rozd\u00edl od ru\u010dn\u00edch nebo poloautomatick\u00fdch model\u016f se tento lis vyzna\u010duje poloautomatick\u00fdm pod\u00e1v\u00e1n\u00edm materi\u00e1lu, lisov\u00e1n\u00edm, v\u00e1z\u00e1n\u00edm a vyhazov\u00e1n\u00edm bal\u00edk\u016f. D\u00edky horizont\u00e1ln\u00ed konstrukci je ide\u00e1ln\u00ed pro kontinu\u00e1ln\u00ed pod\u00e1v\u00e1n\u00ed a velkoobjemov\u00fd provoz, co\u017e z n\u011bj \u010din\u00ed preferovanou volbu pro recykla\u010dn\u00ed st\u0159ediska textilu, od\u011bvn\u00ed tov\u00e1rny a textilky.<\/p>\n<h3 data-start=\"1186\" data-end=\"1215\">Kl\u00ed\u010dov\u00e9 vlastnosti a v\u00fdhody<\/h3>\n<p data-start=\"1217\" data-end=\"1254\"><strong>1. Poloautomatick\u00fd provoz<\/strong><\/p>\n<p data-start=\"1255\" data-end=\"1481\">D\u00edky \u0159\u00edzen\u00ed PLC a automatick\u00fdm senzor\u016fm vy\u017eaduje stroj minim\u00e1ln\u00ed manu\u00e1ln\u00ed z\u00e1sahy. Procesy pod\u00e1v\u00e1n\u00ed, lisov\u00e1n\u00ed a v\u00e1z\u00e1n\u00ed se prov\u00e1d\u011bj\u00ed automaticky, co\u017e zaji\u0161\u0165uje nep\u0159etr\u017eit\u00fd provoz a sni\u017euje z\u00e1vislost na pracovn\u00ed s\u00edle.<\/p>\n<p data-start=\"1483\" data-end=\"1527\"><strong>2. Efektivn\u00ed nakl\u00e1d\u00e1n\u00ed s textiln\u00edm odpadem<\/strong><\/p>\n<p data-start=\"1528\" data-end=\"1783\">Tento lis je konstruov\u00e1n pro zpracov\u00e1n\u00ed \u0161irok\u00e9 \u0161k\u00e1ly textiln\u00edho odpadu, v\u010detn\u011b bavlny, vlny, polyesteru, plsti, d\u017e\u00ednoviny a dal\u0161\u00edch syntetick\u00fdch nebo sm\u011bsn\u00fdch vl\u00e1ken. Zaji\u0161\u0165uje konzistentn\u00ed velikost a hmotnost bal\u00edk\u016f, \u010d\u00edm\u017e zvy\u0161uje efektivitu nakl\u00e1d\u00e1n\u00ed p\u0159i skladov\u00e1n\u00ed nebo p\u0159eprav\u011b.<\/p>\n<p data-start=\"1785\" data-end=\"1829\"><strong>3. Vysok\u00e1 v\u00fdkonnost a produktivita<\/strong><\/p>\n<p data-start=\"1830\" data-end=\"2076\">Poloautomatick\u00fd horizont\u00e1ln\u00ed lis na textil je ur\u010den pro velkokapacitn\u00ed v\u00fdrobn\u00ed linky. Je vybaven \u0161irokou n\u00e1sypkou a siln\u00fdm hydraulick\u00fdm syst\u00e9mem pro rychl\u00e9 lisov\u00e1n\u00ed velk\u00fdch objem\u016f odpadu, co\u017e je ide\u00e1ln\u00ed pro velk\u00e9 textiln\u00ed v\u00fdrobn\u00ed z\u00e1vody.<\/p>\n<p data-start=\"2078\" data-end=\"2113\"><strong>4. Prostorov\u011b \u00fasporn\u00e9 velikosti bal\u00edk\u016f<\/strong><\/p>\n<p data-start=\"2114\" data-end=\"2319\">Stroj stla\u010duje voln\u011b lo\u017een\u00fd textiln\u00ed odpad do kompaktn\u00edch bal\u00edk\u016f, \u010d\u00edm\u017e v\u00fdrazn\u011b zmen\u0161uje skladovac\u00ed prostor. Hust\u00e9 bal\u00edky se sn\u00e1ze stohuj\u00ed, p\u0159epravuj\u00ed a recykluj\u00ed, co\u017e zefektiv\u0148uje skladov\u00e9 hospod\u00e1\u0159stv\u00ed.<\/p>\n<p data-start=\"2321\" data-end=\"2368\"><strong>5. Odoln\u00e1 konstrukce a dlouh\u00e1 \u017eivotnost<\/strong><\/p>\n<p data-start=\"2369\" data-end=\"2596\">Tento lis se zes\u00edlen\u00fdmi ocelov\u00fdmi r\u00e1my a komponenty odoln\u00fdmi proti opot\u0159eben\u00ed je navr\u017een pro dlouhodob\u00fd provoz v n\u00e1ro\u010dn\u00fdch pr\u016fmyslov\u00fdch podm\u00ednk\u00e1ch. Jeho robustn\u00ed hydraulick\u00fd syst\u00e9m zaji\u0161\u0165uje stabiln\u00ed v\u00fdkon po cel\u00e9 roky pou\u017e\u00edv\u00e1n\u00ed.<\/p>\n<p data-start=\"2598\" data-end=\"2629\"><strong>6. P\u0159izp\u016fsobiteln\u00fd design<\/strong><\/p>\n<p data-start=\"2630\" data-end=\"2853\">Stroj lze p\u0159izp\u016fsobit podle velikosti a typu textiln\u00edho odpadu, kter\u00fd zpracov\u00e1v\u00e1te. Velikost bal\u00edk\u016f, lisovac\u00ed s\u00edlu a zp\u016fsob v\u00e1z\u00e1n\u00ed (automatick\u00e9 v\u00e1z\u00e1n\u00ed dr\u00e1tem nebo plastovou p\u00e1skou) lze upravit podle va\u0161ich provozn\u00edch pot\u0159eb.<\/p>\n<h3 data-start=\"2855\" data-end=\"2895\">Aplikace v textiln\u00edm pr\u016fmyslu<\/h3>\n<p data-start=\"2897\" data-end=\"2968\">Automatick\u00fd horizont\u00e1ln\u00ed lis na textiln\u00ed odpad je \u0161iroce pou\u017e\u00edv\u00e1n v:<\/p>\n<ul>\n<li data-start=\"2972\" data-end=\"3000\">Od\u011bvn\u00ed z\u00e1vody<\/li>\n<li data-start=\"3003\" data-end=\"3031\">Za\u0159\u00edzen\u00ed na recyklaci textilu<\/li>\n<li data-start=\"3034\" data-end=\"3060\">P\u0159\u00e1delny a tkalcovny<\/li>\n<li data-start=\"3063\" data-end=\"3089\">V\u00fdrobci netkan\u00fdch textili\u00ed<\/li>\n<li data-start=\"3092\" data-end=\"3118\">Balic\u00ed stanice ve skladu<\/li>\n<\/ul>\n<p data-start=\"3120\" data-end=\"3254\">Je efektivn\u00ed zejm\u00e9na pro spole\u010dnosti, kter\u00e9 se sna\u017e\u00ed sn\u00ed\u017eit provozn\u00ed n\u00e1klady a z\u00e1rove\u0148 zachovat ekologick\u00fd syst\u00e9m nakl\u00e1d\u00e1n\u00ed s odpady.<\/p>\n<h3 data-start=\"3256\" data-end=\"3311\">Pro\u010d si vybrat n\u00e1\u0161 poloautomatick\u00fd horizont\u00e1ln\u00ed lis na textil?<\/h3>\n<ul>\n<li data-start=\"3315\" data-end=\"3369\">\u00daspora pr\u00e1ce: Sni\u017euje ru\u010dn\u00ed pr\u00e1ci o v\u00edce ne\u017e 80%.<\/li>\n<li data-start=\"3372\" data-end=\"3442\">Zv\u00fd\u0161en\u00e1 efektivita: A\u017e o 50% vy\u0161\u0161\u00ed produktivita ne\u017e u ru\u010dn\u00edch lis\u016f.<\/li>\n<li data-start=\"3445\" data-end=\"3543\">Konzistentn\u00ed kvalita bal\u00edk\u016f: Jednotn\u00e1 velikost bal\u00edk\u016f usnad\u0148uje p\u0159epravu a recyklaci.<\/li>\n<li data-start=\"3546\" data-end=\"3649\">Snadn\u00e1 \u00fadr\u017eba: Modul\u00e1rn\u00ed konstrukce zaji\u0161\u0165uje rychl\u00fd p\u0159\u00edstup ke komponent\u016fm pro kontrolu a \u00fadr\u017ebu.<\/li>\n<li data-start=\"3652\" data-end=\"3743\">\u0160etrn\u00e9 k \u017eivotn\u00edmu prost\u0159ed\u00ed: Podporuje recyklaci textilu a pom\u00e1h\u00e1 sni\u017eovat mno\u017estv\u00ed skl\u00e1dkov\u00e9ho odpadu.<\/li>\n<\/ul>\n<h3 data-start=\"3745\" data-end=\"3778\">Technick\u00e1 podpora a servis<\/h3>\n<p data-start=\"3780\" data-end=\"4066\">Pro na\u0161e horizont\u00e1ln\u00ed lisy na textil poskytujeme komplexn\u00ed poprodejn\u00ed podporu, v\u010detn\u011b poradenstv\u00ed p\u0159i instalaci, \u0161kolen\u00ed obsluhy, pravideln\u00fdch pl\u00e1n\u016f \u00fadr\u017eby a jednolet\u00e9 z\u00e1ruky. N\u00e1\u0161 technick\u00fd t\u00fdm je v p\u0159\u00edpad\u011b pot\u0159eby k dispozici pro \u0159e\u0161en\u00ed probl\u00e9m\u016f na d\u00e1lku nebo p\u0159\u00edmo na m\u00edst\u011b.<\/p>\n<h3 data-start=\"4068\" data-end=\"4086\">Z\u00e1v\u011bre\u010dn\u00e9 my\u0161lenky<\/h3>\n<p data-start=\"4088\" data-end=\"4476\">Poloautomatick\u00fd horizont\u00e1ln\u00ed lis na textil je v\u00edce ne\u017e jen stroj na lisov\u00e1n\u00ed odpadu; je to chytr\u00e1 investice, kter\u00e1 p\u0159isp\u00edv\u00e1 k \u00faspo\u0159e n\u00e1klad\u016f, zefektivn\u011bn\u00ed v\u00fdroby a udr\u017eiteln\u00e9mu nakl\u00e1d\u00e1n\u00ed s textiln\u00edm odpadem. Pro v\u00fdrobce a recykl\u00e1tory, kte\u0159\u00ed cht\u011bj\u00ed optimalizovat prostor, zlep\u0161it bezpe\u010dnost a zv\u00fd\u0161it efektivitu provozu, nab\u00edz\u00ed tento poloautomatick\u00fd lis ide\u00e1ln\u00ed dlouhodob\u00e9 \u0159e\u0161en\u00ed.<\/p>\n<p data-start=\"4478\" data-end=\"4594\">Kontaktujte n\u00e1s je\u0161t\u011b dnes a dozv\u00edte se v\u00edce o tom, jak m\u016f\u017ee poloautomatick\u00fd horizont\u00e1ln\u00ed lis na textil prosp\u011bt va\u0161\u00ed firm\u011b.<\/p>","protected":false},"excerpt":{"rendered":"<p>Poloautomatick\u00fd horizont\u00e1ln\u00ed lis na textil je ur\u010den k efektivn\u00edmu lisov\u00e1n\u00ed textiln\u00edho odpadu, v\u010detn\u011b zbytk\u016f l\u00e1tek, pou\u017eit\u00fdch od\u011bv\u016f a v\u00fdrobn\u00edch od\u0159ezk\u016f. D\u00edky poloautomatick\u00e9mu pod\u00e1v\u00e1n\u00ed, lisov\u00e1n\u00ed, p\u00e1skov\u00e1n\u00ed a vyhazov\u00e1n\u00ed bal\u00edk\u016f v\u00fdrazn\u011b sni\u017euje pracnost a z\u00e1rove\u0148 zvy\u0161uje v\u00fdkon. Tento stroj, ide\u00e1ln\u00ed pro od\u011bvn\u00ed tov\u00e1rny, textiln\u00ed z\u00e1vody a recykla\u010dn\u00ed za\u0159\u00edzen\u00ed, vytv\u00e1\u0159\u00ed hust\u00e9, rovnom\u011brn\u00e9 bal\u00edky, s nimi\u017e se snadno manipuluje a kter\u00e9 se snadno p\u0159epravuj\u00ed. Stroj je zkonstruov\u00e1n pro nep\u0159etr\u017eit\u00fd provoz, je vybaven \u0159\u00eddic\u00edm syst\u00e9mem PLC, robustn\u00ed ocelovou konstrukc\u00ed a p\u0159izp\u016fsobiteln\u00fdm nastaven\u00edm pro r\u016fzn\u00e9 typy a objemy materi\u00e1lu. Ide\u00e1ln\u00ed \u0159e\u0161en\u00ed pro velkoobjemov\u00e9 nakl\u00e1d\u00e1n\u00ed s textiln\u00edm odpadem.<\/p>","protected":false},"featured_media":1956,"template":"","meta":{"site-sidebar-layout":"default","site-content-layout":"","ast-site-content-layout":"default","site-content-style":"default","site-sidebar-style":"default","ast-global-header-display":"","ast-banner-title-visibility":"","ast-main-header-display":"","ast-hfb-above-header-display":"","ast-hfb-below-header-display":"","ast-hfb-mobile-header-display":"","site-post-title":"","ast-breadcrumbs-content":"","ast-featured-img":"","footer-sml-layout":"","ast-disable-related-posts":"","theme-transparent-header-meta":"default","adv-header-id-meta":"","stick-header-meta":"","header-above-stick-meta":"","header-main-stick-meta":"","header-below-stick-meta":"","astra-migrate-meta-layouts":"set","ast-page-background-enabled":"default","ast-page-background-meta":{"desktop":{"background-color":"var(--ast-global-color-5)","background-image":"","background-repeat":"repeat","background-position":"center center","background-size":"auto","background-attachment":"scroll","background-type":"","background-media":"","overlay-type":"","overlay-color":"","overlay-opacity":"","overlay-gradient":""},"tablet":{"background-color":"","background-image":"","background-repeat":"repeat","background-position":"center center","background-size":"auto","background-attachment":"scroll","background-type":"","background-media":"","overlay-type":"","overlay-color":"","overlay-opacity":"","overlay-gradient":""},"mobile":{"background-color":"","background-image":"","background-repeat":"repeat","background-position":"center center","background-size":"auto","background-attachment":"scroll","background-type":"","background-media":"","overlay-type":"","overlay-color":"","overlay-opacity":"","overlay-gradient":""}},"ast-content-background-meta":{"desktop":{"background-color":"var(--ast-global-color-4)","background-image":"","background-repeat":"repeat","background-position":"center center","background-size":"auto","background-attachment":"scroll","background-type":"","background-media":"","overlay-type":"","overlay-color":"","overlay-opacity":"","overlay-gradient":""},"tablet":{"background-color":"var(--ast-global-color-4)","background-image":"","background-repeat":"repeat","background-position":"center center","background-size":"auto","background-attachment":"scroll","background-type":"","background-media":"","overlay-type":"","overlay-color":"","overlay-opacity":"","overlay-gradient":""},"mobile":{"background-color":"var(--ast-global-color-4)","background-image":"","background-repeat":"repeat","background-position":"center center","background-size":"auto","background-attachment":"scroll","background-type":"","background-media":"","overlay-type":"","overlay-color":"","overlay-opacity":"","overlay-gradient":""}}},"product_brand":[],"product_cat":[21,153],"product_tag":[199,198,200,195,202,201,196,194,203,197],"class_list":{"0":"post-1976","1":"product","2":"type-product","3":"status-publish","4":"has-post-thumbnail","6":"product_cat-baling-machine","7":"product_cat-horizontal-baler","8":"product_tag-clothes-baler-machine","9":"product_tag-fabric-baling-press","10":"product_tag-garment-waste-baler","11":"product_tag-horizontal-textile-baler","12":"product_tag-hydraulic-textile-baler","13":"product_tag-industrial-textile-baler","14":"product_tag-semi-automatic-baler-machine","15":"product_tag-textile-baling-machine","16":"product_tag-textile-recycling-baler","17":"product_tag-textile-waste-baler","18":"desktop-align-left","19":"tablet-align-left","20":"mobile-align-left","22":"first","23":"instock","24":"shipping-taxable","25":"product-type-simple"},"_links":{"self":[{"href":"https:\/\/www.gigapa.com\/cs\/wp-json\/wp\/v2\/product\/1976","targetHints":{"allow":["GET"]}}],"collection":[{"href":"https:\/\/www.gigapa.com\/cs\/wp-json\/wp\/v2\/product"}],"about":[{"href":"https:\/\/www.gigapa.com\/cs\/wp-json\/wp\/v2\/types\/product"}],"version-history":[{"count":4,"href":"https:\/\/www.gigapa.com\/cs\/wp-json\/wp\/v2\/product\/1976\/revisions"}],"predecessor-version":[{"id":2794,"href":"https:\/\/www.gigapa.com\/cs\/wp-json\/wp\/v2\/product\/1976\/revisions\/2794"}],"wp:featuredmedia":[{"embeddable":true,"href":"https:\/\/www.gigapa.com\/cs\/wp-json\/wp\/v2\/media\/1956"}],"wp:attachment":[{"href":"https:\/\/www.gigapa.com\/cs\/wp-json\/wp\/v2\/media?parent=1976"}],"wp:term":[{"taxonomy":"product_brand","embeddable":true,"href":"https:\/\/www.gigapa.com\/cs\/wp-json\/wp\/v2\/product_brand?post=1976"},{"taxonomy":"product_cat","embeddable":true,"href":"https:\/\/www.gigapa.com\/cs\/wp-json\/wp\/v2\/product_cat?post=1976"},{"taxonomy":"product_tag","embeddable":true,"href":"https:\/\/www.gigapa.com\/cs\/wp-json\/wp\/v2\/product_tag?post=1976"}],"curies":[{"name":"wp","href":"https:\/\/api.w.org\/{rel}","templated":true}]}}