{"id":1978,"date":"2025-06-17T11:48:05","date_gmt":"2025-06-17T03:48:05","guid":{"rendered":"https:\/\/www.gigapa.com\/?post_type=product&#038;p=1978"},"modified":"2026-03-16T14:51:49","modified_gmt":"2026-03-16T06:51:49","slug":"animal-bedding-shavings-machine","status":"publish","type":"product","link":"https:\/\/www.gigapa.com\/cs\/produkt\/animal-bedding-shavings-machine\/","title":{"rendered":"Stroj na hobliny pro zv\u00ed\u0159ata"},"content":{"rendered":"<p data-start=\"207\" data-end=\"684\" data-immersive-translate-walked=\"0e74255f-0271-4f05-bd9c-3cfa8dc97462\" data-immersive-translate-paragraph=\"1\">Stroj na hobliny pro zv\u00ed\u0159ata je specializovan\u00e9 za\u0159\u00edzen\u00ed na zpracov\u00e1n\u00ed d\u0159eva ur\u010den\u00e9 k p\u0159em\u011bn\u011b kulatiny, od\u0159ezk\u016f d\u0159eva nebo d\u0159ev\u011bn\u00fdch \u0161palk\u016f na m\u011bkk\u00e9, nad\u00fdchan\u00e9 a konzistentn\u00ed hobliny ide\u00e1ln\u00ed pro podest\u00fdlku zv\u00ed\u0159at. A\u0165 u\u017e se zab\u00fdv\u00e1te chovem hospod\u00e1\u0159sk\u00fdch zv\u00ed\u0159at, spr\u00e1vou za\u0159\u00edzen\u00ed pro chov kon\u00ed nebo komer\u010dn\u00ed v\u00fdrobou podest\u00fdlky, tento stroj zaji\u0161\u0165uje spolehliv\u00e9 a hygienick\u00e9 dod\u00e1vky vysoce kvalitn\u00edch hoblin, kter\u00e9 p\u0159isp\u00edvaj\u00ed ke zlep\u0161en\u00ed pohodl\u00ed, zdrav\u00ed a hygieny zv\u00ed\u0159at na farm\u011b.<\/p>\n<p data-start=\"686\" data-end=\"1012\" data-immersive-translate-walked=\"0e74255f-0271-4f05-bd9c-3cfa8dc97462\" data-immersive-translate-paragraph=\"1\">S rostouc\u00ed popt\u00e1vkou po \u010dist\u00fdch a sav\u00fdch podest\u00fdlk\u00e1ch pro zv\u00ed\u0159ata nebyla pot\u0159eba automatizovan\u00e9, velkokapacitn\u00ed v\u00fdroby hoblin nikdy v\u011bt\u0161\u00ed. Tento stroj odpov\u00edd\u00e1 na tuto popt\u00e1vku vynikaj\u00edc\u00ed produktivitou, rovnom\u011brn\u00fdm v\u00fdstupem a minim\u00e1ln\u00ed ru\u010dn\u00ed manipulac\u00ed, co\u017e v\u00e1m pom\u016f\u017ee u\u0161et\u0159it pr\u00e1ci, sn\u00ed\u017eit n\u00e1klady a zajistit st\u00e1l\u00e9 dod\u00e1vky podest\u00fdlky.<\/p>\n<h3><strong>List s technick\u00fdmi specifikacemi<\/strong><\/h3>\n<table>\n<tbody>\n<tr>\n<td width=\"73\"><strong><b>M<\/b><\/strong><strong><b>odel<\/b><\/strong><\/td>\n<td width=\"95\"><strong><b>T<\/b><\/strong><strong><b>celkov\u00fd v\u00fdstup<\/b><\/strong><\/td>\n<td width=\"132\"><strong><b>F<\/b><\/strong><strong><b>Pot\u0159ebn\u00e1 velikost otvoru<\/b><\/strong><\/td>\n<td width=\"97\"><strong><b>O<\/b><\/strong><strong><b>utput<\/b><\/strong><\/td>\n<td width=\"83\"><strong><b>W<\/b><\/strong><strong><b>osm<\/b><\/strong><\/td>\n<td width=\"139\"><strong><b>O<\/b><\/strong><strong><b>rozm\u011bry linky<\/b><\/strong><\/td>\n<\/tr>\n<tr>\n<td width=\"73\"><strong><b>GSW-S105<\/b><\/strong><\/td>\n<td width=\"95\"><strong><b>11,5 kW<\/b><\/strong><\/td>\n<td width=\"132\"><b>100 * 50 cm<\/b><\/td>\n<td width=\"97\"><strong><b>150-200 kg\/h<\/b><\/strong><\/td>\n<td width=\"83\"><b>1 100 kg<\/b><\/td>\n<td width=\"139\"><strong><b>320*100*140 cm<\/b><\/strong><\/td>\n<\/tr>\n<tr>\n<td width=\"73\"><strong><b>GSW-T135<\/b><\/strong><\/td>\n<td width=\"95\"><strong><b>19kw<\/b><\/strong><\/td>\n<td width=\"132\"><strong><b>130*50 cm<\/b><\/strong><\/td>\n<td width=\"97\"><strong><b>200-300 kg\/h<\/b><\/strong><\/td>\n<td width=\"83\"><b>1 600 kg<\/b><\/td>\n<td width=\"139\"><strong><b>380*100*160 cm<\/b><\/strong><\/td>\n<\/tr>\n<tr>\n<td width=\"73\"><strong><b>GSW-F145<\/b><\/strong><\/td>\n<td width=\"95\"><b>34,1 kW<\/b><\/td>\n<td width=\"132\"><strong><b>140*50 cm<\/b><\/strong><\/td>\n<td width=\"97\"><strong><b>800-1000 kg\/h<\/b><\/strong><\/td>\n<td width=\"83\"><b>2100 kg<\/b><\/td>\n<td width=\"139\"><strong><b>390*135*140 cm<\/b><\/strong><\/td>\n<\/tr>\n<tr>\n<td width=\"73\"><strong><b>GCW-T146<\/b><\/strong><\/td>\n<td width=\"95\"><strong><b>21,1 kW<\/b><\/strong><\/td>\n<td width=\"132\"><strong><b>140*60 cm<\/b><\/strong><\/td>\n<td width=\"97\"><strong><b>600-800 kg\/h<\/b><\/strong><\/td>\n<td width=\"83\"><strong><b>2800 kg<\/b><\/strong><\/td>\n<td width=\"139\"><strong><b>330*165*150 cm<\/b><\/strong><\/td>\n<\/tr>\n<tr>\n<td width=\"73\"><strong><b>GCW-F146<\/b><\/strong><\/td>\n<td width=\"95\"><b>35,1 kW<\/b><\/td>\n<td width=\"132\"><strong><b>140*60 cm<\/b><\/strong><\/td>\n<td width=\"97\"><strong><b>1200-1500 kg\/h<\/b><\/strong><\/td>\n<td width=\"83\"><b>3300 kg<\/b><\/td>\n<td width=\"139\"><strong><b>380*165*155 cm<\/b><\/strong><\/td>\n<\/tr>\n<tr>\n<td width=\"73\"><strong><b>GSW-F149<\/b><\/strong><\/td>\n<td width=\"95\"><b>53 kW<\/b><\/td>\n<td width=\"132\"><strong><b>140*90 cm<\/b><\/strong><\/td>\n<td width=\"97\"><strong><b>1500-2000 kg\/h<\/b><\/strong><\/td>\n<td width=\"83\"><b>5800 kg<\/b><\/td>\n<td width=\"139\"><strong><b>530*210*220 cm<\/b><\/strong><\/td>\n<\/tr>\n<tr>\n<td width=\"73\"><strong><b>GSW-F209<\/b><\/strong><\/td>\n<td width=\"95\"><b>53 kW<\/b><\/td>\n<td width=\"132\"><strong><b>200*90 cm<\/b><\/strong><\/td>\n<td width=\"97\"><strong><b>2000-2500 kg\/h<\/b><\/strong><\/td>\n<td width=\"83\"><b>6600 kg<\/b><\/td>\n<td width=\"139\"><strong><b>560*210*220 cm<\/b><\/strong><\/td>\n<\/tr>\n<tr>\n<td width=\"73\"><strong><b>GSW-B269<\/b><\/strong><\/td>\n<td width=\"95\"><b>99 kW<\/b><\/td>\n<td width=\"132\"><strong><b>260*90 cm<\/b><\/strong><\/td>\n<td width=\"97\"><strong><b>3000 kg\/h<\/b><\/strong><\/td>\n<td width=\"83\"><b>7000 kg<\/b><\/td>\n<td width=\"139\"><strong><b>660*210*240 cm<\/b><\/strong><\/td>\n<\/tr>\n<tr>\n<td width=\"73\"><strong><b>GSW-E349<\/b><\/strong><\/td>\n<td width=\"95\"><b>100,5 kW<\/b><\/td>\n<td width=\"132\"><strong><b>340*90 cm<\/b><\/strong><\/td>\n<td width=\"97\"><strong><b>4000 kg\/h<\/b><\/strong><\/td>\n<td width=\"83\"><b>8500 kg<\/b><\/td>\n<td width=\"139\"><strong><b>810*210*240 cm<\/b><\/strong><\/td>\n<\/tr>\n<\/tbody>\n<\/table>\n<h3 data-start=\"1019\" data-end=\"1035\" data-immersive-translate-walked=\"0e74255f-0271-4f05-bd9c-3cfa8dc97462\" data-immersive-translate-paragraph=\"1\">Kl\u00ed\u010dov\u00e9 vlastnosti<\/h3>\n<p data-start=\"1037\" data-end=\"1389\" data-immersive-translate-walked=\"0e74255f-0271-4f05-bd9c-3cfa8dc97462\" data-immersive-translate-paragraph=\"1\">Vysoce \u00fa\u010dinn\u00e9 holen\u00ed d\u0159eva<br data-start=\"1069\" data-end=\"1072\" data-immersive-translate-walked=\"0e74255f-0271-4f05-bd9c-3cfa8dc97462\" \/>Stroj je vybaven \u0159adou ostr\u00fdch a odoln\u00fdch no\u017e\u016f um\u00edst\u011bn\u00fdch na rotuj\u00edc\u00edm bubnu. Jak d\u0159evo proch\u00e1z\u00ed, no\u017ee ho kr\u00e1jej\u00ed na tenk\u00e9, rovnom\u011brn\u00e9 hobliny, ani\u017e by vznikal prach nebo t\u0159\u00edsky. Tento proces zachov\u00e1v\u00e1 p\u0159irozenou m\u011bkkost a savost d\u0159eva, tak\u017ee v\u00fdsledn\u00e9 hobliny jsou ide\u00e1ln\u00ed pro podest\u00fdlku.<\/p>\n<p data-start=\"1391\" data-end=\"1706\" data-immersive-translate-walked=\"0e74255f-0271-4f05-bd9c-3cfa8dc97462\" data-immersive-translate-paragraph=\"1\">Nastaviteln\u00e1 tlou\u0161\u0165ka holen\u00ed<br data-start=\"1423\" data-end=\"1426\" data-immersive-translate-walked=\"0e74255f-0271-4f05-bd9c-3cfa8dc97462\" \/>Obsluha m\u016f\u017ee snadno nastavit tlou\u0161\u0165ku hoblin, kter\u00e1 se obvykle pohybuje od 0,5 mm do 2 mm v z\u00e1vislosti na typu zv\u00ed\u0159ete a preferenc\u00edch podest\u00fdlky. Tenk\u00e9 hobliny jsou ide\u00e1ln\u00ed pro dr\u016fbe\u017e a mal\u00e1 zv\u00ed\u0159ata, zat\u00edmco siln\u011bj\u0161\u00ed a pru\u017en\u011bj\u0161\u00ed hobliny jsou vhodn\u011bj\u0161\u00ed pro kon\u011b a skot.<\/p>\n<p data-start=\"1708\" data-end=\"2035\" data-immersive-translate-walked=\"0e74255f-0271-4f05-bd9c-3cfa8dc97462\" data-immersive-translate-paragraph=\"1\">Robustn\u00ed konstrukce pro nep\u0159etr\u017eit\u00e9 pou\u017e\u00edv\u00e1n\u00ed<br data-start=\"1750\" data-end=\"1753\" data-immersive-translate-walked=\"0e74255f-0271-4f05-bd9c-3cfa8dc97462\" \/>Stroj na hobliny pro zv\u00ed\u0159ata je vyroben z odoln\u00e9ho ocelov\u00e9ho r\u00e1mu, lo\u017eisek pr\u016fmyslov\u00e9 t\u0159\u00eddy a sou\u010d\u00e1st\u00ed odoln\u00fdch proti opot\u0159eben\u00ed a je ur\u010den pro nep\u0159etr\u017eit\u00fd provoz v n\u00e1ro\u010dn\u00fdch podm\u00ednk\u00e1ch. M\u016f\u017ee zpracov\u00e1vat r\u016fzn\u00e9 druhy m\u011bkk\u00e9ho i tvrd\u00e9ho d\u0159eva, nap\u0159\u00edklad borovici, topol, jedli nebo b\u0159\u00edzu.<\/p>\n<p data-start=\"2037\" data-end=\"2360\" data-immersive-translate-walked=\"0e74255f-0271-4f05-bd9c-3cfa8dc97462\" data-immersive-translate-paragraph=\"1\">Automatick\u00e9 pod\u00e1v\u00e1n\u00ed a v\u00fdstup<br data-start=\"2069\" data-end=\"2072\" data-immersive-translate-walked=\"0e74255f-0271-4f05-bd9c-3cfa8dc97462\" \/>Stroj je vybaven hydraulick\u00fdm nebo dopravn\u00edkov\u00fdm syst\u00e9mem pod\u00e1v\u00e1n\u00ed kulatiny a nab\u00edz\u00ed automatick\u00fd provoz pro konzistentn\u00ed produkci. Zpracovan\u00e9 hobliny lze p\u0159\u00edmo vypou\u0161t\u011bt na dopravn\u00edky nebo do balic\u00edch syst\u00e9m\u016f, co\u017e sni\u017euje pracnost a zlep\u0161uje hygienu p\u0159i sb\u011bru a p\u0159eprav\u011b.<\/p>\n<p data-start=\"2362\" data-end=\"2628\" data-immersive-translate-walked=\"0e74255f-0271-4f05-bd9c-3cfa8dc97462\" data-immersive-translate-paragraph=\"1\">N\u00edzk\u00e1 hlu\u010dnost a bezpe\u010dnostn\u00ed funkce<br data-start=\"2395\" data-end=\"2398\" data-immersive-translate-walked=\"0e74255f-0271-4f05-bd9c-3cfa8dc97462\" \/>Navzdory vysok\u00e9 kapacit\u011b pracuje stroj s relativn\u011b n\u00edzkou hlu\u010dnost\u00ed a vibracemi. Vestav\u011bn\u00e9 bezpe\u010dnostn\u00ed prvky, jako jsou sp\u00edna\u010de nouzov\u00e9ho zastaven\u00ed, ochrana proti p\u0159et\u00ed\u017een\u00ed a ochrann\u00e9 kryty, zaji\u0161\u0165uj\u00ed bezpe\u010dn\u00fd provoz pro zam\u011bstnance z\u00e1vodu.<\/p>\n<h3 data-start=\"3045\" data-end=\"3061\" data-immersive-translate-walked=\"0e74255f-0271-4f05-bd9c-3cfa8dc97462\" data-immersive-translate-paragraph=\"1\">Aplikace<\/h3>\n<p data-start=\"3063\" data-end=\"3117\" data-immersive-translate-walked=\"0e74255f-0271-4f05-bd9c-3cfa8dc97462\" data-immersive-translate-paragraph=\"1\">Stroj na v\u00fdrobu hoblin pro zv\u00ed\u0159ata je \u0161iroce pou\u017e\u00edv\u00e1n v:<\/p>\n<ul>\n<li data-start=\"3121\" data-end=\"3207\" data-immersive-translate-walked=\"0e74255f-0271-4f05-bd9c-3cfa8dc97462\" data-immersive-translate-paragraph=\"1\">Dr\u016fbe\u017e\u00e1\u0159sk\u00e9 farmy - k zaji\u0161t\u011bn\u00ed such\u00e9 a hygienick\u00e9 podest\u00fdlky pro ku\u0159ata, kachny a kr\u016fty.<\/li>\n<li data-start=\"3210\" data-end=\"3292\" data-immersive-translate-walked=\"0e74255f-0271-4f05-bd9c-3cfa8dc97462\" data-immersive-translate-paragraph=\"1\">St\u00e1je pro kon\u011b - nab\u00edz\u00edme pohodlnou a polstrovanou podest\u00fdlku pro zdrav\u00ed kon\u00ed<\/li>\n<li data-start=\"3295\" data-end=\"3374\" data-immersive-translate-walked=\"0e74255f-0271-4f05-bd9c-3cfa8dc97462\" data-immersive-translate-paragraph=\"1\">Chovy dojnic a skotu - zlep\u0161en\u00ed hygieny vemene a sn\u00ed\u017een\u00ed z\u00e1pachu \u010dpavku<\/li>\n<li data-start=\"3377\" data-end=\"3467\" data-immersive-translate-walked=\"0e74255f-0271-4f05-bd9c-3cfa8dc97462\" data-immersive-translate-paragraph=\"1\">Chovatel\u00e9 dom\u00e1c\u00edch zv\u00ed\u0159at a zoologick\u00e9 zahrady - pro bezpe\u010dn\u00e9 a m\u011bkk\u00e9 podest\u00fdlky pro mal\u00e1 zv\u00ed\u0159ata a exotick\u00e9 druhy.<\/li>\n<li data-start=\"3470\" data-end=\"3559\" data-immersive-translate-walked=\"0e74255f-0271-4f05-bd9c-3cfa8dc97462\" data-immersive-translate-paragraph=\"1\">V\u00fdrobci podest\u00fdlkov\u00e9ho materi\u00e1lu - pro velkov\u00fdrobu a balen\u00ed pytlovan\u00fdch hoblin<\/li>\n<\/ul>\n<p data-start=\"3561\" data-end=\"3677\" data-immersive-translate-walked=\"0e74255f-0271-4f05-bd9c-3cfa8dc97462\" data-immersive-translate-paragraph=\"1\">Je tak\u00e9 vhodn\u00fd k v\u00fdrob\u011b podest\u00fdlky pro pou\u017eit\u00ed na veterin\u00e1rn\u00edch klinik\u00e1ch, v laborato\u0159\u00edch a \u00fatulc\u00edch pro zv\u00ed\u0159ata.<\/p>\n<h3 data-start=\"3684\" data-end=\"3705\" data-immersive-translate-walked=\"0e74255f-0271-4f05-bd9c-3cfa8dc97462\" data-immersive-translate-paragraph=\"1\">Obchodn\u00ed v\u00fdhody<\/h3>\n<ul>\n<li data-start=\"3709\" data-end=\"3819\" data-immersive-translate-walked=\"0e74255f-0271-4f05-bd9c-3cfa8dc97462\" data-immersive-translate-paragraph=\"1\">St\u00e1l\u00e1 kvalita v\u00fdstupu - zaji\u0161\u0165uje stejnom\u011brnou kvalitu hoblin v ka\u017ed\u00e9 d\u00e1vce, ide\u00e1ln\u00ed pro balen\u00ed zna\u010dkov\u00fdch podest\u00fdlek.<\/li>\n<li data-start=\"3822\" data-end=\"3897\" data-immersive-translate-walked=\"0e74255f-0271-4f05-bd9c-3cfa8dc97462\" data-immersive-translate-paragraph=\"1\">Sn\u00ed\u017een\u00ed n\u00e1klad\u016f - p\u0159em\u011bna levn\u00e9ho nebo odpadn\u00edho d\u0159eva na vysoce hodnotn\u00fd produkt.<\/li>\n<li data-start=\"3900\" data-end=\"3996\" data-immersive-translate-walked=\"0e74255f-0271-4f05-bd9c-3cfa8dc97462\" data-immersive-translate-paragraph=\"1\">Hygienick\u00e1 v\u00fdroba - bezpra\u0161n\u00e1 podest\u00fdlka odoln\u00e1 proti pl\u00edsn\u00edm pom\u00e1h\u00e1 p\u0159edch\u00e1zet infekc\u00edm zv\u00ed\u0159at.<\/li>\n<li data-start=\"3999\" data-end=\"4116\" data-immersive-translate-walked=\"0e74255f-0271-4f05-bd9c-3cfa8dc97462\" data-immersive-translate-paragraph=\"1\">P\u0159izp\u016fsobiteln\u00fd design - K dispozici jsou r\u016fzn\u00e9 velikosti a kapacity, kter\u00e9 vyhovuj\u00ed mal\u00fdm farm\u00e1m i velk\u00fdm tov\u00e1rn\u00e1m.<\/li>\n<li data-start=\"4119\" data-end=\"4242\" data-immersive-translate-walked=\"0e74255f-0271-4f05-bd9c-3cfa8dc97462\" data-immersive-translate-paragraph=\"1\">\u0160etrn\u00fd k \u017eivotn\u00edmu prost\u0159ed\u00ed - podporuje recyklaci vedlej\u0161\u00edch d\u0159ev\u011bn\u00fdch produkt\u016f a sni\u017euje z\u00e1vislost na syntetick\u00fdch podest\u00fdlkov\u00fdch materi\u00e1lech.<\/li>\n<\/ul>\n<h3 data-start=\"4249\" data-end=\"4263\" data-immersive-translate-walked=\"0e74255f-0271-4f05-bd9c-3cfa8dc97462\" data-immersive-translate-paragraph=\"1\">Z\u00e1v\u011br<\/h3>\n<p data-start=\"4265\" data-end=\"4783\" data-immersive-translate-walked=\"0e74255f-0271-4f05-bd9c-3cfa8dc97462\" data-immersive-translate-paragraph=\"1\">Strojek na hobliny pro zv\u00ed\u0159ata je nezbytnou v\u00fdbavou pro v\u0161echny podniky nebo farmy, kter\u00e9 vy\u017eaduj\u00ed st\u00e1l\u00e9 dod\u00e1vky \u010dist\u00e9, st\u00e1l\u00e9 a pro zv\u00ed\u0159ata bezpe\u010dn\u00e9 podest\u00fdlky. Jeho odoln\u00e1 konstrukce, vysok\u00fd v\u00fdkon a flexibiln\u00ed nastaven\u00ed hoblin z n\u011bj \u010din\u00ed spolehliv\u00e9 \u0159e\u0161en\u00ed pro mal\u00e9 provozy i velkou komer\u010dn\u00ed v\u00fdrobu. D\u00edky automatizaci procesu a udr\u017eov\u00e1n\u00ed st\u00e1l\u00e9 kvality tento stroj nejen zlep\u0161uje pohodl\u00ed a hygienu va\u0161ich zv\u00ed\u0159at, ale tak\u00e9 zvy\u0161uje efektivitu provozu a ziskovost.<\/p>","protected":false},"excerpt":{"rendered":"<p>Stroj na hobliny pro zv\u00ed\u0159ata m\u011bn\u00ed polena a d\u0159ev\u011bn\u00e9 zbytky na m\u011bkk\u00e9, bezpra\u0161n\u00e9 hobliny pro kon\u011b, dr\u016fbe\u017e a hospod\u00e1\u0159sk\u00e1 zv\u00ed\u0159ata. Poskytuje konzistentn\u00ed kvalitu, nastavitelnou tlou\u0161\u0165ku a vysok\u00fd v\u00fdkon - ide\u00e1ln\u00ed pro farmy, st\u00e1je a komer\u010dn\u00ed dodavatele podest\u00fdlky.<\/p>","protected":false},"featured_media":1955,"template":"","meta":{"site-sidebar-layout":"default","site-content-layout":"","ast-site-content-layout":"default","site-content-style":"default","site-sidebar-style":"default","ast-global-header-display":"","ast-banner-title-visibility":"","ast-main-header-display":"","ast-hfb-above-header-display":"","ast-hfb-below-header-display":"","ast-hfb-mobile-header-display":"","site-post-title":"","ast-breadcrumbs-content":"","ast-featured-img":"","footer-sml-layout":"","ast-disable-related-posts":"","theme-transparent-header-meta":"default","adv-header-id-meta":"","stick-header-meta":"","header-above-stick-meta":"","header-main-stick-meta":"","header-below-stick-meta":"","astra-migrate-meta-layouts":"set","ast-page-background-enabled":"default","ast-page-background-meta":{"desktop":{"background-color":"var(--ast-global-color-5)","background-image":"","background-repeat":"repeat","background-position":"center center","background-size":"auto","background-attachment":"scroll","background-type":"","background-media":"","overlay-type":"","overlay-color":"","overlay-opacity":"","overlay-gradient":""},"tablet":{"background-color":"","background-image":"","background-repeat":"repeat","background-position":"center center","background-size":"auto","background-attachment":"scroll","background-type":"","background-media":"","overlay-type":"","overlay-color":"","overlay-opacity":"","overlay-gradient":""},"mobile":{"background-color":"","background-image":"","background-repeat":"repeat","background-position":"center center","background-size":"auto","background-attachment":"scroll","background-type":"","background-media":"","overlay-type":"","overlay-color":"","overlay-opacity":"","overlay-gradient":""}},"ast-content-background-meta":{"desktop":{"background-color":"var(--ast-global-color-4)","background-image":"","background-repeat":"repeat","background-position":"center center","background-size":"auto","background-attachment":"scroll","background-type":"","background-media":"","overlay-type":"","overlay-color":"","overlay-opacity":"","overlay-gradient":""},"tablet":{"background-color":"var(--ast-global-color-4)","background-image":"","background-repeat":"repeat","background-position":"center center","background-size":"auto","background-attachment":"scroll","background-type":"","background-media":"","overlay-type":"","overlay-color":"","overlay-opacity":"","overlay-gradient":""},"mobile":{"background-color":"var(--ast-global-color-4)","background-image":"","background-repeat":"repeat","background-position":"center center","background-size":"auto","background-attachment":"scroll","background-type":"","background-media":"","overlay-type":"","overlay-color":"","overlay-opacity":"","overlay-gradient":""}}},"product_brand":[],"product_cat":[20,150],"product_tag":[],"class_list":{"0":"post-1978","1":"product","2":"type-product","3":"status-publish","4":"has-post-thumbnail","6":"product_cat-shredding-and-crushing-machine","7":"product_cat-wood-shavings-machine","8":"desktop-align-left","9":"tablet-align-left","10":"mobile-align-left","12":"first","13":"instock","14":"shipping-taxable","15":"product-type-simple"},"_links":{"self":[{"href":"https:\/\/www.gigapa.com\/cs\/wp-json\/wp\/v2\/product\/1978","targetHints":{"allow":["GET"]}}],"collection":[{"href":"https:\/\/www.gigapa.com\/cs\/wp-json\/wp\/v2\/product"}],"about":[{"href":"https:\/\/www.gigapa.com\/cs\/wp-json\/wp\/v2\/types\/product"}],"version-history":[{"count":6,"href":"https:\/\/www.gigapa.com\/cs\/wp-json\/wp\/v2\/product\/1978\/revisions"}],"predecessor-version":[{"id":2977,"href":"https:\/\/www.gigapa.com\/cs\/wp-json\/wp\/v2\/product\/1978\/revisions\/2977"}],"wp:featuredmedia":[{"embeddable":true,"href":"https:\/\/www.gigapa.com\/cs\/wp-json\/wp\/v2\/media\/1955"}],"wp:attachment":[{"href":"https:\/\/www.gigapa.com\/cs\/wp-json\/wp\/v2\/media?parent=1978"}],"wp:term":[{"taxonomy":"product_brand","embeddable":true,"href":"https:\/\/www.gigapa.com\/cs\/wp-json\/wp\/v2\/product_brand?post=1978"},{"taxonomy":"product_cat","embeddable":true,"href":"https:\/\/www.gigapa.com\/cs\/wp-json\/wp\/v2\/product_cat?post=1978"},{"taxonomy":"product_tag","embeddable":true,"href":"https:\/\/www.gigapa.com\/cs\/wp-json\/wp\/v2\/product_tag?post=1978"}],"curies":[{"name":"wp","href":"https:\/\/api.w.org\/{rel}","templated":true}]}}