{"id":1980,"date":"2025-06-17T14:30:58","date_gmt":"2025-06-17T06:30:58","guid":{"rendered":"https:\/\/www.gigapa.com\/?post_type=product&#038;p=1980"},"modified":"2025-10-13T09:19:54","modified_gmt":"2025-10-13T01:19:54","slug":"dual-shaft-scrap-metal-shredder","status":"publish","type":"product","link":"https:\/\/www.gigapa.com\/cs\/produkt\/dual-shaft-scrap-metal-shredder\/","title":{"rendered":"Dvouh\u0159\u00eddelov\u00fd drti\u010d kovov\u00e9ho \u0161rotu"},"content":{"rendered":"<p data-start=\"221\" data-end=\"784\">Dvouh\u0159\u00eddelov\u00fd drti\u010d kovov\u00e9ho \u0161rotu je pr\u016fmyslov\u00fd drti\u010d ur\u010den\u00fd ke zpracov\u00e1n\u00ed \u0161irok\u00e9 \u0161k\u00e1ly \u017eelezn\u00fdch a ne\u017eelezn\u00fdch kovov\u00fdch odpad\u016f. Je navr\u017een se dv\u011bma h\u0159\u00eddeli a siln\u00fdm kroutic\u00edm momentem a poskytuje efektivn\u00ed zmen\u0161ov\u00e1n\u00ed tvrd\u00fdch kovov\u00fdch materi\u00e1l\u016f v\u010detn\u011b hlin\u00edkov\u00fdch profil\u016f, ocelov\u00fdch bubn\u016f, m\u011bd\u011bn\u00fdch trubek, chladi\u010d\u016f, pl\u00e1\u0161\u0165\u016f vozidel, \u0161rotu spot\u0159ebi\u010d\u016f a dal\u0161\u00edch. A\u0165 u\u017e se pou\u017e\u00edv\u00e1 v recykla\u010dn\u00edch centrech, z\u00e1vodech na zpracov\u00e1n\u00ed kov\u016f nebo za\u0159\u00edzen\u00edch na zpracov\u00e1n\u00ed odpadu, tento drti\u010d maximalizuje vyu\u017eit\u00ed materi\u00e1lu a sni\u017euje n\u00e1klady na p\u0159epravu a likvidaci.<\/p>\n<h3 data-start=\"791\" data-end=\"811\">Kl\u00ed\u010dov\u00e9 vlastnosti<\/h3>\n<p data-start=\"813\" data-end=\"1175\">1. Dvouh\u0159\u00eddelov\u00e1 konstrukce s vysok\u00fdm to\u010div\u00fdm momentem<br data-start=\"849\" data-end=\"852\" \/>Tento drti\u010d je vybaven dv\u011bma paraleln\u00edmi h\u0159\u00eddeli poh\u00e1n\u011bn\u00fdmi vysoce v\u00fdkonn\u00fdmi p\u0159evodov\u00fdmi motory a vytv\u00e1\u0159\u00ed obrovskou st\u0159i\u017enou a trhac\u00ed s\u00edlu. Dok\u00e1\u017ee rozb\u00edt objemn\u00fd, t\u011b\u017eko zpracovateln\u00fd kovov\u00fd \u0161rot na zvl\u00e1dnuteln\u00e9 kusy bez nadm\u011brn\u00fdch vibrac\u00ed a hluku. Protib\u011b\u017en\u011b rotuj\u00edc\u00ed h\u0159\u00eddele zaji\u0161\u0165uj\u00ed plynul\u00fd posuv a st\u00e1lou velikost v\u00fdstupu.<\/p>\n<p data-start=\"1177\" data-end=\"1294\">2. V\u0161estrann\u00e1 manipulace s kovov\u00fdm odpadem<br data-start=\"1214\" data-end=\"1217\" \/>Skartova\u010d je schopen zpracov\u00e1vat \u0161irokou \u0161k\u00e1lu materi\u00e1l\u016f, v\u010detn\u011b:<\/p>\n<ul>\n<li data-start=\"1298\" data-end=\"1328\">Hlin\u00edkov\u00e9 profily a plechy<\/li>\n<li data-start=\"1331\" data-end=\"1362\">M\u011bd\u011bn\u00e9 a hlin\u00edkov\u00e9 radi\u00e1tory<\/li>\n<li data-start=\"1365\" data-end=\"1393\">Ocelov\u00e9 sudy a kontejnery<\/li>\n<li data-start=\"1396\" data-end=\"1422\">Kovov\u00e9 soustruhy a t\u0159\u00edsky<\/li>\n<li data-start=\"1425\" data-end=\"1486\">\u0160rot z j\u00edzdn\u00edch kol, pra\u010dek a elektrospot\u0159ebi\u010d\u016f<\/li>\n<li data-start=\"1489\" data-end=\"1520\">Automobilov\u00e9 sk\u0159\u00edn\u011b a podvozky<\/li>\n<li data-start=\"1523\" data-end=\"1574\">Elektronick\u00fd odpad (e-odpad) s kovov\u00fdmi sou\u010d\u00e1stmi<\/li>\n<\/ul>\n<p data-start=\"1576\" data-end=\"1830\">3. \u010cepele odoln\u00e9 proti opot\u0159eben\u00ed<br data-start=\"1604\" data-end=\"1607\" \/>\u010cepele jsou vyrobeny z kalen\u00e9 legovan\u00e9 oceli nebo vysoce chromovan\u00e9 n\u00e1strojov\u00e9 oceli, kter\u00e1 zaji\u0161\u0165uje vynikaj\u00edc\u00ed odolnost proti od\u011bru a n\u00e1razu. Jsou modul\u00e1rn\u00ed, vym\u011bniteln\u00e9 a lze je p\u0159izp\u016fsobit na z\u00e1klad\u011b konkr\u00e9tn\u00edch pot\u0159eb aplikace a velikosti v\u00fdkonu.<\/p>\n<p data-start=\"1832\" data-end=\"2149\">4. V\u00fdkon p\u0159i n\u00edzk\u00fdch ot\u00e1\u010dk\u00e1ch a vysok\u00e9m to\u010div\u00e9m momentu<br data-start=\"1873\" data-end=\"1876\" \/>Na rozd\u00edl od vysokorychlostn\u00edch drti\u010d\u016f pracuje tento dvouh\u0159\u00eddelov\u00fd model p\u0159i n\u00edzk\u00fdch ot\u00e1\u010dk\u00e1ch, co\u017e minimalizuje tvorbu prachu, sni\u017euje hlu\u010dnost a prodlu\u017euje \u017eivotnost kl\u00ed\u010dov\u00fdch sou\u010d\u00e1st\u00ed. Je ide\u00e1ln\u00ed zejm\u00e9na pro manipulaci s tvrd\u00fdmi kovy, kter\u00e9 vy\u017eaduj\u00ed postupn\u00e9 rozb\u00edjen\u00ed velkou silou.<\/p>\n<p data-start=\"2151\" data-end=\"2467\">5. Inteligentn\u00ed \u0159\u00eddic\u00ed syst\u00e9m<br data-start=\"2184\" data-end=\"2187\" \/>Stroj je integrov\u00e1n s PLC (programovateln\u00fd logick\u00fd regul\u00e1tor) a je vybaven funkc\u00ed automatick\u00e9ho zp\u011btn\u00e9ho chodu v p\u0159\u00edpad\u011b p\u0159et\u00ed\u017een\u00ed nebo zaseknut\u00ed, co\u017e zabra\u0148uje po\u0161kozen\u00ed a zaji\u0161\u0165uje bezpe\u010dn\u00fd a nep\u0159eru\u0161ovan\u00fd provoz. Ovl\u00e1dac\u00ed panely lze p\u0159izp\u016fsobit pomoc\u00ed dotykov\u00fdch obrazovek a syst\u00e9m\u016f vzd\u00e1len\u00e9ho monitorov\u00e1n\u00ed.<\/p>\n<h3 data-start=\"2474\" data-end=\"2515\">Technick\u00e9 specifikace (uk\u00e1zka)<\/h3>\n<ul>\n<li data-start=\"2519\" data-end=\"2562\">V\u00fdkon motoru: 30-150 kW (p\u0159izp\u016fsobiteln\u00fd)<\/li>\n<li data-start=\"2565\" data-end=\"2607\">Kapacita drcen\u00ed: 1 - 15 tun\/hod.<\/li>\n<li data-start=\"2610\" data-end=\"2638\">Ot\u00e1\u010dky h\u0159\u00eddele: 10-30 ot\u00e1\u010dek za minutu<\/li>\n<li data-start=\"2641\" data-end=\"2679\">Materi\u00e1l \u010depele: 9CrSi \/ H13 \/ D2<\/li>\n<li data-start=\"2682\" data-end=\"2740\">\u0158\u00eddic\u00ed syst\u00e9m: PLC Siemens s ochranou proti p\u0159et\u00ed\u017een\u00ed<\/li>\n<li data-start=\"2743\" data-end=\"2806\">Syst\u00e9m krmen\u00ed: Ru\u010dn\u00ed, dopravn\u00edkov\u00e9 nebo hydraulick\u00e9 tla\u010dn\u00e9 za\u0159\u00edzen\u00ed.<\/li>\n<li data-start=\"2809\" data-end=\"2851\">Propu\u0161t\u011bn\u00ed: Dopravn\u00edk nebo vlastn\u00ed z\u00e1sobn\u00edk<\/li>\n<li data-start=\"2854\" data-end=\"2924\">Voliteln\u00e9 dopl\u0148ky: Magnetick\u00fd separ\u00e1tor, kontrola pra\u0161nosti, chladic\u00ed syst\u00e9m<\/li>\n<\/ul>\n<h3 data-start=\"2931\" data-end=\"2964\">Aplikace a v\u00fdhody<\/h3>\n<p data-start=\"2966\" data-end=\"3020\">Dvouh\u0159\u00eddelov\u00fd drti\u010d kovov\u00e9ho \u0161rotu je \u0161iroce pou\u017e\u00edv\u00e1n v:<\/p>\n<ul>\n<li data-start=\"3024\" data-end=\"3109\">Sb\u011brn\u00e9 dvory kov\u016f - pro zmen\u0161en\u00ed velikosti p\u0159ed dal\u0161\u00edm t\u0159\u00edd\u011bn\u00edm nebo taven\u00edm<\/li>\n<li data-start=\"3112\" data-end=\"3205\">Za\u0159\u00edzen\u00ed na likvidaci elektronick\u00e9ho odpadu - bezpe\u010dn\u00e9 zni\u010den\u00ed a redukce elektroniky s kovov\u00fdmi \u010d\u00e1stmi<\/li>\n<li data-start=\"3208\" data-end=\"3295\">Automobilov\u00e9 demont\u00e1\u017en\u00ed z\u00e1vody - pro p\u0159edb\u011b\u017en\u00e9 zpracov\u00e1n\u00ed karoseri\u00ed a n\u00e1hradn\u00edch d\u00edl\u016f vozidel<\/li>\n<li data-start=\"3298\" data-end=\"3408\">Nakl\u00e1d\u00e1n\u00ed s pr\u016fmyslov\u00fdm odpadem - nakl\u00e1d\u00e1n\u00ed s velk\u00fdm mno\u017estv\u00edm kovov\u00e9ho odpadu z tov\u00e1ren a v\u00fdrobn\u00edch linek.<\/li>\n<li data-start=\"3411\" data-end=\"3506\">Ocel\u00e1rny a sl\u00e9v\u00e1rny - Pro p\u0159epracov\u00e1n\u00ed a zp\u011btn\u00e9 z\u00edsk\u00e1v\u00e1n\u00ed kovov\u00e9 hodnoty z v\u00fdrobn\u00edho odpadu.<\/li>\n<\/ul>\n<p data-start=\"3508\" data-end=\"3529\">V\u00fdhody zahrnuj\u00ed:<\/p>\n<ul>\n<li data-start=\"3533\" data-end=\"3575\">Efektivn\u00ed redukce objemn\u00e9ho kovov\u00e9ho odpadu<\/li>\n<li data-start=\"3578\" data-end=\"3625\">Zv\u00fd\u0161en\u00e1 m\u00edra vyu\u017eit\u00ed recyklovateln\u00fdch kov\u016f<\/li>\n<li data-start=\"3628\" data-end=\"3667\">Sn\u00ed\u017een\u00ed pracnosti a ru\u010dn\u00edho \u0159ez\u00e1n\u00ed<\/li>\n<li data-start=\"3670\" data-end=\"3702\">Zv\u00fd\u0161en\u00e1 bezpe\u010dnost a automatizace<\/li>\n<li data-start=\"3705\" data-end=\"3739\">Ni\u017e\u0161\u00ed n\u00e1klady na p\u0159epravu a skl\u00e1dkov\u00e1n\u00ed<\/li>\n<\/ul>\n<h3 data-start=\"3746\" data-end=\"3795\">Pro\u010d si vybrat n\u00e1\u0161 dvouh\u0159\u00eddelov\u00fd drti\u010d kov\u016f?<\/h3>\n<ul>\n<li data-start=\"3799\" data-end=\"3856\">Odoln\u00fd r\u00e1m pro dlouhodob\u00fd pr\u016fmyslov\u00fd provoz<\/li>\n<li data-start=\"3859\" data-end=\"3940\">P\u0159izp\u016fsobiteln\u00e9 konfigurace pro r\u016fzn\u00e9 kovy a objemy zpracov\u00e1n\u00ed<\/li>\n<li data-start=\"3943\" data-end=\"4025\">Energeticky \u00fasporn\u00e9 motory sni\u017euj\u00ed spot\u0159ebu energie bez sn\u00ed\u017een\u00ed to\u010div\u00e9ho momentu<\/li>\n<li data-start=\"4028\" data-end=\"4132\">Osv\u011bd\u010den\u00e1 v\u00fdkonnost na glob\u00e1ln\u00edch trz\u00edch v\u010detn\u011b jihov\u00fdchodn\u00ed Asie, v\u00fdchodn\u00ed Evropy a St\u0159edn\u00edho v\u00fdchodu.<\/li>\n<li data-start=\"4135\" data-end=\"4207\">Rychl\u00e1 podpora a n\u00e1hradn\u00ed d\u00edly pro dlouhodobou \u00fadr\u017ebu<\/li>\n<\/ul>\n<h3 data-start=\"4214\" data-end=\"4232\">Z\u00e1v\u011br<\/h3>\n<p data-start=\"4234\" data-end=\"4622\">Pokud va\u0161e \u010dinnost zahrnuje recyklaci nebo nakl\u00e1d\u00e1n\u00ed s kovov\u00fdm odpadem, je dvouh\u0159\u00eddelov\u00fd drti\u010d kovov\u00e9ho \u0161rotu rozumnou investic\u00ed. D\u00edky odoln\u00e9 konstrukci, siln\u00e9mu to\u010div\u00e9mu momentu a inteligentn\u00ed automatizaci zaji\u0161\u0165uje bezpe\u010dn\u00e9 a \u00fa\u010dinn\u00e9 drcen\u00ed \u0161irok\u00e9 \u0161k\u00e1ly \u0161rotu. Zvy\u0161te svou produktivitu, zlep\u0161ete efektivitu manipulace s materi\u00e1lem a sni\u017ete celkov\u00e9 provozn\u00ed n\u00e1klady.<\/p>","protected":false},"excerpt":{"rendered":"<p>Tento dvouh\u0159\u00eddelov\u00fd drti\u010d kovov\u00e9ho \u0161rotu je ur\u010den pro n\u00e1ro\u010dn\u00e9 pr\u016fmyslov\u00e9 pou\u017eit\u00ed. Snadno si porad\u00ed s r\u016fzn\u00fdm kovov\u00fdm odpadem, jako jsou ocelov\u00e9 sudy, hlin\u00edkov\u00e9 plechy a elektronick\u00fd odpad, a poskytuje vysok\u00fd to\u010div\u00fd moment a spolehliv\u00fd v\u00fdkon drcen\u00ed.<\/p>","protected":false},"featured_media":2011,"template":"","meta":{"site-sidebar-layout":"default","site-content-layout":"","ast-site-content-layout":"default","site-content-style":"default","site-sidebar-style":"default","ast-global-header-display":"","ast-banner-title-visibility":"","ast-main-header-display":"","ast-hfb-above-header-display":"","ast-hfb-below-header-display":"","ast-hfb-mobile-header-display":"","site-post-title":"","ast-breadcrumbs-content":"","ast-featured-img":"","footer-sml-layout":"","ast-disable-related-posts":"","theme-transparent-header-meta":"default","adv-header-id-meta":"","stick-header-meta":"","header-above-stick-meta":"","header-main-stick-meta":"","header-below-stick-meta":"","astra-migrate-meta-layouts":"set","ast-page-background-enabled":"default","ast-page-background-meta":{"desktop":{"background-color":"var(--ast-global-color-5)","background-image":"","background-repeat":"repeat","background-position":"center center","background-size":"auto","background-attachment":"scroll","background-type":"","background-media":"","overlay-type":"","overlay-color":"","overlay-opacity":"","overlay-gradient":""},"tablet":{"background-color":"","background-image":"","background-repeat":"repeat","background-position":"center center","background-size":"auto","background-attachment":"scroll","background-type":"","background-media":"","overlay-type":"","overlay-color":"","overlay-opacity":"","overlay-gradient":""},"mobile":{"background-color":"","background-image":"","background-repeat":"repeat","background-position":"center center","background-size":"auto","background-attachment":"scroll","background-type":"","background-media":"","overlay-type":"","overlay-color":"","overlay-opacity":"","overlay-gradient":""}},"ast-content-background-meta":{"desktop":{"background-color":"var(--ast-global-color-4)","background-image":"","background-repeat":"repeat","background-position":"center center","background-size":"auto","background-attachment":"scroll","background-type":"","background-media":"","overlay-type":"","overlay-color":"","overlay-opacity":"","overlay-gradient":""},"tablet":{"background-color":"var(--ast-global-color-4)","background-image":"","background-repeat":"repeat","background-position":"center center","background-size":"auto","background-attachment":"scroll","background-type":"","background-media":"","overlay-type":"","overlay-color":"","overlay-opacity":"","overlay-gradient":""},"mobile":{"background-color":"var(--ast-global-color-4)","background-image":"","background-repeat":"repeat","background-position":"center center","background-size":"auto","background-attachment":"scroll","background-type":"","background-media":"","overlay-type":"","overlay-color":"","overlay-opacity":"","overlay-gradient":""}}},"product_brand":[],"product_cat":[20,149],"product_tag":[141,139,140,142],"class_list":{"0":"post-1980","1":"product","2":"type-product","3":"status-publish","4":"has-post-thumbnail","6":"product_cat-shredding-and-crushing-machine","7":"product_cat-double-shaft-shredder","8":"product_tag-bamboo-shredder","9":"product_tag-metal-shredder","10":"product_tag-tire-shredder","11":"product_tag-wood-shredder","12":"desktop-align-left","13":"tablet-align-left","14":"mobile-align-left","16":"first","17":"instock","18":"shipping-taxable","19":"product-type-simple"},"_links":{"self":[{"href":"https:\/\/www.gigapa.com\/cs\/wp-json\/wp\/v2\/product\/1980","targetHints":{"allow":["GET"]}}],"collection":[{"href":"https:\/\/www.gigapa.com\/cs\/wp-json\/wp\/v2\/product"}],"about":[{"href":"https:\/\/www.gigapa.com\/cs\/wp-json\/wp\/v2\/types\/product"}],"version-history":[{"count":2,"href":"https:\/\/www.gigapa.com\/cs\/wp-json\/wp\/v2\/product\/1980\/revisions"}],"predecessor-version":[{"id":2029,"href":"https:\/\/www.gigapa.com\/cs\/wp-json\/wp\/v2\/product\/1980\/revisions\/2029"}],"wp:featuredmedia":[{"embeddable":true,"href":"https:\/\/www.gigapa.com\/cs\/wp-json\/wp\/v2\/media\/2011"}],"wp:attachment":[{"href":"https:\/\/www.gigapa.com\/cs\/wp-json\/wp\/v2\/media?parent=1980"}],"wp:term":[{"taxonomy":"product_brand","embeddable":true,"href":"https:\/\/www.gigapa.com\/cs\/wp-json\/wp\/v2\/product_brand?post=1980"},{"taxonomy":"product_cat","embeddable":true,"href":"https:\/\/www.gigapa.com\/cs\/wp-json\/wp\/v2\/product_cat?post=1980"},{"taxonomy":"product_tag","embeddable":true,"href":"https:\/\/www.gigapa.com\/cs\/wp-json\/wp\/v2\/product_tag?post=1980"}],"curies":[{"name":"wp","href":"https:\/\/api.w.org\/{rel}","templated":true}]}}