{"id":1982,"date":"2025-06-19T09:32:27","date_gmt":"2025-06-19T01:32:27","guid":{"rendered":"https:\/\/www.gigapa.com\/?post_type=product&#038;p=1982"},"modified":"2026-05-08T17:31:35","modified_gmt":"2026-05-08T09:31:35","slug":"twin-shaft-e-waste-shredder","status":"publish","type":"product","link":"https:\/\/www.gigapa.com\/cs\/produkt\/twin-shaft-e-waste-shredder\/","title":{"rendered":"Dvouh\u0159\u00eddelov\u00fd drti\u010d elektronick\u00e9ho odpadu"},"content":{"rendered":"<p data-start=\"216\" data-end=\"746\">Vzhledem k tomu, \u017ee na sv\u011bt\u011b vznik\u00e1 v\u00edce elektronick\u00e9ho odpadu ne\u017e kdykoli p\u0159edt\u00edm, stala se spr\u00e1vn\u00e1 likvidace elektronick\u00e9ho odpadu ekologickou nutnost\u00ed i z\u00e1konn\u00fdm po\u017eadavkem. Dvouh\u0159\u00eddelov\u00fd drti\u010d elektronick\u00e9ho odpadu je speci\u00e1ln\u011b navr\u017een tak, aby spl\u0148oval po\u017eadavky na bezpe\u010dnou a efektivn\u00ed recyklaci elektronick\u00fdch v\u00fdrobk\u016f. A\u0165 u\u017e zpracov\u00e1v\u00e1te desky s plo\u0161n\u00fdmi spoji, kabely, pevn\u00e9 disky nebo vy\u0159azen\u00e9 dom\u00e1c\u00ed spot\u0159ebi\u010de, tento v\u00fdkonn\u00fd skartova\u010d zaji\u0161\u0165uje d\u016fsledn\u00e9 zmen\u0161en\u00ed velikosti, zni\u010den\u00ed dat a separaci materi\u00e1lu - v\u0161e v jednom kompaktn\u00edm \u0159e\u0161en\u00ed.<\/p>\n<p data-start=\"748\" data-end=\"974\">D\u00edky odoln\u00e9 konstrukci se dv\u011bma h\u0159\u00eddeli, n\u00edzkoot\u00e1\u010dkov\u00e9mu v\u00fdkonu s vysok\u00fdm to\u010div\u00fdm momentem a pokro\u010dil\u00fdm bezpe\u010dnostn\u00edm funkc\u00edm je tento stroj ide\u00e1ln\u00ed volbou pro za\u0159\u00edzen\u00ed na recyklaci elektronick\u00e9ho odpadu, v\u00fdrobce elektroniky a poskytovatele ekologick\u00fdch slu\u017eeb.<\/p>\n<h3 data-start=\"981\" data-end=\"1026\">Co je dvouh\u0159\u00eddelov\u00fd drti\u010d elektronick\u00e9ho odpadu?<\/h3>\n<p data-start=\"1028\" data-end=\"1433\">Dvouh\u0159\u00eddelov\u00fd drti\u010d elektronick\u00e9ho odpadu je stroj pr\u016fmyslov\u00e9 t\u0159\u00eddy vybaven\u00fd dv\u011bma rotuj\u00edc\u00edmi h\u0159\u00eddeli se zaklap\u00e1vac\u00edmi no\u017ei. Tyto h\u0159\u00eddele pracuj\u00ed p\u0159i n\u00edzk\u00fdch ot\u00e1\u010dk\u00e1ch a maj\u00ed vysok\u00fd to\u010div\u00fd moment, co\u017e jim umo\u017e\u0148uje trhat, st\u0159\u00edhat a drtit elektronick\u00fd odpad na mal\u00e9, snadno zpracovateln\u00e9 kousky. Na rozd\u00edl od vysokorychlostn\u00edch drti\u010d\u016f tato pomalob\u011b\u017en\u00e1 konstrukce sni\u017euje pra\u0161nost a hluk, minimalizuje riziko po\u017e\u00e1ru a prodlu\u017euje \u017eivotnost stroje.<\/p>\n<p data-start=\"1435\" data-end=\"1610\">Tento drti\u010d je ide\u00e1ln\u00ed pro p\u0159edb\u011b\u017en\u00e9 zpracov\u00e1n\u00ed r\u016fzn\u00fdch druh\u016f elektronick\u00e9ho odpadu pro dal\u0161\u00ed t\u0159\u00edd\u011bn\u00ed a recyklaci, jako jsou kovy, plasty a cenn\u00e9 komponenty vz\u00e1cn\u00fdch zemin.<\/p>\n<h3 data-start=\"1617\" data-end=\"1671\">Kl\u00ed\u010dov\u00e9 vlastnosti dvouh\u0159\u00eddelov\u00e9ho drti\u010de elektronick\u00e9ho odpadu<\/h3>\n<p data-start=\"1673\" data-end=\"1715\"><strong>Odoln\u00fd mechanismus s dvojit\u00fdm h\u0159\u00eddelem<\/strong><\/p>\n<p data-start=\"1716\" data-end=\"1961\">Stroj je vybaven dv\u011bma protib\u011b\u017en\u00fdmi h\u0159\u00eddeli s no\u017ei z kalen\u00e9 oceli, kter\u00e9 jsou schopny zpracov\u00e1vat tuh\u00e9, sm\u00ed\u0161en\u00e9 nebo kompozitn\u00ed materi\u00e1ly elektronick\u00e9ho odpadu. Konfigurace h\u0159\u00eddel\u00ed umo\u017e\u0148uje \u00fa\u010dinn\u00e9 trh\u00e1n\u00ed a tah\u00e1n\u00ed, nikoliv pouze \u0159ez\u00e1n\u00ed.<\/p>\n<p data-start=\"1963\" data-end=\"1996\"><strong>Vysok\u00fd to\u010div\u00fd moment, n\u00edzk\u00e9 ot\u00e1\u010dky<\/strong><\/p>\n<p data-start=\"1997\" data-end=\"2146\">N\u00edzk\u00e1 rychlost ot\u00e1\u010den\u00ed v kombinaci s vysok\u00fdm to\u010div\u00fdm momentem umo\u017e\u0148uje drti\u010di rozb\u00edt odolnou elektroniku bez p\u0159eh\u0159\u00e1t\u00ed nebo nadm\u011brn\u00e9 tvorby prachu.<\/p>\n<p data-start=\"2148\" data-end=\"2185\"><strong>Inteligentn\u00ed \u0159\u00eddic\u00ed syst\u00e9m<\/strong><\/p>\n<p data-start=\"2186\" data-end=\"2409\">Drti\u010d je vybaven syst\u00e9mem PLC (Programmable Logic Controller) a nab\u00edz\u00ed automatick\u00fd start\/stop, funkci zp\u011btn\u00e9ho chodu v p\u0159\u00edpad\u011b zaseknut\u00ed materi\u00e1lu a ochranu proti p\u0159et\u00ed\u017een\u00ed. Je u\u017eivatelsky p\u0159\u00edv\u011btiv\u00fd, spolehliv\u00fd a jeho provoz je bezpe\u010dn\u00fd.<\/p>\n<p data-start=\"2411\" data-end=\"2446\"><strong>Bezpe\u010dnost a ochrana proti prachu<\/strong><\/p>\n<p data-start=\"2447\" data-end=\"2627\">Drti\u010d je navr\u017een s ohledem na bezpe\u010dnost obsluhy a je vybaven uzav\u0159enou komorou, tla\u010d\u00edtky nouzov\u00e9ho zastaven\u00ed a voliteln\u00fdmi rozhran\u00edmi pro ods\u00e1v\u00e1n\u00ed prachu, kter\u00e1 minimalizuj\u00ed kontaminaci vzduchu.<\/p>\n<p data-start=\"2629\" data-end=\"2667\"><strong>V\u0161estrann\u00e1 manipulace s materi\u00e1lem<\/strong><\/p>\n<p data-start=\"2668\" data-end=\"2741\">Tento skartova\u010d elektronick\u00e9ho odpadu dok\u00e1\u017ee zpracovat \u0161irokou \u0161k\u00e1lu materi\u00e1l\u016f, v\u010detn\u011b:<\/p>\n<ul>\n<li data-start=\"2745\" data-end=\"2776\">Desky s plo\u0161n\u00fdmi spoji (PCB)<\/li>\n<li data-start=\"2779\" data-end=\"2809\">Elektrick\u00e9 kabely a rozvody<\/li>\n<li data-start=\"2812\" data-end=\"2839\">Mobiln\u00ed telefony a tablety<\/li>\n<li data-start=\"2842\" data-end=\"2872\">Pevn\u00e9 disky a pam\u011b\u0165ov\u00e9 jednotky<\/li>\n<li data-start=\"2875\" data-end=\"2903\">Mal\u00e9 dom\u00e1c\u00ed spot\u0159ebi\u010de<\/li>\n<li data-start=\"2906\" data-end=\"2935\">Kryty a kl\u00e1vesnice notebook\u016f<\/li>\n<li data-start=\"2938\" data-end=\"2968\">E-\u0161rot se sm\u011bs\u00ed kovu a plastu<\/li>\n<\/ul>\n<h3 data-start=\"2975\" data-end=\"3031\">V\u00fdhody pou\u017e\u00edv\u00e1n\u00ed dvouh\u0159\u00eddelov\u00e9ho drti\u010de elektronick\u00e9ho odpadu<\/h3>\n<p data-start=\"3033\" data-end=\"3071\"><strong>Efektivn\u00ed rozd\u011blen\u00ed materi\u00e1lu<\/strong><\/p>\n<p data-start=\"3072\" data-end=\"3258\">Konstrukce se dv\u011bma h\u0159\u00eddeli zaji\u0161\u0165uje rovnom\u011brn\u00e9 drcen\u00ed elektronick\u00e9ho odpadu a p\u0159ipravuje jej na dal\u0161\u00ed mechanick\u00e9 nebo ru\u010dn\u00ed t\u0159\u00edd\u011bn\u00ed. S rozdrcen\u00fdm materi\u00e1lem se l\u00e9pe manipuluje a t\u0159\u00edd\u00ed.<\/p>\n<p data-start=\"3260\" data-end=\"3293\"><strong>Bezpe\u010dn\u00e9 zni\u010den\u00ed dat<\/strong><\/p>\n<p data-start=\"3294\" data-end=\"3449\">Tato skartova\u010dka nab\u00edz\u00ed fyzickou likvidaci pevn\u00fdch disk\u016f, chytr\u00fdch telefon\u016f nebo za\u0159\u00edzen\u00ed pro ukl\u00e1d\u00e1n\u00ed dat, kter\u00e1 spl\u0148uje celosv\u011btov\u00e9 normy pro zabezpe\u010den\u00ed dat a ochranu soukrom\u00ed.<\/p>\n<p data-start=\"3451\" data-end=\"3499\"><strong>\u0160etrnost k \u017eivotn\u00edmu prost\u0159ed\u00ed a dodr\u017eov\u00e1n\u00ed p\u0159edpis\u016f<\/strong><\/p>\n<p data-start=\"3500\" data-end=\"3651\">Spr\u00e1vn\u00e9 zpracov\u00e1n\u00ed elektronick\u00e9ho odpadu sni\u017euje \u0161kodliv\u00fd dopad na \u017eivotn\u00ed prost\u0159ed\u00ed a zaji\u0161\u0165uje soulad s p\u0159edpisy, jako jsou WEEE, RoHS a m\u00edstn\u00ed z\u00e1kony o nebezpe\u010dn\u00e9m odpadu.<\/p>\n<p data-start=\"3653\" data-end=\"3700\"><strong>Ni\u017e\u0161\u00ed n\u00e1klady na provoz a \u00fadr\u017ebu<\/strong><\/p>\n<p data-start=\"3701\" data-end=\"3854\">D\u00edky robustn\u00ed konstrukci a inteligentn\u00ed ochran\u011b proti p\u0159et\u00ed\u017een\u00ed minimalizuje prostoje a prodlu\u017euje \u017eivotnost no\u017e\u016f a vnit\u0159n\u00edch sou\u010d\u00e1st\u00ed.<\/p>\n<p data-start=\"3856\" data-end=\"3893\"><strong>P\u0159izp\u016fsoben\u00ed va\u0161im pot\u0159eb\u00e1m<\/strong><\/p>\n<p data-start=\"3894\" data-end=\"4083\">V z\u00e1vislosti na aplikaci lze stroj nakonfigurovat pro r\u016fzn\u00e9 v\u00fdkony, tlou\u0161\u0165ku lopatek, velikost komory a mo\u017enosti vyprazd\u0148ov\u00e1n\u00ed (p\u00e1sov\u00fd dopravn\u00edk, \u0161nekov\u00fd dopravn\u00edk atd.).<\/p>\n<h3 data-start=\"4090\" data-end=\"4149\">Aplikace nap\u0159\u00ed\u010d odv\u011btv\u00edmi elektronick\u00e9ho odpadu a recyklace<\/h3>\n<p data-start=\"4151\" data-end=\"4205\">Dvouh\u0159\u00eddelov\u00fd drti\u010d elektronick\u00e9ho odpadu se \u0161iroce pou\u017e\u00edv\u00e1 v:<\/p>\n<ul>\n<li data-start=\"4209\" data-end=\"4235\">Za\u0159\u00edzen\u00ed na recyklaci elektronick\u00e9ho odpadu<\/li>\n<li data-start=\"4238\" data-end=\"4276\">V\u00fdrobn\u00ed za\u0159\u00edzen\u00ed pro elektroniku<\/li>\n<li data-start=\"4279\" data-end=\"4314\">Slu\u017eby likvidace IT majetku (ITAD)<\/li>\n<li data-start=\"4317\" data-end=\"4350\">Zpracov\u00e1n\u00ed tuh\u00e9ho komun\u00e1ln\u00edho odpadu<\/li>\n<li data-start=\"4353\" data-end=\"4414\">Zpracovatel\u00e9 odpadn\u00edch elektrick\u00fdch a elektronick\u00fdch za\u0159\u00edzen\u00ed (OEEZ)<\/li>\n<li data-start=\"4417\" data-end=\"4453\">Renova\u010dn\u00ed a recykla\u010dn\u00ed centra<\/li>\n<\/ul>\n<p data-start=\"4455\" data-end=\"4547\">Tato skartova\u010dka si snadno porad\u00ed se v\u0161\u00edm - od mal\u00e9 elektroniky a\u017e po slo\u017eit\u00e1 slo\u017een\u00e1 za\u0159\u00edzen\u00ed.<\/p>\n<h3 data-start=\"4554\" data-end=\"4598\">Vytvo\u0159eno pro dlouhou \u017eivotnost: kvalita a odolnost<\/h3>\n<p data-start=\"4600\" data-end=\"4748\">Na\u0161e drti\u010de vyr\u00e1b\u00edme s vyu\u017eit\u00edm p\u0159esn\u00e9ho stroj\u00edrenstv\u00ed a vysoce kvalitn\u00edch materi\u00e1l\u016f, abychom zajistili jejich dlouhodob\u00fd v\u00fdkon. Mezi kl\u00ed\u010dov\u00e9 vlastnosti pat\u0159\u00ed:<\/p>\n<ul>\n<li data-start=\"4752\" data-end=\"4785\">Tepeln\u011b zpracovan\u00e9 \u010depele z legovan\u00e9 oceli<\/li>\n<li data-start=\"4788\" data-end=\"4812\">Zes\u00edlen\u00fd ocelov\u00fd r\u00e1m<\/li>\n<li data-start=\"4815\" data-end=\"4841\">Z\u00e1kladna tlum\u00edc\u00ed vibrace<\/li>\n<li data-start=\"4844\" data-end=\"4893\">T\u011b\u017ek\u00e9 p\u0159evodovky a motory \u0161pi\u010dkov\u00fdch zna\u010dek<\/li>\n<li data-start=\"4896\" data-end=\"4929\">V\u00fdroba s certifikac\u00ed CE a ISO<\/li>\n<\/ul>\n<p data-start=\"4931\" data-end=\"5055\">Ka\u017ed\u00fd stroj proch\u00e1z\u00ed p\u0159ed dod\u00e1n\u00edm p\u0159\u00edsn\u00fdm testov\u00e1n\u00edm kvality, aby bylo zaji\u0161t\u011bno, \u017ee spl\u0148uje bezpe\u010dnostn\u00ed i v\u00fdkonnostn\u00ed o\u010dek\u00e1v\u00e1n\u00ed.<\/p>\n<h3>Poprodejn\u00ed podpora a slu\u017eby<\/h3>\n<p data-start=\"5103\" data-end=\"5201\">P\u0159i n\u00e1kupu dvouh\u0159\u00eddelov\u00e9 skartova\u010dky elektronick\u00e9ho odpadu z\u00edsk\u00e1te podporu specializovan\u00e9ho t\u00fdmu, kter\u00fd nab\u00edz\u00ed:<\/p>\n<ul>\n<li data-start=\"5205\" data-end=\"5246\">Pokyny pro instalaci a uveden\u00ed do provozu<\/li>\n<li data-start=\"5249\" data-end=\"5288\">\u0160kolen\u00ed obsluhy a v\u00fdukov\u00e1 videa<\/li>\n<li data-start=\"5291\" data-end=\"5318\">Rychl\u00e9 dod\u00e1n\u00ed n\u00e1hradn\u00edch d\u00edl\u016f<\/li>\n<li data-start=\"5321\" data-end=\"5345\">Technick\u00e1 podpora 24 hodin denn\u011b, 7 dn\u00ed v t\u00fddnu<\/li>\n<li data-start=\"5348\" data-end=\"5379\">Pl\u00e1nov\u00e1n\u00ed pl\u00e1nu \u00fadr\u017eby<\/li>\n<li data-start=\"5382\" data-end=\"5408\">Poradenstv\u00ed v oblasti p\u0159izp\u016fsoben\u00ed<\/li>\n<\/ul>\n<h3 data-start=\"5415\" data-end=\"5432\">Z\u00e1v\u011br<\/h3>\n<p data-start=\"5434\" data-end=\"5800\">V dob\u011b exponenci\u00e1ln\u011b rostouc\u00edho mno\u017estv\u00ed elektronick\u00e9ho odpadu je investice do dvouh\u0159\u00eddelov\u00e9ho drti\u010de elektronick\u00e9ho odpadu chytr\u00fdm a proz\u00edrav\u00fdm rozhodnut\u00edm pro podniky i recykla\u010dn\u00ed provozy. D\u00edky sv\u00e9 robustn\u00ed konstrukci, v\u0161estrann\u00fdm mo\u017enostem a ekologick\u00e9mu designu poskytuje efektivn\u00ed, bezpe\u010dn\u00e9 a \u0161k\u00e1lovateln\u00e9 \u0159e\u0161en\u00ed pro \u0159e\u0161en\u00ed modern\u00edch probl\u00e9m\u016f s elektronick\u00fdm odpadem.<\/p>\n<p data-start=\"5802\" data-end=\"5985\">Pokud chcete sn\u00ed\u017eit dopad na \u017eivotn\u00ed prost\u0159ed\u00ed, dodr\u017eovat p\u0159edpisy a z\u00edskat cenn\u00e9 materi\u00e1ly z elektronick\u00e9ho odpadu, je tato skartova\u010dka \u0159e\u0161en\u00edm, na kter\u00e9 jste \u010dekali.<\/p>","protected":false},"excerpt":{"rendered":"<p>Dvouh\u0159\u00eddelov\u00fd drti\u010d elektronick\u00e9ho odpadu je navr\u017een pro bezpe\u010dn\u00e9 a efektivn\u00ed zpracov\u00e1n\u00ed elektronick\u00e9ho odpadu. Snadno si porad\u00ed s deskami s plo\u0161n\u00fdmi spoji, kabely, pevn\u00fdmi disky a mal\u00fdmi spot\u0159ebi\u010di a rozm\u011bln\u00ed je na snadno zpracovateln\u00e9 kousky pro dal\u0161\u00ed recyklaci. D\u00edky vysok\u00e9mu to\u010div\u00e9mu momentu, n\u00edzk\u00e9 rychlosti a robustn\u00edm ocelov\u00fdm no\u017e\u016fm zaji\u0161\u0165uje p\u0159esn\u00e9 drcen\u00ed p\u0159i minimalizaci pra\u0161nosti a hluku. Tento skartova\u010d je ide\u00e1ln\u00ed pro recykla\u010dn\u00ed centra a v\u00fdrobce elektroniky, podporuje ekologick\u00e9 nakl\u00e1d\u00e1n\u00ed s odpadem, zlep\u0161uje vyu\u017eit\u00ed materi\u00e1lu a spl\u0148uje p\u0159edpisy pro elektronick\u00fd odpad. Jeho odoln\u00e1 konstrukce a inteligentn\u00ed ochrana proti p\u0159et\u00ed\u017een\u00ed zaru\u010duj\u00ed stabiln\u00ed v\u00fdkon v n\u00e1ro\u010dn\u00fdch podm\u00ednk\u00e1ch.<\/p>","protected":false},"featured_media":1953,"template":"","meta":{"site-sidebar-layout":"default","site-content-layout":"","ast-site-content-layout":"default","site-content-style":"default","site-sidebar-style":"default","ast-global-header-display":"","ast-banner-title-visibility":"","ast-main-header-display":"","ast-hfb-above-header-display":"","ast-hfb-below-header-display":"","ast-hfb-mobile-header-display":"","site-post-title":"","ast-breadcrumbs-content":"","ast-featured-img":"","footer-sml-layout":"","ast-disable-related-posts":"","theme-transparent-header-meta":"default","adv-header-id-meta":"","stick-header-meta":"","header-above-stick-meta":"","header-main-stick-meta":"","header-below-stick-meta":"","astra-migrate-meta-layouts":"set","ast-page-background-enabled":"default","ast-page-background-meta":{"desktop":{"background-color":"var(--ast-global-color-5)","background-image":"","background-repeat":"repeat","background-position":"center center","background-size":"auto","background-attachment":"scroll","background-type":"","background-media":"","overlay-type":"","overlay-color":"","overlay-opacity":"","overlay-gradient":""},"tablet":{"background-color":"","background-image":"","background-repeat":"repeat","background-position":"center center","background-size":"auto","background-attachment":"scroll","background-type":"","background-media":"","overlay-type":"","overlay-color":"","overlay-opacity":"","overlay-gradient":""},"mobile":{"background-color":"","background-image":"","background-repeat":"repeat","background-position":"center center","background-size":"auto","background-attachment":"scroll","background-type":"","background-media":"","overlay-type":"","overlay-color":"","overlay-opacity":"","overlay-gradient":""}},"ast-content-background-meta":{"desktop":{"background-color":"var(--ast-global-color-4)","background-image":"","background-repeat":"repeat","background-position":"center center","background-size":"auto","background-attachment":"scroll","background-type":"","background-media":"","overlay-type":"","overlay-color":"","overlay-opacity":"","overlay-gradient":""},"tablet":{"background-color":"var(--ast-global-color-4)","background-image":"","background-repeat":"repeat","background-position":"center center","background-size":"auto","background-attachment":"scroll","background-type":"","background-media":"","overlay-type":"","overlay-color":"","overlay-opacity":"","overlay-gradient":""},"mobile":{"background-color":"var(--ast-global-color-4)","background-image":"","background-repeat":"repeat","background-position":"center center","background-size":"auto","background-attachment":"scroll","background-type":"","background-media":"","overlay-type":"","overlay-color":"","overlay-opacity":"","overlay-gradient":""}}},"product_brand":[],"product_cat":[20,149],"product_tag":[213,214,207,211,205,210,212,209,204,208],"class_list":{"0":"post-1982","1":"product","2":"type-product","3":"status-publish","4":"has-post-thumbnail","6":"product_cat-shredding-and-crushing-machine","7":"product_cat-double-shaft-shredder","8":"product_tag-circuit-board-shredder","9":"product_tag-computer-scrap-shredder","10":"product_tag-double-shaft-e-waste-shredder","11":"product_tag-e-waste-recycling-machine","12":"product_tag-e-waste-shredder-machine","13":"product_tag-electronic-scrap-shredder","14":"product_tag-industrial-e-waste-shredder","15":"product_tag-pcb-shredder-machine","16":"product_tag-twin-shaft-e-waste-shredder","17":"product_tag-twin-shaft-shredder-for-electronics","18":"desktop-align-left","19":"tablet-align-left","20":"mobile-align-left","22":"first","23":"instock","24":"shipping-taxable","25":"product-type-simple"},"_links":{"self":[{"href":"https:\/\/www.gigapa.com\/cs\/wp-json\/wp\/v2\/product\/1982","targetHints":{"allow":["GET"]}}],"collection":[{"href":"https:\/\/www.gigapa.com\/cs\/wp-json\/wp\/v2\/product"}],"about":[{"href":"https:\/\/www.gigapa.com\/cs\/wp-json\/wp\/v2\/types\/product"}],"version-history":[{"count":3,"href":"https:\/\/www.gigapa.com\/cs\/wp-json\/wp\/v2\/product\/1982\/revisions"}],"predecessor-version":[{"id":2979,"href":"https:\/\/www.gigapa.com\/cs\/wp-json\/wp\/v2\/product\/1982\/revisions\/2979"}],"wp:featuredmedia":[{"embeddable":true,"href":"https:\/\/www.gigapa.com\/cs\/wp-json\/wp\/v2\/media\/1953"}],"wp:attachment":[{"href":"https:\/\/www.gigapa.com\/cs\/wp-json\/wp\/v2\/media?parent=1982"}],"wp:term":[{"taxonomy":"product_brand","embeddable":true,"href":"https:\/\/www.gigapa.com\/cs\/wp-json\/wp\/v2\/product_brand?post=1982"},{"taxonomy":"product_cat","embeddable":true,"href":"https:\/\/www.gigapa.com\/cs\/wp-json\/wp\/v2\/product_cat?post=1982"},{"taxonomy":"product_tag","embeddable":true,"href":"https:\/\/www.gigapa.com\/cs\/wp-json\/wp\/v2\/product_tag?post=1982"}],"curies":[{"name":"wp","href":"https:\/\/api.w.org\/{rel}","templated":true}]}}