{"id":1990,"date":"2025-06-19T08:34:10","date_gmt":"2025-06-19T00:34:10","guid":{"rendered":"https:\/\/www.gigapa.com\/?post_type=product&#038;p=1990"},"modified":"2025-10-13T09:15:37","modified_gmt":"2025-10-13T01:15:37","slug":"cardboard-vertical-baler","status":"publish","type":"product","link":"https:\/\/www.gigapa.com\/cs\/produkt\/cardboard-vertical-baler\/","title":{"rendered":"Vertik\u00e1ln\u00ed lis na lepenku"},"content":{"rendered":"<p>Pokud va\u0161e spole\u010dnost produkuje velk\u00e9 mno\u017estv\u00ed kartonov\u00e9ho odpadu, m\u016f\u017ee investice do vertik\u00e1ln\u00edho lisu na karton v\u00fdrazn\u011b zlep\u0161it v\u00e1\u0161 syst\u00e9m nakl\u00e1d\u00e1n\u00ed s odpadem. Tento stroj je speci\u00e1ln\u011b navr\u017een pro lisov\u00e1n\u00ed lepenky a dal\u0161\u00edch recyklovateln\u00fdch materi\u00e1l\u016f a p\u0159edstavuje prostorov\u011b \u00fasporn\u00e9, n\u00e1kladov\u011b efektivn\u00ed a ekologick\u00e9 \u0159e\u0161en\u00ed pro sklady, supermarkety, tisk\u00e1rny, logistick\u00e1 centra a recykla\u010dn\u00ed st\u0159ediska. P\u0159em\u011bnou voln\u00e9 lepenky na pevn\u011b slisovan\u00e9 bal\u00edky mohou podniky sn\u00ed\u017eit n\u00e1klady na likvidaci, udr\u017eovat \u010dist\u0161\u00ed \u017eivotn\u00ed prost\u0159ed\u00ed a dokonce z\u00edskat dal\u0161\u00ed p\u0159\u00edjmy prodejem slisovan\u00fdch materi\u00e1l\u016f recykla\u010dn\u00edm firm\u00e1m.<\/p>\n<h3>Co je vertik\u00e1ln\u00ed lis na lepenku?<\/h3>\n<p>Vertik\u00e1ln\u00ed lis na lepenku je typ lisovac\u00edho za\u0159\u00edzen\u00ed, kter\u00e9 pomoc\u00ed vertik\u00e1ln\u00ed s\u00edly lisuje kartonov\u00fd odpad do zvl\u00e1dnuteln\u00fdch bal\u00edk\u016f. Na rozd\u00edl od horizont\u00e1ln\u00edch lis\u016f, kter\u00e9 vy\u017eaduj\u00ed v\u00edce prostoru a v\u011bt\u0161\u00ed investice, jsou vertik\u00e1ln\u00ed lisy kompaktn\u00ed a dob\u0159e se hod\u00ed pro mal\u00e9 a\u017e st\u0159edn\u011b velk\u00e9 recykla\u010dn\u00ed provozy. Tyto stroje jsou obvykle vybaveny dv\u00ed\u0159ky s \u010deln\u00edm vstupem, kam m\u016f\u017ee obsluha vkl\u00e1dat voln\u011b lo\u017een\u00fd karton. Po zav\u0159en\u00ed dv\u00ed\u0159ek stroj hydraulick\u00fdm tlakem stla\u010d\u00ed materi\u00e1l do hust\u00e9ho bal\u00edku, kter\u00fd je pot\u00e9 ru\u010dn\u011b sv\u00e1z\u00e1n a vyhozen ke sb\u011bru.<\/p>\n<h3>Kl\u00ed\u010dov\u00e9 vlastnosti<\/h3>\n<p><strong>V\u00fdkonn\u00fd hydraulick\u00fd syst\u00e9m <\/strong><\/p>\n<p>Tento lis je vybaven vysokotlak\u00fdm hydraulick\u00fdm v\u00e1lcem, kter\u00fd zaji\u0161\u0165uje silnou lisovac\u00ed s\u00edlu a umo\u017e\u0148uje vytv\u00e1\u0159et pevn\u011b slisovan\u00e9, rovnom\u011brn\u00e9 bal\u00edky lepenky, s nimi\u017e se snadno manipuluje a kter\u00e9 se snadno skladuj\u00ed.<\/p>\n<p><strong>Prostorov\u011b \u00fasporn\u00fd vertik\u00e1ln\u00ed design <\/strong><\/p>\n<p>Vertik\u00e1ln\u00ed uspo\u0159\u00e1d\u00e1n\u00ed tohoto stroje zab\u00edr\u00e1 minim\u00e1ln\u00ed podlahovou plochu, tak\u017ee je ide\u00e1ln\u00ed pro m\u00edsta s omezen\u00fdm prostorem, jako jsou maloobchodn\u00ed prodejny, kancel\u00e1\u0159e nebo v\u00fdrobn\u00ed prostory.<\/p>\n<p><strong>Snadn\u00e9 pou\u017eit\u00ed <\/strong><\/p>\n<p>Stroj je navr\u017een s ohledem na bezpe\u010dnost a snadn\u00e9 pou\u017e\u00edv\u00e1n\u00ed a je vybaven ru\u010dn\u011b ovl\u00e1dan\u00fdmi dve\u0159mi, bezpe\u010dnostn\u00edmi sp\u00edna\u010di s blokov\u00e1n\u00edm a u\u017eivatelsky p\u0159\u00edv\u011btiv\u00fdmi ovl\u00e1dac\u00edmi panely. Obsluha se m\u016f\u017ee rychle nau\u010dit nakl\u00e1dat, lisovat, v\u00e1zat a vyhazovat bal\u00edky bez nutnosti za\u0161kolen\u00ed.<\/p>\n<p><strong>Vysok\u00e1 hustota bal\u00edk\u016f <\/strong><\/p>\n<p>Tento stroj vytv\u00e1\u0159\u00ed bal\u00edky s vysokou hustotou, kter\u00e9 minimalizuj\u00ed objem p\u0159epravy a zvy\u0161uj\u00ed hodnotu recyklovateln\u00e9 lepenky p\u0159i dal\u0161\u00edm prodeji.<\/p>\n<p><strong>Robustn\u00ed konstrukce <\/strong><\/p>\n<p>Vertik\u00e1ln\u00ed lis na lepenku je vyroben ze zes\u00edlen\u00e9 oceli s antikorozn\u00edm n\u00e1t\u011brem, je dlouhodob\u011b spolehliv\u00fd a vy\u017eaduje minim\u00e1ln\u00ed \u00fadr\u017ebu, a to i v n\u00e1ro\u010dn\u00fdch podm\u00ednk\u00e1ch.<\/p>\n<h3>V\u00fdhody vertik\u00e1ln\u00edho lisu na lepenku<\/h3>\n<p>1. Sn\u00ed\u017een\u00ed objemu odpadu<br \/>\nV\u00fdznamnou v\u00fdhodou tohoto vertik\u00e1ln\u00edho lisu je jeho schopnost v\u00fdrazn\u011b sn\u00ed\u017eit objem kartonov\u00e9ho odpadu. To vede k men\u0161\u00edmu po\u010dtu svoz\u016f do popelnic a ni\u017e\u0161\u00edm n\u00e1klad\u016fm na likvidaci, co\u017e vede k \u00faspo\u0159e n\u00e1klad\u016f va\u0161eho podniku.<\/p>\n<p>2. Zv\u00fd\u0161en\u00e1 efektivita pracovi\u0161t\u011b<br \/>\nLis p\u0159isp\u00edv\u00e1 k \u010dist\u0161\u00edmu a organizovan\u011bj\u0161\u00edmu pracovn\u00edmu prost\u0159ed\u00ed, co\u017e zvy\u0161uje pracovn\u00ed v\u00fdkon a sni\u017euje bezpe\u010dnostn\u00ed rizika. Neuspo\u0159\u00e1dan\u00e1 voln\u00e1 lepenka m\u016f\u017ee b\u00fdt nejen neatraktivn\u00ed, ale tak\u00e9 potenci\u00e1ln\u00ed p\u0159\u00ed\u010dinou nehod nebo po\u017e\u00e1r\u016f.<\/p>\n<p>3. Z\u00e1vazek k udr\u017eitelnosti a recyklaci<br \/>\nRecyklace je z\u00e1sadn\u00edm aspektem sou\u010dasn\u00e9 odpov\u011bdnosti podnik\u016f. Nasazen\u00ed lisu je d\u016fkazem, \u017ee va\u0161e firma se v\u011bnuje udr\u017eiteln\u00fdm postup\u016fm. Zhutn\u011bn\u00e9 bal\u00edky se snadn\u011bji recykluj\u00ed a p\u0159epravuj\u00ed, \u010d\u00edm\u017e se sni\u017euje dopad na \u017eivotn\u00ed prost\u0159ed\u00ed.<\/p>\n<p>4. P\u0159\u00edjmy z recyklace<br \/>\nRecykla\u010dn\u00ed firmy \u010dasto plat\u00ed za \u010distou, vyt\u0159\u00edd\u011bnou a slisovanou lepenku. Vytvo\u0159en\u00edm jednotn\u00fdch bal\u00edk\u016f mohou podniky p\u0159em\u011bnit odpad na dal\u0161\u00ed zdroj p\u0159\u00edjm\u016f.<\/p>\n<p>5. Dodr\u017eov\u00e1n\u00ed p\u0159edpis\u016f pro nakl\u00e1d\u00e1n\u00ed s odpady<br \/>\nSpr\u00e1vn\u00e9 nakl\u00e1d\u00e1n\u00ed s odpady je \u010dasto na\u0159\u00edzeno m\u00edstn\u00edmi p\u0159edpisy o \u017eivotn\u00edm prost\u0159ed\u00ed. Lis pom\u00e1h\u00e1 podnik\u016fm splnit tyto po\u017eadavky t\u00edm, \u017ee organizuje odpad a minimalizuje po\u010det nutn\u00fdch cest k likvidaci.<\/p>\n<h3>Ide\u00e1ln\u00ed pou\u017eit\u00ed<\/h3>\n<p>Vertik\u00e1ln\u00ed lis na lepenku je ide\u00e1ln\u00ed pro r\u016fzn\u00e1 odv\u011btv\u00ed:<\/p>\n<ul>\n<li>Maloobchodn\u00ed prodejny a supermarkety - obalov\u00fd odpad kompaktujte do bal\u00edk\u016f nam\u00edsto pln\u011bn\u00ed popelnic.<\/li>\n<li>Distribu\u010dn\u00ed centra a sklady - udr\u017eujte p\u0159epravn\u00ed prostory \u010dist\u00e9 a uspo\u0159\u00e1dan\u00e9.<\/li>\n<li>V\u00fdrobn\u00ed z\u00e1vody - nakl\u00e1daj\u00ed se zna\u010dn\u00fdm mno\u017estv\u00edm zbytk\u016f obal\u016f nebo kartonov\u00e9ho odpadu.<\/li>\n<li>Recykla\u010dn\u00ed stanice - zvy\u0161te efektivitu a ziskovost d\u00edky efektivn\u00edmu lisov\u00e1n\u00ed.<\/li>\n<\/ul>\n<h3>Technick\u00e1 podpora a p\u0159izp\u016fsoben\u00ed<\/h3>\n<p>Na\u0161e vertik\u00e1ln\u00ed lisy na lepenku lze p\u0159izp\u016fsobit va\u0161im specifick\u00fdm po\u017eadavk\u016fm, jako je velikost bal\u00edk\u016f, pevnost v tlaku a konstrukce nakl\u00e1dac\u00edch dve\u0159\u00ed. Nab\u00edz\u00edme:<\/p>\n<ul>\n<li>Technick\u00e1 podpora a \u00fadr\u017eba<\/li>\n<li>Dostupnost n\u00e1hradn\u00edch d\u00edl\u016f<\/li>\n<li>Vlastn\u00ed barvy a mo\u017enosti zna\u010den\u00ed<\/li>\n<\/ul>\n<h3>Pro\u010d si vybrat pr\u00e1v\u011b n\u00e1s?<\/h3>\n<p>Jako profesion\u00e1ln\u00ed v\u00fdrobce s rozs\u00e1hl\u00fdmi zku\u0161enostmi s konstrukc\u00ed a v\u00fdrobou pr\u016fmyslov\u00fdch lis\u016f jsou na\u0161e stroje certifikov\u00e1ny CE a vyr\u00e1b\u011bny podle p\u0159\u00edsn\u00fdch norem kontroly kvality. Zam\u011b\u0159ujeme se na spokojenost z\u00e1kazn\u00edk\u016f, a proto zaru\u010dujeme:<\/p>\n<ul>\n<li>Spolehliv\u00e1 kvalita v\u00fdrobk\u016f<\/li>\n<li>Konkuren\u010dn\u00ed v\u00fdrobn\u00ed ceny<\/li>\n<li>Rychl\u00e9 dod\u00e1n\u00ed a poprodejn\u00ed podpora<\/li>\n<li>Slu\u017eby OEM a ODM<\/li>\n<\/ul>\n<h3>Z\u00e1v\u011br<\/h3>\n<p>Investice do vertik\u00e1ln\u00edho lisu na lepenku je rozumnou volbou pro podniky, kter\u00e9 cht\u011bj\u00ed efektivn\u011bji nakl\u00e1dat s odpadem, sn\u00ed\u017eit provozn\u00ed n\u00e1klady a zv\u00fd\u0161it udr\u017eitelnost. Kompaktn\u00ed, v\u00fdkonn\u00fd a snadno pou\u017eiteln\u00fd lis p\u0159edstavuje efektivn\u00ed \u0159e\u0161en\u00ed pro nakl\u00e1d\u00e1n\u00ed s kartonov\u00fdm odpadem v r\u016fzn\u00fdch pr\u016fmyslov\u00fdch odv\u011btv\u00edch.<\/p>","protected":false},"excerpt":{"rendered":"<p>Vertik\u00e1ln\u00ed lis na lepenku je prostorov\u011b \u00fasporn\u00e9 a n\u00e1kladov\u011b efektivn\u00ed \u0159e\u0161en\u00ed pro lisov\u00e1n\u00ed kartonov\u00e9ho odpadu do \u00fahledn\u00fdch bal\u00edk\u016f, kter\u00e9 lze stohovat na sebe. Tento vertik\u00e1ln\u00ed lis, kter\u00fd je ide\u00e1ln\u00ed pro supermarkety, sklady, maloobchodn\u00ed prodejny a recykla\u010dn\u00ed centra, v\u00fdrazn\u011b sni\u017euje objem objemn\u00fdch kartonov\u00fdch krabic a pom\u00e1h\u00e1 podnik\u016fm u\u0161et\u0159it n\u00e1klady na likvidaci a p\u0159epravu. Jeho u\u017eivatelsky p\u0159\u00edv\u011btiv\u00e1 konstrukce zaji\u0161\u0165uje snadn\u00e9 nakl\u00e1d\u00e1n\u00ed, efektivn\u00ed provoz a minim\u00e1ln\u00ed \u00fadr\u017ebu. Optimalizac\u00ed nakl\u00e1d\u00e1n\u00ed s odpadem a podporou recykla\u010dn\u00edch iniciativ tento lis zvy\u0161uje \u010distotu a udr\u017eitelnost pracovi\u0161t\u011b. Spolehliv\u00e1 volba pro podniky, kter\u00e9 cht\u011bj\u00ed zlep\u0161it provozn\u00ed efektivitu a odpov\u011bdnost k \u017eivotn\u00edmu prost\u0159ed\u00ed.<\/p>","protected":false},"featured_media":1949,"template":"","meta":{"site-sidebar-layout":"default","site-content-layout":"","ast-site-content-layout":"default","site-content-style":"default","site-sidebar-style":"default","ast-global-header-display":"","ast-banner-title-visibility":"","ast-main-header-display":"","ast-hfb-above-header-display":"","ast-hfb-below-header-display":"","ast-hfb-mobile-header-display":"","site-post-title":"","ast-breadcrumbs-content":"","ast-featured-img":"","footer-sml-layout":"","ast-disable-related-posts":"","theme-transparent-header-meta":"default","adv-header-id-meta":"","stick-header-meta":"","header-above-stick-meta":"","header-main-stick-meta":"","header-below-stick-meta":"","astra-migrate-meta-layouts":"set","ast-page-background-enabled":"default","ast-page-background-meta":{"desktop":{"background-color":"var(--ast-global-color-5)","background-image":"","background-repeat":"repeat","background-position":"center center","background-size":"auto","background-attachment":"scroll","background-type":"","background-media":"","overlay-type":"","overlay-color":"","overlay-opacity":"","overlay-gradient":""},"tablet":{"background-color":"","background-image":"","background-repeat":"repeat","background-position":"center center","background-size":"auto","background-attachment":"scroll","background-type":"","background-media":"","overlay-type":"","overlay-color":"","overlay-opacity":"","overlay-gradient":""},"mobile":{"background-color":"","background-image":"","background-repeat":"repeat","background-position":"center center","background-size":"auto","background-attachment":"scroll","background-type":"","background-media":"","overlay-type":"","overlay-color":"","overlay-opacity":"","overlay-gradient":""}},"ast-content-background-meta":{"desktop":{"background-color":"var(--ast-global-color-4)","background-image":"","background-repeat":"repeat","background-position":"center center","background-size":"auto","background-attachment":"scroll","background-type":"","background-media":"","overlay-type":"","overlay-color":"","overlay-opacity":"","overlay-gradient":""},"tablet":{"background-color":"var(--ast-global-color-4)","background-image":"","background-repeat":"repeat","background-position":"center center","background-size":"auto","background-attachment":"scroll","background-type":"","background-media":"","overlay-type":"","overlay-color":"","overlay-opacity":"","overlay-gradient":""},"mobile":{"background-color":"var(--ast-global-color-4)","background-image":"","background-repeat":"repeat","background-position":"center center","background-size":"auto","background-attachment":"scroll","background-type":"","background-media":"","overlay-type":"","overlay-color":"","overlay-opacity":"","overlay-gradient":""}}},"product_brand":[],"product_cat":[21,152],"product_tag":[],"class_list":{"0":"post-1990","1":"product","2":"type-product","3":"status-publish","4":"has-post-thumbnail","6":"product_cat-baling-machine","7":"product_cat-vertical-baler","8":"desktop-align-left","9":"tablet-align-left","10":"mobile-align-left","12":"first","13":"instock","14":"shipping-taxable","15":"product-type-simple"},"_links":{"self":[{"href":"https:\/\/www.gigapa.com\/cs\/wp-json\/wp\/v2\/product\/1990","targetHints":{"allow":["GET"]}}],"collection":[{"href":"https:\/\/www.gigapa.com\/cs\/wp-json\/wp\/v2\/product"}],"about":[{"href":"https:\/\/www.gigapa.com\/cs\/wp-json\/wp\/v2\/types\/product"}],"version-history":[{"count":4,"href":"https:\/\/www.gigapa.com\/cs\/wp-json\/wp\/v2\/product\/1990\/revisions"}],"predecessor-version":[{"id":2376,"href":"https:\/\/www.gigapa.com\/cs\/wp-json\/wp\/v2\/product\/1990\/revisions\/2376"}],"wp:featuredmedia":[{"embeddable":true,"href":"https:\/\/www.gigapa.com\/cs\/wp-json\/wp\/v2\/media\/1949"}],"wp:attachment":[{"href":"https:\/\/www.gigapa.com\/cs\/wp-json\/wp\/v2\/media?parent=1990"}],"wp:term":[{"taxonomy":"product_brand","embeddable":true,"href":"https:\/\/www.gigapa.com\/cs\/wp-json\/wp\/v2\/product_brand?post=1990"},{"taxonomy":"product_cat","embeddable":true,"href":"https:\/\/www.gigapa.com\/cs\/wp-json\/wp\/v2\/product_cat?post=1990"},{"taxonomy":"product_tag","embeddable":true,"href":"https:\/\/www.gigapa.com\/cs\/wp-json\/wp\/v2\/product_tag?post=1990"}],"curies":[{"name":"wp","href":"https:\/\/api.w.org\/{rel}","templated":true}]}}