{"id":1992,"date":"2025-06-18T14:27:01","date_gmt":"2025-06-18T06:27:01","guid":{"rendered":"https:\/\/www.gigapa.com\/?post_type=product&#038;p=1992"},"modified":"2025-10-13T09:15:52","modified_gmt":"2025-10-13T01:15:52","slug":"standard-vertical-hydraulic-baler-manual-door-opening","status":"publish","type":"product","link":"https:\/\/www.gigapa.com\/cs\/produkt\/standard-vertical-hydraulic-baler-manual-door-opening\/","title":{"rendered":"Standardn\u00ed vertik\u00e1ln\u00ed hydraulick\u00fd lis - (ru\u010dn\u00ed otev\u00edr\u00e1n\u00ed dve\u0159\u00ed)"},"content":{"rendered":"<p data-start=\"274\" data-end=\"799\">V dne\u0161n\u00edm pr\u016fmyslov\u00e9m prost\u0159ed\u00ed, kter\u00e9 st\u00e1le v\u00edce db\u00e1 na ochranu \u017eivotn\u00edho prost\u0159ed\u00ed a efektivitu, se nakl\u00e1d\u00e1n\u00ed s odpady stalo v mnoha odv\u011btv\u00edch z\u00e1sadn\u00ed prioritou. A\u0165 u\u017e se jedn\u00e1 o v\u00fdrobu, maloobchod, distribuci nebo logistiku, podniky neust\u00e1le hledaj\u00ed \u0159e\u0161en\u00ed, kter\u00e1 jsou n\u00e1kladov\u011b efektivn\u00ed, \u0161et\u0159\u00ed m\u00edsto a jsou \u0161etrn\u00e1 k \u017eivotn\u00edmu prost\u0159ed\u00ed. Standardn\u00ed vertik\u00e1ln\u00ed hydraulick\u00fd lis s ru\u010dn\u00edm otev\u00edr\u00e1n\u00edm dve\u0159\u00ed nab\u00edz\u00ed spolehliv\u00e9, u\u017eivatelsky p\u0159\u00edv\u011btiv\u00e9 a cenov\u011b v\u00fdhodn\u00e9 \u0159e\u0161en\u00ed pro lisov\u00e1n\u00ed \u0161irok\u00e9 \u0161k\u00e1ly recyklovateln\u00fdch odpadn\u00edch materi\u00e1l\u016f.<\/p>\n<p data-start=\"801\" data-end=\"1217\">Tento vertik\u00e1ln\u00ed lis je speci\u00e1ln\u011b navr\u017een pro pot\u0159eby podnik\u016f, kter\u00e9 produkuj\u00ed st\u0159edn\u00ed objemy odpadn\u00edch materi\u00e1l\u016f, jako je lepenka, pap\u00edr, textil, plastov\u00e9 f\u00f3lie a m\u011bkk\u00e9 obaly. Tyto materi\u00e1ly stla\u010duje do pevn\u011b zabalen\u00fdch bal\u00edk\u016f, kter\u00e9 se snadn\u011bji skladuj\u00ed, p\u0159epravuj\u00ed nebo recykluj\u00ed, co\u017e podnik\u016fm umo\u017e\u0148uje sn\u00ed\u017eit n\u00e1klady na likvidaci, udr\u017eovat \u010dist\u0161\u00ed pracovn\u00ed prostory a prok\u00e1zat odpov\u011bdnost k \u017eivotn\u00edmu prost\u0159ed\u00ed.<\/p>\n<h3 data-start=\"1224\" data-end=\"1260\"><strong data-start=\"1228\" data-end=\"1260\">Prostorov\u011b \u00fasporn\u00fd vertik\u00e1ln\u00ed design<\/strong><\/h3>\n<p data-start=\"1262\" data-end=\"1688\">Vertik\u00e1ln\u00ed konfigurace tohoto lisu je ide\u00e1ln\u00ed pro podniky s omezen\u00fdm prostorem. D\u00edky svisl\u00e9 konstrukci jej lze instalovat v men\u0161\u00edch prostor\u00e1ch, jako jsou sklady, z\u00e1zem\u00ed prodejen a \u00fazk\u00e9 nakl\u00e1dac\u00ed rampy, ani\u017e by naru\u0161oval ka\u017edodenn\u00ed provoz. Kompaktn\u00ed p\u016fdorys nen\u00ed na \u00fakor v\u00fdkonu a st\u00e1le poskytuje vysokou s\u00edlu zhutn\u011bn\u00ed, co\u017e z n\u011bj \u010din\u00ed preferovanou volbu pro mal\u00e9 a st\u0159edn\u00ed podniky.<\/p>\n<h3 data-start=\"1695\" data-end=\"1752\"><strong data-start=\"1699\" data-end=\"1752\">Ru\u010dn\u00ed otev\u00edr\u00e1n\u00ed dve\u0159\u00ed pro bezpe\u010dnou a jednoduchou obsluhu<\/strong><\/h3>\n<p data-start=\"1754\" data-end=\"2128\">Na str\u00e1nk\u00e1ch <strong data-start=\"1758\" data-end=\"1781\">ru\u010dn\u00ed otev\u00edr\u00e1n\u00ed dve\u0159\u00ed<\/strong> nab\u00edz\u00ed kontrolovan\u00fd a bezpe\u010dn\u00fd p\u0159\u00edstup do nakl\u00e1dac\u00ed komory. Tato konstrukce umo\u017e\u0148uje obsluze ru\u010dn\u011b otev\u00edrat a zav\u00edrat p\u0159edn\u00ed dve\u0159e p\u0159i nakl\u00e1d\u00e1n\u00ed materi\u00e1lu nebo odeb\u00edr\u00e1n\u00ed hotov\u00fdch bal\u00edk\u016f. Na rozd\u00edl od automatick\u00fdch dve\u0159\u00ed, kter\u00e9 vy\u017eaduj\u00ed slo\u017eit\u011bj\u0161\u00ed mechanismy a \u00fadr\u017ebu, manu\u00e1ln\u00ed syst\u00e9m sni\u017euje mechanickou slo\u017eitost a zvy\u0161uje spolehlivost stroje.<\/p>\n<p data-start=\"2130\" data-end=\"2452\">Ru\u010dn\u00ed ovl\u00e1d\u00e1n\u00ed dv\u00ed\u0159ek nav\u00edc zvy\u0161uje kontrolu u\u017eivatele, co\u017e m\u016f\u017ee b\u00fdt v\u00fdhodn\u00e9 zejm\u00e9na p\u0159i zpracov\u00e1n\u00ed nestejnorod\u00fdch nebo nepravideln\u00fdch materi\u00e1l\u016f, jako jsou textiln\u00ed od\u0159ezky nebo zma\u010dkan\u00e1 lepenka. Obsluha m\u016f\u017ee bedliv\u011b sledovat komoru, spr\u00e1vn\u011b um\u00edstit materi\u00e1ly a zajistit maxim\u00e1ln\u00ed \u00fa\u010dinnost zat\u00ed\u017een\u00ed p\u0159ed lisov\u00e1n\u00edm.<\/p>\n<h3 data-start=\"2459\" data-end=\"2502\"><strong data-start=\"2463\" data-end=\"2502\">Ide\u00e1ln\u00ed pro \u0161irokou \u0161k\u00e1lu materi\u00e1l\u016f<\/strong><\/h3>\n<p data-start=\"2504\" data-end=\"2617\">Standardn\u00ed vertik\u00e1ln\u00ed hydraulick\u00fd lis je navr\u017een pro lisov\u00e1n\u00ed r\u016fzn\u00fdch materi\u00e1l\u016f. Je \u0161iroce pou\u017e\u00edv\u00e1n p\u0159i manipulaci:<\/p>\n<ul>\n<li data-start=\"2621\" data-end=\"2653\">Krabice z vlnit\u00e9 lepenky (OCC)<\/li>\n<li data-start=\"2656\" data-end=\"2691\">Kancel\u00e1\u0159sk\u00fd pap\u00edr a skartovan\u00e9 dokumenty<\/li>\n<li data-start=\"2694\" data-end=\"2742\">Plastov\u00e9 f\u00f3lie, smr\u0161\u0165ovac\u00ed f\u00f3lie a obalov\u00fd odpad<\/li>\n<li data-start=\"2745\" data-end=\"2779\">Textil, hadry a zbytky od\u011bv\u016f<\/li>\n<li data-start=\"2782\" data-end=\"2817\">Hlin\u00edkov\u00e9 plechovky a PET lahve (such\u00e9)<\/li>\n<li data-start=\"2820\" data-end=\"2843\">Obecn\u00fd such\u00fd pevn\u00fd odpad<\/li>\n<\/ul>\n<p data-start=\"2845\" data-end=\"3096\">D\u00edky t\u00e9to v\u0161estrannosti je stroj vynikaj\u00edc\u00edm univerz\u00e1ln\u00edm lisem pro firmy s r\u016fzn\u00fdmi toky odpadu. Podporuje tak\u00e9 t\u0159\u00edd\u011bn\u00ed materi\u00e1lu p\u0159\u00edmo u zdroje, \u010d\u00edm\u017e pom\u00e1h\u00e1 podnik\u016fm dodr\u017eovat m\u00edstn\u00ed recykla\u010dn\u00ed p\u0159edpisy a zlep\u0161uje efektivitu recyklace.<\/p>\n<h3 data-start=\"3103\" data-end=\"3141\"><strong data-start=\"3107\" data-end=\"3141\">N\u00e1kladov\u011b efektivn\u00ed sni\u017eov\u00e1n\u00ed mno\u017estv\u00ed odpadu<\/strong><\/h3>\n<p data-start=\"3143\" data-end=\"3278\">Vertik\u00e1ln\u00ed lis nab\u00edz\u00ed d\u00edky stla\u010den\u00ed velk\u00e9ho mno\u017estv\u00ed sypk\u00e9ho odpadu do men\u0161\u00edch a hust\u0161\u00edch bal\u00edk\u016f p\u0159\u00edm\u00e9 finan\u010dn\u00ed v\u00fdhody, v\u010detn\u011b:<\/p>\n<ul>\n<li data-start=\"3282\" data-end=\"3316\">Ni\u017e\u0161\u00ed \u010detnost svozu odpadu<\/li>\n<li data-start=\"3319\" data-end=\"3361\">Sn\u00ed\u017een\u00ed poplatk\u016f za p\u0159epravu a skl\u00e1dkov\u00e1n\u00ed<\/li>\n<li data-start=\"3364\" data-end=\"3396\">Minimalizovan\u00e9 po\u017eadavky na skladov\u00e1n\u00ed<\/li>\n<li data-start=\"3399\" data-end=\"3439\">Zv\u00fd\u0161en\u00e1 \u010distota a bezpe\u010dnost za\u0159\u00edzen\u00ed<\/li>\n<\/ul>\n<p data-start=\"3441\" data-end=\"3639\">Tyto \u00faspory se rychle s\u010d\u00edtaj\u00ed, zejm\u00e9na u podnik\u016f s opakovan\u00fdm odpadem z obal\u016f. Dob\u0159e zformovan\u00e9 bal\u00edky lze nav\u00edc prodat nebo odv\u00e9zt do recykla\u010dn\u00edch firem, \u010d\u00edm\u017e se odpad prom\u011bn\u00ed v potenci\u00e1ln\u00ed p\u0159\u00edjem.<\/p>\n<h3 data-start=\"3646\" data-end=\"3687\"><strong data-start=\"3650\" data-end=\"3687\">U\u017eivatelsky p\u0159\u00edv\u011btiv\u00e9 a nen\u00e1ro\u010dn\u00e9 na \u00fadr\u017ebu<\/strong><\/h3>\n<p data-start=\"3689\" data-end=\"4066\">Lis je navr\u017een s ohledem na jednoduchost, tak\u017ee jeho obsluha je snadn\u00e1 a vy\u017eaduje minim\u00e1ln\u00ed za\u0161kolen\u00ed. Z\u00e1kladn\u00ed funkce jsou intuitivn\u00ed, co\u017e umo\u017e\u0148uje rychl\u00e9 za\u0161kolen\u00ed a konzistentn\u00ed provoz i v prost\u0159ed\u00ed s vysokou fluktuac\u00ed. Ru\u010dn\u011b ovl\u00e1dan\u00fd mechanismus dve\u0159\u00ed tak\u00e9 p\u0159isp\u00edv\u00e1 k men\u0161\u00edmu po\u010dtu poruch a ni\u017e\u0161\u00ed pot\u0159eb\u011b \u00fadr\u017eby v pr\u016fb\u011bhu \u010dasu, co\u017e sni\u017euje prostoje a n\u00e1klady na servis.<\/p>\n<p data-start=\"4068\" data-end=\"4099\">Mezi hlavn\u00ed v\u00fdhody pro u\u017eivatele pat\u0159\u00ed:<\/p>\n<ul>\n<li data-start=\"4103\" data-end=\"4141\">Snadno pochopiteln\u00e9 ovl\u00e1dac\u00ed rozhran\u00ed<\/li>\n<li data-start=\"4144\" data-end=\"4180\">Ru\u010dn\u00ed pod\u00e1vac\u00ed syst\u00e9m ve v\u00fd\u0161ce pasu<\/li>\n<li data-start=\"4183\" data-end=\"4224\">Jednoduch\u00fd proces odeb\u00edr\u00e1n\u00ed a v\u00e1z\u00e1n\u00ed bal\u00edk\u016f<\/li>\n<li data-start=\"4227\" data-end=\"4270\">Odoln\u00e9 komponenty navr\u017een\u00e9 pro dlouhou \u017eivotnost<\/li>\n<\/ul>\n<p data-start=\"4272\" data-end=\"4391\">D\u00edky t\u011bmto vlastnostem je vhodn\u00fd zejm\u00e9na pro mal\u00e9 podniky nebo provozy bez specializovan\u00fdch pracovn\u00edk\u016f pro nakl\u00e1d\u00e1n\u00ed s odpady.<\/p>\n<h3 data-start=\"5077\" data-end=\"5124\"><strong data-start=\"5081\" data-end=\"5124\">Aplikace nap\u0159\u00ed\u010d r\u016fzn\u00fdmi odv\u011btv\u00edmi<\/strong><\/h3>\n<p data-start=\"5126\" data-end=\"5260\">D\u00edky sv\u00e9 flexibilit\u011b, spolehlivosti a cenov\u00e9 dostupnosti je tento lis vhodn\u00fd pro \u0161irokou \u0161k\u00e1lu pr\u016fmyslov\u00fdch odv\u011btv\u00ed, v\u010detn\u011b:<\/p>\n<ul>\n<li data-start=\"5264\" data-end=\"5361\"><strong data-start=\"5264\" data-end=\"5291\">Maloobchod a supermarkety<\/strong> - Pro ka\u017edodenn\u00ed obalov\u00fd odpad, jako jsou kartonov\u00e9 krabice a smr\u0161\u0165ovac\u00ed f\u00f3lie.<\/li>\n<li data-start=\"5364\" data-end=\"5447\"><strong data-start=\"5364\" data-end=\"5393\">Skladov\u00e1n\u00ed a logistika<\/strong> - Pro plastov\u00e9 f\u00f3lie, pap\u00edr a vy\u0159azen\u00e9 obaly<\/li>\n<li data-start=\"5450\" data-end=\"5528\"><strong data-start=\"5450\" data-end=\"5483\">Od\u011bvn\u00ed a textiln\u00ed tov\u00e1rny<\/strong> - Na zbytky l\u00e1tek a vadn\u00e9 od\u011bvy<\/li>\n<li data-start=\"5531\" data-end=\"5601\"><strong data-start=\"5531\" data-end=\"5560\">Prodejny potravin a n\u00e1poj\u016f<\/strong> - Pro such\u00e9 obalov\u00e9 materi\u00e1ly a plechovky<\/li>\n<li data-start=\"5604\" data-end=\"5704\"><strong data-start=\"5604\" data-end=\"5626\">Odv\u011btv\u00ed pohostinstv\u00ed<\/strong> - Hotely a letoviska, kter\u00e9 nakl\u00e1daj\u00ed s velk\u00fdm mno\u017estv\u00edm obalov\u00e9ho odpadu souvisej\u00edc\u00edho s hosty.<\/li>\n<li data-start=\"5707\" data-end=\"5781\"><strong data-start=\"5707\" data-end=\"5729\">Komer\u010dn\u00ed kancel\u00e1\u0159e<\/strong> - Pro pap\u00edrov\u00fd odpad a intern\u00ed recykla\u010dn\u00ed programy<\/li>\n<\/ul>\n<p data-start=\"5783\" data-end=\"5907\">Konstrukce ru\u010dn\u00edch dve\u0159\u00ed umo\u017e\u0148uje snadnou integraci do st\u00e1vaj\u00edc\u00edch pracovn\u00edch postup\u016f bez nutnosti slo\u017eit\u00fdch upgrad\u016f nebo automatizace.<\/p>\n<h3 data-start=\"5914\" data-end=\"5963\"><strong data-start=\"5918\" data-end=\"5963\">Chytr\u00e1 investice do udr\u017eiteln\u00e9ho r\u016fstu<\/strong><\/h3>\n<p data-start=\"5965\" data-end=\"6307\">Vertik\u00e1ln\u00ed hydraulick\u00fd lis Standard (ru\u010dn\u00ed otev\u00edr\u00e1n\u00ed dve\u0159\u00ed) je v\u00edce ne\u017e jen stroj - je to strategick\u00e1 investice do efektivity, \u010distoty a udr\u017eitelnosti. S rostouc\u00edmi n\u00e1klady na likvidaci odpadu a zvy\u0161uj\u00edc\u00ed se popt\u00e1vkou spot\u0159ebitel\u016f po ekologicky ohledupln\u00e9m provozu mus\u00ed podniky zav\u00e1d\u011bt strategie sni\u017eov\u00e1n\u00ed mno\u017estv\u00ed odpadu, kter\u00e9 p\u0159in\u00e1\u0161ej\u00ed skute\u010dnou hodnotu.<\/p>\n<p data-start=\"6309\" data-end=\"6576\">P\u0159esn\u011b to nab\u00edz\u00ed tento lis: spolehliv\u00fd v\u00fdkon, minim\u00e1ln\u00ed \u00fadr\u017ebu, jednoduchou obsluhu a okam\u017eitou \u00fasporu n\u00e1klad\u016f. A\u0165 u\u017e s organizac\u00ed odpadu teprve za\u010d\u00edn\u00e1te, nebo chcete p\u0159ej\u00edt z likvidace voln\u011b lo\u017een\u00fdch odpadk\u016f, tento lis p\u0159edstavuje chytr\u00e9 a roz\u0161i\u0159iteln\u00e9 \u0159e\u0161en\u00ed.<\/p>\n<h3 data-start=\"6583\" data-end=\"6601\"><strong data-start=\"6587\" data-end=\"6601\">Z\u00e1v\u011br<\/strong><\/h3>\n<p data-start=\"6603\" data-end=\"7007\">Pokud va\u0161e firma produkuje recyklovateln\u00fd odpad a hled\u00e1te cenov\u011b dostupn\u00fd, efektivn\u00ed a ekologick\u00fd zp\u016fsob, jak s n\u00edm nakl\u00e1dat, je vertik\u00e1ln\u00ed hydraulick\u00fd lis Standard s ru\u010dn\u00edm otev\u00edr\u00e1n\u00edm dve\u0159\u00ed ide\u00e1ln\u00ed volbou. Tento lis je navr\u017een tak, aby vyv\u00e1\u017eil jednoduchost a funk\u010dnost, a je tak ide\u00e1ln\u00edm spole\u010dn\u00edkem pro ka\u017edou spole\u010dnost, kter\u00e1 usiluje o zefektivn\u011bn\u00ed provozu, sn\u00ed\u017een\u00ed n\u00e1klad\u016f a podporu ekologi\u010dt\u011bj\u0161\u00ed budoucnosti.<\/p>","protected":false},"excerpt":{"rendered":"<p data-start=\"480\" data-end=\"1132\">Standardn\u00ed vertik\u00e1ln\u00ed hydraulick\u00fd lis s ru\u010dn\u00edm otev\u00edr\u00e1n\u00edm dve\u0159\u00ed je spolehliv\u00fdm \u0159e\u0161en\u00edm pro lisov\u00e1n\u00ed lepenky, plast\u016f, textilu a dal\u0161\u00edch recyklovateln\u00fdch materi\u00e1l\u016f. Tento lis je navr\u017een pro snadn\u00e9 pou\u017eit\u00ed a nen\u00e1ro\u010dnou \u00fadr\u017ebu a je vybaven ru\u010dn\u011b ovl\u00e1dan\u00fdmi p\u0159edn\u00edmi dve\u0159mi pro bezpe\u010dn\u00e9 nakl\u00e1d\u00e1n\u00ed a vykl\u00e1d\u00e1n\u00ed. Jeho vertik\u00e1ln\u00ed konstrukce \u0161et\u0159\u00ed m\u00edsto, tak\u017ee je ide\u00e1ln\u00ed pro maloobchody, sklady, tov\u00e1rny a recykla\u010dn\u00ed centra. D\u00edky siln\u00e9mu hydraulick\u00e9mu tlaku \u00fa\u010dinn\u011b sni\u017euje objem odpadu a podporuje udr\u017eiteln\u00fd provoz. Je n\u00e1kladov\u011b efektivn\u00ed a u\u017eivatelsky p\u0159\u00edv\u011btiv\u00fd a je ide\u00e1ln\u00ed pro podniky, kter\u00e9 cht\u011bj\u00ed odpov\u011bdn\u011bji nakl\u00e1dat s odpadem a zlep\u0161it \u010distotu na pracovi\u0161ti.<\/p>","protected":false},"featured_media":1948,"template":"","meta":{"site-sidebar-layout":"default","site-content-layout":"","ast-site-content-layout":"default","site-content-style":"default","site-sidebar-style":"default","ast-global-header-display":"","ast-banner-title-visibility":"","ast-main-header-display":"","ast-hfb-above-header-display":"","ast-hfb-below-header-display":"","ast-hfb-mobile-header-display":"","site-post-title":"","ast-breadcrumbs-content":"","ast-featured-img":"","footer-sml-layout":"","ast-disable-related-posts":"","theme-transparent-header-meta":"default","adv-header-id-meta":"","stick-header-meta":"","header-above-stick-meta":"","header-main-stick-meta":"","header-below-stick-meta":"","astra-migrate-meta-layouts":"set","ast-page-background-enabled":"default","ast-page-background-meta":{"desktop":{"background-color":"var(--ast-global-color-5)","background-image":"","background-repeat":"repeat","background-position":"center center","background-size":"auto","background-attachment":"scroll","background-type":"","background-media":"","overlay-type":"","overlay-color":"","overlay-opacity":"","overlay-gradient":""},"tablet":{"background-color":"","background-image":"","background-repeat":"repeat","background-position":"center center","background-size":"auto","background-attachment":"scroll","background-type":"","background-media":"","overlay-type":"","overlay-color":"","overlay-opacity":"","overlay-gradient":""},"mobile":{"background-color":"","background-image":"","background-repeat":"repeat","background-position":"center center","background-size":"auto","background-attachment":"scroll","background-type":"","background-media":"","overlay-type":"","overlay-color":"","overlay-opacity":"","overlay-gradient":""}},"ast-content-background-meta":{"desktop":{"background-color":"var(--ast-global-color-4)","background-image":"","background-repeat":"repeat","background-position":"center center","background-size":"auto","background-attachment":"scroll","background-type":"","background-media":"","overlay-type":"","overlay-color":"","overlay-opacity":"","overlay-gradient":""},"tablet":{"background-color":"var(--ast-global-color-4)","background-image":"","background-repeat":"repeat","background-position":"center center","background-size":"auto","background-attachment":"scroll","background-type":"","background-media":"","overlay-type":"","overlay-color":"","overlay-opacity":"","overlay-gradient":""},"mobile":{"background-color":"var(--ast-global-color-4)","background-image":"","background-repeat":"repeat","background-position":"center center","background-size":"auto","background-attachment":"scroll","background-type":"","background-media":"","overlay-type":"","overlay-color":"","overlay-opacity":"","overlay-gradient":""}}},"product_brand":[],"product_cat":[21,152],"product_tag":[],"class_list":{"0":"post-1992","1":"product","2":"type-product","3":"status-publish","4":"has-post-thumbnail","6":"product_cat-baling-machine","7":"product_cat-vertical-baler","8":"desktop-align-left","9":"tablet-align-left","10":"mobile-align-left","12":"first","13":"instock","14":"shipping-taxable","15":"product-type-simple"},"_links":{"self":[{"href":"https:\/\/www.gigapa.com\/cs\/wp-json\/wp\/v2\/product\/1992","targetHints":{"allow":["GET"]}}],"collection":[{"href":"https:\/\/www.gigapa.com\/cs\/wp-json\/wp\/v2\/product"}],"about":[{"href":"https:\/\/www.gigapa.com\/cs\/wp-json\/wp\/v2\/types\/product"}],"version-history":[{"count":2,"href":"https:\/\/www.gigapa.com\/cs\/wp-json\/wp\/v2\/product\/1992\/revisions"}],"predecessor-version":[{"id":2138,"href":"https:\/\/www.gigapa.com\/cs\/wp-json\/wp\/v2\/product\/1992\/revisions\/2138"}],"wp:featuredmedia":[{"embeddable":true,"href":"https:\/\/www.gigapa.com\/cs\/wp-json\/wp\/v2\/media\/1948"}],"wp:attachment":[{"href":"https:\/\/www.gigapa.com\/cs\/wp-json\/wp\/v2\/media?parent=1992"}],"wp:term":[{"taxonomy":"product_brand","embeddable":true,"href":"https:\/\/www.gigapa.com\/cs\/wp-json\/wp\/v2\/product_brand?post=1992"},{"taxonomy":"product_cat","embeddable":true,"href":"https:\/\/www.gigapa.com\/cs\/wp-json\/wp\/v2\/product_cat?post=1992"},{"taxonomy":"product_tag","embeddable":true,"href":"https:\/\/www.gigapa.com\/cs\/wp-json\/wp\/v2\/product_tag?post=1992"}],"curies":[{"name":"wp","href":"https:\/\/api.w.org\/{rel}","templated":true}]}}