{"id":1994,"date":"2025-06-18T09:49:58","date_gmt":"2025-06-18T01:49:58","guid":{"rendered":"https:\/\/www.gigapa.com\/?post_type=product&#038;p=1994"},"modified":"2025-10-13T09:15:52","modified_gmt":"2025-10-13T01:15:52","slug":"vertical-solid-waste-baler","status":"publish","type":"product","link":"https:\/\/www.gigapa.com\/cs\/produkt\/vertical-solid-waste-baler\/","title":{"rendered":"Vertik\u00e1ln\u00ed lis na tuh\u00fd odpad"},"content":{"rendered":"<h3 data-start=\"215\" data-end=\"239\" data-immersive-translate-walked=\"d031e606-b67d-4f5f-96db-1fa1e624d354\"><strong data-start=\"215\" data-end=\"239\" data-immersive-translate-walked=\"d031e606-b67d-4f5f-96db-1fa1e624d354\" data-immersive-translate-paragraph=\"1\">Popis produktu: Vhodn\u00fd k pou\u017eit\u00ed v dom\u00e1cnosti:<\/strong><\/h3>\n<p data-start=\"241\" data-end=\"678\" data-immersive-translate-walked=\"d031e606-b67d-4f5f-96db-1fa1e624d354\" data-immersive-translate-paragraph=\"1\">Vertik\u00e1ln\u00ed lis na tuh\u00fd odpad je nezbytn\u00fdm vybaven\u00edm pro podniky a za\u0159\u00edzen\u00ed, kter\u00e9 produkuj\u00ed velk\u00e9 mno\u017estv\u00ed tuh\u00e9ho odpadu a recyklovateln\u00fdch materi\u00e1l\u016f. Tento vertik\u00e1ln\u00ed lis je navr\u017een tak, aby poskytoval spolehliv\u00e9 a prostorov\u011b \u00fasporn\u00e9 \u0159e\u0161en\u00ed pro lisov\u00e1n\u00ed materi\u00e1l\u016f, jako je lepenka, pap\u00edr, plastov\u00e9 f\u00f3lie, textil a obecn\u00fd tuh\u00fd odpad, a pom\u00e1h\u00e1 sni\u017eovat n\u00e1klady na likvidaci, zlep\u0161ovat \u010distotu na pracovi\u0161ti a podporovat c\u00edle udr\u017eitelnosti.<\/p>\n<p data-start=\"680\" data-end=\"1036\" data-immersive-translate-walked=\"d031e606-b67d-4f5f-96db-1fa1e624d354\" data-immersive-translate-paragraph=\"1\">V dob\u011b, kdy jsou odpov\u011bdnost k \u017eivotn\u00edmu prost\u0159ed\u00ed a efektivita provozu nejvy\u0161\u0161\u00edmi prioritami, je efektivn\u00ed nakl\u00e1d\u00e1n\u00ed s odpady d\u016fle\u017eit\u011bj\u0161\u00ed ne\u017e kdykoli p\u0159edt\u00edm. Vertik\u00e1ln\u00ed lis na tuh\u00fd odpad nab\u00edz\u00ed jednoduch\u00e9 a p\u0159itom v\u00fdkonn\u00e9 \u0159e\u0161en\u00ed t\u011bchto pot\u0159eb, kter\u00e9 organizac\u00edm umo\u017e\u0148uje zefektivnit nakl\u00e1d\u00e1n\u00ed s odpadem, zv\u00fd\u0161it m\u00edru recyklace a dodr\u017eovat p\u0159edpisy.<\/p>\n<h3 data-start=\"1038\" data-end=\"1070\" data-immersive-translate-walked=\"d031e606-b67d-4f5f-96db-1fa1e624d354\"><strong data-start=\"1038\" data-end=\"1070\" data-immersive-translate-walked=\"d031e606-b67d-4f5f-96db-1fa1e624d354\" data-immersive-translate-paragraph=\"1\">Kl\u00ed\u010dov\u00e9 vlastnosti a v\u00fdhody:<\/strong><\/h3>\n<p data-start=\"1077\" data-end=\"1505\" data-immersive-translate-walked=\"d031e606-b67d-4f5f-96db-1fa1e624d354\" data-immersive-translate-paragraph=\"1\"><strong data-start=\"1077\" data-end=\"1115\" data-immersive-translate-walked=\"d031e606-b67d-4f5f-96db-1fa1e624d354\" data-immersive-translate-paragraph=\"1\">1. Prostorov\u011b \u00fasporn\u00fd vertik\u00e1ln\u00ed design<\/strong><br data-start=\"1115\" data-end=\"1118\" data-immersive-translate-walked=\"d031e606-b67d-4f5f-96db-1fa1e624d354\" \/>Jednou z nejv\u00fdznamn\u011bj\u0161\u00edch v\u00fdhod tohoto lisu je jeho vertik\u00e1ln\u00ed konstrukce, kter\u00e1 v\u00fdrazn\u011b sni\u017euje plochu pot\u0159ebnou pro instalaci a provoz. Je ide\u00e1ln\u00ed pro provozy s omezen\u00fdmi pracovn\u00edmi plochami - jako jsou sklady, maloobchody, distribu\u010dn\u00ed centra a hotely - lze jej um\u00edstit ke st\u011bn\u011b nebo do rohu, \u010d\u00edm\u017e se maximalizuje vyu\u017eiteln\u00fd prostor a z\u00e1rove\u0148 se zpracov\u00e1v\u00e1 velk\u00e9 mno\u017estv\u00ed odpadu.<\/p>\n<p data-start=\"1512\" data-end=\"1644\" data-immersive-translate-walked=\"d031e606-b67d-4f5f-96db-1fa1e624d354\" data-immersive-translate-paragraph=\"1\"><strong data-start=\"1512\" data-end=\"1556\" data-immersive-translate-walked=\"d031e606-b67d-4f5f-96db-1fa1e624d354\" data-immersive-translate-paragraph=\"1\">2. V\u0161estrann\u00e9 mo\u017enosti manipulace s odpady<\/strong><br data-start=\"1556\" data-end=\"1559\" data-immersive-translate-walked=\"d031e606-b67d-4f5f-96db-1fa1e624d354\" \/>Tento lis je navr\u017een pro zpracov\u00e1n\u00ed \u0161irok\u00e9 \u0161k\u00e1ly pevn\u00fdch odpad\u016f, v\u010detn\u011b:<\/p>\n<ul>\n<li data-start=\"1648\" data-end=\"1670\" data-immersive-translate-walked=\"d031e606-b67d-4f5f-96db-1fa1e624d354\" data-immersive-translate-paragraph=\"1\">Vlnit\u00e1 lepenka<\/li>\n<li data-start=\"1673\" data-end=\"1710\" data-immersive-translate-walked=\"d031e606-b67d-4f5f-96db-1fa1e624d354\" data-immersive-translate-paragraph=\"1\">Kancel\u00e1\u0159sk\u00fd pap\u00edr a skartovan\u00e9 dokumenty<\/li>\n<li data-start=\"1713\" data-end=\"1751\" data-immersive-translate-walked=\"d031e606-b67d-4f5f-96db-1fa1e624d354\" data-immersive-translate-paragraph=\"1\">Plastov\u00e9 f\u00f3lie, stretch f\u00f3lie a s\u00e1\u010dky<\/li>\n<li data-start=\"1754\" data-end=\"1780\" data-immersive-translate-walked=\"d031e606-b67d-4f5f-96db-1fa1e624d354\" data-immersive-translate-paragraph=\"1\">M\u011bkk\u00e9 obalov\u00e9 materi\u00e1ly<\/li>\n<li data-start=\"1783\" data-end=\"1816\" data-immersive-translate-walked=\"d031e606-b67d-4f5f-96db-1fa1e624d354\" data-immersive-translate-paragraph=\"1\">Textiln\u00ed zbytky a textiln\u00ed odpad<\/li>\n<li data-start=\"1819\" data-end=\"1870\" data-immersive-translate-walked=\"d031e606-b67d-4f5f-96db-1fa1e624d354\" data-immersive-translate-paragraph=\"1\">Hlin\u00edkov\u00e9 plechovky a PET lahve (nepln\u011bn\u00e9 tekutinou)<\/li>\n<li data-start=\"1873\" data-end=\"1898\" data-immersive-translate-walked=\"d031e606-b67d-4f5f-96db-1fa1e624d354\" data-immersive-translate-paragraph=\"1\">Obecn\u00fd such\u00fd pevn\u00fd odpad<\/li>\n<\/ul>\n<p data-start=\"1900\" data-end=\"2050\" data-immersive-translate-walked=\"d031e606-b67d-4f5f-96db-1fa1e624d354\" data-immersive-translate-paragraph=\"1\">Jeho schopnost nakl\u00e1dat s r\u016fzn\u00fdmi materi\u00e1ly z n\u011bj \u010din\u00ed univerz\u00e1ln\u00ed \u0159e\u0161en\u00ed pro podniky, kter\u00e9 cht\u011bj\u00ed centralizovat a zjednodu\u0161it proces nakl\u00e1d\u00e1n\u00ed s odpady.<\/p>\n<p data-start=\"2057\" data-end=\"2281\" data-immersive-translate-walked=\"d031e606-b67d-4f5f-96db-1fa1e624d354\" data-immersive-translate-paragraph=\"1\"><strong data-start=\"2057\" data-end=\"2105\" data-immersive-translate-walked=\"d031e606-b67d-4f5f-96db-1fa1e624d354\" data-immersive-translate-paragraph=\"1\">3. Sn\u00ed\u017een\u00ed n\u00e1klad\u016f d\u00edky kompresi objemu<\/strong><br data-start=\"2105\" data-end=\"2108\" data-immersive-translate-walked=\"d031e606-b67d-4f5f-96db-1fa1e624d354\" \/>Jednou z nejv\u011bt\u0161\u00edch v\u00fdhod vertik\u00e1ln\u00edho lisu je v\u00fdrazn\u00e9 sn\u00ed\u017een\u00ed objemu odpadu. Stla\u010den\u00edm materi\u00e1l\u016f do hust\u00fdch, snadno zvl\u00e1dnuteln\u00fdch bal\u00edk\u016f mohou podniky:<\/p>\n<ul>\n<li data-start=\"2285\" data-end=\"2338\" data-immersive-translate-walked=\"d031e606-b67d-4f5f-96db-1fa1e624d354\" data-immersive-translate-paragraph=\"1\">Minimalizovat \u010detnost a n\u00e1klady na sb\u011br odpadu.<\/li>\n<li data-start=\"2341\" data-end=\"2395\" data-immersive-translate-walked=\"d031e606-b67d-4f5f-96db-1fa1e624d354\" data-immersive-translate-paragraph=\"1\">Sn\u00ed\u017een\u00ed n\u00e1klad\u016f na p\u0159epravu recyklovateln\u00fdch materi\u00e1l\u016f<\/li>\n<li data-start=\"2398\" data-end=\"2453\" data-immersive-translate-walked=\"d031e606-b67d-4f5f-96db-1fa1e624d354\" data-immersive-translate-paragraph=\"1\">Eliminovat pot\u0159ebu objemn\u00fdch kontejner\u016f na odpad<\/li>\n<li data-start=\"2456\" data-end=\"2505\" data-immersive-translate-walked=\"d031e606-b67d-4f5f-96db-1fa1e624d354\" data-immersive-translate-paragraph=\"1\">Zlep\u0161en\u00ed efektivity skladov\u00e1n\u00ed a \u010distoty na staveni\u0161ti<\/li>\n<\/ul>\n<p data-start=\"2507\" data-end=\"2584\" data-immersive-translate-walked=\"d031e606-b67d-4f5f-96db-1fa1e624d354\" data-immersive-translate-paragraph=\"1\">To p\u0159\u00edmo vede k m\u011b\u0159iteln\u00fdm \u00faspor\u00e1m n\u00e1klad\u016f a zlep\u0161en\u00ed provozn\u00edch tok\u016f.<\/p>\n<p data-start=\"2591\" data-end=\"3109\" data-immersive-translate-walked=\"d031e606-b67d-4f5f-96db-1fa1e624d354\" data-immersive-translate-paragraph=\"1\"><strong data-start=\"2591\" data-end=\"2653\" data-immersive-translate-walked=\"d031e606-b67d-4f5f-96db-1fa1e624d354\" data-immersive-translate-paragraph=\"1\">4. Podporuje \u00fasil\u00ed o dodr\u017eov\u00e1n\u00ed p\u0159edpis\u016f v oblasti \u017eivotn\u00edho prost\u0159ed\u00ed a recyklace<\/strong><br data-start=\"2653\" data-end=\"2656\" data-immersive-translate-walked=\"d031e606-b67d-4f5f-96db-1fa1e624d354\" \/>Vl\u00e1dy a agentury pro \u017eivotn\u00ed prost\u0159ed\u00ed po cel\u00e9m sv\u011bt\u011b zp\u0159\u00eds\u0148uj\u00ed p\u0159edpisy t\u00fdkaj\u00edc\u00ed se likvidace a recyklace odpad\u016f. Vertik\u00e1ln\u00ed lis na tuh\u00fd odpad pom\u00e1h\u00e1 podnik\u016fm dodr\u017eovat tyto p\u0159edpisy t\u00edm, \u017ee usnad\u0148uje t\u0159\u00edd\u011bn\u00ed odpadu a p\u0159ipravuje recyklovateln\u00e9 materi\u00e1ly k efektivn\u00edmu n\u00e1sledn\u00e9mu zpracov\u00e1n\u00ed. Mnoh\u00e1 recykla\u010dn\u00ed centra nab\u00edzej\u00ed slevy za dob\u0159e slisovan\u00e9 materi\u00e1ly, co\u017e firm\u00e1m poskytuje dal\u0161\u00ed zdroj p\u0159\u00edjm\u016f a sni\u017euje dopad na \u017eivotn\u00ed prost\u0159ed\u00ed.<\/p>\n<p data-start=\"3116\" data-end=\"3612\" data-immersive-translate-walked=\"d031e606-b67d-4f5f-96db-1fa1e624d354\" data-immersive-translate-paragraph=\"1\"><strong data-start=\"3116\" data-end=\"3153\" data-immersive-translate-walked=\"d031e606-b67d-4f5f-96db-1fa1e624d354\" data-immersive-translate-paragraph=\"1\">5. U\u017eivatelsky p\u0159\u00edv\u011btiv\u00e9 a \u0161et\u0159\u00edc\u00ed pr\u00e1ci<\/strong><br data-start=\"3153\" data-end=\"3156\" data-immersive-translate-walked=\"d031e606-b67d-4f5f-96db-1fa1e624d354\" \/>Lis je vybaven jednoduch\u00fdm \u0159\u00eddic\u00edm syst\u00e9mem a bezpe\u010dnou, snadno pou\u017eitelnou obsluhou. D\u00edky vertik\u00e1ln\u00ed nakl\u00e1dac\u00ed komo\u0159e m\u016f\u017ee obsluha ru\u010dn\u011b nakl\u00e1dat materi\u00e1l v \u00farovni pasu bez nadm\u011brn\u00e9ho oh\u00fdb\u00e1n\u00ed nebo zved\u00e1n\u00ed. Automatick\u00e9 vysouv\u00e1n\u00ed bal\u00edk\u016f zjednodu\u0161uje proces jejich odeb\u00edr\u00e1n\u00ed, sni\u017euje pot\u0159ebu ru\u010dn\u00edho z\u00e1sahu a sni\u017euje riziko zran\u011bn\u00ed na pracovi\u0161ti. Po kr\u00e1tk\u00e9m za\u0161kolen\u00ed jej mohou bezpe\u010dn\u011b a efektivn\u011b obsluhovat i pracovn\u00edci s minim\u00e1ln\u00edmi technick\u00fdmi zku\u0161enostmi.<\/p>\n<p data-start=\"3619\" data-end=\"3772\" data-immersive-translate-walked=\"d031e606-b67d-4f5f-96db-1fa1e624d354\" data-immersive-translate-paragraph=\"1\"><strong data-start=\"3619\" data-end=\"3672\" data-immersive-translate-walked=\"d031e606-b67d-4f5f-96db-1fa1e624d354\" data-immersive-translate-paragraph=\"1\">6. Ide\u00e1ln\u00ed pro \u0159adu pr\u016fmyslov\u00fdch odv\u011btv\u00ed a za\u0159\u00edzen\u00ed<\/strong><br data-start=\"3672\" data-end=\"3675\" data-immersive-translate-walked=\"d031e606-b67d-4f5f-96db-1fa1e624d354\" \/>Vertik\u00e1ln\u00ed lis na tuh\u00fd odpad je vysoce p\u0159izp\u016fsobiv\u00fd a slou\u017e\u00ed v \u0161irok\u00e9 \u0161k\u00e1le odv\u011btv\u00ed, v\u010detn\u011b:<\/p>\n<ul>\n<li data-start=\"3776\" data-end=\"3842\" data-immersive-translate-walked=\"d031e606-b67d-4f5f-96db-1fa1e624d354\" data-immersive-translate-paragraph=\"1\"><strong data-start=\"3776\" data-end=\"3803\" data-immersive-translate-walked=\"d031e606-b67d-4f5f-96db-1fa1e624d354\">Maloobchod a supermarkety<\/strong>: Kartonov\u00e9 obaly a smr\u0161\u0165ovac\u00ed f\u00f3lie<\/li>\n<li data-start=\"3845\" data-end=\"3932\" data-immersive-translate-walked=\"d031e606-b67d-4f5f-96db-1fa1e624d354\" data-immersive-translate-paragraph=\"1\"><strong data-start=\"3845\" data-end=\"3874\" data-immersive-translate-walked=\"d031e606-b67d-4f5f-96db-1fa1e624d354\">Logistika a skladov\u00e1n\u00ed<\/strong>: Paletov\u00e9 obaly, krabice z vlnit\u00e9 lepenky a vy\u0159azen\u00e9 obaly.<\/li>\n<li data-start=\"3935\" data-end=\"4007\" data-immersive-translate-walked=\"d031e606-b67d-4f5f-96db-1fa1e624d354\" data-immersive-translate-paragraph=\"1\"><strong data-start=\"3935\" data-end=\"3968\" data-immersive-translate-walked=\"d031e606-b67d-4f5f-96db-1fa1e624d354\">Textiln\u00ed a od\u011bvn\u00ed tov\u00e1rny<\/strong>: Od\u0159ezky l\u00e1tek a v\u00fdrobn\u00ed odpad<\/li>\n<li data-start=\"4010\" data-end=\"4084\" data-immersive-translate-walked=\"d031e606-b67d-4f5f-96db-1fa1e624d354\" data-immersive-translate-paragraph=\"1\"><strong data-start=\"4010\" data-end=\"4042\" data-immersive-translate-walked=\"d031e606-b67d-4f5f-96db-1fa1e624d354\">Stravovac\u00ed za\u0159\u00edzen\u00ed<\/strong>: Such\u00fd odpad z obal\u016f, lahv\u00ed a plechovek<\/li>\n<li data-start=\"4087\" data-end=\"4164\" data-immersive-translate-walked=\"d031e606-b67d-4f5f-96db-1fa1e624d354\" data-immersive-translate-paragraph=\"1\"><strong data-start=\"4087\" data-end=\"4109\" data-immersive-translate-walked=\"d031e606-b67d-4f5f-96db-1fa1e624d354\">Komer\u010dn\u00ed kancel\u00e1\u0159e<\/strong>: Pap\u00edrov\u00fd odpad, skartace spis\u016f a likvidace dokument\u016f<\/li>\n<li data-start=\"4167\" data-end=\"4256\" data-immersive-translate-walked=\"d031e606-b67d-4f5f-96db-1fa1e624d354\" data-immersive-translate-paragraph=\"1\"><strong data-start=\"4167\" data-end=\"4189\" data-immersive-translate-walked=\"d031e606-b67d-4f5f-96db-1fa1e624d354\">Odv\u011btv\u00ed pohostinstv\u00ed<\/strong>: Hotely, letoviska a restaurace nakl\u00e1daj\u00edc\u00ed s ka\u017edodenn\u00edm odpadem z obal\u016f<\/li>\n<\/ul>\n<p data-start=\"4258\" data-end=\"4366\" data-immersive-translate-walked=\"d031e606-b67d-4f5f-96db-1fa1e624d354\" data-immersive-translate-paragraph=\"1\">D\u00edky sv\u00e9 v\u0161estrannosti je cenn\u00fdm p\u0159\u00ednosem pro mal\u00e9 podniky i velk\u00e9 pr\u016fmyslov\u00e9 provozy.<\/p>\n<p data-start=\"4373\" data-end=\"4768\" data-immersive-translate-walked=\"d031e606-b67d-4f5f-96db-1fa1e624d354\" data-immersive-translate-paragraph=\"1\"><strong data-start=\"4373\" data-end=\"4426\" data-immersive-translate-walked=\"d031e606-b67d-4f5f-96db-1fa1e624d354\" data-immersive-translate-paragraph=\"1\">7. \u010cist\u00e9, uklizen\u00e9 a profesion\u00e1ln\u00ed pracovn\u00ed prost\u0159ed\u00ed<\/strong><br data-start=\"4426\" data-end=\"4429\" data-immersive-translate-walked=\"d031e606-b67d-4f5f-96db-1fa1e624d354\" \/>Voln\u011b lo\u017een\u00fd odpad zab\u00edr\u00e1 cenn\u00e9 m\u00edsto, znep\u0159ehled\u0148uje pracovn\u00ed prost\u0159ed\u00ed a p\u0159edstavuje po\u017e\u00e1rn\u00ed a bezpe\u010dnostn\u00ed riziko. Vertik\u00e1ln\u00ed lis p\u0159isp\u00edv\u00e1 slisov\u00e1n\u00edm odpadu do t\u011bsn\u00fdch bal\u00edk\u016f, kter\u00e9 lze stohovat na sebe, k \u010dist\u0161\u00edmu a p\u0159ehledn\u011bj\u0161\u00edmu provozu. To nejen zvy\u0161uje efektivitu pracovn\u00edk\u016f, ale tak\u00e9 zlep\u0161uje image spole\u010dnosti u klient\u016f a kontroln\u00edch inspektor\u016f.<\/p>\n<p data-start=\"4775\" data-end=\"5162\" data-immersive-translate-walked=\"d031e606-b67d-4f5f-96db-1fa1e624d354\" data-immersive-translate-paragraph=\"1\"><strong data-start=\"4775\" data-end=\"4817\" data-immersive-translate-walked=\"d031e606-b67d-4f5f-96db-1fa1e624d354\" data-immersive-translate-paragraph=\"1\">8. Udr\u017eitelnost a pov\u011bst zna\u010dky<\/strong><br data-start=\"4817\" data-end=\"4820\" data-immersive-translate-walked=\"d031e606-b67d-4f5f-96db-1fa1e624d354\" \/>Vzhledem k tomu, \u017ee st\u00e1le v\u00edce spot\u0159ebitel\u016f a obchodn\u00edch partner\u016f klade d\u016fraz na odpov\u011bdnost k \u017eivotn\u00edmu prost\u0159ed\u00ed, mohou viditeln\u00e9 a odpov\u011bdn\u00e9 postupy nakl\u00e1d\u00e1n\u00ed s odpady zlep\u0161it vn\u00edm\u00e1n\u00ed zna\u010dky a poskytnout va\u0161\u00ed firm\u011b konkuren\u010dn\u00ed v\u00fdhodu. Pou\u017eit\u00ed vertik\u00e1ln\u00edho lisu demonstruje proaktivn\u00ed p\u0159\u00edstup k udr\u017eitelnosti a va\u0161i spole\u010dnost prezentuje jako ekologicky uv\u011bdom\u011blou.<\/p>\n<p data-start=\"5169\" data-end=\"5578\" data-immersive-translate-walked=\"d031e606-b67d-4f5f-96db-1fa1e624d354\" data-immersive-translate-paragraph=\"1\"><strong data-start=\"5169\" data-end=\"5216\" data-immersive-translate-walked=\"d031e606-b67d-4f5f-96db-1fa1e624d354\" data-immersive-translate-paragraph=\"1\">9. Odoln\u00e1 konstrukce s n\u00edzk\u00fdmi n\u00e1roky na \u00fadr\u017ebu<\/strong><br data-start=\"5216\" data-end=\"5219\" data-immersive-translate-walked=\"d031e606-b67d-4f5f-96db-1fa1e624d354\" \/>Vertik\u00e1ln\u00ed lis na tuh\u00fd odpad je vyroben z vysoce kvalitn\u00edch komponent\u016f a robustn\u00edho ocelov\u00e9ho r\u00e1mu a je ur\u010den pro dlouhodob\u00e9 pou\u017e\u00edv\u00e1n\u00ed v n\u00e1ro\u010dn\u00fdch podm\u00ednk\u00e1ch. Vy\u017eaduje minim\u00e1ln\u00ed \u00fadr\u017ebu, co\u017e zkracuje prostoje a prodlu\u017euje provozn\u00ed \u017eivotnost. P\u0159i spr\u00e1vn\u00e9 p\u00e9\u010di poskytuje tento stroj st\u00e1l\u00fd v\u00fdkon po mnoho let a nab\u00edz\u00ed vynikaj\u00edc\u00ed n\u00e1vratnost investice.<\/p>\n<h3 data-start=\"5585\" data-end=\"5600\" data-immersive-translate-walked=\"d031e606-b67d-4f5f-96db-1fa1e624d354\"><strong data-start=\"5585\" data-end=\"5600\" data-immersive-translate-walked=\"d031e606-b67d-4f5f-96db-1fa1e624d354\" data-immersive-translate-paragraph=\"1\">Z\u00e1v\u011br:<\/strong><\/h3>\n<p data-start=\"5602\" data-end=\"5937\" data-immersive-translate-walked=\"d031e606-b67d-4f5f-96db-1fa1e624d354\" data-immersive-translate-paragraph=\"1\">Vertik\u00e1ln\u00ed lis na tuh\u00fd odpad je chytr\u00e9, prostorov\u011b \u00fasporn\u00e9 a n\u00e1kladov\u011b efektivn\u00ed \u0159e\u0161en\u00ed pro v\u0161echny podniky, kter\u00e9 cht\u011bj\u00ed zlep\u0161it svou strategii nakl\u00e1d\u00e1n\u00ed s odpady. Sn\u00ed\u017een\u00edm objemu odpadu, sn\u00ed\u017een\u00edm n\u00e1klad\u016f na jeho likvidaci a zlep\u0161en\u00edm recykla\u010dn\u00edch proces\u016f tento lis p\u0159\u00edmo p\u0159isp\u00edv\u00e1 k va\u0161im hospod\u00e1\u0159sk\u00fdm v\u00fdsledk\u016fm a z\u00e1rove\u0148 podporuje c\u00edle udr\u017eitelnosti.<\/p>\n<p data-start=\"5939\" data-end=\"6181\" data-immersive-translate-walked=\"d031e606-b67d-4f5f-96db-1fa1e624d354\" data-immersive-translate-paragraph=\"1\">A\u0165 u\u017e jste maloobchodn\u00ed prodejce zab\u00fdvaj\u00edc\u00ed se odpadem z obal\u016f, v\u00fdrobce nakl\u00e1daj\u00edc\u00ed se zbytky z v\u00fdroby, nebo komer\u010dn\u00ed podnik, kter\u00fd se sna\u017e\u00ed udr\u017eet sv\u016fj objekt \u010dist\u00fd a efektivn\u00ed, tento lis nab\u00edz\u00ed flexibilitu, bezpe\u010dnost a v\u00fdkon, kter\u00e9 pot\u0159ebujete.<\/p>\n<p data-start=\"6183\" data-end=\"6331\" data-immersive-translate-walked=\"d031e606-b67d-4f5f-96db-1fa1e624d354\" data-immersive-translate-paragraph=\"1\">Investujte do vertik\u00e1ln\u00edho lisu na tuh\u00fd odpad je\u0161t\u011b dnes a p\u0159em\u011b\u0148te sv\u016fj proces nakl\u00e1d\u00e1n\u00ed s odpadem na zefektivn\u011bn\u00fd a ekologick\u00fd provoz.<\/p>","protected":false},"excerpt":{"rendered":"<p>Vertik\u00e1ln\u00ed lis na tuh\u00fd odpad je kompaktn\u00ed a v\u00fdkonn\u00e9 \u0159e\u0161en\u00ed pro lisov\u00e1n\u00ed lepenky, plast\u016f, obal\u016f a dal\u0161\u00edho such\u00e9ho pevn\u00e9ho odpadu. Jeho vertik\u00e1ln\u00ed konstrukce \u0161et\u0159\u00ed podlahovou plochu a z\u00e1rove\u0148 zaji\u0161\u0165uje vysokou \u00fa\u010dinnost lisov\u00e1n\u00ed, tak\u017ee je ide\u00e1ln\u00ed pro maloobchod, skladov\u00e1n\u00ed, v\u00fdrobu a komer\u010dn\u00ed prost\u0159ed\u00ed. Tento lis pom\u00e1h\u00e1 sni\u017eovat objem odpadu, sni\u017eovat n\u00e1klady na jeho likvidaci a podporovat recykla\u010dn\u00ed iniciativy. Je u\u017eivatelsky p\u0159\u00edv\u011btiv\u00fd a nen\u00e1ro\u010dn\u00fd na \u00fadr\u017ebu, snadno se za\u010dlen\u00ed do st\u00e1vaj\u00edc\u00edch pracovn\u00edch postup\u016f a podporuje \u010dist\u00e9 a organizovan\u00e9 pracovn\u00ed prost\u0159ed\u00ed. Je vynikaj\u00edc\u00ed volbou pro podniky, kter\u00e9 usiluj\u00ed o udr\u017eiteln\u00e9 nakl\u00e1d\u00e1n\u00ed s odpadem, ani\u017e by to bylo na \u00fakor provozn\u00edho prostoru nebo rozpo\u010dtu.<\/p>","protected":false},"featured_media":1947,"template":"","meta":{"site-sidebar-layout":"default","site-content-layout":"","ast-site-content-layout":"default","site-content-style":"default","site-sidebar-style":"default","ast-global-header-display":"","ast-banner-title-visibility":"","ast-main-header-display":"","ast-hfb-above-header-display":"","ast-hfb-below-header-display":"","ast-hfb-mobile-header-display":"","site-post-title":"","ast-breadcrumbs-content":"","ast-featured-img":"","footer-sml-layout":"","ast-disable-related-posts":"","theme-transparent-header-meta":"default","adv-header-id-meta":"","stick-header-meta":"","header-above-stick-meta":"","header-main-stick-meta":"","header-below-stick-meta":"","astra-migrate-meta-layouts":"set","ast-page-background-enabled":"default","ast-page-background-meta":{"desktop":{"background-color":"var(--ast-global-color-5)","background-image":"","background-repeat":"repeat","background-position":"center center","background-size":"auto","background-attachment":"scroll","background-type":"","background-media":"","overlay-type":"","overlay-color":"","overlay-opacity":"","overlay-gradient":""},"tablet":{"background-color":"","background-image":"","background-repeat":"repeat","background-position":"center center","background-size":"auto","background-attachment":"scroll","background-type":"","background-media":"","overlay-type":"","overlay-color":"","overlay-opacity":"","overlay-gradient":""},"mobile":{"background-color":"","background-image":"","background-repeat":"repeat","background-position":"center center","background-size":"auto","background-attachment":"scroll","background-type":"","background-media":"","overlay-type":"","overlay-color":"","overlay-opacity":"","overlay-gradient":""}},"ast-content-background-meta":{"desktop":{"background-color":"var(--ast-global-color-4)","background-image":"","background-repeat":"repeat","background-position":"center center","background-size":"auto","background-attachment":"scroll","background-type":"","background-media":"","overlay-type":"","overlay-color":"","overlay-opacity":"","overlay-gradient":""},"tablet":{"background-color":"var(--ast-global-color-4)","background-image":"","background-repeat":"repeat","background-position":"center center","background-size":"auto","background-attachment":"scroll","background-type":"","background-media":"","overlay-type":"","overlay-color":"","overlay-opacity":"","overlay-gradient":""},"mobile":{"background-color":"var(--ast-global-color-4)","background-image":"","background-repeat":"repeat","background-position":"center center","background-size":"auto","background-attachment":"scroll","background-type":"","background-media":"","overlay-type":"","overlay-color":"","overlay-opacity":"","overlay-gradient":""}}},"product_brand":[],"product_cat":[21,152],"product_tag":[],"class_list":{"0":"post-1994","1":"product","2":"type-product","3":"status-publish","4":"has-post-thumbnail","6":"product_cat-baling-machine","7":"product_cat-vertical-baler","8":"desktop-align-left","9":"tablet-align-left","10":"mobile-align-left","12":"first","13":"instock","14":"shipping-taxable","15":"product-type-simple"},"_links":{"self":[{"href":"https:\/\/www.gigapa.com\/cs\/wp-json\/wp\/v2\/product\/1994","targetHints":{"allow":["GET"]}}],"collection":[{"href":"https:\/\/www.gigapa.com\/cs\/wp-json\/wp\/v2\/product"}],"about":[{"href":"https:\/\/www.gigapa.com\/cs\/wp-json\/wp\/v2\/types\/product"}],"version-history":[{"count":2,"href":"https:\/\/www.gigapa.com\/cs\/wp-json\/wp\/v2\/product\/1994\/revisions"}],"predecessor-version":[{"id":2137,"href":"https:\/\/www.gigapa.com\/cs\/wp-json\/wp\/v2\/product\/1994\/revisions\/2137"}],"wp:featuredmedia":[{"embeddable":true,"href":"https:\/\/www.gigapa.com\/cs\/wp-json\/wp\/v2\/media\/1947"}],"wp:attachment":[{"href":"https:\/\/www.gigapa.com\/cs\/wp-json\/wp\/v2\/media?parent=1994"}],"wp:term":[{"taxonomy":"product_brand","embeddable":true,"href":"https:\/\/www.gigapa.com\/cs\/wp-json\/wp\/v2\/product_brand?post=1994"},{"taxonomy":"product_cat","embeddable":true,"href":"https:\/\/www.gigapa.com\/cs\/wp-json\/wp\/v2\/product_cat?post=1994"},{"taxonomy":"product_tag","embeddable":true,"href":"https:\/\/www.gigapa.com\/cs\/wp-json\/wp\/v2\/product_tag?post=1994"}],"curies":[{"name":"wp","href":"https:\/\/api.w.org\/{rel}","templated":true}]}}