{"id":1996,"date":"2025-06-18T09:31:25","date_gmt":"2025-06-18T01:31:25","guid":{"rendered":"https:\/\/www.gigapa.com\/?post_type=product&#038;p=1996"},"modified":"2025-10-13T09:16:04","modified_gmt":"2025-10-13T01:16:04","slug":"single-shaft-shredder-flat-pushing","status":"publish","type":"product","link":"https:\/\/www.gigapa.com\/cs\/produkt\/single-shaft-shredder-flat-pushing\/","title":{"rendered":"Jednoh\u0159\u00eddelov\u00fd drti\u010d (s ploch\u00fdm tla\u010den\u00edm)"},"content":{"rendered":"<h3 data-start=\"323\" data-end=\"347\" data-immersive-translate-walked=\"c66c6190-f640-4ac3-b4c5-9c62bdc808a8\"><strong data-start=\"323\" data-end=\"347\" data-immersive-translate-walked=\"c66c6190-f640-4ac3-b4c5-9c62bdc808a8\" data-immersive-translate-paragraph=\"1\">Popis produktu: Vhodn\u00fd k pou\u017eit\u00ed v dom\u00e1cnosti:<\/strong><\/h3>\n<p data-start=\"349\" data-end=\"718\" data-immersive-translate-walked=\"c66c6190-f640-4ac3-b4c5-9c62bdc808a8\" data-immersive-translate-paragraph=\"1\">Jednoh\u0159\u00eddelov\u00fd drti\u010d (s ploch\u00fdm tlakem) je modern\u00ed \u0159e\u0161en\u00ed pr\u016fmyslov\u00e9ho drcen\u00ed odpadu ur\u010den\u00e9 pro vysoce efektivn\u00ed redukci materi\u00e1lu v \u0161irok\u00e9 \u0161k\u00e1le pr\u016fmyslov\u00fdch odv\u011btv\u00ed. Tento drti\u010d je vybaven ploch\u00fdm tlakov\u00fdm mechanismem, kter\u00fd zaji\u0161\u0165uje konzistentn\u00ed pod\u00e1v\u00e1n\u00ed materi\u00e1lu, a je zkonstruov\u00e1n tak, aby zvl\u00e1dal objemn\u00e9, hust\u00e9 nebo nepravideln\u00e9 odpadn\u00ed materi\u00e1ly s vynikaj\u00edc\u00ed p\u0159esnost\u00ed a spolehlivost\u00ed.<\/p>\n<p data-start=\"720\" data-end=\"1141\" data-immersive-translate-walked=\"c66c6190-f640-4ac3-b4c5-9c62bdc808a8\" data-immersive-translate-paragraph=\"1\">V modern\u00edch odv\u011btv\u00edch v\u00fdroby, recyklace a nakl\u00e1d\u00e1n\u00ed s odpady je efektivn\u00ed zmen\u0161ov\u00e1n\u00ed velikosti nezbytn\u00e9 pro zlep\u0161en\u00ed n\u00e1sledn\u00e9ho zpracov\u00e1n\u00ed, sn\u00ed\u017een\u00ed n\u00e1klad\u016f na likvidaci a dosa\u017een\u00ed udr\u017eiteln\u00e9ho provozu. A\u0165 u\u017e se jedn\u00e1 o plastov\u00fd odpad, d\u0159ev\u011bn\u00e9 \u0161palky, zbytky textilu, gumov\u00e9 od\u0159ezky nebo lehk\u00e9 kovy, jednoh\u0159\u00eddelov\u00fd drti\u010d (s ploch\u00fdm tlakem) nab\u00edz\u00ed kompaktn\u00ed, ale v\u00fdkonnou odpov\u011b\u010f na va\u0161e pot\u0159eby p\u0159i manipulaci s materi\u00e1lem.<\/p>\n<h3 data-start=\"1143\" data-end=\"1206\" data-immersive-translate-walked=\"c66c6190-f640-4ac3-b4c5-9c62bdc808a8\"><strong data-start=\"1143\" data-end=\"1206\" data-immersive-translate-walked=\"c66c6190-f640-4ac3-b4c5-9c62bdc808a8\" data-immersive-translate-paragraph=\"1\">Hlavn\u00ed v\u00fdhody jednoh\u0159\u00eddelov\u00e9ho drti\u010de (s ploch\u00fdm tlakem):<\/strong><\/h3>\n<p data-start=\"1208\" data-end=\"1640\" data-immersive-translate-walked=\"c66c6190-f640-4ac3-b4c5-9c62bdc808a8\" data-immersive-translate-paragraph=\"1\"><strong data-start=\"1208\" data-end=\"1257\" data-immersive-translate-walked=\"c66c6190-f640-4ac3-b4c5-9c62bdc808a8\" data-immersive-translate-paragraph=\"1\">1. Optimalizovan\u00e9 pod\u00e1v\u00e1n\u00ed s ploch\u00fdm tlakov\u00fdm syst\u00e9mem<\/strong><br data-start=\"1257\" data-end=\"1260\" data-immersive-translate-walked=\"c66c6190-f640-4ac3-b4c5-9c62bdc808a8\" \/>V\u00fdrazn\u00fdm rysem tohoto modelu je jeho ploch\u00fd syst\u00e9m tla\u010den\u00ed. Na rozd\u00edl od gravita\u010dn\u00edho nebo rota\u010dn\u00edho syst\u00e9mu p\u0159\u00edvodu zaji\u0161\u0165uje ploch\u00fd p\u0159\u00edtlak rovnom\u011brn\u00fd tlak v cel\u00e9 p\u0159\u00edvodn\u00ed komo\u0159e. To umo\u017e\u0148uje plynulej\u0161\u00ed a kontrolovan\u011bj\u0161\u00ed nas\u00e1v\u00e1n\u00ed materi\u00e1lu, zejm\u00e9na u nerovn\u00fdch, objemn\u00fdch nebo t\u011b\u017eko uchopiteln\u00fdch materi\u00e1l\u016f. V\u00fdsledkem je plynul\u00fd tok drcen\u00ed s minim\u00e1ln\u00edm zasek\u00e1v\u00e1n\u00edm a p\u0159eru\u0161ov\u00e1n\u00edm materi\u00e1lu.<\/p>\n<p data-start=\"1642\" data-end=\"2053\" data-immersive-translate-walked=\"c66c6190-f640-4ac3-b4c5-9c62bdc808a8\" data-immersive-translate-paragraph=\"1\"><strong data-start=\"1642\" data-end=\"1673\" data-immersive-translate-walked=\"c66c6190-f640-4ac3-b4c5-9c62bdc808a8\" data-immersive-translate-paragraph=\"1\">2. V\u0161estrann\u00e1 manipulace s odpady<\/strong><br data-start=\"1673\" data-end=\"1676\" data-immersive-translate-walked=\"c66c6190-f640-4ac3-b4c5-9c62bdc808a8\" \/>Jednoh\u0159\u00eddelov\u00fd drti\u010d (s ploch\u00fdm tlakem) je v\u00edce\u00fa\u010delov\u00fd stroj, kter\u00fd dok\u00e1\u017ee zpracov\u00e1vat nejr\u016fzn\u011bj\u0161\u00ed materi\u00e1ly. A\u0165 u\u017e zpracov\u00e1v\u00e1te tuh\u00e9 plasty, m\u011bkk\u00e9 f\u00f3lie, silnou gumu, obalov\u00fd odpad, textil nebo dokonce elektronick\u00fd odpad, tento drti\u010d se p\u0159izp\u016fsob\u00ed va\u0161im pot\u0159eb\u00e1m. Je obzvl\u00e1\u0161t\u011b \u00fa\u010dinn\u00fd pro p\u0159edb\u011b\u017en\u00e9 zpracov\u00e1n\u00ed odpadu p\u0159ed granulac\u00ed, spalov\u00e1n\u00edm nebo recyklac\u00ed.<\/p>\n<p data-start=\"2055\" data-end=\"2411\" data-immersive-translate-walked=\"c66c6190-f640-4ac3-b4c5-9c62bdc808a8\" data-immersive-translate-paragraph=\"1\"><strong data-start=\"2055\" data-end=\"2094\" data-immersive-translate-walked=\"c66c6190-f640-4ac3-b4c5-9c62bdc808a8\" data-immersive-translate-paragraph=\"1\">3. Vynikaj\u00edc\u00ed redukce velikosti materi\u00e1lu<\/strong><br data-start=\"2094\" data-end=\"2097\" data-immersive-translate-walked=\"c66c6190-f640-4ac3-b4c5-9c62bdc808a8\" \/>Tento drti\u010d je vybaven k p\u0159em\u011bn\u011b velk\u00fdch, neskladn\u00fdch p\u0159edm\u011bt\u016f na rovnom\u011brn\u00e9 fragmenty, co\u017e zvy\u0161uje \u00fa\u010dinnost dal\u0161\u00edch f\u00e1z\u00ed zpracov\u00e1n\u00ed, jako je t\u0159\u00edd\u011bn\u00ed, lisov\u00e1n\u00ed nebo vytla\u010dov\u00e1n\u00ed. Konzistentn\u00ed velikost \u010d\u00e1stic dosa\u017een\u00e1 t\u00edmto strojem p\u0159isp\u00edv\u00e1 k vy\u0161\u0161\u00ed hodnot\u011b recyklovan\u00e9 produkce a lep\u0161\u00ed logistick\u00e9 manipulaci.<\/p>\n<p data-start=\"2413\" data-end=\"2778\" data-immersive-translate-walked=\"c66c6190-f640-4ac3-b4c5-9c62bdc808a8\" data-immersive-translate-paragraph=\"1\"><strong data-start=\"2413\" data-end=\"2463\" data-immersive-translate-walked=\"c66c6190-f640-4ac3-b4c5-9c62bdc808a8\" data-immersive-translate-paragraph=\"1\">4. Pr\u016fmyslov\u00e1 odolnost a spolehlivost<\/strong><br data-start=\"2463\" data-end=\"2466\" data-immersive-translate-walked=\"c66c6190-f640-4ac3-b4c5-9c62bdc808a8\" \/>Jednoh\u0159\u00eddelov\u00fd drti\u010d je konstruov\u00e1n pro n\u00e1ro\u010dn\u00e9 pr\u016fmyslov\u00e9 prost\u0159ed\u00ed. Jeho robustn\u00ed konstrukce a komponenty odoln\u00e9 proti opot\u0159eben\u00ed zaji\u0161\u0165uj\u00ed dlouhodobou \u017eivotnost i p\u0159i nep\u0159etr\u017eit\u00e9m pou\u017e\u00edv\u00e1n\u00ed. D\u00edky odoln\u00e9mu rotoru a vysoce v\u00fdkonn\u00fdm no\u017e\u016fm tento drti\u010d odol\u00e1v\u00e1 abrazivn\u00edm materi\u00e1l\u016fm a n\u00e1ro\u010dn\u00fdm provozn\u00edm podm\u00ednk\u00e1m.<\/p>\n<p data-start=\"2780\" data-end=\"3158\" data-immersive-translate-walked=\"c66c6190-f640-4ac3-b4c5-9c62bdc808a8\" data-immersive-translate-paragraph=\"1\"><strong data-start=\"2780\" data-end=\"2823\" data-immersive-translate-walked=\"c66c6190-f640-4ac3-b4c5-9c62bdc808a8\" data-immersive-translate-paragraph=\"1\">5. P\u0159ipravenost na automatizaci a nen\u00e1ro\u010dn\u00e1 \u00fadr\u017eba<\/strong><br data-start=\"2823\" data-end=\"2826\" data-immersive-translate-walked=\"c66c6190-f640-4ac3-b4c5-9c62bdc808a8\" \/>D\u00edky inteligentn\u00edm konstruk\u010dn\u00edm prvk\u016fm, jako je automatick\u00e9 ovl\u00e1d\u00e1n\u00ed tla\u010den\u00ed, reverzn\u00ed ot\u00e1\u010den\u00ed pro prevenci zaseknut\u00ed a snadno p\u0159\u00edstupn\u00e9 body \u00fadr\u017eby, poskytuje stroj vysokou provozn\u00ed dobu a ni\u017e\u0161\u00ed n\u00e1roky na ru\u010dn\u00ed pr\u00e1ci. Ploch\u00e1 p\u0159\u00edtla\u010dn\u00e1 deska je \u0159\u00edzena s p\u0159esnost\u00ed, kter\u00e1 maximalizuje pr\u016fchodnost a z\u00e1rove\u0148 chr\u00e1n\u00ed vnit\u0159n\u00ed sou\u010d\u00e1sti.<\/p>\n<p data-start=\"3160\" data-end=\"3536\" data-immersive-translate-walked=\"c66c6190-f640-4ac3-b4c5-9c62bdc808a8\" data-immersive-translate-paragraph=\"1\"><strong data-start=\"3160\" data-end=\"3217\" data-immersive-translate-walked=\"c66c6190-f640-4ac3-b4c5-9c62bdc808a8\" data-immersive-translate-paragraph=\"1\">6. Kontrola hluku a prachu pro bezpe\u010dn\u011bj\u0161\u00ed pracovn\u00ed prost\u0159ed\u00ed<\/strong><br data-start=\"3217\" data-end=\"3220\" data-immersive-translate-walked=\"c66c6190-f640-4ac3-b4c5-9c62bdc808a8\" \/>Pr\u016fmyslov\u00e1 skartace m\u016f\u017ee b\u00fdt hlu\u010dn\u00e1 a pra\u0161n\u00e1, co\u017e vytv\u00e1\u0159\u00ed nep\u0159\u00edjemn\u00e9 nebo nebezpe\u010dn\u00e9 pracovn\u00ed prost\u0159ed\u00ed. Jednoh\u0159\u00eddelov\u00fd skartova\u010d (s ploch\u00fdm tlakem) \u0159e\u0161\u00ed tuto situaci d\u00edky izolovan\u00fdm kryt\u016fm, \u0159\u00edzen\u00fdm rychlostem posuvu a konstruk\u010dn\u00edm prvk\u016fm omezuj\u00edc\u00edm pra\u0161nost. D\u00edky tomu je vhodn\u011bj\u0161\u00ed pro pou\u017eit\u00ed ve vnit\u0159n\u00edch prostor\u00e1ch tov\u00e1ren nebo v pracovn\u00edch z\u00f3n\u00e1ch v bl\u00edzkosti zam\u011bstnanc\u016f.<\/p>\n<p data-start=\"3538\" data-end=\"3872\" data-immersive-translate-walked=\"c66c6190-f640-4ac3-b4c5-9c62bdc808a8\" data-immersive-translate-paragraph=\"1\"><strong data-start=\"3538\" data-end=\"3582\" data-immersive-translate-walked=\"c66c6190-f640-4ac3-b4c5-9c62bdc808a8\" data-immersive-translate-paragraph=\"1\">7. Prostorov\u011b \u00fasporn\u00e9 a snadno integrovateln\u00e9<\/strong><br data-start=\"3582\" data-end=\"3585\" data-immersive-translate-walked=\"c66c6190-f640-4ac3-b4c5-9c62bdc808a8\" \/>D\u00edky kompaktn\u00edm rozm\u011br\u016fm a vertik\u00e1ln\u00edmu tla\u010dn\u00e9mu proveden\u00ed \u0161et\u0159\u00ed stroj podlahovou plochu a bez probl\u00e9m\u016f se za\u010dlen\u00ed do st\u00e1vaj\u00edc\u00edch v\u00fdrobn\u00edch linek nebo recykla\u010dn\u00edch syst\u00e9m\u016f. Lze jej integrovat s dopravn\u00edky, lisy, granul\u00e1tory nebo skladovac\u00edmi sily v z\u00e1vislosti na po\u017eadavc\u00edch va\u0161eho provozu.<\/p>\n<p data-start=\"3874\" data-end=\"4279\" data-immersive-translate-walked=\"c66c6190-f640-4ac3-b4c5-9c62bdc808a8\" data-immersive-translate-paragraph=\"1\"><strong data-start=\"3874\" data-end=\"3925\" data-immersive-translate-walked=\"c66c6190-f640-4ac3-b4c5-9c62bdc808a8\" data-immersive-translate-paragraph=\"1\">8. Energetick\u00e1 \u00fa\u010dinnost a p\u0159\u00ednosy pro \u017eivotn\u00ed prost\u0159ed\u00ed<\/strong><br data-start=\"3925\" data-end=\"3928\" data-immersive-translate-walked=\"c66c6190-f640-4ac3-b4c5-9c62bdc808a8\" \/>Efektivn\u00ed drcen\u00ed odpadu nejen sni\u017euje n\u00e1klady na jeho likvidaci, ale tak\u00e9 p\u0159isp\u00edv\u00e1 k udr\u017eiteln\u011bj\u0161\u00edm pr\u016fmyslov\u00fdm postup\u016fm. T\u00edm, \u017ee tento drti\u010d sni\u017euje objem odpadu p\u0159\u00edmo u zdroje, pom\u00e1h\u00e1 sni\u017eovat spot\u0159ebu paliva p\u0159i p\u0159eprav\u011b a zvy\u0161uje m\u00edru recyklace. Jeho energeticky \u00fa\u010dinn\u00fd provoz znamen\u00e1 ni\u017e\u0161\u00ed spot\u0159ebu energie v pr\u016fb\u011bhu \u010dasu, co\u017e je v souladu s c\u00edli ekologick\u00e9 v\u00fdroby.<\/p>\n<h3 data-start=\"4281\" data-end=\"4305\" data-immersive-translate-walked=\"c66c6190-f640-4ac3-b4c5-9c62bdc808a8\"><strong data-start=\"4281\" data-end=\"4305\" data-immersive-translate-walked=\"c66c6190-f640-4ac3-b4c5-9c62bdc808a8\" data-immersive-translate-paragraph=\"1\">B\u011b\u017en\u00e9 aplikace:<\/strong><\/h3>\n<ul>\n<li data-start=\"4309\" data-end=\"4423\" data-immersive-translate-walked=\"c66c6190-f640-4ac3-b4c5-9c62bdc808a8\" data-immersive-translate-paragraph=\"1\"><strong data-start=\"4309\" data-end=\"4329\" data-immersive-translate-walked=\"c66c6190-f640-4ac3-b4c5-9c62bdc808a8\">Plastik\u00e1\u0159sk\u00fd pr\u016fmysl<\/strong>: P\u0159edb\u011b\u017en\u00e9 drcen\u00ed vst\u0159ikovac\u00edch p\u00e1s\u016f, plastov\u00fdch desek, lahv\u00ed, f\u00f3li\u00ed a kontejner\u016f.<\/li>\n<li data-start=\"4426\" data-end=\"4525\" data-immersive-translate-walked=\"c66c6190-f640-4ac3-b4c5-9c62bdc808a8\" data-immersive-translate-paragraph=\"1\"><strong data-start=\"4426\" data-end=\"4445\" data-immersive-translate-walked=\"c66c6190-f640-4ac3-b4c5-9c62bdc808a8\">Zpracov\u00e1n\u00ed d\u0159eva<\/strong>: Drcen\u00ed od\u0159ezk\u016f d\u0159eva, palet, d\u0159evovl\u00e1knit\u00fdch desek a d\u0159ev\u011bn\u00fdch obalov\u00fdch materi\u00e1l\u016f.<\/li>\n<li data-start=\"4528\" data-end=\"4625\" data-immersive-translate-walked=\"c66c6190-f640-4ac3-b4c5-9c62bdc808a8\" data-immersive-translate-paragraph=\"1\"><strong data-start=\"4528\" data-end=\"4551\" data-immersive-translate-walked=\"c66c6190-f640-4ac3-b4c5-9c62bdc808a8\">Textil a od\u011bvy<\/strong>: Manipulace s textiln\u00edm odpadem, star\u00fdm oble\u010den\u00edm, netkan\u00fdm odpadem a textiln\u00edmi rolemi.<\/li>\n<li data-start=\"4628\" data-end=\"4731\" data-immersive-translate-walked=\"c66c6190-f640-4ac3-b4c5-9c62bdc808a8\" data-immersive-translate-paragraph=\"1\"><strong data-start=\"4628\" data-end=\"4647\" data-immersive-translate-walked=\"c66c6190-f640-4ac3-b4c5-9c62bdc808a8\">Pry\u017e a p\u011bna<\/strong>: Redukce \u00falomk\u016f pneumatik, gumov\u00e1 t\u011bsn\u011bn\u00ed, izola\u010dn\u00ed p\u011bna a tlumic\u00ed materi\u00e1l.<\/li>\n<li data-start=\"4734\" data-end=\"4829\" data-immersive-translate-walked=\"c66c6190-f640-4ac3-b4c5-9c62bdc808a8\" data-immersive-translate-paragraph=\"1\"><strong data-start=\"4734\" data-end=\"4764\" data-immersive-translate-walked=\"c66c6190-f640-4ac3-b4c5-9c62bdc808a8\">Elektronick\u00fd odpad (e-odpad)<\/strong>: Zpracov\u00e1n\u00ed kl\u00e1vesnic, kabel\u016f, kryt\u016f a drobn\u00e9 elektroniky.<\/li>\n<li data-start=\"4832\" data-end=\"4931\" data-immersive-translate-walked=\"c66c6190-f640-4ac3-b4c5-9c62bdc808a8\" data-immersive-translate-paragraph=\"1\"><strong data-start=\"4832\" data-end=\"4860\" data-immersive-translate-walked=\"c66c6190-f640-4ac3-b4c5-9c62bdc808a8\">Obecn\u00fd pr\u016fmyslov\u00fd odpad<\/strong>: Sm\u00ed\u0161en\u00fd v\u00fdrobn\u00ed \u0161rot, obalov\u00fd odpad a vadn\u00e9 v\u00fdrobky.<\/li>\n<\/ul>\n<h3 data-start=\"4933\" data-end=\"4971\" data-immersive-translate-walked=\"c66c6190-f640-4ac3-b4c5-9c62bdc808a8\"><strong data-start=\"4933\" data-end=\"4971\" data-immersive-translate-walked=\"c66c6190-f640-4ac3-b4c5-9c62bdc808a8\" data-immersive-translate-paragraph=\"1\">Pro\u010d zvolit model Flat Pushing?<\/strong><\/h3>\n<p data-start=\"4973\" data-end=\"5375\" data-immersive-translate-walked=\"c66c6190-f640-4ac3-b4c5-9c62bdc808a8\" data-immersive-translate-paragraph=\"1\">Ploch\u00fd tla\u010dn\u00fd mechanismus d\u00e1v\u00e1 tomuto drti\u010di v\u00fdhodu v d\u016fslednosti zpracov\u00e1n\u00ed a p\u0159izp\u016fsobivosti materi\u00e1lu. Zat\u00edmco tradi\u010dn\u00ed drti\u010de mohou m\u00edt probl\u00e9my s nadm\u011brn\u00fdm nebo ne\u0161ikovn\u011b tvarovan\u00fdm odpadem, ploch\u00fd tla\u010dn\u00fd mechanismus zaji\u0161\u0165uje p\u0159\u00edm\u00e9 a rovnom\u011brn\u00e9 p\u0159itla\u010den\u00ed materi\u00e1lu k \u0159ezac\u00edmu rotoru. T\u00edm se nejen zlep\u0161uje pr\u016fchodnost, ale tak\u00e9 kvalita a p\u0159edv\u00eddatelnost drcen\u00e9ho v\u00fdstupu.<\/p>\n<p data-start=\"5377\" data-end=\"5705\" data-immersive-translate-walked=\"c66c6190-f640-4ac3-b4c5-9c62bdc808a8\" data-immersive-translate-paragraph=\"1\">Konstrukce nav\u00edc minimalizuje dobu ne\u010dinnosti mezi jednotliv\u00fdmi drtic\u00edmi cykly, proto\u017ee tla\u010dn\u00fd mechanismus je v neust\u00e1l\u00e9m kontaktu s lo\u017eem materi\u00e1lu. To vede k vy\u0161\u0161\u00ed efektivit\u011b zpracov\u00e1n\u00ed a sn\u00ed\u017een\u00ed provozn\u00edch n\u00e1klad\u016f. \u00dadr\u017ebu zjednodu\u0161uj\u00ed snadno vym\u011bniteln\u00e9 \u0159ezn\u00e9 n\u00e1stroje a intuitivn\u00ed p\u0159\u00edstupov\u00e9 panely pro \u010di\u0161t\u011bn\u00ed a se\u0159izov\u00e1n\u00ed.<\/p>\n<h3 data-start=\"5707\" data-end=\"5722\" data-immersive-translate-walked=\"c66c6190-f640-4ac3-b4c5-9c62bdc808a8\"><strong data-start=\"5707\" data-end=\"5722\" data-immersive-translate-walked=\"c66c6190-f640-4ac3-b4c5-9c62bdc808a8\" data-immersive-translate-paragraph=\"1\">Z\u00e1v\u011br:<\/strong><\/h3>\n<p data-start=\"5724\" data-end=\"6119\" data-immersive-translate-walked=\"c66c6190-f640-4ac3-b4c5-9c62bdc808a8\" data-immersive-translate-paragraph=\"1\">Jednoh\u0159\u00eddelov\u00fd drti\u010d (s ploch\u00fdm tlakem) je profesion\u00e1ln\u00ed stroj na redukci odpadu, kter\u00fd poskytuje konzistentn\u00ed v\u00fdkon, vynikaj\u00edc\u00ed v\u0161estrannost a v\u00fdjime\u010dnou spolehlivost. Je vhodn\u00fd pro \u0161irokou \u0161k\u00e1lu pr\u016fmyslov\u00fdch odv\u011btv\u00ed - od plast\u016f a obal\u016f a\u017e po textil a elektronick\u00fd odpad - a p\u0159edstavuje chytrou investici pro podniky, kter\u00e9 usiluj\u00ed o efektivn\u00ed, n\u00e1kladov\u011b efektivn\u00ed a ekologicky odpov\u011bdn\u00e9 nakl\u00e1d\u00e1n\u00ed s odpady.<\/p>\n<p data-start=\"6121\" data-end=\"6368\" data-immersive-translate-walked=\"c66c6190-f640-4ac3-b4c5-9c62bdc808a8\" data-immersive-translate-paragraph=\"1\">Kombinace ploch\u00e9ho posuvn\u00e9ho syst\u00e9mu, robustn\u00ed konstrukce a ovl\u00e1dac\u00edch prvk\u016f p\u0159ipraven\u00fdch k automatizaci je ide\u00e1ln\u00ed pro spole\u010dnosti, kter\u00e9 cht\u011bj\u00ed zv\u00fd\u0161it svou kapacitu drcen\u00ed a za\u010dlenit zmen\u0161ov\u00e1n\u00ed velikosti do \u0161ir\u0161\u00edch recykla\u010dn\u00edch nebo v\u00fdrobn\u00edch proces\u016f.<\/p>\n<p data-start=\"6370\" data-end=\"6569\" data-immersive-translate-walked=\"c66c6190-f640-4ac3-b4c5-9c62bdc808a8\" data-immersive-translate-paragraph=\"1\">A\u0165 u\u017e modernizujete sv\u016fj syst\u00e9m manipulace s odpadem, nebo stav\u00edte novou zpracovatelskou linku, jednoh\u0159\u00eddelov\u00fd drti\u010d (s ploch\u00fdm tla\u010den\u00edm) nab\u00edz\u00ed s\u00edlu, flexibilitu a p\u0159esnost, kter\u00e9 v\u00e1\u0161 provoz vy\u017eaduje.<\/p>","protected":false},"excerpt":{"rendered":"<p>Jednoh\u0159\u00eddelov\u00fd drti\u010d (s ploch\u00fdm tlakem) je robustn\u00ed a efektivn\u00ed \u0159e\u0161en\u00ed pro zpracov\u00e1n\u00ed \u0161irok\u00e9 \u0161k\u00e1ly pr\u016fmyslov\u00e9ho odpadu, v\u010detn\u011b plast\u016f, d\u0159eva, textilu a pry\u017ee. Jeho syst\u00e9m ploch\u00e9ho tla\u010den\u00ed zaji\u0161\u0165uje stabiln\u00ed pod\u00e1v\u00e1n\u00ed materi\u00e1lu, minimalizuje zasek\u00e1v\u00e1n\u00ed a poskytuje rovnom\u011brn\u00e9 zmen\u0161en\u00ed velikosti. Tento drti\u010d, zkonstruovan\u00fd pro dlouhou \u017eivotnost a nep\u0159etr\u017eit\u00fd provoz, je ide\u00e1ln\u00ed pro recykla\u010dn\u00ed za\u0159\u00edzen\u00ed, v\u00fdrobn\u00ed z\u00e1vody a st\u0159ediska pro zpracov\u00e1n\u00ed odpadu. D\u00edky kompaktn\u00edm rozm\u011br\u016fm a konstrukci s n\u00edzk\u00fdmi n\u00e1roky na \u00fadr\u017ebu se bezprobl\u00e9mov\u011b integruje do st\u00e1vaj\u00edc\u00edch pracovn\u00edch postup\u016f a podporuje udr\u017eiteln\u00e9 a n\u00e1kladov\u011b efektivn\u00ed nakl\u00e1d\u00e1n\u00ed s odpady.<\/p>","protected":false},"featured_media":1946,"template":"","meta":{"site-sidebar-layout":"default","site-content-layout":"","ast-site-content-layout":"default","site-content-style":"default","site-sidebar-style":"default","ast-global-header-display":"","ast-banner-title-visibility":"","ast-main-header-display":"","ast-hfb-above-header-display":"","ast-hfb-below-header-display":"","ast-hfb-mobile-header-display":"","site-post-title":"","ast-breadcrumbs-content":"","ast-featured-img":"","footer-sml-layout":"","ast-disable-related-posts":"","theme-transparent-header-meta":"default","adv-header-id-meta":"","stick-header-meta":"","header-above-stick-meta":"","header-main-stick-meta":"","header-below-stick-meta":"","astra-migrate-meta-layouts":"set","ast-page-background-enabled":"default","ast-page-background-meta":{"desktop":{"background-color":"var(--ast-global-color-5)","background-image":"","background-repeat":"repeat","background-position":"center center","background-size":"auto","background-attachment":"scroll","background-type":"","background-media":"","overlay-type":"","overlay-color":"","overlay-opacity":"","overlay-gradient":""},"tablet":{"background-color":"","background-image":"","background-repeat":"repeat","background-position":"center center","background-size":"auto","background-attachment":"scroll","background-type":"","background-media":"","overlay-type":"","overlay-color":"","overlay-opacity":"","overlay-gradient":""},"mobile":{"background-color":"","background-image":"","background-repeat":"repeat","background-position":"center center","background-size":"auto","background-attachment":"scroll","background-type":"","background-media":"","overlay-type":"","overlay-color":"","overlay-opacity":"","overlay-gradient":""}},"ast-content-background-meta":{"desktop":{"background-color":"var(--ast-global-color-4)","background-image":"","background-repeat":"repeat","background-position":"center center","background-size":"auto","background-attachment":"scroll","background-type":"","background-media":"","overlay-type":"","overlay-color":"","overlay-opacity":"","overlay-gradient":""},"tablet":{"background-color":"var(--ast-global-color-4)","background-image":"","background-repeat":"repeat","background-position":"center center","background-size":"auto","background-attachment":"scroll","background-type":"","background-media":"","overlay-type":"","overlay-color":"","overlay-opacity":"","overlay-gradient":""},"mobile":{"background-color":"var(--ast-global-color-4)","background-image":"","background-repeat":"repeat","background-position":"center center","background-size":"auto","background-attachment":"scroll","background-type":"","background-media":"","overlay-type":"","overlay-color":"","overlay-opacity":"","overlay-gradient":""}}},"product_brand":[],"product_cat":[20,148],"product_tag":[127,138,137],"class_list":{"0":"post-1996","1":"product","2":"type-product","3":"status-publish","4":"has-post-thumbnail","6":"product_cat-shredding-and-crushing-machine","7":"product_cat-single-shaft-shredder","8":"product_tag-animal-carcass-shredder","9":"product_tag-fabric-shredder","10":"product_tag-plastic-shredder","11":"desktop-align-left","12":"tablet-align-left","13":"mobile-align-left","15":"first","16":"instock","17":"shipping-taxable","18":"product-type-simple"},"_links":{"self":[{"href":"https:\/\/www.gigapa.com\/cs\/wp-json\/wp\/v2\/product\/1996","targetHints":{"allow":["GET"]}}],"collection":[{"href":"https:\/\/www.gigapa.com\/cs\/wp-json\/wp\/v2\/product"}],"about":[{"href":"https:\/\/www.gigapa.com\/cs\/wp-json\/wp\/v2\/types\/product"}],"version-history":[{"count":2,"href":"https:\/\/www.gigapa.com\/cs\/wp-json\/wp\/v2\/product\/1996\/revisions"}],"predecessor-version":[{"id":2136,"href":"https:\/\/www.gigapa.com\/cs\/wp-json\/wp\/v2\/product\/1996\/revisions\/2136"}],"wp:featuredmedia":[{"embeddable":true,"href":"https:\/\/www.gigapa.com\/cs\/wp-json\/wp\/v2\/media\/1946"}],"wp:attachment":[{"href":"https:\/\/www.gigapa.com\/cs\/wp-json\/wp\/v2\/media?parent=1996"}],"wp:term":[{"taxonomy":"product_brand","embeddable":true,"href":"https:\/\/www.gigapa.com\/cs\/wp-json\/wp\/v2\/product_brand?post=1996"},{"taxonomy":"product_cat","embeddable":true,"href":"https:\/\/www.gigapa.com\/cs\/wp-json\/wp\/v2\/product_cat?post=1996"},{"taxonomy":"product_tag","embeddable":true,"href":"https:\/\/www.gigapa.com\/cs\/wp-json\/wp\/v2\/product_tag?post=1996"}],"curies":[{"name":"wp","href":"https:\/\/api.w.org\/{rel}","templated":true}]}}