{"id":2002,"date":"2025-06-18T09:03:44","date_gmt":"2025-06-18T01:03:44","guid":{"rendered":"https:\/\/www.gigapa.com\/?post_type=product&#038;p=2002"},"modified":"2025-11-05T08:52:01","modified_gmt":"2025-11-05T00:52:01","slug":"fully-automatic-baler-for-textile-waste","status":"publish","type":"product","link":"https:\/\/www.gigapa.com\/cs\/produkt\/fully-automatic-baler-for-textile-waste\/","title":{"rendered":"Poloautomatick\u00fd lis na textiln\u00ed odpad"},"content":{"rendered":"<p data-start=\"213\" data-end=\"853\">V dne\u0161n\u00edm rychle se rozv\u00edjej\u00edc\u00edm textiln\u00edm pr\u016fmyslu se efektivn\u00ed a udr\u017eiteln\u00e9 nakl\u00e1d\u00e1n\u00ed s odpady stalo kritick\u00fdm probl\u00e9mem. Textiln\u00ed odpad, pokud s n\u00edm nen\u00ed spr\u00e1vn\u011b nakl\u00e1d\u00e1no, m\u016f\u017ee v\u00fdznamn\u011b p\u0159isp\u011bt ke zne\u010di\u0161t\u011bn\u00ed \u017eivotn\u00edho prost\u0159ed\u00ed a zv\u00fd\u0161en\u00ed provozn\u00edch n\u00e1klad\u016f. Poloautomatick\u00fd lis na textiln\u00ed odpad nab\u00edz\u00ed pokro\u010dil\u00e9, spolehliv\u00e9 a n\u00e1kladov\u011b efektivn\u00ed \u0159e\u0161en\u00ed t\u011bchto probl\u00e9m\u016f. Tento modern\u00ed lis na textiln\u00ed odpad, navr\u017een\u00fd pro zefektivn\u011bn\u00ed manipulace s textiln\u00edm odpadem a jeho likvidaci, poskytuje v\u00fdrobc\u016fm textilu, recykla\u010dn\u00edm st\u0159edisk\u016fm a spole\u010dnostem zab\u00fdvaj\u00edc\u00edm se nakl\u00e1d\u00e1n\u00edm s odpady automatizovan\u00fd p\u0159\u00edstup k efektivn\u00edmu lisov\u00e1n\u00ed a svazkov\u00e1n\u00ed textiln\u00edho odpadu.<\/p>\n<h3 data-start=\"855\" data-end=\"909\">Co je to poloautomatick\u00fd lis na textiln\u00ed odpad?<\/h3>\n<p data-start=\"911\" data-end=\"1442\">Poloautomatick\u00e1 lisovna je vysoce technicky vysp\u011bl\u00fd stroj ur\u010den\u00fd ke slisov\u00e1n\u00ed voln\u011b lo\u017een\u00fdch textiln\u00edch odpad\u016f do hust\u00fdch bal\u00edk\u016f, kter\u00e9 se daj\u00ed zpracovat bez nutnosti neust\u00e1l\u00e9ho z\u00e1sahu \u010dlov\u011bka. Na rozd\u00edl od tradi\u010dn\u00edch lis\u016f, kter\u00e9 vy\u017eaduj\u00ed ru\u010dn\u00ed pod\u00e1v\u00e1n\u00ed a obsluhu, tento stroj automatizuje cel\u00fd proces od pod\u00e1v\u00e1n\u00ed, stla\u010dov\u00e1n\u00ed a\u017e po v\u00e1z\u00e1n\u00ed a vyhazov\u00e1n\u00ed bal\u00edk\u016f. Tato automatizace nejen \u0161et\u0159\u00ed n\u00e1klady na pracovn\u00ed s\u00edlu, ale tak\u00e9 zvy\u0161uje provozn\u00ed bezpe\u010dnost a produktivitu, co\u017e umo\u017e\u0148uje podnik\u016fm soust\u0159edit se na jin\u00e9 hlavn\u00ed \u010dinnosti, zat\u00edmco s odpadem je nakl\u00e1d\u00e1no efektivn\u011b.<\/p>\n<h3 data-start=\"1444\" data-end=\"1507\">Hlavn\u00ed v\u00fdhody pou\u017e\u00edv\u00e1n\u00ed poloautomatick\u00fdch lis\u016f na textiln\u00ed odpad<\/h3>\n<p data-start=\"1509\" data-end=\"1949\"><strong data-start=\"1509\" data-end=\"1555\">1. Maxim\u00e1ln\u00ed efektivita d\u00edky automatizaci<\/strong><br data-start=\"1555\" data-end=\"1558\" \/>Poloautomatick\u00fd lis integruje inteligentn\u00ed \u0159\u00eddic\u00ed syst\u00e9my, kter\u00e9 plynule \u0159\u00edd\u00ed ka\u017ed\u00fd krok lisovac\u00edho procesu. Stroj pracuje nep\u0159etr\u017eit\u011b bez nutnosti ru\u010dn\u00edho z\u00e1sahu, od automatick\u00e9ho nakl\u00e1d\u00e1n\u00ed textiln\u00edch zbytk\u016f a\u017e po hydraulick\u00e9 lisov\u00e1n\u00ed a fin\u00e1ln\u00ed v\u00e1z\u00e1n\u00ed. T\u00edm se zkracuj\u00ed prostoje a zvy\u0161uje se celkov\u00e1 v\u00fdkonnost, tak\u017ee je ide\u00e1ln\u00ed pro textiln\u00ed provozy s vysokou produkc\u00ed odpadu.<\/p>\n<p data-start=\"1951\" data-end=\"2351\"><strong data-start=\"1951\" data-end=\"1993\">2. Zlep\u0161en\u00ed manipulace s odpady a jejich skladov\u00e1n\u00ed<\/strong><br data-start=\"1993\" data-end=\"1996\" \/>Textiln\u00ed odpad je \u010dasto objemn\u00fd a obt\u00ed\u017en\u011b se skladuje nebo p\u0159epravuje. Lisov\u00e1n\u00edm t\u011bchto materi\u00e1l\u016f do kompaktn\u00edch bal\u00edk\u016f lis v\u00fdrazn\u011b zmen\u0161uje jejich objem, \u010d\u00edm\u017e zefektiv\u0148uje skladov\u00e1n\u00ed a sni\u017euje n\u00e1klady na p\u0159epravu. S hust\u00fdmi bal\u00edky se l\u00e9pe manipuluje, stohuj\u00ed se a p\u0159epravuj\u00ed, co\u017e pom\u00e1h\u00e1 zefektivnit logistiku a sn\u00ed\u017eit uhl\u00edkovou stopu p\u0159i p\u0159eprav\u011b.<\/p>\n<p data-start=\"2353\" data-end=\"2718\"><strong data-start=\"2353\" data-end=\"2400\">3. Zv\u00fd\u0161en\u00e1 bezpe\u010dnost a ergonomie na pracovi\u0161ti<\/strong><br data-start=\"2400\" data-end=\"2403\" \/>Ru\u010dn\u00ed manipulace se sypk\u00fdm textiln\u00edm odpadem m\u016f\u017ee v\u00e9st k \u00faraz\u016fm a \u00fanav\u011b na pracovi\u0161ti. Poloautomatick\u00fd lis sni\u017euje pot\u0159ebu p\u0159\u00edm\u00e9ho kontaktu \u010dlov\u011bka s odpadn\u00edmi materi\u00e1ly, \u010d\u00edm\u017e minimalizuje riziko \u00faraz\u016f. Automatizovan\u00e9 procesy tak\u00e9 omezuj\u00ed opakovan\u00e9 manu\u00e1ln\u00ed \u00fakony, \u010d\u00edm\u017e zlep\u0161uj\u00ed ergonomii a pohodu pracovn\u00edk\u016f.<\/p>\n<p data-start=\"2720\" data-end=\"3074\"><strong data-start=\"2720\" data-end=\"2768\">4. Univerz\u00e1lnost pro r\u016fzn\u00e9 textiln\u00ed materi\u00e1ly<\/strong><br data-start=\"2768\" data-end=\"2771\" \/>Tento lis je navr\u017een tak, aby zvl\u00e1dl zpracov\u00e1vat \u0161irokou \u0161k\u00e1lu typ\u016f textiln\u00edho odpadu v\u010detn\u011b bavln\u011bn\u00fdch zbytk\u016f, p\u0159\u00edze, odst\u0159i\u017ek\u016f l\u00e1tek a pou\u017eit\u00fdch od\u011bv\u016f. Jeho p\u0159izp\u016fsobiv\u00e1 konstrukce umo\u017e\u0148uje efektivn\u011b zpracov\u00e1vat materi\u00e1ly r\u016fzn\u00fdch tvar\u016f a hustot a zaji\u0161\u0165uje konzistentn\u00ed kvalitu bal\u00edk\u016f bez ohledu na slo\u017een\u00ed odpadu.<\/p>\n<p data-start=\"3076\" data-end=\"3548\"><strong data-start=\"3076\" data-end=\"3111\">5. Udr\u017eitelnost \u017eivotn\u00edho prost\u0159ed\u00ed<\/strong><br data-start=\"3111\" data-end=\"3114\" \/>S rostouc\u00edm tlakem ze strany regula\u010dn\u00edch org\u00e1n\u016f a z\u00e1vazkem odpov\u011bdnosti podnik\u016f v\u016f\u010di udr\u017eiteln\u00e9mu rozvoji mus\u00ed podniky zav\u00e1d\u011bt ekologi\u010dt\u011bj\u0161\u00ed postupy nakl\u00e1d\u00e1n\u00ed s odpady. Poloautomatick\u00fd lis na textiln\u00ed odpad pom\u00e1h\u00e1 spole\u010dnostem plnit ekologick\u00e9 c\u00edle t\u00edm, \u017ee usnad\u0148uje lisov\u00e1n\u00ed odpadu a jeho op\u011btovn\u00e9 pou\u017eit\u00ed nebo recyklaci. Sn\u00ed\u017een\u00edm objemu odpadu p\u0159isp\u00edv\u00e1 k men\u0161\u00edmu vyu\u017e\u00edv\u00e1n\u00ed skl\u00e1dek a ni\u017e\u0161\u00edm emis\u00edm sklen\u00edkov\u00fdch plyn\u016f z dopravy.<\/p>\n<h3 data-start=\"3550\" data-end=\"3610\">Aplikace v textiln\u00edm a recykla\u010dn\u00edm pr\u016fmyslu<\/h3>\n<p data-start=\"3612\" data-end=\"3731\">Tento modern\u00ed balic\u00ed stroj nach\u00e1z\u00ed uplatn\u011bn\u00ed v mnoha odv\u011btv\u00edch souvisej\u00edc\u00edch s textiln\u00ed v\u00fdrobou a nakl\u00e1d\u00e1n\u00edm s odpady:<\/p>\n<ul>\n<li data-start=\"3735\" data-end=\"3878\"><strong data-start=\"3735\" data-end=\"3768\">Textiln\u00ed v\u00fdrobn\u00ed z\u00e1vody:<\/strong> Efektivn\u011b nakl\u00e1dejte se zbytky vznikl\u00fdmi p\u0159i v\u00fdrob\u011b l\u00e1tek, sni\u017ete nepo\u0159\u00e1dek a optimalizujte likvidaci odpadu.<\/li>\n<li data-start=\"3881\" data-end=\"4043\"><strong data-start=\"3881\" data-end=\"3906\">Recykla\u010dn\u00ed za\u0159\u00edzen\u00ed:<\/strong> P\u0159ipravte textiln\u00ed odpad k recyklaci stla\u010den\u00edm a sv\u00e1z\u00e1n\u00edm materi\u00e1l\u016f, \u010d\u00edm\u017e se proces recyklace zefektivn\u00ed a zlevn\u00ed.<\/li>\n<li data-start=\"4046\" data-end=\"4197\"><strong data-start=\"4046\" data-end=\"4075\">Jednotky pro v\u00fdrobu od\u011bv\u016f:<\/strong> Zpracov\u00e1vejte zbytky l\u00e1tek a vadn\u00e9 od\u011bvy pomoc\u00ed kompaktn\u00edho lisov\u00e1n\u00ed, zlep\u0161ujte hospoda\u0159en\u00ed a sni\u017eujte materi\u00e1lov\u00fd odpad.<\/li>\n<li data-start=\"4200\" data-end=\"4358\"><strong data-start=\"4200\" data-end=\"4231\">Spole\u010dnosti zab\u00fdvaj\u00edc\u00ed se nakl\u00e1d\u00e1n\u00edm s odpady:<\/strong> Poskytuje klient\u016fm spolehliv\u00e9 \u0159e\u0161en\u00ed pro zhut\u0148ov\u00e1n\u00ed textiln\u00edho odpadu, zlep\u0161uje nab\u00eddku slu\u017eeb a provozn\u00ed efektivitu.<\/li>\n<\/ul>\n<h3 data-start=\"4360\" data-end=\"4415\">Pro\u010d si vybrat n\u00e1\u0161 poloautomatick\u00fd lis na textiln\u00ed odpad?<\/h3>\n<p data-start=\"4417\" data-end=\"4593\">Jsme hrd\u00ed na to, \u017ee dod\u00e1v\u00e1me \u0161pi\u010dkov\u00e1 \u0159e\u0161en\u00ed pro lisov\u00e1n\u00ed, kter\u00e1 kombinuj\u00ed inovativn\u00ed technologie s odolnost\u00ed a snadn\u00fdm pou\u017e\u00edv\u00e1n\u00edm. N\u00e1\u0161 poloautomatick\u00fd lis vynik\u00e1 t\u00edm, \u017ee:<\/p>\n<ul>\n<li data-start=\"4597\" data-end=\"4733\"><strong data-start=\"4597\" data-end=\"4621\">Vynikaj\u00edc\u00ed automatizace:<\/strong> Umo\u017e\u0148uje ovl\u00e1d\u00e1n\u00ed bez pou\u017eit\u00ed rukou pomoc\u00ed inteligentn\u00edch \u0159\u00eddic\u00edch syst\u00e9m\u016f, co\u017e sni\u017euje pot\u0159ebu pracovn\u00ed s\u00edly a slo\u017eitost provozu.<\/li>\n<li data-start=\"4736\" data-end=\"4889\"><strong data-start=\"4736\" data-end=\"4761\">Robustn\u00ed kvalita proveden\u00ed:<\/strong> Vyrobeno z vysoce kvalitn\u00edch materi\u00e1l\u016f a komponent\u016f, kter\u00e9 zaji\u0161\u0165uj\u00ed dlouhou \u017eivotnost i p\u0159i n\u00e1ro\u010dn\u00e9m pr\u016fmyslov\u00e9m pou\u017eit\u00ed.<\/li>\n<li data-start=\"4892\" data-end=\"5007\"><strong data-start=\"4892\" data-end=\"4920\">U\u017eivatelsky p\u0159\u00edv\u011btiv\u00e9 rozhran\u00ed:<\/strong> Je navr\u017een pro snadnou obsluhu a \u00fadr\u017ebu, co\u017e sni\u017euje n\u00e1roky na u\u010den\u00ed a prostoje.<\/li>\n<li data-start=\"5010\" data-end=\"5177\"><strong data-start=\"5010\" data-end=\"5036\">Komplexn\u00ed podpora:<\/strong> Poskytujeme odbornou instalaci, \u0161kolen\u00ed obsluhy a poprodejn\u00ed servis, abychom zajistili optim\u00e1ln\u00ed provoz lisu po celou dobu jeho \u017eivotnosti.<\/li>\n<li data-start=\"5180\" data-end=\"5329\"><strong data-start=\"5180\" data-end=\"5207\">P\u0159izp\u016fsobiteln\u00e1 \u0159e\u0161en\u00ed:<\/strong> \u00dazce spolupracujeme se z\u00e1kazn\u00edky, abychom p\u0159izp\u016fsobili nastaven\u00ed lisu na z\u00e1klad\u011b jejich specifick\u00e9ho objemu odpadu a vlastnost\u00ed materi\u00e1lu.<\/li>\n<\/ul>\n<h3 data-start=\"5331\" data-end=\"5401\">Jak poloautomatick\u00fd lis p\u0159isp\u00edv\u00e1 k \u00fasp\u011bchu va\u0161eho podnik\u00e1n\u00ed<\/h3>\n<p data-start=\"5403\" data-end=\"5930\">Po\u0159\u00edzen\u00ed poloautomatick\u00e9 lisovny textiln\u00edho odpadu je v\u00edce ne\u017e jen provozn\u00ed modernizace - je to strategick\u00fd krok, kter\u00fd zvy\u0161uje udr\u017eitelnost, n\u00e1kladovou efektivitu a produktivitu va\u0161\u00ed spole\u010dnosti. Automatizac\u00ed procesu lisov\u00e1n\u00ed odpadu uvoln\u00edte cenn\u00e9 lidsk\u00e9 zdroje pro jin\u00e9 \u00fakoly, sn\u00ed\u017e\u00edte n\u00e1klady na nakl\u00e1d\u00e1n\u00ed s odpadem a zv\u00fd\u0161\u00edte celkovou bezpe\u010dnost na staveni\u0161ti. Krom\u011b toho se sn\u00ed\u017een\u00fd objem a lep\u0161\u00ed manipulace s odpadem p\u0159\u00edmo prom\u00edtaj\u00ed do ni\u017e\u0161\u00edch n\u00e1klad\u016f na dopravu a lep\u0161\u00edho vyu\u017eit\u00ed prostoru ve skladech a na dvorech.<\/p>\n<p data-start=\"5932\" data-end=\"6319\">Vzhledem k tomu, \u017ee celosv\u011btov\u00fd textiln\u00ed pr\u016fmysl je st\u00e1le v\u00edce sledov\u00e1n z hlediska jeho vlivu na \u017eivotn\u00ed prost\u0159ed\u00ed, zaveden\u00ed pokro\u010dil\u00fdch \u0159e\u0161en\u00ed pro nakl\u00e1d\u00e1n\u00ed s odpadem, jako je n\u00e1\u0161 poloautomatick\u00fd lis, je nav\u00edc d\u016fkazem va\u0161eho z\u00e1vazku k odpov\u011bdn\u00fdm v\u00fdrobn\u00edm postup\u016fm. To nejen posiluje pov\u011bst va\u0161\u00ed zna\u010dky, ale m\u016f\u017ee v\u00e1m to tak\u00e9 otev\u0159\u00edt dve\u0159e k partnerstv\u00ed s ekologicky uv\u011bdom\u011bl\u00fdmi odb\u011brateli a zainteresovan\u00fdmi stranami.<\/p>\n<h3 data-start=\"6321\" data-end=\"6335\">Z\u00e1v\u011br<\/h3>\n<p data-start=\"6337\" data-end=\"6649\">Poloautomatick\u00fd lis na textiln\u00ed odpad p\u0159edstavuje budoucnost udr\u017eiteln\u00e9ho a efektivn\u00edho nakl\u00e1d\u00e1n\u00ed s textiln\u00edm odpadem. Jeho automatizace, spolehlivost a v\u0161estrannost z n\u011bj \u010din\u00ed nepostradateln\u00fd prost\u0159edek pro v\u0161echny podniky souvisej\u00edc\u00ed s textiln\u00edm pr\u016fmyslem, kter\u00e9 usiluj\u00ed o optimalizaci proces\u016f nakl\u00e1d\u00e1n\u00ed s odpadem p\u0159i minimalizaci dopadu na \u017eivotn\u00ed prost\u0159ed\u00ed.<\/p>\n<p data-start=\"6651\" data-end=\"6926\">Pokud chcete vylep\u0161it sv\u016fj syst\u00e9m nakl\u00e1d\u00e1n\u00ed s textiln\u00edm odpadem pomoc\u00ed nejmodern\u011bj\u0161\u00edho poloautomatick\u00e9ho lisu, kter\u00fd zaru\u010duje vy\u0161\u0161\u00ed produktivitu, \u00fasporu n\u00e1klad\u016f a udr\u017eitelnost, kontaktujte n\u00e1s je\u0161t\u011b dnes a z\u00edskejte v\u00edce informac\u00ed a \u0159e\u0161en\u00ed na m\u00edru va\u0161im konkr\u00e9tn\u00edm pot\u0159eb\u00e1m.<\/p>","protected":false},"excerpt":{"rendered":"<p>Poloautomatick\u00fd lis na textiln\u00ed odpad nab\u00edz\u00ed automatizovan\u00e9, vysoce \u00fa\u010dinn\u00e9 lisov\u00e1n\u00ed textiln\u00edho odpadu. Lisuje odpad do hust\u00fdch bal\u00edk\u016f, \u010d\u00edm\u017e sni\u017euje n\u00e1klady na skladov\u00e1n\u00ed a p\u0159epravu a z\u00e1rove\u0148 zvy\u0161uje bezpe\u010dnost a udr\u017eitelnost na pracovi\u0161ti. Ide\u00e1ln\u00ed pro v\u00fdrobce textilu a recykla\u010dn\u00ed centra, kter\u00e1 hledaj\u00ed chytr\u00e1 \u0159e\u0161en\u00ed pro odpad.<\/p>","protected":false},"featured_media":1943,"template":"","meta":{"site-sidebar-layout":"default","site-content-layout":"","ast-site-content-layout":"default","site-content-style":"default","site-sidebar-style":"default","ast-global-header-display":"","ast-banner-title-visibility":"","ast-main-header-display":"","ast-hfb-above-header-display":"","ast-hfb-below-header-display":"","ast-hfb-mobile-header-display":"","site-post-title":"","ast-breadcrumbs-content":"","ast-featured-img":"","footer-sml-layout":"","ast-disable-related-posts":"","theme-transparent-header-meta":"default","adv-header-id-meta":"","stick-header-meta":"","header-above-stick-meta":"","header-main-stick-meta":"","header-below-stick-meta":"","astra-migrate-meta-layouts":"set","ast-page-background-enabled":"default","ast-page-background-meta":{"desktop":{"background-color":"var(--ast-global-color-5)","background-image":"","background-repeat":"repeat","background-position":"center center","background-size":"auto","background-attachment":"scroll","background-type":"","background-media":"","overlay-type":"","overlay-color":"","overlay-opacity":"","overlay-gradient":""},"tablet":{"background-color":"","background-image":"","background-repeat":"repeat","background-position":"center center","background-size":"auto","background-attachment":"scroll","background-type":"","background-media":"","overlay-type":"","overlay-color":"","overlay-opacity":"","overlay-gradient":""},"mobile":{"background-color":"","background-image":"","background-repeat":"repeat","background-position":"center center","background-size":"auto","background-attachment":"scroll","background-type":"","background-media":"","overlay-type":"","overlay-color":"","overlay-opacity":"","overlay-gradient":""}},"ast-content-background-meta":{"desktop":{"background-color":"var(--ast-global-color-4)","background-image":"","background-repeat":"repeat","background-position":"center center","background-size":"auto","background-attachment":"scroll","background-type":"","background-media":"","overlay-type":"","overlay-color":"","overlay-opacity":"","overlay-gradient":""},"tablet":{"background-color":"var(--ast-global-color-4)","background-image":"","background-repeat":"repeat","background-position":"center center","background-size":"auto","background-attachment":"scroll","background-type":"","background-media":"","overlay-type":"","overlay-color":"","overlay-opacity":"","overlay-gradient":""},"mobile":{"background-color":"var(--ast-global-color-4)","background-image":"","background-repeat":"repeat","background-position":"center center","background-size":"auto","background-attachment":"scroll","background-type":"","background-media":"","overlay-type":"","overlay-color":"","overlay-opacity":"","overlay-gradient":""}}},"product_brand":[],"product_cat":[21,153],"product_tag":[],"class_list":{"0":"post-2002","1":"product","2":"type-product","3":"status-publish","4":"has-post-thumbnail","6":"product_cat-baling-machine","7":"product_cat-horizontal-baler","8":"desktop-align-left","9":"tablet-align-left","10":"mobile-align-left","12":"first","13":"instock","14":"shipping-taxable","15":"product-type-simple"},"_links":{"self":[{"href":"https:\/\/www.gigapa.com\/cs\/wp-json\/wp\/v2\/product\/2002","targetHints":{"allow":["GET"]}}],"collection":[{"href":"https:\/\/www.gigapa.com\/cs\/wp-json\/wp\/v2\/product"}],"about":[{"href":"https:\/\/www.gigapa.com\/cs\/wp-json\/wp\/v2\/types\/product"}],"version-history":[{"count":4,"href":"https:\/\/www.gigapa.com\/cs\/wp-json\/wp\/v2\/product\/2002\/revisions"}],"predecessor-version":[{"id":2796,"href":"https:\/\/www.gigapa.com\/cs\/wp-json\/wp\/v2\/product\/2002\/revisions\/2796"}],"wp:featuredmedia":[{"embeddable":true,"href":"https:\/\/www.gigapa.com\/cs\/wp-json\/wp\/v2\/media\/1943"}],"wp:attachment":[{"href":"https:\/\/www.gigapa.com\/cs\/wp-json\/wp\/v2\/media?parent=2002"}],"wp:term":[{"taxonomy":"product_brand","embeddable":true,"href":"https:\/\/www.gigapa.com\/cs\/wp-json\/wp\/v2\/product_brand?post=2002"},{"taxonomy":"product_cat","embeddable":true,"href":"https:\/\/www.gigapa.com\/cs\/wp-json\/wp\/v2\/product_cat?post=2002"},{"taxonomy":"product_tag","embeddable":true,"href":"https:\/\/www.gigapa.com\/cs\/wp-json\/wp\/v2\/product_tag?post=2002"}],"curies":[{"name":"wp","href":"https:\/\/api.w.org\/{rel}","templated":true}]}}