{"id":2004,"date":"2025-06-18T08:34:31","date_gmt":"2025-06-18T00:34:31","guid":{"rendered":"https:\/\/www.gigapa.com\/?post_type=product&#038;p=2004"},"modified":"2025-10-13T09:16:39","modified_gmt":"2025-10-13T01:16:39","slug":"gfw-c-wood-shavings-machine-chain","status":"publish","type":"product","link":"https:\/\/www.gigapa.com\/cs\/produkt\/gfw-c-wood-shavings-machine-chain\/","title":{"rendered":"Stroj na hobliny GFW-C\uff08Chain\uff09"},"content":{"rendered":"<p data-start=\"227\" data-end=\"639\" data-immersive-translate-walked=\"9ec46095-6f33-46d5-a55c-91c5fae88c58\" data-immersive-translate-paragraph=\"1\">Na str\u00e1nk\u00e1ch <em data-start=\"231\" data-end=\"262\" data-immersive-translate-walked=\"9ec46095-6f33-46d5-a55c-91c5fae88c58\">Stroj na hobliny (\u0159et\u011bz)<\/em> je vysoce v\u00fdkonn\u00fd pr\u016fmyslov\u00fd stroj ur\u010den\u00fd k v\u00fdrob\u011b \u010dist\u00fdch, rovnom\u011brn\u00fdch a bezpra\u0161n\u00fdch hoblin z kmen\u016f, od\u0159ezk\u016f d\u0159eva, v\u011btv\u00ed nebo jin\u00fdch kus\u016f d\u0159eva. D\u00edky odoln\u00e9mu syst\u00e9mu \u0159et\u011bzov\u00e9ho posuvu a p\u0159esn\u00e9 \u0159ezac\u00ed konstrukci se \u0161iroce pou\u017e\u00edv\u00e1 p\u0159i v\u00fdrob\u011b podest\u00fdlky pro zv\u00ed\u0159ata, v dr\u016fbe\u017e\u00e1\u0159stv\u00ed, p\u0159i balen\u00ed d\u0159eva, p\u0159\u00edprav\u011b paliva z biomasy a ve v\u00fdrobn\u00edm pr\u016fmyslu na b\u00e1zi d\u0159eva.<\/p>\n<p data-start=\"641\" data-end=\"859\" data-immersive-translate-walked=\"9ec46095-6f33-46d5-a55c-91c5fae88c58\" data-immersive-translate-paragraph=\"1\">Tento \u0159et\u011bzov\u00fd model zaji\u0161\u0165uje stabiln\u00ed pod\u00e1v\u00e1n\u00ed, p\u0159esnou tlou\u0161\u0165ku hoblin a ni\u017e\u0161\u00ed pracnost, tak\u017ee je preferovanou volbou pro tov\u00e1rny, kter\u00e9 hledaj\u00ed automatizovan\u00fd, kontinu\u00e1ln\u00ed v\u00fdstup hoblin s minim\u00e1ln\u00edm odpadem.<\/p>\n<h3 data-start=\"866\" data-end=\"913\" data-immersive-translate-walked=\"9ec46095-6f33-46d5-a55c-91c5fae88c58\" data-immersive-translate-paragraph=\"1\">Co je stroj na v\u00fdrobu hoblin s \u0159et\u011bzov\u00fdm pod\u00e1v\u00e1n\u00edm?<\/h3>\n<p data-start=\"915\" data-end=\"1323\" data-immersive-translate-walked=\"9ec46095-6f33-46d5-a55c-91c5fae88c58\" data-immersive-translate-paragraph=\"1\">Na rozd\u00edl od stroj\u016f s v\u00e1le\u010dkov\u00fdm nebo p\u00e1sov\u00fdm pohonem je \u0159et\u011bzov\u00fd stroj na hobliny vybaven \u0159et\u011bzov\u00fdm dopravn\u00edkem, kter\u00fd bezpe\u010dn\u011b dr\u017e\u00ed a dopravuje surov\u00e9 d\u0159evo do \u0159ezac\u00ed hlavy. Tato konstrukce zabra\u0148uje prokluzov\u00e1n\u00ed nebo nerovnom\u011brn\u00e9mu pod\u00e1v\u00e1n\u00ed, co\u017e p\u0159\u00edmo zlep\u0161uje konzistenci hoblin a v\u00fdrobn\u00ed kapacitu. Je vhodn\u00fd zejm\u00e9na pro zpracov\u00e1n\u00ed rovn\u00fdch materi\u00e1l\u016f a segment\u016f kulatiny s pevnou d\u00e9lkou.<\/p>\n<p data-start=\"1325\" data-end=\"1582\" data-immersive-translate-walked=\"9ec46095-6f33-46d5-a55c-91c5fae88c58\" data-immersive-translate-paragraph=\"1\">Jakmile je d\u0159evo upnuto na \u0159et\u011bzov\u00e9 pod\u00e1vac\u00ed plo\u0161in\u011b, postupuje plynule sm\u011brem k vysokorychlostn\u00edm rotuj\u00edc\u00edm no\u017e\u016fm, kter\u00e9 ohobluj\u00ed povrch vrstvu po vrstv\u011b. V\u00fdsledn\u00e9 hobliny jsou m\u011bkk\u00e9, tenk\u00e9 a rovnom\u011brn\u011b velk\u00e9 - ide\u00e1ln\u00ed pro podest\u00fdlku zv\u00ed\u0159at nebo v\u00fdpl\u0148 obal\u016f.<\/p>\n<h3 data-start=\"1589\" data-end=\"1642\" data-immersive-translate-walked=\"9ec46095-6f33-46d5-a55c-91c5fae88c58\" data-immersive-translate-paragraph=\"1\">Kl\u00ed\u010dov\u00e9 vlastnosti stroje na hobliny (\u0159et\u011bz)<\/h3>\n<ul data-start=\"1644\" data-end=\"2469\" data-immersive-translate-walked=\"9ec46095-6f33-46d5-a55c-91c5fae88c58\">\n<li data-start=\"1644\" data-end=\"1804\" data-immersive-translate-walked=\"9ec46095-6f33-46d5-a55c-91c5fae88c58\">\n<p data-start=\"1646\" data-end=\"1804\" data-immersive-translate-walked=\"9ec46095-6f33-46d5-a55c-91c5fae88c58\" data-immersive-translate-paragraph=\"1\">Odoln\u00fd \u0159et\u011bzov\u00fd dopravn\u00edk<br data-start=\"1680\" data-end=\"1683\" data-immersive-translate-walked=\"9ec46095-6f33-46d5-a55c-91c5fae88c58\" \/>Zaji\u0161\u0165uje plynul\u00fd a p\u0159esn\u00fd posuv materi\u00e1lu, rovnom\u011brn\u00e9 \u0159ez\u00e1n\u00ed a zabra\u0148uje pohybu surov\u00e9ho d\u0159eva b\u011bhem pr\u00e1ce.<\/p>\n<\/li>\n<li data-start=\"1806\" data-end=\"1966\" data-immersive-translate-walked=\"9ec46095-6f33-46d5-a55c-91c5fae88c58\">\n<p data-start=\"1808\" data-end=\"1966\" data-immersive-translate-walked=\"9ec46095-6f33-46d5-a55c-91c5fae88c58\" data-immersive-translate-paragraph=\"1\">Nastaviteln\u00e1 tlou\u0161\u0165ka holen\u00ed<br data-start=\"1840\" data-end=\"1843\" data-immersive-translate-walked=\"9ec46095-6f33-46d5-a55c-91c5fae88c58\" \/>V\u00fd\u0161ku a polohu b\u0159itu lze p\u0159esn\u011b nastavit pro dosa\u017een\u00ed po\u017eadovan\u00e9 tlou\u0161\u0165ky holen\u00ed v rozmez\u00ed od 0,2 mm do 2 mm.<\/p>\n<\/li>\n<li data-start=\"1968\" data-end=\"2120\" data-immersive-translate-walked=\"9ec46095-6f33-46d5-a55c-91c5fae88c58\">\n<p data-start=\"1970\" data-end=\"2120\" data-immersive-translate-walked=\"9ec46095-6f33-46d5-a55c-91c5fae88c58\" data-immersive-translate-paragraph=\"1\">Vysoce \u00fa\u010dinn\u00fd syst\u00e9m \u017eac\u00edch hlav<br data-start=\"2007\" data-end=\"2010\" data-immersive-translate-walked=\"9ec46095-6f33-46d5-a55c-91c5fae88c58\" \/>Je vybaven ostr\u00fdmi ocelov\u00fdmi no\u017ei odoln\u00fdmi proti opot\u0159eben\u00ed, kter\u00e9 produkuj\u00ed \u010dist\u00e9, kudrnat\u00e9 hobliny s n\u00edzkou pra\u0161nost\u00ed.<\/p>\n<\/li>\n<li data-start=\"2122\" data-end=\"2300\" data-immersive-translate-walked=\"9ec46095-6f33-46d5-a55c-91c5fae88c58\">\n<p data-start=\"2124\" data-end=\"2300\" data-immersive-translate-walked=\"9ec46095-6f33-46d5-a55c-91c5fae88c58\" data-immersive-translate-paragraph=\"1\">Konstrukce r\u00e1mu pro velkou z\u00e1t\u011b\u017e<br data-start=\"2157\" data-end=\"2160\" data-immersive-translate-walked=\"9ec46095-6f33-46d5-a55c-91c5fae88c58\" \/>T\u011bleso stroje je vyrobeno ze siln\u00fdch plech\u016f z uhl\u00edkov\u00e9 oceli, kter\u00e9 zaji\u0161\u0165uj\u00ed dlouhodobou \u017eivotnost a odolnost proti vibrac\u00edm p\u0159i nep\u0159etr\u017eit\u00e9m provozu.<\/p>\n<\/li>\n<li data-start=\"2302\" data-end=\"2469\" data-immersive-translate-walked=\"9ec46095-6f33-46d5-a55c-91c5fae88c58\">\n<p data-start=\"2304\" data-end=\"2469\" data-immersive-translate-walked=\"9ec46095-6f33-46d5-a55c-91c5fae88c58\" data-immersive-translate-paragraph=\"1\">Snadn\u00e1 \u00fadr\u017eba a bezpe\u010dn\u00fd design<br data-start=\"2342\" data-end=\"2345\" data-immersive-translate-walked=\"9ec46095-6f33-46d5-a55c-91c5fae88c58\" \/>Je navr\u017een s rychle p\u0159\u00edstupn\u00fdmi otvory pro v\u00fdm\u011bnu no\u017e\u016f, bezpe\u010dnostn\u00edmi pojistkami a tla\u010d\u00edtky nouzov\u00e9ho zastaven\u00ed pro ochranu obsluhy.<\/p>\n<\/li>\n<\/ul>\n<h3 data-start=\"2476\" data-end=\"2492\" data-immersive-translate-walked=\"9ec46095-6f33-46d5-a55c-91c5fae88c58\" data-immersive-translate-paragraph=\"1\">Aplikace<\/h3>\n<p data-start=\"2494\" data-end=\"2589\" data-immersive-translate-walked=\"9ec46095-6f33-46d5-a55c-91c5fae88c58\" data-immersive-translate-paragraph=\"1\">Na str\u00e1nk\u00e1ch <em data-start=\"2498\" data-end=\"2529\" data-immersive-translate-walked=\"9ec46095-6f33-46d5-a55c-91c5fae88c58\">Stroj na hobliny (\u0159et\u011bz)<\/em> je ide\u00e1ln\u00ed pro r\u016fzn\u00e1 pr\u016fmyslov\u00e1 a zem\u011bd\u011blsk\u00e1 pou\u017eit\u00ed:<\/p>\n<ul data-start=\"2591\" data-end=\"3207\" data-immersive-translate-walked=\"9ec46095-6f33-46d5-a55c-91c5fae88c58\">\n<li data-start=\"2591\" data-end=\"2712\" data-immersive-translate-walked=\"9ec46095-6f33-46d5-a55c-91c5fae88c58\">\n<p data-start=\"2593\" data-end=\"2712\" data-immersive-translate-walked=\"9ec46095-6f33-46d5-a55c-91c5fae88c58\" data-immersive-translate-paragraph=\"1\">V\u00fdroba podest\u00fdlky pro zv\u00ed\u0159ata<br data-start=\"2622\" data-end=\"2625\" data-immersive-translate-walked=\"9ec46095-6f33-46d5-a55c-91c5fae88c58\" \/>Vyr\u00e1b\u00ed m\u011bkk\u00e9 a bezpra\u0161n\u00e9 hobliny pro dr\u016fbe\u017e, kon\u011b, dojnice a mal\u00e1 dom\u00e1c\u00ed zv\u00ed\u0159ata.<\/p>\n<\/li>\n<li data-start=\"2714\" data-end=\"2820\" data-immersive-translate-walked=\"9ec46095-6f33-46d5-a55c-91c5fae88c58\">\n<p data-start=\"2716\" data-end=\"2820\" data-immersive-translate-walked=\"9ec46095-6f33-46d5-a55c-91c5fae88c58\" data-immersive-translate-paragraph=\"1\">Obalov\u00fd materi\u00e1l<br data-start=\"2738\" data-end=\"2741\" data-immersive-translate-walked=\"9ec46095-6f33-46d5-a55c-91c5fae88c58\" \/>Pou\u017e\u00edv\u00e1 se jako polstrovac\u00ed v\u00fdpl\u0148 d\u0159ev\u011bn\u00fdch beden nebo krabic k ochran\u011b k\u0159ehk\u00e9ho zbo\u017e\u00ed.<\/p>\n<\/li>\n<li data-start=\"2822\" data-end=\"2946\" data-immersive-translate-walked=\"9ec46095-6f33-46d5-a55c-91c5fae88c58\">\n<p data-start=\"2824\" data-end=\"2946\" data-immersive-translate-walked=\"9ec46095-6f33-46d5-a55c-91c5fae88c58\" data-immersive-translate-paragraph=\"1\">Kompostov\u00e1n\u00ed a biomasa<br data-start=\"2850\" data-end=\"2853\" data-immersive-translate-walked=\"9ec46095-6f33-46d5-a55c-91c5fae88c58\" \/>P\u0159em\u011b\u0148uje d\u0159evn\u00ed odpad na rovnom\u011brn\u00e9 \u010d\u00e1stice vhodn\u00e9 pro kompostov\u00e1n\u00ed nebo zpracov\u00e1n\u00ed na biopaliva.<\/p>\n<\/li>\n<li data-start=\"2948\" data-end=\"3074\" data-immersive-translate-walked=\"9ec46095-6f33-46d5-a55c-91c5fae88c58\">\n<p data-start=\"2950\" data-end=\"3074\" data-immersive-translate-walked=\"9ec46095-6f33-46d5-a55c-91c5fae88c58\" data-immersive-translate-paragraph=\"1\">N\u00e1bytk\u00e1\u0159sk\u00fd a deskov\u00fd pr\u016fmysl<br data-start=\"2984\" data-end=\"2987\" data-immersive-translate-walked=\"9ec46095-6f33-46d5-a55c-91c5fae88c58\" \/>Vytv\u00e1\u0159\u00ed rovnom\u011brn\u00e9 hobliny pro dal\u0161\u00ed v\u00fdrobu d\u0159evot\u0159\u00edskov\u00fdch nebo izola\u010dn\u00edch desek.<\/p>\n<\/li>\n<li data-start=\"3076\" data-end=\"3207\" data-immersive-translate-walked=\"9ec46095-6f33-46d5-a55c-91c5fae88c58\">\n<p data-start=\"3078\" data-end=\"3207\" data-immersive-translate-walked=\"9ec46095-6f33-46d5-a55c-91c5fae88c58\" data-immersive-translate-paragraph=\"1\">V\u00fdroba d\u0159ev\u011bn\u00fdch palet<br data-start=\"3109\" data-end=\"3112\" data-immersive-translate-walked=\"9ec46095-6f33-46d5-a55c-91c5fae88c58\" \/>Efektivn\u011b vyu\u017e\u00edv\u00e1 d\u0159ev\u011bn\u00fd odpad z palet a od\u0159ezk\u016f, \u010d\u00edm\u017e sni\u017euje mno\u017estv\u00ed odpadu ve v\u00fdrobn\u00edch link\u00e1ch.<\/p>\n<\/li>\n<\/ul>\n<h3 data-start=\"3214\" data-end=\"3243\" data-immersive-translate-walked=\"9ec46095-6f33-46d5-a55c-91c5fae88c58\" data-immersive-translate-paragraph=\"1\">V\u00fdhody<\/h3>\n<ol data-start=\"3245\" data-end=\"3906\" data-immersive-translate-walked=\"9ec46095-6f33-46d5-a55c-91c5fae88c58\">\n<li data-start=\"3245\" data-end=\"3361\" data-immersive-translate-walked=\"9ec46095-6f33-46d5-a55c-91c5fae88c58\">\n<p data-start=\"3248\" data-end=\"3361\" data-immersive-translate-walked=\"9ec46095-6f33-46d5-a55c-91c5fae88c58\" data-immersive-translate-paragraph=\"1\">Konzistentn\u00ed kvalita v\u00fdstupu<br data-start=\"3277\" data-end=\"3280\" data-immersive-translate-walked=\"9ec46095-6f33-46d5-a55c-91c5fae88c58\" \/>Z\u00edskejte rovnom\u011brn\u00e9 hobliny prvot\u0159\u00eddn\u00ed kvality vhodn\u00e9 pro komer\u010dn\u00ed dal\u0161\u00ed prodej nebo kone\u010dn\u00e9 pou\u017eit\u00ed.<\/p>\n<\/li>\n<li data-start=\"3363\" data-end=\"3473\" data-immersive-translate-walked=\"9ec46095-6f33-46d5-a55c-91c5fae88c58\">\n<p data-start=\"3366\" data-end=\"3473\" data-immersive-translate-walked=\"9ec46095-6f33-46d5-a55c-91c5fae88c58\" data-immersive-translate-paragraph=\"1\">Sn\u00ed\u017een\u00ed n\u00e1klad\u016f na pracovn\u00ed s\u00edlu<br data-start=\"3388\" data-end=\"3391\" data-immersive-translate-walked=\"9ec46095-6f33-46d5-a55c-91c5fae88c58\" \/>\u0158et\u011bzov\u00e9 pod\u00e1v\u00e1n\u00ed zaji\u0161\u0165uje poloautomatick\u00fd provoz s men\u0161\u00edm po\u010dtem ru\u010dn\u00edch z\u00e1sah\u016f.<\/p>\n<\/li>\n<li data-start=\"3475\" data-end=\"3611\" data-immersive-translate-walked=\"9ec46095-6f33-46d5-a55c-91c5fae88c58\">\n<p data-start=\"3478\" data-end=\"3611\" data-immersive-translate-walked=\"9ec46095-6f33-46d5-a55c-91c5fae88c58\" data-immersive-translate-paragraph=\"1\">Vysok\u00fd denn\u00ed v\u00fdkon<br data-start=\"3499\" data-end=\"3502\" data-immersive-translate-walked=\"9ec46095-6f33-46d5-a55c-91c5fae88c58\" \/>V z\u00e1vislosti na velikosti stroje a rozm\u011brech kmene dok\u00e1\u017ee zpracovat n\u011bkolik metr\u016f krychlov\u00fdch d\u0159eva za hodinu.<\/p>\n<\/li>\n<li data-start=\"3613\" data-end=\"3757\" data-immersive-translate-walked=\"9ec46095-6f33-46d5-a55c-91c5fae88c58\">\n<p data-start=\"3616\" data-end=\"3757\" data-immersive-translate-walked=\"9ec46095-6f33-46d5-a55c-91c5fae88c58\" data-immersive-translate-paragraph=\"1\">P\u0159izp\u016fsoben\u00ed va\u0161im pot\u0159eb\u00e1m<br data-start=\"3646\" data-end=\"3649\" data-immersive-translate-walked=\"9ec46095-6f33-46d5-a55c-91c5fae88c58\" \/>K dispozici je v\u00edce model\u016f s r\u016fznou tlou\u0161\u0165kou holen\u00ed, velikost\u00ed posuvu a konfigurac\u00ed v\u00fdkonu motoru.<\/p>\n<\/li>\n<li data-start=\"3759\" data-end=\"3906\" data-immersive-translate-walked=\"9ec46095-6f33-46d5-a55c-91c5fae88c58\">\n<p data-start=\"3762\" data-end=\"3906\" data-immersive-translate-walked=\"9ec46095-6f33-46d5-a55c-91c5fae88c58\" data-immersive-translate-paragraph=\"1\">N\u00edzk\u00e9 n\u00e1roky na \u00fadr\u017ebu, vysok\u00e1 n\u00e1vratnost investic<br data-start=\"3791\" data-end=\"3794\" data-immersive-translate-walked=\"9ec46095-6f33-46d5-a55c-91c5fae88c58\" \/>Navr\u017eeno pro dlouhou \u017eivotnost se snadno vym\u011bniteln\u00fdmi opot\u0159ebiteln\u00fdmi d\u00edly, co\u017e sni\u017euje prostoje a celkov\u00e9 n\u00e1klady na vlastnictv\u00ed.<\/p>\n<\/li>\n<\/ol>\n<h3 data-start=\"84\" data-end=\"137\" data-immersive-translate-walked=\"0ff46864-e9bc-4926-86d7-982219388fa6\" data-immersive-translate-paragraph=\"1\">K dispozici jsou modely s \u0159et\u011bzov\u00fdm i hydraulick\u00fdm posuvem<\/h3>\n<p data-start=\"139\" data-end=\"537\" data-immersive-translate-walked=\"0ff46864-e9bc-4926-86d7-982219388fa6\" data-immersive-translate-paragraph=\"1\">Krom\u011b verze s \u0159et\u011bzov\u00fdm posuvem nab\u00edz\u00edme tak\u00e9 hydraulick\u00fd stroj na hobliny, kter\u00fd poskytuje je\u0161t\u011b v\u011bt\u0161\u00ed flexibilitu pro r\u016fzn\u00e1 v\u00fdrobn\u00ed prost\u0159ed\u00ed a pot\u0159eby manipulace s materi\u00e1lem. Hydraulick\u00e1 verze je vybavena hydraulick\u00fdm tla\u010dn\u00fdm syst\u00e9mem, kter\u00fd tla\u010d\u00ed d\u0159ev\u011bn\u00fd materi\u00e1l dop\u0159edu do \u0159ezac\u00ed hlavy a zaji\u0161\u0165uje stabiln\u00ed pod\u00e1v\u00e1n\u00ed, zejm\u00e9na u nepravideln\u00fdch nebo krat\u0161\u00edch d\u0159ev\u011bn\u00fdch \u0161palk\u016f.<\/p>\n<h4 data-start=\"539\" data-end=\"580\" data-immersive-translate-walked=\"0ff46864-e9bc-4926-86d7-982219388fa6\" data-immersive-translate-paragraph=\"1\">Hlavn\u00ed v\u00fdhody hydraulick\u00e9ho modelu:<\/h4>\n<ul>\n<li data-start=\"584\" data-end=\"691\" data-immersive-translate-walked=\"0ff46864-e9bc-4926-86d7-982219388fa6\" data-immersive-translate-paragraph=\"1\">Dal\u0161\u00ed adaptivn\u00ed krmen\u00ed: Ide\u00e1ln\u00ed pro nestejnom\u011brn\u00e9 tvary d\u0159eva, jako jsou \u0161palky, kr\u00e1tk\u00e9 kmeny nebo zbytky d\u0159eva.<\/li>\n<li data-start=\"694\" data-end=\"793\" data-immersive-translate-walked=\"0ff46864-e9bc-4926-86d7-982219388fa6\" data-immersive-translate-paragraph=\"1\">Kompaktn\u00ed rozm\u011bry: Optimalizov\u00e1no pro omezen\u00fd prostor v d\u00edln\u011b, ani\u017e by byl ob\u011btov\u00e1n v\u00fdkon.<\/li>\n<li data-start=\"796\" data-end=\"902\" data-immersive-translate-walked=\"0ff46864-e9bc-4926-86d7-982219388fa6\" data-immersive-translate-paragraph=\"1\">Tich\u00fd a plynul\u00fd provoz: Hydraulick\u00fd posuv zaji\u0161\u0165uje hlad\u0161\u00ed pohyb s ni\u017e\u0161\u00edmi vibracemi a hlukem.<\/li>\n<li data-start=\"905\" data-end=\"1036\" data-immersive-translate-walked=\"0ff46864-e9bc-4926-86d7-982219388fa6\" data-immersive-translate-paragraph=\"1\">Snadn\u00e1 obsluha a \u00fadr\u017eba: Jednoduch\u00e9 hydraulick\u00e9 ovl\u00e1d\u00e1n\u00ed a men\u0161\u00ed po\u010det pohybliv\u00fdch \u010d\u00e1st\u00ed sni\u017euj\u00ed pracovn\u00ed z\u00e1t\u011b\u017e obsluhy a dobu \u00fadr\u017eby.<\/li>\n<\/ul>\n<p data-start=\"1038\" data-end=\"1227\" data-immersive-translate-walked=\"0ff46864-e9bc-4926-86d7-982219388fa6\" data-immersive-translate-paragraph=\"1\">Tato dvoj\u00ed nab\u00eddka - \u0159et\u011bzov\u00e9 a hydraulick\u00e9 d\u0159evoobr\u00e1b\u011bc\u00ed stroje - umo\u017e\u0148uje z\u00e1kazn\u00edk\u016fm vybrat si nejvhodn\u011bj\u0161\u00ed stroj podle typu materi\u00e1lu, objemu v\u00fdroby a po\u017eadavk\u016f na automatizaci.<\/p>","protected":false},"excerpt":{"rendered":"<p>Na\u0161e stroje na hobliny se dod\u00e1vaj\u00ed v modelech s \u0159et\u011bzov\u00fdm posuvem a hydraulick\u00fdch modelech, kter\u00e9 jsou navr\u017eeny pro zpracov\u00e1n\u00ed r\u016fzn\u00fdch druh\u016f a velikost\u00ed d\u0159eva. Vyr\u00e1b\u011bj\u00ed \u010dist\u00e9, konzistentn\u00ed hobliny ide\u00e1ln\u00ed pro podest\u00fdlku pro zv\u00ed\u0159ata, obaly a palivo z biomasy. Tyto stroje, vyroben\u00e9 z odoln\u00fdch materi\u00e1l\u016f a s \u00fa\u010dinn\u00fdmi no\u017ei, zaji\u0161\u0165uj\u00ed vysokou produktivitu, n\u00edzk\u00e9 n\u00e1roky na \u00fadr\u017ebu a bezpe\u010dn\u00fd provoz v pr\u016fmyslov\u00e9m prost\u0159ed\u00ed.<\/p>","protected":false},"featured_media":1942,"template":"","meta":{"site-sidebar-layout":"default","site-content-layout":"","ast-site-content-layout":"default","site-content-style":"default","site-sidebar-style":"default","ast-global-header-display":"","ast-banner-title-visibility":"","ast-main-header-display":"","ast-hfb-above-header-display":"","ast-hfb-below-header-display":"","ast-hfb-mobile-header-display":"","site-post-title":"","ast-breadcrumbs-content":"","ast-featured-img":"","footer-sml-layout":"","ast-disable-related-posts":"","theme-transparent-header-meta":"default","adv-header-id-meta":"","stick-header-meta":"","header-above-stick-meta":"","header-main-stick-meta":"","header-below-stick-meta":"","astra-migrate-meta-layouts":"set","ast-page-background-enabled":"default","ast-page-background-meta":{"desktop":{"background-color":"var(--ast-global-color-5)","background-image":"","background-repeat":"repeat","background-position":"center center","background-size":"auto","background-attachment":"scroll","background-type":"","background-media":"","overlay-type":"","overlay-color":"","overlay-opacity":"","overlay-gradient":""},"tablet":{"background-color":"","background-image":"","background-repeat":"repeat","background-position":"center center","background-size":"auto","background-attachment":"scroll","background-type":"","background-media":"","overlay-type":"","overlay-color":"","overlay-opacity":"","overlay-gradient":""},"mobile":{"background-color":"","background-image":"","background-repeat":"repeat","background-position":"center center","background-size":"auto","background-attachment":"scroll","background-type":"","background-media":"","overlay-type":"","overlay-color":"","overlay-opacity":"","overlay-gradient":""}},"ast-content-background-meta":{"desktop":{"background-color":"var(--ast-global-color-4)","background-image":"","background-repeat":"repeat","background-position":"center center","background-size":"auto","background-attachment":"scroll","background-type":"","background-media":"","overlay-type":"","overlay-color":"","overlay-opacity":"","overlay-gradient":""},"tablet":{"background-color":"var(--ast-global-color-4)","background-image":"","background-repeat":"repeat","background-position":"center center","background-size":"auto","background-attachment":"scroll","background-type":"","background-media":"","overlay-type":"","overlay-color":"","overlay-opacity":"","overlay-gradient":""},"mobile":{"background-color":"var(--ast-global-color-4)","background-image":"","background-repeat":"repeat","background-position":"center center","background-size":"auto","background-attachment":"scroll","background-type":"","background-media":"","overlay-type":"","overlay-color":"","overlay-opacity":"","overlay-gradient":""}}},"product_brand":[],"product_cat":[20,150],"product_tag":[],"class_list":{"0":"post-2004","1":"product","2":"type-product","3":"status-publish","4":"has-post-thumbnail","6":"product_cat-shredding-and-crushing-machine","7":"product_cat-wood-shavings-machine","8":"desktop-align-left","9":"tablet-align-left","10":"mobile-align-left","12":"first","13":"instock","14":"shipping-taxable","15":"product-type-simple"},"_links":{"self":[{"href":"https:\/\/www.gigapa.com\/cs\/wp-json\/wp\/v2\/product\/2004","targetHints":{"allow":["GET"]}}],"collection":[{"href":"https:\/\/www.gigapa.com\/cs\/wp-json\/wp\/v2\/product"}],"about":[{"href":"https:\/\/www.gigapa.com\/cs\/wp-json\/wp\/v2\/types\/product"}],"version-history":[{"count":3,"href":"https:\/\/www.gigapa.com\/cs\/wp-json\/wp\/v2\/product\/2004\/revisions"}],"predecessor-version":[{"id":2132,"href":"https:\/\/www.gigapa.com\/cs\/wp-json\/wp\/v2\/product\/2004\/revisions\/2132"}],"wp:featuredmedia":[{"embeddable":true,"href":"https:\/\/www.gigapa.com\/cs\/wp-json\/wp\/v2\/media\/1942"}],"wp:attachment":[{"href":"https:\/\/www.gigapa.com\/cs\/wp-json\/wp\/v2\/media?parent=2004"}],"wp:term":[{"taxonomy":"product_brand","embeddable":true,"href":"https:\/\/www.gigapa.com\/cs\/wp-json\/wp\/v2\/product_brand?post=2004"},{"taxonomy":"product_cat","embeddable":true,"href":"https:\/\/www.gigapa.com\/cs\/wp-json\/wp\/v2\/product_cat?post=2004"},{"taxonomy":"product_tag","embeddable":true,"href":"https:\/\/www.gigapa.com\/cs\/wp-json\/wp\/v2\/product_tag?post=2004"}],"curies":[{"name":"wp","href":"https:\/\/api.w.org\/{rel}","templated":true}]}}