{"id":2006,"date":"2025-06-18T08:26:33","date_gmt":"2025-06-18T00:26:33","guid":{"rendered":"https:\/\/www.gigapa.com\/?post_type=product&#038;p=2006"},"modified":"2025-10-13T09:16:48","modified_gmt":"2025-10-13T01:16:48","slug":"hopper-type-metal-baler","status":"publish","type":"product","link":"https:\/\/www.gigapa.com\/cs\/produkt\/hopper-type-metal-baler\/","title":{"rendered":"Kovov\u00fd lis s n\u00e1sypkou"},"content":{"rendered":"<p data-start=\"200\" data-end=\"629\">Lis na kovy s n\u00e1sypkou je vysoce \u00fa\u010dinn\u00fd lis ur\u010den\u00fd ke zpracov\u00e1n\u00ed velk\u00fdch objem\u016f kovov\u00e9ho \u0161rotu s minim\u00e1ln\u00edmi n\u00e1roky na pracovn\u00ed s\u00edlu. Tento t\u011b\u017ek\u00fd lis je vybaven syst\u00e9mem pod\u00e1v\u00e1n\u00ed do n\u00e1sypky, kter\u00fd umo\u017e\u0148uje nep\u0159etr\u017eit\u00e9 a automatick\u00e9 nakl\u00e1d\u00e1n\u00ed materi\u00e1lu, co\u017e z n\u011bj \u010din\u00ed ide\u00e1ln\u00ed volbu pro recykla\u010dn\u00ed za\u0159\u00edzen\u00ed, sb\u011brny \u0161rotu, z\u00e1vody na zpracov\u00e1n\u00ed oceli a pr\u016fmyslov\u00e9 v\u00fdrobce, kte\u0159\u00ed se sna\u017e\u00ed optimalizovat sv\u016fj proces manipulace s kovov\u00fdm odpadem.<\/p>\n<p data-start=\"631\" data-end=\"1056\">Na rozd\u00edl od tradi\u010dn\u00edch lis\u016f na kovy, kter\u00e9 vy\u017eaduj\u00ed ru\u010dn\u00ed pod\u00e1v\u00e1n\u00ed, lisy n\u00e1sypn\u00e9ho typu pou\u017e\u00edvaj\u00ed velkou n\u00e1sypku pro automatick\u00fd p\u0159\u00edjem kovov\u00e9ho \u0161rotu z dopravn\u00edk\u016f, vysokozdvi\u017en\u00fdch voz\u00edk\u016f nebo je\u0159\u00e1b\u016f. Jakmile se kov dostane do komory, stroj pomoc\u00ed v\u00fdkonn\u00fdch hydraulick\u00fdch v\u00e1lc\u016f stla\u010d\u00ed materi\u00e1l do hust\u00fdch, snadno zpracovateln\u00fdch bal\u00edk\u016f. Tento automatizovan\u00fd syst\u00e9m v\u00fdrazn\u011b zvy\u0161uje efektivitu provozu, sni\u017euje n\u00e1klady na pracovn\u00ed s\u00edlu a maximalizuje produkci.<\/p>\n<h3 data-start=\"1058\" data-end=\"1106\">Kl\u00ed\u010dov\u00e9 vlastnosti lisu na kovov\u00e9 bal\u00edky se z\u00e1sobn\u00edkem:<\/h3>\n<ul>\n<li data-start=\"1110\" data-end=\"1341\">Automatick\u00e9 pod\u00e1v\u00e1n\u00ed do z\u00e1sobn\u00edku: Integrovan\u00e1 n\u00e1sypka umo\u017e\u0148uje nep\u0159etr\u017eit\u00fd p\u0159\u00edsun kovov\u00e9ho odpadu bez nutnosti ru\u010dn\u00edho z\u00e1sahu. To je obzvl\u00e1\u0161t\u011b u\u017eite\u010dn\u00e9 pro za\u0159\u00edzen\u00ed, kter\u00e1 produkuj\u00ed velk\u00e9 objemy od\u0159ezk\u016f, od\u0159ezk\u016f nebo hoblin.<\/li>\n<li data-start=\"1344\" data-end=\"1507\">Robustn\u00ed hydraulick\u00fd syst\u00e9m: Bal\u00edk je vybaven vysokotlak\u00fdmi hydraulick\u00fdmi v\u00e1lci, kter\u00e9 lisuj\u00ed kovov\u00fd odpad do kompaktn\u00edch blok\u016f s rovnom\u011brnou hustotou a tvarem.<\/li>\n<li data-start=\"1510\" data-end=\"1650\">T\u011b\u017ek\u00fd r\u00e1m: R\u00e1m je vyroben z oceli odoln\u00e9 proti opot\u0159eben\u00ed a nab\u00edz\u00ed vynikaj\u00edc\u00ed pevnost a odolnost pro dlouhodob\u00e9 pr\u016fmyslov\u00e9 pou\u017eit\u00ed.<\/li>\n<li data-start=\"1653\" data-end=\"1806\">\u0158\u00eddic\u00ed syst\u00e9m PLC: Snadno pou\u017eiteln\u00e9 rozhran\u00ed s programovateln\u00fdm automatem (PLC) umo\u017e\u0148uje plnou automatizaci a p\u0159esn\u00e9 \u0159\u00edzen\u00ed procesu lisov\u00e1n\u00ed.<\/li>\n<li data-start=\"1809\" data-end=\"1967\">P\u0159izp\u016fsobiteln\u00e1 velikost bal\u00edk\u016f: V\u00fdstupn\u00ed rozm\u011bry bal\u00edk\u016f lze p\u0159izp\u016fsobit po\u017eadavk\u016fm z\u00e1kazn\u00edka a zajistit kompatibilitu s p\u0159epravn\u00edmi a skladovac\u00edmi syst\u00e9my.<\/li>\n<li data-start=\"1970\" data-end=\"2082\">Bezpe\u010dnostn\u00ed design: Zabudovan\u00e9 bezpe\u010dnostn\u00ed blok\u00e1dy a funkce nouzov\u00e9ho zastaven\u00ed zaji\u0161\u0165uj\u00ed ochranu obsluhy b\u011bhem pou\u017e\u00edv\u00e1n\u00ed.<\/li>\n<\/ul>\n<h3 data-start=\"2084\" data-end=\"2101\">Aplikace:<\/h3>\n<p data-start=\"2103\" data-end=\"2226\">Lis na kovy s n\u00e1sypkou je vhodn\u00fd pro \u0161irokou \u0161k\u00e1lu operac\u00ed recyklace kovov\u00e9ho \u0161rotu, mimo jin\u00e9 pro:<\/p>\n<ul>\n<li data-start=\"2229\" data-end=\"2244\">Ocel\u00e1rny<\/li>\n<li data-start=\"2247\" data-end=\"2285\">Z\u00e1vody na recyklaci ne\u017eelezn\u00fdch kov\u016f<\/li>\n<li data-start=\"2288\" data-end=\"2320\">Tov\u00e1rny na vytla\u010dov\u00e1n\u00ed hlin\u00edku<\/li>\n<li data-start=\"2323\" data-end=\"2356\">V\u00fdrobci automobilov\u00fdch d\u00edl\u016f<\/li>\n<li data-start=\"2359\" data-end=\"2387\">D\u00edlny na lisov\u00e1n\u00ed kov\u016f<\/li>\n<li data-start=\"2390\" data-end=\"2441\">Obr\u00e1b\u011bc\u00ed centra a v\u00fdrobny n\u00e1stroj\u016f<\/li>\n<\/ul>\n<p data-start=\"2443\" data-end=\"2476\">M\u016f\u017ee zpracov\u00e1vat materi\u00e1ly, jako jsou:<\/p>\n<ul>\n<li data-start=\"2479\" data-end=\"2494\">Hlin\u00edkov\u00fd \u0161rot<\/li>\n<li data-start=\"2497\" data-end=\"2519\">M\u011bd\u011bn\u00e9 dr\u00e1ty a trubky<\/li>\n<li data-start=\"2522\" data-end=\"2537\">Ocelov\u00e9 ozdoby<\/li>\n<li data-start=\"2540\" data-end=\"2562\">Zbytky nerezov\u00e9 oceli<\/li>\n<li data-start=\"2565\" data-end=\"2578\">\u017delezn\u00e9 hobliny<\/li>\n<li data-start=\"2581\" data-end=\"2599\">Kusy ze slitin kov\u016f<\/li>\n<\/ul>\n<p data-start=\"2601\" data-end=\"2799\">T\u00edm, \u017ee tento stroj p\u0159em\u011b\u0148uje voln\u011b lo\u017een\u00fd kovov\u00fd odpad na bal\u00edky s vysokou hustotou, pom\u00e1h\u00e1 podnik\u016fm u\u0161et\u0159it n\u00e1klady na dopravu a skladov\u00e1n\u00ed a z\u00e1rove\u0148 zvy\u0161uje hodnotu \u0161rotu p\u0159i prodeji hut\u00edm nebo zpracovatel\u016fm kov\u016f.<\/p>\n<h3 data-start=\"2801\" data-end=\"2853\">V\u00fdhody pou\u017e\u00edv\u00e1n\u00ed na\u0161eho lisu na kovov\u00e9 bal\u00edky:<\/h3>\n<ol>\n<li data-start=\"2858\" data-end=\"2993\">\u00daspora pr\u00e1ce: Automatick\u00e9 pod\u00e1v\u00e1n\u00ed znamen\u00e1, \u017ee k \u0159\u00edzen\u00ed procesu lisov\u00e1n\u00ed je zapot\u0159eb\u00ed m\u00e9n\u011b pracovn\u00edk\u016f, co\u017e uvol\u0148uje pracovn\u00ed s\u00edlu pro jin\u00e9 \u00fakoly.<\/li>\n<li data-start=\"2997\" data-end=\"3145\">\u010casov\u00e1 efektivita: Rychlej\u0161\u00ed provoz a konstrukce s plynul\u00fdm posuvem v\u00fdrazn\u011b zvy\u0161uj\u00ed produktivitu, tak\u017ee je mo\u017en\u00e9 zpracovat v\u00edce \u0161rotu za krat\u0161\u00ed dobu.<\/li>\n<li data-start=\"3149\" data-end=\"3278\">\u00daspora m\u00edsta: Lisovan\u00e9 bal\u00edky zab\u00edraj\u00ed podstatn\u011b m\u00e9n\u011b m\u00edsta ne\u017e voln\u011b lo\u017een\u00fd kov, co\u017e optimalizuje skladov\u00e1n\u00ed ve skladech a kontejnerech.<\/li>\n<li data-start=\"3282\" data-end=\"3391\">Vy\u0161\u0161\u00ed hodnota p\u0159i dal\u0161\u00edm prodeji: Hust\u00e9, rovnom\u011brn\u00e9 bal\u00edky se l\u00e9pe zpracov\u00e1vaj\u00ed a jsou cenn\u011bj\u0161\u00ed na recykla\u010dn\u00edm trhu.<\/li>\n<li data-start=\"3395\" data-end=\"3527\">Dodr\u017eov\u00e1n\u00ed p\u0159edpis\u016f v oblasti \u017eivotn\u00edho prost\u0159ed\u00ed: Pom\u00e1h\u00e1 plnit normy ochrany \u017eivotn\u00edho prost\u0159ed\u00ed t\u00edm, \u017ee podporuje udr\u017eiteln\u00e9 nakl\u00e1d\u00e1n\u00ed s odpady a recyklaci.<\/li>\n<\/ol>\n<h3 data-start=\"3529\" data-end=\"3572\">Pro\u010d si vybrat n\u00e1\u0161 lis na kovov\u00e9 bal\u00edky?<\/h3>\n<p data-start=\"3574\" data-end=\"3859\">M\u00e1me dlouholet\u00e9 zku\u0161enosti s navrhov\u00e1n\u00edm a v\u00fdrobou lisovac\u00edch za\u0159\u00edzen\u00ed pro pr\u016fmyslov\u00e9 a komer\u010dn\u00ed aplikace. Na\u0161e kovov\u00e9 lisy se z\u00e1sobn\u00edkem jsou precizn\u011b zkonstruov\u00e1ny s pou\u017eit\u00edm vysoce kvalitn\u00edch materi\u00e1l\u016f a spolehliv\u00fdch sou\u010d\u00e1st\u00ed, kter\u00e9 zaji\u0161\u0165uj\u00ed stabiln\u00ed v\u00fdkon v n\u00e1ro\u010dn\u00fdch podm\u00ednk\u00e1ch.<\/p>\n<p data-start=\"3861\" data-end=\"4149\">Nab\u00edz\u00edme tak\u00e9 slu\u017eby p\u0159izp\u016fsoben\u00ed va\u0161emu v\u00fdrobn\u00edmu uspo\u0159\u00e1d\u00e1n\u00ed a pot\u0159eb\u00e1m recyklace, v\u010detn\u011b \u00faprav velikosti z\u00e1sobn\u00edku, rozm\u011br\u016f bal\u00edk\u016f a v\u00fdkonu motoru. Pro zaji\u0161t\u011bn\u00ed spokojenosti z\u00e1kazn\u00edk\u016f poskytujeme komplexn\u00ed technickou podporu, poradenstv\u00ed p\u0159i instalaci a poprodejn\u00ed servis.<\/p>\n<h3 data-start=\"4156\" data-end=\"4170\">Z\u00e1v\u011br<\/h3>\n<p data-start=\"4172\" data-end=\"4584\">Lis na kovy se z\u00e1sobn\u00edkem je nezbytn\u00fdm vybaven\u00edm pro v\u0161echny podniky, kter\u00e9 se zab\u00fdvaj\u00ed velk\u00fdm mno\u017estv\u00edm kovov\u00e9ho \u0161rotu. D\u00edky automatick\u00e9mu pod\u00e1v\u00e1n\u00ed, v\u00fdkonn\u00e9mu hydraulick\u00e9mu stla\u010dov\u00e1n\u00ed a odoln\u00e9 konstrukci nab\u00edz\u00ed tento stroj bezkonkuren\u010dn\u00ed \u00fa\u010dinnost a spolehlivost. A\u0165 u\u017e zpracov\u00e1v\u00e1te hlin\u00edkov\u00fd, m\u011bd\u011bn\u00fd nebo ocelov\u00fd odpad, n\u00e1\u0161 lis v\u00e1m pom\u016f\u017ee sn\u00ed\u017eit n\u00e1klady, zefektivnit provoz a zv\u00fd\u0161it ziskovost.<\/p>","protected":false},"excerpt":{"rendered":"<p>Lis na kovy s n\u00e1sypkou zaji\u0161\u0165uje v\u00fdkonn\u00e9 zhut\u0148ov\u00e1n\u00ed p\u0159i zpracov\u00e1n\u00ed kovov\u00e9ho \u0161rotu. Jeho otev\u0159en\u00e1 konstrukce z\u00e1sobn\u00edku umo\u017e\u0148uje nep\u0159etr\u017eit\u00e9 pod\u00e1v\u00e1n\u00ed ocelov\u00e9ho, hlin\u00edkov\u00e9ho a m\u011bd\u011bn\u00e9ho \u0161rotu, zat\u00edmco hydraulick\u00fd tlak 50-200 T vytv\u00e1\u0159\u00ed hust\u00e9, stohovateln\u00e9 bal\u00edky (a\u017e 800 kg\/m3). Mezi funkce pat\u0159\u00ed automatick\u00e9 nakl\u00e1d\u00e1n\u00ed, \u0159\u00edzen\u00ed PLC a ochrana proti p\u0159et\u00ed\u017een\u00ed, co\u017e sni\u017euje n\u00e1klady na pracovn\u00ed s\u00edlu o 60%. Ide\u00e1ln\u00ed pro \u0161roti\u0161t\u011b, sl\u00e9v\u00e1rny a recykla\u010dn\u00ed z\u00e1vody.<\/p>","protected":false},"featured_media":1941,"template":"","meta":{"site-sidebar-layout":"default","site-content-layout":"","ast-site-content-layout":"default","site-content-style":"default","site-sidebar-style":"default","ast-global-header-display":"","ast-banner-title-visibility":"","ast-main-header-display":"","ast-hfb-above-header-display":"","ast-hfb-below-header-display":"","ast-hfb-mobile-header-display":"","site-post-title":"","ast-breadcrumbs-content":"","ast-featured-img":"","footer-sml-layout":"","ast-disable-related-posts":"","theme-transparent-header-meta":"default","adv-header-id-meta":"","stick-header-meta":"","header-above-stick-meta":"","header-main-stick-meta":"","header-below-stick-meta":"","astra-migrate-meta-layouts":"set","ast-page-background-enabled":"default","ast-page-background-meta":{"desktop":{"background-color":"var(--ast-global-color-5)","background-image":"","background-repeat":"repeat","background-position":"center center","background-size":"auto","background-attachment":"scroll","background-type":"","background-media":"","overlay-type":"","overlay-color":"","overlay-opacity":"","overlay-gradient":""},"tablet":{"background-color":"","background-image":"","background-repeat":"repeat","background-position":"center center","background-size":"auto","background-attachment":"scroll","background-type":"","background-media":"","overlay-type":"","overlay-color":"","overlay-opacity":"","overlay-gradient":""},"mobile":{"background-color":"","background-image":"","background-repeat":"repeat","background-position":"center center","background-size":"auto","background-attachment":"scroll","background-type":"","background-media":"","overlay-type":"","overlay-color":"","overlay-opacity":"","overlay-gradient":""}},"ast-content-background-meta":{"desktop":{"background-color":"var(--ast-global-color-4)","background-image":"","background-repeat":"repeat","background-position":"center center","background-size":"auto","background-attachment":"scroll","background-type":"","background-media":"","overlay-type":"","overlay-color":"","overlay-opacity":"","overlay-gradient":""},"tablet":{"background-color":"var(--ast-global-color-4)","background-image":"","background-repeat":"repeat","background-position":"center center","background-size":"auto","background-attachment":"scroll","background-type":"","background-media":"","overlay-type":"","overlay-color":"","overlay-opacity":"","overlay-gradient":""},"mobile":{"background-color":"var(--ast-global-color-4)","background-image":"","background-repeat":"repeat","background-position":"center center","background-size":"auto","background-attachment":"scroll","background-type":"","background-media":"","overlay-type":"","overlay-color":"","overlay-opacity":"","overlay-gradient":""}}},"product_brand":[],"product_cat":[21,155],"product_tag":[],"class_list":{"0":"post-2006","1":"product","2":"type-product","3":"status-publish","4":"has-post-thumbnail","6":"product_cat-baling-machine","7":"product_cat-metal-baler","8":"desktop-align-left","9":"tablet-align-left","10":"mobile-align-left","12":"first","13":"instock","14":"shipping-taxable","15":"product-type-simple"},"_links":{"self":[{"href":"https:\/\/www.gigapa.com\/cs\/wp-json\/wp\/v2\/product\/2006","targetHints":{"allow":["GET"]}}],"collection":[{"href":"https:\/\/www.gigapa.com\/cs\/wp-json\/wp\/v2\/product"}],"about":[{"href":"https:\/\/www.gigapa.com\/cs\/wp-json\/wp\/v2\/types\/product"}],"version-history":[{"count":3,"href":"https:\/\/www.gigapa.com\/cs\/wp-json\/wp\/v2\/product\/2006\/revisions"}],"predecessor-version":[{"id":2150,"href":"https:\/\/www.gigapa.com\/cs\/wp-json\/wp\/v2\/product\/2006\/revisions\/2150"}],"wp:featuredmedia":[{"embeddable":true,"href":"https:\/\/www.gigapa.com\/cs\/wp-json\/wp\/v2\/media\/1941"}],"wp:attachment":[{"href":"https:\/\/www.gigapa.com\/cs\/wp-json\/wp\/v2\/media?parent=2006"}],"wp:term":[{"taxonomy":"product_brand","embeddable":true,"href":"https:\/\/www.gigapa.com\/cs\/wp-json\/wp\/v2\/product_brand?post=2006"},{"taxonomy":"product_cat","embeddable":true,"href":"https:\/\/www.gigapa.com\/cs\/wp-json\/wp\/v2\/product_cat?post=2006"},{"taxonomy":"product_tag","embeddable":true,"href":"https:\/\/www.gigapa.com\/cs\/wp-json\/wp\/v2\/product_tag?post=2006"}],"curies":[{"name":"wp","href":"https:\/\/api.w.org\/{rel}","templated":true}]}}