{"id":2012,"date":"2025-06-17T16:08:51","date_gmt":"2025-06-17T08:08:51","guid":{"rendered":"https:\/\/www.gigapa.com\/?post_type=product&#038;p=2012"},"modified":"2025-10-13T09:17:02","modified_gmt":"2025-10-13T01:17:02","slug":"dual-shaft-shredder-for-waste-recycling","status":"publish","type":"product","link":"https:\/\/www.gigapa.com\/cs\/produkt\/dual-shaft-shredder-for-waste-recycling\/","title":{"rendered":"Dvouh\u0159\u00eddelov\u00fd drti\u010d pro recyklaci odpadu"},"content":{"rendered":"<p data-start=\"212\" data-end=\"598\" data-immersive-translate-walked=\"cc814a56-c726-41fa-87f3-90e3d83f536c\" data-immersive-translate-paragraph=\"1\">Dvouh\u0159\u00eddelov\u00fd drti\u010d pro recyklaci odpadu je vysoce univerz\u00e1ln\u00ed a robustn\u00ed stroj ur\u010den\u00fd pro zpracov\u00e1n\u00ed \u0161irok\u00e9 \u0161k\u00e1ly odpadn\u00edch materi\u00e1l\u016f. Tento dvouh\u0159\u00eddelov\u00fd drti\u010d, kter\u00fd je vyroben z komponent\u016f pr\u016fmyslov\u00e9 t\u0159\u00eddy a zkonstruov\u00e1n pro maxim\u00e1ln\u00ed \u00fa\u010dinnost, je ide\u00e1ln\u00edm \u0159e\u0161en\u00edm pro pr\u016fmyslov\u00e1 odv\u011btv\u00ed, kter\u00e1 cht\u011bj\u00ed sn\u00ed\u017eit objem odpadu, zlep\u0161it \u00fa\u010dinnost recyklace a zajistit soulad s p\u0159edpisy na ochranu \u017eivotn\u00edho prost\u0159ed\u00ed.<\/p>\n<h3 data-start=\"600\" data-end=\"657\" data-immersive-translate-walked=\"cc814a56-c726-41fa-87f3-90e3d83f536c\" data-immersive-translate-paragraph=\"1\">Bezkonkuren\u010dn\u00ed v\u00fdkon pro zpracov\u00e1n\u00ed t\u011b\u017ek\u00e9ho odpadu<\/h3>\n<p data-start=\"659\" data-end=\"1132\" data-immersive-translate-walked=\"cc814a56-c726-41fa-87f3-90e3d83f536c\" data-immersive-translate-paragraph=\"1\">Z\u00e1kladem tohoto drti\u010de jsou dva protib\u011b\u017en\u00e9 h\u0159\u00eddele vybaven\u00e9 motory s vysok\u00fdm to\u010div\u00fdm momentem a n\u00edzk\u00fdmi ot\u00e1\u010dkami. Tato konstrukce umo\u017e\u0148uje drti\u010di snadno zpracov\u00e1vat i ty nejtvrd\u0161\u00ed materi\u00e1ly, jako jsou plastov\u00e9 sudy, kovov\u00fd odpad, elektronick\u00fd odpad, d\u0159ev\u011bn\u00e9 palety, gumov\u00e9 pneumatiky, textil a tuh\u00fd komun\u00e1ln\u00ed odpad (TKO). Pomalob\u011b\u017en\u00fd provoz minimalizuje hluk a tvorbu prachu a z\u00e1rove\u0148 zabra\u0148uje zasek\u00e1v\u00e1n\u00ed a p\u0159eh\u0159\u00edv\u00e1n\u00ed, co\u017e je ide\u00e1ln\u00ed pro nep\u0159etr\u017eit\u00fd provoz v n\u00e1ro\u010dn\u00fdch prost\u0159ed\u00edch.<\/p>\n<h3 data-start=\"1134\" data-end=\"1182\" data-immersive-translate-walked=\"cc814a56-c726-41fa-87f3-90e3d83f536c\" data-immersive-translate-paragraph=\"1\">Odoln\u00e1 konstrukce, navr\u017een\u00e1 pro dlouhou \u017eivotnost<\/h3>\n<p data-start=\"1184\" data-end=\"1556\" data-immersive-translate-walked=\"cc814a56-c726-41fa-87f3-90e3d83f536c\" data-immersive-translate-paragraph=\"1\">Dvouh\u0159\u00eddelov\u00fd drti\u010d pro recyklaci odpadu je vyroben z odoln\u00e9ho ocelov\u00e9ho pouzdra a no\u017e\u016f odoln\u00fdch proti opot\u0159eben\u00ed, kter\u00e9 zaru\u010duj\u00ed dlouhodobou \u017eivotnost. No\u017ee jsou vyrobeny z vysoce legovan\u00e9 kalen\u00e9 oceli a jsou pln\u011b vym\u011bniteln\u00e9, co\u017e sni\u017euje n\u00e1klady na \u00fadr\u017ebu a prostoje. P\u0159evodovka a motor jsou integrov\u00e1ny pro kompaktn\u00ed v\u00fdkon a optimalizovan\u00fd p\u0159enos v\u00fdkonu.<\/p>\n<h3 data-start=\"1558\" data-end=\"1602\" data-immersive-translate-walked=\"cc814a56-c726-41fa-87f3-90e3d83f536c\" data-immersive-translate-paragraph=\"1\">V\u0161estrann\u00e9 pou\u017eit\u00ed v r\u016fzn\u00fdch odv\u011btv\u00edch<\/h3>\n<p data-start=\"1604\" data-end=\"1774\" data-immersive-translate-walked=\"cc814a56-c726-41fa-87f3-90e3d83f536c\" data-immersive-translate-paragraph=\"1\">Tento dvouh\u0159\u00eddelov\u00fd drti\u010d se \u0161iroce pou\u017e\u00edv\u00e1 v recykla\u010dn\u00edch z\u00e1vodech, v\u00fdrobn\u00edch za\u0159\u00edzen\u00edch, za\u0159\u00edzen\u00edch na v\u00fdrobu energie z odpadu a logistick\u00fdch skladech. Podporuje aplikace, jako jsou:<\/p>\n<ul>\n<li data-start=\"1778\" data-end=\"1842\" data-immersive-translate-walked=\"cc814a56-c726-41fa-87f3-90e3d83f536c\" data-immersive-translate-paragraph=\"1\">Recyklace plast\u016f - drcen\u00ed HDPE, PP, PET, PVC a dal\u0161\u00edch materi\u00e1l\u016f<\/li>\n<li data-start=\"1845\" data-end=\"1917\" data-immersive-translate-walked=\"cc814a56-c726-41fa-87f3-90e3d83f536c\" data-immersive-translate-paragraph=\"1\">Recyklace kov\u016f - manipulace s lehk\u00fdmi \u017eelezn\u00fdmi a ne\u017eelezn\u00fdmi materi\u00e1ly<\/li>\n<li data-start=\"1920\" data-end=\"2010\" data-immersive-translate-walked=\"cc814a56-c726-41fa-87f3-90e3d83f536c\" data-immersive-translate-paragraph=\"1\">Elektronick\u00fd odpad (e-odpad) - demont\u00e1\u017e desek plo\u0161n\u00fdch spoj\u016f, kabel\u016f a mal\u00fdch spot\u0159ebi\u010d\u016f.<\/li>\n<li data-start=\"2013\" data-end=\"2082\" data-immersive-translate-walked=\"cc814a56-c726-41fa-87f3-90e3d83f536c\" data-immersive-translate-paragraph=\"1\">Zpracov\u00e1n\u00ed pry\u017ee - drcen\u00ed pneumatik a pry\u017eov\u00fdch desek pro dal\u0161\u00ed pou\u017eit\u00ed<\/li>\n<li data-start=\"2085\" data-end=\"2148\" data-immersive-translate-walked=\"cc814a56-c726-41fa-87f3-90e3d83f536c\" data-immersive-translate-paragraph=\"1\">Recyklace d\u0159eva - rozbit\u00ed palet a d\u0159ev\u011bn\u00fdch obal\u016f<\/li>\n<li data-start=\"2151\" data-end=\"2230\" data-immersive-translate-walked=\"cc814a56-c726-41fa-87f3-90e3d83f536c\" data-immersive-translate-paragraph=\"1\">Drcen\u00ed textilu - redukce star\u00fdch od\u011bv\u016f, tkanin a netkan\u00fdch materi\u00e1l\u016f<\/li>\n<\/ul>\n<h3 data-start=\"2232\" data-end=\"2276\" data-immersive-translate-walked=\"cc814a56-c726-41fa-87f3-90e3d83f536c\" data-immersive-translate-paragraph=\"1\">Inteligentn\u00ed ovl\u00e1d\u00e1n\u00ed a bezpe\u010dnostn\u00ed funkce<\/h3>\n<p data-start=\"2278\" data-end=\"2670\" data-immersive-translate-walked=\"cc814a56-c726-41fa-87f3-90e3d83f536c\" data-immersive-translate-paragraph=\"1\">Drti\u010d je vybaven u\u017eivatelsky p\u0159\u00edv\u011btiv\u00fdm ovl\u00e1dac\u00edm panelem a syst\u00e9mem PLC, kter\u00fd umo\u017e\u0148uje obsluze snadno upravovat nastaven\u00ed a sledovat provoz v re\u00e1ln\u00e9m \u010dase. Je vybaven automatickou ochranou proti p\u0159et\u00ed\u017een\u00ed, tla\u010d\u00edtky nouzov\u00e9ho zastaven\u00ed a funkc\u00ed zp\u011btn\u00e9ho chodu, kter\u00e1 zabra\u0148uje po\u0161kozen\u00ed v d\u016fsledku neo\u010dek\u00e1van\u00e9ho zablokov\u00e1n\u00ed. Tyto bezpe\u010dnostn\u00ed funkce zaji\u0161\u0165uj\u00ed bezpe\u010dn\u00fd provoz a chr\u00e1n\u00ed stroj i obsluhu.<\/p>\n<h3 data-start=\"2672\" data-end=\"2713\" data-immersive-translate-walked=\"cc814a56-c726-41fa-87f3-90e3d83f536c\" data-immersive-translate-paragraph=\"1\">Ekologicky \u0161etrn\u00e9 \u0159e\u0161en\u00ed pro sni\u017eov\u00e1n\u00ed mno\u017estv\u00ed odpadu<\/h3>\n<p data-start=\"2715\" data-end=\"3126\" data-immersive-translate-walked=\"cc814a56-c726-41fa-87f3-90e3d83f536c\" data-immersive-translate-paragraph=\"1\">Dvouh\u0159\u00eddelov\u00fd drti\u010d pro recyklaci odpadu hraje kl\u00ed\u010dovou roli p\u0159i minimalizaci skl\u00e1dkov\u00e9ho odpadu a maximalizaci vyu\u017eit\u00ed materi\u00e1lu. Efektivn\u00edm rozm\u011bln\u011bn\u00edm objemn\u00e9ho odpadu na men\u0161\u00ed, snadno zpracovateln\u00e9 kusy zjednodu\u0161uje n\u00e1sledn\u00e9 zpracov\u00e1n\u00ed a pom\u00e1h\u00e1 plnit ekologick\u00e9 normy. Spole\u010dnosti, kter\u00e9 cht\u011bj\u00ed sn\u00ed\u017eit svou uhl\u00edkovou stopu a podporovat ob\u011bhov\u00e9 hospod\u00e1\u0159stv\u00ed, najdou v tomto drti\u010di z\u00e1sadn\u00ed p\u0159\u00ednos.<\/p>\n<h3 data-start=\"3128\" data-end=\"3174\" data-immersive-translate-walked=\"cc814a56-c726-41fa-87f3-90e3d83f536c\" data-immersive-translate-paragraph=\"1\">Snadn\u00e1 \u00fadr\u017eba a mo\u017enosti p\u0159izp\u016fsoben\u00ed<\/h3>\n<p data-start=\"3176\" data-end=\"3598\" data-immersive-translate-walked=\"cc814a56-c726-41fa-87f3-90e3d83f536c\" data-immersive-translate-paragraph=\"1\">Skartova\u010d je navr\u017een s ohledem na p\u0159\u00edstupnost, co\u017e umo\u017e\u0148uje rychlou v\u00fdm\u011bnu no\u017e\u016f a vnit\u0159n\u00ed \u010di\u0161t\u011bn\u00ed. Je k dispozici v r\u016fzn\u00fdch modelech s p\u0159izp\u016fsobiteln\u00fdmi konfiguracemi, jako je \u0161\u00ed\u0159ka no\u017e\u016f, v\u00fdkon motoru, velikost n\u00e1sypky a mo\u017enosti v\u00fdsypu, kter\u00e9 vyhovuj\u00ed specifick\u00fdm pot\u0159eb\u00e1m recyklace. A\u0165 u\u017e provozujete mal\u00fd recykla\u010dn\u00ed z\u00e1vod nebo rozs\u00e1hl\u00e9 pr\u016fmyslov\u00e9 za\u0159\u00edzen\u00ed, tento drti\u010d lze p\u0159izp\u016fsobit p\u0159esn\u011b va\u0161im po\u017eadavk\u016fm.<\/p>\n<h3 data-start=\"3605\" data-end=\"3664\" data-immersive-translate-walked=\"cc814a56-c726-41fa-87f3-90e3d83f536c\">Pro\u010d si vybrat n\u00e1\u0161 dvouh\u0159\u00eddelov\u00fd drti\u010d pro recyklaci odpadu?<\/h3>\n<ul data-start=\"3666\" data-end=\"3975\" data-immersive-translate-walked=\"cc814a56-c726-41fa-87f3-90e3d83f536c\">\n<li data-start=\"3666\" data-end=\"3739\" data-immersive-translate-walked=\"cc814a56-c726-41fa-87f3-90e3d83f536c\">\n<p data-start=\"3668\" data-end=\"3739\" data-immersive-translate-walked=\"cc814a56-c726-41fa-87f3-90e3d83f536c\">Vysok\u00fd kroutic\u00ed moment, n\u00edzk\u00e1 rychlost drcen\u00ed pro vynikaj\u00edc\u00ed v\u00fdkon a p\u0159esnost<\/p>\n<\/li>\n<li data-start=\"3740\" data-end=\"3788\" data-immersive-translate-walked=\"cc814a56-c726-41fa-87f3-90e3d83f536c\">\n<p data-start=\"3742\" data-end=\"3788\" data-immersive-translate-walked=\"cc814a56-c726-41fa-87f3-90e3d83f536c\">Zpracov\u00e1v\u00e1 \u0161irokou \u0161k\u00e1lu odpadn\u00edch materi\u00e1l\u016f<\/p>\n<\/li>\n<li data-start=\"3789\" data-end=\"3848\" data-immersive-translate-walked=\"cc814a56-c726-41fa-87f3-90e3d83f536c\">\n<p data-start=\"3791\" data-end=\"3848\" data-immersive-translate-walked=\"cc814a56-c726-41fa-87f3-90e3d83f536c\">Navr\u017eeno pro minim\u00e1ln\u00ed prostoje a n\u00edzk\u00e9 n\u00e1roky na \u00fadr\u017ebu<\/p>\n<\/li>\n<li data-start=\"3849\" data-end=\"3912\" data-immersive-translate-walked=\"cc814a56-c726-41fa-87f3-90e3d83f536c\">\n<p data-start=\"3851\" data-end=\"3912\" data-immersive-translate-walked=\"cc814a56-c726-41fa-87f3-90e3d83f536c\">Podporuje ekologick\u00e9 iniciativy a c\u00edle minimalizace odpadu<\/p>\n<\/li>\n<li data-start=\"3913\" data-end=\"3975\" data-immersive-translate-walked=\"cc814a56-c726-41fa-87f3-90e3d83f536c\">\n<p data-start=\"3915\" data-end=\"3975\" data-immersive-translate-walked=\"cc814a56-c726-41fa-87f3-90e3d83f536c\">Spl\u0148uje mezin\u00e1rodn\u00ed normy kvality a bezpe\u010dnosti<\/p>\n<\/li>\n<\/ul>\n<h3 data-start=\"3982\" data-end=\"3996\" data-immersive-translate-walked=\"cc814a56-c726-41fa-87f3-90e3d83f536c\">Z\u00e1v\u011br<\/h3>\n<p data-start=\"3998\" data-end=\"4396\" data-immersive-translate-walked=\"cc814a56-c726-41fa-87f3-90e3d83f536c\" data-immersive-translate-paragraph=\"1\">Pokud hled\u00e1te spolehliv\u00e9, vysoce v\u00fdkonn\u00e9 \u0159e\u0161en\u00ed pro ekologick\u00e9 a n\u00e1kladov\u011b efektivn\u00ed zpracov\u00e1n\u00ed odpadu, je dvouh\u0159\u00eddelov\u00fd drti\u010d pro recyklaci odpadu tou nejlep\u0161\u00ed volbou. Je navr\u017een tak, aby zvl\u00e1dal v\u00fdzvy modern\u00edho nakl\u00e1d\u00e1n\u00ed s odpady, a nab\u00edz\u00ed odolnost, \u00fa\u010dinnost a flexibilitu, kter\u00e9 zlep\u0161\u00ed va\u0161e recykla\u010dn\u00ed operace a pomohou budovat udr\u017eitelnou budoucnost.<\/p>","protected":false},"excerpt":{"rendered":"<p>N\u00e1\u0161 dvouh\u0159\u00eddelov\u00fd drti\u010d je zkonstruov\u00e1n pro vysoce v\u00fdkonnou recyklaci odpadu a bez n\u00e1mahy zpracov\u00e1v\u00e1 plasty, d\u0159evo, pry\u017e a lehk\u00e9 kovy. Je vybaven robustn\u00edmi dvojit\u00fdmi h\u0159\u00eddeli s kalen\u00fdmi no\u017ei a zaji\u0161\u0165uje konzistentn\u00ed drcen\u00ed s minim\u00e1ln\u00ed \u00fadr\u017ebou. Tento drti\u010d, ide\u00e1ln\u00ed pro pr\u016fmyslov\u00e1, komun\u00e1ln\u00ed a recykla\u010dn\u00ed za\u0159\u00edzen\u00ed, maximalizuje v\u00fdkon a z\u00e1rove\u0148 sni\u017euje spot\u0159ebu energie. Jeho odoln\u00e1 konstrukce a p\u0159izp\u016fsobiteln\u00e9 velikosti s\u00edt umo\u017e\u0148uj\u00ed p\u0159esnou kontrolu nad velikost\u00ed v\u00fdstupn\u00edho materi\u00e1lu. A\u0165 u\u017e zpracov\u00e1v\u00e1te objemn\u00fd odpad nebo p\u0159ipravujete materi\u00e1ly k dal\u0161\u00ed recyklaci, tento stroj poskytuje bezkonkuren\u010dn\u00ed spolehlivost.<\/p>","protected":false},"featured_media":2151,"template":"","meta":{"site-sidebar-layout":"default","site-content-layout":"","ast-site-content-layout":"default","site-content-style":"default","site-sidebar-style":"default","ast-global-header-display":"","ast-banner-title-visibility":"","ast-main-header-display":"","ast-hfb-above-header-display":"","ast-hfb-below-header-display":"","ast-hfb-mobile-header-display":"","site-post-title":"","ast-breadcrumbs-content":"","ast-featured-img":"","footer-sml-layout":"","ast-disable-related-posts":"","theme-transparent-header-meta":"default","adv-header-id-meta":"","stick-header-meta":"","header-above-stick-meta":"","header-main-stick-meta":"","header-below-stick-meta":"","astra-migrate-meta-layouts":"set","ast-page-background-enabled":"default","ast-page-background-meta":{"desktop":{"background-color":"var(--ast-global-color-5)","background-image":"","background-repeat":"repeat","background-position":"center center","background-size":"auto","background-attachment":"scroll","background-type":"","background-media":"","overlay-type":"","overlay-color":"","overlay-opacity":"","overlay-gradient":""},"tablet":{"background-color":"","background-image":"","background-repeat":"repeat","background-position":"center center","background-size":"auto","background-attachment":"scroll","background-type":"","background-media":"","overlay-type":"","overlay-color":"","overlay-opacity":"","overlay-gradient":""},"mobile":{"background-color":"","background-image":"","background-repeat":"repeat","background-position":"center center","background-size":"auto","background-attachment":"scroll","background-type":"","background-media":"","overlay-type":"","overlay-color":"","overlay-opacity":"","overlay-gradient":""}},"ast-content-background-meta":{"desktop":{"background-color":"var(--ast-global-color-4)","background-image":"","background-repeat":"repeat","background-position":"center center","background-size":"auto","background-attachment":"scroll","background-type":"","background-media":"","overlay-type":"","overlay-color":"","overlay-opacity":"","overlay-gradient":""},"tablet":{"background-color":"var(--ast-global-color-4)","background-image":"","background-repeat":"repeat","background-position":"center center","background-size":"auto","background-attachment":"scroll","background-type":"","background-media":"","overlay-type":"","overlay-color":"","overlay-opacity":"","overlay-gradient":""},"mobile":{"background-color":"var(--ast-global-color-4)","background-image":"","background-repeat":"repeat","background-position":"center center","background-size":"auto","background-attachment":"scroll","background-type":"","background-media":"","overlay-type":"","overlay-color":"","overlay-opacity":"","overlay-gradient":""}}},"product_brand":[],"product_cat":[20,149],"product_tag":[],"class_list":{"0":"post-2012","1":"product","2":"type-product","3":"status-publish","4":"has-post-thumbnail","6":"product_cat-shredding-and-crushing-machine","7":"product_cat-double-shaft-shredder","8":"desktop-align-left","9":"tablet-align-left","10":"mobile-align-left","12":"first","13":"instock","14":"shipping-taxable","15":"product-type-simple"},"_links":{"self":[{"href":"https:\/\/www.gigapa.com\/cs\/wp-json\/wp\/v2\/product\/2012","targetHints":{"allow":["GET"]}}],"collection":[{"href":"https:\/\/www.gigapa.com\/cs\/wp-json\/wp\/v2\/product"}],"about":[{"href":"https:\/\/www.gigapa.com\/cs\/wp-json\/wp\/v2\/types\/product"}],"version-history":[{"count":2,"href":"https:\/\/www.gigapa.com\/cs\/wp-json\/wp\/v2\/product\/2012\/revisions"}],"predecessor-version":[{"id":2152,"href":"https:\/\/www.gigapa.com\/cs\/wp-json\/wp\/v2\/product\/2012\/revisions\/2152"}],"wp:featuredmedia":[{"embeddable":true,"href":"https:\/\/www.gigapa.com\/cs\/wp-json\/wp\/v2\/media\/2151"}],"wp:attachment":[{"href":"https:\/\/www.gigapa.com\/cs\/wp-json\/wp\/v2\/media?parent=2012"}],"wp:term":[{"taxonomy":"product_brand","embeddable":true,"href":"https:\/\/www.gigapa.com\/cs\/wp-json\/wp\/v2\/product_brand?post=2012"},{"taxonomy":"product_cat","embeddable":true,"href":"https:\/\/www.gigapa.com\/cs\/wp-json\/wp\/v2\/product_cat?post=2012"},{"taxonomy":"product_tag","embeddable":true,"href":"https:\/\/www.gigapa.com\/cs\/wp-json\/wp\/v2\/product_tag?post=2012"}],"curies":[{"name":"wp","href":"https:\/\/api.w.org\/{rel}","templated":true}]}}