{"id":2014,"date":"2025-06-18T08:21:38","date_gmt":"2025-06-18T00:21:38","guid":{"rendered":"https:\/\/www.gigapa.com\/?post_type=product&#038;p=2014"},"modified":"2025-10-13T09:16:53","modified_gmt":"2025-10-13T01:16:53","slug":"metal-scrap-baling-press-machine","status":"publish","type":"product","link":"https:\/\/www.gigapa.com\/cs\/produkt\/metal-scrap-baling-press-machine\/","title":{"rendered":"Lis na kovov\u00fd \u0161rot"},"content":{"rendered":"<p data-start=\"211\" data-end=\"708\">Na str\u00e1nk\u00e1ch <a href=\"https:\/\/www.gigapa.com\/cs\/1-minute-understand-door-type-metal-briquetting-machine\/\"><i>lis na lisov\u00e1n\u00ed kovov\u00e9ho \u0161rotu<\/i><\/a>\u00a0je vysoce \u00fa\u010dinn\u00e9 a odoln\u00e9 pr\u016fmyslov\u00e9 za\u0159\u00edzen\u00ed ur\u010den\u00e9 ke stla\u010dov\u00e1n\u00ed r\u016fzn\u00fdch typ\u016f kovov\u00e9ho \u0161rotu do hust\u00fdch bal\u00edk\u016f. Tento stroj se \u0161iroce pou\u017e\u00edv\u00e1 v pr\u016fmyslov\u00fdch odv\u011btv\u00edch, jako je recyklace kov\u016f, demont\u00e1\u017e automobil\u016f, v\u00fdroba oceli a z\u00e1vody na zpracov\u00e1n\u00ed kov\u016f. Zmen\u0161en\u00edm objemu \u0161rotu zjednodu\u0161uje manipulaci, skladov\u00e1n\u00ed, p\u0159epravu a recyklaci a v kone\u010dn\u00e9m d\u016fsledku p\u0159isp\u00edv\u00e1 k \u010dist\u0161\u00edmu a udr\u017eiteln\u011bj\u0161\u00edmu pr\u016fmyslov\u00e9mu prost\u0159ed\u00ed.<\/p>\n<h3 data-start=\"710\" data-end=\"759\">Precizn\u00ed konstrukce pro maxim\u00e1ln\u00ed v\u00fdkon<\/h3>\n<p data-start=\"761\" data-end=\"1098\">N\u00e1\u0161 lis na kovov\u00fd \u0161rot je zkonstruov\u00e1n s pokro\u010dil\u00fdmi hydraulick\u00fdmi syst\u00e9my a vysoce pevn\u00fdmi materi\u00e1ly, kter\u00e9 zaji\u0161\u0165uj\u00ed silnou lisovac\u00ed s\u00edlu a konzistentn\u00ed hustotu bal\u00edk\u016f. Za\u0159\u00edzen\u00ed je schopno zpracov\u00e1vat \u017eelezn\u00fd i ne\u017eelezn\u00fd kovov\u00fd \u0161rot, v\u010detn\u011b hlin\u00edku, m\u011bdi, \u017eeleza, oceli, nerezov\u00e9 oceli a slitinov\u00fdch materi\u00e1l\u016f.<\/p>\n<p data-start=\"1100\" data-end=\"1419\">Hydraulick\u00fd syst\u00e9m vytv\u00e1\u0159\u00ed zna\u010dn\u00fd tlak pro stla\u010den\u00ed objemn\u00e9ho a nepravideln\u011b tvarovan\u00e9ho \u0161rotu do kompaktn\u00edch blok\u016f, \u010d\u00edm\u017e optimalizuje nosnost n\u00e1kladn\u00edch vozidel nebo kontejner\u016f. Toto zmen\u0161en\u00ed objemu pom\u00e1h\u00e1 recykl\u00e1tor\u016fm u\u0161et\u0159it n\u00e1klady na p\u0159epravu a skladov\u00e1n\u00ed a z\u00e1rove\u0148 zvy\u0161uje hodnotu zpracovan\u00e9ho \u0161rotu pro dal\u0161\u00ed prodej nebo taven\u00ed.<\/p>\n<h3 data-start=\"1421\" data-end=\"1452\">Kl\u00ed\u010dov\u00e9 vlastnosti a v\u00fdhody<\/h3>\n<ul>\n<li data-start=\"1456\" data-end=\"1594\"><strong data-start=\"1456\" data-end=\"1482\">Vysok\u00e1 kompresn\u00ed s\u00edla<\/strong>: Pou\u017e\u00edv\u00e1 hydraulick\u00fd syst\u00e9m pro vysok\u00e9 zat\u00ed\u017een\u00ed, kter\u00fd vyv\u00edj\u00ed tlak v rozmez\u00ed 63 a\u017e 200 tun v z\u00e1vislosti na modelu.<\/li>\n<li data-start=\"1597\" data-end=\"1766\"><strong data-start=\"1597\" data-end=\"1623\">P\u0159izp\u016fsobiteln\u00e1 velikost bal\u00edk\u016f<\/strong>: Rozm\u011bry a hmotnost bal\u00edk\u016f lze p\u0159izp\u016fsobit po\u017eadavk\u016fm z\u00e1kazn\u00edka, tak\u017ee stroj je vhodn\u00fd pro r\u016fzn\u00e9 recykla\u010dn\u00ed procesy.<\/li>\n<li data-start=\"1769\" data-end=\"1936\"><strong data-start=\"1769\" data-end=\"1803\">Mo\u017enosti manu\u00e1ln\u00edho a PLC \u0159\u00edzen\u00ed<\/strong>: K dispozici jsou jak verze s ru\u010dn\u00edm ovl\u00e1d\u00e1n\u00edm, tak pln\u011b automatick\u00e9 modely \u0159\u00edzen\u00e9 PLC, kter\u00e9 vyhovuj\u00ed r\u016fzn\u00fdm provozn\u00edm preferenc\u00edm.<\/li>\n<li data-start=\"1939\" data-end=\"2090\"><strong data-start=\"1939\" data-end=\"1962\">Robustn\u00ed konstrukce<\/strong>: Vyrobeno z vysoce pevn\u00fdch ocelov\u00fdch plech\u016f pro dlouhodobou \u017eivotnost a minim\u00e1ln\u00ed \u00fadr\u017ebu i p\u0159i nep\u0159etr\u017eit\u00e9m provozu.<\/li>\n<li data-start=\"2093\" data-end=\"2241\"><strong data-start=\"2093\" data-end=\"2128\">Snadn\u00e1 instalace a obsluha<\/strong>: Navr\u017eeno pro u\u017eivatelsky p\u0159\u00edv\u011btiv\u00e9 nastaven\u00ed, provoz a b\u011b\u017enou \u00fadr\u017ebu; vhodn\u00e9 pro vnit\u0159n\u00ed i venkovn\u00ed pou\u017eit\u00ed.<\/li>\n<\/ul>\n<h3 data-start=\"2243\" data-end=\"2268\">Sc\u00e9n\u00e1\u0159e pou\u017eit\u00ed<\/h3>\n<p data-start=\"2270\" data-end=\"2320\">Lis na kovov\u00fd \u0161rot je ide\u00e1ln\u00ed pro:<\/p>\n<ul>\n<li data-start=\"2324\" data-end=\"2392\"><strong data-start=\"2324\" data-end=\"2345\">Recykla\u010dn\u00ed centra<\/strong> zefektivn\u011bn\u00ed zpracov\u00e1n\u00ed a logistiky<\/li>\n<li data-start=\"2395\" data-end=\"2472\"><strong data-start=\"2395\" data-end=\"2421\">Demont\u00e1\u017ee automobil\u016f<\/strong> manipulace s karoseriemi, d\u00edly motoru a karos\u00e1\u0159sk\u00fdmi d\u00edly.<\/li>\n<li data-start=\"2475\" data-end=\"2548\"><strong data-start=\"2475\" data-end=\"2506\">D\u00edlny na v\u00fdrobu kov\u016f<\/strong> nakl\u00e1d\u00e1n\u00ed s od\u0159ezky a v\u00fdrobn\u00edm odpadem<\/li>\n<li data-start=\"2551\" data-end=\"2610\"><strong data-start=\"2551\" data-end=\"2566\">Ocel\u00e1rny<\/strong> recyklace intern\u00edho v\u00fdrobn\u00edho \u0161rotu<\/li>\n<li data-start=\"2613\" data-end=\"2676\"><strong data-start=\"2613\" data-end=\"2635\">Vrakovi\u0161t\u011b<\/strong> lisov\u00e1n\u00ed \u0161rotu z demont\u00e1\u017ee n\u00e1dob<\/li>\n<\/ul>\n<p data-start=\"2678\" data-end=\"2862\">Bez ohledu na typ kovov\u00e9ho \u0161rotu - a\u0165 u\u017e jde o lehk\u00e9 kovov\u00e9 hobliny, hlin\u00edkov\u00e9 plechovky, ocelov\u00e9 ty\u010de nebo m\u011bd\u011bn\u00e9 dr\u00e1ty - zaji\u0161\u0165uje tento lis rovnom\u011brn\u00e9 lisov\u00e1n\u00ed pro vysokou hustotu a stohovatelnost.<\/p>\n<h3 data-start=\"2864\" data-end=\"2894\">V\u00fdhody pro va\u0161i firmu<\/h3>\n<ol>\n<li data-start=\"2899\" data-end=\"3036\"><strong data-start=\"2899\" data-end=\"2933\">Zlep\u0161en\u00ed provozn\u00ed efektivity<\/strong>: Automatizuje proces lisov\u00e1n\u00ed kovov\u00e9ho odpadu, \u010d\u00edm\u017e v\u00fdrazn\u011b sni\u017euje n\u00e1klady na pracovn\u00ed s\u00edlu a dobu zpracov\u00e1n\u00ed.<\/li>\n<li data-start=\"3040\" data-end=\"3170\"><strong data-start=\"3040\" data-end=\"3071\">Sn\u00ed\u017een\u00ed n\u00e1klad\u016f na dopravu<\/strong>: Men\u0161\u00ed objemy bal\u00edk\u016f znamenaj\u00ed v\u00edce materi\u00e1lu na z\u00e1silku, co\u017e sni\u017euje spot\u0159ebu paliva a logistick\u00e9 n\u00e1klady.<\/li>\n<li data-start=\"3174\" data-end=\"3291\"><strong data-start=\"3174\" data-end=\"3192\">Zv\u00fd\u0161en\u00ed bezpe\u010dnosti<\/strong>: Udr\u017euje \u0161rotov\u00e9 plochy \u010dist\u00e9 a sni\u017euje riziko zran\u011bn\u00ed t\u00edm, \u017ee konsoliduje uvoln\u011bn\u00e9 a ostr\u00e9 kovov\u00e9 kusy.<\/li>\n<li data-start=\"3295\" data-end=\"3411\"><strong data-start=\"3295\" data-end=\"3319\">Zv\u00fd\u0161en\u00ed hodnoty \u0161rotu<\/strong>: Lisovan\u00e9 bal\u00edky maj\u00ed vy\u0161\u0161\u00ed tr\u017en\u00ed ceny d\u00edky snadn\u00e9mu taven\u00ed a \u010dist\u0161\u00edmu vzhledu.<\/li>\n<li data-start=\"3415\" data-end=\"3549\"><strong data-start=\"3415\" data-end=\"3443\">Dodr\u017eov\u00e1n\u00ed p\u0159edpis\u016f v oblasti \u017eivotn\u00edho prost\u0159ed\u00ed<\/strong>: Pom\u00e1h\u00e1 plnit ekologick\u00e9 a recykla\u010dn\u00ed p\u0159edpisy t\u00edm, \u017ee podporuje udr\u017eiteln\u00e9 postupy manipulace s materi\u00e1lem.<\/li>\n<\/ol>\n<h3 data-start=\"3551\" data-end=\"3569\">Pro\u010d si vybrat pr\u00e1v\u011b n\u00e1s?<\/h3>\n<p data-start=\"3571\" data-end=\"3807\">Jsme d\u016fv\u011bryhodn\u00fdm v\u00fdrobcem a v\u00fdvozcem za\u0159\u00edzen\u00ed na lisov\u00e1n\u00ed kov\u016f s dlouholet\u00fdmi zku\u0161enostmi s dod\u00e1vkami \u0159e\u0161en\u00ed z\u00e1kazn\u00edk\u016fm v Evrop\u011b, Asii, na St\u0159edn\u00edm v\u00fdchod\u011b a v Ji\u017en\u00ed Americe. Na\u0161e lisy na lisov\u00e1n\u00ed kovov\u00e9ho \u0161rotu jsou vybaveny:<\/p>\n<ul>\n<li data-start=\"3811\" data-end=\"3860\">Certifikace CE a ISO pro zaji\u0161t\u011bn\u00ed kvality<\/li>\n<li data-start=\"3863\" data-end=\"3929\">\u0160irok\u00fd v\u00fdb\u011br model\u016f (horizont\u00e1ln\u00ed, vertik\u00e1ln\u00ed)<\/li>\n<li data-start=\"3932\" data-end=\"3996\">Mo\u017enosti p\u0159izp\u016fsoben\u00ed OEM pro specifick\u00e9 v\u00fdrobn\u00ed po\u017eadavky<\/li>\n<li data-start=\"3999\" data-end=\"4096\">Komplexn\u00ed poprodejn\u00ed podpora, v\u010detn\u011b online poradenstv\u00ed, n\u00e1hradn\u00edch d\u00edl\u016f a \u0161kolen\u00ed na m\u00edst\u011b.<\/li>\n<\/ul>","protected":false},"excerpt":{"rendered":"<p data-start=\"449\" data-end=\"840\">N\u00e1\u0161 lis na kovov\u00fd \u0161rot je v\u00fdkonn\u00e9 hydraulick\u00e9 \u0159e\u0161en\u00ed pro lisov\u00e1n\u00ed v\u0161ech druh\u016f kovov\u00e9ho odpadu, v\u010detn\u011b oceli, hlin\u00edku a m\u011bdi. Je ur\u010den pro recykla\u010dn\u00ed z\u00e1vody a kovozpracuj\u00edc\u00ed pr\u016fmysl a poskytuje vysokou \u00fa\u010dinnost, p\u0159izp\u016fsobiteln\u00e9 velikosti bal\u00edk\u016f a robustn\u00ed odolnost. Je ide\u00e1ln\u00ed pro \u00fasporu m\u00edsta, sn\u00ed\u017een\u00ed n\u00e1klad\u016f na p\u0159epravu a maximalizaci hodnoty \u0161rotu.<\/p>","protected":false},"featured_media":2010,"template":"","meta":{"site-sidebar-layout":"default","site-content-layout":"","ast-site-content-layout":"default","site-content-style":"default","site-sidebar-style":"default","ast-global-header-display":"","ast-banner-title-visibility":"","ast-main-header-display":"","ast-hfb-above-header-display":"","ast-hfb-below-header-display":"","ast-hfb-mobile-header-display":"","site-post-title":"","ast-breadcrumbs-content":"","ast-featured-img":"","footer-sml-layout":"","ast-disable-related-posts":"","theme-transparent-header-meta":"default","adv-header-id-meta":"","stick-header-meta":"","header-above-stick-meta":"","header-main-stick-meta":"","header-below-stick-meta":"","astra-migrate-meta-layouts":"set","ast-page-background-enabled":"default","ast-page-background-meta":{"desktop":{"background-color":"var(--ast-global-color-5)","background-image":"","background-repeat":"repeat","background-position":"center center","background-size":"auto","background-attachment":"scroll","background-type":"","background-media":"","overlay-type":"","overlay-color":"","overlay-opacity":"","overlay-gradient":""},"tablet":{"background-color":"","background-image":"","background-repeat":"repeat","background-position":"center center","background-size":"auto","background-attachment":"scroll","background-type":"","background-media":"","overlay-type":"","overlay-color":"","overlay-opacity":"","overlay-gradient":""},"mobile":{"background-color":"","background-image":"","background-repeat":"repeat","background-position":"center center","background-size":"auto","background-attachment":"scroll","background-type":"","background-media":"","overlay-type":"","overlay-color":"","overlay-opacity":"","overlay-gradient":""}},"ast-content-background-meta":{"desktop":{"background-color":"var(--ast-global-color-4)","background-image":"","background-repeat":"repeat","background-position":"center center","background-size":"auto","background-attachment":"scroll","background-type":"","background-media":"","overlay-type":"","overlay-color":"","overlay-opacity":"","overlay-gradient":""},"tablet":{"background-color":"var(--ast-global-color-4)","background-image":"","background-repeat":"repeat","background-position":"center center","background-size":"auto","background-attachment":"scroll","background-type":"","background-media":"","overlay-type":"","overlay-color":"","overlay-opacity":"","overlay-gradient":""},"mobile":{"background-color":"var(--ast-global-color-4)","background-image":"","background-repeat":"repeat","background-position":"center center","background-size":"auto","background-attachment":"scroll","background-type":"","background-media":"","overlay-type":"","overlay-color":"","overlay-opacity":"","overlay-gradient":""}}},"product_brand":[],"product_cat":[21,155],"product_tag":[132,135,133,131,134],"class_list":{"0":"post-2014","1":"product","2":"type-product","3":"status-publish","4":"has-post-thumbnail","6":"product_cat-baling-machine","7":"product_cat-metal-baler","8":"product_tag-aluminum-can-baler","9":"product_tag-copper-baler","10":"product_tag-metal-briquetting-machine","11":"product_tag-scrap-metal-baler","12":"product_tag-steel-baler","13":"desktop-align-left","14":"tablet-align-left","15":"mobile-align-left","17":"first","18":"instock","19":"shipping-taxable","20":"product-type-simple"},"_links":{"self":[{"href":"https:\/\/www.gigapa.com\/cs\/wp-json\/wp\/v2\/product\/2014","targetHints":{"allow":["GET"]}}],"collection":[{"href":"https:\/\/www.gigapa.com\/cs\/wp-json\/wp\/v2\/product"}],"about":[{"href":"https:\/\/www.gigapa.com\/cs\/wp-json\/wp\/v2\/types\/product"}],"version-history":[{"count":3,"href":"https:\/\/www.gigapa.com\/cs\/wp-json\/wp\/v2\/product\/2014\/revisions"}],"predecessor-version":[{"id":2322,"href":"https:\/\/www.gigapa.com\/cs\/wp-json\/wp\/v2\/product\/2014\/revisions\/2322"}],"wp:featuredmedia":[{"embeddable":true,"href":"https:\/\/www.gigapa.com\/cs\/wp-json\/wp\/v2\/media\/2010"}],"wp:attachment":[{"href":"https:\/\/www.gigapa.com\/cs\/wp-json\/wp\/v2\/media?parent=2014"}],"wp:term":[{"taxonomy":"product_brand","embeddable":true,"href":"https:\/\/www.gigapa.com\/cs\/wp-json\/wp\/v2\/product_brand?post=2014"},{"taxonomy":"product_cat","embeddable":true,"href":"https:\/\/www.gigapa.com\/cs\/wp-json\/wp\/v2\/product_cat?post=2014"},{"taxonomy":"product_tag","embeddable":true,"href":"https:\/\/www.gigapa.com\/cs\/wp-json\/wp\/v2\/product_tag?post=2014"}],"curies":[{"name":"wp","href":"https:\/\/api.w.org\/{rel}","templated":true}]}}