{"id":2016,"date":"2025-06-17T14:42:33","date_gmt":"2025-06-17T06:42:33","guid":{"rendered":"https:\/\/www.gigapa.com\/?post_type=product&#038;p=2016"},"modified":"2025-10-13T09:19:00","modified_gmt":"2025-10-13T01:19:00","slug":"door-cover-hydraulic-metal-baling-press","status":"publish","type":"product","link":"https:\/\/www.gigapa.com\/cs\/produkt\/door-cover-hydraulic-metal-baling-press\/","title":{"rendered":"Kryt dve\u0159\u00ed hydraulick\u00e9ho lisu na kovov\u00e9 bal\u00edky"},"content":{"rendered":"<p data-start=\"216\" data-end=\"639\" data-immersive-translate-walked=\"9fa03a8b-0bd0-4f86-b251-1ba77676cccc\" data-immersive-translate-paragraph=\"1\">Hydraulick\u00fd lis na kovy s v\u00edkem dve\u0159\u00ed je \u0159e\u0161en\u00ed pro bal\u00edkov\u00e1n\u00ed v t\u011b\u017ek\u00fdch podm\u00ednk\u00e1ch ur\u010den\u00e9 pro lisov\u00e1n\u00ed nejr\u016fzn\u011bj\u0161\u00edch kovov\u00fdch odpad\u016f do bal\u00edk\u016f s vysokou hustotou a snadnou p\u0159epravou. Tento lis, vybaven\u00fd p\u0159edn\u00edm krytem dve\u0159\u00ed a hydraulick\u00fdmi v\u00e1lci s vysokou silou, je ide\u00e1ln\u00ed pro recykla\u010dn\u00ed centra, z\u00e1vody na zpracov\u00e1n\u00ed kov\u016f a sb\u011brny \u0161rotu, kter\u00e9 usiluj\u00ed o sn\u00ed\u017een\u00ed objemu materi\u00e1lu, zlep\u0161en\u00ed logistiky a zv\u00fd\u0161en\u00ed ziskovosti recyklace.<\/p>\n<h3 data-start=\"646\" data-end=\"666\" data-immersive-translate-walked=\"9fa03a8b-0bd0-4f86-b251-1ba77676cccc\">Kl\u00ed\u010dov\u00e9 vlastnosti<\/h3>\n<p data-start=\"668\" data-end=\"704\" data-immersive-translate-walked=\"9fa03a8b-0bd0-4f86-b251-1ba77676cccc\" data-immersive-translate-paragraph=\"1\"><strong>Robustn\u00ed konstrukce krytu dve\u0159\u00ed<\/strong><\/p>\n<p data-start=\"705\" data-end=\"976\" data-immersive-translate-walked=\"9fa03a8b-0bd0-4f86-b251-1ba77676cccc\" data-immersive-translate-paragraph=\"1\">Tento kovov\u00fd lis je vybaven krytem dve\u0159\u00ed s p\u0159edn\u00edm k\u0159\u00eddlem, kter\u00fd bezpe\u010dn\u011b uzav\u00edr\u00e1 lisovac\u00ed komoru p\u0159ed z\u00e1v\u011bre\u010dn\u00fdm lisov\u00e1n\u00edm. Tato konstrukce zvy\u0161uje bezpe\u010dnost provozu a zaji\u0161\u0165uje, \u017ee \u0161rot z\u016fstane b\u011bhem procesu lisov\u00e1n\u00ed na sv\u00e9m m\u00edst\u011b, a vytv\u00e1\u0159\u00ed tak dob\u0159e zformovan\u00e9, rovnom\u011brn\u00e9 bal\u00edky.<\/p>\n<p data-start=\"978\" data-end=\"1017\" data-immersive-translate-walked=\"9fa03a8b-0bd0-4f86-b251-1ba77676cccc\" data-immersive-translate-paragraph=\"1\"><strong>Vysokotlak\u00fd hydraulick\u00fd syst\u00e9m<\/strong><\/p>\n<p data-start=\"1018\" data-end=\"1312\" data-immersive-translate-walked=\"9fa03a8b-0bd0-4f86-b251-1ba77676cccc\" data-immersive-translate-paragraph=\"1\">Lis je poh\u00e1n\u011bn vysoce \u00fa\u010dinn\u00fdm hydraulick\u00fdm syst\u00e9mem a poskytuje silnou a stabiln\u00ed lisovac\u00ed s\u00edlu, kter\u00e1 je schopna lisovat ocelov\u00fd, hlin\u00edkov\u00fd, m\u011bd\u011bn\u00fd a nerezov\u00fd \u0161rot. Hlavn\u00ed v\u00e1lec vytv\u00e1\u0159\u00ed s\u00edlu a\u017e 1250 kN nebo v\u00edce (v z\u00e1vislosti na modelu), co\u017e zaji\u0161\u0165uje hust\u00fd a stohovateln\u00fd v\u00fdstup bal\u00edk\u016f.<\/p>\n<p data-start=\"1314\" data-end=\"1355\" data-immersive-translate-walked=\"9fa03a8b-0bd0-4f86-b251-1ba77676cccc\" data-immersive-translate-paragraph=\"1\"><strong>V\u0161estrann\u00e1 kompatibilita materi\u00e1l\u016f<\/strong><\/p>\n<p data-start=\"1356\" data-end=\"1437\" data-immersive-translate-walked=\"9fa03a8b-0bd0-4f86-b251-1ba77676cccc\" data-immersive-translate-paragraph=\"1\">Tento stroj je vhodn\u00fd pro lisov\u00e1n\u00ed r\u016fzn\u00fdch kovov\u00fdch odpad\u016f, v\u010detn\u011b:<\/p>\n<ul>\n<li data-start=\"1441\" data-end=\"1470\" data-immersive-translate-walked=\"9fa03a8b-0bd0-4f86-b251-1ba77676cccc\" data-immersive-translate-paragraph=\"1\">Lehk\u00e9 a tenk\u00e9 ocelov\u00e9 plechy<\/li>\n<li data-start=\"1473\" data-end=\"1501\" data-immersive-translate-walked=\"9fa03a8b-0bd0-4f86-b251-1ba77676cccc\" data-immersive-translate-paragraph=\"1\">Hlin\u00edkov\u00e9 plechovky a profily<\/li>\n<li data-start=\"1504\" data-end=\"1528\" data-immersive-translate-walked=\"9fa03a8b-0bd0-4f86-b251-1ba77676cccc\" data-immersive-translate-paragraph=\"1\">M\u011bd\u011bn\u00e9 trubky a dr\u00e1ty<\/li>\n<li data-start=\"1531\" data-end=\"1559\" data-immersive-translate-walked=\"9fa03a8b-0bd0-4f86-b251-1ba77676cccc\" data-immersive-translate-paragraph=\"1\">Pl\u00e1\u0161t\u011b automobil\u016f a b\u00edl\u00e9 zbo\u017e\u00ed<\/li>\n<li data-start=\"1562\" data-end=\"1607\" data-immersive-translate-walked=\"9fa03a8b-0bd0-4f86-b251-1ba77676cccc\" data-immersive-translate-paragraph=\"1\">Konstruk\u010dn\u00ed od\u0159ezky a pr\u016fmyslov\u00fd kovov\u00fd odpad<\/li>\n<\/ul>\n<p data-start=\"1609\" data-end=\"1776\" data-immersive-translate-walked=\"9fa03a8b-0bd0-4f86-b251-1ba77676cccc\" data-immersive-translate-paragraph=\"1\">A\u0165 u\u017e zpracov\u00e1v\u00e1te nov\u00fd v\u00fdrobn\u00ed \u0161rot, nebo sm\u00ed\u0161en\u00fd kovov\u00fd \u0161rot z demont\u00e1\u017e\u00ed, hydraulick\u00fd lis na kovy s v\u00edkem dve\u0159\u00ed nab\u00edz\u00ed konzistentn\u00ed v\u00fdsledky.<\/p>\n<p data-start=\"1778\" data-end=\"1817\" data-immersive-translate-walked=\"9fa03a8b-0bd0-4f86-b251-1ba77676cccc\" data-immersive-translate-paragraph=\"1\"><strong>Mo\u017enosti manu\u00e1ln\u00edho a PLC \u0159\u00edzen\u00ed<\/strong><\/p>\n<p data-start=\"1818\" data-end=\"2091\" data-immersive-translate-walked=\"9fa03a8b-0bd0-4f86-b251-1ba77676cccc\" data-immersive-translate-paragraph=\"1\">Lis je k dispozici bu\u010f s ru\u010dn\u00edm p\u00e1kov\u00fdm ovl\u00e1d\u00e1n\u00edm, nebo s automatizac\u00ed \u0159\u00edzenou PLC, a poskytuje tak flexibilitu pro r\u016fzn\u00e9 provozn\u00ed pot\u0159eby. S \u0159\u00edzen\u00edm PLC m\u016f\u017ee obsluha vyu\u017e\u00edvat automatick\u00e9 lisov\u00e1n\u00ed, ovl\u00e1d\u00e1n\u00ed jedn\u00edm dotykem a funkce vlastn\u00ed ochrany hydraulick\u00e9ho syst\u00e9mu.<\/p>\n<p data-start=\"2093\" data-end=\"2121\" data-immersive-translate-walked=\"9fa03a8b-0bd0-4f86-b251-1ba77676cccc\" data-immersive-translate-paragraph=\"1\"><strong>Snadn\u00e9 vypou\u0161t\u011bn\u00ed bal\u00edk\u016f<\/strong><\/p>\n<p data-start=\"2122\" data-end=\"2380\" data-immersive-translate-walked=\"9fa03a8b-0bd0-4f86-b251-1ba77676cccc\" data-immersive-translate-paragraph=\"1\">Stroj je vybaven mechanick\u00fdm nebo hydraulick\u00fdm vyhazova\u010dem, kter\u00fd automaticky vytla\u010duje hotov\u00fd bal\u00edk z lisovac\u00ed komory, co\u017e urychluje a zefektiv\u0148uje provoz. V z\u00e1vislosti na konfiguraci modelu lze bal\u00edky vyhazovat horizont\u00e1ln\u011b nebo do strany.<\/p>\n<h3 data-start=\"2387\" data-end=\"2428\" data-immersive-translate-walked=\"9fa03a8b-0bd0-4f86-b251-1ba77676cccc\">Technick\u00e9 specifikace (uk\u00e1zka)<\/h3>\n<div class=\"_tableContainer_16hzy_1\" data-immersive-translate-walked=\"9fa03a8b-0bd0-4f86-b251-1ba77676cccc\">\n<div class=\"_tableWrapper_16hzy_14 group flex w-fit flex-col-reverse\" tabindex=\"-1\" data-immersive-translate-walked=\"9fa03a8b-0bd0-4f86-b251-1ba77676cccc\">\n<table class=\"w-fit min-w-(--thread-content-width)\" data-start=\"2430\" data-end=\"3020\" data-immersive-translate-walked=\"9fa03a8b-0bd0-4f86-b251-1ba77676cccc\">\n<thead data-start=\"2430\" data-end=\"2489\" data-immersive-translate-walked=\"9fa03a8b-0bd0-4f86-b251-1ba77676cccc\">\n<tr data-start=\"2430\" data-end=\"2489\" data-immersive-translate-walked=\"9fa03a8b-0bd0-4f86-b251-1ba77676cccc\">\n<th style=\"text-align: left;\" data-start=\"2430\" data-end=\"2456\" data-col-size=\"sm\" data-immersive-translate-walked=\"9fa03a8b-0bd0-4f86-b251-1ba77676cccc\" data-immersive-translate-paragraph=\"1\">Parametr<\/th>\n<th style=\"text-align: left;\" data-start=\"2456\" data-end=\"2489\" data-col-size=\"sm\" data-immersive-translate-walked=\"9fa03a8b-0bd0-4f86-b251-1ba77676cccc\" data-immersive-translate-paragraph=\"1\">Hodnota<\/th>\n<\/tr>\n<\/thead>\n<tbody data-start=\"2549\" data-end=\"3020\" data-immersive-translate-walked=\"9fa03a8b-0bd0-4f86-b251-1ba77676cccc\">\n<tr data-start=\"2549\" data-end=\"2607\" data-immersive-translate-walked=\"9fa03a8b-0bd0-4f86-b251-1ba77676cccc\">\n<td data-start=\"2549\" data-end=\"2574\" data-col-size=\"sm\" data-immersive-translate-walked=\"9fa03a8b-0bd0-4f86-b251-1ba77676cccc\" data-immersive-translate-paragraph=\"1\">Tlakov\u00e1 s\u00edla<\/td>\n<td data-col-size=\"sm\" data-start=\"2574\" data-end=\"2607\" data-immersive-translate-walked=\"9fa03a8b-0bd0-4f86-b251-1ba77676cccc\" data-immersive-translate-paragraph=\"1\">125 - 315 tun (p\u0159izp\u016fsobiteln\u00e9)<\/td>\n<\/tr>\n<tr data-start=\"2608\" data-end=\"2666\" data-immersive-translate-walked=\"9fa03a8b-0bd0-4f86-b251-1ba77676cccc\">\n<td data-start=\"2608\" data-end=\"2633\" data-col-size=\"sm\" data-immersive-translate-walked=\"9fa03a8b-0bd0-4f86-b251-1ba77676cccc\" data-immersive-translate-paragraph=\"1\">Velikost bal\u00edk\u016f<\/td>\n<td data-col-size=\"sm\" data-start=\"2633\" data-end=\"2666\" data-immersive-translate-walked=\"9fa03a8b-0bd0-4f86-b251-1ba77676cccc\" data-immersive-translate-paragraph=\"1\">300 \u00d7 300 mm \/ 400 \u00d7 400 mm atd.<\/td>\n<\/tr>\n<tr data-start=\"2667\" data-end=\"2725\" data-immersive-translate-walked=\"9fa03a8b-0bd0-4f86-b251-1ba77676cccc\">\n<td data-start=\"2667\" data-end=\"2692\" data-col-size=\"sm\" data-immersive-translate-walked=\"9fa03a8b-0bd0-4f86-b251-1ba77676cccc\" data-immersive-translate-paragraph=\"1\">Hmotnost bal\u00edk\u016f<\/td>\n<td data-col-size=\"sm\" data-start=\"2692\" data-end=\"2725\" data-immersive-translate-walked=\"9fa03a8b-0bd0-4f86-b251-1ba77676cccc\" data-immersive-translate-paragraph=\"1\">40 - 200 kg<\/td>\n<\/tr>\n<tr data-start=\"2726\" data-end=\"2784\" data-immersive-translate-walked=\"9fa03a8b-0bd0-4f86-b251-1ba77676cccc\">\n<td data-start=\"2726\" data-end=\"2751\" data-col-size=\"sm\" data-immersive-translate-walked=\"9fa03a8b-0bd0-4f86-b251-1ba77676cccc\" data-immersive-translate-paragraph=\"1\">Doba cyklu<\/td>\n<td data-col-size=\"sm\" data-start=\"2751\" data-end=\"2784\" data-immersive-translate-walked=\"9fa03a8b-0bd0-4f86-b251-1ba77676cccc\" data-immersive-translate-paragraph=\"1\">60 - 90 sekund<\/td>\n<\/tr>\n<tr data-start=\"2785\" data-end=\"2843\" data-immersive-translate-walked=\"9fa03a8b-0bd0-4f86-b251-1ba77676cccc\">\n<td data-start=\"2785\" data-end=\"2810\" data-col-size=\"sm\" data-immersive-translate-walked=\"9fa03a8b-0bd0-4f86-b251-1ba77676cccc\" data-immersive-translate-paragraph=\"1\">V\u00fdkon motoru<\/td>\n<td data-col-size=\"sm\" data-start=\"2810\" data-end=\"2843\" data-immersive-translate-walked=\"9fa03a8b-0bd0-4f86-b251-1ba77676cccc\" data-immersive-translate-paragraph=\"1\">15 - 45 kW<\/td>\n<\/tr>\n<tr data-start=\"2844\" data-end=\"2902\" data-immersive-translate-walked=\"9fa03a8b-0bd0-4f86-b251-1ba77676cccc\">\n<td data-start=\"2844\" data-end=\"2869\" data-col-size=\"sm\" data-immersive-translate-walked=\"9fa03a8b-0bd0-4f86-b251-1ba77676cccc\" data-immersive-translate-paragraph=\"1\">Provozn\u00ed re\u017eim<\/td>\n<td data-col-size=\"sm\" data-start=\"2869\" data-end=\"2902\" data-immersive-translate-walked=\"9fa03a8b-0bd0-4f86-b251-1ba77676cccc\" data-immersive-translate-paragraph=\"1\">Manu\u00e1ln\u00ed \/ PLC Auto<\/td>\n<\/tr>\n<tr data-start=\"2903\" data-end=\"2961\" data-immersive-translate-walked=\"9fa03a8b-0bd0-4f86-b251-1ba77676cccc\">\n<td data-start=\"2903\" data-end=\"2928\" data-col-size=\"sm\" data-immersive-translate-walked=\"9fa03a8b-0bd0-4f86-b251-1ba77676cccc\" data-immersive-translate-paragraph=\"1\">Metoda vysunut\u00ed<\/td>\n<td data-col-size=\"sm\" data-start=\"2928\" data-end=\"2961\" data-immersive-translate-walked=\"9fa03a8b-0bd0-4f86-b251-1ba77676cccc\" data-immersive-translate-paragraph=\"1\">Hydraulick\u00e9 bo\u010dn\u00ed tla\u010den\u00ed<\/td>\n<\/tr>\n<tr data-start=\"2962\" data-end=\"3020\" data-immersive-translate-walked=\"9fa03a8b-0bd0-4f86-b251-1ba77676cccc\">\n<td data-start=\"2962\" data-end=\"2987\" data-col-size=\"sm\" data-immersive-translate-walked=\"9fa03a8b-0bd0-4f86-b251-1ba77676cccc\" data-immersive-translate-paragraph=\"1\">Typ komory<\/td>\n<td data-col-size=\"sm\" data-start=\"2987\" data-end=\"3020\" data-immersive-translate-walked=\"9fa03a8b-0bd0-4f86-b251-1ba77676cccc\" data-immersive-translate-paragraph=\"1\">Uzav\u0159eno v\u00fdklopn\u00fdmi dv\u00ed\u0159ky<\/td>\n<\/tr>\n<\/tbody>\n<\/table>\n<div class=\"sticky end-(--thread-content-margin) h-0 self-end select-none\" data-immersive-translate-walked=\"9fa03a8b-0bd0-4f86-b251-1ba77676cccc\">\n<h3 class=\"absolute end-0 flex items-end\" data-immersive-translate-walked=\"9fa03a8b-0bd0-4f86-b251-1ba77676cccc\"><span style=\"font-size: 1.5em; font-weight: bold;\">Sc\u00e9n\u00e1\u0159e pou\u017eit\u00ed<\/span><\/h3>\n<\/div>\n<\/div>\n<\/div>\n<p data-start=\"3058\" data-end=\"3124\" data-immersive-translate-walked=\"9fa03a8b-0bd0-4f86-b251-1ba77676cccc\" data-immersive-translate-paragraph=\"1\">Hydraulick\u00fd lis na kovov\u00e9 bal\u00edky s v\u00edkem dve\u0159\u00ed je \u0161iroce pou\u017e\u00edv\u00e1n v:<\/p>\n<ul>\n<li data-start=\"3128\" data-end=\"3208\" data-immersive-translate-walked=\"9fa03a8b-0bd0-4f86-b251-1ba77676cccc\" data-immersive-translate-paragraph=\"1\">Sb\u011brn\u00e9 dvory pro recyklaci \u0161rotu - pro sn\u00ed\u017een\u00ed objemu a zv\u00fd\u0161en\u00ed hustoty skladov\u00e1n\u00ed<\/li>\n<li data-start=\"3211\" data-end=\"3277\" data-immersive-translate-walked=\"9fa03a8b-0bd0-4f86-b251-1ba77676cccc\" data-immersive-translate-paragraph=\"1\">Ocel\u00e1rny a sl\u00e9v\u00e1rny - pro zhut\u0148ov\u00e1n\u00ed \u0161rotu p\u0159ed taven\u00edm<\/li>\n<li data-start=\"3280\" data-end=\"3362\" data-immersive-translate-walked=\"9fa03a8b-0bd0-4f86-b251-1ba77676cccc\" data-immersive-translate-paragraph=\"1\">Spole\u010dnosti obchoduj\u00edc\u00ed s kovy - pro snaz\u0161\u00ed p\u0159epravu a vy\u0161\u0161\u00ed hodnotu \u0161rotu<\/li>\n<li data-start=\"3365\" data-end=\"3445\" data-immersive-translate-walked=\"9fa03a8b-0bd0-4f86-b251-1ba77676cccc\" data-immersive-translate-paragraph=\"1\">Demont\u00e1\u017e vozidel - pro zpracov\u00e1n\u00ed panel\u016f a r\u00e1m\u016f karoseri\u00ed automobil\u016f<\/li>\n<li data-start=\"3448\" data-end=\"3521\" data-immersive-translate-walked=\"9fa03a8b-0bd0-4f86-b251-1ba77676cccc\" data-immersive-translate-paragraph=\"1\">V\u00fdrobn\u00ed z\u00e1vody - pro lisov\u00e1n\u00ed od\u0159ezk\u016f a odpadn\u00edch plech\u016f<\/li>\n<\/ul>\n<p data-start=\"3523\" data-end=\"3680\" data-immersive-translate-walked=\"9fa03a8b-0bd0-4f86-b251-1ba77676cccc\" data-immersive-translate-paragraph=\"1\">D\u00edky redukci voln\u00e9ho \u0161rotu do kompaktn\u00edch bal\u00edk\u016f minimalizuje n\u00e1klady na p\u0159epravu, sni\u017euje n\u00e1roky na skladovac\u00ed prostor a zlep\u0161uje celkov\u00fd pr\u016fb\u011bh recyklace.<\/p>\n<h3 data-start=\"3687\" data-end=\"3717\" data-immersive-translate-walked=\"9fa03a8b-0bd0-4f86-b251-1ba77676cccc\">P\u0159ehled v\u00fdhod<\/h3>\n<ul>\n<li data-start=\"3721\" data-end=\"3764\" data-immersive-translate-walked=\"9fa03a8b-0bd0-4f86-b251-1ba77676cccc\" data-immersive-translate-paragraph=\"1\">Siln\u00e1 konstrukce r\u00e1mu pro dlouhou \u017eivotnost<\/li>\n<li data-start=\"3767\" data-end=\"3834\" data-immersive-translate-walked=\"9fa03a8b-0bd0-4f86-b251-1ba77676cccc\" data-immersive-translate-paragraph=\"1\">Kryt dv\u00ed\u0159ek zaji\u0161\u0165uje \u010dist\u00e9, hranat\u00e9 bal\u00edky s minim\u00e1ln\u00edmi ztr\u00e1tami materi\u00e1lu.<\/li>\n<li data-start=\"3837\" data-end=\"3895\" data-immersive-translate-walked=\"9fa03a8b-0bd0-4f86-b251-1ba77676cccc\" data-immersive-translate-paragraph=\"1\">\u00da\u010dinn\u00e9 hydraulick\u00e9 komponenty sni\u017euj\u00ed spot\u0159ebu energie<\/li>\n<li data-start=\"3898\" data-end=\"3959\" data-immersive-translate-walked=\"9fa03a8b-0bd0-4f86-b251-1ba77676cccc\" data-immersive-translate-paragraph=\"1\">Voliteln\u00e9 d\u00e1lkov\u00e9 nebo no\u017en\u00ed ovl\u00e1d\u00e1n\u00ed pro zv\u00fd\u0161en\u00ed bezpe\u010dnosti<\/li>\n<li data-start=\"3962\" data-end=\"4007\" data-immersive-translate-walked=\"9fa03a8b-0bd0-4f86-b251-1ba77676cccc\" data-immersive-translate-paragraph=\"1\">Snadn\u00e1 instalace, obsluha a \u00fadr\u017eba<\/li>\n<\/ul>\n<h3 data-start=\"4014\" data-end=\"4064\" data-immersive-translate-walked=\"9fa03a8b-0bd0-4f86-b251-1ba77676cccc\">Pro\u010d si vybrat n\u00e1\u0161 hydraulick\u00fd lis s krytem dve\u0159\u00ed?<\/h3>\n<ul>\n<li data-start=\"4068\" data-end=\"4118\" data-immersive-translate-walked=\"9fa03a8b-0bd0-4f86-b251-1ba77676cccc\" data-immersive-translate-paragraph=\"1\">Certifik\u00e1t ISO a CE pro celosv\u011btov\u00e9 pr\u016fmyslov\u00e9 pou\u017eit\u00ed<\/li>\n<li data-start=\"4121\" data-end=\"4199\" data-immersive-translate-walked=\"9fa03a8b-0bd0-4f86-b251-1ba77676cccc\" data-immersive-translate-paragraph=\"1\">P\u0159izp\u016fsobiteln\u00e9 specifikace pro r\u016fzn\u00e9 materi\u00e1ly a velikosti v\u00fdstup\u016f<\/li>\n<li data-start=\"4202\" data-end=\"4263\" data-immersive-translate-walked=\"9fa03a8b-0bd0-4f86-b251-1ba77676cccc\" data-immersive-translate-paragraph=\"1\">Zku\u0161en\u00fd t\u00fdm in\u017een\u00fdr\u016f s rychlou odezvou<\/li>\n<li data-start=\"4266\" data-end=\"4345\" data-immersive-translate-walked=\"9fa03a8b-0bd0-4f86-b251-1ba77676cccc\" data-immersive-translate-paragraph=\"1\">\u00dasp\u011b\u0161n\u00e9 instalace v jihov\u00fdchodn\u00ed Asii, Evrop\u011b a Ji\u017en\u00ed Americe<\/li>\n<li data-start=\"4348\" data-end=\"4421\" data-immersive-translate-walked=\"9fa03a8b-0bd0-4f86-b251-1ba77676cccc\" data-immersive-translate-paragraph=\"1\">Konkuren\u010dn\u00ed ceny v\u010detn\u011b n\u00e1hradn\u00edch d\u00edl\u016f a poprodejn\u00edho servisu<\/li>\n<\/ul>\n<h3 data-start=\"4428\" data-end=\"4446\" data-immersive-translate-walked=\"9fa03a8b-0bd0-4f86-b251-1ba77676cccc\">Z\u00e1v\u011br<\/h3>\n<p data-start=\"4448\" data-end=\"4841\" data-immersive-translate-walked=\"9fa03a8b-0bd0-4f86-b251-1ba77676cccc\">Hydraulick\u00fd lis na kovy s v\u00edkem dve\u0159\u00ed je n\u00e1kladov\u011b efektivn\u00ed a vysoce v\u00fdkonn\u00e9 \u0159e\u0161en\u00ed pro manipulaci s kovov\u00fdm \u0161rotem. D\u00edky bezpe\u010dn\u00e9 konstrukci dve\u0159\u00ed, v\u00fdkonn\u00e9 hydraulice a flexibiln\u00edm mo\u017enostem konfigurace poskytuje tento stroj konzistentn\u00ed kvalitu bal\u00edk\u016f a z\u00e1rove\u0148 sni\u017euje provozn\u00ed \u010das a n\u00e1klady na pracovn\u00ed s\u00edlu. Je ide\u00e1ln\u00edm za\u0159\u00edzen\u00edm pro ka\u017edou provozovnu, kter\u00e1 chce optimalizovat proces recyklace kov\u016f.<\/p>","protected":false},"excerpt":{"rendered":"<p>Hydraulick\u00fd lis na kovy s v\u00edkem dve\u0159\u00ed je v\u00fdkonn\u00fd stroj na lisov\u00e1n\u00ed \u0161rotu ur\u010den\u00fd ke stla\u010dov\u00e1n\u00ed r\u016fzn\u00fdch kovov\u00fdch odpad\u016f, v\u010detn\u011b oceli, hlin\u00edku a m\u011bdi, do hust\u00fdch bal\u00edk\u016f, kter\u00e9 lze stohovat na sebe. Jeho bezpe\u010dn\u00e1 konstrukce krytu dve\u0159\u00ed zaji\u0161\u0165uje rovnom\u011brn\u00e9 formov\u00e1n\u00ed bal\u00edk\u016f a zv\u00fd\u0161enou bezpe\u010dnost obsluhy. Tento lis je ide\u00e1ln\u00ed pro recykla\u010dn\u00ed za\u0159\u00edzen\u00ed a z\u00e1vody na zpracov\u00e1n\u00ed kov\u016f, zvy\u0161uje efektivitu skladov\u00e1n\u00ed a sni\u017euje n\u00e1klady na p\u0159epravu.<\/p>","protected":false},"featured_media":2009,"template":"","meta":{"site-sidebar-layout":"default","site-content-layout":"","ast-site-content-layout":"default","site-content-style":"default","site-sidebar-style":"default","ast-global-header-display":"","ast-banner-title-visibility":"","ast-main-header-display":"","ast-hfb-above-header-display":"","ast-hfb-below-header-display":"","ast-hfb-mobile-header-display":"","site-post-title":"","ast-breadcrumbs-content":"","ast-featured-img":"","footer-sml-layout":"","ast-disable-related-posts":"","theme-transparent-header-meta":"default","adv-header-id-meta":"","stick-header-meta":"","header-above-stick-meta":"","header-main-stick-meta":"","header-below-stick-meta":"","astra-migrate-meta-layouts":"set","ast-page-background-enabled":"default","ast-page-background-meta":{"desktop":{"background-color":"var(--ast-global-color-5)","background-image":"","background-repeat":"repeat","background-position":"center center","background-size":"auto","background-attachment":"scroll","background-type":"","background-media":"","overlay-type":"","overlay-color":"","overlay-opacity":"","overlay-gradient":""},"tablet":{"background-color":"","background-image":"","background-repeat":"repeat","background-position":"center center","background-size":"auto","background-attachment":"scroll","background-type":"","background-media":"","overlay-type":"","overlay-color":"","overlay-opacity":"","overlay-gradient":""},"mobile":{"background-color":"","background-image":"","background-repeat":"repeat","background-position":"center center","background-size":"auto","background-attachment":"scroll","background-type":"","background-media":"","overlay-type":"","overlay-color":"","overlay-opacity":"","overlay-gradient":""}},"ast-content-background-meta":{"desktop":{"background-color":"var(--ast-global-color-4)","background-image":"","background-repeat":"repeat","background-position":"center center","background-size":"auto","background-attachment":"scroll","background-type":"","background-media":"","overlay-type":"","overlay-color":"","overlay-opacity":"","overlay-gradient":""},"tablet":{"background-color":"var(--ast-global-color-4)","background-image":"","background-repeat":"repeat","background-position":"center center","background-size":"auto","background-attachment":"scroll","background-type":"","background-media":"","overlay-type":"","overlay-color":"","overlay-opacity":"","overlay-gradient":""},"mobile":{"background-color":"var(--ast-global-color-4)","background-image":"","background-repeat":"repeat","background-position":"center center","background-size":"auto","background-attachment":"scroll","background-type":"","background-media":"","overlay-type":"","overlay-color":"","overlay-opacity":"","overlay-gradient":""}}},"product_brand":[],"product_cat":[21,155],"product_tag":[144,143,131],"class_list":{"0":"post-2016","1":"product","2":"type-product","3":"status-publish","4":"has-post-thumbnail","6":"product_cat-baling-machine","7":"product_cat-metal-baler","8":"product_tag-hydraulic-metal-baler","9":"product_tag-metal-baling-machine","10":"product_tag-scrap-metal-baler","11":"desktop-align-left","12":"tablet-align-left","13":"mobile-align-left","15":"first","16":"instock","17":"shipping-taxable","18":"product-type-simple"},"_links":{"self":[{"href":"https:\/\/www.gigapa.com\/cs\/wp-json\/wp\/v2\/product\/2016","targetHints":{"allow":["GET"]}}],"collection":[{"href":"https:\/\/www.gigapa.com\/cs\/wp-json\/wp\/v2\/product"}],"about":[{"href":"https:\/\/www.gigapa.com\/cs\/wp-json\/wp\/v2\/types\/product"}],"version-history":[{"count":2,"href":"https:\/\/www.gigapa.com\/cs\/wp-json\/wp\/v2\/product\/2016\/revisions"}],"predecessor-version":[{"id":2032,"href":"https:\/\/www.gigapa.com\/cs\/wp-json\/wp\/v2\/product\/2016\/revisions\/2032"}],"wp:featuredmedia":[{"embeddable":true,"href":"https:\/\/www.gigapa.com\/cs\/wp-json\/wp\/v2\/media\/2009"}],"wp:attachment":[{"href":"https:\/\/www.gigapa.com\/cs\/wp-json\/wp\/v2\/media?parent=2016"}],"wp:term":[{"taxonomy":"product_brand","embeddable":true,"href":"https:\/\/www.gigapa.com\/cs\/wp-json\/wp\/v2\/product_brand?post=2016"},{"taxonomy":"product_cat","embeddable":true,"href":"https:\/\/www.gigapa.com\/cs\/wp-json\/wp\/v2\/product_cat?post=2016"},{"taxonomy":"product_tag","embeddable":true,"href":"https:\/\/www.gigapa.com\/cs\/wp-json\/wp\/v2\/product_tag?post=2016"}],"curies":[{"name":"wp","href":"https:\/\/api.w.org\/{rel}","templated":true}]}}