{"id":2018,"date":"2025-06-17T14:38:08","date_gmt":"2025-06-17T06:38:08","guid":{"rendered":"https:\/\/www.gigapa.com\/?post_type=product&#038;p=2018"},"modified":"2025-10-13T10:25:08","modified_gmt":"2025-10-13T02:25:08","slug":"single-shaft-granulator-multi-leaf-clover-shaped","status":"publish","type":"product","link":"https:\/\/www.gigapa.com\/cs\/produkt\/single-shaft-granulator-multi-leaf-clover-shaped\/","title":{"rendered":"Granul\u00e1tor s jedn\u00edm h\u0159\u00eddelem (ve tvaru v\u00edcelist\u00e9ho \u010dty\u0159l\u00edstku)"},"content":{"rendered":"<p data-start=\"245\" data-end=\"774\">Granul\u00e1tor s jedn\u00edm h\u0159\u00eddelem (ve tvaru v\u00edcelist\u00e9ho \u010dty\u0159l\u00edstku) je modern\u00ed drtic\u00ed a granula\u010dn\u00ed stroj navr\u017een\u00fd pro efektivn\u00ed zmen\u0161ov\u00e1n\u00ed velikosti materi\u00e1lu v recykla\u010dn\u00edm a zpracovatelsk\u00e9m pr\u016fmyslu. Tento granul\u00e1tor je navr\u017een s jedine\u010dn\u011b strukturovan\u00fdm rotorem ve tvaru \u010dty\u0159l\u00edstku a poskytuje vynikaj\u00edc\u00ed st\u0159i\u017en\u00fd v\u00fdkon a rovnom\u011brn\u00fd v\u00fdstup \u010d\u00e1stic. A\u0165 u\u017e zpracov\u00e1v\u00e1te plasty, pry\u017e, f\u00f3lie, vl\u00e1kna nebo jin\u00e9 m\u011bkk\u00e9 a\u017e st\u0159edn\u011b hust\u00e9 materi\u00e1ly, tento stroj nab\u00edz\u00ed vynikaj\u00edc\u00ed \u00fa\u010dinnost, n\u00edzkou spot\u0159ebu energie a dlouhou \u017eivotnost.<\/p>\n<h3 data-start=\"781\" data-end=\"801\">Kl\u00ed\u010dov\u00e9 vlastnosti<\/h3>\n<p data-start=\"803\" data-end=\"856\"><strong>Jedine\u010dn\u00fd design rotoru ve tvaru v\u00edcelist\u00e9ho \u010dty\u0159l\u00edstku<\/strong><\/p>\n<p data-start=\"857\" data-end=\"1204\">Charakteristick\u00fdm znakem tohoto jednoh\u0159\u00eddelov\u00e9ho granul\u00e1toru je rotor ve tvaru \u010dty\u0159l\u00edstku. Jeho n\u011bkolikan\u00e1sobn\u011b zak\u0159iven\u00e9 \u0159ezn\u00e9 body zv\u011bt\u0161uj\u00ed kontaktn\u00ed plochu, \u010d\u00edm\u017e zaji\u0161\u0165uj\u00ed vy\u0161\u0161\u00ed st\u0159i\u017enou s\u00edlu a konzistentn\u011bj\u0161\u00ed granulaci. Tato konstrukce rovn\u011b\u017e sni\u017euje riziko sklouznut\u00ed materi\u00e1lu nebo ucp\u00e1n\u00ed, co\u017e umo\u017e\u0148uje stabiln\u00ed pr\u016fchodnost i u surovin nepravideln\u00e9ho tvaru.<\/p>\n<p data-start=\"1206\" data-end=\"1246\"><strong>Vysoce \u00fa\u010dinn\u00e1 \u0159ezn\u00e1 komora<\/strong><\/p>\n<p data-start=\"1247\" data-end=\"1547\">Vnit\u0159n\u00ed komora je navr\u017eena tak, aby zlep\u0161ovala tok materi\u00e1lu a sni\u017eovala odpor. Pevn\u00e9 a rotuj\u00edc\u00ed no\u017ee jsou p\u0159esn\u011b se\u0159\u00edzeny tak, aby byly dodr\u017eeny p\u0159\u00edsn\u00e9 tolerance, co\u017e zaji\u0161\u0165uje \u010dist\u00e9 \u0159ezy a sn\u00ed\u017een\u00ed pra\u0161nosti nebo jemn\u00fdch \u010d\u00e1stic. No\u017ee jsou snadno nastaviteln\u00e9 a vym\u011bniteln\u00e9, co\u017e minimalizuje prostoje a n\u00e1klady na \u00fadr\u017ebu.<\/p>\n<p data-start=\"1549\" data-end=\"1589\"><strong>Pohon a motor pro vysok\u00e9 zat\u00ed\u017een\u00ed<\/strong><\/p>\n<p data-start=\"1590\" data-end=\"1855\">Granul\u00e1tor je vybaven v\u00fdkonn\u00fdm motorem a p\u0159evodovkou pro vysok\u00e9 zat\u00ed\u017een\u00ed a je schopen zpracov\u00e1vat r\u016fzn\u00e9 materi\u00e1ly p\u0159i \u0159\u00edzen\u00fdch rychlostech a kroutic\u00edm momentu. Provoz p\u0159i n\u00edzk\u00fdch ot\u00e1\u010dk\u00e1ch sni\u017euje hlu\u010dnost a produkci tepla, \u010d\u00edm\u017e zlep\u0161uje pracovn\u00ed podm\u00ednky a \u017eivotnost stroje.<\/p>\n<p data-start=\"1857\" data-end=\"1886\"><strong>Inteligentn\u00ed \u0159\u00eddic\u00ed syst\u00e9m<\/strong><\/p>\n<p data-start=\"1887\" data-end=\"2130\">Integrovan\u00fd \u0159\u00eddic\u00ed syst\u00e9m PLC umo\u017e\u0148uje automatick\u00fd start-stop, ochranu proti p\u0159et\u00ed\u017een\u00ed a reverzaci rotoru, aby se zabr\u00e1nilo zaseknut\u00ed. To zaji\u0161\u0165uje bezpe\u010dn\u011bj\u0161\u00ed a inteligentn\u011bj\u0161\u00ed provoz a chr\u00e1n\u00ed vnit\u0159n\u00ed komponenty p\u0159ed po\u0161kozen\u00edm v d\u016fsledku neo\u010dek\u00e1van\u00fdch zm\u011bn zat\u00ed\u017een\u00ed.<\/p>\n<p data-start=\"2132\" data-end=\"2165\"><strong>Bezpe\u010dnost a dostupnost<\/strong><\/p>\n<p data-start=\"2166\" data-end=\"2374\">Granul\u00e1tor m\u00e1 kompaktn\u00ed, ale p\u0159\u00edstupnou konstrukci s bezpe\u010dnostn\u00edmi z\u00e1mky na v\u0161ech dve\u0159\u00edch pro \u00fadr\u017ebu. Hydraulick\u00fd syst\u00e9m otev\u00edr\u00e1n\u00ed a v\u00fdm\u011bna s\u00edt bez pou\u017eit\u00ed n\u00e1\u0159ad\u00ed umo\u017e\u0148uj\u00ed rychl\u00e9 \u010di\u0161t\u011bn\u00ed a rychl\u00e9 p\u0159estavov\u00e1n\u00ed.<\/p>\n<h3 data-start=\"2381\" data-end=\"2422\">Technick\u00e9 specifikace (uk\u00e1zka)<\/h3>\n<div class=\"_tableContainer_16hzy_1\">\n<div class=\"_tableWrapper_16hzy_14 group flex w-fit flex-col-reverse\" tabindex=\"-1\">\n<table class=\"w-fit min-w-(--thread-content-width)\" data-start=\"2424\" data-end=\"3034\">\n<thead data-start=\"2424\" data-end=\"2484\">\n<tr data-start=\"2424\" data-end=\"2484\">\n<th style=\"text-align: left;\" data-start=\"2424\" data-end=\"2450\" data-col-size=\"sm\">Parametr<\/th>\n<th style=\"text-align: left;\" data-start=\"2450\" data-end=\"2484\" data-col-size=\"sm\">Hodnota<\/th>\n<\/tr>\n<\/thead>\n<tbody data-start=\"2547\" data-end=\"3034\">\n<tr data-start=\"2547\" data-end=\"2607\">\n<td data-start=\"2547\" data-end=\"2573\" data-col-size=\"sm\">Typ rotoru<\/td>\n<td data-col-size=\"sm\" data-start=\"2573\" data-end=\"2607\">\u010cty\u0159l\u00edstek ve tvaru n\u011bkolika list\u016f<\/td>\n<\/tr>\n<tr data-start=\"2608\" data-end=\"2668\">\n<td data-start=\"2608\" data-end=\"2634\" data-col-size=\"sm\">V\u00fdkon motoru<\/td>\n<td data-col-size=\"sm\" data-start=\"2634\" data-end=\"2668\">22 - 90 kW (p\u0159izp\u016fsobiteln\u00e9)<\/td>\n<\/tr>\n<tr data-start=\"2669\" data-end=\"2729\">\n<td data-start=\"2669\" data-end=\"2695\" data-col-size=\"sm\">Pr\u016fm\u011br rotoru<\/td>\n<td data-col-size=\"sm\" data-start=\"2695\" data-end=\"2729\">400 - 600 mm<\/td>\n<\/tr>\n<tr data-start=\"2730\" data-end=\"2790\">\n<td data-start=\"2730\" data-end=\"2756\" data-col-size=\"sm\">Kapacita<\/td>\n<td data-col-size=\"sm\" data-start=\"2756\" data-end=\"2790\">300 - 2000 kg\/h<\/td>\n<\/tr>\n<tr data-start=\"2791\" data-end=\"2851\">\n<td data-start=\"2791\" data-end=\"2817\" data-col-size=\"sm\">Materi\u00e1l no\u017ee<\/td>\n<td data-col-size=\"sm\" data-start=\"2817\" data-end=\"2851\">D2 \/ SKD-11 \/ 9CrSi<\/td>\n<\/tr>\n<tr data-start=\"2852\" data-end=\"2912\">\n<td data-start=\"2852\" data-end=\"2878\" data-col-size=\"sm\">Velikost obrazovky<\/td>\n<td data-col-size=\"sm\" data-start=\"2878\" data-end=\"2912\">10 - 60 mm (nastaviteln\u00e9)<\/td>\n<\/tr>\n<tr data-start=\"2913\" data-end=\"2973\">\n<td data-start=\"2913\" data-end=\"2939\" data-col-size=\"sm\">\u0158\u00eddic\u00ed syst\u00e9m<\/td>\n<td data-col-size=\"sm\" data-start=\"2939\" data-end=\"2973\">PLC Siemens<\/td>\n<\/tr>\n<tr data-start=\"2974\" data-end=\"3034\">\n<td data-start=\"2974\" data-end=\"3000\" data-col-size=\"sm\">Zp\u016fsob krmen\u00ed<\/td>\n<td data-col-size=\"sm\" data-start=\"3000\" data-end=\"3034\">Dopravn\u00edk \/ ru\u010dn\u00ed \/ hydraulick\u00fd<\/td>\n<\/tr>\n<\/tbody>\n<\/table>\n<\/div>\n<\/div>\n<h3 data-start=\"3041\" data-end=\"3067\">Aplika\u010dn\u00ed pole<\/h3>\n<p data-start=\"3069\" data-end=\"3183\">Granul\u00e1tor s jedn\u00edm h\u0159\u00eddelem (ve tvaru v\u00edcelist\u00e9ho \u010dty\u0159l\u00edstku) je vhodn\u00fd pro \u0161irokou \u0161k\u00e1lu aplikac\u00ed, v\u010detn\u011b:<\/p>\n<ul>\n<li data-start=\"3187\" data-end=\"3231\">Recyklace plastov\u00fdch f\u00f3li\u00ed, trubek a lahv\u00ed<\/li>\n<li data-start=\"3234\" data-end=\"3276\">Tkan\u00e9 pytle, vl\u00e1kna a drcen\u00ed textilu<\/li>\n<li data-start=\"3279\" data-end=\"3327\">Pry\u017eov\u00e1 f\u00f3lie a zbytky o\u0159ezov\u00e9 granulace<\/li>\n<li data-start=\"3330\" data-end=\"3392\">Zpracov\u00e1n\u00ed p\u011bny, izolac\u00ed a lehk\u00fdch stavebn\u00edch materi\u00e1l\u016f<\/li>\n<li data-start=\"3395\" data-end=\"3447\">P\u0159edb\u011b\u017en\u00e1 skartace kabelov\u00fdch pl\u00e1\u0161\u0165\u016f a elektroodpadu<\/li>\n<li data-start=\"3450\" data-end=\"3486\">Granulace obecn\u00e9ho pr\u016fmyslov\u00e9ho odpadu<\/li>\n<\/ul>\n<p data-start=\"3488\" data-end=\"3693\">D\u00edky t\u00e9to v\u0161estrannosti je nejlep\u0161\u00ed volbou pro z\u00e1vody na recyklaci plast\u016f, spole\u010dnosti zab\u00fdvaj\u00edc\u00ed se nakl\u00e1d\u00e1n\u00edm s pr\u016fmyslov\u00fdm odpadem a v\u00fdrobn\u00ed z\u00e1vody, kter\u00e9 se sna\u017e\u00ed sn\u00ed\u017eit objem materi\u00e1lu a zv\u00fd\u0161it efektivitu zpracov\u00e1n\u00ed.<\/p>\n<h3 data-start=\"3700\" data-end=\"3765\">V\u00fdhody rotoru ve tvaru \u010dty\u0159l\u00edstku oproti tradi\u010dn\u00edm konstrukc\u00edm<\/h3>\n<ul>\n<li data-start=\"3769\" data-end=\"3843\">V\u011bt\u0161\u00ed \u0159ezn\u00e1 plocha - v\u00edce no\u017e\u016f zachyt\u00ed materi\u00e1l na jednu ot\u00e1\u010dku<\/li>\n<li data-start=\"3846\" data-end=\"3915\">Lep\u0161\u00ed uchopen\u00ed materi\u00e1lu - jedine\u010dn\u00fd tvar minimalizuje sklouz\u00e1v\u00e1n\u00ed podava\u010de<\/li>\n<li data-start=\"3918\" data-end=\"3991\">Vy\u0161\u0161\u00ed v\u00fdkon - vy\u0161\u0161\u00ed \u00fa\u010dinnost \u0159ez\u00e1n\u00ed p\u0159i ni\u017e\u0161\u00ed spot\u0159eb\u011b energie<\/li>\n<li data-start=\"3994\" data-end=\"4063\">Del\u0161\u00ed \u017eivotnost \u010depele - ni\u017e\u0161\u00ed opot\u0159eben\u00ed d\u00edky vyv\u00e1\u017een\u00e9mu \u0159ezn\u00e9mu tlaku<\/li>\n<\/ul>\n<h3 data-start=\"4070\" data-end=\"4117\">Pro\u010d si vybrat n\u00e1\u0161 jednoh\u0159\u00eddelov\u00fd granul\u00e1tor?<\/h3>\n<ul>\n<li data-start=\"4121\" data-end=\"4204\">Osv\u011bd\u010den\u00e1 odolnost d\u00edky komponent\u016fm odoln\u00fdm proti opot\u0159eben\u00ed a siln\u00e9mu ocelov\u00e9mu pouzdru.<\/li>\n<li data-start=\"4207\" data-end=\"4275\">Snadn\u00e1 \u00fadr\u017eba d\u00edky hydraulick\u00e9mu z\u00e1suvkov\u00e9mu syst\u00e9mu a p\u0159\u00edstupu k no\u017ei<\/li>\n<li data-start=\"4278\" data-end=\"4352\">P\u0159izp\u016fsobiteln\u00e1 konfigurace, kter\u00e1 odpov\u00edd\u00e1 va\u0161im materi\u00e1lov\u00fdm a kapacitn\u00edm pot\u0159eb\u00e1m<\/li>\n<li data-start=\"4355\" data-end=\"4412\">Glob\u00e1ln\u00ed servisn\u00ed podpora a dostupnost n\u00e1hradn\u00edch d\u00edl\u016f<\/li>\n<li data-start=\"4415\" data-end=\"4451\">Navr\u017eeno pro nep\u0159etr\u017eit\u00e9 pr\u016fmyslov\u00e9 pou\u017eit\u00ed<\/li>\n<\/ul>\n<h3 data-start=\"4458\" data-end=\"4476\">Z\u00e1v\u011br<\/h3>\n<p data-start=\"4478\" data-end=\"4850\">Granul\u00e1tor s jedn\u00edm h\u0159\u00eddelem (ve tvaru v\u00edcelist\u00e9ho \u010dty\u0159l\u00edstku) je v\u00edce ne\u017e jen z\u00e1kladn\u00ed n\u00e1stroj na zmen\u0161ov\u00e1n\u00ed velikosti - je to precizn\u011b zkonstruovan\u00fd stroj, kter\u00fd zvy\u0161uje efektivitu recyklace, sni\u017euje provozn\u00ed n\u00e1klady a zlep\u0161uje kvalitu v\u00fdstupu. Jeho robustn\u00ed konstrukce, inteligentn\u00ed ovl\u00e1d\u00e1n\u00ed a jedine\u010dn\u00e1 konstrukce rotoru z n\u011bj \u010din\u00ed spolehlivou volbu pro modern\u00ed pr\u016fmyslov\u00e9 a ekologick\u00e9 aplikace.<\/p>\n<p data-start=\"4852\" data-end=\"5095\">Kontaktujte n\u00e1s je\u0161t\u011b dnes a z\u00edskejte dal\u0161\u00ed technick\u00e9 podrobnosti, vlastn\u00ed nab\u00eddku nebo si domluvte zku\u0161ebn\u00ed provoz. A\u0165 u\u017e modernizujete svou recykla\u010dn\u00ed linku nebo zahajujete nov\u00fd projekt nakl\u00e1d\u00e1n\u00ed s odpady, tento granul\u00e1tor nab\u00edz\u00ed dlouhodob\u00fd v\u00fdkon, kter\u00e9mu m\u016f\u017eete d\u016fv\u011b\u0159ovat.<\/p>","protected":false},"excerpt":{"rendered":"<p>Tento jednoh\u0159\u00eddelov\u00fd granul\u00e1tor je vybaven rotorem ve tvaru \u010dty\u0159l\u00edstku, kter\u00fd zaji\u0161\u0165uje \u00fa\u010dinn\u00e9 a \u010dist\u00e9 \u0159ez\u00e1n\u00ed plast\u016f, pry\u017ee a m\u011bkk\u00e9ho pr\u016fmyslov\u00e9ho odpadu. Je zkonstruov\u00e1n pro vysok\u00fd v\u00fdkon a n\u00edzk\u00e9 n\u00e1roky na \u00fadr\u017ebu.<\/p>","protected":false},"featured_media":2008,"template":"","meta":{"site-sidebar-layout":"default","site-content-layout":"","ast-site-content-layout":"default","site-content-style":"default","site-sidebar-style":"default","ast-global-header-display":"","ast-banner-title-visibility":"","ast-main-header-display":"","ast-hfb-above-header-display":"","ast-hfb-below-header-display":"","ast-hfb-mobile-header-display":"","site-post-title":"","ast-breadcrumbs-content":"","ast-featured-img":"","footer-sml-layout":"","ast-disable-related-posts":"","theme-transparent-header-meta":"default","adv-header-id-meta":"","stick-header-meta":"","header-above-stick-meta":"","header-main-stick-meta":"","header-below-stick-meta":"","astra-migrate-meta-layouts":"set","ast-page-background-enabled":"default","ast-page-background-meta":{"desktop":{"background-color":"var(--ast-global-color-5)","background-image":"","background-repeat":"repeat","background-position":"center center","background-size":"auto","background-attachment":"scroll","background-type":"","background-media":"","overlay-type":"","overlay-color":"","overlay-opacity":"","overlay-gradient":""},"tablet":{"background-color":"","background-image":"","background-repeat":"repeat","background-position":"center center","background-size":"auto","background-attachment":"scroll","background-type":"","background-media":"","overlay-type":"","overlay-color":"","overlay-opacity":"","overlay-gradient":""},"mobile":{"background-color":"","background-image":"","background-repeat":"repeat","background-position":"center center","background-size":"auto","background-attachment":"scroll","background-type":"","background-media":"","overlay-type":"","overlay-color":"","overlay-opacity":"","overlay-gradient":""}},"ast-content-background-meta":{"desktop":{"background-color":"var(--ast-global-color-4)","background-image":"","background-repeat":"repeat","background-position":"center center","background-size":"auto","background-attachment":"scroll","background-type":"","background-media":"","overlay-type":"","overlay-color":"","overlay-opacity":"","overlay-gradient":""},"tablet":{"background-color":"var(--ast-global-color-4)","background-image":"","background-repeat":"repeat","background-position":"center center","background-size":"auto","background-attachment":"scroll","background-type":"","background-media":"","overlay-type":"","overlay-color":"","overlay-opacity":"","overlay-gradient":""},"mobile":{"background-color":"var(--ast-global-color-4)","background-image":"","background-repeat":"repeat","background-position":"center center","background-size":"auto","background-attachment":"scroll","background-type":"","background-media":"","overlay-type":"","overlay-color":"","overlay-opacity":"","overlay-gradient":""}}},"product_brand":[],"product_cat":[20],"product_tag":[],"class_list":{"0":"post-2018","1":"product","2":"type-product","3":"status-publish","4":"has-post-thumbnail","6":"product_cat-shredding-and-crushing-machine","7":"desktop-align-left","8":"tablet-align-left","9":"mobile-align-left","11":"first","12":"instock","13":"shipping-taxable","14":"product-type-simple"},"_links":{"self":[{"href":"https:\/\/www.gigapa.com\/cs\/wp-json\/wp\/v2\/product\/2018","targetHints":{"allow":["GET"]}}],"collection":[{"href":"https:\/\/www.gigapa.com\/cs\/wp-json\/wp\/v2\/product"}],"about":[{"href":"https:\/\/www.gigapa.com\/cs\/wp-json\/wp\/v2\/types\/product"}],"version-history":[{"count":4,"href":"https:\/\/www.gigapa.com\/cs\/wp-json\/wp\/v2\/product\/2018\/revisions"}],"predecessor-version":[{"id":2715,"href":"https:\/\/www.gigapa.com\/cs\/wp-json\/wp\/v2\/product\/2018\/revisions\/2715"}],"wp:featuredmedia":[{"embeddable":true,"href":"https:\/\/www.gigapa.com\/cs\/wp-json\/wp\/v2\/media\/2008"}],"wp:attachment":[{"href":"https:\/\/www.gigapa.com\/cs\/wp-json\/wp\/v2\/media?parent=2018"}],"wp:term":[{"taxonomy":"product_brand","embeddable":true,"href":"https:\/\/www.gigapa.com\/cs\/wp-json\/wp\/v2\/product_brand?post=2018"},{"taxonomy":"product_cat","embeddable":true,"href":"https:\/\/www.gigapa.com\/cs\/wp-json\/wp\/v2\/product_cat?post=2018"},{"taxonomy":"product_tag","embeddable":true,"href":"https:\/\/www.gigapa.com\/cs\/wp-json\/wp\/v2\/product_tag?post=2018"}],"curies":[{"name":"wp","href":"https:\/\/api.w.org\/{rel}","templated":true}]}}