{"id":2294,"date":"2025-06-26T08:35:07","date_gmt":"2025-06-26T00:35:07","guid":{"rendered":"https:\/\/www.gigapa.com\/?post_type=product&#038;p=2294"},"modified":"2026-05-08T17:23:20","modified_gmt":"2026-05-08T09:23:20","slug":"wood-chip-shaving-machine","status":"publish","type":"product","link":"https:\/\/www.gigapa.com\/cs\/produkt\/wood-chip-shaving-machine\/","title":{"rendered":"Stroj na holen\u00ed d\u0159evn\u00ed \u0161t\u011bpky"},"content":{"rendered":"<h3 data-start=\"95\" data-end=\"111\">\u00davod<\/h3>\n<p data-start=\"113\" data-end=\"544\">\u0160t\u011bpkova\u010d je specializovan\u00e9 za\u0159\u00edzen\u00ed ur\u010den\u00e9 k efektivn\u00ed v\u00fdrob\u011b hoblin z d\u0159evn\u00ed \u0161t\u011bpky. Tento stroj se \u0161iroce pou\u017e\u00edv\u00e1 v r\u016fzn\u00fdch pr\u016fmyslov\u00fdch odv\u011btv\u00edch, jako je zpracov\u00e1n\u00ed d\u0159eva, v\u00fdroba podest\u00fdlky pro zv\u00ed\u0159ata, a dokonce i p\u0159i v\u00fdrob\u011b kompozitn\u00edch d\u0159ev\u011bn\u00fdch v\u00fdrobk\u016f. Je zkonstruov\u00e1n tak, aby poskytoval vysokou \u00fa\u010dinnost, trvanlivost a p\u0159esnost p\u0159i hoblov\u00e1n\u00ed d\u0159eva na jemn\u00e9, rovnom\u011brn\u00e9 hobliny, kter\u00e9 spl\u0148uj\u00ed pr\u016fmyslov\u00e9 normy.<\/p>\n<p data-start=\"546\" data-end=\"941\">A\u0165 u\u017e se zab\u00fdv\u00e1te v\u00fdrobou podest\u00fdlky pro zv\u00ed\u0159ata nebo v\u00fdrobk\u016f na b\u00e1zi d\u0159eva, stroj na hoblov\u00e1n\u00ed d\u0159evn\u00ed \u0161t\u011bpky je z\u00e1kladn\u00edm n\u00e1strojem pro zv\u00fd\u0161en\u00ed produktivity a sn\u00ed\u017een\u00ed mno\u017estv\u00ed odpadu. Tento v\u0161estrann\u00fd stroj dok\u00e1\u017ee zpracov\u00e1vat r\u016fzn\u00e9 druhy d\u0159evn\u00ed \u0161t\u011bpky a vyr\u00e1b\u011bt hobliny r\u016fzn\u00fdch velikost\u00ed, co\u017e z n\u011bj \u010din\u00ed cenn\u00fd p\u0159\u00ednos pro podniky, kter\u00e9 cht\u011bj\u00ed optimalizovat sv\u00e9 mo\u017enosti zpracov\u00e1n\u00ed d\u0159eva.<\/p>\n<h3 data-start=\"948\" data-end=\"993\">Vlastnosti holic\u00edho stroje na d\u0159ev\u011bn\u00e9 \u0161t\u011bpky<\/h3>\n<ol data-start=\"995\" data-end=\"2905\">\n<li data-start=\"995\" data-end=\"1351\">\n<p data-start=\"998\" data-end=\"1351\">Vysok\u00e1 \u00fa\u010dinnost a v\u00fdkon<br \/>\nStroj na v\u00fdrobu d\u0159ev\u011bn\u00fdch hoblin je navr\u017een pro vysokorychlostn\u00ed v\u00fdrobu, kter\u00e1 zaji\u0161\u0165uje st\u00e1l\u00fd v\u00fdstup hoblin. Efektivn\u00ed provoz stroje minimalizuje prostoje a umo\u017e\u0148uje st\u00e1lou v\u00fdrobu ve velk\u00fdch objemech. Je ide\u00e1ln\u00ed pro podniky, kter\u00e9 cht\u011bj\u00ed uspokojit vysokou popt\u00e1vku p\u0159i zachov\u00e1n\u00ed provozn\u00ed efektivity.<\/p>\n<\/li>\n<li data-start=\"1353\" data-end=\"1761\">\n<p data-start=\"1356\" data-end=\"1761\">P\u0159izp\u016fsobiteln\u00e1 velikost holen\u00ed<br \/>\nJednou z nejv\u00fdznamn\u011bj\u0161\u00edch v\u00fdhod stroje na hoblov\u00e1n\u00ed d\u0159evn\u00ed \u0161t\u011bpky je mo\u017enost nastaven\u00ed velikosti hoblov\u00e1n\u00ed. V z\u00e1vislosti na pou\u017eit\u00ed m\u016f\u017ee obsluha snadno nastavit tlou\u0161\u0165ku a strukturu hoblin. D\u00edky t\u00e9to flexibilit\u011b je stroj vhodn\u00fd pro v\u00edce pr\u016fmyslov\u00fdch odv\u011btv\u00ed, od vytv\u00e1\u0159en\u00ed jemn\u00fdch hoblin pro podest\u00fdlku zv\u00ed\u0159at a\u017e po hrub\u0161\u00ed hobliny pou\u017e\u00edvan\u00e9 ve v\u00fdrobc\u00edch na b\u00e1zi d\u0159eva.<\/p>\n<\/li>\n<li data-start=\"1763\" data-end=\"2149\">\n<p data-start=\"1766\" data-end=\"2149\">Robustn\u00ed a odoln\u00e1 konstrukce<br \/>\nStroj na v\u00fdrobu hoblin je vyroben z vysoce kvalitn\u00edch materi\u00e1l\u016f a je navr\u017een tak, aby zvl\u00e1dl n\u00e1ro\u010dn\u00e9 zpracov\u00e1n\u00ed d\u0159eva. Odoln\u00e1 konstrukce stroje zaji\u0161\u0165uje dlouhou \u017eivotnost i p\u0159i nep\u0159etr\u017eit\u00e9m provozu. Odol\u00e1v\u00e1 opot\u0159eben\u00ed a p\u0159edstavuje spolehliv\u00e9 \u0159e\u0161en\u00ed pro podniky, kter\u00e9 si zakl\u00e1daj\u00ed na st\u00e1l\u00e9m v\u00fdkonu.<\/p>\n<\/li>\n<li data-start=\"2151\" data-end=\"2516\">\n<p data-start=\"2154\" data-end=\"2516\">N\u00edzk\u00e9 n\u00e1roky na \u00fadr\u017ebu<br \/>\nKonstrukce stroje zahrnuje tak\u00e9 komponenty, kter\u00e9 se snadno udr\u017euj\u00ed. D\u00edky minim\u00e1ln\u00edmu po\u010dtu pohybliv\u00fdch d\u00edl\u016f se stroj na \u0161t\u011bpkov\u00e1n\u00ed d\u0159eva snadno servisuje, co\u017e sni\u017euje pot\u0159ebu n\u00e1kladn\u00fdch oprav nebo del\u0161\u00edch odst\u00e1vek. Pravideln\u00e1 \u00fadr\u017eba zaji\u0161\u0165uje optim\u00e1ln\u00ed v\u00fdkon a dlouhou \u017eivotnost stroje, co\u017e z n\u011bj \u010din\u00ed n\u00e1kladov\u011b efektivn\u00ed investici.<\/p>\n<\/li>\n<li data-start=\"2518\" data-end=\"2905\">\n<p data-start=\"2521\" data-end=\"2905\">Ekologick\u00fd provoz<br \/>\nStroj pracuje \u0161etrn\u011b k \u017eivotn\u00edmu prost\u0159ed\u00ed, proto\u017ee efektivn\u011b vyu\u017e\u00edv\u00e1 d\u0159evn\u00ed odpad. M\u00edsto toho, aby se d\u0159ev\u011bn\u00e9 \u0161t\u011bpky vyhazovaly jako odpad, p\u0159em\u011b\u0148uje je stroj na v\u00fdrobu hoblin na u\u017eite\u010dn\u00e9 hobliny, co\u017e p\u0159isp\u00edv\u00e1 ke sn\u00ed\u017een\u00ed dopadu na \u017eivotn\u00ed prost\u0159ed\u00ed. To z n\u011bj \u010din\u00ed vynikaj\u00edc\u00ed volbu pro spole\u010dnosti, kter\u00e9 cht\u011bj\u00ed zav\u00e9st udr\u017eiteln\u00e9 postupy.<\/p>\n<\/li>\n<\/ol>\n<h3 data-start=\"2912\" data-end=\"2961\">Pou\u017eit\u00ed stroje na hoblov\u00e1n\u00ed d\u0159evn\u00ed \u0161t\u011bpky<\/h3>\n<p data-start=\"2963\" data-end=\"3134\">D\u0159evoobr\u00e1b\u011bc\u00ed stroj m\u00e1 \u0161irokou \u0161k\u00e1lu pou\u017eit\u00ed, co\u017e z n\u011bj d\u011bl\u00e1 nezbytnou sou\u010d\u00e1st vybaven\u00ed pro r\u016fzn\u00e1 pr\u016fmyslov\u00e1 odv\u011btv\u00ed. Mezi nejb\u011b\u017en\u011bj\u0161\u00ed pou\u017eit\u00ed pat\u0159\u00ed:<\/p>\n<ol data-start=\"3136\" data-end=\"4735\">\n<li data-start=\"3136\" data-end=\"3493\">\n<p data-start=\"3139\" data-end=\"3493\">Povle\u010den\u00ed pro zv\u00ed\u0159ata<br \/>\nJedn\u00edm z nej\u010dast\u011bj\u0161\u00edch zp\u016fsob\u016f pou\u017eit\u00ed \u0161t\u011bpkova\u010de je v\u00fdroba podest\u00fdlky pro zv\u00ed\u0159ata. Jemn\u00e9 a m\u011bkk\u00e9 hobliny, kter\u00e9 stroj vyr\u00e1b\u00ed, jsou ide\u00e1ln\u00ed pro zaji\u0161t\u011bn\u00ed pohodln\u00e9ho a hygienick\u00e9ho prost\u0159ed\u00ed pro zv\u00ed\u0159ata. Tyto hobliny jsou sav\u00e9, pom\u00e1haj\u00ed regulovat vlhkost a sni\u017eovat z\u00e1pach ve v\u00fdb\u011bz\u00edch pro zv\u00ed\u0159ata.<\/p>\n<\/li>\n<li data-start=\"3495\" data-end=\"3847\">\n<p data-start=\"3498\" data-end=\"3847\">V\u00fdroba d\u0159ev\u011bn\u00fdch v\u00fdrobk\u016f<br \/>\nD\u0159ev\u011bn\u00e9 hobliny vyroben\u00e9 na hoblovac\u00edm stroji se \u010dasto pou\u017e\u00edvaj\u00ed p\u0159i v\u00fdrob\u011b v\u00fdrobk\u016f na b\u00e1zi d\u0159eva, jako jsou d\u0159evot\u0159\u00edskov\u00e9 desky, MDF (st\u0159edn\u011b hust\u00e9 d\u0159evovl\u00e1knit\u00e9 desky) a p\u0159ekli\u017eky. Tyto hobliny slou\u017e\u00ed jako suroviny, kter\u00e9 se sm\u00edchaj\u00ed s lepidly a stla\u010d\u00ed, aby se vytvo\u0159ily robustn\u00ed kompozitn\u00ed d\u0159ev\u011bn\u00e9 v\u00fdrobky.<\/p>\n<\/li>\n<li data-start=\"3849\" data-end=\"4202\">\n<p data-start=\"3852\" data-end=\"4202\">V\u00fdroba d\u0159ev\u011bn\u00fdch pelet<br \/>\n\u0160t\u011bpky vznikl\u00e9 na tomto stroji lze tak\u00e9 pou\u017e\u00edt jako surovinu pro v\u00fdrobu d\u0159ev\u011bn\u00fdch pelet. Tyto pelety se b\u011b\u017en\u011b pou\u017e\u00edvaj\u00ed v topn\u00fdch syst\u00e9mech i v pr\u016fmyslov\u00fdch aplikac\u00edch. Jemn\u00e9 a rovnom\u011brn\u00e9 hobliny produkovan\u00e9 strojem zaji\u0161\u0165uj\u00ed, \u017ee v\u00fdsledn\u00e9 pelety maj\u00ed stejnou velikost a \u00fa\u010dinnost spalov\u00e1n\u00ed.<\/p>\n<\/li>\n<li data-start=\"4204\" data-end=\"4478\">\n<p data-start=\"4207\" data-end=\"4478\">Obalov\u00e9 materi\u00e1ly<br \/>\n\u0160t\u011bpky vyroben\u00e9 strojem na hoblov\u00e1n\u00ed d\u0159eva lze vyu\u017e\u00edt k v\u00fdrob\u011b ekologick\u00fdch obalov\u00fdch materi\u00e1l\u016f. Tyto hobliny lze pou\u017e\u00edt jako polstrov\u00e1n\u00ed k\u0159ehk\u00fdch v\u00fdrobk\u016f a nahradit jimi tradi\u010dn\u00ed obalov\u00e9 materi\u00e1ly, jako je p\u011bna nebo plast.<\/p>\n<\/li>\n<li data-start=\"4480\" data-end=\"4735\">\n<p data-start=\"4483\" data-end=\"4735\">Ter\u00e9nn\u00ed \u00fapravy a mul\u010dov\u00e1n\u00ed<br \/>\nD\u0159ev\u011bn\u00e9 hobliny lze pou\u017e\u00edt p\u0159i ter\u00e9nn\u00edch \u00faprav\u00e1ch a jako mul\u010d na zahrad\u00e1ch. Strojek na hobliny dok\u00e1\u017ee vyrobit hobliny, kter\u00e9 maj\u00ed stejnou velikost, tak\u017ee jsou ide\u00e1ln\u00ed pro pou\u017eit\u00ed na zahradn\u00edch z\u00e1honech, v kv\u011btin\u00e1\u010d\u00edch a na tr\u00e1vn\u00edc\u00edch.<\/p>\n<\/li>\n<\/ol>\n<h3 data-start=\"4742\" data-end=\"4785\">Jak funguje holic\u00ed strojek na d\u0159evo<\/h3>\n<p data-start=\"4787\" data-end=\"5046\">\u0160t\u011bpkovac\u00ed stroj pracuje na z\u00e1klad\u011b \u0159ady mechanick\u00fdch proces\u016f, kter\u00e9 p\u0159em\u011b\u0148uj\u00ed d\u0159evn\u00ed \u0161t\u011bpku na jemn\u011b hoblovan\u00fd materi\u00e1l. Stroj se skl\u00e1d\u00e1 z n\u00e1sypky, rotuj\u00edc\u00edch no\u017e\u016f a vyprazd\u0148ovac\u00edho syst\u00e9mu. Zde je stru\u010dn\u00fd p\u0159ehled jeho fungov\u00e1n\u00ed:<\/p>\n<ol data-start=\"5048\" data-end=\"5666\">\n<li data-start=\"5048\" data-end=\"5181\">\n<p data-start=\"5051\" data-end=\"5181\">Krmen\u00ed d\u0159evn\u00ed \u0161t\u011bpkou<br \/>\nD\u0159evn\u00ed \u0161t\u011bpky se do stroje p\u0159iv\u00e1d\u011bj\u00ed p\u0159es n\u00e1sypku, kter\u00e1 je vede do \u0161t\u011bpkovac\u00ed komory.<\/p>\n<\/li>\n<li data-start=\"5183\" data-end=\"5436\">\n<p data-start=\"5186\" data-end=\"5436\">Proces holen\u00ed<br \/>\nUvnit\u0159 hoblovac\u00ed komory jsou d\u0159ev\u011bn\u00e9 t\u0159\u00edsky kr\u00e1jeny vysokorychlostn\u00edmi rotuj\u00edc\u00edmi no\u017ei. \u010cepele jsou navr\u017eeny tak, aby d\u0159evo roz\u0159ezaly na tenk\u00e9, rovnom\u011brn\u00e9 hobliny. Velikost hoblin lze upravit zm\u011bnou nastaven\u00ed no\u017e\u016f.<\/p>\n<\/li>\n<li data-start=\"5438\" data-end=\"5666\">\n<p data-start=\"5441\" data-end=\"5666\">Vypou\u0161t\u011bn\u00ed hoblin<br \/>\nPo zpracov\u00e1n\u00ed d\u0159evn\u00ed \u0161t\u011bpky na hobliny se kone\u010dn\u00fd produkt vypou\u0161t\u00ed v\u00fdstupn\u00edm \u017elabem. V z\u00e1vislosti na zam\u00fd\u0161len\u00e9m pou\u017eit\u00ed se hobliny shroma\u017e\u010fuj\u00ed a d\u00e1le zpracov\u00e1vaj\u00ed.<\/p>\n<\/li>\n<\/ol>\n<h3 data-start=\"5673\" data-end=\"5718\">V\u00fdhody holic\u00edho stroje na d\u0159evn\u00ed \u0161t\u011bpku<\/h3>\n<ol data-start=\"5720\" data-end=\"6889\">\n<li data-start=\"5720\" data-end=\"6035\">\n<p data-start=\"5723\" data-end=\"6035\">N\u00e1kladov\u011b efektivn\u00ed<br \/>\n\u0160t\u00edpa\u010dka na d\u0159evo je cenov\u011b dostupn\u00fdm \u0159e\u0161en\u00edm pro podniky, kter\u00e9 cht\u011bj\u00ed zpracov\u00e1vat d\u0159evn\u00ed odpad na hodnotn\u00e9 v\u00fdrobky. Jeho efektivita a odolnost zaji\u0161\u0165uj\u00ed n\u00edzk\u00e9 n\u00e1klady na vlastnictv\u00ed, co\u017e z n\u011bj \u010din\u00ed rozumnou investici pro podniky v oblasti zpracov\u00e1n\u00ed d\u0159eva, v\u00fdroby podest\u00fdlky pro zv\u00ed\u0159ata a dal\u0161\u00edch pr\u016fmyslov\u00fdch odv\u011btv\u00edch.<\/p>\n<\/li>\n<li data-start=\"6037\" data-end=\"6314\">\n<p data-start=\"6040\" data-end=\"6314\">Zlep\u0161en\u00e9 nakl\u00e1d\u00e1n\u00ed s odpady<br \/>\nTento stroj p\u0159em\u011b\u0148uje d\u0159ev\u011bn\u00e9 \u0161t\u011bpky na hobliny a pom\u00e1h\u00e1 tak podnik\u016fm efektivn\u011b nakl\u00e1dat s d\u0159evn\u00edm odpadem. Nam\u00edsto skl\u00e1dkov\u00e1n\u00ed d\u0159evn\u00ed \u0161t\u011bpky mohou podniky tuto \u0161t\u011bpku znovu vyu\u017e\u00edt na u\u017eite\u010dn\u00e9 v\u00fdrobky, a p\u0159isp\u011bt tak k lep\u0161\u00edmu vyu\u017eit\u00ed zdroj\u016f.<\/p>\n<\/li>\n<li data-start=\"6316\" data-end=\"6587\">\n<p data-start=\"6319\" data-end=\"6587\">Zv\u00fd\u0161en\u00e1 produktivita<br \/>\n\u0160t\u00edpac\u00ed stroj s vysok\u00fdm v\u00fdkonem zvy\u0161uje produktivitu t\u00edm, \u017ee zkracuje dobu zpracov\u00e1n\u00ed a minimalizuje prostoje. To umo\u017e\u0148uje podnik\u016fm splnit po\u017eadavky na v\u00fdrobu s vysokou popt\u00e1vkou bez sn\u00ed\u017een\u00ed kvality.<\/p>\n<\/li>\n<li data-start=\"6589\" data-end=\"6889\">\n<p data-start=\"6592\" data-end=\"6889\">V\u0161estrannost<br \/>\nD\u00edky mo\u017enosti nastaven\u00ed velikosti holen\u00ed je stroj dostate\u010dn\u011b univerz\u00e1ln\u00ed pro r\u016fzn\u00e1 odv\u011btv\u00ed. A\u0165 u\u017e vyr\u00e1b\u00edte jemn\u00e9 hobliny pro podest\u00fdlku pro zv\u00ed\u0159ata nebo v\u011bt\u0161\u00ed hobliny pro v\u00fdrobky z kompozitn\u00edho d\u0159eva, hoblovac\u00ed stroj v\u00e1m poskytne pot\u0159ebnou flexibilitu.<\/p>\n<\/li>\n<\/ol>\n<h3 data-start=\"6896\" data-end=\"6910\">Z\u00e1v\u011br<\/h3>\n<p data-start=\"6912\" data-end=\"7456\">\u0160t\u011bpkova\u010d je vysoce efektivn\u00ed a univerz\u00e1ln\u00ed \u0159e\u0161en\u00ed pro zpracov\u00e1n\u00ed d\u0159evn\u00ed \u0161t\u011bpky na jemn\u00e9 a rovnom\u011brn\u00e9 hobliny. Jeho robustn\u00ed konstrukce, p\u0159izp\u016fsobiteln\u00e9 funkce a ekologick\u00fd provoz z n\u011bj \u010din\u00ed cenn\u00fd p\u0159\u00ednos pro odv\u011btv\u00ed, jako je v\u00fdroba podest\u00fdlky pro zv\u00ed\u0159ata, v\u00fdroba produkt\u016f na b\u00e1zi d\u0159eva a ter\u00e9nn\u00ed \u00fapravy. D\u00edky sv\u00e9 schopnosti zefektivnit provoz a sn\u00ed\u017eit mno\u017estv\u00ed odpadu nab\u00edz\u00ed stroj na hoblov\u00e1n\u00ed d\u0159eva n\u00e1kladov\u011b efektivn\u00ed a udr\u017eiteln\u00e9 \u0159e\u0161en\u00ed pro podniky, kter\u00e9 cht\u011bj\u00ed zv\u00fd\u0161it produktivitu a vyu\u017eit\u00ed zdroj\u016f.<\/p>\n<p data-start=\"7458\" data-end=\"7637\">Investic\u00ed do stroje na \u0161t\u011bpkov\u00e1n\u00ed mohou podniky nejen zlep\u0161it sv\u00e9 hospod\u00e1\u0159sk\u00e9 v\u00fdsledky, ale tak\u00e9 p\u0159isp\u011bt k udr\u017eiteln\u011bj\u0161\u00edmu a ekologi\u010dt\u011bj\u0161\u00edmu pr\u016fmyslu.<\/p>","protected":false},"excerpt":{"rendered":"<p>\u0160t\u011bpkova\u010d \u00fa\u010dinn\u011b p\u0159em\u011b\u0148uje d\u0159evn\u00ed \u0161t\u011bpku na vysoce kvalitn\u00ed a rovnom\u011brn\u00e9 hobliny. Ide\u00e1ln\u00ed pro r\u016fzn\u00e9 aplikace, v\u010detn\u011b podest\u00fdlky pro zv\u00ed\u0159ata, obal\u016f a v\u00fdrobk\u016f na b\u00e1zi d\u0159eva. Tento stroj se snadno obsluhuje, nevy\u017eaduje \u00fadr\u017ebu a je konstruov\u00e1n s ohledem na vysokou \u017eivotnost a nab\u00edz\u00ed n\u00e1kladov\u011b efektivn\u00ed \u0159e\u0161en\u00ed pro d\u0159evozpracuj\u00edc\u00ed pr\u016fmysl.<\/p>","protected":false},"featured_media":2293,"template":"","meta":{"site-sidebar-layout":"default","site-content-layout":"","ast-site-content-layout":"default","site-content-style":"default","site-sidebar-style":"default","ast-global-header-display":"","ast-banner-title-visibility":"","ast-main-header-display":"","ast-hfb-above-header-display":"","ast-hfb-below-header-display":"","ast-hfb-mobile-header-display":"","site-post-title":"","ast-breadcrumbs-content":"","ast-featured-img":"","footer-sml-layout":"","ast-disable-related-posts":"","theme-transparent-header-meta":"default","adv-header-id-meta":"","stick-header-meta":"","header-above-stick-meta":"","header-main-stick-meta":"","header-below-stick-meta":"","astra-migrate-meta-layouts":"set","ast-page-background-enabled":"default","ast-page-background-meta":{"desktop":{"background-color":"var(--ast-global-color-5)","background-image":"","background-repeat":"repeat","background-position":"center center","background-size":"auto","background-attachment":"scroll","background-type":"","background-media":"","overlay-type":"","overlay-color":"","overlay-opacity":"","overlay-gradient":""},"tablet":{"background-color":"","background-image":"","background-repeat":"repeat","background-position":"center center","background-size":"auto","background-attachment":"scroll","background-type":"","background-media":"","overlay-type":"","overlay-color":"","overlay-opacity":"","overlay-gradient":""},"mobile":{"background-color":"","background-image":"","background-repeat":"repeat","background-position":"center center","background-size":"auto","background-attachment":"scroll","background-type":"","background-media":"","overlay-type":"","overlay-color":"","overlay-opacity":"","overlay-gradient":""}},"ast-content-background-meta":{"desktop":{"background-color":"var(--ast-global-color-4)","background-image":"","background-repeat":"repeat","background-position":"center center","background-size":"auto","background-attachment":"scroll","background-type":"","background-media":"","overlay-type":"","overlay-color":"","overlay-opacity":"","overlay-gradient":""},"tablet":{"background-color":"var(--ast-global-color-4)","background-image":"","background-repeat":"repeat","background-position":"center center","background-size":"auto","background-attachment":"scroll","background-type":"","background-media":"","overlay-type":"","overlay-color":"","overlay-opacity":"","overlay-gradient":""},"mobile":{"background-color":"var(--ast-global-color-4)","background-image":"","background-repeat":"repeat","background-position":"center center","background-size":"auto","background-attachment":"scroll","background-type":"","background-media":"","overlay-type":"","overlay-color":"","overlay-opacity":"","overlay-gradient":""}}},"product_brand":[],"product_cat":[20,150],"product_tag":[123,125,124,126],"class_list":{"0":"post-2294","1":"product","2":"type-product","3":"status-publish","4":"has-post-thumbnail","6":"product_cat-shredding-and-crushing-machine","7":"product_cat-wood-shavings-machine","8":"product_tag-wood-chip-shaving-machine","9":"product_tag-wood-shaving-cutter","10":"product_tag-wood-shaving-cutting-machine","11":"product_tag-wood-shaving-making-machine","12":"desktop-align-left","13":"tablet-align-left","14":"mobile-align-left","16":"first","17":"instock","18":"shipping-taxable","19":"product-type-simple"},"_links":{"self":[{"href":"https:\/\/www.gigapa.com\/cs\/wp-json\/wp\/v2\/product\/2294","targetHints":{"allow":["GET"]}}],"collection":[{"href":"https:\/\/www.gigapa.com\/cs\/wp-json\/wp\/v2\/product"}],"about":[{"href":"https:\/\/www.gigapa.com\/cs\/wp-json\/wp\/v2\/types\/product"}],"version-history":[{"count":3,"href":"https:\/\/www.gigapa.com\/cs\/wp-json\/wp\/v2\/product\/2294\/revisions"}],"predecessor-version":[{"id":2297,"href":"https:\/\/www.gigapa.com\/cs\/wp-json\/wp\/v2\/product\/2294\/revisions\/2297"}],"wp:featuredmedia":[{"embeddable":true,"href":"https:\/\/www.gigapa.com\/cs\/wp-json\/wp\/v2\/media\/2293"}],"wp:attachment":[{"href":"https:\/\/www.gigapa.com\/cs\/wp-json\/wp\/v2\/media?parent=2294"}],"wp:term":[{"taxonomy":"product_brand","embeddable":true,"href":"https:\/\/www.gigapa.com\/cs\/wp-json\/wp\/v2\/product_brand?post=2294"},{"taxonomy":"product_cat","embeddable":true,"href":"https:\/\/www.gigapa.com\/cs\/wp-json\/wp\/v2\/product_cat?post=2294"},{"taxonomy":"product_tag","embeddable":true,"href":"https:\/\/www.gigapa.com\/cs\/wp-json\/wp\/v2\/product_tag?post=2294"}],"curies":[{"name":"wp","href":"https:\/\/api.w.org\/{rel}","templated":true}]}}