{"id":2298,"date":"2025-06-26T08:53:55","date_gmt":"2025-06-26T00:53:55","guid":{"rendered":"https:\/\/www.gigapa.com\/?post_type=product&#038;p=2298"},"modified":"2025-10-13T09:14:45","modified_gmt":"2025-10-13T01:14:45","slug":"industrial-hydraulic-press-baler","status":"publish","type":"product","link":"https:\/\/www.gigapa.com\/cs\/produkt\/industrial-hydraulic-press-baler\/","title":{"rendered":"Pr\u016fmyslov\u00fd hydraulick\u00fd lis"},"content":{"rendered":"<h3 data-start=\"96\" data-end=\"112\">\u00davod<\/h3>\n<p data-start=\"114\" data-end=\"619\">Pr\u016fmyslov\u00fd hydraulick\u00fd lis je vysoce v\u00fdkonn\u00fd stroj ur\u010den\u00fd pro efektivn\u00ed lisov\u00e1n\u00ed a lisov\u00e1n\u00ed r\u016fzn\u00fdch materi\u00e1l\u016f, v\u010detn\u011b lepenky, plast\u016f, kov\u016f a pap\u00edrov\u00e9ho odpadu. Tento stroj se \u0161iroce pou\u017e\u00edv\u00e1 v recykla\u010dn\u00edch centrech, skladech, sb\u011brn\u00e1ch \u0161rotu a pr\u016fmyslov\u00fdch z\u00e1vodech. Zaji\u0161\u0165uje optimalizaci prostoru, sn\u00ed\u017een\u00ed n\u00e1klad\u016f a ekologickou udr\u017eitelnost t\u00edm, \u017ee lisuje velk\u00e9 objemy odpadu do zvl\u00e1dnuteln\u00fdch bal\u00edk\u016f, kter\u00e9 lze pot\u00e9 snadno skladovat, p\u0159epravovat nebo recyklovat.<\/p>\n<p data-start=\"621\" data-end=\"951\">D\u00edky pokro\u010dil\u00e9 hydraulick\u00e9 technologii nab\u00edz\u00ed lis na pr\u016fmyslov\u00fd odpad vysok\u00fd v\u00fdkon, spolehlivost a v\u0161estrannost pro \u0161irokou \u0161k\u00e1lu pr\u016fmyslov\u00fdch odv\u011btv\u00ed. Je nezbytn\u00fdm n\u00e1strojem pro podniky, jejich\u017e c\u00edlem je zefektivnit procesy nakl\u00e1d\u00e1n\u00ed s odpady a p\u0159isp\u011bt k udr\u017eiteln\u011bj\u0161\u00edmu a n\u00e1kladov\u011b efektivn\u011bj\u0161\u00edmu provozu.<\/p>\n<h3 data-start=\"958\" data-end=\"1014\">Kl\u00ed\u010dov\u00e9 vlastnosti pr\u016fmyslov\u00e9ho hydraulick\u00e9ho lisu<\/h3>\n<ol data-start=\"1016\" data-end=\"3305\">\n<li data-start=\"1016\" data-end=\"1400\">\n<p data-start=\"1019\" data-end=\"1400\">Vysokotlak\u00fd hydraulick\u00fd syst\u00e9m<br \/>\nHlavn\u00edm rysem lisu na pr\u016fmyslov\u00fd odpad je hydraulick\u00fd lisovac\u00ed syst\u00e9m, kter\u00fd vyu\u017e\u00edv\u00e1 vysokotlak\u00e9 mechanismy k pevn\u00e9mu stla\u010den\u00ed materi\u00e1l\u016f. V\u00fdsledkem jsou bal\u00edky s vysokou hustotou, kter\u00e9 se snadno skladuj\u00ed a p\u0159epravuj\u00ed. Hydraulick\u00fd syst\u00e9m zaji\u0161\u0165uje st\u00e1l\u00fd v\u00fdkon, tak\u017ee je vhodn\u00fd pro nep\u0159etr\u017eit\u00fd, n\u00e1ro\u010dn\u00fd provoz.<\/p>\n<\/li>\n<li data-start=\"1402\" data-end=\"1730\">\n<p data-start=\"1405\" data-end=\"1730\">V\u0161estrannost p\u0159i manipulaci s materi\u00e1lem<br \/>\nTento stroj je schopen zpracov\u00e1vat r\u016fzn\u00e9 materi\u00e1ly, v\u010detn\u011b lepenky, pap\u00edru, plast\u016f, textilu, hlin\u00edkov\u00fdch plechovek a dal\u0161\u00edch. D\u00edky sv\u00e9 p\u0159izp\u016fsobivosti je neoceniteln\u00fdm p\u0159\u00ednosem pro pr\u016fmyslov\u00e1 odv\u011btv\u00ed od recyklace odpadu a\u017e po v\u00fdrobu, kde je efektivn\u00ed nakl\u00e1d\u00e1n\u00ed s odpadem velmi d\u016fle\u017eit\u00e9.<\/p>\n<\/li>\n<li data-start=\"1732\" data-end=\"2088\">\n<p data-start=\"1735\" data-end=\"2088\">Pln\u011b automatick\u00fd provoz<br \/>\nPr\u016fmyslov\u00fd hydraulick\u00fd lis je vybaven pokro\u010dil\u00fdmi automatick\u00fdmi funkcemi, kter\u00e9 sni\u017euj\u00ed pot\u0159ebu ru\u010dn\u00edho z\u00e1sahu. D\u00edky pln\u011b automatick\u00fdm operac\u00edm dok\u00e1\u017ee lis efektivn\u011b pod\u00e1vat, lisovat a vyprazd\u0148ovat odpadn\u00ed materi\u00e1ly s minim\u00e1ln\u00edm zapojen\u00edm obsluhy, \u010d\u00edm\u017e zvy\u0161uje efektivitu a sni\u017euje n\u00e1klady na pracovn\u00ed s\u00edlu.<\/p>\n<\/li>\n<li data-start=\"2090\" data-end=\"2367\">\n<p data-start=\"2093\" data-end=\"2367\">Vysok\u00e1 hustota bal\u00edk\u016f<br \/>\nStroj je navr\u017een tak, aby produkoval bal\u00edky s vysokou hustotou, co\u017e pom\u00e1h\u00e1 \u0161et\u0159it cenn\u00e9 skladovac\u00ed prostory a sni\u017euje n\u00e1klady na p\u0159epravu. S hust\u00fdmi bal\u00edky se snadn\u011bji manipuluje a lze je bezpe\u010dn\u011b stohovat, co\u017e d\u00e1le optimalizuje vyu\u017eit\u00ed prostoru ve va\u0161em za\u0159\u00edzen\u00ed.<\/p>\n<\/li>\n<li data-start=\"2369\" data-end=\"2720\">\n<p data-start=\"2372\" data-end=\"2720\">Odoln\u00fd a spolehliv\u00fd design<br \/>\nPr\u016fmyslov\u00fd hydraulick\u00fd lis je vyroben z vysoce kvalitn\u00edch materi\u00e1l\u016f a je navr\u017een pro dlouhotrvaj\u00edc\u00ed v\u00fdkon. Robustn\u00ed konstrukce zaji\u0161\u0165uje, \u017ee stroj vydr\u017e\u00ed ka\u017edodenn\u00ed pou\u017e\u00edv\u00e1n\u00ed v n\u00e1ro\u010dn\u00fdch podm\u00ednk\u00e1ch, a poskytuje tak podnik\u016fm spolehliv\u00e9 \u0159e\u0161en\u00ed pro jejich pot\u0159eby v oblasti nakl\u00e1d\u00e1n\u00ed s odpady.<\/p>\n<\/li>\n<li data-start=\"2722\" data-end=\"3012\">\n<p data-start=\"2725\" data-end=\"3012\">Bezpe\u010dnostn\u00ed prvky<br \/>\nStroj je navr\u017een s mnoha bezpe\u010dnostn\u00edmi prvky, kter\u00e9 zaji\u0161\u0165uj\u00ed ochranu obsluhy a minimalizuj\u00ed riziko nehod. Mezi tyto funkce pat\u0159\u00ed tla\u010d\u00edtka nouzov\u00e9ho zastaven\u00ed, automatick\u00e9 vypnut\u00ed a bezpe\u010dnostn\u00ed kryty, co\u017e z n\u011bj \u010din\u00ed bezpe\u010dn\u00fd stroj pro pr\u00e1ci v pr\u016fmyslov\u00e9m prost\u0159ed\u00ed.<\/p>\n<\/li>\n<li data-start=\"3014\" data-end=\"3305\">\n<p data-start=\"3017\" data-end=\"3305\">U\u017eivatelsky p\u0159\u00edv\u011btiv\u00e9 ovl\u00e1d\u00e1n\u00ed<br \/>\nLis je vybaven intuitivn\u00edm ovl\u00e1dac\u00edm panelem, kter\u00fd obsluze usnad\u0148uje sledov\u00e1n\u00ed a \u00fapravu nastaven\u00ed. I u\u017eivatel\u00e9 s minim\u00e1ln\u00edm za\u0161kolen\u00edm mohou stroj efektivn\u011b ovl\u00e1dat, co\u017e sni\u017euje riziko chyb a zvy\u0161uje celkovou produktivitu.<\/p>\n<\/li>\n<\/ol>\n<h3 data-start=\"3312\" data-end=\"3368\">Pou\u017eit\u00ed lisu na pr\u016fmyslov\u00fd odpad<\/h3>\n<p data-start=\"3370\" data-end=\"3568\">Pr\u016fmyslov\u00fd hydraulick\u00fd lis je vysoce univerz\u00e1ln\u00ed stroj vhodn\u00fd pro \u0161irokou \u0161k\u00e1lu aplikac\u00ed. Mezi kl\u00ed\u010dov\u00e1 odv\u011btv\u00ed a sektory, kter\u00e9 tuto technologii vyu\u017e\u00edvaj\u00ed, pat\u0159\u00ed:<\/p>\n<ol data-start=\"3570\" data-end=\"5120\">\n<li data-start=\"3570\" data-end=\"3861\">\n<p data-start=\"3573\" data-end=\"3861\">Recyklace odpad\u016f<br \/>\nRecykla\u010dn\u00ed centra pou\u017e\u00edvaj\u00ed lisy na pr\u016fmyslov\u00fd odpad k efektivn\u00edmu zpracov\u00e1n\u00ed velk\u00fdch objem\u016f recyklovateln\u00fdch materi\u00e1l\u016f. Stla\u010den\u00edm materi\u00e1l\u016f, jako jsou lepenka, plast a pap\u00edr, lis sni\u017euje objem odpadu a usnad\u0148uje jeho p\u0159epravu a recyklaci.<\/p>\n<\/li>\n<li data-start=\"3863\" data-end=\"4163\">\n<p data-start=\"3866\" data-end=\"4163\">Zpracov\u00e1n\u00ed kovov\u00e9ho \u0161rotu<br \/>\nSb\u011brny \u0161rotu a za\u0159\u00edzen\u00ed na zpracov\u00e1n\u00ed kov\u016f pou\u017e\u00edvaj\u00ed tento lis ke slisov\u00e1n\u00ed kovov\u00e9ho odpadu, v\u010detn\u011b hlin\u00edkov\u00fdch plechovek a ocelov\u00e9ho \u0161rotu, do hust\u00fdch bal\u00edk\u016f. S t\u011bmito bal\u00edky se pak l\u00e9pe manipuluje a lze je prodat jako kovov\u00fd \u0161rot k recyklaci nebo znovu pou\u017e\u00edt ve v\u00fdrobn\u00edch procesech.<\/p>\n<\/li>\n<li data-start=\"4165\" data-end=\"4490\">\n<p data-start=\"4168\" data-end=\"4490\">Maloobchod a v\u00fdroba<br \/>\nMaloobchodn\u00ed prodejny a v\u00fdrobn\u00ed z\u00e1vody, kter\u00e9 produkuj\u00ed velk\u00e9 mno\u017estv\u00ed obalov\u00e9ho odpadu, mohou vyu\u017e\u00edt pr\u016fmyslov\u00fd hydraulick\u00fd lis. Pom\u00e1h\u00e1 lisovat kartonov\u00e9 krabice, plastov\u00e9 obaly a dal\u0161\u00ed materi\u00e1ly, \u010d\u00edm\u017e sni\u017euje n\u00e1klady na likvidaci odpadu a zvy\u0161uje efektivitu provozu.<\/p>\n<\/li>\n<li data-start=\"4492\" data-end=\"4760\">\n<p data-start=\"4495\" data-end=\"4760\">Textiln\u00ed pr\u016fmysl<br \/>\nV textiln\u00ed v\u00fdrob\u011b se lis pou\u017e\u00edv\u00e1 ke slisov\u00e1n\u00ed textiln\u00edho odpadu, jako jsou zbytky l\u00e1tek a vl\u00e1ken. Slisovan\u00e9 bal\u00edky se l\u00e9pe skladuj\u00ed, spravuj\u00ed a recykluj\u00ed, co\u017e p\u0159isp\u00edv\u00e1 ke sni\u017eov\u00e1n\u00ed mno\u017estv\u00ed odpadu a udr\u017eitelnosti v textiln\u00edm pr\u016fmyslu.<\/p>\n<\/li>\n<li data-start=\"4762\" data-end=\"5120\">\n<p data-start=\"4765\" data-end=\"5120\">Nakl\u00e1d\u00e1n\u00ed s pap\u00edrov\u00fdm a lepenkov\u00fdm odpadem<br \/>\nPodniky v pap\u00edrensk\u00e9m a karton\u00e1\u017en\u00edm pr\u016fmyslu pou\u017e\u00edvaj\u00ed hydraulick\u00e9 lisy ke sn\u00ed\u017een\u00ed objemu odpadu z obalov\u00fdch materi\u00e1l\u016f. Bal\u00edky s vysokou hustotou, kter\u00e9 lisy vytv\u00e1\u0159ej\u00ed, usnad\u0148uj\u00ed p\u0159epravu a recyklaci pap\u00edru a lepenky, sni\u017euj\u00ed vyu\u017eit\u00ed skl\u00e1dek a p\u0159isp\u00edvaj\u00ed k ob\u011bhov\u00e9mu hospod\u00e1\u0159stv\u00ed.<\/p>\n<\/li>\n<\/ol>\n<h3 data-start=\"5127\" data-end=\"5177\">Jak funguje pr\u016fmyslov\u00fd hydraulick\u00fd lis<\/h3>\n<p data-start=\"5179\" data-end=\"5359\">Pr\u016fmyslov\u00fd hydraulick\u00fd lis funguje na z\u00e1klad\u011b jednoduch\u00e9ho, ale \u00fa\u010dinn\u00e9ho procesu, kter\u00fd maximalizuje stla\u010den\u00ed odpadn\u00edch materi\u00e1l\u016f. Zde je z\u00e1kladn\u00ed p\u0159ehled toho, jak funguje:<\/p>\n<ol data-start=\"5361\" data-end=\"6415\">\n<li data-start=\"5361\" data-end=\"5624\">\n<p data-start=\"5364\" data-end=\"5624\">Krmen\u00ed materi\u00e1lem<br \/>\nOdpadn\u00ed materi\u00e1ly se vkl\u00e1daj\u00ed do n\u00e1sypky, odkud se p\u0159iv\u00e1d\u011bj\u00ed do lisovac\u00ed komory. Stroj je navr\u017een s automatick\u00fdm pod\u00e1vac\u00edm syst\u00e9mem, kter\u00fd umo\u017e\u0148uje kontinu\u00e1ln\u00ed zpracov\u00e1n\u00ed materi\u00e1l\u016f bez nutnosti ru\u010dn\u00edho z\u00e1sahu.<\/p>\n<\/li>\n<li data-start=\"5626\" data-end=\"5944\">\n<p data-start=\"5629\" data-end=\"5944\">Komprese<br \/>\nPo vstupu do kompresn\u00ed komory jsou materi\u00e1ly stla\u010dov\u00e1ny hydraulick\u00fdmi p\u00edsty. Vysok\u00fd tlak nut\u00ed materi\u00e1ly k t\u011bsn\u00e9mu stla\u010den\u00ed a vytvo\u0159en\u00ed bal\u00edk\u016f s vysokou hustotou. Hydraulick\u00fd syst\u00e9m zaji\u0161\u0165uje konzistentn\u00ed a siln\u00e9 stla\u010dov\u00e1n\u00ed, a to i u obt\u00ed\u017en\u011b stla\u010diteln\u00fdch materi\u00e1l\u016f, jako je kovov\u00fd \u0161rot.<\/p>\n<\/li>\n<li data-start=\"5946\" data-end=\"6200\">\n<p data-start=\"5949\" data-end=\"6200\">Vyhazov\u00e1n\u00ed bal\u00edk\u016f<br \/>\nPo zhutn\u011bn\u00ed materi\u00e1lu je vytvo\u0159en\u00fd bal\u00edk automaticky vyhozen p\u0159es vyprazd\u0148ovac\u00ed \u017elab. V z\u00e1vislosti na konstrukci mohou b\u00fdt bal\u00edky vyhazov\u00e1ny horizont\u00e1ln\u011b nebo vertik\u00e1ln\u011b, co\u017e usnad\u0148uje jejich stohov\u00e1n\u00ed a skladov\u00e1n\u00ed.<\/p>\n<\/li>\n<li data-start=\"6202\" data-end=\"6415\">\n<p data-start=\"6205\" data-end=\"6415\">St\u0159\u00edh\u00e1n\u00ed a v\u00e1z\u00e1n\u00ed<br \/>\nBal\u00edk m\u016f\u017ee b\u00fdt vybaven automatick\u00fdm v\u00e1zac\u00edm syst\u00e9mem, kter\u00fd bal\u00edk omot\u00e1 dr\u00e1tem nebo prov\u00e1zkem a zajist\u00ed jej na m\u00edst\u011b. T\u00edm je zaji\u0161t\u011bno, \u017ee bal\u00edk b\u011bhem skladov\u00e1n\u00ed a p\u0159epravy dr\u017e\u00ed sv\u016fj tvar.<\/p>\n<\/li>\n<\/ol>\n<h3 data-start=\"6422\" data-end=\"6479\">V\u00fdhody pou\u017e\u00edv\u00e1n\u00ed pr\u016fmyslov\u00e9ho hydraulick\u00e9ho lisu<\/h3>\n<ol data-start=\"6481\" data-end=\"7546\">\n<li data-start=\"6481\" data-end=\"6735\">\n<p data-start=\"6484\" data-end=\"6735\">\u00daspora n\u00e1klad\u016f<br \/>\nSn\u00ed\u017een\u00edm objemu odpadn\u00edch materi\u00e1l\u016f sni\u017euje lis na pr\u016fmyslov\u00fd odpad n\u00e1klady na likvidaci a p\u0159epravu odpadu. S bal\u00edky o vysok\u00e9 hustot\u011b se l\u00e9pe manipuluje a vy\u017eaduj\u00ed m\u00e9n\u011b m\u00edsta, co\u017e sni\u017euje i n\u00e1klady na skladov\u00e1n\u00ed.<\/p>\n<\/li>\n<li data-start=\"6737\" data-end=\"6991\">\n<p data-start=\"6740\" data-end=\"6991\">Dopad na \u017eivotn\u00ed prost\u0159ed\u00ed<br \/>\nLis podporuje ekologickou udr\u017eitelnost t\u00edm, \u017ee napom\u00e1h\u00e1 procesu recyklace. Stroj pom\u00e1h\u00e1 odklonit odpad ze skl\u00e1dek, co\u017e z n\u011bj \u010din\u00ed nezbytn\u00fd n\u00e1stroj pro podniky, kter\u00e9 se sna\u017e\u00ed minimalizovat svou ekologickou stopu.<\/p>\n<\/li>\n<li data-start=\"6993\" data-end=\"7256\">\n<p data-start=\"6996\" data-end=\"7256\">Zv\u00fd\u0161en\u00ed efektivity<br \/>\nPr\u016fmyslov\u00fd hydraulick\u00fd lis s automatick\u00fdmi funkcemi a vysokorychlostn\u00edm provozem zvy\u0161uje produktivitu a efektivitu proces\u016f nakl\u00e1d\u00e1n\u00ed s odpady. Stroj sni\u017euje pot\u0159ebu ru\u010dn\u00ed pr\u00e1ce, \u010d\u00edm\u017e \u0161et\u0159\u00ed \u010das a zdroje.<\/p>\n<\/li>\n<li data-start=\"7258\" data-end=\"7546\">\n<p data-start=\"7261\" data-end=\"7546\">Optimalizace prostoru<br \/>\nKompaktn\u00ed bal\u00edky vyroben\u00e9 lisem l\u00e9pe vyu\u017e\u00edvaj\u00ed dostupn\u00fd skladovac\u00ed prostor. To je d\u016fle\u017eit\u00e9 zejm\u00e9na pro podniky s omezen\u00fdmi skladovac\u00edmi prostory, proto\u017ee jim to umo\u017e\u0148uje skladovat v\u011bt\u0161\u00ed mno\u017estv\u00ed odpadn\u00edch materi\u00e1l\u016f organizovan\u011bj\u0161\u00edm a p\u0159ehledn\u011bj\u0161\u00edm zp\u016fsobem.<\/p>\n<\/li>\n<\/ol>\n<h3 data-start=\"7553\" data-end=\"7567\">Z\u00e1v\u011br<\/h3>\n<p data-start=\"7569\" data-end=\"8200\">Pr\u016fmyslov\u00fd hydraulick\u00fd lis je z\u00e1kladn\u00edm vybaven\u00edm pro podniky v odv\u011btv\u00edch, jako je recyklace, zpracov\u00e1n\u00ed kovov\u00e9ho \u0161rotu a v\u00fdroba. Jeho v\u00fdkonn\u00fd hydraulick\u00fd syst\u00e9m, v\u0161estrannost a automatizovan\u00e9 funkce z n\u011bj \u010din\u00ed vysoce efektivn\u00ed \u0159e\u0161en\u00ed pro lisov\u00e1n\u00ed a nakl\u00e1d\u00e1n\u00ed s odpadn\u00edmi materi\u00e1ly. Investic\u00ed do tohoto stroje mohou podniky sn\u00ed\u017eit n\u00e1klady na likvidaci odpadu, zv\u00fd\u0161it \u00fasil\u00ed o recyklaci a p\u0159isp\u011bt k udr\u017eiteln\u011bj\u0161\u00edmu \u017eivotn\u00edmu prost\u0159ed\u00ed. D\u00edky sv\u00e9 odoln\u00e9 konstrukci a snadn\u00e9 obsluze je pr\u016fmyslov\u00fd hydraulick\u00fd lis chytrou a n\u00e1kladov\u011b efektivn\u00ed volbou pro zlep\u0161en\u00ed operac\u00ed nakl\u00e1d\u00e1n\u00ed s odpady.<\/p>","protected":false},"excerpt":{"rendered":"<p>Pr\u016fmyslov\u00fd hydraulick\u00fd lis je v\u00fdkonn\u00e9 \u0159e\u0161en\u00ed pro lisov\u00e1n\u00ed a slisov\u00e1n\u00ed odpadn\u00edch materi\u00e1l\u016f do bal\u00edk\u016f s vysokou hustotou. Je ide\u00e1ln\u00ed pro recykla\u010dn\u00ed st\u0159ediska, sb\u011brny \u0161rotu a v\u00fdrobn\u00ed z\u00e1vody a zvl\u00e1d\u00e1 r\u016fzn\u00e9 materi\u00e1ly v\u010detn\u011b lepenky, kov\u016f a plast\u016f. Pln\u011b automatick\u00fd provoz stroje zvy\u0161uje produktivitu, sni\u017euje n\u00e1klady na likvidaci odpadu a podporuje ekologickou udr\u017eitelnost.<\/p>","protected":false},"featured_media":2292,"template":"","meta":{"site-sidebar-layout":"default","site-content-layout":"","ast-site-content-layout":"default","site-content-style":"default","site-sidebar-style":"default","ast-global-header-display":"","ast-banner-title-visibility":"","ast-main-header-display":"","ast-hfb-above-header-display":"","ast-hfb-below-header-display":"","ast-hfb-mobile-header-display":"","site-post-title":"","ast-breadcrumbs-content":"","ast-featured-img":"","footer-sml-layout":"","ast-disable-related-posts":"","theme-transparent-header-meta":"default","adv-header-id-meta":"","stick-header-meta":"","header-above-stick-meta":"","header-main-stick-meta":"","header-below-stick-meta":"","astra-migrate-meta-layouts":"set","ast-page-background-enabled":"default","ast-page-background-meta":{"desktop":{"background-color":"var(--ast-global-color-5)","background-image":"","background-repeat":"repeat","background-position":"center center","background-size":"auto","background-attachment":"scroll","background-type":"","background-media":"","overlay-type":"","overlay-color":"","overlay-opacity":"","overlay-gradient":""},"tablet":{"background-color":"","background-image":"","background-repeat":"repeat","background-position":"center center","background-size":"auto","background-attachment":"scroll","background-type":"","background-media":"","overlay-type":"","overlay-color":"","overlay-opacity":"","overlay-gradient":""},"mobile":{"background-color":"","background-image":"","background-repeat":"repeat","background-position":"center center","background-size":"auto","background-attachment":"scroll","background-type":"","background-media":"","overlay-type":"","overlay-color":"","overlay-opacity":"","overlay-gradient":""}},"ast-content-background-meta":{"desktop":{"background-color":"var(--ast-global-color-4)","background-image":"","background-repeat":"repeat","background-position":"center center","background-size":"auto","background-attachment":"scroll","background-type":"","background-media":"","overlay-type":"","overlay-color":"","overlay-opacity":"","overlay-gradient":""},"tablet":{"background-color":"var(--ast-global-color-4)","background-image":"","background-repeat":"repeat","background-position":"center center","background-size":"auto","background-attachment":"scroll","background-type":"","background-media":"","overlay-type":"","overlay-color":"","overlay-opacity":"","overlay-gradient":""},"mobile":{"background-color":"var(--ast-global-color-4)","background-image":"","background-repeat":"repeat","background-position":"center center","background-size":"auto","background-attachment":"scroll","background-type":"","background-media":"","overlay-type":"","overlay-color":"","overlay-opacity":"","overlay-gradient":""}}},"product_brand":[],"product_cat":[21,153],"product_tag":[136],"class_list":{"0":"post-2298","1":"product","2":"type-product","3":"status-publish","4":"has-post-thumbnail","6":"product_cat-baling-machine","7":"product_cat-horizontal-baler","8":"product_tag-automatic-cardboard-baler","9":"desktop-align-left","10":"tablet-align-left","11":"mobile-align-left","13":"first","14":"instock","15":"shipping-taxable","16":"product-type-simple"},"_links":{"self":[{"href":"https:\/\/www.gigapa.com\/cs\/wp-json\/wp\/v2\/product\/2298","targetHints":{"allow":["GET"]}}],"collection":[{"href":"https:\/\/www.gigapa.com\/cs\/wp-json\/wp\/v2\/product"}],"about":[{"href":"https:\/\/www.gigapa.com\/cs\/wp-json\/wp\/v2\/types\/product"}],"version-history":[{"count":2,"href":"https:\/\/www.gigapa.com\/cs\/wp-json\/wp\/v2\/product\/2298\/revisions"}],"predecessor-version":[{"id":2489,"href":"https:\/\/www.gigapa.com\/cs\/wp-json\/wp\/v2\/product\/2298\/revisions\/2489"}],"wp:featuredmedia":[{"embeddable":true,"href":"https:\/\/www.gigapa.com\/cs\/wp-json\/wp\/v2\/media\/2292"}],"wp:attachment":[{"href":"https:\/\/www.gigapa.com\/cs\/wp-json\/wp\/v2\/media?parent=2298"}],"wp:term":[{"taxonomy":"product_brand","embeddable":true,"href":"https:\/\/www.gigapa.com\/cs\/wp-json\/wp\/v2\/product_brand?post=2298"},{"taxonomy":"product_cat","embeddable":true,"href":"https:\/\/www.gigapa.com\/cs\/wp-json\/wp\/v2\/product_cat?post=2298"},{"taxonomy":"product_tag","embeddable":true,"href":"https:\/\/www.gigapa.com\/cs\/wp-json\/wp\/v2\/product_tag?post=2298"}],"curies":[{"name":"wp","href":"https:\/\/api.w.org\/{rel}","templated":true}]}}