{"id":2754,"date":"2025-10-20T11:28:17","date_gmt":"2025-10-20T03:28:17","guid":{"rendered":"https:\/\/www.gigapa.com\/?post_type=product&#038;p=2754"},"modified":"2025-12-25T09:18:27","modified_gmt":"2025-12-25T01:18:27","slug":"silage-alfalfa-straw-bagging-baler","status":"publish","type":"product","link":"https:\/\/www.gigapa.com\/cs\/produkt\/silage-alfalfa-straw-bagging-baler\/","title":{"rendered":"Bal\u00edk na sil\u00e1\u017e \/ vojt\u011b\u0161ku \/ sl\u00e1mu"},"content":{"rendered":"<p data-start=\"222\" data-end=\"774\">Bal\u00edk na sil\u00e1\u017e, vojt\u011b\u0161ku a sl\u00e1mu je modern\u00ed zem\u011bd\u011blsk\u00e9 a recykla\u010dn\u00ed za\u0159\u00edzen\u00ed ur\u010den\u00e9 k \u00fa\u010dinn\u00e9mu stla\u010dov\u00e1n\u00ed a balen\u00ed sypk\u00fdch vl\u00e1knit\u00fdch materi\u00e1l\u016f do hust\u00fdch a stejnom\u011brn\u00fdch bal\u00edk\u016f nebo pytl\u016f. Tento stroj je ide\u00e1ln\u00ed pro zem\u011bd\u011blce, v\u00fdrobce krmiv a zem\u011bd\u011blsk\u00e9 podniky, kte\u0159\u00ed pot\u0159ebuj\u00ed spolehliv\u00e9 \u0159e\u0161en\u00ed pro manipulaci se sil\u00e1\u017e\u00ed, vojt\u011b\u0161kou, sl\u00e1mou, senem a dal\u0161\u00edmi podobn\u00fdmi materi\u00e1ly z biomasy. D\u00edky kombinaci lisov\u00e1n\u00ed, svazkov\u00e1n\u00ed a pytlov\u00e1n\u00ed v jedin\u00e9 operaci tento lis v\u00fdrazn\u011b zlep\u0161uje efektivitu skladov\u00e1n\u00ed, p\u0159epravy a manipulace.<\/p>\n<div class=\"ast-oembed-container\" style=\"height: 100%;\"><iframe title=\"Stroj na lisov\u00e1n\u00ed slupek do s\u00e1\u010dk\u016f\" width=\"500\" height=\"281\" src=\"https:\/\/www.youtube.com\/embed\/AoxfxcMR80w?feature=oembed\" frameborder=\"0\" allow=\"accelerometer; autoplay; clipboard-write; encrypted-media; gyroscope; picture-in-picture; web-share\" referrerpolicy=\"strict-origin-when-cross-origin\" allowfullscreen><\/iframe><\/div>\n<h3 data-start=\"781\" data-end=\"806\">Princip fungov\u00e1n\u00ed<\/h3>\n<p data-start=\"808\" data-end=\"1367\">Pytlovac\u00ed lis pracuje s hydraulick\u00fdm lisovac\u00edm syst\u00e9mem s vysok\u00fdm to\u010div\u00fdm momentem, kter\u00fd stla\u010duje sypk\u00e9 materi\u00e1ly do kompaktn\u00edch bal\u00edk\u016f. Materi\u00e1ly jsou do stroje vkl\u00e1d\u00e1ny p\u0159es n\u00e1sypku nebo pod\u00e1vac\u00ed dopravn\u00edk, kde hydraulick\u00e9 berany vyv\u00edjej\u00ed st\u00e1l\u00fd tlak na stla\u010den\u00ed produktu. Po dosa\u017een\u00ed po\u017eadovan\u00e9 hustoty stroj bal\u00edk automaticky zabal\u00ed do plastov\u00e9ho pytle nebo jej sv\u00e1\u017ee pomoc\u00ed prov\u00e1zku \u010di dr\u00e1tu, v z\u00e1vislosti na modelu. Tento proces nejen\u017ee zachov\u00e1v\u00e1 celistvost bal\u00edku, ale tak\u00e9 zabra\u0148uje vlhkosti, prachu a ztr\u00e1t\u00e1m b\u011bhem skladov\u00e1n\u00ed nebo p\u0159epravy.<\/p>\n<p data-start=\"1369\" data-end=\"1761\">Bal\u00edk na sil\u00e1\u017e, vojt\u011b\u0161ku a sl\u00e1mu m\u00e1 vertik\u00e1ln\u00ed nebo horizont\u00e1ln\u00ed konstrukci, kter\u00e1 umo\u017e\u0148uje kontinu\u00e1ln\u00ed nebo poloautomatick\u00fd provoz podle po\u017eadavk\u016f v\u00fdroby. Je vybaven \u0159\u00eddic\u00edmi syst\u00e9my PLC a bezpe\u010dnostn\u00edmi blok\u00e1dami, kter\u00e9 zaji\u0161\u0165uj\u00ed plynul\u00fd, bezpe\u010dn\u00fd a spolehliv\u00fd provoz. Obsluha m\u016f\u017ee snadno nastavit kompresn\u00ed tlak, velikost pytle a rychlost pod\u00e1v\u00e1n\u00ed tak, aby odpov\u00eddaly specifick\u00fdm vlastnostem materi\u00e1lu a pot\u0159eb\u00e1m v\u00fdroby.<\/p>\n<h3 data-start=\"1768\" data-end=\"1803\">Kl\u00ed\u010dov\u00e9 vlastnosti a v\u00fdhody<\/h3>\n<ol data-start=\"1805\" data-end=\"3404\">\n<li data-start=\"1805\" data-end=\"2118\">\n<p data-start=\"1808\" data-end=\"2118\">Vysok\u00e1 efektivita a produktivita<br data-start=\"1844\" data-end=\"1847\" \/>Lis dok\u00e1\u017ee slisovat a zabalit velk\u00e9 mno\u017estv\u00ed sil\u00e1\u017ee, vojt\u011b\u0161ky nebo sl\u00e1my b\u011bhem kr\u00e1tk\u00e9 doby, \u010d\u00edm\u017e sni\u017euje n\u00e1klady na pracovn\u00ed s\u00edlu a zvy\u0161uje v\u00fdkonnost. Nep\u0159etr\u017eit\u00fd provoz zaji\u0161\u0165uje minim\u00e1ln\u00ed prostoje, tak\u017ee je vhodn\u00fd pro mal\u00e9 i velk\u00e9 zem\u011bd\u011blsk\u00e9 provozy.<\/p>\n<\/li>\n<li data-start=\"2120\" data-end=\"2363\">\n<p data-start=\"2123\" data-end=\"2363\">Jednotn\u00e1 hustota a velikost bal\u00edk\u016f<br data-start=\"2156\" data-end=\"2159\" \/>Hydraulick\u00fd lisovac\u00ed syst\u00e9m zaru\u010duje konzistentn\u00ed hustotu bal\u00edk\u016f, tak\u017ee ka\u017ed\u00fd bal\u00edk si zachov\u00e1v\u00e1 stejnou velikost a hmotnost. Tato vlastnost je d\u016fle\u017eit\u00e1 pro stohov\u00e1n\u00ed, skladov\u00e1n\u00ed a efektivn\u00ed p\u0159epravu.<\/p>\n<\/li>\n<li data-start=\"2365\" data-end=\"2602\">\n<p data-start=\"2368\" data-end=\"2602\">V\u0161estrannost<br data-start=\"2383\" data-end=\"2386\" \/>Lis m\u016f\u017ee zpracov\u00e1vat \u0161irokou \u0161k\u00e1lu materi\u00e1l\u016f, v\u010detn\u011b sil\u00e1\u017ee, sena, sl\u00e1my, vojt\u011b\u0161ky a dal\u0161\u00ed vl\u00e1knit\u00e9 biomasy. D\u00edky t\u00e9to flexibilit\u011b je spolehliv\u00fdm \u0159e\u0161en\u00edm pro r\u016fzn\u00e9 zem\u011bd\u011blsk\u00e9 a pr\u016fmyslov\u00e9 aplikace.<\/p>\n<\/li>\n<li data-start=\"2604\" data-end=\"2887\">\n<p data-start=\"2607\" data-end=\"2887\">Snadn\u00e1 obsluha a \u00fadr\u017eba<br data-start=\"2641\" data-end=\"2644\" \/>Stroj je vybaven u\u017eivatelsky p\u0159\u00edv\u011btiv\u00fdm ovl\u00e1d\u00e1n\u00edm a automatick\u00fdm syst\u00e9mem pod\u00e1v\u00e1n\u00ed a lisov\u00e1n\u00ed, tak\u017ee se snadno ovl\u00e1d\u00e1. \u00dadr\u017eba je jednoduch\u00e1 d\u00edky panel\u016fm s rychl\u00fdm p\u0159\u00edstupem a vym\u011bniteln\u00fdm opot\u0159ebiteln\u00fdm d\u00edl\u016fm, co\u017e sni\u017euje prostoje a provozn\u00ed n\u00e1klady.<\/p>\n<\/li>\n<li data-start=\"2889\" data-end=\"3106\">\n<p data-start=\"2892\" data-end=\"3106\">Odoln\u00e1 konstrukce<br data-start=\"2916\" data-end=\"2919\" \/>Lis je vyroben z odoln\u00fdch ocelov\u00fdch r\u00e1m\u016f, vysoce kvalitn\u00edch hydraulick\u00fdch komponent a no\u017e\u016f odoln\u00fdch proti opot\u0159eben\u00ed a je navr\u017een pro dlouhodob\u00fd v\u00fdkon v n\u00e1ro\u010dn\u00fdch zem\u011bd\u011blsk\u00fdch podm\u00ednk\u00e1ch.<\/p>\n<\/li>\n<li data-start=\"3108\" data-end=\"3404\">\n<p data-start=\"3111\" data-end=\"3404\">Bezpe\u010dn\u00e9 a \u0161etrn\u00e9 k \u017eivotn\u00edmu prost\u0159ed\u00ed<br data-start=\"3136\" data-end=\"3139\" \/>Bezpe\u010dnostn\u00ed prvky, jako jsou tla\u010d\u00edtka nouzov\u00e9ho zastaven\u00ed, blokov\u00e1n\u00ed a ochrana proti p\u0159et\u00ed\u017een\u00ed, zaji\u0161\u0165uj\u00ed bezpe\u010dnost obsluhy. D\u00edky efektivn\u00edmu stla\u010dov\u00e1n\u00ed sypk\u00fdch materi\u00e1l\u016f lis tak\u00e9 minimalizuje pra\u0161nost a sni\u017euje ztr\u00e1ty materi\u00e1lu, co\u017e p\u0159isp\u00edv\u00e1 k \u010dist\u0161\u00edmu a udr\u017eiteln\u011bj\u0161\u00edmu provozu.<\/p>\n<\/li>\n<\/ol>\n<p data-start=\"3411\" data-end=\"3431\"><img fetchpriority=\"high\" decoding=\"async\" class=\"alignnone wp-image-2755 size-full\" src=\"https:\/\/www.gigapa.com\/wp-content\/uploads\/2025\/10\/\u5957\u888b\u673a4.png\" alt=\"Bal\u00edk na sil\u00e1\u017e \/ vojt\u011b\u0161ku\" width=\"500\" height=\"500\" srcset=\"https:\/\/www.gigapa.com\/wp-content\/uploads\/2025\/10\/\u5957\u888b\u673a4.png 500w, https:\/\/www.gigapa.com\/wp-content\/uploads\/2025\/10\/\u5957\u888b\u673a4-300x300.png 300w, https:\/\/www.gigapa.com\/wp-content\/uploads\/2025\/10\/\u5957\u888b\u673a4-150x150.png 150w, https:\/\/www.gigapa.com\/wp-content\/uploads\/2025\/10\/\u5957\u888b\u673a4-12x12.png 12w, https:\/\/www.gigapa.com\/wp-content\/uploads\/2025\/10\/\u5957\u888b\u673a4-100x100.png 100w\" sizes=\"(max-width: 500px) 100vw, 500px\" \/><\/p>\n<h3 data-start=\"3411\" data-end=\"3431\">Aplikace<\/h3>\n<p data-start=\"3433\" data-end=\"3496\">Bal\u00edk na sil\u00e1\u017e, vojt\u011b\u0161ku a sl\u00e1mu je \u0161iroce pou\u017e\u00edv\u00e1n v:<\/p>\n<ul>\n<li data-start=\"3499\" data-end=\"3589\">Zem\u011bd\u011blsk\u00e9 operace - Lisov\u00e1n\u00ed sena, vojt\u011b\u0161ky, sl\u00e1my a sil\u00e1\u017ee pro krmen\u00ed hospod\u00e1\u0159sk\u00fdch zv\u00ed\u0159at.<\/li>\n<li data-start=\"3592\" data-end=\"3688\">V\u00fdrobny krmiv - P\u0159\u00edprava krmn\u00fdch surovin v jednotn\u00fdch bal\u00edc\u00edch pro p\u0159epravu nebo zpracov\u00e1n\u00ed.<\/li>\n<li data-start=\"3691\" data-end=\"3809\">Nakl\u00e1d\u00e1n\u00ed se zem\u011bd\u011blsk\u00fdm odpadem - Efektivn\u00ed nakl\u00e1d\u00e1n\u00ed se zbytky plodin a biomasou pro skladov\u00e1n\u00ed nebo v\u00fdrobu energie.<\/li>\n<li data-start=\"3812\" data-end=\"3901\">Komer\u010dn\u00ed a pr\u016fmyslov\u00e9 pou\u017eit\u00ed - Balen\u00ed materi\u00e1l\u016f pro prodej nebo distribuci ve velk\u00e9m.<\/li>\n<\/ul>\n<p data-start=\"3903\" data-end=\"4078\">Tento stroj je obzvl\u00e1\u0161t\u011b cenn\u00fd pro provozy vy\u017eaduj\u00edc\u00ed bal\u00edky s vysokou hustotou, kter\u00e9 se snadno manipuluj\u00ed, skladuj\u00ed a p\u0159epravuj\u00ed p\u0159i zachov\u00e1n\u00ed kvality materi\u00e1lu.<\/p>\n<h3 data-start=\"4085\" data-end=\"4103\">Z\u00e1v\u011br<\/h3>\n<p data-start=\"4105\" data-end=\"4596\">Bal\u00edk na sil\u00e1\u017e, vojt\u011b\u0161ku a sl\u00e1mu je v\u0161estrann\u00e9, efektivn\u00ed a odoln\u00e9 \u0159e\u0161en\u00ed pro modern\u00ed zem\u011bd\u011blstv\u00ed a v\u00fdrobu krmiv. Jeho hydraulick\u00fd lisovac\u00ed syst\u00e9m, automatick\u00e9 pod\u00e1v\u00e1n\u00ed a pytlovac\u00ed mechanismus zaji\u0161\u0165uj\u00ed vysokou produktivitu, st\u00e1lou kvalitu bal\u00edk\u016f a bezpe\u010dn\u00fd provoz. Investic\u00ed do tohoto lisu mohou zem\u011bd\u011blci a v\u00fdrobci zefektivnit sv\u00e9 provozy, sn\u00ed\u017eit n\u00e1klady na pracovn\u00ed s\u00edlu a zlep\u0161it celkov\u00e9 \u0159\u00edzen\u00ed sil\u00e1\u017ee, vojt\u011b\u0161ky, sl\u00e1my a dal\u0161\u00edch materi\u00e1l\u016f z biomasy.<\/p>\n<p data-start=\"4598\" data-end=\"4782\">A\u0165 u\u017e se jedn\u00e1 o mal\u00e9 farmy nebo velkou pr\u016fmyslovou v\u00fdrobu krmiv, tento lis p\u0159edstavuje spolehliv\u00e9 a cenov\u011b v\u00fdhodn\u00e9 \u0159e\u0161en\u00ed, kter\u00e9 spl\u0148uje rostouc\u00ed po\u017eadavky na manipulaci se zem\u011bd\u011blsk\u00fdm materi\u00e1lem.<\/p>","protected":false},"excerpt":{"rendered":"<p>Balic\u00ed lis na sil\u00e1\u017e, vojt\u011b\u0161ku a sl\u00e1mu \u00fa\u010dinn\u011b lisuje a bal\u00ed sypk\u00e9 zem\u011bd\u011blsk\u00e9 materi\u00e1ly, jako je sil\u00e1\u017e, seno, vojt\u011b\u0161ka a sl\u00e1ma, do stejnom\u011brn\u00fdch bal\u00edk\u016f nebo pytl\u016f. D\u00edky vysok\u00e9 produktivit\u011b, hydraulick\u00e9mu stla\u010dov\u00e1n\u00ed a snadn\u00e9 obsluze je ide\u00e1ln\u00ed pro farmy, v\u00fdrobny krmiv a nakl\u00e1d\u00e1n\u00ed se zem\u011bd\u011blsk\u00fdm odpadem.<\/p>","protected":false},"featured_media":2755,"template":"","meta":{"site-sidebar-layout":"default","site-content-layout":"","ast-site-content-layout":"default","site-content-style":"default","site-sidebar-style":"default","ast-global-header-display":"","ast-banner-title-visibility":"","ast-main-header-display":"","ast-hfb-above-header-display":"","ast-hfb-below-header-display":"","ast-hfb-mobile-header-display":"","site-post-title":"","ast-breadcrumbs-content":"","ast-featured-img":"","footer-sml-layout":"","ast-disable-related-posts":"","theme-transparent-header-meta":"default","adv-header-id-meta":"","stick-header-meta":"","header-above-stick-meta":"","header-main-stick-meta":"","header-below-stick-meta":"","astra-migrate-meta-layouts":"set","ast-page-background-enabled":"default","ast-page-background-meta":{"desktop":{"background-color":"var(--ast-global-color-5)","background-image":"","background-repeat":"repeat","background-position":"center center","background-size":"auto","background-attachment":"scroll","background-type":"","background-media":"","overlay-type":"","overlay-color":"","overlay-opacity":"","overlay-gradient":""},"tablet":{"background-color":"","background-image":"","background-repeat":"repeat","background-position":"center center","background-size":"auto","background-attachment":"scroll","background-type":"","background-media":"","overlay-type":"","overlay-color":"","overlay-opacity":"","overlay-gradient":""},"mobile":{"background-color":"","background-image":"","background-repeat":"repeat","background-position":"center center","background-size":"auto","background-attachment":"scroll","background-type":"","background-media":"","overlay-type":"","overlay-color":"","overlay-opacity":"","overlay-gradient":""}},"ast-content-background-meta":{"desktop":{"background-color":"var(--ast-global-color-4)","background-image":"","background-repeat":"repeat","background-position":"center center","background-size":"auto","background-attachment":"scroll","background-type":"","background-media":"","overlay-type":"","overlay-color":"","overlay-opacity":"","overlay-gradient":""},"tablet":{"background-color":"var(--ast-global-color-4)","background-image":"","background-repeat":"repeat","background-position":"center center","background-size":"auto","background-attachment":"scroll","background-type":"","background-media":"","overlay-type":"","overlay-color":"","overlay-opacity":"","overlay-gradient":""},"mobile":{"background-color":"var(--ast-global-color-4)","background-image":"","background-repeat":"repeat","background-position":"center center","background-size":"auto","background-attachment":"scroll","background-type":"","background-media":"","overlay-type":"","overlay-color":"","overlay-opacity":"","overlay-gradient":""}}},"product_brand":[],"product_cat":[21,154],"product_tag":[158,128,157],"class_list":{"0":"post-2754","1":"product","2":"type-product","3":"status-publish","4":"has-post-thumbnail","6":"product_cat-baling-machine","7":"product_cat-bagging-baler","8":"product_tag-alfalfa-bagging-baler","9":"product_tag-silage-bagging-baler","10":"product_tag-straw-bagging-baler","11":"desktop-align-left","12":"tablet-align-left","13":"mobile-align-left","15":"first","16":"instock","17":"shipping-taxable","18":"product-type-simple"},"_links":{"self":[{"href":"https:\/\/www.gigapa.com\/cs\/wp-json\/wp\/v2\/product\/2754","targetHints":{"allow":["GET"]}}],"collection":[{"href":"https:\/\/www.gigapa.com\/cs\/wp-json\/wp\/v2\/product"}],"about":[{"href":"https:\/\/www.gigapa.com\/cs\/wp-json\/wp\/v2\/types\/product"}],"version-history":[{"count":2,"href":"https:\/\/www.gigapa.com\/cs\/wp-json\/wp\/v2\/product\/2754\/revisions"}],"predecessor-version":[{"id":2757,"href":"https:\/\/www.gigapa.com\/cs\/wp-json\/wp\/v2\/product\/2754\/revisions\/2757"}],"wp:featuredmedia":[{"embeddable":true,"href":"https:\/\/www.gigapa.com\/cs\/wp-json\/wp\/v2\/media\/2755"}],"wp:attachment":[{"href":"https:\/\/www.gigapa.com\/cs\/wp-json\/wp\/v2\/media?parent=2754"}],"wp:term":[{"taxonomy":"product_brand","embeddable":true,"href":"https:\/\/www.gigapa.com\/cs\/wp-json\/wp\/v2\/product_brand?post=2754"},{"taxonomy":"product_cat","embeddable":true,"href":"https:\/\/www.gigapa.com\/cs\/wp-json\/wp\/v2\/product_cat?post=2754"},{"taxonomy":"product_tag","embeddable":true,"href":"https:\/\/www.gigapa.com\/cs\/wp-json\/wp\/v2\/product_tag?post=2754"}],"curies":[{"name":"wp","href":"https:\/\/api.w.org\/{rel}","templated":true}]}}