{"id":2783,"date":"2025-11-06T17:11:30","date_gmt":"2025-11-06T09:11:30","guid":{"rendered":"https:\/\/www.gigapa.com\/?post_type=product&#038;p=2783"},"modified":"2026-04-27T14:44:51","modified_gmt":"2026-04-27T06:44:51","slug":"fully-automatic-horizontal-cotton-baler","status":"publish","type":"product","link":"https:\/\/www.gigapa.com\/cs\/produkt\/fully-automatic-horizontal-cotton-baler\/","title":{"rendered":"Pln\u011b automatick\u00fd horizont\u00e1ln\u00ed lis na bavlnu"},"content":{"rendered":"<h3>P\u0159edstaven\u00ed za\u0159\u00edzen\u00ed:<\/h3>\n<p>Pln\u011b automatick\u00fd horizont\u00e1ln\u00ed lis na bavlnu se skl\u00e1d\u00e1 ze sk\u0159\u00edn\u011b, hydraulick\u00e9 stanice, hydraulick\u00e9ho v\u00e1lce, p\u0159\u00edtla\u010dn\u00e9 hlavy a v\u00e1zac\u00edho mechanismu. Hydraulick\u00fd tlak poskytovan\u00fd hydraulickou stanic\u00ed poh\u00e1n\u00ed hlavn\u00ed v\u00e1lec, kter\u00fd stla\u010duje materi\u00e1l pomoc\u00ed tlakov\u00e9 hlavy. Po stla\u010den\u00ed je bal\u00edk vyhozen vyhazovac\u00edm hydraulick\u00fdm v\u00e1lcem a v\u00e1zac\u00ed mechanismus bal\u00edk sv\u00e1\u017ee. Cel\u00fd proces stla\u010dov\u00e1n\u00ed a v\u00e1z\u00e1n\u00ed bal\u00edk\u016f je \u0159\u00edzen PLC. V\u00e1zac\u00ed mechanismus automaticky dokon\u010d\u00ed procesy pod\u00e1v\u00e1n\u00ed, v\u00e1z\u00e1n\u00ed a utahov\u00e1n\u00ed bez ru\u010dn\u00edho z\u00e1sahu, co\u017e vede k vysok\u00e9mu stupni automatizace. D\u00edky tomu je nejen vysoce efektivn\u00ed, ale tak\u00e9 \u0161et\u0159\u00ed n\u00e1klady na pracovn\u00ed s\u00edlu. Proto se \u0161iroce pou\u017e\u00edv\u00e1 v aplikac\u00edch vy\u017eaduj\u00edc\u00edch velkou propustnost a vysokou rychlost zpracov\u00e1n\u00ed, jako jsou nap\u0159\u00edklad bavln\u00e1\u0159sk\u00e9 z\u00e1vody, textiln\u00ed tov\u00e1rny a za\u0159\u00edzen\u00ed na zpracov\u00e1n\u00ed odpadu.<\/p>\n<h3>V\u00fdb\u011br parametr\u016f:<\/h3>\n<table style=\"border-collapse: collapse; width: 558.02pt;\" border=\"0\" width=\"744\" cellspacing=\"0\" cellpadding=\"0\">\n<tbody>\n<tr style=\"height: 13.50pt;\">\n<td class=\"et2\" style=\"height: 13.50pt; width: 196.50pt;\" width=\"262\" height=\"18\">Model<\/td>\n<td class=\"et2\" style=\"width: 180.75pt;\" width=\"241\">GSB-P0505<\/td>\n<td class=\"et2\" style=\"width: 180.75pt;\" width=\"241\">GSB-P0606<\/td>\n<\/tr>\n<tr style=\"height: 13.50pt;\">\n<td class=\"et3\" style=\"height: 13.50pt; width: 196.50pt;\" width=\"262\" height=\"18\">Velikost bal\u00edku (\u0161\u00d7v\u00d7d\u00e9lka) (mm)<\/td>\n<td class=\"et3\" style=\"width: 180.75pt;\" width=\"241\">500\u00d7500\u00d7500<\/td>\n<td class=\"et3\" style=\"width: 180.75pt;\" width=\"241\">600\u00d7600\u00d7750<\/td>\n<\/tr>\n<tr style=\"height: 13.50pt;\">\n<td class=\"et3\" style=\"height: 13.50pt; width: 196.50pt;\" width=\"262\" height=\"18\">Po\u010det v\u00e1zac\u00edch vodi\u010d\u016f (PCS)<\/td>\n<td class=\"et4\" style=\"width: 180.75pt;\" width=\"241\">2-5<\/td>\n<td class=\"et3\" style=\"width: 180.75pt;\" width=\"241\">3-5<\/td>\n<\/tr>\n<tr style=\"height: 13.50pt;\">\n<td class=\"et3\" style=\"height: 13.50pt; width: 196.50pt;\" width=\"262\" height=\"18\">Hlavn\u00ed tlak ve v\u00e1lci (T)<\/td>\n<td class=\"et3\" style=\"width: 180.75pt;\" width=\"241\">40<\/td>\n<td class=\"et3\" style=\"width: 180.75pt;\" width=\"241\">50<\/td>\n<\/tr>\n<tr style=\"height: 13.50pt;\">\n<td class=\"et3\" style=\"height: 13.50pt; width: 196.50pt;\" width=\"262\" height=\"18\">Hydraulick\u00fd v\u00fdkon (kW)<\/td>\n<td class=\"et3\" style=\"width: 180.75pt;\" width=\"241\">7.5<\/td>\n<td class=\"et3\" style=\"width: 180.75pt;\" width=\"241\">15<\/td>\n<\/tr>\n<tr style=\"height: 13.50pt;\">\n<td class=\"et3\" style=\"height: 13.50pt; width: 196.50pt;\" width=\"262\" height=\"18\">Velikost stroje (\u0161 \u00d7 v \u00d7 d) (mm)<\/td>\n<td class=\"et3\" style=\"width: 180.75pt;\" width=\"241\">3990\u00d73960\u00d72220<\/td>\n<td class=\"et3\" style=\"width: 180.75pt;\" width=\"241\">5980\u00d74680\u00d72430<\/td>\n<\/tr>\n<tr style=\"height: 13.50pt;\">\n<td class=\"et3\" style=\"height: 13.50pt; width: 196.50pt;\" width=\"262\" height=\"18\">Hmotnost stroje (Kg)<\/td>\n<td class=\"et3\" style=\"width: 180.75pt;\" width=\"241\">2600<\/td>\n<td class=\"et3\" style=\"width: 180.75pt;\" width=\"241\">4500<\/td>\n<\/tr>\n<\/tbody>\n<\/table>\n<h3>Aplikace:<\/h3>\n<p>Bavlna, bavln\u011bn\u00fd linters, chemick\u00e1 vl\u00e1kna, konop\u00ed, vlna, tr\u00e1va, l\u00e9\u010div\u00e9 materi\u00e1ly a recyklovan\u00e9 materi\u00e1ly (nap\u0159. odpadn\u00ed pap\u00edr a plasty) a dal\u0161\u00ed lehk\u00e9 sypk\u00e9 materi\u00e1ly.<\/p>\n<h3>Nejd\u016fle\u017eit\u011bj\u0161\u00ed technick\u00e9 informace:<\/h3>\n<ol>\n<li>Vysok\u00e1 spolehlivost: Cel\u00e1 konstrukce stroje je navr\u017eena s vysok\u00fdm bezpe\u010dnostn\u00edm faktorem, kter\u00fd zabra\u0148uje trval\u00fdm deformac\u00edm nebo prasklin\u00e1m.<\/li>\n<li>Vysok\u00e1 inteligence: P\u0159\u00edsn\u00fd a spolehliv\u00fd \u0159\u00eddic\u00ed program PLC v kombinaci se senzory zvy\u0161uje \u00fa\u010dinnost a efektivitu balen\u00ed.<\/li>\n<li>Dobr\u00e1 stabilita: Za\u0159\u00edzen\u00ed na \u0159ez\u00e1n\u00ed materi\u00e1lu \u00fa\u010dinn\u011b sni\u017euje riziko prostoj\u016f zp\u016fsoben\u00fdch zaseknut\u00edm materi\u00e1lu.<\/li>\n<\/ol>\n<h3>Srovn\u00e1n\u00ed \u00fa\u010dink\u016f:<\/h3>\n<p><img fetchpriority=\"high\" decoding=\"async\" class=\"alignnone wp-image-2803\" src=\"https:\/\/www.gigapa.com\/wp-content\/uploads\/2025\/11\/\u68c9\u82b12.png\" alt=\"\" width=\"400\" height=\"251\" srcset=\"https:\/\/www.gigapa.com\/wp-content\/uploads\/2025\/11\/\u68c9\u82b12.png 1034w, https:\/\/www.gigapa.com\/wp-content\/uploads\/2025\/11\/\u68c9\u82b12-300x188.png 300w, https:\/\/www.gigapa.com\/wp-content\/uploads\/2025\/11\/\u68c9\u82b12-1024x643.png 1024w, https:\/\/www.gigapa.com\/wp-content\/uploads\/2025\/11\/\u68c9\u82b12-768x482.png 768w, https:\/\/www.gigapa.com\/wp-content\/uploads\/2025\/11\/\u68c9\u82b12-18x12.png 18w, https:\/\/www.gigapa.com\/wp-content\/uploads\/2025\/11\/\u68c9\u82b12-600x377.png 600w\" sizes=\"(max-width: 400px) 100vw, 400px\" \/> <img decoding=\"async\" class=\"alignnone wp-image-2804\" src=\"https:\/\/www.gigapa.com\/wp-content\/uploads\/2025\/11\/\u68c9\u82b1.png\" alt=\"\" width=\"400\" height=\"251\" srcset=\"https:\/\/www.gigapa.com\/wp-content\/uploads\/2025\/11\/\u68c9\u82b1.png 1034w, https:\/\/www.gigapa.com\/wp-content\/uploads\/2025\/11\/\u68c9\u82b1-300x188.png 300w, https:\/\/www.gigapa.com\/wp-content\/uploads\/2025\/11\/\u68c9\u82b1-1024x643.png 1024w, https:\/\/www.gigapa.com\/wp-content\/uploads\/2025\/11\/\u68c9\u82b1-768x482.png 768w, https:\/\/www.gigapa.com\/wp-content\/uploads\/2025\/11\/\u68c9\u82b1-18x12.png 18w, https:\/\/www.gigapa.com\/wp-content\/uploads\/2025\/11\/\u68c9\u82b1-600x377.png 600w\" sizes=\"(max-width: 400px) 100vw, 400px\" \/><\/p>\n<h3>V\u00fdhody pln\u011b automatick\u00e9ho horizont\u00e1ln\u00edho lisu na bavlnu:<\/h3>\n<p>Vysok\u00e1 automatizace a produktivita: Eliminuje ru\u010dn\u00ed pod\u00e1v\u00e1n\u00ed a vyhazov\u00e1n\u00ed bal\u00edk\u016f d\u00edky integraci dopravn\u00edkov\u00e9ho p\u00e1su, co\u017e umo\u017e\u0148uje nep\u0159etr\u017eit\u00fd provoz. To sni\u017euje n\u00e1klady na pracovn\u00ed s\u00edlu a zvy\u0161uje v\u00fdkonnost, co\u017e je ide\u00e1ln\u00ed pro velk\u00e9 provozy na zpracov\u00e1n\u00ed bavlny, kter\u00e9 denn\u011b zpracov\u00e1vaj\u00ed velk\u00e9 objemy.<\/p>\n<p>Vynikaj\u00edc\u00ed hustota a rovnom\u011brnost bal\u00edk\u016f: Horizont\u00e1ln\u00ed konstrukce lisu zaji\u0161\u0165uje konzistentn\u00ed zhut\u0148ov\u00e1n\u00ed pod vysok\u00fdm tlakem a vytv\u00e1\u0159\u00ed hust\u00e9 a rovnom\u011brn\u00e9 bal\u00edky. Hust\u0161\u00ed bal\u00edky minimalizuj\u00ed n\u00e1roky na skladovac\u00ed prostor a sni\u017euj\u00ed n\u00e1klady na p\u0159epravu t\u00edm, \u017ee maximalizuj\u00ed kapacitu n\u00e1kladu na z\u00e1silku.<\/p>\n<p>Prostorov\u011b efektivn\u00ed pracovn\u00ed postup: P\u0159es v\u011bt\u0161\u00ed celkov\u00e9 rozm\u011bry se jeho horizont\u00e1ln\u00ed uspo\u0159\u00e1d\u00e1n\u00ed hladce integruje do v\u00fdrobn\u00edch linek (nap\u0159. vyzr\u0148ov\u00e1n\u00ed bavlny nebo zpracov\u00e1n\u00ed textiln\u00edho odpadu), \u010d\u00edm\u017e se optimalizuje vyu\u017eit\u00ed podlahov\u00e9 plochy ve srovn\u00e1n\u00ed s nesouvisl\u00fdmi manu\u00e1ln\u00edmi nebo poloautomatick\u00fdmi sestavami.<\/p>\n<p>Pohodl\u00ed a bezpe\u010dnost provozu: Automatizovan\u00e9 ovl\u00e1d\u00e1n\u00ed (nap\u0159. syst\u00e9my PLC) zjednodu\u0161uje obsluhu, zat\u00edmco vestav\u011bn\u00e9 bezpe\u010dnostn\u00ed prvky (nouzov\u00e9 zastaven\u00ed, blokov\u00e1n\u00ed) zaji\u0161\u0165uj\u00ed soulad s normami bezpe\u010dnosti pr\u00e1ce. Sn\u00ed\u017een\u00ed po\u010dtu manu\u00e1ln\u00edch z\u00e1sah\u016f rovn\u011b\u017e sni\u017euje riziko nehod.<\/p>\n<p>\u00daspora n\u00e1klad\u016f v pr\u016fb\u011bhu \u010dasu: Ni\u017e\u0161\u00ed mzdov\u00e9 n\u00e1klady, ni\u017e\u0161\u00ed n\u00e1klady na logistiku a minim\u00e1ln\u00ed prostoje (d\u00edky spolehliv\u00e9 automatizaci) p\u0159isp\u00edvaj\u00ed k ni\u017e\u0161\u00edm celkov\u00fdm n\u00e1klad\u016fm na vlastnictv\u00ed, co\u017e z n\u00ed \u010din\u00ed dlouhodob\u011b rentabiln\u00ed investici pro velkoobjemov\u00e9 provozy.<\/p>","protected":false},"excerpt":{"rendered":"<p>Pln\u011b automatick\u00fd horizont\u00e1ln\u00ed lis na bavlnu je hydraulick\u00fd stroj \u0159\u00edzen\u00fd PLC. Automaticky stla\u010duje a sv\u00e1\u017e\u00ed bavlnu nebo textiln\u00ed odpad bez nutnosti ru\u010dn\u00ed obsluhy, \u010d\u00edm\u017e nab\u00edz\u00ed vysokou \u00fa\u010dinnost a \u00fasporu pr\u00e1ce.<\/p>","protected":false},"featured_media":2784,"template":"","meta":{"site-sidebar-layout":"default","site-content-layout":"","ast-site-content-layout":"default","site-content-style":"default","site-sidebar-style":"default","ast-global-header-display":"","ast-banner-title-visibility":"","ast-main-header-display":"","ast-hfb-above-header-display":"","ast-hfb-below-header-display":"","ast-hfb-mobile-header-display":"","site-post-title":"","ast-breadcrumbs-content":"","ast-featured-img":"","footer-sml-layout":"","ast-disable-related-posts":"","theme-transparent-header-meta":"default","adv-header-id-meta":"","stick-header-meta":"","header-above-stick-meta":"","header-main-stick-meta":"","header-below-stick-meta":"","astra-migrate-meta-layouts":"set","ast-page-background-enabled":"default","ast-page-background-meta":{"desktop":{"background-color":"var(--ast-global-color-5)","background-image":"","background-repeat":"repeat","background-position":"center center","background-size":"auto","background-attachment":"scroll","background-type":"","background-media":"","overlay-type":"","overlay-color":"","overlay-opacity":"","overlay-gradient":""},"tablet":{"background-color":"","background-image":"","background-repeat":"repeat","background-position":"center center","background-size":"auto","background-attachment":"scroll","background-type":"","background-media":"","overlay-type":"","overlay-color":"","overlay-opacity":"","overlay-gradient":""},"mobile":{"background-color":"","background-image":"","background-repeat":"repeat","background-position":"center center","background-size":"auto","background-attachment":"scroll","background-type":"","background-media":"","overlay-type":"","overlay-color":"","overlay-opacity":"","overlay-gradient":""}},"ast-content-background-meta":{"desktop":{"background-color":"var(--ast-global-color-4)","background-image":"","background-repeat":"repeat","background-position":"center center","background-size":"auto","background-attachment":"scroll","background-type":"","background-media":"","overlay-type":"","overlay-color":"","overlay-opacity":"","overlay-gradient":""},"tablet":{"background-color":"var(--ast-global-color-4)","background-image":"","background-repeat":"repeat","background-position":"center center","background-size":"auto","background-attachment":"scroll","background-type":"","background-media":"","overlay-type":"","overlay-color":"","overlay-opacity":"","overlay-gradient":""},"mobile":{"background-color":"var(--ast-global-color-4)","background-image":"","background-repeat":"repeat","background-position":"center center","background-size":"auto","background-attachment":"scroll","background-type":"","background-media":"","overlay-type":"","overlay-color":"","overlay-opacity":"","overlay-gradient":""}}},"product_brand":[],"product_cat":[153,21],"product_tag":[189,183,188,185,186,187,184],"class_list":{"0":"post-2783","1":"product","2":"type-product","3":"status-publish","4":"has-post-thumbnail","6":"product_cat-horizontal-baler","7":"product_cat-baling-machine","8":"product_tag-cotton-baler-for-sale","9":"product_tag-cotton-baler-machine","10":"product_tag-cotton-baler-manufacturer","11":"product_tag-cotton-compress-machine","12":"product_tag-cotton-packing-machine","13":"product_tag-horizontal-baler-machine","14":"product_tag-plc-control-cotton-baler","15":"desktop-align-left","16":"tablet-align-left","17":"mobile-align-left","19":"first","20":"instock","21":"shipping-taxable","22":"product-type-simple"},"_links":{"self":[{"href":"https:\/\/www.gigapa.com\/cs\/wp-json\/wp\/v2\/product\/2783","targetHints":{"allow":["GET"]}}],"collection":[{"href":"https:\/\/www.gigapa.com\/cs\/wp-json\/wp\/v2\/product"}],"about":[{"href":"https:\/\/www.gigapa.com\/cs\/wp-json\/wp\/v2\/types\/product"}],"version-history":[{"count":7,"href":"https:\/\/www.gigapa.com\/cs\/wp-json\/wp\/v2\/product\/2783\/revisions"}],"predecessor-version":[{"id":2885,"href":"https:\/\/www.gigapa.com\/cs\/wp-json\/wp\/v2\/product\/2783\/revisions\/2885"}],"wp:featuredmedia":[{"embeddable":true,"href":"https:\/\/www.gigapa.com\/cs\/wp-json\/wp\/v2\/media\/2784"}],"wp:attachment":[{"href":"https:\/\/www.gigapa.com\/cs\/wp-json\/wp\/v2\/media?parent=2783"}],"wp:term":[{"taxonomy":"product_brand","embeddable":true,"href":"https:\/\/www.gigapa.com\/cs\/wp-json\/wp\/v2\/product_brand?post=2783"},{"taxonomy":"product_cat","embeddable":true,"href":"https:\/\/www.gigapa.com\/cs\/wp-json\/wp\/v2\/product_cat?post=2783"},{"taxonomy":"product_tag","embeddable":true,"href":"https:\/\/www.gigapa.com\/cs\/wp-json\/wp\/v2\/product_tag?post=2783"}],"curies":[{"name":"wp","href":"https:\/\/api.w.org\/{rel}","templated":true}]}}