{"id":2865,"date":"2025-12-12T17:17:34","date_gmt":"2025-12-12T09:17:34","guid":{"rendered":"https:\/\/www.gigapa.com\/?post_type=product&#038;p=2865"},"modified":"2026-03-18T17:17:13","modified_gmt":"2026-03-18T09:17:13","slug":"gsg-q204-plastic-granulator-machine","status":"publish","type":"product","link":"https:\/\/www.gigapa.com\/cs\/produkt\/gsg-q204-plastic-granulator-machine\/","title":{"rendered":"GSG-Q204 Plastov\u00fd granul\u00e1tor"},"content":{"rendered":"<h3>P\u0159ehled produkt\u016f<\/h3>\n<p>Granul\u00e1tor plast\u016f GSG-Q204 je kompaktn\u00ed, vysoce v\u00fdkonn\u00fd granula\u010dn\u00ed stroj ur\u010den\u00fd k \u00fa\u010dinn\u00e9mu zmen\u0161ov\u00e1n\u00ed plastov\u00fdch zbytk\u016f, odpadu ze vst\u0159ikov\u00e1n\u00ed, v\u00fdlisk\u016f, vtok\u016f, f\u00f3li\u00ed a r\u016fzn\u00fdch lehk\u00fdch recyklovan\u00fdch plast\u016f. D\u00edky robustn\u00ed konstrukci \u0159ezac\u00edho \u00fastroj\u00ed, stabiln\u00edmu v\u00fdkonu a n\u00edzk\u00e9 spot\u0159eb\u011b energie je tento model ide\u00e1ln\u00ed pro mal\u00e9 a\u017e st\u0159edn\u011b velk\u00e9 recykla\u010dn\u00ed z\u00e1vody, tov\u00e1rny na zpracov\u00e1n\u00ed plast\u016f a za\u0159\u00edzen\u00ed na vyu\u017eit\u00ed materi\u00e1l\u016f.<\/p>\n<p>Stroj vyu\u017e\u00edv\u00e1 \u0159ezac\u00ed syst\u00e9m s n\u00edzk\u00fdm hlukem a vysok\u00fdm to\u010div\u00fdm momentem, kter\u00fd zaji\u0161\u0165uje rovnom\u011brnou velikost \u010d\u00e1stic a nep\u0159etr\u017eit\u00fd, spolehliv\u00fd provoz - pom\u00e1h\u00e1 v\u00e1m p\u0159em\u011bnit plastov\u00fd odpad na znovu pou\u017eitelnou surovinu a z\u00e1rove\u0148 sn\u00ed\u017eit v\u00fdrobn\u00ed n\u00e1klady.<\/p>\n<div class=\"ast-oembed-container\" style=\"height: 100%;\"><iframe title=\"GSG-Q204 Plastov\u00fd granul\u00e1tor\" width=\"422\" height=\"750\" src=\"https:\/\/www.youtube.com\/embed\/23k9o8xtIgg?feature=oembed\" frameborder=\"0\" allow=\"accelerometer; autoplay; clipboard-write; encrypted-media; gyroscope; picture-in-picture; web-share\" referrerpolicy=\"strict-origin-when-cross-origin\" allowfullscreen><\/iframe><\/div>\n<h3>Specifikace Parametr<\/h3>\n<table style=\"border-collapse: collapse; width: 509px; height: 542px;\" border=\"0\" width=\"362\" cellspacing=\"0\" cellpadding=\"0\">\n<tbody>\n<tr style=\"height: 13.50pt;\">\n<td style=\"height: 13.50pt; width: 194.25pt;\" width=\"259\" height=\"18\">Model<\/td>\n<td style=\"width: 77.25pt;\" width=\"103\">GSG-Q204<\/td>\n<\/tr>\n<tr style=\"height: 13.50pt;\">\n<td style=\"height: 13.50pt;\" height=\"18\">Velikost p\u0159\u00edvodn\u00edho otvoru (\u0161 \u00d7 v) (mm)<\/td>\n<td>400 \u00d7 230<\/td>\n<\/tr>\n<tr style=\"height: 13.50pt;\">\n<td style=\"height: 13.50pt;\" height=\"18\">Pr\u016fm\u011br ot\u00e1\u010den\u00ed (mm)<\/td>\n<td>245<\/td>\n<\/tr>\n<tr style=\"height: 13.50pt;\">\n<td style=\"height: 13.50pt;\" height=\"18\">D\u00e9lka \u017eac\u00edho v\u00e1lce (mm)<\/td>\n<td>400<\/td>\n<\/tr>\n<tr style=\"height: 13.50pt;\">\n<td style=\"height: 13.50pt;\" height=\"18\">Ot\u00e1\u010dky \u017eac\u00edho v\u00e1lce (ot.\/min.)<\/td>\n<td>580<\/td>\n<\/tr>\n<tr style=\"height: 13.50pt;\">\n<td style=\"height: 13.50pt;\" height=\"18\">Otvor s\u00edta (mm)<\/td>\n<td>20<\/td>\n<\/tr>\n<tr style=\"height: 13.50pt;\">\n<td style=\"height: 13.50pt;\" height=\"18\">Po\u010det pohybliv\u00fdch no\u017e\u016f (ks)<\/td>\n<td>12<\/td>\n<\/tr>\n<tr style=\"height: 13.50pt;\">\n<td style=\"height: 13.50pt;\" height=\"18\">Po\u010det pevn\u00fdch no\u017e\u016f (ks)<\/td>\n<td>2<\/td>\n<\/tr>\n<tr style=\"height: 13.50pt;\">\n<td style=\"height: 13.50pt;\" height=\"18\">V\u00fdkon motoru (KW)<\/td>\n<td>7.5<\/td>\n<\/tr>\n<\/tbody>\n<\/table>\n<p><img fetchpriority=\"high\" decoding=\"async\" class=\"alignnone wp-image-2866\" src=\"https:\/\/www.gigapa.com\/wp-content\/uploads\/2025\/12\/\u7c89\u788e\u673a4-scaled.jpg\" alt=\"\" width=\"400\" height=\"533\" srcset=\"https:\/\/www.gigapa.com\/wp-content\/uploads\/2025\/12\/\u7c89\u788e\u673a4-scaled.jpg 1920w, https:\/\/www.gigapa.com\/wp-content\/uploads\/2025\/12\/\u7c89\u788e\u673a4-225x300.jpg 225w, https:\/\/www.gigapa.com\/wp-content\/uploads\/2025\/12\/\u7c89\u788e\u673a4-768x1024.jpg 768w, https:\/\/www.gigapa.com\/wp-content\/uploads\/2025\/12\/\u7c89\u788e\u673a4-1152x1536.jpg 1152w, https:\/\/www.gigapa.com\/wp-content\/uploads\/2025\/12\/\u7c89\u788e\u673a4-1536x2048.jpg 1536w, https:\/\/www.gigapa.com\/wp-content\/uploads\/2025\/12\/\u7c89\u788e\u673a4-9x12.jpg 9w, https:\/\/www.gigapa.com\/wp-content\/uploads\/2025\/12\/\u7c89\u788e\u673a4-600x800.jpg 600w\" sizes=\"(max-width: 400px) 100vw, 400px\" \/> <img decoding=\"async\" class=\"alignnone wp-image-2869\" src=\"https:\/\/www.gigapa.com\/wp-content\/uploads\/2025\/12\/\u7c89\u788e\u673a1-scaled.jpg\" alt=\"\" width=\"400\" height=\"533\" srcset=\"https:\/\/www.gigapa.com\/wp-content\/uploads\/2025\/12\/\u7c89\u788e\u673a1-scaled.jpg 1920w, https:\/\/www.gigapa.com\/wp-content\/uploads\/2025\/12\/\u7c89\u788e\u673a1-225x300.jpg 225w, https:\/\/www.gigapa.com\/wp-content\/uploads\/2025\/12\/\u7c89\u788e\u673a1-768x1024.jpg 768w, https:\/\/www.gigapa.com\/wp-content\/uploads\/2025\/12\/\u7c89\u788e\u673a1-1152x1536.jpg 1152w, https:\/\/www.gigapa.com\/wp-content\/uploads\/2025\/12\/\u7c89\u788e\u673a1-1536x2048.jpg 1536w, https:\/\/www.gigapa.com\/wp-content\/uploads\/2025\/12\/\u7c89\u788e\u673a1-9x12.jpg 9w, https:\/\/www.gigapa.com\/wp-content\/uploads\/2025\/12\/\u7c89\u788e\u673a1-600x800.jpg 600w\" sizes=\"(max-width: 400px) 100vw, 400px\" \/><\/p>\n<h3 data-start=\"913\" data-end=\"931\"><strong data-start=\"915\" data-end=\"931\">Kl\u00ed\u010dov\u00e9 vlastnosti<\/strong><\/h3>\n<p data-start=\"933\" data-end=\"970\"><strong data-start=\"937\" data-end=\"970\">Kompaktn\u00ed, ale v\u00fdkonn\u00fd design<\/strong><\/p>\n<p data-start=\"971\" data-end=\"1107\">Granul\u00e1tor plast\u016f GSG-Q204 kombinuje pr\u016fm\u011br ot\u00e1\u010den\u00ed 245 mm s motorem o v\u00fdkonu 7,5 kW, \u010d\u00edm\u017e dosahuje vynikaj\u00edc\u00edho \u0159ezn\u00e9ho v\u00fdkonu a z\u00e1rove\u0148 \u0161et\u0159\u00ed podlahovou plochu.<\/p>\n<p data-start=\"1109\" data-end=\"1149\"><strong data-start=\"1113\" data-end=\"1149\">Vysoce \u00fa\u010dinn\u00fd \u0159ezac\u00ed syst\u00e9m<\/strong><\/p>\n<p data-start=\"1150\" data-end=\"1164\">Vybaveno:<\/p>\n<ul>\n<li data-start=\"1167\" data-end=\"1187\">12 pohybliv\u00fdch lopatek<\/li>\n<li data-start=\"1190\" data-end=\"1208\">2 pevn\u00e9 \u010depele<\/li>\n<li data-start=\"1211\" data-end=\"1242\">580 ot\u00e1\u010dek za minutu ot\u00e1\u010dek \u017eac\u00edho v\u00e1lce<\/li>\n<\/ul>\n<p data-start=\"1244\" data-end=\"1331\">Granul\u00e1tor vyr\u00e1b\u00ed \u010dist\u00e9, rovnom\u011brn\u00e9 granule ide\u00e1ln\u00ed pro opakovan\u00e9 zpracov\u00e1n\u00ed a v\u00fdrobu sm\u011bs\u00ed.<\/p>\n<p data-start=\"1333\" data-end=\"1368\"><strong data-start=\"1337\" data-end=\"1368\">Konzistentn\u00ed kvalita v\u00fdstupu<\/strong><\/p>\n<p data-start=\"1369\" data-end=\"1537\">Otvor s\u00edta o velikosti 20 mm zaji\u0161\u0165uje stabiln\u00ed velikost \u010d\u00e1stic, tak\u017ee recyklovan\u00e9 pelety jsou vhodn\u00e9 pro vst\u0159ikov\u00e1n\u00ed, vytla\u010dov\u00e1n\u00ed nebo m\u00edch\u00e1n\u00ed s p\u016fvodn\u00edmi materi\u00e1ly.<\/p>\n<p data-start=\"1539\" data-end=\"1563\"><strong data-start=\"1543\" data-end=\"1563\">\u0160irok\u00fd p\u0159\u00edvodn\u00ed port<\/strong><\/p>\n<p data-start=\"1564\" data-end=\"1645\">Pod\u00e1vac\u00ed otvor o rozm\u011brech 400 \u00d7 230 mm pojme r\u016fzn\u00e9 plastov\u00e9 materi\u00e1ly, v\u010detn\u011b:<\/p>\n<ul>\n<li data-start=\"1648\" data-end=\"1673\">Vst\u0159ikovac\u00ed \u0161rot<\/li>\n<li data-start=\"1676\" data-end=\"1702\">Plastov\u00e9 bloky a hrudky<\/li>\n<li data-start=\"1705\" data-end=\"1743\">F\u00f3lie, listy a mal\u00e9 dut\u00e9 p\u0159edm\u011bty<\/li>\n<li data-start=\"1746\" data-end=\"1769\">Oblo\u017een\u00ed a podb\u011bhy<\/li>\n<\/ul>\n<p data-start=\"1771\" data-end=\"1797\"><strong data-start=\"1775\" data-end=\"1797\">Snadn\u00e1 \u00fadr\u017eba<\/strong><\/p>\n<p data-start=\"1798\" data-end=\"1915\">\u017dac\u00ed komora je navr\u017eena pro rychlou v\u00fdm\u011bnu a \u010di\u0161t\u011bn\u00ed no\u017e\u016f, co\u017e zkracuje prostoje a zvy\u0161uje produktivitu.<\/p>\n<p data-start=\"1917\" data-end=\"1947\"><strong data-start=\"1921\" data-end=\"1947\">Odoln\u00e1 konstrukce<\/strong><\/p>\n<p data-start=\"1948\" data-end=\"2072\">Jsou vyrobeny z vysoce kvalitn\u00edch materi\u00e1l\u016f a precizn\u011b zpracov\u00e1ny, co\u017e zaru\u010duje dlouhou \u017eivotnost v n\u00e1ro\u010dn\u00fdch pr\u016fmyslov\u00fdch podm\u00ednk\u00e1ch.<\/p>\n<h3>Podrobnosti o manipulaci<\/h3>\n<p><img decoding=\"async\" class=\"alignnone wp-image-2872\" src=\"https:\/\/www.gigapa.com\/wp-content\/uploads\/2025\/12\/\u7c89\u788e\u673a\u7269\u6599-scaled.jpg\" alt=\"\" width=\"400\" height=\"533\" srcset=\"https:\/\/www.gigapa.com\/wp-content\/uploads\/2025\/12\/\u7c89\u788e\u673a\u7269\u6599-scaled.jpg 1920w, https:\/\/www.gigapa.com\/wp-content\/uploads\/2025\/12\/\u7c89\u788e\u673a\u7269\u6599-225x300.jpg 225w, https:\/\/www.gigapa.com\/wp-content\/uploads\/2025\/12\/\u7c89\u788e\u673a\u7269\u6599-768x1024.jpg 768w, https:\/\/www.gigapa.com\/wp-content\/uploads\/2025\/12\/\u7c89\u788e\u673a\u7269\u6599-1152x1536.jpg 1152w, https:\/\/www.gigapa.com\/wp-content\/uploads\/2025\/12\/\u7c89\u788e\u673a\u7269\u6599-1536x2048.jpg 1536w, https:\/\/www.gigapa.com\/wp-content\/uploads\/2025\/12\/\u7c89\u788e\u673a\u7269\u6599-9x12.jpg 9w, https:\/\/www.gigapa.com\/wp-content\/uploads\/2025\/12\/\u7c89\u788e\u673a\u7269\u6599-600x800.jpg 600w\" sizes=\"(max-width: 400px) 100vw, 400px\" \/> <img loading=\"lazy\" decoding=\"async\" class=\"alignnone wp-image-2871\" src=\"https:\/\/www.gigapa.com\/wp-content\/uploads\/2025\/12\/\u7c89\u788e\u673a\u7269\u65991-scaled.jpg\" alt=\"\" width=\"400\" height=\"533\" srcset=\"https:\/\/www.gigapa.com\/wp-content\/uploads\/2025\/12\/\u7c89\u788e\u673a\u7269\u65991-scaled.jpg 1920w, https:\/\/www.gigapa.com\/wp-content\/uploads\/2025\/12\/\u7c89\u788e\u673a\u7269\u65991-225x300.jpg 225w, https:\/\/www.gigapa.com\/wp-content\/uploads\/2025\/12\/\u7c89\u788e\u673a\u7269\u65991-768x1024.jpg 768w, https:\/\/www.gigapa.com\/wp-content\/uploads\/2025\/12\/\u7c89\u788e\u673a\u7269\u65991-1152x1536.jpg 1152w, https:\/\/www.gigapa.com\/wp-content\/uploads\/2025\/12\/\u7c89\u788e\u673a\u7269\u65991-1536x2048.jpg 1536w, https:\/\/www.gigapa.com\/wp-content\/uploads\/2025\/12\/\u7c89\u788e\u673a\u7269\u65991-9x12.jpg 9w, https:\/\/www.gigapa.com\/wp-content\/uploads\/2025\/12\/\u7c89\u788e\u673a\u7269\u65991-600x800.jpg 600w\" sizes=\"(max-width: 400px) 100vw, 400px\" \/><\/p>\n<h3 data-start=\"2425\" data-end=\"2443\"><strong data-start=\"2427\" data-end=\"2443\">Aplikace<\/strong><\/h3>\n<p data-start=\"2445\" data-end=\"2511\">Granul\u00e1tor plast\u016f GSG-Q204 je vhodn\u00fd pro \u0161irokou \u0161k\u00e1lu materi\u00e1l\u016f, v\u010detn\u011b:<\/p>\n<ul>\n<li data-start=\"2515\" data-end=\"2546\">Tvrd\u00e9 plasty (ABS, PP, PS, PE)<\/li>\n<li data-start=\"2549\" data-end=\"2581\">M\u011bkk\u00e9 plasty (LDPE, HDPE f\u00f3lie)<\/li>\n<li data-start=\"2584\" data-end=\"2607\">Odpad ze vst\u0159ikov\u00e1n\u00ed<\/li>\n<li data-start=\"2610\" data-end=\"2628\">Vtoky a podb\u011bhy<\/li>\n<li data-start=\"2631\" data-end=\"2658\">Plastov\u00e9 desky a profily<\/li>\n<li data-start=\"2661\" data-end=\"2686\">Mal\u00e9 dut\u00e9 n\u00e1doby<\/li>\n<li data-start=\"2689\" data-end=\"2710\">Obalov\u00e9 materi\u00e1ly<\/li>\n<\/ul>\n<p data-start=\"2712\" data-end=\"2731\">Ide\u00e1ln\u00ed pro pou\u017eit\u00ed v:<\/p>\n<ul>\n<li data-start=\"2734\" data-end=\"2764\">Tov\u00e1rny na zpracov\u00e1n\u00ed plast\u016f<\/li>\n<li data-start=\"2767\" data-end=\"2789\">Recykla\u010dn\u00ed za\u0159\u00edzen\u00ed<\/li>\n<li data-start=\"2792\" data-end=\"2821\">D\u00edlny na vst\u0159ikov\u00e1n\u00ed plast\u016f<\/li>\n<li data-start=\"2824\" data-end=\"2850\">Za\u0159\u00edzen\u00ed na materi\u00e1lov\u00e9 vyu\u017eit\u00ed<\/li>\n<\/ul>","protected":false},"excerpt":{"rendered":"<p>Granul\u00e1tor plast\u016f GSG-Q204 je vysoce \u00fa\u010dinn\u00fd drtic\u00ed stroj ur\u010den\u00fd ke zpracov\u00e1n\u00ed plastov\u00fdch zbytk\u016f, odpadu ze vst\u0159ikov\u00e1n\u00ed plast\u016f, f\u00f3liov\u00fdch materi\u00e1l\u016f a lehk\u00fdch recykla\u010dn\u00edch aplikac\u00ed.<\/p>","protected":false},"featured_media":2873,"template":"","meta":{"site-sidebar-layout":"default","site-content-layout":"","ast-site-content-layout":"default","site-content-style":"default","site-sidebar-style":"default","ast-global-header-display":"","ast-banner-title-visibility":"","ast-main-header-display":"","ast-hfb-above-header-display":"","ast-hfb-below-header-display":"","ast-hfb-mobile-header-display":"","site-post-title":"","ast-breadcrumbs-content":"","ast-featured-img":"","footer-sml-layout":"","ast-disable-related-posts":"","theme-transparent-header-meta":"default","adv-header-id-meta":"","stick-header-meta":"","header-above-stick-meta":"","header-main-stick-meta":"","header-below-stick-meta":"","astra-migrate-meta-layouts":"set","ast-page-background-enabled":"default","ast-page-background-meta":{"desktop":{"background-color":"var(--ast-global-color-5)","background-image":"","background-repeat":"repeat","background-position":"center center","background-size":"auto","background-attachment":"scroll","background-type":"","background-media":"","overlay-type":"","overlay-color":"","overlay-opacity":"","overlay-gradient":""},"tablet":{"background-color":"","background-image":"","background-repeat":"repeat","background-position":"center center","background-size":"auto","background-attachment":"scroll","background-type":"","background-media":"","overlay-type":"","overlay-color":"","overlay-opacity":"","overlay-gradient":""},"mobile":{"background-color":"","background-image":"","background-repeat":"repeat","background-position":"center center","background-size":"auto","background-attachment":"scroll","background-type":"","background-media":"","overlay-type":"","overlay-color":"","overlay-opacity":"","overlay-gradient":""}},"ast-content-background-meta":{"desktop":{"background-color":"var(--ast-global-color-4)","background-image":"","background-repeat":"repeat","background-position":"center center","background-size":"auto","background-attachment":"scroll","background-type":"","background-media":"","overlay-type":"","overlay-color":"","overlay-opacity":"","overlay-gradient":""},"tablet":{"background-color":"var(--ast-global-color-4)","background-image":"","background-repeat":"repeat","background-position":"center center","background-size":"auto","background-attachment":"scroll","background-type":"","background-media":"","overlay-type":"","overlay-color":"","overlay-opacity":"","overlay-gradient":""},"mobile":{"background-color":"var(--ast-global-color-4)","background-image":"","background-repeat":"repeat","background-position":"center center","background-size":"auto","background-attachment":"scroll","background-type":"","background-media":"","overlay-type":"","overlay-color":"","overlay-opacity":"","overlay-gradient":""}}},"product_brand":[],"product_cat":[20,151],"product_tag":[178,174,176,175,177,179],"class_list":{"0":"post-2865","1":"product","2":"type-product","3":"status-publish","4":"has-post-thumbnail","6":"product_cat-shredding-and-crushing-machine","7":"product_cat-single-shaft-crusher","8":"product_tag-pet-bottle-granulator","9":"product_tag-plastic-granulator-machine","10":"product_tag-plastic-granulator-machine-for-recycling","11":"product_tag-plastic-recycling-equipment","12":"product_tag-plastic-recycling-machine","13":"product_tag-pp-pe-granulator","14":"desktop-align-left","15":"tablet-align-left","16":"mobile-align-left","18":"first","19":"instock","20":"shipping-taxable","21":"product-type-simple"},"_links":{"self":[{"href":"https:\/\/www.gigapa.com\/cs\/wp-json\/wp\/v2\/product\/2865","targetHints":{"allow":["GET"]}}],"collection":[{"href":"https:\/\/www.gigapa.com\/cs\/wp-json\/wp\/v2\/product"}],"about":[{"href":"https:\/\/www.gigapa.com\/cs\/wp-json\/wp\/v2\/types\/product"}],"version-history":[{"count":2,"href":"https:\/\/www.gigapa.com\/cs\/wp-json\/wp\/v2\/product\/2865\/revisions"}],"predecessor-version":[{"id":2886,"href":"https:\/\/www.gigapa.com\/cs\/wp-json\/wp\/v2\/product\/2865\/revisions\/2886"}],"wp:featuredmedia":[{"embeddable":true,"href":"https:\/\/www.gigapa.com\/cs\/wp-json\/wp\/v2\/media\/2873"}],"wp:attachment":[{"href":"https:\/\/www.gigapa.com\/cs\/wp-json\/wp\/v2\/media?parent=2865"}],"wp:term":[{"taxonomy":"product_brand","embeddable":true,"href":"https:\/\/www.gigapa.com\/cs\/wp-json\/wp\/v2\/product_brand?post=2865"},{"taxonomy":"product_cat","embeddable":true,"href":"https:\/\/www.gigapa.com\/cs\/wp-json\/wp\/v2\/product_cat?post=2865"},{"taxonomy":"product_tag","embeddable":true,"href":"https:\/\/www.gigapa.com\/cs\/wp-json\/wp\/v2\/product_tag?post=2865"}],"curies":[{"name":"wp","href":"https:\/\/api.w.org\/{rel}","templated":true}]}}