{"id":2978,"date":"2026-03-18T16:47:46","date_gmt":"2026-03-18T08:47:46","guid":{"rendered":"https:\/\/www.gigapa.com\/?post_type=product&#038;p=2978"},"modified":"2026-03-19T08:56:08","modified_gmt":"2026-03-19T00:56:08","slug":"strap-chopper","status":"publish","type":"product","link":"https:\/\/www.gigapa.com\/cs\/produkt\/strap-chopper\/","title":{"rendered":"\u0158em\u00ednkov\u00fd vrtuln\u00edk"},"content":{"rendered":"<h3>P\u0159edstaven\u00ed za\u0159\u00edzen\u00ed:<\/h3>\n<p>\u0158eza\u010dka p\u00e1sk\u016f je specializovan\u00fd recykla\u010dn\u00ed stroj ur\u010den\u00fd k \u0159ez\u00e1n\u00ed pou\u017eit\u00fdch obalov\u00fdch p\u00e1sk\u016f na mal\u00e9 kousky pro snadn\u011bj\u0161\u00ed manipulaci, recyklaci a likvidaci. Obalov\u00e9 p\u00e1sky, jako jsou PET p\u00e1sky, PP p\u00e1sky a ocelov\u00e9 p\u00e1sky, se \u0161iroce pou\u017e\u00edvaj\u00ed v logistice, skladov\u00e1n\u00ed, v\u00fdrob\u011b a recyklaci. Po vybalen\u00ed zbo\u017e\u00ed vznik\u00e1 velk\u00e9 mno\u017estv\u00ed odpadn\u00edch p\u00e1sk\u016f. Tyto p\u00e1sky jsou \u010dasto dlouh\u00e9, pevn\u00e9 a obt\u00ed\u017en\u011b se skladuj\u00ed nebo efektivn\u011b p\u0159epravuj\u00ed.<\/p>\n<p>Stroj Strap Chopper p\u0159edstavuje efektivn\u00ed \u0159e\u0161en\u00ed, proto\u017ee tyto dlouh\u00e9 popruhy roz\u0159ez\u00e1v\u00e1 na kr\u00e1tk\u00e9, snadno zvl\u00e1dnuteln\u00e9 kousky. To v\u00fdrazn\u011b sni\u017euje objem odpadn\u00edch materi\u00e1l\u016f, zvy\u0161uje bezpe\u010dnost pr\u00e1ce a zjednodu\u0161uje proces recyklace. Mnoho recykla\u010dn\u00edch spole\u010dnost\u00ed, sklad\u016f a v\u00fdrobn\u00edch z\u00e1vod\u016f se spol\u00e9h\u00e1 na \u0159eza\u010dky popruh\u016f, kter\u00e9 zlep\u0161uj\u00ed provozn\u00ed efektivitu a sni\u017euj\u00ed n\u00e1klady na nakl\u00e1d\u00e1n\u00ed s odpadem.<\/p>\n<p><img fetchpriority=\"high\" decoding=\"async\" class=\"aligncenter wp-image-2980\" src=\"https:\/\/www.gigapa.com\/wp-content\/uploads\/2026\/03\/\u6253\u5305\u5e26\u5207\u65ad\u673a-300x300.png\" alt=\"\" width=\"500\" height=\"500\" srcset=\"https:\/\/www.gigapa.com\/wp-content\/uploads\/2026\/03\/\u6253\u5305\u5e26\u5207\u65ad\u673a-300x300.png 300w, https:\/\/www.gigapa.com\/wp-content\/uploads\/2026\/03\/\u6253\u5305\u5e26\u5207\u65ad\u673a-1024x1024.png 1024w, https:\/\/www.gigapa.com\/wp-content\/uploads\/2026\/03\/\u6253\u5305\u5e26\u5207\u65ad\u673a-150x150.png 150w, https:\/\/www.gigapa.com\/wp-content\/uploads\/2026\/03\/\u6253\u5305\u5e26\u5207\u65ad\u673a-768x768.png 768w, https:\/\/www.gigapa.com\/wp-content\/uploads\/2026\/03\/\u6253\u5305\u5e26\u5207\u65ad\u673a-12x12.png 12w, https:\/\/www.gigapa.com\/wp-content\/uploads\/2026\/03\/\u6253\u5305\u5e26\u5207\u65ad\u673a-600x600.png 600w, https:\/\/www.gigapa.com\/wp-content\/uploads\/2026\/03\/\u6253\u5305\u5e26\u5207\u65ad\u673a-100x100.png 100w, https:\/\/www.gigapa.com\/wp-content\/uploads\/2026\/03\/\u6253\u5305\u5e26\u5207\u65ad\u673a.png 1417w\" sizes=\"(max-width: 500px) 100vw, 500px\" \/><\/p>\n<div class=\"ast-oembed-container\" style=\"height: 100%;\"><iframe title=\"\u0158em\u00ednkov\u00fd vrtuln\u00edk\" width=\"500\" height=\"375\" src=\"https:\/\/www.youtube.com\/embed\/Qmj54YmInTk?feature=oembed\" frameborder=\"0\" allow=\"accelerometer; autoplay; clipboard-write; encrypted-media; gyroscope; picture-in-picture; web-share\" referrerpolicy=\"strict-origin-when-cross-origin\" allowfullscreen><\/iframe><\/div>\n<h3>Pou\u017eit\u00ed \u0159em\u00ednkov\u00e9ho sek\u00e1\u010de<\/h3>\n<p>P\u00e1skova\u010de se \u0161iroce pou\u017e\u00edvaj\u00ed v pr\u016fmyslov\u00fdch odv\u011btv\u00edch, kde se \u010dasto pou\u017e\u00edvaj\u00ed a vy\u0159azuj\u00ed obalov\u00e9 p\u00e1sky.<\/p>\n<ul>\n<li><strong>Recykla\u010dn\u00ed st\u0159ediska<\/strong>Recykla\u010dn\u00ed za\u0159\u00edzen\u00ed zpracov\u00e1vaj\u00ed velk\u00e9 mno\u017estv\u00ed odpadn\u00edch obalov\u00fdch materi\u00e1l\u016f. \u0158eza\u010dky p\u00e1sk\u016f pom\u00e1haj\u00ed zpracovat plastov\u00e9 a ocelov\u00e9 p\u00e1sky na men\u0161\u00ed kousky, kter\u00e9 lze snadno recyklovat.<\/li>\n<li><strong>Sklady a logistick\u00e1 centra<\/strong>Ve velk\u00fdch skladech se \u010dasto pracuje se zbo\u017e\u00edm na palet\u00e1ch zaji\u0161t\u011bn\u00fdm plastov\u00fdmi nebo ocelov\u00fdmi p\u00e1skami. \u0158eza\u010dka p\u00e1sk\u016f pom\u00e1h\u00e1 efektivn\u011b nakl\u00e1dat s t\u00edmto odpadem.<\/li>\n<li><strong>V\u00fdrobn\u00ed z\u00e1vody<\/strong>V\u00fdrobci \u010dasto pou\u017e\u00edvaj\u00ed p\u00e1sky k zaji\u0161t\u011bn\u00ed hotov\u00fdch v\u00fdrobk\u016f b\u011bhem skladov\u00e1n\u00ed a p\u0159epravy. \u0158eza\u010dky p\u00e1sk\u016f pom\u00e1haj\u00ed zpracovat velk\u00e9 mno\u017estv\u00ed denn\u011b vy\u0159azen\u00fdch p\u00e1sk\u016f.<\/li>\n<li><strong>Za\u0159\u00edzen\u00ed na zpracov\u00e1n\u00ed \u0161rotu<\/strong>Na vrakovi\u0161t\u00edch a v z\u00e1vodech na recyklaci kov\u016f se ocelov\u00e9 p\u00e1sky b\u011b\u017en\u011b nach\u00e1zej\u00ed ve \u0161rotu. \u0158eza\u010dka p\u00e1sk\u016f m\u016f\u017ee tyto p\u00e1sky p\u0159ed dal\u0161\u00ed recyklac\u00ed rychle zpracovat.<\/li>\n<li><strong>Distribu\u010dn\u00ed centra<\/strong>Distribu\u010dn\u00ed centra denn\u011b vybaluj\u00ed velk\u00e9 objemy zbo\u017e\u00ed, \u010d\u00edm\u017e vznik\u00e1 zna\u010dn\u00e9 mno\u017estv\u00ed obalov\u00e9ho odpadu. \u0158eza\u010dky p\u00e1sk\u016f zjednodu\u0161uj\u00ed nakl\u00e1d\u00e1n\u00ed s odpadem a zlep\u0161uj\u00ed organizaci pracovi\u0161t\u011b.<\/li>\n<\/ul>\n<h3>Parametry modelu:<\/h3>\n<table>\n<tbody>\n<tr>\n<td width=\"222\">Model<\/td>\n<td width=\"133\">GSG-SC203<\/td>\n<\/tr>\n<tr>\n<td width=\"222\">Velikost pod\u00e1vac\u00edho otvoru (\u0161 \u00d7 v) (mm)<\/td>\n<td width=\"133\">52\u00d74<\/td>\n<\/tr>\n<tr>\n<td width=\"222\">Po\u010det krmn\u00fdch otvor\u016f (PCS)<\/td>\n<td width=\"133\">5<\/td>\n<\/tr>\n<tr>\n<td width=\"222\">Pr\u016fm\u011br v\u00fdkyvu (mm)<\/td>\n<td width=\"133\">\u03a6200<\/td>\n<\/tr>\n<tr>\n<td width=\"222\">V\u00fdkon motoru (kW)<\/td>\n<td width=\"133\">1.5<\/td>\n<\/tr>\n<tr>\n<td width=\"222\">Rozm\u011bry (D\u00d7\u0160\u00d7V) (mm)<\/td>\n<td width=\"133\">1160\u00d71150\u00d71700<\/td>\n<\/tr>\n<tr>\n<td width=\"222\">Celkov\u00e1 hmotnost (kg)<\/td>\n<td width=\"133\">P\u0159ibli\u017en\u011b 320<\/td>\n<\/tr>\n<\/tbody>\n<\/table>\n<h3>Kl\u00ed\u010dov\u00e9 vlastnosti \u0159em\u00ednku Chopper<\/h3>\n<ol>\n<li><strong>Efektivn\u00ed \u0159ezn\u00fd v\u00fdkon<\/strong>Sek\u00e1\u010dek popruh\u016f je vybaven vysoce pevn\u00fdmi \u0159ezn\u00fdmi no\u017ei ur\u010den\u00fdmi k rychl\u00e9mu sek\u00e1n\u00ed plastov\u00fdch nebo ocelov\u00fdch popruh\u016f. V\u00fdkonn\u00fd \u0159ezac\u00ed mechanismus zaji\u0161\u0165uje plynul\u00e9 a nep\u0159etr\u017eit\u00e9 zpracov\u00e1n\u00ed a zvy\u0161uje produktivitu.<\/li>\n<li><strong>Kompaktn\u00ed struktura<\/strong>V\u011bt\u0161ina stroj\u016f na \u0161t\u00edp\u00e1n\u00ed p\u00e1sk\u016f m\u00e1 kompaktn\u00ed konstrukci, tak\u017ee jsou vhodn\u00e9 pro instalaci ve skladech, recykla\u010dn\u00edch centrech a balic\u00edch za\u0159\u00edzen\u00edch, kde m\u016f\u017ee b\u00fdt omezen\u00fd prostor.<\/li>\n<li><strong>Vysok\u00e1 odolnost<\/strong>Pr\u016fmyslov\u00e9 materi\u00e1ly a kalen\u00e9 \u0159ezn\u00e9 no\u017ee zaji\u0161\u0165uj\u00ed dlouhou \u017eivotnost. Stroj je schopen zpracov\u00e1vat velk\u00e9 objemy odpadn\u00edch p\u00e1s\u016f bez nutnosti \u010dast\u00e9 \u00fadr\u017eby.<\/li>\n<li><strong>Snadn\u00e9 ovl\u00e1d\u00e1n\u00ed<\/strong>Sek\u00e1\u010dek na \u0159emeny je navr\u017een s u\u017eivatelsky p\u0159\u00edv\u011btiv\u00fdm ovl\u00e1d\u00e1n\u00edm. Obsluha jednodu\u0161e vlo\u017e\u00ed pou\u017eit\u00e9 popruhy do stroje a syst\u00e9m je automaticky roz\u0159e\u017ee na mal\u00e9 kousky.<\/li>\n<li><strong>Bezpe\u010dnostn\u00ed ochrana<\/strong>Bezpe\u010dnostn\u00ed prvky, jako jsou ochrann\u00e9 kryty, tla\u010d\u00edtka nouzov\u00e9ho zastaven\u00ed a syst\u00e9my automatick\u00e9ho vypnut\u00ed, pom\u00e1haj\u00ed zajistit bezpe\u010dn\u00fd provoz.<\/li>\n<li>\u00a0<strong>Sn\u00ed\u017een\u00ed objemu odpadu<\/strong>D\u00edky \u0159ez\u00e1n\u00ed dlouh\u00fdch popruh\u016f na mal\u00e9 kousky stroj v\u00fdrazn\u011b sni\u017euje pot\u0159ebu skladovac\u00edho prostoru pro odpadn\u00ed popruhy. To zefektiv\u0148uje p\u0159epravu a recyklaci.<\/li>\n<\/ol>\n<h3><strong><b>V\u00fdhody pou\u017e\u00edv\u00e1n\u00ed \u0159em\u00ednkov\u00e9ho sek\u00e1\u010dku<\/b><\/strong><\/h3>\n<ul>\n<li><strong><b>Zlep\u0161en\u00ed bezpe\u010dnosti na pracovi\u0161ti: <\/b><\/strong>Dlouh\u00e9 popruhy le\u017e\u00edc\u00ed kolem pracovn\u00edch prostor mohou zp\u016fsobit nebezpe\u010d\u00ed zakopnut\u00ed nebo zran\u011bn\u00ed. Jejich rozsek\u00e1n\u00ed na mal\u00e9 kousky pom\u00e1h\u00e1 udr\u017eovat \u010dist\u0161\u00ed a bezpe\u010dn\u011bj\u0161\u00ed pracovn\u00ed prost\u0159ed\u00ed.<\/li>\n<li><strong><b>Zv\u00fd\u0161en\u00e1 recyklace\u00a0<\/b><\/strong><strong>Efektivita: <\/strong>Zpracov\u00e1n\u00ed p\u00e1sk\u016f na men\u0161\u00ed kusy usnad\u0148uje jejich skladov\u00e1n\u00ed, p\u0159epravu a recyklaci.<\/li>\n<li><strong><b>Sn\u00ed\u017een\u00ed manipulace s odpadem\u00a0<\/b><\/strong><strong>N\u00e1klady: <\/strong>Sn\u00ed\u017een\u00edm objemu odpadn\u00edch p\u00e1sek mohou podniky sn\u00ed\u017eit n\u00e1klady na skladov\u00e1n\u00ed a p\u0159epravu spojen\u00e9 s nakl\u00e1d\u00e1n\u00edm s odpady.<\/li>\n<li><strong><b>Ekologicky\u00a0<\/b><\/strong><strong>P\u0159\u00e1telsk\u00e9:\u00a0<\/strong>Recyklace plastov\u00fdch a ocelov\u00fdch p\u00e1sk\u016f p\u0159isp\u00edv\u00e1 k ochran\u011b \u017eivotn\u00edho prost\u0159ed\u00ed t\u00edm, \u017ee sni\u017euje mno\u017estv\u00ed skl\u00e1dkov\u00e9ho odpadu a podporuje op\u011btovn\u00e9 pou\u017eit\u00ed materi\u00e1lu.<\/li>\n<li><strong><b>Vy\u0161\u0161\u00ed provozn\u00ed\u00a0<\/b><\/strong><strong>Efektivita: <\/strong>P\u00e1skov\u00fd drti\u010d umo\u017e\u0148uje podnik\u016fm rychle a efektivn\u011b zpracov\u00e1vat obalov\u00fd odpad, \u010d\u00edm\u017e \u0161et\u0159\u00ed pr\u00e1ci a \u010das.<\/li>\n<\/ul>\n<h3><strong><b>Z\u00e1v\u011br<\/b><\/strong><\/h3>\n<p>\u0158eza\u010dka p\u00e1sk\u016f je nepostradateln\u00fd stroj pro firmy, kter\u00e9 pracuj\u00ed s velk\u00fdmi objemy obalov\u00fdch p\u00e1sk\u016f. Efektivn\u00edm sek\u00e1n\u00edm plastov\u00fdch a ocelov\u00fdch p\u00e1sk\u016f na mal\u00e9 kousky stroj zlep\u0161uje nakl\u00e1d\u00e1n\u00ed s odpadem, zvy\u0161uje bezpe\u010dnost na pracovi\u0161ti a podporuje recykla\u010dn\u00ed \u00fasil\u00ed.<\/p>\n<p>D\u00edky sv\u00e9 odoln\u00e9 konstrukci, snadn\u00e9 obsluze a vysok\u00e9 \u00fa\u010dinnosti se p\u00e1skov\u00fd \u0161t\u00edpa\u010d stal cenn\u00fdm n\u00e1strojem v recykla\u010dn\u00edch centrech, skladech, v\u00fdrobn\u00edch z\u00e1vodech a logistick\u00fdch za\u0159\u00edzen\u00edch.<\/p>\n<p>Vzhledem k tomu, \u017ee se pr\u016fmysl nad\u00e1le zam\u011b\u0159uje na udr\u017eitelnost a sni\u017eov\u00e1n\u00ed mno\u017estv\u00ed odpadu, popt\u00e1vka po \u00fa\u010dinn\u00fdch za\u0159\u00edzen\u00edch na recyklaci p\u00e1sk\u016f bude i nad\u00e1le r\u016fst. Investice do vysoce kvalitn\u00edho sekac\u00edho za\u0159\u00edzen\u00ed na p\u00e1sky pom\u00e1h\u00e1 podnik\u016fm zlep\u0161it provozn\u00ed efektivitu a z\u00e1rove\u0148 p\u0159isp\u00edv\u00e1 k ekologicky odpov\u011bdn\u00e9mu nakl\u00e1d\u00e1n\u00ed s odpady.<\/p>","protected":false},"excerpt":{"rendered":"<p>\u0158eza\u010dka p\u00e1sk\u016f je kompaktn\u00ed a v\u00fdkonn\u00fd stroj ur\u010den\u00fd k \u0159ez\u00e1n\u00ed pou\u017eit\u00fdch PP, PET a ocelov\u00fdch p\u00e1sk\u016f na mal\u00e9 kousky pro snadnou manipulaci a recyklaci. Pom\u00e1h\u00e1 sn\u00ed\u017eit objem odpadu, zv\u00fd\u0161it bezpe\u010dnost pr\u00e1ce a zefektivnit likvidaci popruh\u016f ve skladech, recykla\u010dn\u00edch centrech a v\u00fdrobn\u00edch z\u00e1vodech. D\u00edky odoln\u00fdm no\u017e\u016fm, stabiln\u00edmu v\u00fdkonu a jednoduch\u00e9mu ovl\u00e1d\u00e1n\u00ed je \u0159eza\u010dka p\u00e1sk\u016f ide\u00e1ln\u00edm \u0159e\u0161en\u00edm pro efektivn\u00ed nakl\u00e1d\u00e1n\u00ed s obalov\u00fdm odpadem.<\/p>","protected":false},"featured_media":2981,"template":"","meta":{"site-sidebar-layout":"default","site-content-layout":"","ast-site-content-layout":"default","site-content-style":"default","site-sidebar-style":"default","ast-global-header-display":"","ast-banner-title-visibility":"","ast-main-header-display":"","ast-hfb-above-header-display":"","ast-hfb-below-header-display":"","ast-hfb-mobile-header-display":"","site-post-title":"","ast-breadcrumbs-content":"","ast-featured-img":"","footer-sml-layout":"","ast-disable-related-posts":"","theme-transparent-header-meta":"default","adv-header-id-meta":"","stick-header-meta":"","header-above-stick-meta":"","header-main-stick-meta":"","header-below-stick-meta":"","astra-migrate-meta-layouts":"set","ast-page-background-enabled":"default","ast-page-background-meta":{"desktop":{"background-color":"var(--ast-global-color-5)","background-image":"","background-repeat":"repeat","background-position":"center center","background-size":"auto","background-attachment":"scroll","background-type":"","background-media":"","overlay-type":"","overlay-color":"","overlay-opacity":"","overlay-gradient":""},"tablet":{"background-color":"","background-image":"","background-repeat":"repeat","background-position":"center center","background-size":"auto","background-attachment":"scroll","background-type":"","background-media":"","overlay-type":"","overlay-color":"","overlay-opacity":"","overlay-gradient":""},"mobile":{"background-color":"","background-image":"","background-repeat":"repeat","background-position":"center center","background-size":"auto","background-attachment":"scroll","background-type":"","background-media":"","overlay-type":"","overlay-color":"","overlay-opacity":"","overlay-gradient":""}},"ast-content-background-meta":{"desktop":{"background-color":"var(--ast-global-color-4)","background-image":"","background-repeat":"repeat","background-position":"center center","background-size":"auto","background-attachment":"scroll","background-type":"","background-media":"","overlay-type":"","overlay-color":"","overlay-opacity":"","overlay-gradient":""},"tablet":{"background-color":"var(--ast-global-color-4)","background-image":"","background-repeat":"repeat","background-position":"center center","background-size":"auto","background-attachment":"scroll","background-type":"","background-media":"","overlay-type":"","overlay-color":"","overlay-opacity":"","overlay-gradient":""},"mobile":{"background-color":"var(--ast-global-color-4)","background-image":"","background-repeat":"repeat","background-position":"center center","background-size":"auto","background-attachment":"scroll","background-type":"","background-media":"","overlay-type":"","overlay-color":"","overlay-opacity":"","overlay-gradient":""}}},"product_brand":[],"product_cat":[20],"product_tag":[171,169,167,170,168,164,172,165,166],"class_list":{"0":"post-2978","1":"product","2":"type-product","3":"status-publish","4":"has-post-thumbnail","6":"product_cat-shredding-and-crushing-machine","7":"product_tag-automatic-strap-chopper","8":"product_tag-pet-strap-chopper","9":"product_tag-plastic-strap-chopper","10":"product_tag-pp-strap-cutter","11":"product_tag-steel-strap-chopper","12":"product_tag-strap-chopper","13":"product_tag-strap-chopper-machine-for-recycling","14":"product_tag-strap-cutting-machine","15":"product_tag-strap-shredder","16":"desktop-align-left","17":"tablet-align-left","18":"mobile-align-left","20":"first","21":"instock","22":"shipping-taxable","23":"product-type-simple"},"_links":{"self":[{"href":"https:\/\/www.gigapa.com\/cs\/wp-json\/wp\/v2\/product\/2978","targetHints":{"allow":["GET"]}}],"collection":[{"href":"https:\/\/www.gigapa.com\/cs\/wp-json\/wp\/v2\/product"}],"about":[{"href":"https:\/\/www.gigapa.com\/cs\/wp-json\/wp\/v2\/types\/product"}],"version-history":[{"count":1,"href":"https:\/\/www.gigapa.com\/cs\/wp-json\/wp\/v2\/product\/2978\/revisions"}],"predecessor-version":[{"id":2984,"href":"https:\/\/www.gigapa.com\/cs\/wp-json\/wp\/v2\/product\/2978\/revisions\/2984"}],"wp:featuredmedia":[{"embeddable":true,"href":"https:\/\/www.gigapa.com\/cs\/wp-json\/wp\/v2\/media\/2981"}],"wp:attachment":[{"href":"https:\/\/www.gigapa.com\/cs\/wp-json\/wp\/v2\/media?parent=2978"}],"wp:term":[{"taxonomy":"product_brand","embeddable":true,"href":"https:\/\/www.gigapa.com\/cs\/wp-json\/wp\/v2\/product_brand?post=2978"},{"taxonomy":"product_cat","embeddable":true,"href":"https:\/\/www.gigapa.com\/cs\/wp-json\/wp\/v2\/product_cat?post=2978"},{"taxonomy":"product_tag","embeddable":true,"href":"https:\/\/www.gigapa.com\/cs\/wp-json\/wp\/v2\/product_tag?post=2978"}],"curies":[{"name":"wp","href":"https:\/\/api.w.org\/{rel}","templated":true}]}}