{"id":3000,"date":"2026-03-31T17:31:18","date_gmt":"2026-03-31T09:31:18","guid":{"rendered":"https:\/\/www.gigapa.com\/?post_type=product&#038;p=3000"},"modified":"2026-04-01T11:17:09","modified_gmt":"2026-04-01T03:17:09","slug":"gbb-gs405marine-baler","status":"publish","type":"product","link":"https:\/\/www.gigapa.com\/cs\/produkt\/gbb-gs405marine-baler\/","title":{"rendered":"GBB-GS405Marine Baler"},"content":{"rendered":"<h3>P\u0159ehled produkt\u016f<\/h3>\n<p data-start=\"974\" data-end=\"1237\">Marine Baler je hydraulick\u00fd stroj na lisov\u00e1n\u00ed odpadu ur\u010den\u00fd pro pou\u017eit\u00ed v mo\u0159sk\u00e9m prost\u0159ed\u00ed. Je vyroben z robustn\u00edch materi\u00e1l\u016f a sou\u010d\u00e1st\u00ed odoln\u00fdch proti korozi, aby odolal n\u00e1ro\u010dn\u00fdm mo\u0159sk\u00fdm podm\u00ednk\u00e1m, v\u010detn\u011b vlhkosti, slan\u00e9ho vzduchu a nep\u0159etr\u017eit\u00e9ho provozu.<\/p>\n<p data-start=\"1239\" data-end=\"1538\">Toto za\u0159\u00edzen\u00ed stla\u010duje r\u016fzn\u00e9 druhy odpadu z lod\u00ed do hust\u00fdch bal\u00edk\u016f, kter\u00e9 jsou snadno manipulovateln\u00e9, co\u017e usnad\u0148uje skladov\u00e1n\u00ed a p\u0159epravu a zvy\u0161uje hospod\u00e1rnost. Jeho kompaktn\u00ed konstrukce umo\u017e\u0148uje snadnou instalaci v omezen\u00fdch prostor\u00e1ch na palub\u011b, jako jsou strojovny, prostory pro manipulaci s odpadem nebo servisn\u00ed paluby.<\/p>\n<div class=\"ast-oembed-container\" style=\"height: 100%;\"><iframe title=\"N\u00e1mo\u0159n\u00ed lis\" width=\"500\" height=\"281\" src=\"https:\/\/www.youtube.com\/embed\/gbMM4ntNNHA?feature=oembed\" frameborder=\"0\" allow=\"accelerometer; autoplay; clipboard-write; encrypted-media; gyroscope; picture-in-picture; web-share\" referrerpolicy=\"strict-origin-when-cross-origin\" allowfullscreen><\/iframe><\/div>\n<h3>Specifikace Parametr<\/h3>\n<table style=\"height: 461px;\" width=\"823\">\n<tbody>\n<tr>\n<td width=\"334\">Model<\/td>\n<td width=\"207\">GBB-GS405<\/td>\n<\/tr>\n<tr>\n<td width=\"334\">Velikost n\u00e1sypky (D\u00d7\u0160\u00d7V) (mm)<\/td>\n<td width=\"207\">440 \u00d7 440 \u00d7 600<\/td>\n<\/tr>\n<tr>\n<td width=\"334\">Objem z\u00e1sobn\u00edku (l)<\/td>\n<td width=\"207\">100<\/td>\n<\/tr>\n<tr>\n<td width=\"334\">Hlavn\u00ed tlak ve v\u00e1lci (T)<\/td>\n<td width=\"207\">5<\/td>\n<\/tr>\n<tr>\n<td width=\"334\">Hydraulick\u00fd v\u00fdkon (kw)<\/td>\n<td width=\"207\">0.75<\/td>\n<\/tr>\n<tr>\n<td width=\"334\">Celkov\u00e9 rozm\u011bry (D\u00d7\u0160\u00d7V) (mm)<\/td>\n<td width=\"207\">800\u00d7670\u00d71730<\/td>\n<\/tr>\n<tr>\n<td width=\"334\">Celkov\u00e1 hmotnost (kg)<\/td>\n<td width=\"207\">P\u0159ibli\u017en\u011b 220<\/td>\n<\/tr>\n<\/tbody>\n<\/table>\n<p><img fetchpriority=\"high\" decoding=\"async\" class=\"alignnone size-medium wp-image-3001\" src=\"https:\/\/www.gigapa.com\/wp-content\/uploads\/2026\/03\/c15d80ee127b3c3ff4822da68d5a1b12-225x300.jpg\" alt=\"\" width=\"225\" height=\"300\" srcset=\"https:\/\/www.gigapa.com\/wp-content\/uploads\/2026\/03\/c15d80ee127b3c3ff4822da68d5a1b12-225x300.jpg 225w, https:\/\/www.gigapa.com\/wp-content\/uploads\/2026\/03\/c15d80ee127b3c3ff4822da68d5a1b12-768x1024.jpg 768w, https:\/\/www.gigapa.com\/wp-content\/uploads\/2026\/03\/c15d80ee127b3c3ff4822da68d5a1b12-1152x1536.jpg 1152w, https:\/\/www.gigapa.com\/wp-content\/uploads\/2026\/03\/c15d80ee127b3c3ff4822da68d5a1b12-9x12.jpg 9w, https:\/\/www.gigapa.com\/wp-content\/uploads\/2026\/03\/c15d80ee127b3c3ff4822da68d5a1b12-600x800.jpg 600w, https:\/\/www.gigapa.com\/wp-content\/uploads\/2026\/03\/c15d80ee127b3c3ff4822da68d5a1b12.jpg 1280w\" sizes=\"(max-width: 225px) 100vw, 225px\" \/><img decoding=\"async\" class=\"alignnone size-medium wp-image-3004\" src=\"https:\/\/www.gigapa.com\/wp-content\/uploads\/2026\/03\/430fd4ce52a5e8d283012e40897a6cc0-225x300.jpg\" alt=\"\" width=\"225\" height=\"300\" srcset=\"https:\/\/www.gigapa.com\/wp-content\/uploads\/2026\/03\/430fd4ce52a5e8d283012e40897a6cc0-225x300.jpg 225w, https:\/\/www.gigapa.com\/wp-content\/uploads\/2026\/03\/430fd4ce52a5e8d283012e40897a6cc0-768x1024.jpg 768w, https:\/\/www.gigapa.com\/wp-content\/uploads\/2026\/03\/430fd4ce52a5e8d283012e40897a6cc0-1152x1536.jpg 1152w, https:\/\/www.gigapa.com\/wp-content\/uploads\/2026\/03\/430fd4ce52a5e8d283012e40897a6cc0-9x12.jpg 9w, https:\/\/www.gigapa.com\/wp-content\/uploads\/2026\/03\/430fd4ce52a5e8d283012e40897a6cc0-600x800.jpg 600w, https:\/\/www.gigapa.com\/wp-content\/uploads\/2026\/03\/430fd4ce52a5e8d283012e40897a6cc0.jpg 1280w\" sizes=\"(max-width: 225px) 100vw, 225px\" \/><img decoding=\"async\" class=\"alignnone size-medium wp-image-3002\" src=\"https:\/\/www.gigapa.com\/wp-content\/uploads\/2026\/03\/094167fcebd99dc46c9db1ffc33aac4d-225x300.jpg\" alt=\"\" width=\"225\" height=\"300\" srcset=\"https:\/\/www.gigapa.com\/wp-content\/uploads\/2026\/03\/094167fcebd99dc46c9db1ffc33aac4d-225x300.jpg 225w, https:\/\/www.gigapa.com\/wp-content\/uploads\/2026\/03\/094167fcebd99dc46c9db1ffc33aac4d-768x1024.jpg 768w, https:\/\/www.gigapa.com\/wp-content\/uploads\/2026\/03\/094167fcebd99dc46c9db1ffc33aac4d-1152x1536.jpg 1152w, https:\/\/www.gigapa.com\/wp-content\/uploads\/2026\/03\/094167fcebd99dc46c9db1ffc33aac4d-9x12.jpg 9w, https:\/\/www.gigapa.com\/wp-content\/uploads\/2026\/03\/094167fcebd99dc46c9db1ffc33aac4d-600x800.jpg 600w, https:\/\/www.gigapa.com\/wp-content\/uploads\/2026\/03\/094167fcebd99dc46c9db1ffc33aac4d.jpg 1280w\" sizes=\"(max-width: 225px) 100vw, 225px\" \/><\/p>\n<h3 data-start=\"913\" data-end=\"931\"><strong data-start=\"915\" data-end=\"931\">Kl\u00ed\u010dov\u00e9 vlastnosti<\/strong><\/h3>\n<ol>\n<li>\n<p data-start=\"1563\" data-end=\"1604\"><strong>Kompaktn\u00ed a prostorov\u011b \u00fasporn\u00fd design<\/strong><\/p>\n<p data-start=\"1605\" data-end=\"1843\">Prostor na lod\u00edch je velmi cenn\u00fd. N\u00e1mo\u0159n\u00ed lis je navr\u017een s kompaktn\u00edmi rozm\u011bry, kter\u00e9 umo\u017e\u0148uj\u00ed jeho instalaci i ve st\u00edsn\u011bn\u00fdch prostorech. Jeho vertik\u00e1ln\u00ed nebo horizont\u00e1ln\u00ed konfigurace zaji\u0161\u0165uje flexibilitu pro r\u016fzn\u00e1 uspo\u0159\u00e1d\u00e1n\u00ed lod\u00ed.<\/p>\n<\/li>\n<li>\n<p data-start=\"1845\" data-end=\"1882\"><strong>Vysok\u00e1 \u00fa\u010dinnost komprese<\/strong><\/p>\n<p data-start=\"1883\" data-end=\"2133\">Bal\u00edk Marine Baler je vybaven v\u00fdkonn\u00fdm hydraulick\u00fdm syst\u00e9mem, kter\u00fd vyv\u00edj\u00ed silnou lisovac\u00ed s\u00edlu a v\u00fdrazn\u011b tak sni\u017euje objem odpadn\u00edch materi\u00e1l\u016f. To pom\u00e1h\u00e1 lod\u00edm skladovat v\u00edce odpadu na men\u0161\u00edm prostoru a sni\u017euje \u010detnost likvidace odpadu v p\u0159\u00edstavech.<\/p>\n<\/li>\n<li>\n<p data-start=\"2135\" data-end=\"2174\"><strong>Konstrukce odoln\u00e1 proti korozi<\/strong><\/p>\n<p data-start=\"2175\" data-end=\"2334\">V\u0161echny kl\u00ed\u010dov\u00e9 sou\u010d\u00e1sti jsou opat\u0159eny antikorozn\u00edmi n\u00e1t\u011bry nebo jsou vyrobeny z materi\u00e1l\u016f pro n\u00e1mo\u0159n\u00ed pou\u017eit\u00ed, aby byla zaji\u0161t\u011bna jejich dlouhodob\u00e1 odolnost ve slan\u00e9m a vlhk\u00e9m prost\u0159ed\u00ed.<\/p>\n<\/li>\n<li>\n<p data-start=\"2336\" data-end=\"2360\"><strong>Snadn\u00e9 ovl\u00e1d\u00e1n\u00ed<\/strong><\/p>\n<p data-start=\"2361\" data-end=\"2576\">Stroj je vybaven u\u017eivatelsky p\u0159\u00edv\u011btiv\u00fdm ovl\u00e1dac\u00edm syst\u00e9mem, kter\u00fd umo\u017e\u0148uje \u010dlen\u016fm pos\u00e1dky bezpe\u010dnou a efektivn\u00ed obsluhu s minim\u00e1ln\u00edm za\u0161kolen\u00edm. V z\u00e1vislosti na provozn\u00edch pot\u0159eb\u00e1ch jsou k dispozici automatick\u00e9 a poloautomatick\u00e9 re\u017eimy.<\/p>\n<\/li>\n<li>\n<p data-start=\"2807\" data-end=\"2845\"><strong>N\u00edzk\u00e9 n\u00e1roky na \u00fadr\u017ebu<\/strong><\/p>\n<p data-start=\"2846\" data-end=\"3032\">Bal\u00edk Marine Baler je navr\u017een tak, aby byl spolehliv\u00fd, a vy\u017eaduje minim\u00e1ln\u00ed \u00fadr\u017ebu. Kl\u00ed\u010dov\u00e9 hydraulick\u00e9 a mechanick\u00e9 komponenty jsou konstruov\u00e1ny s ohledem na dlouhou \u017eivotnost, co\u017e sni\u017euje prostoje a provozn\u00ed n\u00e1klady.<\/p>\n<\/li>\n<li>\n<p data-start=\"3034\" data-end=\"3064\"><strong>P\u0159izp\u016fsobiteln\u00e9 mo\u017enosti<\/strong><\/p>\n<p data-start=\"3065\" data-end=\"3222\">Stroj lze upravit podle konkr\u00e9tn\u00edch po\u017eadavk\u016f na n\u00e1dobu, v\u010detn\u011b velikosti bal\u00edk\u016f, rozm\u011br\u016f komory, nap\u011bt\u00ed a konfigurace \u0159\u00eddic\u00edho syst\u00e9mu.<\/p>\n<\/li>\n<li>\n<p data-start=\"2578\" data-end=\"2612\"><strong>Bezpe\u010dnostn\u00ed ochrann\u00fd syst\u00e9m<\/strong><\/p>\n<p data-start=\"2613\" data-end=\"2805\">Bezpe\u010dnost je v n\u00e1mo\u0159n\u00edm provozu nejvy\u0161\u0161\u00ed prioritou. N\u00e1mo\u0159n\u00ed lis je vybaven mnoha bezpe\u010dnostn\u00edmi prvky, v\u010detn\u011b tla\u010d\u00edtek nouzov\u00e9ho zastaven\u00ed, bezpe\u010dnostn\u00edch blok\u00e1d a syst\u00e9m\u016f ochrany proti p\u0159et\u00ed\u017een\u00ed.<\/p>\n<\/li>\n<\/ol>\n<h3 data-start=\"2425\" data-end=\"2443\"><strong data-start=\"2427\" data-end=\"2443\">Aplikace<\/strong><\/h3>\n<p>N\u00e1mo\u0159n\u00ed lis se \u0161iroce pou\u017e\u00edv\u00e1 na r\u016fzn\u00fdch typech plavidel a v za\u0159\u00edzen\u00edch na mo\u0159i:<\/p>\n<ul>\n<li>N\u00e1kladn\u00ed lod\u011b<\/li>\n<li>Kontejnerov\u00e9 lod\u011b<\/li>\n<li>V\u00fdletn\u00ed lod\u011b<\/li>\n<li>Offshore plo\u0161iny<\/li>\n<li>Ryb\u00e1\u0159sk\u00e1 plavidla<\/li>\n<li>N\u00e1mo\u0159n\u00ed lod\u011b<\/li>\n<\/ul>\n<p>Je vhodn\u00fd ke stla\u010dov\u00e1n\u00ed \u0161irok\u00e9 \u0161k\u00e1ly odpadn\u00edch materi\u00e1l\u016f vznikaj\u00edc\u00edch na palub\u011b, v\u010detn\u011b:<\/p>\n<ul>\n<li>Plastov\u00e9 lahve (PET, HDPE)<\/li>\n<li>Obalov\u00e9 materi\u00e1ly<\/li>\n<li>Karton a pap\u00edr<\/li>\n<li>Hlin\u00edkov\u00e9 plechovky a kovov\u00fd odpad<\/li>\n<li>Odpad z obal\u016f potravin<\/li>\n<li>Obecn\u00fd domovn\u00ed odpad<\/li>\n<\/ul>\n<p>D\u00edky lisov\u00e1n\u00ed t\u011bchto materi\u00e1l\u016f do hust\u00fdch bal\u00edk\u016f pom\u00e1h\u00e1 lis Marine Baler sn\u00ed\u017eit n\u00e1roky na skladovac\u00ed prostor a zjednodu\u0161uje logistiku manipulace s odpadem.<\/p>\n<h3><strong>V\u00fdhody<\/strong><\/h3>\n<ol>\n<li>\n<p data-start=\"3878\" data-end=\"3929\"><strong>Dodr\u017eov\u00e1n\u00ed p\u0159edpis\u016f v oblasti \u017eivotn\u00edho prost\u0159ed\u00ed<\/strong><\/p>\n<p data-start=\"3930\" data-end=\"4108\">N\u00e1mo\u0159n\u00ed lis pom\u00e1h\u00e1 provozovatel\u016fm lod\u00ed dodr\u017eovat mezin\u00e1rodn\u00ed n\u00e1mo\u0159n\u00ed p\u0159edpisy, jako je MARPOL, t\u00edm, \u017ee umo\u017e\u0148uje spr\u00e1vn\u00e9 nakl\u00e1d\u00e1n\u00ed s odpadem a sni\u017euje riziko jeho neleg\u00e1ln\u00ed likvidace.<\/p>\n<\/li>\n<li>\n<p data-start=\"4110\" data-end=\"4140\"><strong>Sn\u00ed\u017een\u00ed objemu odpadu<\/strong><\/p>\n<p data-start=\"4141\" data-end=\"4277\">Stla\u010den\u00edm odpadn\u00edch materi\u00e1l\u016f dok\u00e1\u017ee stroj sn\u00ed\u017eit objem odpadu a\u017e o 80-90%, \u010d\u00edm\u017e v\u00fdrazn\u011b zvy\u0161uje efektivitu skladov\u00e1n\u00ed na palub\u011b.<\/p>\n<\/li>\n<li>\n<p data-start=\"4279\" data-end=\"4309\"><strong>Ni\u017e\u0161\u00ed n\u00e1klady na likvidaci<\/strong><\/p>\n<p data-start=\"4310\" data-end=\"4435\">Kompaktn\u00ed bal\u00edky se snadn\u011bji a levn\u011bji p\u0159epravuj\u00ed a likviduj\u00ed v p\u0159\u00edstavn\u00edch za\u0159\u00edzen\u00edch, co\u017e sni\u017euje celkov\u00e9 n\u00e1klady na nakl\u00e1d\u00e1n\u00ed s odpady.<\/p>\n<\/li>\n<li>\n<p data-start=\"4437\" data-end=\"4471\"><strong>Zlep\u0161en\u00e1 hygiena na palub\u011b<\/strong><\/p>\n<p data-start=\"4472\" data-end=\"4589\">Efektivn\u00ed manipulace s odpadem sni\u017euje nepo\u0159\u00e1dek a pom\u00e1h\u00e1 udr\u017eovat \u010dist\u0161\u00ed a bezpe\u010dn\u011bj\u0161\u00ed pracovn\u00ed prost\u0159ed\u00ed pro \u010dleny pos\u00e1dky.<\/p>\n<\/li>\n<li>\n<p data-start=\"4591\" data-end=\"4632\"><strong>Zv\u00fd\u0161en\u00e1 provozn\u00ed efektivita<\/strong><\/p>\n<p data-start=\"4633\" data-end=\"4780\">D\u00edky men\u0161\u00edmu objemu odpadu a lep\u0161\u00ed organizaci tr\u00e1v\u00ed \u010dlenov\u00e9 pos\u00e1dky m\u00e9n\u011b \u010dasu manipulac\u00ed s odpadem, co\u017e jim umo\u017e\u0148uje soust\u0159edit se na hlavn\u00ed provozn\u00ed \u00fakoly.<\/p>\n<\/li>\n<\/ol>\n<h3><strong>Instalace a podpora<\/strong><\/h3>\n<p>N\u00e1\u0161 t\u00fdm poskytuje komplexn\u00ed podporu, kter\u00e1 zahrnuje:<\/p>\n<ul>\n<li>Pokyny pro v\u00fdb\u011br za\u0159\u00edzen\u00ed<\/li>\n<li>Vlastn\u00ed konstruk\u010dn\u00ed \u0159e\u0161en\u00ed<\/li>\n<li>Pomoc p\u0159i instalaci<\/li>\n<li>Provozn\u00ed \u0161kolen\u00ed<\/li>\n<li>Dod\u00e1vky n\u00e1hradn\u00edch d\u00edl\u016f<\/li>\n<li>Technick\u00e1 podpora<\/li>\n<\/ul>\n<p>Zaji\u0161\u0165ujeme, aby byl ka\u017ed\u00fd lodn\u00ed lis p\u0159ipraven k bezprobl\u00e9mov\u00e9 integraci do syst\u00e9mu nakl\u00e1d\u00e1n\u00ed s odpady na va\u0161\u00ed lodi.<\/p>\n<h3><strong>Z\u00e1v\u011br<\/strong><\/h3>\n<p data-start=\"6204\" data-end=\"6521\">N\u00e1mo\u0159n\u00ed lis je z\u00e1kladn\u00edm vybaven\u00edm pro modern\u00ed lod\u011b, jejich\u017e c\u00edlem je efektivn\u00ed, vyhovuj\u00edc\u00ed a n\u00e1kladov\u011b efektivn\u00ed nakl\u00e1d\u00e1n\u00ed s odpadem. D\u00edky sv\u00e9mu kompaktn\u00edmu designu, vysok\u00e9mu v\u00fdkonu a odoln\u00e9 konstrukci poskytuje spolehliv\u00e9 \u0159e\u0161en\u00ed pro manipulaci s odpadem na palub\u011b v n\u00e1ro\u010dn\u00e9m n\u00e1mo\u0159n\u00edm prost\u0159ed\u00ed.<\/p>\n<p data-start=\"6523\" data-end=\"6738\">A\u0165 u\u017e provozujete n\u00e1kladn\u00ed lod\u011b, v\u00fdletn\u00ed lod\u011b nebo n\u00e1mo\u0159n\u00ed plo\u0161iny, je lis na lodn\u00ed odpad ide\u00e1ln\u00ed volbou pro optimalizaci procesu nakl\u00e1d\u00e1n\u00ed s odpadem a p\u0159isp\u011bn\u00ed k \u010dist\u0161\u00edmu a udr\u017eiteln\u011bj\u0161\u00edmu n\u00e1mo\u0159n\u00edmu pr\u016fmyslu.<\/p>","protected":false},"excerpt":{"rendered":"<p>Marine Baler je robustn\u00ed lodn\u00ed lis na odpad ur\u010den\u00fd k \u00fa\u010dinn\u00e9mu lisov\u00e1n\u00ed plast\u016f, pap\u00edru, lepenky a kovov\u00e9ho odpadu do hust\u00fdch bal\u00edk\u016f, \u010d\u00edm\u017e \u0161et\u0159\u00ed m\u00edsto, sni\u017euje n\u00e1klady na likvidaci a zaji\u0161\u0165uje soulad s n\u00e1mo\u0159n\u00edmi ekologick\u00fdmi p\u0159edpisy.<\/p>","protected":false},"featured_media":3007,"template":"","meta":{"site-sidebar-layout":"default","site-content-layout":"","ast-site-content-layout":"default","site-content-style":"default","site-sidebar-style":"default","ast-global-header-display":"","ast-banner-title-visibility":"","ast-main-header-display":"","ast-hfb-above-header-display":"","ast-hfb-below-header-display":"","ast-hfb-mobile-header-display":"","site-post-title":"","ast-breadcrumbs-content":"","ast-featured-img":"","footer-sml-layout":"","ast-disable-related-posts":"","theme-transparent-header-meta":"default","adv-header-id-meta":"","stick-header-meta":"","header-above-stick-meta":"","header-main-stick-meta":"","header-below-stick-meta":"","astra-migrate-meta-layouts":"set","ast-page-background-enabled":"default","ast-page-background-meta":{"desktop":{"background-color":"var(--ast-global-color-5)","background-image":"","background-repeat":"repeat","background-position":"center center","background-size":"auto","background-attachment":"scroll","background-type":"","background-media":"","overlay-type":"","overlay-color":"","overlay-opacity":"","overlay-gradient":""},"tablet":{"background-color":"","background-image":"","background-repeat":"repeat","background-position":"center center","background-size":"auto","background-attachment":"scroll","background-type":"","background-media":"","overlay-type":"","overlay-color":"","overlay-opacity":"","overlay-gradient":""},"mobile":{"background-color":"","background-image":"","background-repeat":"repeat","background-position":"center center","background-size":"auto","background-attachment":"scroll","background-type":"","background-media":"","overlay-type":"","overlay-color":"","overlay-opacity":"","overlay-gradient":""}},"ast-content-background-meta":{"desktop":{"background-color":"var(--ast-global-color-4)","background-image":"","background-repeat":"repeat","background-position":"center center","background-size":"auto","background-attachment":"scroll","background-type":"","background-media":"","overlay-type":"","overlay-color":"","overlay-opacity":"","overlay-gradient":""},"tablet":{"background-color":"var(--ast-global-color-4)","background-image":"","background-repeat":"repeat","background-position":"center center","background-size":"auto","background-attachment":"scroll","background-type":"","background-media":"","overlay-type":"","overlay-color":"","overlay-opacity":"","overlay-gradient":""},"mobile":{"background-color":"var(--ast-global-color-4)","background-image":"","background-repeat":"repeat","background-position":"center center","background-size":"auto","background-attachment":"scroll","background-type":"","background-media":"","overlay-type":"","overlay-color":"","overlay-opacity":"","overlay-gradient":""}}},"product_brand":[],"product_cat":[21,152],"product_tag":[180,115,181,182],"class_list":{"0":"post-3000","1":"product","2":"type-product","3":"status-publish","4":"has-post-thumbnail","6":"product_cat-baling-machine","7":"product_cat-vertical-baler","8":"product_tag-garbage-compactor","9":"product_tag-marine-baler","10":"product_tag-marine-baler-manufacturer","11":"product_tag-marine-trash-compactors","12":"desktop-align-left","13":"tablet-align-left","14":"mobile-align-left","16":"first","17":"instock","18":"shipping-taxable","19":"product-type-simple"},"_links":{"self":[{"href":"https:\/\/www.gigapa.com\/cs\/wp-json\/wp\/v2\/product\/3000","targetHints":{"allow":["GET"]}}],"collection":[{"href":"https:\/\/www.gigapa.com\/cs\/wp-json\/wp\/v2\/product"}],"about":[{"href":"https:\/\/www.gigapa.com\/cs\/wp-json\/wp\/v2\/types\/product"}],"version-history":[{"count":3,"href":"https:\/\/www.gigapa.com\/cs\/wp-json\/wp\/v2\/product\/3000\/revisions"}],"predecessor-version":[{"id":3011,"href":"https:\/\/www.gigapa.com\/cs\/wp-json\/wp\/v2\/product\/3000\/revisions\/3011"}],"wp:featuredmedia":[{"embeddable":true,"href":"https:\/\/www.gigapa.com\/cs\/wp-json\/wp\/v2\/media\/3007"}],"wp:attachment":[{"href":"https:\/\/www.gigapa.com\/cs\/wp-json\/wp\/v2\/media?parent=3000"}],"wp:term":[{"taxonomy":"product_brand","embeddable":true,"href":"https:\/\/www.gigapa.com\/cs\/wp-json\/wp\/v2\/product_brand?post=3000"},{"taxonomy":"product_cat","embeddable":true,"href":"https:\/\/www.gigapa.com\/cs\/wp-json\/wp\/v2\/product_cat?post=3000"},{"taxonomy":"product_tag","embeddable":true,"href":"https:\/\/www.gigapa.com\/cs\/wp-json\/wp\/v2\/product_tag?post=3000"}],"curies":[{"name":"wp","href":"https:\/\/api.w.org\/{rel}","templated":true}]}}