{"id":854,"date":"2025-05-06T16:32:08","date_gmt":"2025-05-06T08:32:08","guid":{"rendered":"https:\/\/gigapa.com\/?post_type=product&#038;p=854"},"modified":"2026-04-28T13:51:57","modified_gmt":"2026-04-28T05:51:57","slug":"dvouhridelove-drtice","status":"publish","type":"product","link":"https:\/\/www.gigapa.com\/cs\/produkt\/dvouhridelove-drtice\/","title":{"rendered":"Dvouh\u0159\u00eddelov\u00e9 drti\u010de GTS-E"},"content":{"rendered":"<h3>P\u0159edstaven\u00ed za\u0159\u00edzen\u00ed:<\/h3>\n<p>Dvouh\u0159\u00eddelov\u00fd drti\u010d (zn\u00e1m\u00fd tak\u00e9 jako dvouh\u0159\u00eddelov\u00fd drti\u010d nebo dvouh\u0159\u00eddelov\u00fd drti\u010d) roz\u0159ez\u00e1v\u00e1 a trh\u00e1 materi\u00e1ly na men\u0161\u00ed rozm\u011bry p\u016fsoben\u00edm st\u0159i\u017en\u00fdch a trhac\u00edch no\u017e\u016f p\u0159i jejich vz\u00e1jemn\u00e9 rotaci, co\u017e usnad\u0148uje n\u00e1sledn\u00e9 zpracov\u00e1n\u00ed nebo dosahuje \u00fa\u010delu zmen\u0161en\u00ed objemu. D\u00edky sv\u00e9mu konstruk\u010dn\u00edmu tvaru a n\u00edzk\u00e9 rychlosti ot\u00e1\u010den\u00ed se dvouh\u0159\u00eddelov\u00fd drti\u010d vyzna\u010duje vysok\u00fdm to\u010div\u00fdm momentem, silnou st\u0159i\u017enou silou, vysokou zpracovatelskou kapacitou, dobrou stabilitou a n\u00edzkou hlu\u010dnost\u00ed. Proto je \u0161iroce pou\u017e\u00edv\u00e1n v oblasti zpracov\u00e1n\u00ed pevn\u00e9ho odpadu a dok\u00e1\u017ee uspokojit pot\u0159eby recyklace a op\u011btovn\u00e9ho pou\u017eit\u00ed p\u0159i zpracov\u00e1n\u00ed r\u016fzn\u00fdch druh\u016f pevn\u00e9ho odpadu.<\/p>\n<div class=\"ast-oembed-container\" style=\"height: 100%;\"><iframe title=\"Dvouh\u0159\u00eddelov\u00fd skartova\u010d pro velk\u00e9 zat\u00ed\u017een\u00ed - pod\u00edvejte se, jak funguje!\" width=\"500\" height=\"281\" src=\"https:\/\/www.youtube.com\/embed\/uJgVsPNIF0w?feature=oembed\" frameborder=\"0\" allow=\"accelerometer; autoplay; clipboard-write; encrypted-media; gyroscope; picture-in-picture; web-share\" referrerpolicy=\"strict-origin-when-cross-origin\" allowfullscreen><\/iframe><\/div>\n<h3>Rozsah pou\u017eit\u00ed:<\/h3>\n<table style=\"border-collapse: collapse; width: 1005.02pt;\" border=\"0\" width=\"1340\" cellspacing=\"0\" cellpadding=\"0\">\n<tbody>\n<tr style=\"height: 40.50pt;\">\n<td style=\"height: 40.50pt; width: 202.50pt;\" width=\"270\" height=\"54\">Pr\u016fmyslov\u00fd odpad<\/td>\n<td class=\"et2\" style=\"width: 802.50pt;\" width=\"1070\">pneumatiky, keramick\u00e9 nebo sklen\u011bn\u00e9 v\u00fdrobky, zbytky k\u016f\u017ee a textilu, vadn\u00e9 plastov\u00e9 v\u00fdrobky, vadn\u00e9 elektronick\u00e9 v\u00fdrobky, odpadn\u00ed d\u0159evo, odpadn\u00ed pap\u00edr, odpadn\u00ed struska, odpadn\u00ed materi\u00e1ly, odpadn\u00ed obaly atd. a nekovov\u00fd odpad.<\/td>\n<\/tr>\n<tr style=\"height: 27.00pt;\">\n<td style=\"height: 27.00pt;\" height=\"36\">Domovn\u00ed odpad<\/td>\n<td class=\"et2\" style=\"width: 802.50pt;\" width=\"1070\">velk\u00e9 p\u0159edm\u011bty, jako jsou po\u010d\u00edta\u010de, ledni\u010dky, pra\u010dky, pohovky, matrace, jednor\u00e1zov\u00e9 n\u00e1doby na potraviny, j\u00eddeln\u00ed h\u016flky, odpadn\u00ed pap\u00edr, plasty a jin\u00fd kovov\u00fd nebo nekovov\u00fd odpad.<\/td>\n<\/tr>\n<tr style=\"height: 13.50pt;\">\n<td style=\"height: 13.50pt;\" height=\"18\">Objemn\u00fd odpad<\/td>\n<td>jednor\u00e1zov\u00e9 n\u00e1doby na potraviny, j\u00eddeln\u00ed h\u016flky, l\u00e1hve od n\u00e1poj\u016f, odpadn\u00ed pap\u00edr, plasty a dal\u0161\u00ed kovov\u00fd nebo nekovov\u00fd odpad.<\/td>\n<\/tr>\n<tr style=\"height: 13.50pt;\">\n<td style=\"height: 13.50pt;\" height=\"18\">Zem\u011bd\u011blsk\u00fd odpad<\/td>\n<td>sl\u00e1ma, v\u011btve strom\u016f, bambus, mr\u0161iny zv\u00ed\u0159at, plastov\u00fd mul\u010d atd.<\/td>\n<\/tr>\n<tr style=\"height: 13.50pt;\">\n<td style=\"height: 13.50pt;\" height=\"18\">Stavebn\u00ed odpad<\/td>\n<td>d\u0159ev\u011bn\u00e9 konstrukce, star\u00e9 dve\u0159e a okna, s\u00e1drokartonov\u00e9 desky, podhledy, barevn\u00e9 ocelov\u00e9 obklady atd.<\/td>\n<\/tr>\n<tr style=\"height: 13.50pt;\">\n<td style=\"height: 13.50pt;\" height=\"18\">Zdravotnick\u00fd odpad<\/td>\n<td>odpad z injek\u010dn\u00edch st\u0159\u00edka\u010dek, farmaceutick\u00fd odpad, drobn\u00e9 zdravotnick\u00e9 vybaven\u00ed, pou\u017eit\u00e9 masky, opera\u010dn\u00ed pl\u00e1\u0161t\u011b, lo\u017en\u00ed pr\u00e1dlo a dal\u0161\u00ed zdravotnick\u00fd odpad.<\/td>\n<\/tr>\n<\/tbody>\n<\/table>\n<h3>Parametry modelu:<\/h3>\n<table style=\"border-collapse: collapse; width: 1347px; height: 370px;\" border=\"0\" width=\"1067\" cellspacing=\"0\" cellpadding=\"0\">\n<tbody>\n<tr style=\"height: 13.50pt;\">\n<td class=\"et2\" style=\"height: 13.50pt; width: 155.25pt;\" width=\"207\" height=\"18\">Model<\/td>\n<td class=\"et2\" style=\"width: 126.00pt;\" width=\"168\">GTS-E103<\/td>\n<td class=\"et2\" style=\"width: 97.50pt;\" width=\"130\">GTS-E205<\/td>\n<td class=\"et2\" style=\"width: 111.00pt;\" width=\"148\">GTS-E208<\/td>\n<td class=\"et2\" style=\"width: 102.00pt;\" width=\"136\">GTS-E21<\/td>\n<td class=\"et2\" style=\"width: 100.50pt;\" width=\"134\">GTS-E310<\/td>\n<td class=\"et2\" style=\"width: 108.00pt;\" width=\"144\">GTS-E312<\/td>\n<\/tr>\n<tr style=\"height: 13.50pt;\">\n<td class=\"et2\" style=\"height: 13.50pt;\" height=\"18\">Velikost drt\u00edc\u00ed komory (mm)<\/td>\n<td class=\"et2\">300\u00d7300<\/td>\n<td class=\"et2\">520\u00d7500<\/td>\n<td class=\"et2\">810\u00d7500<\/td>\n<td class=\"et2\">980\u00d7516<\/td>\n<td class=\"et2\">1010\u00d7730<\/td>\n<td class=\"et2\">1170\u00d7730<\/td>\n<\/tr>\n<tr style=\"height: 13.50pt;\">\n<td class=\"et2\" style=\"height: 13.50pt;\" height=\"18\">Pr\u016fm\u011br v\u00fdkyvu (mm)<\/td>\n<td class=\"et2\">\u03c6170<\/td>\n<td class=\"et2\">\u03c6278<\/td>\n<td class=\"et2\">\u03c6278<\/td>\n<td class=\"et2\">\u03c6288<\/td>\n<td class=\"et2\">\u03c6400<\/td>\n<td class=\"et2\">\u03c6400<\/td>\n<\/tr>\n<tr style=\"height: 13.50pt;\">\n<td class=\"et2\" style=\"height: 13.50pt;\" height=\"18\">Tlou\u0161\u0165ka \u010depele (mm)<\/td>\n<td class=\"et2\">20<\/td>\n<td class=\"et2\">30<\/td>\n<td class=\"et2\">30<\/td>\n<td class=\"et2\">30<\/td>\n<td class=\"et2\">40<\/td>\n<td class=\"et2\">40<\/td>\n<\/tr>\n<tr style=\"height: 13.50pt;\">\n<td class=\"et2\" style=\"height: 13.50pt;\" height=\"18\">V\u00fdkon motoru (kW)<\/td>\n<td class=\"et2\">7.5<\/td>\n<td class=\"et2\">22<\/td>\n<td class=\"et2\">30<\/td>\n<td class=\"et2\">22\u00d72<\/td>\n<td class=\"et2\">55\u00d72<\/td>\n<td class=\"et2\">90\u00d72<\/td>\n<\/tr>\n<tr style=\"height: 13.50pt;\">\n<td class=\"et2\" style=\"height: 13.50pt;\" height=\"18\">Rozm\u011bry (D\u00d7\u0160\u00d7V)(mm)<\/td>\n<td class=\"et2\">1680\u00d7700\u00d71790<\/td>\n<td class=\"et2\">2280\u00d71540\u00d72000<\/td>\n<td class=\"et2\">2580\u00d71590\u00d72000<\/td>\n<td class=\"et2\">3180\u00d71820\u00d72000<\/td>\n<td class=\"et2\">3760\u00d72510\u00d72910<\/td>\n<td class=\"et2\">4250\u00d72910\u00d72910<\/td>\n<\/tr>\n<tr style=\"height: 13.50pt;\">\n<td class=\"et2\" style=\"height: 13.50pt;\" height=\"18\">Celkov\u00e1 hmotnost (kg)<\/td>\n<td class=\"et2\">P\u0159ibli\u017en\u011b 800<\/td>\n<td class=\"et2\">P\u0159ibli\u017en\u011b 2300<\/td>\n<td class=\"et2\">P\u0159ibli\u017en\u011b 2700<\/td>\n<td class=\"et2\">P\u0159ibli\u017en\u011b 3300<\/td>\n<td class=\"et2\">P\u0159ibli\u017en\u011b 10000<\/td>\n<td class=\"et2\">P\u0159ibli\u017en\u011b 11800<\/td>\n<\/tr>\n<\/tbody>\n<\/table>\n<p>V\u00fd\u0161e uveden\u00e9 modely jsou standardn\u00ed univerz\u00e1ln\u00ed modely. Pokud po\u017eadujete jin\u00e9 modely, obra\u0165te se na na\u0161e pracovn\u00edky a my v\u00e1m m\u016f\u017eeme poskytnout slu\u017eby na m\u00edru podle va\u0161ich pot\u0159eb.<\/p>\n<h3>Nejd\u016fle\u017eit\u011bj\u0161\u00ed technick\u00e9 informace:<\/h3>\n<p>1. \u017divotnost lo\u017eisek je dlouh\u00e1<br \/>\nPro prodlou\u017een\u00ed \u017eivotnosti lo\u017eisek je provedeno n\u011bkolik ochrann\u00fdch opat\u0159en\u00ed.<\/p>\n<p>2. N\u00edzk\u00e1 odolnost proti rozdrcen\u00ed<br \/>\nR\u016fzn\u00e1 proveden\u00ed profil\u016f no\u017e\u016f se vol\u00ed podle po\u017eadavk\u016f na drcen\u00e9 materi\u00e1ly, aby se co nejv\u00edce minimalizoval odpor p\u0159i drcen\u00ed.<\/p>\n<p>3. Vysok\u00e1 \u00fa\u010dinnost drcen\u00ed<br \/>\nSpeci\u00e1ln\u011b navr\u017een\u00fd pevn\u00fd n\u016f\u017e slou\u017e\u00ed nejen k vy\u0159azov\u00e1n\u00ed materi\u00e1lu, ale tak\u00e9 vytv\u00e1\u0159\u00ed s pohybliv\u00fdm no\u017eem dal\u0161\u00ed st\u0159ih, \u010d\u00edm\u017e zvy\u0161uje celkovou \u00fa\u010dinnost drcen\u00ed.<\/p>\n<h3>Srovn\u00e1n\u00ed \u00fa\u010dink\u016f:<\/h3>\n<p><img fetchpriority=\"high\" decoding=\"async\" class=\"alignnone wp-image-988\" title=\"Dvouh\u0159\u00eddelov\u00e9 skartova\u010de\" src=\"https:\/\/www.gigapa.com\/wp-content\/uploads\/2025\/05\/\u7535\u5b50\u5783\u573e.jpg\" alt=\"Dvouh\u0159\u00eddelov\u00e9 skartova\u010de\" width=\"500\" height=\"314\" srcset=\"https:\/\/www.gigapa.com\/wp-content\/uploads\/2025\/05\/\u7535\u5b50\u5783\u573e.jpg 1034w, https:\/\/www.gigapa.com\/wp-content\/uploads\/2025\/05\/\u7535\u5b50\u5783\u573e-300x188.jpg 300w, https:\/\/www.gigapa.com\/wp-content\/uploads\/2025\/05\/\u7535\u5b50\u5783\u573e-1024x643.jpg 1024w, https:\/\/www.gigapa.com\/wp-content\/uploads\/2025\/05\/\u7535\u5b50\u5783\u573e-768x482.jpg 768w, https:\/\/www.gigapa.com\/wp-content\/uploads\/2025\/05\/\u7535\u5b50\u5783\u573e-600x377.jpg 600w\" sizes=\"(max-width: 500px) 100vw, 500px\" \/> <img decoding=\"async\" class=\"alignnone wp-image-991\" title=\"Dvouh\u0159\u00eddelov\u00e9 skartova\u010de\" src=\"https:\/\/www.gigapa.com\/wp-content\/uploads\/2025\/05\/\u6cb9\u6876.jpg\" alt=\"Dvouh\u0159\u00eddelov\u00e9 skartova\u010de\" width=\"500\" height=\"314\" srcset=\"https:\/\/www.gigapa.com\/wp-content\/uploads\/2025\/05\/\u6cb9\u6876.jpg 1034w, https:\/\/www.gigapa.com\/wp-content\/uploads\/2025\/05\/\u6cb9\u6876-300x188.jpg 300w, https:\/\/www.gigapa.com\/wp-content\/uploads\/2025\/05\/\u6cb9\u6876-1024x643.jpg 1024w, https:\/\/www.gigapa.com\/wp-content\/uploads\/2025\/05\/\u6cb9\u6876-768x482.jpg 768w, https:\/\/www.gigapa.com\/wp-content\/uploads\/2025\/05\/\u6cb9\u6876-600x377.jpg 600w\" sizes=\"(max-width: 500px) 100vw, 500px\" \/><\/p>\n<p><img decoding=\"async\" class=\"alignnone wp-image-989\" title=\"Dvouh\u0159\u00eddelov\u00e9 skartova\u010de\" src=\"https:\/\/www.gigapa.com\/wp-content\/uploads\/2025\/05\/\u8f6e\u80ce.jpg\" alt=\"Dvouh\u0159\u00eddelov\u00e9 skartova\u010de\" width=\"500\" height=\"314\" srcset=\"https:\/\/www.gigapa.com\/wp-content\/uploads\/2025\/05\/\u8f6e\u80ce.jpg 1034w, https:\/\/www.gigapa.com\/wp-content\/uploads\/2025\/05\/\u8f6e\u80ce-300x188.jpg 300w, https:\/\/www.gigapa.com\/wp-content\/uploads\/2025\/05\/\u8f6e\u80ce-1024x643.jpg 1024w, https:\/\/www.gigapa.com\/wp-content\/uploads\/2025\/05\/\u8f6e\u80ce-768x482.jpg 768w, https:\/\/www.gigapa.com\/wp-content\/uploads\/2025\/05\/\u8f6e\u80ce-600x377.jpg 600w\" sizes=\"(max-width: 500px) 100vw, 500px\" \/> <img loading=\"lazy\" decoding=\"async\" class=\"alignnone wp-image-990\" title=\"Dvouh\u0159\u00eddelov\u00e9 skartova\u010de\" src=\"https:\/\/www.gigapa.com\/wp-content\/uploads\/2025\/05\/\u533b\u7597\u5783\u573e5.jpg\" alt=\"Dvouh\u0159\u00eddelov\u00e9 skartova\u010de\" width=\"500\" height=\"314\" srcset=\"https:\/\/www.gigapa.com\/wp-content\/uploads\/2025\/05\/\u533b\u7597\u5783\u573e5.jpg 1034w, https:\/\/www.gigapa.com\/wp-content\/uploads\/2025\/05\/\u533b\u7597\u5783\u573e5-300x188.jpg 300w, https:\/\/www.gigapa.com\/wp-content\/uploads\/2025\/05\/\u533b\u7597\u5783\u573e5-1024x643.jpg 1024w, https:\/\/www.gigapa.com\/wp-content\/uploads\/2025\/05\/\u533b\u7597\u5783\u573e5-768x482.jpg 768w, https:\/\/www.gigapa.com\/wp-content\/uploads\/2025\/05\/\u533b\u7597\u5783\u573e5-600x377.jpg 600w\" sizes=\"(max-width: 500px) 100vw, 500px\" \/><\/p>\n<h3><strong>Princip fungov\u00e1n\u00ed<\/strong><\/h3>\n<p>Dvouh\u0159\u00eddelov\u00fd drti\u010d vyu\u017e\u00edv\u00e1 ke st\u0159ih\u00e1n\u00ed, trh\u00e1n\u00ed a drcen\u00ed materi\u00e1l\u016f dva paraleln\u00ed, protib\u011b\u017en\u011b se ot\u00e1\u010dej\u00edc\u00ed h\u0159\u00eddele vybaven\u00e9 vz\u00e1jemn\u011b propojen\u00fdmi no\u017ei. Objemn\u00fd odpad je po vlo\u017een\u00ed do komory uchopen a rozdrcen mezi rotuj\u00edc\u00edmi no\u017ei, kter\u00e9 jej kr\u00e1j\u00ed, trhaj\u00ed a stla\u010duj\u00ed na men\u0161\u00ed kousky. Pomalob\u011b\u017en\u00e1 konstrukce s vysok\u00fdm to\u010div\u00fdm momentem \u00fa\u010dinn\u011b zpracov\u00e1v\u00e1 hou\u017eevnat\u00e9 materi\u00e1ly (nap\u0159. kovy, gumu) a je vybavena ochranou proti zaseknut\u00ed s automatick\u00fdm zp\u011btn\u00fdm chodem.<\/p>\n<h3><strong>Dvouh\u0159\u00eddelov\u00fd skartova\u010d vs. jednoh\u0159\u00eddelov\u00fd skartova\u010d<\/strong><\/h3>\n<ul>\n<li class=\"ds-markdown-paragraph\">Dvouh\u0159\u00eddelov\u00fd skartova\u010d: Je vybaven dv\u011bma protib\u011b\u017en\u00fdmi h\u0159\u00eddeli s no\u017ei, kter\u00e9 se vz\u00e1jemn\u011b spojuj\u00ed a vyu\u017e\u00edvaj\u00ed st\u0159i\u017en\u00e9, trhac\u00ed a drtic\u00ed s\u00edly pro zpracov\u00e1n\u00ed velk\u00e9ho mno\u017estv\u00ed nebo sm\u00ed\u0161en\u00e9ho odpadu.<\/li>\n<li class=\"ds-markdown-paragraph\">Jednoh\u0159\u00eddelov\u00fd skartova\u010d: Je vybaven jedn\u00edm rotorem a stacion\u00e1rn\u00edmi no\u017ei, ur\u010den\u00fdmi k \u0159\u00edzen\u00e9mu rozm\u011bl\u0148ov\u00e1n\u00ed stejnorod\u00fdch materi\u00e1l\u016f p\u0159i st\u0159edn\u00edch rychlostech.<\/li>\n<\/ul>\n<h3><strong>Konkuren\u010dn\u00ed v\u00fdhody<\/strong><\/h3>\n<p><strong>Dvouh\u0159\u00eddelov\u00fd skartova\u010d<\/strong><\/p>\n<ol>\n<li class=\"ds-markdown-paragraph\">Zpracov\u00e1n\u00ed pro n\u00e1ro\u010dn\u00e9 pou\u017eit\u00ed: Hydraulick\u00fd syst\u00e9m drt\u00ed kovy, slitiny a sm\u00ed\u0161en\u00fd pr\u016fmyslov\u00fd odpad.<\/li>\n<li class=\"ds-markdown-paragraph\">Ochrana proti ru\u0161en\u00ed: Funkce automatick\u00e9ho zp\u011btn\u00e9ho chodu chr\u00e1n\u00ed p\u0159ed p\u0159et\u00ed\u017een\u00edm.<\/li>\n<li class=\"ds-markdown-paragraph\">N\u00edzk\u00e9 n\u00e1roky na \u00fadr\u017ebu: Modul\u00e1rn\u00ed no\u017ee umo\u017e\u0148uj\u00ed individu\u00e1ln\u00ed v\u00fdm\u011bnu.<\/li>\n<li class=\"ds-markdown-paragraph\">Design bez obrazovky: V\u00fdstupn\u00ed velikost se nastavuje pomoc\u00ed rozte\u010de no\u017e\u016f.<\/li>\n<li class=\"ds-markdown-paragraph\">Vysok\u00fd v\u00fdkon: Kontinu\u00e1ln\u00ed zpracovatelsk\u00fd v\u00fdkon a\u017e 3-20 tun\/hod.<\/li>\n<\/ol>\n<p><strong>Jednoh\u0159\u00eddelov\u00fd skartova\u010d<\/strong><\/p>\n<ol>\n<li class=\"ds-markdown-paragraph\">P\u0159esn\u00e1 skartace: \u0158\u00edzen\u00fd v\u00fdstup pro recyklaci granul\u00ed.<\/li>\n<li class=\"ds-markdown-paragraph\">Tich\u00fd provoz: Hladina hluku pod 75 dB (ide\u00e1ln\u00ed pro pou\u017eit\u00ed v interi\u00e9ru).<\/li>\n<li class=\"ds-markdown-paragraph\">\u00daspory energie: 15%-30% ni\u017e\u0161\u00ed spot\u0159eba energie oproti dvouh\u0159\u00eddelov\u00e9mu.<\/li>\n<li class=\"ds-markdown-paragraph\">Kompaktn\u00ed rozm\u011bry: 40% men\u0161\u00ed n\u00e1roky na prostor.<\/li>\n<li class=\"ds-markdown-paragraph\">N\u00e1kladov\u011b efektivn\u00ed: 50%-70% ni\u017e\u0161\u00ed po\u010d\u00e1te\u010dn\u00ed investice.<\/li>\n<\/ol>\n<h3 class=\"ds-markdown-paragraph\">\u010cASTO KLADEN\u00c9 DOTAZY<\/h3>\n<p data-start=\"196\" data-end=\"256\"><strong>1. Jak\u00e9 materi\u00e1ly m\u016f\u017ee dvouh\u0159\u00eddelov\u00fd drti\u010d zpracov\u00e1vat?<\/strong><\/p>\n<p data-start=\"257\" data-end=\"488\">Plasty, kovy, elektronick\u00fd odpad, d\u0159evo, guma, pap\u00edr, pneumatiky a pr\u016fmyslov\u00fd odpad. Je ide\u00e1ln\u00ed pro recyklaci a sni\u017eov\u00e1n\u00ed objemu.<\/p>\n<p data-start=\"490\" data-end=\"537\"><strong>2. Jak funguje dvouh\u0159\u00eddelov\u00fd skartova\u010d?<\/strong><\/p>\n<p data-start=\"538\" data-end=\"758\">Pomoc\u00ed dvou protib\u011b\u017en\u011b rotuj\u00edc\u00edch h\u0159\u00eddel\u00ed s ostr\u00fdmi no\u017ei \u0159e\u017ee, trh\u00e1 a drt\u00ed objemn\u00fd odpad na men\u0161\u00ed, stejnom\u011brn\u00e9 kousky. Tento proces zaji\u0161\u0165uje \u00fa\u010dinn\u00e9 zmen\u0161en\u00ed velikosti, co\u017e usnad\u0148uje p\u0159epravu, recyklaci nebo op\u011btovn\u00e9 pou\u017eit\u00ed odpadu.<\/p>\n<p data-start=\"760\" data-end=\"812\"><strong>3. V jak\u00fdch odv\u011btv\u00edch se pou\u017e\u00edvaj\u00ed dvouh\u0159\u00eddelov\u00e9 drti\u010de?<\/strong><\/p>\n<p data-start=\"813\" data-end=\"993\">Pr\u016fmyslov\u00e1 odv\u011btv\u00ed, jako jsou recykla\u010dn\u00ed z\u00e1vody, v\u00fdroba, automobilov\u00fd pr\u016fmysl, obalov\u00fd pr\u016fmysl, zpracov\u00e1n\u00ed kov\u016f a spole\u010dnosti zab\u00fdvaj\u00edc\u00ed se nakl\u00e1d\u00e1n\u00edm s odpady, hojn\u011b vyu\u017e\u00edvaj\u00ed na\u0161e drti\u010de k efektivn\u00edmu zpracov\u00e1n\u00ed odpadu.<\/p>\n<p data-start=\"1326\" data-end=\"1365\"><strong>4. Jak je stroj udr\u017eov\u00e1n?<\/strong><\/p>\n<p data-start=\"1366\" data-end=\"1580\">B\u011b\u017en\u00e1 \u00fadr\u017eba zahrnuje pravidelnou kontrolu no\u017e\u016f, maz\u00e1n\u00ed pohybliv\u00fdch \u010d\u00e1st\u00ed a \u010di\u0161t\u011bn\u00ed \u0159ezn\u00e9 komory. Na\u0161e drti\u010de jsou navr\u017eeny pro snadnou \u00fadr\u017ebu a n\u00e1hradn\u00ed d\u00edly jsou snadno dostupn\u00e9.<\/p>\n<p data-start=\"1582\" data-end=\"1622\"><strong>5. Lze skartova\u010dku p\u0159izp\u016fsobit?<\/strong><\/p>\n<p data-start=\"1623\" data-end=\"1749\">Ano. Spole\u010dnost GIGAPA nab\u00edz\u00ed \u0159e\u0161en\u00ed drcen\u00ed na m\u00edru podle typu materi\u00e1lu, po\u017eadavk\u016f na kapacitu a uspo\u0159\u00e1d\u00e1n\u00ed za\u0159\u00edzen\u00ed.<\/p>\n<p data-start=\"1961\" data-end=\"2008\"><strong>6. Nab\u00edz\u00ed spole\u010dnost GIGAPA poprodejn\u00ed servis?<\/strong><\/p>\n<p data-start=\"2009\" data-end=\"2136\">Rozhodn\u011b. Poskytujeme celosv\u011btovou technickou podporu, dod\u00e1vky n\u00e1hradn\u00edch d\u00edl\u016f, vzd\u00e1len\u00e9 \u0159e\u0161en\u00ed probl\u00e9m\u016f a v p\u0159\u00edpad\u011b pot\u0159eby i servis na m\u00edst\u011b.<\/p>\n<p data-start=\"2138\" data-end=\"2197\"><strong>7. Jak mohu z\u00edskat nab\u00eddku na dvouh\u0159\u00eddelov\u00fd drti\u010d?<\/strong><\/p>\n<p data-start=\"2198\" data-end=\"2378\">Jednodu\u0161e n\u00e1s kontaktujte prost\u0159ednictv\u00edm popt\u00e1vkov\u00e9ho formul\u00e1\u0159e a n\u00e1\u0161 prodejn\u00ed t\u00fdm v\u00e1m poskytne nab\u00eddku na m\u00edru na z\u00e1klad\u011b typu materi\u00e1lu, po\u017eadovan\u00e9 kapacity a pot\u0159eb projektu.<\/p>\n<p data-start=\"2198\" data-end=\"2378\"><strong>8. Jak\u00e9 platebn\u00ed metody p\u0159ij\u00edm\u00e1te?<\/strong><\/p>\n<p data-start=\"2198\" data-end=\"2378\">Pro mezin\u00e1rodn\u00ed objedn\u00e1vky p\u0159ij\u00edm\u00e1me p\u0159edev\u0161\u00edm T\/T.<\/p>","protected":false},"excerpt":{"rendered":"<p>Dvouh\u0159\u00eddelov\u00e9 drti\u010de se pou\u017e\u00edvaj\u00ed p\u0159edev\u0161\u00edm na plasty - sm\u011bsn\u00e9 plasty, plastov\u00e9 sudy nebo kontejnery atd.; elektronick\u00e9 spot\u0159ebi\u010de - odpad z dom\u00e1c\u00edch spot\u0159ebi\u010d\u016f; pneumatiky - pneumatiky osobn\u00edch automobil\u016f, pneumatiky n\u00e1kladn\u00edch automobil\u016f s odstran\u011bn\u00fdmi siln\u00fdmi ocelov\u00fdmi dr\u00e1ty atd.; d\u0159evo - d\u0159ev\u011bn\u00e9 palety atd.<\/p>","protected":false},"featured_media":1732,"template":"","meta":{"site-sidebar-layout":"default","site-content-layout":"","ast-site-content-layout":"default","site-content-style":"default","site-sidebar-style":"default","ast-global-header-display":"","ast-banner-title-visibility":"","ast-main-header-display":"","ast-hfb-above-header-display":"","ast-hfb-below-header-display":"","ast-hfb-mobile-header-display":"","site-post-title":"","ast-breadcrumbs-content":"","ast-featured-img":"","footer-sml-layout":"","ast-disable-related-posts":"","theme-transparent-header-meta":"default","adv-header-id-meta":"","stick-header-meta":"","header-above-stick-meta":"","header-main-stick-meta":"","header-below-stick-meta":"","astra-migrate-meta-layouts":"set","ast-page-background-enabled":"default","ast-page-background-meta":{"desktop":{"background-color":"var(--ast-global-color-5)","background-image":"","background-repeat":"repeat","background-position":"center center","background-size":"auto","background-attachment":"scroll","background-type":"","background-media":"","overlay-type":"","overlay-color":"","overlay-opacity":"","overlay-gradient":""},"tablet":{"background-color":"","background-image":"","background-repeat":"repeat","background-position":"center center","background-size":"auto","background-attachment":"scroll","background-type":"","background-media":"","overlay-type":"","overlay-color":"","overlay-opacity":"","overlay-gradient":""},"mobile":{"background-color":"","background-image":"","background-repeat":"repeat","background-position":"center center","background-size":"auto","background-attachment":"scroll","background-type":"","background-media":"","overlay-type":"","overlay-color":"","overlay-opacity":"","overlay-gradient":""}},"ast-content-background-meta":{"desktop":{"background-color":"var(--ast-global-color-4)","background-image":"","background-repeat":"repeat","background-position":"center center","background-size":"auto","background-attachment":"scroll","background-type":"","background-media":"","overlay-type":"","overlay-color":"","overlay-opacity":"","overlay-gradient":""},"tablet":{"background-color":"var(--ast-global-color-4)","background-image":"","background-repeat":"repeat","background-position":"center center","background-size":"auto","background-attachment":"scroll","background-type":"","background-media":"","overlay-type":"","overlay-color":"","overlay-opacity":"","overlay-gradient":""},"mobile":{"background-color":"var(--ast-global-color-4)","background-image":"","background-repeat":"repeat","background-position":"center center","background-size":"auto","background-attachment":"scroll","background-type":"","background-media":"","overlay-type":"","overlay-color":"","overlay-opacity":"","overlay-gradient":""}}},"product_brand":[],"product_cat":[20,149],"product_tag":[127,50,55,56,51,54,53,121,122,52],"class_list":{"0":"post-854","1":"product","2":"type-product","3":"status-publish","4":"has-post-thumbnail","6":"product_cat-shredding-and-crushing-machine","7":"product_cat-double-shaft-shredder","8":"product_tag-animal-carcass-shredder","9":"product_tag-china-double-shaft-shredder","10":"product_tag-double-shaft-metal-scrap-shredder","11":"product_tag-double-shaft-metal-shredder","12":"product_tag-double-shaft-shredder-machine","13":"product_tag-double-shaft-tire-shredder","14":"product_tag-dual-shaft-shredder-for-sale","15":"product_tag-dual-shaft-shredder-machine","16":"product_tag-solid-waste-twin-shaft-shredder","17":"product_tag-twin-shaft-shredder","18":"desktop-align-left","19":"tablet-align-left","20":"mobile-align-left","22":"first","23":"instock","24":"featured","25":"shipping-taxable","26":"product-type-simple"},"_links":{"self":[{"href":"https:\/\/www.gigapa.com\/cs\/wp-json\/wp\/v2\/product\/854","targetHints":{"allow":["GET"]}}],"collection":[{"href":"https:\/\/www.gigapa.com\/cs\/wp-json\/wp\/v2\/product"}],"about":[{"href":"https:\/\/www.gigapa.com\/cs\/wp-json\/wp\/v2\/types\/product"}],"version-history":[{"count":14,"href":"https:\/\/www.gigapa.com\/cs\/wp-json\/wp\/v2\/product\/854\/revisions"}],"predecessor-version":[{"id":986,"href":"https:\/\/www.gigapa.com\/cs\/wp-json\/wp\/v2\/product\/854\/revisions\/986"}],"wp:featuredmedia":[{"embeddable":true,"href":"https:\/\/www.gigapa.com\/cs\/wp-json\/wp\/v2\/media\/1732"}],"wp:attachment":[{"href":"https:\/\/www.gigapa.com\/cs\/wp-json\/wp\/v2\/media?parent=854"}],"wp:term":[{"taxonomy":"product_brand","embeddable":true,"href":"https:\/\/www.gigapa.com\/cs\/wp-json\/wp\/v2\/product_brand?post=854"},{"taxonomy":"product_cat","embeddable":true,"href":"https:\/\/www.gigapa.com\/cs\/wp-json\/wp\/v2\/product_cat?post=854"},{"taxonomy":"product_tag","embeddable":true,"href":"https:\/\/www.gigapa.com\/cs\/wp-json\/wp\/v2\/product_tag?post=854"}],"curies":[{"name":"wp","href":"https:\/\/api.w.org\/{rel}","templated":true}]}}