{"id":856,"date":"2025-05-06T16:34:41","date_gmt":"2025-05-06T08:34:41","guid":{"rendered":"https:\/\/gigapa.com\/?post_type=product&#038;p=856"},"modified":"2026-03-17T09:48:28","modified_gmt":"2026-03-17T01:48:28","slug":"stepkovace-dreva","status":"publish","type":"product","link":"https:\/\/www.gigapa.com\/cs\/produkt\/stepkovace-dreva\/","title":{"rendered":"Stroj na hobliny GFW-C"},"content":{"rendered":"<h3>P\u0159edstaven\u00ed za\u0159\u00edzen\u00ed:<\/h3>\n<p>Vysokorychlostn\u00ed no\u017ee hoblovac\u00edho stroje rychle hobluj\u00ed d\u0159evo a vytv\u00e1\u0159ej\u00ed tenk\u00e9 d\u0159ev\u011bn\u00e9 vlo\u010dky. Jak se d\u0159evo ve vlo\u010dkovac\u00edm boxu prost\u0159ednictv\u00edm \u0159et\u011bzov\u00e9ho mechanismu vz\u00e1jemn\u011b pohybuje vzhledem k h\u0159\u00eddeli fr\u00e9zy, no\u017ee plynule rovnaj\u00ed v\u0161echny povrchy materi\u00e1lu a vytv\u00e1\u0159ej\u00ed konzistentn\u00ed d\u0159ev\u011bn\u00e9 vlo\u010dky, kter\u00e9 jsou vypou\u0161t\u011bny prost\u0159ednictv\u00edm podstavn\u00e9ho dopravn\u00edku.<\/p>\n<p>Hlavn\u00ed motor hoblovac\u00edho stroje p\u0159\u00edmo poh\u00e1n\u00ed h\u0159\u00eddel no\u017ee, kter\u00fd se ot\u00e1\u010d\u00ed p\u0159es kl\u00ednov\u00fd \u0159emen, a vysokorychlostn\u00ed n\u016f\u017e rychle hobluje d\u0159evo a vytv\u00e1\u0159\u00ed tenk\u00e9 hobliny. Motorov\u00fd reduktor hoblovac\u00edho boxu poh\u00e1n\u00ed hoblovac\u00ed box, kter\u00fd se ot\u00e1\u010d\u00ed prost\u0159ednictv\u00edm \u0159et\u011bzov\u00e9ho kola, a d\u0159evo v hoblovac\u00edm boxu se rovn\u011b\u017e ot\u00e1\u010d\u00ed spolu s hoblovac\u00edm boxem vzhledem k no\u017eov\u00e9mu h\u0159\u00eddeli. P\u0159i tomto procesu n\u016f\u017e pr\u016fb\u011b\u017en\u011b hobluje r\u016fzn\u00e9 polohy d\u0159eva a hobliny se pr\u016fb\u011b\u017en\u011b vytv\u00e1\u0159ej\u00ed. Vznikl\u00e9 hobliny jsou pak dopravov\u00e1ny ven p\u0159es n\u00ed\u017ee um\u00edst\u011bn\u00fd dopravn\u00ed p\u00e1s.<\/p>\n<div class=\"ast-oembed-container\" style=\"height: 100%;\"><iframe title=\"Vysoce \u00fa\u010dinn\u00fd holic\u00ed stroj na d\u0159evo pro podest\u00fdlku pro zv\u00ed\u0159ata | Uk\u00e1zka pr\u016fmyslov\u00fdch hoblinek\" width=\"500\" height=\"281\" src=\"https:\/\/www.youtube.com\/embed\/avrbOVcU8YA?feature=oembed\" frameborder=\"0\" allow=\"accelerometer; autoplay; clipboard-write; encrypted-media; gyroscope; picture-in-picture; web-share\" referrerpolicy=\"strict-origin-when-cross-origin\" allowfullscreen><\/iframe><\/div>\n<h3>Rozsah pou\u017eit\u00ed:<\/h3>\n<table style=\"border-collapse: collapse; width: 1123px; height: 400px;\" border=\"0\" width=\"1691\" cellspacing=\"0\" cellpadding=\"0\">\n<tbody>\n<tr style=\"height: 13.50pt;\">\n<td style=\"height: 13.50pt; width: 155.25pt;\" width=\"207\" height=\"18\">Chov zv\u00ed\u0159at<\/td>\n<td style=\"width: 1113.00pt;\" width=\"1484\">V\u00fdroba podest\u00fdlky pro dom\u00e1c\u00ed zv\u00ed\u0159ata, jako jsou k\u0159e\u010dci a laboratorn\u00ed zv\u00ed\u0159ata, nap\u0159\u00edklad my\u0161i,<\/p>\n<p>v\u00fdroba absorp\u010dn\u00edch a izola\u010dn\u00edch materi\u00e1l\u016f pro farmy, nap\u0159\u00edklad pro ku\u0159ata, kon\u011b a kr\u00e1l\u00edky.<\/td>\n<\/tr>\n<tr style=\"height: 13.50pt;\">\n<td style=\"height: 13.50pt;\" height=\"18\">Obalov\u00e9 materi\u00e1ly<\/td>\n<td>V\u00fdroba d\u0159ev\u011bn\u00fdch hoblin, kter\u00e9 se pou\u017e\u00edvaj\u00ed jako v\u00fdpl\u0148 pro ochranu k\u0159ehk\u00fdch p\u0159edm\u011bt\u016f p\u0159i balen\u00ed.<\/td>\n<\/tr>\n<tr style=\"height: 13.50pt;\">\n<td style=\"height: 13.50pt;\" height=\"18\">Pap\u00edrensk\u00fd pr\u016fmysl<\/td>\n<td>V\u00fdroba jemn\u00fdch d\u0159ev\u011bn\u00fdch hoblin pou\u017e\u00edvan\u00fdch jako buni\u010dina p\u0159i v\u00fdrob\u011b pap\u00edru.<\/td>\n<\/tr>\n<tr style=\"height: 13.50pt;\">\n<td style=\"height: 13.50pt;\" height=\"18\">Chov kv\u011btin<\/td>\n<td>V\u00fdroba jemn\u00fdch d\u0159ev\u011bn\u00fdch hoblin pou\u017e\u00edvan\u00fdch jako organick\u00e9 hnojivo v zahradnictv\u00ed.<\/td>\n<\/tr>\n<tr style=\"height: 13.50pt;\">\n<td style=\"height: 13.50pt;\" height=\"18\">Bioenergie<\/td>\n<td>V\u00fdroba jemn\u00fdch d\u0159ev\u011bn\u00fdch hoblin pou\u017e\u00edvan\u00fdch jako palivo z biomasy.<\/td>\n<\/tr>\n<tr style=\"height: 13.50pt;\">\n<td style=\"height: 13.50pt;\" height=\"18\">V\u00fdroba n\u00e1bytku<\/td>\n<td>V\u00fdroba d\u0159ev\u011bn\u00fdch hoblin pou\u017e\u00edvan\u00fdch jako surovina pro v\u00fdrobu d\u0159evot\u0159\u00edskov\u00fdch, d\u0159evovl\u00e1knit\u00fdch a dal\u0161\u00edch druh\u016f desek.<\/td>\n<\/tr>\n<\/tbody>\n<\/table>\n<h3>Parametry modelu:<\/h3>\n<table style=\"border-collapse: collapse; width: 873px; height: 406px;\" border=\"0\" width=\"623\" cellspacing=\"0\" cellpadding=\"0\">\n<tbody>\n<tr style=\"height: 13.50pt;\">\n<td class=\"et2\" style=\"height: 13.50pt; width: 155.25pt;\" width=\"207\" height=\"18\">Model<\/td>\n<td class=\"et2\" style=\"width: 103.50pt;\" width=\"138\">GFW-C106<\/td>\n<td class=\"et2\" style=\"width: 97.50pt;\" width=\"130\">GFW-C109<\/td>\n<td class=\"et2\" style=\"width: 111.00pt;\" width=\"148\">GFW-C306<\/td>\n<\/tr>\n<tr style=\"height: 13.50pt;\">\n<td class=\"et2\" style=\"height: 13.50pt;\" height=\"18\">Rozm\u011bry hoblovac\u00ed sk\u0159\u00edn\u011b (mm)<\/td>\n<td class=\"et2\">1430\u00d7590<\/td>\n<td class=\"et2\">1430\u00d7890<\/td>\n<td class=\"et2\">2130\u00d7590<\/td>\n<\/tr>\n<tr style=\"height: 13.50pt;\">\n<td class=\"et2\" style=\"height: 13.50pt;\" height=\"18\">Pr\u016fm\u011br v\u00fdkyvu (mm)<\/td>\n<td class=\"et2\">\u03c6160<\/td>\n<td class=\"et2\">\u03c6160<\/td>\n<td class=\"et2\">\u03c6300<\/td>\n<\/tr>\n<tr style=\"height: 13.50pt;\">\n<td class=\"et2\" style=\"height: 13.50pt;\" height=\"18\">D\u00e9lka v\u00e1le\u010dku (mm)<\/td>\n<td class=\"et2\">600<\/td>\n<td class=\"et2\">900<\/td>\n<td class=\"et2\">600<\/td>\n<\/tr>\n<tr style=\"height: 13.50pt;\">\n<td class=\"et2\" style=\"height: 13.50pt;\" height=\"18\">V\u00fdkon motoru (kW)<\/td>\n<td class=\"et2\">7.5\u00d74<\/td>\n<td class=\"et2\">11\u00d74<\/td>\n<td class=\"et2\">11\u00d74<\/td>\n<\/tr>\n<tr style=\"height: 13.50pt;\">\n<td class=\"et2\" style=\"height: 13.50pt;\" height=\"18\">Rozm\u011bry (D \u00d7 \u0160 \u00d7 V) (mm)<\/td>\n<td class=\"et2\">3780\u00d71600\u00d71500<\/td>\n<td class=\"et2\">3780\u00d72000\u00d71500<\/td>\n<td class=\"et2\">4880\u00d71850\u00d72080<\/td>\n<\/tr>\n<tr style=\"height: 13.50pt;\">\n<td class=\"et2\" style=\"height: 13.50pt;\" height=\"18\">Celkov\u00e1 hmotnost (kg)<\/td>\n<td class=\"et2\">P\u0159ibli\u017en\u011b 2200<\/td>\n<td class=\"et2\">P\u0159ibli\u017en\u011b 2500<\/td>\n<td class=\"et2\">P\u0159ibli\u017en\u011b 5000<\/td>\n<\/tr>\n<\/tbody>\n<\/table>\n<p>V\u00fd\u0161e uveden\u00e9 modely jsou standardn\u00ed univerz\u00e1ln\u00ed modely. Pokud po\u017eadujete jin\u00e9 modely, obra\u0165te se na na\u0161e pracovn\u00edky a my v\u00e1m m\u016f\u017eeme poskytnout slu\u017eby na m\u00edru podle va\u0161ich pot\u0159eb.<\/p>\n<h3>Nejd\u016fle\u017eit\u011bj\u0161\u00ed technick\u00e9 informace:<\/h3>\n<p>1. Siln\u00e1 p\u0159izp\u016fsobivost<br \/>\nLze nastavit tlou\u0161\u0165ku \u0161t\u011bpky a m\u011bnit velikost \u0161t\u011bpky podle pot\u0159eby.<\/p>\n<p>2. Vysok\u00e1 hospod\u00e1rnost<br \/>\n\u010cepele jsou velmi tvrd\u00e9 a odoln\u00e9 proti opot\u0159eben\u00ed a lze je opakovan\u011b pou\u017e\u00edvat brou\u0161en\u00edm nebo zm\u011bnou \u00fahlu.<\/p>\n<p>3. Snadn\u00e1 obsluha<br \/>\nVysok\u00fd stupe\u0148 automatizace, jednoduch\u00e9 a snadn\u00e9 ovl\u00e1d\u00e1n\u00ed.<\/p>\n<p><img fetchpriority=\"high\" decoding=\"async\" class=\"alignnone wp-image-1007\" title=\"\u0160t\u011bpkova\u010de\" src=\"https:\/\/www.gigapa.com\/wp-content\/uploads\/2025\/05\/\u6728\u67501.jpg\" alt=\"\u0160t\u011bpkova\u010de\" width=\"500\" height=\"314\" srcset=\"https:\/\/www.gigapa.com\/wp-content\/uploads\/2025\/05\/\u6728\u67501.jpg 1034w, https:\/\/www.gigapa.com\/wp-content\/uploads\/2025\/05\/\u6728\u67501-300x188.jpg 300w, https:\/\/www.gigapa.com\/wp-content\/uploads\/2025\/05\/\u6728\u67501-1024x643.jpg 1024w, https:\/\/www.gigapa.com\/wp-content\/uploads\/2025\/05\/\u6728\u67501-768x482.jpg 768w, https:\/\/www.gigapa.com\/wp-content\/uploads\/2025\/05\/\u6728\u67501-600x377.jpg 600w\" sizes=\"(max-width: 500px) 100vw, 500px\" \/> <img decoding=\"async\" class=\"alignnone wp-image-1008\" title=\"\u0160t\u011bpkova\u010de\" src=\"https:\/\/www.gigapa.com\/wp-content\/uploads\/2025\/05\/\u6728\u67502.jpg\" alt=\"\u0160t\u011bpkova\u010de\" width=\"500\" height=\"314\" srcset=\"https:\/\/www.gigapa.com\/wp-content\/uploads\/2025\/05\/\u6728\u67502.jpg 1034w, https:\/\/www.gigapa.com\/wp-content\/uploads\/2025\/05\/\u6728\u67502-300x188.jpg 300w, https:\/\/www.gigapa.com\/wp-content\/uploads\/2025\/05\/\u6728\u67502-1024x643.jpg 1024w, https:\/\/www.gigapa.com\/wp-content\/uploads\/2025\/05\/\u6728\u67502-768x482.jpg 768w, https:\/\/www.gigapa.com\/wp-content\/uploads\/2025\/05\/\u6728\u67502-600x377.jpg 600w\" sizes=\"(max-width: 500px) 100vw, 500px\" \/><\/p>\n<p><img decoding=\"async\" class=\"alignnone wp-image-1009\" title=\"\u0160t\u011bpkova\u010de\" src=\"https:\/\/www.gigapa.com\/wp-content\/uploads\/2025\/05\/\u6728\u67503.jpg\" alt=\"\u0160t\u011bpkova\u010de\" width=\"500\" height=\"314\" srcset=\"https:\/\/www.gigapa.com\/wp-content\/uploads\/2025\/05\/\u6728\u67503.jpg 1034w, https:\/\/www.gigapa.com\/wp-content\/uploads\/2025\/05\/\u6728\u67503-300x188.jpg 300w, https:\/\/www.gigapa.com\/wp-content\/uploads\/2025\/05\/\u6728\u67503-1024x643.jpg 1024w, https:\/\/www.gigapa.com\/wp-content\/uploads\/2025\/05\/\u6728\u67503-768x482.jpg 768w, https:\/\/www.gigapa.com\/wp-content\/uploads\/2025\/05\/\u6728\u67503-600x377.jpg 600w\" sizes=\"(max-width: 500px) 100vw, 500px\" \/> <img loading=\"lazy\" decoding=\"async\" class=\"alignnone wp-image-1010\" title=\"\u0160t\u011bpkova\u010de\" src=\"https:\/\/www.gigapa.com\/wp-content\/uploads\/2025\/05\/\u6728\u67505.jpg\" alt=\"\u0160t\u011bpkova\u010de\" width=\"500\" height=\"314\" srcset=\"https:\/\/www.gigapa.com\/wp-content\/uploads\/2025\/05\/\u6728\u67505.jpg 1034w, https:\/\/www.gigapa.com\/wp-content\/uploads\/2025\/05\/\u6728\u67505-300x188.jpg 300w, https:\/\/www.gigapa.com\/wp-content\/uploads\/2025\/05\/\u6728\u67505-1024x643.jpg 1024w, https:\/\/www.gigapa.com\/wp-content\/uploads\/2025\/05\/\u6728\u67505-768x482.jpg 768w, https:\/\/www.gigapa.com\/wp-content\/uploads\/2025\/05\/\u6728\u67505-600x377.jpg 600w\" sizes=\"(max-width: 500px) 100vw, 500px\" \/><\/p>\n<h3>\u010cASTO KLADEN\u00c9 DOTAZY<\/h3>\n<p>1. Jak\u00e1 je kvalita vyroben\u00fdch hoblin?<br \/>\nStroj produkuje rovnom\u011brn\u00e9, vysoce kvalitn\u00ed hobliny, kter\u00e9 maj\u00ed stejnou velikost a tvar.<\/p>\n<p>2. Je obsluha stroje na hobliny snadn\u00e1?<br \/>\nAno, stroj na hobliny je navr\u017een tak, aby byl u\u017eivatelsky p\u0159\u00edv\u011btiv\u00fd, m\u011bl jednoduch\u00e9 ovl\u00e1d\u00e1n\u00ed a minim\u00e1ln\u00ed n\u00e1roky na \u00fadr\u017ebu. Obsluha se m\u016f\u017ee rychle nau\u010dit stroj obsluhovat a lze jej snadno integrovat do st\u00e1vaj\u00edc\u00edch v\u00fdrobn\u00edch linek.<\/p>\n<p>3. M\u016f\u017ee stroj na hobliny zpracov\u00e1vat r\u016fzn\u00e9 druhy d\u0159eva?<br \/>\nAno, stroj je schopen zpracov\u00e1vat r\u016fzn\u00e9 druhy d\u0159eva, v\u010detn\u011b tvrd\u00e9ho a m\u011bkk\u00e9ho d\u0159eva, a dokonce i o\u0161et\u0159en\u00e9 nebo recyklovan\u00e9 d\u0159evo. V\u00fdkon se v\u0161ak m\u016f\u017ee m\u00edrn\u011b li\u0161it v z\u00e1vislosti na hustot\u011b a stavu d\u0159eva.<\/p>\n<p>4. Jak\u00e1 je velikost vznikl\u00fdch hoblin?<br \/>\nStroj vyr\u00e1b\u00ed hobliny jednotn\u00e9 velikosti, obvykle od jemn\u00fdch \u010d\u00e1stic a\u017e po v\u011bt\u0161\u00ed hobliny, v z\u00e1vislosti na nastaven\u00ed stroje. Velikost hoblin m\u016f\u017eete nastavit podle sv\u00fdch pot\u0159eb.<\/p>\n<p>5. Mohu si stroj na hobliny p\u0159izp\u016fsobit?<br \/>\nAno, nab\u00edz\u00edme mo\u017enosti p\u0159izp\u016fsoben\u00ed konkr\u00e9tn\u00edm po\u017eadavk\u016fm, jako je \u00faprava velikosti hoblin, integrace syst\u00e9mu sb\u011bru prachu nebo \u00faprava v\u00fdrobn\u00ed kapacity podle va\u0161ich provozn\u00edch pot\u0159eb.<\/p>\n<p>Stroj na v\u00fdrobu d\u0159ev\u011bn\u00fdch hoblin (zn\u00e1m\u00fd tak\u00e9 jako \u0161t\u011bpkova\u010d nebo vlo\u010dkova\u010d d\u0159eva) je ur\u010den pro zpracov\u00e1n\u00ed d\u0159eva, energetick\u00fd pr\u016fmysl vyu\u017e\u00edvaj\u00edc\u00ed biomasu a obnoviteln\u00e9 zdroje a stal se pr\u016fmyslov\u00fdm etalonem d\u00edky sv\u00e9 vynikaj\u00edc\u00ed \u00fa\u010dinnosti \u0159ez\u00e1n\u00ed a stabiln\u00edmu v\u00fdkonu.<\/p>\n<p><strong>Efektivn\u00ed \u0159ez\u00e1n\u00ed, flexibiln\u00ed p\u0159izp\u016fsoben\u00ed<\/strong><\/p>\n<ul>\n<li>\u0160irok\u00e1 \u0161k\u00e1la zpracovatelsk\u00fdch kapacit: m\u016f\u017ee zpracov\u00e1vat kmeny, v\u011btve a d\u0159evn\u00ed odpad o pr\u016fm\u011bru 10-50 cm, aby vyhov\u011bl pot\u0159eb\u00e1m r\u016fzn\u00fdch surovin.<\/li>\n<li>Nastaviteln\u00e9 specifikace hoblin: podporuje p\u0159izp\u016fsoben\u00ed velikosti hoblin (10-50 mm) a tlou\u0161\u0165ky (0,1-0,8 mm) pro r\u016fzn\u00e9 sc\u00e9n\u00e1\u0159e pou\u017eit\u00ed, jako je v\u00fdroba paliva z biomasy, v\u00fdroba podest\u00fdlky atd.<\/li>\n<\/ul>\n<p><strong>Vysok\u00e1 v\u00fdrobn\u00ed kapacita, stabiln\u00ed provoz<\/strong><\/p>\n<ul>\n<li>V\u00fdkonn\u00e1 zpracovatelsk\u00e1 kapacita: Vhodn\u00e9 pro mal\u00e9 a st\u0159edn\u00ed zpracovatelsk\u00e9 z\u00e1vody a\u017e po velk\u00e9 energetick\u00e9 projekty na biomasu.<\/li>\n<li>Inteligentn\u00ed syst\u00e9m nap\u00e1jen\u00ed: vyu\u017e\u00edv\u00e1 vysoce \u00fa\u010dinn\u00fd motor\/hydraulick\u00fd pohon (voliteln\u00fd) s inteligentn\u00ed ochranou proti p\u0159et\u00ed\u017een\u00ed, kter\u00e1 zaji\u0161\u0165uje nep\u0159etr\u017eit\u00fd a stabiln\u00ed provoz.<\/li>\n<\/ul>\n<p><strong>Odoln\u00e1 konstrukce pro pr\u016fmyslov\u00e9 pou\u017eit\u00ed<\/strong><\/p>\n<ul>\n<li>Z\u00e1kladn\u00ed \u010d\u00e1sti odoln\u00e9 proti opot\u0159eben\u00ed: \u010depel z vysoce kvalitn\u00ed chromov\u00e9 slitiny (HRC60+) a zes\u00edlen\u00e1 lo\u017eiska prodlu\u017euj\u00ed \u017eivotnost a sni\u017euj\u00ed \u010detnost \u00fadr\u017eby.<\/li>\n<li>P\u0159evodovka s n\u00edzkou poruchovost\u00ed: optimalizovan\u00e1 konstrukce \u0159et\u011bzov\u00e9ho pohonu\/p\u0159evodovky, plynulej\u0161\u00ed provoz, n\u00e1klady na \u00fadr\u017ebu sn\u00ed\u017een\u00e9 o v\u00edce ne\u017e u 30%.<\/li>\n<\/ul>\n<h3>Princip fungov\u00e1n\u00ed<\/h3>\n<p><strong>Syst\u00e9m krmen\u00ed<\/strong><\/p>\n<ul>\n<li>Pou\u017eit\u00ed t\u011b\u017ek\u00e9ho \u0159et\u011bzov\u00e9ho dopravn\u00edku nebo hydraulick\u00e9ho pod\u00e1vac\u00edho za\u0159\u00edzen\u00ed pro zaji\u0161t\u011bn\u00ed nep\u0159etr\u017eit\u00e9ho a stabiln\u00edho p\u0159\u00edsunu d\u0159eva.<\/li>\n<li>Vybaveno detektorem kov\u016f k automatick\u00e9mu odstran\u011bn\u00ed sm\u00ed\u0161en\u00fdch kovov\u00fdch ne\u010distot.<\/li>\n<li>Velikost p\u0159\u00edvodn\u00edho otvoru lze p\u0159izp\u016fsobit (standardn\u011b 800 \u00d7 600 mm).<\/li>\n<\/ul>\n<p><strong>\u0158ezac\u00ed a drt\u00edc\u00ed jednotka<\/strong><\/p>\n<ul>\n<li>Z\u00e1kladn\u00ed sou\u010d\u00e1st pou\u017e\u00edv\u00e1 \u0159ezn\u00fd kotou\u010d z vysoce kvalitn\u00ed chromov\u00e9 slitiny (tvrdost HRC58-62).<\/li>\n<li>Ot\u00e1\u010dky \u017eac\u00edho kotou\u010de jsou nastaviteln\u00e9 v rozmez\u00ed 450-650 ot\/min a jsou vybaveny hydraulick\u00fdm nap\u00ednac\u00edm syst\u00e9mem.<\/li>\n<li>V\u00edcevrstv\u00e1 odstup\u0148ovan\u00e1 konstrukce no\u017e\u016f pro zpracov\u00e1n\u00ed d\u0159eva s r\u016fznou vlhkost\u00ed (15%-45%)<\/li>\n<\/ul>\n<p><strong>Syst\u00e9m t\u0159\u00edd\u011bn\u00ed a t\u0159\u00edd\u011bn\u00ed<\/strong><\/p>\n<ul>\n<li>Konfigurace s dvojit\u00fdm vibra\u010dn\u00edm s\u00edtem (voliteln\u00fd otvor 10-50 mm)<\/li>\n<li>Nekvalifikovan\u00e9 hrub\u00e9 materi\u00e1ly jsou automaticky vr\u00e1ceny k p\u0159epracov\u00e1n\u00ed.<\/li>\n<li>Rovnom\u011brnost v\u00fdboje dosahuje v\u00edce ne\u017e 90%<\/li>\n<\/ul>\n<p><strong>Syst\u00e9m p\u0159enosu energie<\/strong><\/p>\n<ul>\n<li>P\u0159evodovka s vysok\u00fdm to\u010div\u00fdm momentem (p\u0159evodov\u00fd pom\u011br 1:1,8)<\/li>\n<li>Voliteln\u00fd 150-400kW motor nebo dieselov\u00e1 jednotka<\/li>\n<li>Doba odezvy inteligentn\u00edho za\u0159\u00edzen\u00ed na ochranu proti p\u0159et\u00ed\u017een\u00ed &lt;0,3 sekundy<\/li>\n<\/ul>\n<p><strong>Inteligentn\u00ed \u0159\u00eddic\u00ed syst\u00e9m<\/strong><\/p>\n<ul>\n<li>Ovl\u00e1dac\u00ed rozhran\u00ed PLC + dotykov\u00e1 obrazovka<\/li>\n<li>Monitorov\u00e1n\u00ed parametr\u016f proudu\/teploty\/vibrac\u00ed v re\u00e1ln\u00e9m \u010dase<\/li>\n<li>s funkcemi statistiky v\u00fdroby a autodiagnostiky poruch<\/li>\n<\/ul>","protected":false},"excerpt":{"rendered":"<p>Stroj na hobliny je \u00fa\u010dinn\u00e9 za\u0159\u00edzen\u00ed ur\u010den\u00e9 k p\u0159em\u011bn\u011b d\u0159ev\u011bn\u00fdch polen, v\u011btv\u00ed a jin\u00e9ho d\u0159evn\u00edho odpadu na jemn\u00e9 hobliny. B\u011b\u017en\u011b se pou\u017e\u00edv\u00e1 v pr\u016fmyslov\u00fdch odv\u011btv\u00edch, jako je zem\u011bd\u011blstv\u00ed, chov zv\u00ed\u0159at, zpracov\u00e1n\u00ed d\u0159eva a spr\u00e1va \u017eivotn\u00edho prost\u0159ed\u00ed. Stroj vyr\u00e1b\u00ed rovnom\u011brn\u00e9 a vysoce kvalitn\u00ed hobliny, kter\u00e9 jsou ide\u00e1ln\u00ed pro podest\u00fdlku zv\u00ed\u0159at, kompostov\u00e1n\u00ed, palivo z biomasy a v\u00fdrobu v\u00fdrobk\u016f na b\u00e1zi d\u0159eva, jako jsou d\u0159evot\u0159\u00edskov\u00e9 desky a MDF.<\/p>","protected":false},"featured_media":1341,"template":"","meta":{"site-sidebar-layout":"default","site-content-layout":"","ast-site-content-layout":"default","site-content-style":"default","site-sidebar-style":"default","ast-global-header-display":"","ast-banner-title-visibility":"","ast-main-header-display":"","ast-hfb-above-header-display":"","ast-hfb-below-header-display":"","ast-hfb-mobile-header-display":"","site-post-title":"","ast-breadcrumbs-content":"","ast-featured-img":"","footer-sml-layout":"","ast-disable-related-posts":"","theme-transparent-header-meta":"default","adv-header-id-meta":"","stick-header-meta":"","header-above-stick-meta":"","header-main-stick-meta":"","header-below-stick-meta":"","astra-migrate-meta-layouts":"set","ast-page-background-enabled":"default","ast-page-background-meta":{"desktop":{"background-color":"var(--ast-global-color-5)","background-image":"","background-repeat":"repeat","background-position":"center center","background-size":"auto","background-attachment":"scroll","background-type":"","background-media":"","overlay-type":"","overlay-color":"","overlay-opacity":"","overlay-gradient":""},"tablet":{"background-color":"","background-image":"","background-repeat":"repeat","background-position":"center center","background-size":"auto","background-attachment":"scroll","background-type":"","background-media":"","overlay-type":"","overlay-color":"","overlay-opacity":"","overlay-gradient":""},"mobile":{"background-color":"","background-image":"","background-repeat":"repeat","background-position":"center center","background-size":"auto","background-attachment":"scroll","background-type":"","background-media":"","overlay-type":"","overlay-color":"","overlay-opacity":"","overlay-gradient":""}},"ast-content-background-meta":{"desktop":{"background-color":"var(--ast-global-color-4)","background-image":"","background-repeat":"repeat","background-position":"center center","background-size":"auto","background-attachment":"scroll","background-type":"","background-media":"","overlay-type":"","overlay-color":"","overlay-opacity":"","overlay-gradient":""},"tablet":{"background-color":"var(--ast-global-color-4)","background-image":"","background-repeat":"repeat","background-position":"center center","background-size":"auto","background-attachment":"scroll","background-type":"","background-media":"","overlay-type":"","overlay-color":"","overlay-opacity":"","overlay-gradient":""},"mobile":{"background-color":"var(--ast-global-color-4)","background-image":"","background-repeat":"repeat","background-position":"center center","background-size":"auto","background-attachment":"scroll","background-type":"","background-media":"","overlay-type":"","overlay-color":"","overlay-opacity":"","overlay-gradient":""}}},"product_brand":[],"product_cat":[20,150],"product_tag":[63,66,67,68,65,62,64],"class_list":{"0":"post-856","1":"product","2":"type-product","3":"status-publish","4":"has-post-thumbnail","6":"product_cat-shredding-and-crushing-machine","7":"product_cat-wood-shavings-machine","8":"product_tag-china-wood-shaving-machine","9":"product_tag-industrial-wood-shaving-machine","10":"product_tag-shaving-wood-machine","11":"product_tag-wood-shaving-machine-factory","12":"product_tag-wood-shaving-machine-for-sale","13":"product_tag-wood-shaving-machine-price","14":"product_tag-wood-shavings-bagging-machine","15":"desktop-align-left","16":"tablet-align-left","17":"mobile-align-left","19":"first","20":"instock","21":"featured","22":"shipping-taxable","23":"product-type-simple"},"_links":{"self":[{"href":"https:\/\/www.gigapa.com\/cs\/wp-json\/wp\/v2\/product\/856","targetHints":{"allow":["GET"]}}],"collection":[{"href":"https:\/\/www.gigapa.com\/cs\/wp-json\/wp\/v2\/product"}],"about":[{"href":"https:\/\/www.gigapa.com\/cs\/wp-json\/wp\/v2\/types\/product"}],"version-history":[{"count":12,"href":"https:\/\/www.gigapa.com\/cs\/wp-json\/wp\/v2\/product\/856\/revisions"}],"predecessor-version":[{"id":2660,"href":"https:\/\/www.gigapa.com\/cs\/wp-json\/wp\/v2\/product\/856\/revisions\/2660"}],"wp:featuredmedia":[{"embeddable":true,"href":"https:\/\/www.gigapa.com\/cs\/wp-json\/wp\/v2\/media\/1341"}],"wp:attachment":[{"href":"https:\/\/www.gigapa.com\/cs\/wp-json\/wp\/v2\/media?parent=856"}],"wp:term":[{"taxonomy":"product_brand","embeddable":true,"href":"https:\/\/www.gigapa.com\/cs\/wp-json\/wp\/v2\/product_brand?post=856"},{"taxonomy":"product_cat","embeddable":true,"href":"https:\/\/www.gigapa.com\/cs\/wp-json\/wp\/v2\/product_cat?post=856"},{"taxonomy":"product_tag","embeddable":true,"href":"https:\/\/www.gigapa.com\/cs\/wp-json\/wp\/v2\/product_tag?post=856"}],"curies":[{"name":"wp","href":"https:\/\/api.w.org\/{rel}","templated":true}]}}