{"id":861,"date":"2025-05-06T16:40:41","date_gmt":"2025-05-06T08:40:41","guid":{"rendered":"https:\/\/gigapa.com\/?post_type=product&#038;p=861"},"modified":"2025-10-13T09:21:02","modified_gmt":"2025-10-13T01:21:02","slug":"lisy-na-kovove-baliky-kryte-dvermi","status":"publish","type":"product","link":"https:\/\/www.gigapa.com\/cs\/produkt\/lisy-na-kovove-baliky-kryte-dvermi\/","title":{"rendered":"Balic\u00ed stroje na kov s dv\u00ed\u0159ky GFB-P"},"content":{"rendered":"<h3>P\u0159edstaven\u00ed za\u0159\u00edzen\u00ed:<\/h3>\n<p>Balic\u00ed stroj na kovov\u00e9 brikety s v\u00edkem dve\u0159\u00ed, zn\u00e1m\u00fd tak\u00e9 jako stroj na briketov\u00e1n\u00ed kov\u016f s v\u00edkem dve\u0159\u00ed, se skl\u00e1d\u00e1 z r\u00e1mu, v\u00edka dve\u0159\u00ed, hydraulick\u00e9ho v\u00e1lce, lisovac\u00ed hlavy, dve\u0159\u00ed bal\u00edku, hydraulick\u00e9 stanice a dal\u0161\u00edch sou\u010d\u00e1st\u00ed. V\u00e1lec krytu dve\u0159\u00ed, bo\u010dn\u00ed v\u00e1lec a hlavn\u00ed v\u00e1lec stla\u010duj\u00ed kovov\u00fd materi\u00e1l ve t\u0159ech sm\u011brech a nakonec jej slisuj\u00ed do kompaktn\u00edho obd\u00e9ln\u00edkov\u00e9ho hranolu. T\u00edm je dosa\u017eeno \u00fa\u010delu zmen\u0161en\u00ed objemu a zv\u00fd\u0161en\u00ed sypn\u00e9 hmotnosti. Stla\u010den\u00e9 bloky jsou vhodn\u00e9 pro nakl\u00e1dku a vykl\u00e1dku, skladov\u00e1n\u00ed a p\u0159epravu a zav\u00e1\u017een\u00ed do pec\u00ed, co\u017e v\u00fdrazn\u011b sni\u017euje n\u00e1klady v cel\u00e9m pr\u016fmyslov\u00e9m \u0159et\u011bzci recyklace a regenerace kov\u016f, zejm\u00e9na n\u00e1klady na p\u0159epravu a skladov\u00e1n\u00ed. Proto je toto za\u0159\u00edzen\u00ed zvl\u00e1\u0161t\u011b \u0161iroce vyu\u017e\u00edv\u00e1no v oblasti recyklace a regenerace kov\u016f.<\/p>\n<div class=\"ast-oembed-container\" style=\"height: 100%;\"><iframe title=\"Tento kovov\u00fd lis je MONSTER! Sledujte, jak drt\u00ed kovov\u00fd \u0161rot jako pap\u00edr! #balermachine #metalbaler\" width=\"500\" height=\"281\" src=\"https:\/\/www.youtube.com\/embed\/DQgiCDZwxDk?feature=oembed\" frameborder=\"0\" allow=\"accelerometer; autoplay; clipboard-write; encrypted-media; gyroscope; picture-in-picture; web-share\" referrerpolicy=\"strict-origin-when-cross-origin\" allowfullscreen><\/iframe><\/div>\n<h3>Rozsah pou\u017eit\u00ed:<\/h3>\n<table style=\"border-collapse: collapse; width: 1348px; height: 343px;\" border=\"0\" width=\"1428\" cellspacing=\"0\" cellpadding=\"0\">\n<tbody>\n<tr style=\"height: 13.50pt;\">\n<td style=\"height: 13.50pt; width: 177.00pt;\" width=\"236\" height=\"18\">Obecn\u00fd kovov\u00fd \u0161rot<\/td>\n<td style=\"width: 894.00pt;\" width=\"1192\">Hlin\u00edkov\u00e9 plechovky, ocelov\u00fd \u0161rot, \u017eelezn\u00fd \u0161rot, odpadn\u00ed hlin\u00edk, odpadn\u00ed m\u011b\u010f, odpadn\u00ed barevn\u00e9 ocelov\u00e9 dla\u017edice, odpadn\u00ed stavebn\u00ed v\u00fdztu\u017ee, odpadn\u00ed hlin\u00edkov\u00e9 profily.<\/td>\n<\/tr>\n<tr style=\"height: 13.50pt;\">\n<td style=\"height: 13.50pt;\" height=\"18\">Granule \u017eelezn\u00fdch kov\u016f<\/td>\n<td>Granulovan\u00e9 t\u0159\u00edsky z nerezov\u00e9 oceli, granulovan\u00e9 ocelov\u00e9 t\u0159\u00edsky, granulovan\u00e9 \u017eelezn\u00e9 t\u0159\u00edsky, zbytky z lisov\u00e1n\u00ed<\/td>\n<\/tr>\n<tr style=\"height: 13.50pt;\">\n<td style=\"height: 13.50pt;\" height=\"18\">Granule ne\u017eelezn\u00fdch kov\u016f<\/td>\n<td>Granulovan\u00e9 hlin\u00edkov\u00e9 t\u0159\u00edsky, granulovan\u00e9 titanov\u00e9 t\u0159\u00edsky<\/td>\n<\/tr>\n<tr style=\"height: 13.50pt;\">\n<td style=\"height: 13.50pt;\" height=\"18\">Kovov\u00e9 konstruk\u010dn\u00ed odpady<\/td>\n<td>Demontovan\u00e9 sko\u0159epiny automobil\u016f, sko\u0159epiny dom\u00e1c\u00edch spot\u0159ebi\u010d\u016f, sko\u0159epiny po\u010d\u00edta\u010dov\u00fdch sk\u0159\u00edn\u00ed; hlin\u00edkov\u00e1 f\u00f3lie vyt\u0159\u00edd\u011bn\u00e1 z list\u016f elektrod lithiov\u00fdch bateri\u00ed.<\/td>\n<\/tr>\n<tr style=\"height: 13.50pt;\">\n<td style=\"height: 13.50pt;\" height=\"18\">Vedlej\u0161\u00ed produkty v\u00fdroby<\/td>\n<td>Granulovan\u00e9 t\u0159\u00edsky vznikaj\u00edc\u00ed p\u0159i v\u00fdrob\u011b rafinovan\u00fdch desek<\/td>\n<\/tr>\n<tr style=\"height: 13.50pt;\">\n<td style=\"height: 13.50pt;\" height=\"18\">R\u016fzn\u00fd kovov\u00fd odpad<\/td>\n<td>Zbytky k\u0159em\u00edkov\u00fdch ocelov\u00fdch plech\u016f, olejov\u00e9 filtry, sudy od oleje, plechovky od barev, zbytky v\u00fdrobk\u016f z hlin\u00edkov\u00e9 f\u00f3lie<\/td>\n<\/tr>\n<\/tbody>\n<\/table>\n<h3>Parametry modelu:<\/h3>\n<table style=\"border-collapse: collapse; width: 980px; height: 453px;\" border=\"0\" width=\"822\" cellspacing=\"0\" cellpadding=\"0\">\n<tbody>\n<tr style=\"height: 13.50pt;\">\n<td style=\"height: 13.50pt; width: 187.50pt;\" width=\"250\" height=\"18\">Model<\/td>\n<td style=\"width: 107.25pt;\" width=\"143\">GFB-P2512<\/td>\n<td style=\"width: 107.25pt;\" width=\"143\">GFB-P3512<\/td>\n<td style=\"width: 107.25pt;\" width=\"143\">GFB-P4016<\/td>\n<td style=\"width: 107.25pt;\" width=\"143\">GFB-P5025<\/td>\n<\/tr>\n<tr style=\"height: 13.50pt;\">\n<td class=\"et2\" style=\"height: 13.50pt;\" height=\"18\">Velikost balen\u00ed (\u0161 \u00d7 v \u00d7 d)(mm)<\/td>\n<td class=\"et2\">1200\u00d7700\u00d7600<\/td>\n<td class=\"et2\">1400\u00d7900\u00d7700<\/td>\n<td class=\"et2\">1600\u00d71000\u00d7800<\/td>\n<td class=\"et2\">2000\u00d71400\u00d71000<\/td>\n<\/tr>\n<tr style=\"height: 13.50pt;\">\n<td style=\"height: 13.50pt;\" height=\"18\">Tlak v hlavn\u00ed tlakov\u00e9 l\u00e1hvi (T)<\/td>\n<td class=\"et2\">250\u00d7250<\/td>\n<td class=\"et2\">350\u00d7350<\/td>\n<td class=\"et2\">400\u00d7400<\/td>\n<td class=\"et2\">500\u00d7500<\/td>\n<\/tr>\n<tr style=\"height: 13.50pt;\">\n<td style=\"height: 13.50pt;\" height=\"18\">Podtlak ve v\u00e1lci (T)<\/td>\n<td class=\"et2\">125<\/td>\n<td class=\"et2\">125<\/td>\n<td class=\"et2\">160<\/td>\n<td class=\"et2\">250<\/td>\n<\/tr>\n<tr style=\"height: 13.50pt;\">\n<td style=\"height: 13.50pt;\" height=\"18\">Hydraulick\u00fd v\u00fdkon (kW)<\/td>\n<td class=\"et2\">11<\/td>\n<td class=\"et2\">15<\/td>\n<td class=\"et2\">22<\/td>\n<td class=\"et2\">45<\/td>\n<\/tr>\n<tr style=\"height: 13.50pt;\">\n<td style=\"height: 13.50pt;\" height=\"18\">Rozm\u011bry (D\u00d7\u0160\u00d7V)(mm)<\/td>\n<td class=\"et2\">3200\u00d72800\u00d72000<\/td>\n<td class=\"et2\">3500\u00d73200\u00d72300<\/td>\n<td class=\"et2\">4100\u00d73700\u00d72600<\/td>\n<td class=\"et2\">4900\u00d74650\u00d73150<\/td>\n<\/tr>\n<tr style=\"height: 13.50pt;\">\n<td style=\"height: 13.50pt;\" height=\"18\">Celkov\u00e1 hmotnost (kg)<\/td>\n<td class=\"et2\">P\u0159ibli\u017en\u011b 6000<\/td>\n<td class=\"et2\">P\u0159ibli\u017en\u011b 8400<\/td>\n<td class=\"et2\">P\u0159ibli\u017en\u011b 11300<\/td>\n<td class=\"et2\">P\u0159ibli\u017en\u011b 21100<\/td>\n<\/tr>\n<\/tbody>\n<\/table>\n<p>V\u00fd\u0161e uveden\u00e9 modely jsou standardn\u00ed univerz\u00e1ln\u00ed modely. Pokud po\u017eadujete jin\u00e9 modely, obra\u0165te se na na\u0161e pracovn\u00edky a my v\u00e1m m\u016f\u017eeme poskytnout slu\u017eby na m\u00edru podle va\u0161ich pot\u0159eb.<\/p>\n<h3>Nejd\u016fle\u017eit\u011bj\u0161\u00ed technick\u00e9 informace:<\/h3>\n<p>1. Odoln\u00e9 a spolehliv\u00e9<br \/>\nV\u0161echny povrchy, kter\u00e9 p\u0159ich\u00e1zej\u00ed do styku s materi\u00e1lem, jsou pokryty deskami odoln\u00fdmi proti opot\u0159eben\u00ed a kl\u00ed\u010dov\u00e1 m\u00edsta nam\u00e1h\u00e1n\u00ed jsou navr\u017eena s velk\u00fdm bezpe\u010dnostn\u00edm faktorem.<\/p>\n<p>2. Stabiln\u00ed a spolehliv\u00e9<br \/>\nV m\u00edstech kloub\u016f jsou p\u0159id\u00e1na lo\u017eiska, kter\u00e1 zvy\u0161uj\u00ed stabilitu a spolehlivost provozu za\u0159\u00edzen\u00ed.<\/p>\n<p>3. Inteligentn\u00ed ochrana proti neopr\u00e1vn\u011bn\u00e9 manipulaci<br \/>\nInteligentn\u00ed program PLC, pe\u010dliv\u011b vytvo\u0159en\u00fd in\u017een\u00fdry, \u00fa\u010dinn\u011b zabra\u0148uje po\u0161kozen\u00ed za\u0159\u00edzen\u00ed zp\u016fsoben\u00e9mu n\u00e1hodn\u00fdm provozem.<\/p>\n<p><img fetchpriority=\"high\" decoding=\"async\" class=\"alignnone wp-image-1034\" title=\"Balic\u00ed stroje na kov s krytem dve\u0159\u00ed\" src=\"https:\/\/www.gigapa.com\/wp-content\/uploads\/2025\/05\/\u5e9f\u65e7\u6cb9\u6f06\u6876\u6253\u5305\u538b\u7f29.jpg\" alt=\"Balic\u00ed stroje na kov s krytem dve\u0159\u00ed\" width=\"500\" height=\"314\" srcset=\"https:\/\/www.gigapa.com\/wp-content\/uploads\/2025\/05\/\u5e9f\u65e7\u6cb9\u6f06\u6876\u6253\u5305\u538b\u7f29.jpg 1034w, https:\/\/www.gigapa.com\/wp-content\/uploads\/2025\/05\/\u5e9f\u65e7\u6cb9\u6f06\u6876\u6253\u5305\u538b\u7f29-300x188.jpg 300w, https:\/\/www.gigapa.com\/wp-content\/uploads\/2025\/05\/\u5e9f\u65e7\u6cb9\u6f06\u6876\u6253\u5305\u538b\u7f29-1024x643.jpg 1024w, https:\/\/www.gigapa.com\/wp-content\/uploads\/2025\/05\/\u5e9f\u65e7\u6cb9\u6f06\u6876\u6253\u5305\u538b\u7f29-768x482.jpg 768w, https:\/\/www.gigapa.com\/wp-content\/uploads\/2025\/05\/\u5e9f\u65e7\u6cb9\u6f06\u6876\u6253\u5305\u538b\u7f29-600x377.jpg 600w\" sizes=\"(max-width: 500px) 100vw, 500px\" \/> <img decoding=\"async\" class=\"alignnone wp-image-1035\" title=\"Balic\u00ed stroje na kov s krytem dve\u0159\u00ed\" src=\"https:\/\/www.gigapa.com\/wp-content\/uploads\/2025\/05\/\u65e7\u91d1\u5c5e.png\" alt=\"Balic\u00ed stroje na kov s krytem dve\u0159\u00ed\" width=\"500\" height=\"314\" srcset=\"https:\/\/www.gigapa.com\/wp-content\/uploads\/2025\/05\/\u65e7\u91d1\u5c5e.png 1034w, https:\/\/www.gigapa.com\/wp-content\/uploads\/2025\/05\/\u65e7\u91d1\u5c5e-300x188.png 300w, https:\/\/www.gigapa.com\/wp-content\/uploads\/2025\/05\/\u65e7\u91d1\u5c5e-1024x643.png 1024w, https:\/\/www.gigapa.com\/wp-content\/uploads\/2025\/05\/\u65e7\u91d1\u5c5e-768x482.png 768w, https:\/\/www.gigapa.com\/wp-content\/uploads\/2025\/05\/\u65e7\u91d1\u5c5e-600x377.png 600w\" sizes=\"(max-width: 500px) 100vw, 500px\" \/><\/p>\n<p><img decoding=\"async\" class=\"alignnone wp-image-1036\" title=\"Balic\u00ed stroje na kov s krytem dve\u0159\u00ed\" src=\"https:\/\/www.gigapa.com\/wp-content\/uploads\/2025\/05\/\u94c1\u5c51.png\" alt=\"Balic\u00ed stroje na kov s krytem dve\u0159\u00ed\" width=\"500\" height=\"314\" srcset=\"https:\/\/www.gigapa.com\/wp-content\/uploads\/2025\/05\/\u94c1\u5c51.png 1034w, https:\/\/www.gigapa.com\/wp-content\/uploads\/2025\/05\/\u94c1\u5c51-300x188.png 300w, https:\/\/www.gigapa.com\/wp-content\/uploads\/2025\/05\/\u94c1\u5c51-1024x643.png 1024w, https:\/\/www.gigapa.com\/wp-content\/uploads\/2025\/05\/\u94c1\u5c51-768x482.png 768w, https:\/\/www.gigapa.com\/wp-content\/uploads\/2025\/05\/\u94c1\u5c51-600x377.png 600w\" sizes=\"(max-width: 500px) 100vw, 500px\" \/> <img loading=\"lazy\" decoding=\"async\" class=\"alignnone wp-image-1037\" title=\"Balic\u00ed stroje na kov s krytem dve\u0159\u00ed\" src=\"https:\/\/www.gigapa.com\/wp-content\/uploads\/2025\/05\/\u6613\u62c9\u7f501.png\" alt=\"Balic\u00ed stroje na kov s krytem dve\u0159\u00ed\" width=\"500\" height=\"314\" srcset=\"https:\/\/www.gigapa.com\/wp-content\/uploads\/2025\/05\/\u6613\u62c9\u7f501.png 1034w, https:\/\/www.gigapa.com\/wp-content\/uploads\/2025\/05\/\u6613\u62c9\u7f501-300x188.png 300w, https:\/\/www.gigapa.com\/wp-content\/uploads\/2025\/05\/\u6613\u62c9\u7f501-1024x643.png 1024w, https:\/\/www.gigapa.com\/wp-content\/uploads\/2025\/05\/\u6613\u62c9\u7f501-768x482.png 768w, https:\/\/www.gigapa.com\/wp-content\/uploads\/2025\/05\/\u6613\u62c9\u7f501-600x377.png 600w\" sizes=\"(max-width: 500px) 100vw, 500px\" \/><\/p>\n<h3>Pracovn\u00ed postup:<\/h3>\n<ul>\n<li>Krmen\u00ed: Kovov\u00fd \u0161rot se do lisovac\u00ed komory vkl\u00e1d\u00e1 ru\u010dn\u011b nebo pomoc\u00ed dopravn\u00edkov\u00e9ho p\u00e1su.<\/li>\n<li>Komprese: Hydraulick\u00fd v\u00e1lec vyv\u00edj\u00ed tlak 100-300 tun pro v\u00edcen\u00e1sobn\u00e9 stla\u010den\u00ed.<\/li>\n<li>Tvarov\u00e1n\u00ed: Tvarov\u00e1n\u00ed pravo\u00fahl\u00fdch blok\u016f s vysokou hustotou (hustota 2-5 tun\/m\u00b3)<\/li>\n<li>Vytla\u010den\u00ed: Jedine\u010dn\u00e9 bo\u010dn\u00ed vytla\u010dovac\u00ed za\u0159\u00edzen\u00ed zcela vytla\u010d\u00ed hotov\u00e9 bloky.<\/li>\n<li>Vypou\u0161t\u011bn\u00ed: Bloky lze odv\u00e9zt vysokozdvi\u017en\u00fdm voz\u00edkem nebo dopravn\u00edm p\u00e1sem.<\/li>\n<li>Obnoven\u00ed: Za\u0159\u00edzen\u00ed se automaticky resetuje a p\u0159iprav\u00ed na dal\u0161\u00ed cyklus.<\/li>\n<\/ul>\n<h3>Hlavn\u00ed v\u00fdhody stroje na lisov\u00e1n\u00ed kovov\u00fdch obal\u016f na dve\u0159e:<\/h3>\n<p><strong>Vysoce \u00fa\u010dinn\u00e1 v\u00fdroba<\/strong><\/p>\n<ul>\n<li>Dok\u00e1\u017ee slisovat des\u00edtky pytl\u016f kovov\u00e9ho \u0161rotu za hodinu, \u010d\u00edm\u017e v\u00fdrazn\u011b p\u0159ekon\u00e1v\u00e1 efektivitu ru\u010dn\u00edho zpracov\u00e1n\u00ed.<\/li>\n<\/ul>\n<p><strong>Optimalizace n\u00e1klad\u016f<\/strong><\/p>\n<ul>\n<li>Komprese sni\u017euje objem o v\u00edce ne\u017e 80%, co\u017e v\u00fdrazn\u011b sni\u017euje n\u00e1klady na ukl\u00e1d\u00e1n\u00ed dat<\/li>\n<li>Regularizovan\u00e9 bal\u00edky usnad\u0148uj\u00ed p\u0159epravu a sni\u017euj\u00ed n\u00e1klady na p\u0159epravu o 30%-50%.<\/li>\n<\/ul>\n<p><strong>V\u00fdhody s p\u0159idanou hodnotou<\/strong><\/p>\n<ul>\n<li>Bal\u00edky \u010dist\u00e9ho kovu s vysokou hustotou zvy\u0161uj\u00ed ceny recyklace o 15%-20%<\/li>\n<\/ul>\n<p><strong>Dodr\u017eov\u00e1n\u00ed p\u0159edpis\u016f v oblasti \u017eivotn\u00edho prost\u0159ed\u00ed<\/strong><\/p>\n<ul>\n<li>Uzav\u0159en\u00e9 lisov\u00e1n\u00ed sni\u017euje riziko kontaminace<\/li>\n<li>Pln\u011b vyhovuje nejnov\u011bj\u0161\u00edm p\u0159edpis\u016fm o ochran\u011b \u017eivotn\u00edho prost\u0159ed\u00ed<\/li>\n<\/ul>\n<p><strong>Zlep\u0161en\u00ed \u0159\u00edzen\u00ed<\/strong><\/p>\n<ul>\n<li>Standardizovan\u00e9 bal\u00edky usnad\u0148uj\u00ed skladov\u00e1n\u00ed a spr\u00e1vu<\/li>\n<li>Zlep\u0161en\u00ed image ekologick\u00e9 v\u00fdroby spole\u010dnosti<\/li>\n<\/ul>\n<p>(Kapacitu zpracov\u00e1n\u00ed za\u0159\u00edzen\u00ed lze p\u0159izp\u016fsobit podle pot\u0159eb)<\/p>\n<h3>Nej\u010dast\u011bj\u0161\u00ed dotazy<\/h3>\n<p>1. Ot\u00e1zka: Jste v\u00fdrobcem hydraulick\u00fdch stroj\u016f na recyklaci kovov\u00e9ho \u0161rotu?<br \/>\nOdpov\u011b\u010f: Ano, GIGAPA je profesion\u00e1ln\u00ed v\u00fdrobce stroj\u016f na recyklaci kovov\u00e9ho \u0161rotu, kter\u00fd se zam\u011b\u0159uje na konstrukci a v\u00fdrobu r\u016fzn\u00fdch typ\u016f lis\u016f na kovov\u00fd \u0161rot, drti\u010d\u016f, stroj\u016f na briketov\u00e1n\u00ed kov\u016f a dal\u0161\u00edch mechanick\u00fdch za\u0159\u00edzen\u00ed. M\u00e1me dlouholet\u00e9 zku\u0161enosti v oboru a technickou akumulaci, poskytujeme slu\u017eby OEM a ODM.<\/p>\n<p>2. Ot\u00e1zka: M\u016f\u017eete poskytovat slu\u017eby na m\u00edru?<br \/>\nOdpov\u011b\u010f: Ano, m\u00e1me bohat\u00e9 zku\u0161enosti s p\u0159izp\u016fsobov\u00e1n\u00edm a m\u016f\u017eeme navrhovat a vyr\u00e1b\u011bt v\u00fdrobky podle specifick\u00fdch pot\u0159eb z\u00e1kazn\u00edk\u016f.<\/p>\n<p>3. Ot\u00e1zka: Jak\u00e9 je minim\u00e1ln\u00ed objednac\u00ed mno\u017estv\u00ed?<br \/>\nOdpov\u011b\u010f: Minim\u00e1ln\u00ed objednan\u00e9 mno\u017estv\u00ed je 1 sada.<\/p>\n<p>4. Ot\u00e1zka: Jak kontrolujete kvalitu v\u00fdrobk\u016f?<br \/>\nOdpov\u011b\u010f: M\u00e1me p\u0159\u00edsn\u00fd syst\u00e9m kontroly kvality a v\u0161echny v\u00fdrobky p\u0159ed zabalen\u00edm projdou p\u0159\u00edsnou kontrolou kvality. Pokud z\u00e1kazn\u00edk nebude s v\u00fdrobkem jakkoli spokojen, budeme rychle reagovat a poskytneme v\u00e1m \u0159e\u0161en\u00ed.<\/p>\n<p>5. Ot\u00e1zka: Jak zadat objedn\u00e1vku?<br \/>\nOdpov\u011b\u010f: Z\u00e1kazn\u00edk si vybere produkt a sd\u011bl\u00ed n\u00e1m po\u017eadovan\u00e9 mno\u017estv\u00ed. Po potvrzen\u00ed podrobnost\u00ed provedeme cenovou nab\u00eddku. Pot\u00e9, co z\u00e1kazn\u00edk potvrd\u00ed a uvede dodac\u00ed adresu, vystav\u00edme proforma fakturu a po\u010dk\u00e1me, a\u017e z\u00e1kazn\u00edk zaplat\u00ed.<\/p>\n<p>6. Ot\u00e1zka: Jak\u00e9 jsou platebn\u00ed metody?<br \/>\nOdpov\u011b\u010f: Akceptujeme telegrafick\u00fd p\u0159evod (T\/T).<\/p>","protected":false},"excerpt":{"rendered":"<p>Balic\u00ed stroj na kovy s krytem dve\u0159\u00ed je navr\u017een speci\u00e1ln\u011b pro efektivn\u00ed lisov\u00e1n\u00ed a lisov\u00e1n\u00ed kovov\u00e9ho \u0161rotu, v\u010detn\u011b hlin\u00edku, oceli a m\u011bdi. Tento stroj s robustn\u00ed konstrukc\u00ed krytou dv\u00ed\u0159ky poskytuje zv\u00fd\u0161enou bezpe\u010dnost a pom\u00e1h\u00e1 zadr\u017eovat materi\u00e1ly b\u011bhem procesu lisov\u00e1n\u00ed. Je ide\u00e1ln\u00ed pro sb\u011brny \u0161rotu, recykla\u010dn\u00ed centra a z\u00e1vody na zpracov\u00e1n\u00ed kov\u016f, proto\u017ee nab\u00edz\u00ed siln\u00fd v\u00fdkon a vysokou hustotu bal\u00edk\u016f. Kryt dve\u0159\u00ed zaji\u0161\u0165uje bezpe\u010dnou manipulaci s materi\u00e1ly, sni\u017euje riziko rozpt\u00fdlen\u00ed \u00falomk\u016f a zvy\u0161uje bezpe\u010dnost na pracovi\u0161ti.<\/p>","protected":false},"featured_media":1907,"template":"","meta":{"site-sidebar-layout":"default","site-content-layout":"","ast-site-content-layout":"default","site-content-style":"default","site-sidebar-style":"default","ast-global-header-display":"","ast-banner-title-visibility":"","ast-main-header-display":"","ast-hfb-above-header-display":"","ast-hfb-below-header-display":"","ast-hfb-mobile-header-display":"","site-post-title":"","ast-breadcrumbs-content":"","ast-featured-img":"","footer-sml-layout":"","ast-disable-related-posts":"","theme-transparent-header-meta":"default","adv-header-id-meta":"","stick-header-meta":"","header-above-stick-meta":"","header-main-stick-meta":"","header-below-stick-meta":"","astra-migrate-meta-layouts":"set","ast-page-background-enabled":"default","ast-page-background-meta":{"desktop":{"background-color":"var(--ast-global-color-5)","background-image":"","background-repeat":"repeat","background-position":"center center","background-size":"auto","background-attachment":"scroll","background-type":"","background-media":"","overlay-type":"","overlay-color":"","overlay-opacity":"","overlay-gradient":""},"tablet":{"background-color":"","background-image":"","background-repeat":"repeat","background-position":"center center","background-size":"auto","background-attachment":"scroll","background-type":"","background-media":"","overlay-type":"","overlay-color":"","overlay-opacity":"","overlay-gradient":""},"mobile":{"background-color":"","background-image":"","background-repeat":"repeat","background-position":"center center","background-size":"auto","background-attachment":"scroll","background-type":"","background-media":"","overlay-type":"","overlay-color":"","overlay-opacity":"","overlay-gradient":""}},"ast-content-background-meta":{"desktop":{"background-color":"var(--ast-global-color-4)","background-image":"","background-repeat":"repeat","background-position":"center center","background-size":"auto","background-attachment":"scroll","background-type":"","background-media":"","overlay-type":"","overlay-color":"","overlay-opacity":"","overlay-gradient":""},"tablet":{"background-color":"var(--ast-global-color-4)","background-image":"","background-repeat":"repeat","background-position":"center center","background-size":"auto","background-attachment":"scroll","background-type":"","background-media":"","overlay-type":"","overlay-color":"","overlay-opacity":"","overlay-gradient":""},"mobile":{"background-color":"var(--ast-global-color-4)","background-image":"","background-repeat":"repeat","background-position":"center center","background-size":"auto","background-attachment":"scroll","background-type":"","background-media":"","overlay-type":"","overlay-color":"","overlay-opacity":"","overlay-gradient":""}}},"product_brand":[],"product_cat":[21,155],"product_tag":[95,98,97,94,96,93],"class_list":{"0":"post-861","1":"product","2":"type-product","3":"status-publish","4":"has-post-thumbnail","6":"product_cat-baling-machine","7":"product_cat-metal-baler","8":"product_tag-china-door-covered-metal-baler","9":"product_tag-door-covered-metal-baler-factory","10":"product_tag-door-covered-metal-baler-for-sale","11":"product_tag-door-covered-metal-baler-manufacturer","12":"product_tag-door-covered-metal-baler-price","13":"product_tag-door-covered-metal-baling-machine-supplier","14":"desktop-align-left","15":"tablet-align-left","16":"mobile-align-left","18":"first","19":"instock","20":"featured","21":"shipping-taxable","22":"product-type-simple"},"_links":{"self":[{"href":"https:\/\/www.gigapa.com\/cs\/wp-json\/wp\/v2\/product\/861","targetHints":{"allow":["GET"]}}],"collection":[{"href":"https:\/\/www.gigapa.com\/cs\/wp-json\/wp\/v2\/product"}],"about":[{"href":"https:\/\/www.gigapa.com\/cs\/wp-json\/wp\/v2\/types\/product"}],"version-history":[{"count":11,"href":"https:\/\/www.gigapa.com\/cs\/wp-json\/wp\/v2\/product\/861\/revisions"}],"predecessor-version":[{"id":2515,"href":"https:\/\/www.gigapa.com\/cs\/wp-json\/wp\/v2\/product\/861\/revisions\/2515"}],"wp:featuredmedia":[{"embeddable":true,"href":"https:\/\/www.gigapa.com\/cs\/wp-json\/wp\/v2\/media\/1907"}],"wp:attachment":[{"href":"https:\/\/www.gigapa.com\/cs\/wp-json\/wp\/v2\/media?parent=861"}],"wp:term":[{"taxonomy":"product_brand","embeddable":true,"href":"https:\/\/www.gigapa.com\/cs\/wp-json\/wp\/v2\/product_brand?post=861"},{"taxonomy":"product_cat","embeddable":true,"href":"https:\/\/www.gigapa.com\/cs\/wp-json\/wp\/v2\/product_cat?post=861"},{"taxonomy":"product_tag","embeddable":true,"href":"https:\/\/www.gigapa.com\/cs\/wp-json\/wp\/v2\/product_tag?post=861"}],"curies":[{"name":"wp","href":"https:\/\/api.w.org\/{rel}","templated":true}]}}