{"id":862,"date":"2025-05-06T16:41:20","date_gmt":"2025-05-06T08:41:20","guid":{"rendered":"https:\/\/gigapa.com\/?post_type=product&#038;p=862"},"modified":"2025-10-13T09:20:56","modified_gmt":"2025-10-13T01:20:56","slug":"stroje-na-kontinualni-lisovani-kovu","status":"publish","type":"product","link":"https:\/\/www.gigapa.com\/cs\/produkt\/stroje-na-kontinualni-lisovani-kovu\/","title":{"rendered":"Kontinu\u00e1ln\u00ed lisy na kovy GFB-C"},"content":{"rendered":"<h3>P\u0159edstaven\u00ed za\u0159\u00edzen\u00ed:<\/h3>\n<p>Pr\u016fb\u011b\u017en\u00e9 lisy na kovy jsou tak\u00e9 zn\u00e1m\u00e9 jako briketovac\u00ed lisy n\u00e1sypn\u00e9ho typu, kter\u00e9 se pou\u017e\u00edvaj\u00ed p\u0159edev\u0161\u00edm ke slisov\u00e1n\u00ed kovov\u00e9ho \u0161rotu do blok\u016f. Mohou vytla\u010dit \u010d\u00e1st kapaliny, zv\u00fd\u0161it sypnou hmotnost, usnadnit stohov\u00e1n\u00ed a recyklaci. Jsou vhodn\u00e9 zejm\u00e9na pro materi\u00e1ly s vysokou p\u016fvodn\u00ed sypnou hmotnost\u00ed. D\u00edky pou\u017eit\u00ed n\u00e1sypky pro skladov\u00e1n\u00ed materi\u00e1lu umo\u017e\u0148uj\u00ed nep\u0159etr\u017eit\u00e9 pod\u00e1v\u00e1n\u00ed a lisov\u00e1n\u00ed, co\u017e zkracuje prostoje p\u0159i nakl\u00e1d\u00e1n\u00ed a zvy\u0161uje efektivitu v\u00fdroby. V kombinaci s dopravn\u00edky je lze snadno integrovat do st\u00e1vaj\u00edc\u00edho v\u00fdrobn\u00edho za\u0159\u00edzen\u00ed a vytvo\u0159it tak automatizovanou zpracovatelskou linku. Proto se hojn\u011b vyu\u017e\u00edvaj\u00ed v situac\u00edch, kdy je obt\u00ed\u017en\u00e9 stla\u010dovat materi\u00e1ly, kdy je vy\u017eadov\u00e1n vysok\u00fd stupe\u0148 automatizace a kdy je t\u0159eba vytvo\u0159it v\u00fdrobn\u00ed linku s dal\u0161\u00edmi za\u0159\u00edzen\u00edmi.<\/p>\n<div class=\"ast-oembed-container\" style=\"height: 100%;\"><iframe title=\"Automatick\u00fd lis na kovy lisuj\u00edc\u00ed hlin\u00edkov\u00e9 plechovky #metalbaler\" width=\"500\" height=\"281\" src=\"https:\/\/www.youtube.com\/embed\/yoVsOgq1rH8?feature=oembed\" frameborder=\"0\" allow=\"accelerometer; autoplay; clipboard-write; encrypted-media; gyroscope; picture-in-picture; web-share\" referrerpolicy=\"strict-origin-when-cross-origin\" allowfullscreen><\/iframe><\/div>\n<h3>Rozsah pou\u017eit\u00ed:<\/h3>\n<table style=\"border-collapse: collapse; width: 1354px; height: 397px;\" border=\"0\" width=\"1470\" cellspacing=\"0\" cellpadding=\"0\">\n<tbody>\n<tr style=\"height: 13.50pt;\">\n<td style=\"height: 13.50pt; width: 177.00pt;\" width=\"236\" height=\"18\">Obecn\u00fd kovov\u00fd \u0161rot<\/td>\n<td style=\"width: 925.50pt;\" width=\"1234\">Hlin\u00edkov\u00e9 plechovky, ocelov\u00fd \u0161rot, \u017eelezn\u00fd \u0161rot, odpadn\u00ed hlin\u00edk, odpadn\u00ed m\u011b\u010f, odpadn\u00ed barevn\u00e9 ocelov\u00e9 dla\u017edice, odpadn\u00ed stavebn\u00ed v\u00fdztu\u017ee, odpadn\u00ed hlin\u00edkov\u00e9 profily.<\/td>\n<\/tr>\n<tr style=\"height: 13.50pt;\">\n<td style=\"height: 13.50pt;\" height=\"18\">Granule \u017eelezn\u00fdch kov\u016f<\/td>\n<td>Granulovan\u00e9 t\u0159\u00edsky z nerezov\u00e9 oceli, granulovan\u00e9 ocelov\u00e9 t\u0159\u00edsky, granulovan\u00e9 \u017eelezn\u00e9 t\u0159\u00edsky, zbytky z lisov\u00e1n\u00ed<\/td>\n<\/tr>\n<tr style=\"height: 13.50pt;\">\n<td style=\"height: 13.50pt;\" height=\"18\">Granule ne\u017eelezn\u00fdch kov\u016f<\/td>\n<td>Granulovan\u00e9 hlin\u00edkov\u00e9 t\u0159\u00edsky, granulovan\u00e9 titanov\u00e9 t\u0159\u00edsky<\/td>\n<\/tr>\n<tr style=\"height: 13.50pt;\">\n<td style=\"height: 13.50pt;\" height=\"18\">Kovov\u00e9 konstruk\u010dn\u00ed odpady<\/td>\n<td>Rozebran\u00e9 karoserie automobil\u016f, sko\u0159epiny dom\u00e1c\u00edch spot\u0159ebi\u010d\u016f, sko\u0159epiny po\u010d\u00edta\u010dov\u00fdch sk\u0159\u00edn\u00ed; hlin\u00edkov\u00e1 f\u00f3lie vyt\u0159\u00edd\u011bn\u00e1 z kus\u016f elektrod lithiov\u00fdch bateri\u00ed.<\/td>\n<\/tr>\n<tr style=\"height: 13.50pt;\">\n<td style=\"height: 13.50pt;\" height=\"18\">Vedlej\u0161\u00ed produkty v\u00fdroby<\/td>\n<td>Granulovan\u00e9 t\u0159\u00edsky z v\u00fdroby zu\u0161lecht\u011bn\u00fdch plech\u016f, tlust\u00e9 hlin\u00edkov\u00e9 plechy\/hlin\u00edkov\u00fd odpad z hrub\u00e9ho obr\u00e1b\u011bn\u00ed<\/td>\n<\/tr>\n<tr style=\"height: 13.50pt;\">\n<td style=\"height: 13.50pt;\" height=\"18\">R\u016fzn\u00fd kovov\u00fd odpad<\/td>\n<td>Zbytky k\u0159em\u00edkov\u00fdch ocelov\u00fdch plech\u016f, olejov\u00e9 filtry, sudy od oleje, plechovky od barev, zbytky v\u00fdrobk\u016f z hlin\u00edkov\u00e9 f\u00f3lie<\/td>\n<\/tr>\n<tr style=\"height: 13.50pt;\">\n<td style=\"height: 13.50pt;\" height=\"18\">Aplikace Odv\u011btv\u00ed<\/td>\n<td>Recyklace kov\u016f, v\u00fdroba automobil\u016f, leteck\u00fd pr\u016fmysl, regenerace zdroj\u016f, taven\u00ed kov\u016f, ostatn\u00ed pr\u016fmyslov\u00e1 odv\u011btv\u00ed<\/td>\n<\/tr>\n<\/tbody>\n<\/table>\n<h3>Parametry modelu:<\/h3>\n<table style=\"border-collapse: collapse; width: 708.77pt;\" border=\"0\" width=\"945\" cellspacing=\"0\" cellpadding=\"0\">\n<tbody>\n<tr style=\"height: 13.50pt;\">\n<td class=\"et2\" style=\"height: 13.50pt; width: 177.00pt;\" width=\"236\" height=\"18\">Model<\/td>\n<td class=\"et2\" style=\"width: 120.75pt;\" width=\"161\">GFB-C2510<\/td>\n<td class=\"et2\" style=\"width: 135.75pt;\" width=\"181\">GFB-C3016<\/td>\n<td class=\"et2\" style=\"width: 140.25pt;\" width=\"187\">GFB-C3520<\/td>\n<td class=\"et2\" style=\"width: 135.00pt;\" width=\"180\">GFB-C4020<\/td>\n<\/tr>\n<tr style=\"height: 13.50pt;\">\n<td class=\"et2\" style=\"height: 13.50pt;\" height=\"18\">Velikost balen\u00ed (\u0161 \u00d7 v) (mm)<\/td>\n<td class=\"et2\">250\u00d7250<\/td>\n<td class=\"et2\">300\u00d7300<\/td>\n<td class=\"et2\">350\u00d7350<\/td>\n<td class=\"et2\">400\u00d7400<\/td>\n<\/tr>\n<tr style=\"height: 13.50pt;\">\n<td class=\"et2\" style=\"height: 13.50pt;\" height=\"18\">Hlavn\u00ed tlak ve v\u00e1lci (T)<\/td>\n<td class=\"et2\">100<\/td>\n<td class=\"et2\">160<\/td>\n<td class=\"et2\">200<\/td>\n<td class=\"et2\">250<\/td>\n<\/tr>\n<tr style=\"height: 13.50pt;\">\n<td class=\"et2\" style=\"height: 13.50pt;\" height=\"18\">Podtlak ve v\u00e1lci (T)<\/td>\n<td class=\"et2\">50\u00d72<\/td>\n<td class=\"et2\">80\u00d72<\/td>\n<td class=\"et2\">100\u00d72<\/td>\n<td class=\"et2\">125\u00d72<\/td>\n<\/tr>\n<tr style=\"height: 13.50pt;\">\n<td class=\"et2\" style=\"height: 13.50pt;\" height=\"18\">Hydraulick\u00fd v\u00fdkon (kW)<\/td>\n<td class=\"et2\">22<\/td>\n<td class=\"et2\">45<\/td>\n<td class=\"et2\">30\u00d72<\/td>\n<td class=\"et2\">45\u00d72<\/td>\n<\/tr>\n<tr style=\"height: 13.50pt;\">\n<td class=\"et2\" style=\"height: 13.50pt;\" height=\"18\">Velikost hostitele (D \u00d7 \u0160 \u00d7 V) (mm)<\/td>\n<td class=\"et2\">3150\u00d73300\u00d72150<\/td>\n<td class=\"et2\">3530\u00d73700\u00d72150<\/td>\n<td class=\"et2\">3950\u00d74130\u00d72450<\/td>\n<td class=\"et2\">4500\u00d74600\u00d72450<\/td>\n<\/tr>\n<tr style=\"height: 13.50pt;\">\n<td class=\"et2\" style=\"height: 13.50pt;\" height=\"18\">Celkov\u00e1 hmotnost (kg)<\/td>\n<td class=\"et2\">P\u0159ibli\u017en\u011b 6300<\/td>\n<td class=\"et2\">P\u0159ibli\u017en\u011b 7500<\/td>\n<td class=\"et2\">P\u0159ibli\u017en\u011b 9000<\/td>\n<td class=\"et2\">P\u0159ibli\u017en\u011b 11100<\/td>\n<\/tr>\n<\/tbody>\n<\/table>\n<p>V\u00fd\u0161e uveden\u00e9 modely jsou standardn\u00ed univerz\u00e1ln\u00ed modely. Pokud po\u017eadujete jin\u00e9 modely, obra\u0165te se na na\u0161e pracovn\u00edky a my v\u00e1m m\u016f\u017eeme poskytnout slu\u017eby na m\u00edru podle va\u0161ich pot\u0159eb.<\/p>\n<h3>Nejd\u016fle\u017eit\u011bj\u0161\u00ed technick\u00e9 informace:<\/h3>\n<p>1. Nekone\u010dn\u00e1 s\u00edla<br \/>\nVyu\u017e\u00edv\u00e1 oboustrannou kompresi v\u00e1lce pro zv\u00fd\u0161en\u00ed kompresn\u00edho tlaku a zv\u00fd\u0161en\u00ed kompresn\u00edho \u00fa\u010dinku.<\/p>\n<p>2. Kan\u00e1l pro odpadn\u00ed kapaliny<br \/>\nJedine\u010dn\u00e9 kan\u00e1lky pro kapaliny a ne\u010distoty zaji\u0161\u0165uj\u00ed \u010dist\u00fd a uklizen\u00fd povrch zem\u011b.<\/p>\n<p>3. Inteligentn\u00ed ovl\u00e1d\u00e1n\u00ed<br \/>\nIn\u017een\u00fd\u0159i vytvo\u0159ili inteligentn\u00ed program PLC, kter\u00fd snadno umo\u017e\u0148uje bezprobl\u00e9movou integraci s ostatn\u00edmi za\u0159\u00edzen\u00edmi.<\/p>\n<p><img fetchpriority=\"high\" decoding=\"async\" class=\"alignnone wp-image-1039\" title=\"Kontinu\u00e1ln\u00ed lisy na kovy\" src=\"https:\/\/www.gigapa.com\/wp-content\/uploads\/2025\/05\/\u5e9f\u94a2\u7b4b\u4e00\u4f53\u6210\u578b.jpg\" alt=\"Kontinu\u00e1ln\u00ed lisy na kovy\" width=\"500\" height=\"314\" srcset=\"https:\/\/www.gigapa.com\/wp-content\/uploads\/2025\/05\/\u5e9f\u94a2\u7b4b\u4e00\u4f53\u6210\u578b.jpg 1034w, https:\/\/www.gigapa.com\/wp-content\/uploads\/2025\/05\/\u5e9f\u94a2\u7b4b\u4e00\u4f53\u6210\u578b-300x188.jpg 300w, https:\/\/www.gigapa.com\/wp-content\/uploads\/2025\/05\/\u5e9f\u94a2\u7b4b\u4e00\u4f53\u6210\u578b-1024x643.jpg 1024w, https:\/\/www.gigapa.com\/wp-content\/uploads\/2025\/05\/\u5e9f\u94a2\u7b4b\u4e00\u4f53\u6210\u578b-768x482.jpg 768w, https:\/\/www.gigapa.com\/wp-content\/uploads\/2025\/05\/\u5e9f\u94a2\u7b4b\u4e00\u4f53\u6210\u578b-600x377.jpg 600w\" sizes=\"(max-width: 500px) 100vw, 500px\" \/> <img decoding=\"async\" class=\"alignnone wp-image-1040\" title=\"Kontinu\u00e1ln\u00ed lisy na kovy\" src=\"https:\/\/www.gigapa.com\/wp-content\/uploads\/2025\/05\/\u5e9f\u94dd\u5c51\u4e00\u4f53\u6210\u578b.jpg\" alt=\"Kontinu\u00e1ln\u00ed lisy na kovy\" width=\"500\" height=\"314\" srcset=\"https:\/\/www.gigapa.com\/wp-content\/uploads\/2025\/05\/\u5e9f\u94dd\u5c51\u4e00\u4f53\u6210\u578b.jpg 1034w, https:\/\/www.gigapa.com\/wp-content\/uploads\/2025\/05\/\u5e9f\u94dd\u5c51\u4e00\u4f53\u6210\u578b-300x188.jpg 300w, https:\/\/www.gigapa.com\/wp-content\/uploads\/2025\/05\/\u5e9f\u94dd\u5c51\u4e00\u4f53\u6210\u578b-1024x643.jpg 1024w, https:\/\/www.gigapa.com\/wp-content\/uploads\/2025\/05\/\u5e9f\u94dd\u5c51\u4e00\u4f53\u6210\u578b-768x482.jpg 768w, https:\/\/www.gigapa.com\/wp-content\/uploads\/2025\/05\/\u5e9f\u94dd\u5c51\u4e00\u4f53\u6210\u578b-600x377.jpg 600w\" sizes=\"(max-width: 500px) 100vw, 500px\" \/><\/p>\n<p><img decoding=\"async\" class=\"alignnone wp-image-1041\" title=\"Kontinu\u00e1ln\u00ed lisy na kovy\" src=\"https:\/\/www.gigapa.com\/wp-content\/uploads\/2025\/05\/\u5e9f\u94dc\u7ebf.png\" alt=\"Kontinu\u00e1ln\u00ed lisy na kovy\" width=\"500\" height=\"314\" srcset=\"https:\/\/www.gigapa.com\/wp-content\/uploads\/2025\/05\/\u5e9f\u94dc\u7ebf.png 1034w, https:\/\/www.gigapa.com\/wp-content\/uploads\/2025\/05\/\u5e9f\u94dc\u7ebf-300x188.png 300w, https:\/\/www.gigapa.com\/wp-content\/uploads\/2025\/05\/\u5e9f\u94dc\u7ebf-1024x643.png 1024w, https:\/\/www.gigapa.com\/wp-content\/uploads\/2025\/05\/\u5e9f\u94dc\u7ebf-768x482.png 768w, https:\/\/www.gigapa.com\/wp-content\/uploads\/2025\/05\/\u5e9f\u94dc\u7ebf-600x377.png 600w\" sizes=\"(max-width: 500px) 100vw, 500px\" \/> <img loading=\"lazy\" decoding=\"async\" class=\"alignnone wp-image-1042\" title=\"Kontinu\u00e1ln\u00ed lisy na kovy\" src=\"https:\/\/www.gigapa.com\/wp-content\/uploads\/2025\/05\/\u6613\u62c9\u7f502.jpg\" alt=\"Kontinu\u00e1ln\u00ed lisy na kovy\" width=\"500\" height=\"314\" srcset=\"https:\/\/www.gigapa.com\/wp-content\/uploads\/2025\/05\/\u6613\u62c9\u7f502.jpg 1034w, https:\/\/www.gigapa.com\/wp-content\/uploads\/2025\/05\/\u6613\u62c9\u7f502-300x188.jpg 300w, https:\/\/www.gigapa.com\/wp-content\/uploads\/2025\/05\/\u6613\u62c9\u7f502-1024x643.jpg 1024w, https:\/\/www.gigapa.com\/wp-content\/uploads\/2025\/05\/\u6613\u62c9\u7f502-768x482.jpg 768w, https:\/\/www.gigapa.com\/wp-content\/uploads\/2025\/05\/\u6613\u62c9\u7f502-600x377.jpg 600w\" sizes=\"(max-width: 500px) 100vw, 500px\" \/><\/p>\n<h3>Princip fungov\u00e1n\u00ed<\/h3>\n<p data-start=\"548\" data-end=\"586\">1. <strong data-start=\"556\" data-end=\"586\">Nakl\u00e1d\u00e1n\u00ed p\u0159es n\u00e1sypku<\/strong><\/p>\n<p data-start=\"590\" data-end=\"919\">Kovov\u00fd \u0161rot se nejprve ru\u010dn\u011b nebo pomoc\u00ed dopravn\u00edkov\u00e9ho p\u00e1su vlo\u017e\u00ed do n\u00e1sypky stroje. Z\u00e1sobn\u00edk poskytuje prostor pro ulo\u017een\u00ed kovov\u00e9ho \u0161rotu a zaji\u0161\u0165uje, aby se \u0161rot dost\u00e1val do lisovac\u00ed komory rovnom\u011brn\u011b. Velikost n\u00e1sypky se m\u016f\u017ee li\u0161it v z\u00e1vislosti na modelu a ur\u010duje mno\u017estv\u00ed kovov\u00e9ho \u0161rotu, kter\u00e9 m\u016f\u017ee pojmout najednou.<\/p>\n<p data-start=\"921\" data-end=\"952\">2. <strong data-start=\"929\" data-end=\"952\">Proces komprese<\/strong><\/p>\n<ul>\n<li data-start=\"958\" data-end=\"1241\"><strong data-start=\"958\" data-end=\"981\">Kompresn\u00ed komora<\/strong>: Jakmile kovov\u00fd \u0161rot vstoup\u00ed do kompresn\u00ed komory, aktivuje se hydraulick\u00fd syst\u00e9m, kter\u00fd tla\u010d\u00ed na p\u00edst, jen\u017e materi\u00e1l stla\u010d\u00ed do kompaktn\u00edho bloku. Stla\u010dovac\u00ed s\u00edla p\u016fsob\u00ed prost\u0159ednictv\u00edm hydraulick\u00e9ho v\u00e1lce, kter\u00fd stla\u010duje \u0161rot do hust\u00e9ho bloku.<\/li>\n<li data-start=\"1247\" data-end=\"1583\"><strong data-start=\"1247\" data-end=\"1267\">Hydraulick\u00fd syst\u00e9m<\/strong>: Hydraulick\u00fd syst\u00e9m je j\u00e1drem procesu komprese. Vysokotlak\u00fd hydraulick\u00fd olej poh\u00e1n\u00ed p\u00edst, kter\u00fd nut\u00ed kovov\u00fd \u0161rot ke stla\u010den\u00ed do pevn\u011b zabalen\u00e9ho bloku. B\u011bhem tohoto procesu je \u0161rot stla\u010den na vysokou hustotu, co\u017e obvykle vede k vytvo\u0159en\u00ed blok\u016f obd\u00e9ln\u00edkov\u00e9ho nebo v\u00e1lcov\u00e9ho tvaru.<\/li>\n<li data-start=\"1589\" data-end=\"1822\"><strong data-start=\"1589\" data-end=\"1610\">Automatick\u00e9 \u0159\u00edzen\u00ed<\/strong>: V\u011bt\u0161ina pr\u016fb\u011b\u017en\u00fdch lis\u016f na kovy je vybavena automatick\u00fdm \u0159\u00eddic\u00edm syst\u00e9mem. Syst\u00e9m \u0159\u00edd\u00ed s\u00edlu a \u010das lisov\u00e1n\u00ed na z\u00e1klad\u011b nastaven\u00e9 velikosti bal\u00edku, \u010d\u00edm\u017e zaji\u0161\u0165uje konzistentn\u00ed hustotu a velikost ka\u017ed\u00e9ho bal\u00edku.<\/li>\n<\/ul>\n<p data-start=\"1824\" data-end=\"1855\">3. <strong data-start=\"1832\" data-end=\"1855\">Balen\u00ed a vyhazov\u00e1n\u00ed<\/strong><\/p>\n<p data-start=\"1859\" data-end=\"2127\">Jakmile je kovov\u00fd \u0161rot stla\u010den na po\u017eadovan\u00fd objem a hustotu, stroj aktivuje v\u00e1zac\u00ed syst\u00e9m. V\u00e1zac\u00ed syst\u00e9m obvykle pou\u017e\u00edv\u00e1 ocelov\u00fd dr\u00e1t nebo plastov\u00e9 p\u00e1sky, kter\u00e9 stla\u010den\u00fd blok spoj\u00ed do tvaru. Po sv\u00e1z\u00e1n\u00ed je bal\u00edk vyhozen ze stroje.<\/p>\n<ul>\n<li data-start=\"2134\" data-end=\"2302\"><strong data-start=\"2134\" data-end=\"2150\">V\u00e1zac\u00ed syst\u00e9m<\/strong>: Ocelov\u00fd dr\u00e1t nebo plastov\u00e9 p\u00e1sky se pou\u017e\u00edvaj\u00ed k zaji\u0161t\u011bn\u00ed bal\u00edku pomoc\u00ed mechanick\u00e9ho nebo hydraulick\u00e9ho ramene, kter\u00e9 zaji\u0161\u0165uje, \u017ee bal\u00edk z\u016fstane b\u011bhem p\u0159epravy a skladov\u00e1n\u00ed neporu\u0161en\u00fd.<\/li>\n<li data-start=\"2308\" data-end=\"2500\"><strong data-start=\"2308\" data-end=\"2327\">Vyhazovac\u00ed syst\u00e9m<\/strong>: Po sv\u00e1z\u00e1n\u00ed je bal\u00edk hydraulick\u00fdm nebo mechanick\u00fdm vyhazovac\u00edm syst\u00e9mem automaticky vytla\u010den ze stroje a p\u0159ipraven k dal\u0161\u00edmu zpracov\u00e1n\u00ed, p\u0159eprav\u011b nebo prodeji.<\/li>\n<\/ul>\n<p data-start=\"2502\" data-end=\"2549\">4. <strong data-start=\"2510\" data-end=\"2549\">Nep\u0159etr\u017eit\u00fd provoz a automatizace<\/strong><\/p>\n<p data-start=\"2553\" data-end=\"2823\">\"Kontinu\u00e1ln\u00ed\" charakter lisu na kovy umo\u017e\u0148uje nep\u0159etr\u017eit\u00fd provoz. D\u00edky automatizovan\u00e9mu \u0159\u00eddic\u00edmu syst\u00e9mu m\u016f\u017ee stroj nep\u0159etr\u017eit\u011b vykon\u00e1vat funkce nakl\u00e1d\u00e1n\u00ed, lisov\u00e1n\u00ed, v\u00e1z\u00e1n\u00ed a vyhazov\u00e1n\u00ed, co\u017e v\u00fdrazn\u011b zvy\u0161uje efektivitu v\u00fdroby.<\/p>\n<h3 data-start=\"2825\" data-end=\"2844\">Hlavn\u00ed sou\u010d\u00e1sti<\/h3>\n<ol>\n<li data-start=\"2848\" data-end=\"2967\"><strong data-start=\"2848\" data-end=\"2868\">Hydraulick\u00fd syst\u00e9m<\/strong>: Pomoc\u00ed hydraulick\u00fdch v\u00e1lc\u016f a p\u00edst\u016f zaji\u0161\u0165uje pohon stroje, kter\u00fd stla\u010duje kovov\u00fd \u0161rot.<\/li>\n<li data-start=\"2971\" data-end=\"3052\"><strong data-start=\"2971\" data-end=\"2981\">Hopper<\/strong>: Prostor, kde se skladuje a nakl\u00e1d\u00e1 kovov\u00fd \u0161rot do stroje.<\/li>\n<li data-start=\"3056\" data-end=\"3161\"><strong data-start=\"3056\" data-end=\"3079\">Kompresn\u00ed komora<\/strong>: Oblast, kde se kovov\u00fd \u0161rot pod vysok\u00fdm tlakem zhut\u0148uje do bloku.<\/li>\n<li data-start=\"3165\" data-end=\"3272\"><strong data-start=\"3165\" data-end=\"3181\">V\u00e1zac\u00ed syst\u00e9m<\/strong>: Sv\u00e1\u017ee zhutn\u011bn\u00fd blok ocelov\u00fdm dr\u00e1tem nebo plastov\u00fdmi p\u00e1sky, aby se zabr\u00e1nilo jeho uvoln\u011bn\u00ed.<\/li>\n<li data-start=\"3276\" data-end=\"3359\"><strong data-start=\"3276\" data-end=\"3295\">Vyhazovac\u00ed za\u0159\u00edzen\u00ed<\/strong>: Vytla\u010d\u00ed sv\u00e1zan\u00fd blok ze stroje k dal\u0161\u00ed manipulaci.<\/li>\n<\/ol>","protected":false},"excerpt":{"rendered":"<p>Kontinu\u00e1ln\u00ed lis na kovy je vysoce \u00fa\u010dinn\u00e9 \u0159e\u0161en\u00ed pro nep\u0159etr\u017eit\u00e9 lisov\u00e1n\u00ed a lisov\u00e1n\u00ed kovov\u00e9ho \u0161rotu bez p\u0159eru\u0161en\u00ed. Je navr\u017een pro zpracov\u00e1n\u00ed velk\u00fdch objem\u016f materi\u00e1l\u016f, jako je hlin\u00edk, ocel a m\u011b\u010f, a pracuje s minim\u00e1ln\u00edmi prostoji, co\u017e zaji\u0161\u0165uje zefektivn\u011bn\u00ed pracovn\u00edho procesu. Tento stroj, ide\u00e1ln\u00ed pro sb\u011brny \u0161rotu, recykla\u010dn\u00ed za\u0159\u00edzen\u00ed a z\u00e1vody na zpracov\u00e1n\u00ed kov\u016f, se vyzna\u010duje robustn\u00ed konstrukc\u00ed, vysokou propustnost\u00ed a vynikaj\u00edc\u00ed hustotou bal\u00edk\u016f. Jeho nep\u0159etr\u017eit\u00fd provoz sni\u017euje n\u00e1klady na pracovn\u00ed s\u00edlu, zvy\u0161uje produktivitu a zvy\u0161uje bezpe\u010dnost t\u00edm, \u017ee b\u011bhem procesu lisov\u00e1n\u00ed zadr\u017euje materi\u00e1ly.<\/p>","protected":false},"featured_media":1733,"template":"","meta":{"site-sidebar-layout":"default","site-content-layout":"","ast-site-content-layout":"default","site-content-style":"default","site-sidebar-style":"default","ast-global-header-display":"","ast-banner-title-visibility":"","ast-main-header-display":"","ast-hfb-above-header-display":"","ast-hfb-below-header-display":"","ast-hfb-mobile-header-display":"","site-post-title":"","ast-breadcrumbs-content":"","ast-featured-img":"","footer-sml-layout":"","ast-disable-related-posts":"","theme-transparent-header-meta":"default","adv-header-id-meta":"","stick-header-meta":"","header-above-stick-meta":"","header-main-stick-meta":"","header-below-stick-meta":"","astra-migrate-meta-layouts":"set","ast-page-background-enabled":"default","ast-page-background-meta":{"desktop":{"background-color":"var(--ast-global-color-5)","background-image":"","background-repeat":"repeat","background-position":"center center","background-size":"auto","background-attachment":"scroll","background-type":"","background-media":"","overlay-type":"","overlay-color":"","overlay-opacity":"","overlay-gradient":""},"tablet":{"background-color":"","background-image":"","background-repeat":"repeat","background-position":"center center","background-size":"auto","background-attachment":"scroll","background-type":"","background-media":"","overlay-type":"","overlay-color":"","overlay-opacity":"","overlay-gradient":""},"mobile":{"background-color":"","background-image":"","background-repeat":"repeat","background-position":"center center","background-size":"auto","background-attachment":"scroll","background-type":"","background-media":"","overlay-type":"","overlay-color":"","overlay-opacity":"","overlay-gradient":""}},"ast-content-background-meta":{"desktop":{"background-color":"var(--ast-global-color-4)","background-image":"","background-repeat":"repeat","background-position":"center center","background-size":"auto","background-attachment":"scroll","background-type":"","background-media":"","overlay-type":"","overlay-color":"","overlay-opacity":"","overlay-gradient":""},"tablet":{"background-color":"var(--ast-global-color-4)","background-image":"","background-repeat":"repeat","background-position":"center center","background-size":"auto","background-attachment":"scroll","background-type":"","background-media":"","overlay-type":"","overlay-color":"","overlay-opacity":"","overlay-gradient":""},"mobile":{"background-color":"var(--ast-global-color-4)","background-image":"","background-repeat":"repeat","background-position":"center center","background-size":"auto","background-attachment":"scroll","background-type":"","background-media":"","overlay-type":"","overlay-color":"","overlay-opacity":"","overlay-gradient":""}}},"product_brand":[],"product_cat":[21,155],"product_tag":[104,103,101,102,100,99],"class_list":{"0":"post-862","1":"product","2":"type-product","3":"status-publish","4":"has-post-thumbnail","6":"product_cat-baling-machine","7":"product_cat-metal-baler","8":"product_tag-china-continuous-metal-baler-factory","9":"product_tag-china-continuous-metal-baling-machine","10":"product_tag-continuous-baler-for-aluminum-shaving","11":"product_tag-continuous-baler-for-ubc","12":"product_tag-continuous-hydraulic-baler-machine","13":"product_tag-continuous-scrap-metal-baler","14":"desktop-align-left","15":"tablet-align-left","16":"mobile-align-left","18":"first","19":"instock","20":"featured","21":"shipping-taxable","22":"product-type-simple"},"_links":{"self":[{"href":"https:\/\/www.gigapa.com\/cs\/wp-json\/wp\/v2\/product\/862","targetHints":{"allow":["GET"]}}],"collection":[{"href":"https:\/\/www.gigapa.com\/cs\/wp-json\/wp\/v2\/product"}],"about":[{"href":"https:\/\/www.gigapa.com\/cs\/wp-json\/wp\/v2\/types\/product"}],"version-history":[{"count":7,"href":"https:\/\/www.gigapa.com\/cs\/wp-json\/wp\/v2\/product\/862\/revisions"}],"predecessor-version":[{"id":2483,"href":"https:\/\/www.gigapa.com\/cs\/wp-json\/wp\/v2\/product\/862\/revisions\/2483"}],"wp:featuredmedia":[{"embeddable":true,"href":"https:\/\/www.gigapa.com\/cs\/wp-json\/wp\/v2\/media\/1733"}],"wp:attachment":[{"href":"https:\/\/www.gigapa.com\/cs\/wp-json\/wp\/v2\/media?parent=862"}],"wp:term":[{"taxonomy":"product_brand","embeddable":true,"href":"https:\/\/www.gigapa.com\/cs\/wp-json\/wp\/v2\/product_brand?post=862"},{"taxonomy":"product_cat","embeddable":true,"href":"https:\/\/www.gigapa.com\/cs\/wp-json\/wp\/v2\/product_cat?post=862"},{"taxonomy":"product_tag","embeddable":true,"href":"https:\/\/www.gigapa.com\/cs\/wp-json\/wp\/v2\/product_tag?post=862"}],"curies":[{"name":"wp","href":"https:\/\/api.w.org\/{rel}","templated":true}]}}