{"id":865,"date":"2025-05-06T16:44:31","date_gmt":"2025-05-06T08:44:31","guid":{"rendered":"https:\/\/gigapa.com\/?post_type=product&#038;p=865"},"modified":"2025-10-28T08:29:29","modified_gmt":"2025-10-28T00:29:29","slug":"hydraulicka-pohonna-jednotka","status":"publish","type":"product","link":"https:\/\/www.gigapa.com\/cs\/produkt\/hydraulicka-pohonna-jednotka\/","title":{"rendered":"Hydraulick\u00e1 pohonn\u00e1 jednotka"},"content":{"rendered":"<h3>P\u0159edstaven\u00ed za\u0159\u00edzen\u00ed:<\/h3>\n<p>Hydraulick\u00e1 stanice je \"srdcem\" hydraulick\u00e9ho syst\u00e9mu a slou\u017e\u00ed p\u0159edev\u0161\u00edm k dod\u00e1v\u00e1n\u00ed pot\u0159ebn\u00e9 hydraulick\u00e9 energie pro hydraulick\u00e1 za\u0159\u00edzen\u00ed. \u010cerp\u00e1 hydraulick\u00fd olej z olejov\u00e9 n\u00e1dr\u017ee poh\u00e1n\u011bn\u00edm olejov\u00e9ho \u010derpadla elektromotorem nebo spalovac\u00edm motorem. Olejov\u00e9 \u010derpadlo p\u0159em\u011b\u0148uje mechanickou energii elektromotoru nebo spalovac\u00edho motoru na hydraulickou energii, kter\u00e1 je pak prost\u0159ednictv\u00edm sou\u010d\u00e1st\u00ed, jako jsou tlakov\u00e9 regula\u010dn\u00ed ventily, sm\u011brov\u00e9 regula\u010dn\u00ed ventily a potrub\u00ed, dod\u00e1v\u00e1na do hydraulick\u00fdch v\u00e1lc\u016f, hydromotor\u016f a dal\u0161\u00edch pohon\u016f, aby je poh\u00e1n\u011bla k prov\u00e1d\u011bn\u00ed r\u016fzn\u00fdch mechanick\u00fdch \u010dinnost\u00ed.<\/p>\n<h3>Rozsah pou\u017eit\u00ed:<\/h3>\n<table style=\"border-collapse: collapse; width: 980px; height: 352px;\" border=\"0\" width=\"733\" cellspacing=\"0\" cellpadding=\"0\">\n<tbody>\n<tr style=\"height: 13.50pt;\">\n<td style=\"height: 13.50pt; width: 155.25pt;\" width=\"207\" height=\"18\">Lisy<\/td>\n<td style=\"width: 394.50pt;\" width=\"526\">Lisy na auta, lisy na kovy, vertik\u00e1ln\u00ed lisy, horizont\u00e1ln\u00ed lisy<\/td>\n<\/tr>\n<tr style=\"height: 13.50pt;\">\n<td style=\"height: 13.50pt;\" height=\"18\">N\u016f\u017eky a drti\u010de<\/td>\n<td>Port\u00e1lov\u00e9 n\u016f\u017eky, sk\u0159\u00ed\u0148ov\u00e9 n\u016f\u017eky, krokod\u00fdl\u00ed n\u016f\u017eky, hydraulick\u00e9 drti\u010de<\/td>\n<\/tr>\n<tr style=\"height: 13.50pt;\">\n<td style=\"height: 13.50pt;\" height=\"18\">Kovac\u00ed za\u0159\u00edzen\u00ed<\/td>\n<td>Kovac\u00ed stroje, stroje na tlakov\u00e9 lit\u00ed<\/td>\n<\/tr>\n<tr style=\"height: 13.50pt;\">\n<td style=\"height: 13.50pt;\" height=\"18\">D\u0159evoobr\u00e1b\u011bc\u00ed stroje<\/td>\n<td>Hoblovky, pily, fr\u00e9zky<\/td>\n<\/tr>\n<tr style=\"height: 13.50pt;\">\n<td style=\"height: 13.50pt;\" height=\"18\">Zpracovatelsk\u00e9 za\u0159\u00edzen\u00ed<\/td>\n<td>St\u0159ihac\u00ed stroje, d\u011brovac\u00ed stroje<\/td>\n<\/tr>\n<tr style=\"height: 13.50pt;\">\n<td style=\"height: 13.50pt;\" height=\"18\">Plastov\u00e9 stroje<\/td>\n<td>Vst\u0159ikovac\u00ed stroje<\/td>\n<\/tr>\n<tr style=\"height: 13.50pt;\">\n<td style=\"height: 13.50pt;\" height=\"18\">Ostatn\u00ed pole<\/td>\n<td>Lisy, zvedac\u00ed plo\u0161iny<\/td>\n<\/tr>\n<\/tbody>\n<\/table>\n<h3>Nejd\u016fle\u017eit\u011bj\u0161\u00ed technick\u00e9 informace:<\/h3>\n<p>1. Design na m\u00edru:<br \/>\nProfesion\u00e1ln\u00ed n\u00e1vrh na m\u00edru je poskytov\u00e1n na z\u00e1klad\u011b sc\u00e9n\u00e1\u0159\u016f aplikac\u00ed, po\u017eadavk\u016f na zat\u00ed\u017een\u00ed, sch\u00e9mat \u0159\u00edzen\u00ed a pr\u00e1ce.<\/p>\n<p>2. Technick\u00e1 podpora:<br \/>\nU\u017eivatel\u016fm je nab\u00edzena komplexn\u00ed technick\u00e1 podpora a \u0161kolen\u00ed, kter\u00e9 jim pomohou sezn\u00e1mit se s pou\u017e\u00edv\u00e1n\u00edm a \u00fadr\u017ebou hydraulick\u00fdch stanic.<\/p>\n<p>3. Poprodejn\u00ed podpora:<br \/>\nDlouhodob\u00fd poprodejn\u00ed servis zaji\u0161\u0165uje stabiln\u00ed provoz hydraulick\u00fdch stanic.<\/p>","protected":false},"excerpt":{"rendered":"<p>Hydraulick\u00fd agreg\u00e1t (HPU) je kl\u00ed\u010dovou sou\u010d\u00e1st\u00ed hydraulick\u00fdch syst\u00e9m\u016f, kter\u00e1 zaji\u0161\u0165uje pot\u0159ebn\u00fd v\u00fdkon pro r\u016fzn\u00e9 pr\u016fmyslov\u00e9 aplikace. Skl\u00e1d\u00e1 se z motoru, \u010derpadla, n\u00e1dr\u017ee a regula\u010dn\u00edch ventil\u016f, kter\u00e9 spole\u010dn\u011b vytv\u00e1\u0159ej\u00ed, uchov\u00e1vaj\u00ed a reguluj\u00ed hydraulick\u00fd tlak. HPU se b\u011b\u017en\u011b pou\u017e\u00edvaj\u00ed ve stroj\u00edch, jako jsou lisy, lisovac\u00ed stroje a v\u00fdtahy, a nab\u00edzej\u00ed vysokou \u00fa\u010dinnost a spolehlivost. Jsou navr\u017eeny s ohledem na odolnost a jsou schopny zvl\u00e1dat n\u00e1ro\u010dn\u00e9 provozy, \u010d\u00edm\u017e zaji\u0161\u0165uj\u00ed plynul\u00fd a nep\u0159etr\u017eit\u00fd v\u00fdkon.<\/p>","protected":false},"featured_media":1906,"template":"","meta":{"site-sidebar-layout":"default","site-content-layout":"","ast-site-content-layout":"default","site-content-style":"default","site-sidebar-style":"default","ast-global-header-display":"","ast-banner-title-visibility":"","ast-main-header-display":"","ast-hfb-above-header-display":"","ast-hfb-below-header-display":"","ast-hfb-mobile-header-display":"","site-post-title":"","ast-breadcrumbs-content":"","ast-featured-img":"","footer-sml-layout":"","ast-disable-related-posts":"","theme-transparent-header-meta":"default","adv-header-id-meta":"","stick-header-meta":"","header-above-stick-meta":"","header-main-stick-meta":"","header-below-stick-meta":"","astra-migrate-meta-layouts":"set","ast-page-background-enabled":"default","ast-page-background-meta":{"desktop":{"background-color":"var(--ast-global-color-5)","background-image":"","background-repeat":"repeat","background-position":"center center","background-size":"auto","background-attachment":"scroll","background-type":"","background-media":"","overlay-type":"","overlay-color":"","overlay-opacity":"","overlay-gradient":""},"tablet":{"background-color":"","background-image":"","background-repeat":"repeat","background-position":"center center","background-size":"auto","background-attachment":"scroll","background-type":"","background-media":"","overlay-type":"","overlay-color":"","overlay-opacity":"","overlay-gradient":""},"mobile":{"background-color":"","background-image":"","background-repeat":"repeat","background-position":"center center","background-size":"auto","background-attachment":"scroll","background-type":"","background-media":"","overlay-type":"","overlay-color":"","overlay-opacity":"","overlay-gradient":""}},"ast-content-background-meta":{"desktop":{"background-color":"var(--ast-global-color-4)","background-image":"","background-repeat":"repeat","background-position":"center center","background-size":"auto","background-attachment":"scroll","background-type":"","background-media":"","overlay-type":"","overlay-color":"","overlay-opacity":"","overlay-gradient":""},"tablet":{"background-color":"var(--ast-global-color-4)","background-image":"","background-repeat":"repeat","background-position":"center center","background-size":"auto","background-attachment":"scroll","background-type":"","background-media":"","overlay-type":"","overlay-color":"","overlay-opacity":"","overlay-gradient":""},"mobile":{"background-color":"var(--ast-global-color-4)","background-image":"","background-repeat":"repeat","background-position":"center center","background-size":"auto","background-attachment":"scroll","background-type":"","background-media":"","overlay-type":"","overlay-color":"","overlay-opacity":"","overlay-gradient":""}}},"product_brand":[],"product_cat":[19],"product_tag":[36,39,41,38,40,37],"class_list":{"0":"post-865","1":"product","2":"type-product","3":"status-publish","4":"has-post-thumbnail","6":"product_cat-hydraulic-components","7":"product_tag-china-hydraulic-power-unit","8":"product_tag-hydraulic-power-unit-factory","9":"product_tag-hydraulic-power-unit-for-sale","10":"product_tag-hydraulic-power-unit-manufacturer","11":"product_tag-hydraulic-power-unit-price","12":"product_tag-hydraulic-power-unit-supplier","13":"desktop-align-left","14":"tablet-align-left","15":"mobile-align-left","17":"first","18":"instock","19":"shipping-taxable","20":"product-type-simple"},"_links":{"self":[{"href":"https:\/\/www.gigapa.com\/cs\/wp-json\/wp\/v2\/product\/865","targetHints":{"allow":["GET"]}}],"collection":[{"href":"https:\/\/www.gigapa.com\/cs\/wp-json\/wp\/v2\/product"}],"about":[{"href":"https:\/\/www.gigapa.com\/cs\/wp-json\/wp\/v2\/types\/product"}],"version-history":[{"count":4,"href":"https:\/\/www.gigapa.com\/cs\/wp-json\/wp\/v2\/product\/865\/revisions"}],"predecessor-version":[{"id":2774,"href":"https:\/\/www.gigapa.com\/cs\/wp-json\/wp\/v2\/product\/865\/revisions\/2774"}],"wp:featuredmedia":[{"embeddable":true,"href":"https:\/\/www.gigapa.com\/cs\/wp-json\/wp\/v2\/media\/1906"}],"wp:attachment":[{"href":"https:\/\/www.gigapa.com\/cs\/wp-json\/wp\/v2\/media?parent=865"}],"wp:term":[{"taxonomy":"product_brand","embeddable":true,"href":"https:\/\/www.gigapa.com\/cs\/wp-json\/wp\/v2\/product_brand?post=865"},{"taxonomy":"product_cat","embeddable":true,"href":"https:\/\/www.gigapa.com\/cs\/wp-json\/wp\/v2\/product_cat?post=865"},{"taxonomy":"product_tag","embeddable":true,"href":"https:\/\/www.gigapa.com\/cs\/wp-json\/wp\/v2\/product_tag?post=865"}],"curies":[{"name":"wp","href":"https:\/\/api.w.org\/{rel}","templated":true}]}}