{"id":2034,"date":"2025-06-17T15:40:28","date_gmt":"2025-06-17T07:40:28","guid":{"rendered":"https:\/\/www.gigapa.com\/?page_id=2034"},"modified":"2025-07-07T15:33:32","modified_gmt":"2025-07-07T07:33:32","slug":"gts-e-dual-shaft-shredder","status":"publish","type":"page","link":"https:\/\/www.gigapa.com\/de\/gts-e-dual-shaft-shredder\/","title":{"rendered":"\u3010Kr\u00e4ftiger Schwung, effizienter Output\u3011 - GTS-E Doppelwellenh\u00e4cksler"},"content":{"rendered":"<div data-elementor-type=\"wp-page\" data-elementor-id=\"2034\" class=\"elementor elementor-2034\" data-elementor-post-type=\"page\">\n\t\t\t\t<div class=\"elementor-element elementor-element-f4ffe10 e-flex e-con-boxed e-con e-parent\" data-id=\"f4ffe10\" data-element_type=\"container\" data-e-type=\"container\">\n\t\t\t\t\t<div class=\"e-con-inner\">\n\t\t\t\t<div class=\"elementor-element elementor-element-c199ab4 elementor-widget elementor-widget-heading\" data-id=\"c199ab4\" data-element_type=\"widget\" data-e-type=\"widget\" data-widget_type=\"heading.default\">\n\t\t\t\t<div class=\"elementor-widget-container\">\n\t\t\t\t\t<h1 class=\"elementor-heading-title elementor-size-default\">\u3010Kr\u00e4ftiger Schwung, effizienter Output\u3011- GTS-E Doppelwellenh\u00e4cksler<\/h1>\t\t\t\t<\/div>\n\t\t\t\t<\/div>\n\t\t\t\t<div class=\"elementor-element elementor-element-09e8edd elementor-widget elementor-widget-woocommerce-breadcrumb\" data-id=\"09e8edd\" data-element_type=\"widget\" data-e-type=\"widget\" data-widget_type=\"woocommerce-breadcrumb.default\">\n\t\t\t\t<div class=\"elementor-widget-container\">\n\t\t\t\t\t<nav class=\"woocommerce-breadcrumb\" aria-label=\"Breadcrumb\" data-no-translation=\"\" data-trp-gettext=\"\">Startseite<\/nav>\t\t\t\t<\/div>\n\t\t\t\t<\/div>\n\t\t\t\t<div class=\"elementor-element elementor-element-9bcabc6 elementor-widget elementor-widget-text-editor\" data-id=\"9bcabc6\" data-element_type=\"widget\" data-e-type=\"widget\" data-widget_type=\"text-editor.default\">\n\t\t\t\t<div class=\"elementor-widget-container\">\n\t\t\t\t\t\t\t\t\t<p><strong><b>Projektname: <\/b><\/strong>Zerkleinerung und Entsorgung von medizinischem Abfall in Tianjin<br \/><strong><b>Kunde:<\/b><\/strong>\u00a0Ein Unternehmen f\u00fcr die Entsorgung medizinischer Abf\u00e4lle in Tianjin<br \/><strong><b>Standort: <\/b><\/strong>Tianjin, China<\/p><h2><strong><b>Hintergrund des Projekts:<\/b><\/strong><\/h2><p>Die Pandemie hat zu einer gro\u00dfen Menge an virenbelastetem medizinischem Abfall gef\u00fchrt, wobei das Gesundheitssystem die gr\u00f6\u00dfte Menge produziert und mit dem dringendsten Bedarf konfrontiert ist. W\u00e4hrend der Einsatz an vorderster Front von entscheidender Bedeutung ist, ist die rechtzeitige Entsorgung am Ende der Kette ebenso wichtig, um die Verbreitung von Viren zu verhindern. Der Hochleistungs-Doppelwellenzerkleinerer wird f\u00fcr die Zerkleinerung von Gegenst\u00e4nden wie Spritzen, Schutzanz\u00fcgen, Schutzbrillen und medizinischen Handschuhen eingesetzt. Medizinische Kunststoffabf\u00e4lle wie Spritzen k\u00f6nnen weiter in kleine Partikel zerkleinert werden (dabei ist darauf zu achten, dass die Ger\u00e4te versiegelt sind, um die Ausbreitung von Aerosolen zu vermeiden). Gr\u00fcndlich desinfizierte Kunststofffragmente (z. B. Polypropylen PP, Polyethylen PE) k\u00f6nnen an zugelassene Unternehmen f\u00fcr das Recycling medizinischer Abf\u00e4lle zum Einschmelzen und Regenerieren sowie zur Wiederverwendung f\u00fcr nichtmedizinische Zwecke (z. B. Blument\u00f6pfe oder Kunststoffplatten) abgegeben werden. Nadeln m\u00fcssen separat gesammelt werden, wobei Krankheitserreger durch Hochtemperaturschmelzen (\u22651200\u00b0C) vor der Metallr\u00fcckgewinnung zerst\u00f6rt werden. Der verbleibende Abfall wird zur Behandlung in Verbrennungsanlagen f\u00fcr medizinische Abf\u00e4lle gebracht.<\/p><p><img fetchpriority=\"high\" decoding=\"async\" class=\"aligncenter wp-image-2038\" src=\"https:\/\/www.gigapa.com\/wp-content\/uploads\/2025\/06\/\u56fe\u72471.png\" alt=\"\" width=\"800\" height=\"534\" srcset=\"https:\/\/www.gigapa.com\/wp-content\/uploads\/2025\/06\/\u56fe\u72471.png 1003w, https:\/\/www.gigapa.com\/wp-content\/uploads\/2025\/06\/\u56fe\u72471-300x200.png 300w, https:\/\/www.gigapa.com\/wp-content\/uploads\/2025\/06\/\u56fe\u72471-768x512.png 768w, https:\/\/www.gigapa.com\/wp-content\/uploads\/2025\/06\/\u56fe\u72471-18x12.png 18w, https:\/\/www.gigapa.com\/wp-content\/uploads\/2025\/06\/\u56fe\u72471-600x400.png 600w\" sizes=\"(max-width: 800px) 100vw, 800px\" \/><\/p><p><img decoding=\"async\" class=\"aligncenter wp-image-2039\" src=\"https:\/\/www.gigapa.com\/wp-content\/uploads\/2025\/06\/\u56fe\u72472.png\" alt=\"\" width=\"800\" height=\"533\" srcset=\"https:\/\/www.gigapa.com\/wp-content\/uploads\/2025\/06\/\u56fe\u72472.png 1017w, https:\/\/www.gigapa.com\/wp-content\/uploads\/2025\/06\/\u56fe\u72472-300x200.png 300w, https:\/\/www.gigapa.com\/wp-content\/uploads\/2025\/06\/\u56fe\u72472-768x512.png 768w, https:\/\/www.gigapa.com\/wp-content\/uploads\/2025\/06\/\u56fe\u72472-18x12.png 18w, https:\/\/www.gigapa.com\/wp-content\/uploads\/2025\/06\/\u56fe\u72472-600x400.png 600w\" sizes=\"(max-width: 800px) 100vw, 800px\" \/><\/p><h2><strong><b>Anforderungen der Kunden:<\/b><\/strong><\/h2><p>Dringende Verarbeitung mit hohem Tagesdurchsatz erforderlich, um eine Ansammlung zu verhindern, die zur Verbreitung von Viren und zu Sicherheitsrisiken f\u00fchren k\u00f6nnte. Geschlossenes Zerkleinerungssystem erforderlich, um die Freisetzung von Aerosolen w\u00e4hrend des Schredderns zu verhindern. Das Material sollte so fein wie m\u00f6glich zerkleinert werden, um eine effizientere Verbrennung mit k\u00fcrzerer Verbrennungszeit zu erm\u00f6glichen; nur einmalige Zerkleinerung - keine mehrfachen Zerkleinerungszyklen - um Zeit zu sparen und optimale Ergebnisse in einem Schritt zu erzielen. Automatisierung und intelligente Systeme sind unerl\u00e4sslich, um den menschlichen Kontakt w\u00e4hrend der Pandemie zu minimieren.<\/p><h2><strong><b>L\u00f6sung:<\/b><\/strong><\/h2><p>Unser technisches Team reagierte umgehend auf die Anforderungen und entwickelte eine effiziente und rationelle L\u00f6sung unter Verwendung der <a href=\"https:\/\/www.gigapa.com\/de\/product\/double-shaft-shredders\/\">Doppelwellenzerkleinerer GTS-E<\/a>\u00a0mit: Kundenspezifischer, geschlossener Arbeitsraum Intelligentes, automatisiertes Steuerungssystem mit Siemens PLC, Schneider Electric-Komponenten und intelligenten Steuerungsprogrammen Stabiler Betrieb mit benutzerfreundlichen, leicht zu erlernenden Bedienelementen<\/p><p>Bei pandemischen Personalengp\u00e4ssen erm\u00f6glicht das System durch Kurzzeitschulungen eine sichere Bedienung der Ger\u00e4te auch durch Mitarbeiter mit geringer Ausbildung oder niedrigem Bildungsniveau. Speziell entwickelte Klingen sorgen f\u00fcr maximale Effizienz: Importierte Klingen aus hochlegiertem Stahl, die H\u00e4rte und Z\u00e4higkeit kombinieren Reparierbare Klingen mit optimiertem Zahnprofil f\u00fcr eine effektivere Zerkleinerung Die direkte Verbindung zwischen Motor und Getriebe sowie zwischen Getriebe und Messerwelle gew\u00e4hrleistet eine reibungslose \u00dcbertragung und hohe Effizienz.<\/p><p><div style=\"width: 1620px;\" class=\"wp-video\"><!--[if lt IE 9]><script>document.createElement('video');<\/script><![endif]-->\n<video class=\"wp-video-shortcode\" id=\"video-2034-1\" width=\"1620\" height=\"1080\" preload=\"auto\" controls=\"controls\"><source type=\"video\/mp4\" src=\"https:\/\/www.gigapa.com\/wp-content\/uploads\/2025\/06\/\u533b\u7597\u5783\u573e\u7834\u788e.mp4?_=1\" \/><a href=\"https:\/\/www.gigapa.com\/wp-content\/uploads\/2025\/06\/\u533b\u7597\u5783\u573e\u7834\u788e.mp4\">https:\/\/www.gigapa.com\/wp-content\/uploads\/2025\/06\/\u533b\u7597\u5783\u573e\u7834\u788e.mp4<\/a><\/video><\/div><\/p><p><img decoding=\"async\" class=\"wp-image-524 size-full aligncenter\" src=\"https:\/\/www.gigapa.com\/wp-content\/uploads\/2025\/02\/\u56fe\u72479-6.png\" alt=\"Doppelwellenzerkleinerer\" width=\"500\" height=\"253\" srcset=\"https:\/\/www.gigapa.com\/wp-content\/uploads\/2025\/02\/\u56fe\u72479-6.png 500w, https:\/\/www.gigapa.com\/wp-content\/uploads\/2025\/02\/\u56fe\u72479-6-300x152.png 300w\" sizes=\"(max-width: 500px) 100vw, 500px\" \/><\/p><p><img loading=\"lazy\" decoding=\"async\" class=\"wp-image-990 aligncenter\" src=\"https:\/\/www.gigapa.com\/wp-content\/uploads\/2025\/05\/\u533b\u7597\u5783\u573e5.jpg\" alt=\"Doppelwellenzerkleinerer\" width=\"800\" height=\"502\" srcset=\"https:\/\/www.gigapa.com\/wp-content\/uploads\/2025\/05\/\u533b\u7597\u5783\u573e5.jpg 1034w, https:\/\/www.gigapa.com\/wp-content\/uploads\/2025\/05\/\u533b\u7597\u5783\u573e5-300x188.jpg 300w, https:\/\/www.gigapa.com\/wp-content\/uploads\/2025\/05\/\u533b\u7597\u5783\u573e5-1024x643.jpg 1024w, https:\/\/www.gigapa.com\/wp-content\/uploads\/2025\/05\/\u533b\u7597\u5783\u573e5-768x482.jpg 768w, https:\/\/www.gigapa.com\/wp-content\/uploads\/2025\/05\/\u533b\u7597\u5783\u573e5-600x377.jpg 600w\" sizes=\"(max-width: 800px) 100vw, 800px\" \/><\/p><p>Bei GIGAPA stehen die Kunden an erster Stelle. Unsere Dienstleistungen und L\u00f6sungen sind darauf ausgerichtet, die Bed\u00fcrfnisse unserer Kunden zu erf\u00fcllen und gleichzeitig einen Beitrag zur Gesellschaft zu leisten, indem wir uns mit sozialen Fragen auseinandersetzen. Indem wir die Probleme und Sorgen unserer Kunden genau verstehen, bieten wir gezielte L\u00f6sungen an, um ihnen bei der Bew\u00e4ltigung ihrer Herausforderungen zu helfen. W\u00e4hrend der Projektdurchf\u00fchrung stehen wir in st\u00e4ndiger Kommunikation mit unseren Kunden, um gegenseitiges Vertrauen aufzubauen und eine erfolgreiche Zusammenarbeit zu erreichen. Gemeinsam nutzen wir die Kraft von GIGAPA, um in der Branche Ma\u00dfst\u00e4be zu setzen!<\/p>\t\t\t\t\t\t\t\t<\/div>\n\t\t\t\t<\/div>\n\t\t\t\t\t<\/div>\n\t\t\t\t<\/div>\n\t\t<div class=\"elementor-element elementor-element-5d031fa e-flex e-con-boxed e-con e-parent\" data-id=\"5d031fa\" data-element_type=\"container\" data-e-type=\"container\">\n\t\t\t\t\t<div class=\"e-con-inner\">\n\t\t\t\t<div class=\"elementor-element elementor-element-696a70c elementor-widget elementor-widget-wpforms\" data-id=\"696a70c\" data-element_type=\"widget\" data-e-type=\"widget\" data-widget_type=\"wpforms.default\">\n\t\t\t\t<div class=\"elementor-widget-container\">\n\t\t\t\t\t<style id=\"wpforms-css-vars-elementor-widget-696a70c\">\n\t\t\t\t.elementor-widget-wpforms.elementor-element-696a70c {\n\t\t\t\t--wpforms-field-size-input-height: 43px;\n--wpforms-field-size-input-spacing: 15px;\n--wpforms-field-size-font-size: 16px;\n--wpforms-field-size-line-height: 19px;\n--wpforms-field-size-padding-h: 14px;\n--wpforms-field-size-checkbox-size: 16px;\n--wpforms-field-size-sublabel-spacing: 5px;\n--wpforms-field-size-icon-size: 1;\n--wpforms-label-size-font-size: 16px;\n--wpforms-label-size-line-height: 19px;\n--wpforms-label-size-sublabel-font-size: 14px;\n--wpforms-label-size-sublabel-line-height: 17px;\n--wpforms-button-size-font-size: 17px;\n--wpforms-button-size-height: 41px;\n--wpforms-button-size-padding-h: 15px;\n--wpforms-button-size-margin-top: 10px;\n\n\t\t\t}\n\t\t\t<\/style><div class=\"wpforms-container wpforms-container-full wpforms-render-modern\" id=\"wpforms-992\"><form id=\"wpforms-form-992\" class=\"wpforms-validate wpforms-form wpforms-ajax-form\" data-formid=\"992\" method=\"post\" enctype=\"multipart\/form-data\" action=\"\/de\/wp-json\/wp\/v2\/pages\/2034\" data-token=\"e222e14b642e66d528c567c6e9f9d64d\" data-token-time=\"1778845416\" data-trp-original-action=\"\/de\/wp-json\/wp\/v2\/pages\/2034\"><noscript class=\"wpforms-error-noscript\">Bitte aktivieren Sie JavaScript in Ihrem Browser, um dieses Formular fertigzustellen.<\/noscript><div class=\"wpforms-hidden\" id=\"wpforms-error-noscript\">Bitte aktivieren Sie JavaScript in Ihrem Browser, um dieses Formular fertigzustellen.<\/div><div class=\"wpforms-field-container\"><div id=\"wpforms-992-field_6-container\" class=\"wpforms-field wpforms-field-text\" data-field-id=\"6\"><label class=\"wpforms-field-label\" for=\"wpforms-992-field_6\">Name<\/label><input type=\"text\" id=\"wpforms-992-field_6\" class=\"wpforms-field-large\" name=\"wpforms[fields][6]\" aria-errormessage=\"wpforms-992-field_6-error\" ><\/div><div id=\"wpforms-992-field_4-container\" class=\"wpforms-field wpforms-field-email\" data-field-id=\"4\"><label class=\"wpforms-field-label\" for=\"wpforms-992-field_4\">E-Mail <span class=\"wpforms-required-label\" aria-hidden=\"true\">*<\/span><\/label><input type=\"email\" id=\"wpforms-992-field_4\" class=\"wpforms-field-large wpforms-field-required\" name=\"wpforms[fields][4]\" spellcheck=\"false\" aria-errormessage=\"wpforms-992-field_4-error\" required><\/div><div id=\"wpforms-992-field_2-container\" class=\"wpforms-field wpforms-field-text\" data-field-id=\"2\"><label class=\"wpforms-field-label\" for=\"wpforms-992-field_2\">Telefon <span class=\"wpforms-required-label\" aria-hidden=\"true\">*<\/span><\/label><input type=\"text\" id=\"wpforms-992-field_2\" class=\"wpforms-field-large wpforms-field-required\" name=\"wpforms[fields][2]\" aria-errormessage=\"wpforms-992-field_2-error\" required><\/div><div id=\"wpforms-992-field_5-container\" class=\"wpforms-field wpforms-field-textarea\" data-field-id=\"5\"><label class=\"wpforms-field-label\" for=\"wpforms-992-field_5\">Nachricht <span class=\"wpforms-required-label\" aria-hidden=\"true\">*<\/span><\/label><textarea id=\"wpforms-992-field_5\" class=\"wpforms-field-medium wpforms-field-required\" name=\"wpforms[fields][5]\" aria-errormessage=\"wpforms-992-field_5-error\" required><\/textarea><\/div><div id=\"wpforms-992-field_10-container\" class=\"wpforms-field wpforms-field-text hide-page-url\" data-field-id=\"10\"><label class=\"wpforms-field-label\" for=\"wpforms-992-field_10\">Einreichung Seite<\/label><input type=\"text\" id=\"wpforms-992-field_10\" class=\"wpforms-field-large\" name=\"wpforms[fields][10]\" value=\"https:\/\/www.gigapa.com\/de\/wp-json\/wp\/v2\/pages\/2034\" aria-errormessage=\"wpforms-992-field_10-error\" ><\/div><div id=\"wpforms-992-field_11-container\" class=\"wpforms-field wpforms-field-text hidden-ip\" data-field-id=\"11\"><label class=\"wpforms-field-label\" for=\"wpforms-992-field_11\">Kunde IP<\/label><input type=\"text\" id=\"wpforms-992-field_11\" class=\"wpforms-field-large\" name=\"wpforms[fields][11]\" value=\"216.73.217.73\" aria-errormessage=\"wpforms-992-field_11-error\" ><\/div><\/div><!-- .wpforms-field-container --><div class=\"wpforms-recaptcha-container wpforms-is-recaptcha wpforms-is-recaptcha-type-invisible\" ><div class=\"g-recaptcha\" data-sitekey=\"6LdEtWsrAAAAAEmzxiBRi6AAl-KXXavWAmEJdn-a\" data-size=\"invisible\"><\/div><\/div><div class=\"wpforms-submit-container\" ><input type=\"hidden\" name=\"wpforms[id]\" value=\"992\"><input type=\"hidden\" name=\"page_title\" value=\"\"><input type=\"hidden\" name=\"page_url\" value=\"https:\/\/www.gigapa.com\/de\/wp-json\/wp\/v2\/pages\/2034\"><button type=\"submit\" name=\"wpforms[submit]\" id=\"wpforms-submit-992\" class=\"wpforms-submit\" data-alt-text=\"Sending...\" data-submit-text=\"Get Free Quote\" aria-live=\"assertive\" value=\"wpforms-submit\">Kostenloses Angebot erhalten<\/button><img loading=\"lazy\" decoding=\"async\" src=\"https:\/\/www.gigapa.com\/wp-content\/plugins\/wpforms\/assets\/images\/submit-spin.svg\" class=\"wpforms-submit-spinner\" style=\"display: none;\" width=\"26\" height=\"26\" alt=\"Wird geladen\"><\/div><input type=\"hidden\" name=\"trp-form-language\" value=\"de\"\/><\/form><\/div>  <!-- .wpforms-container -->\t\t\t\t<\/div>\n\t\t\t\t<\/div>\n\t\t\t\t\t<\/div>\n\t\t\t\t<\/div>\n\t\t\t\t<\/div>","protected":false},"excerpt":{"rendered":"<p>\u3010Kr\u00e4ftiger Schwung, effizienter Output\u3011- GTS-E Doppelwellenzerkleinerer Projektname: Zerkleinerung und Entsorgung von medizinischen Abf\u00e4llen in TianjinKunde: Ein Entsorgungsunternehmen f\u00fcr medizinische Abf\u00e4lle [...]<\/p>","protected":false},"author":1,"featured_media":0,"parent":0,"menu_order":0,"comment_status":"closed","ping_status":"closed","template":"","meta":{"site-sidebar-layout":"no-sidebar","site-content-layout":"","ast-site-content-layout":"full-width-container","site-content-style":"default","site-sidebar-style":"default","ast-global-header-display":"","ast-banner-title-visibility":"","ast-main-header-display":"","ast-hfb-above-header-display":"","ast-hfb-below-header-display":"","ast-hfb-mobile-header-display":"","site-post-title":"disabled","ast-breadcrumbs-content":"","ast-featured-img":"disabled","footer-sml-layout":"","ast-disable-related-posts":"","theme-transparent-header-meta":"default","adv-header-id-meta":"","stick-header-meta":"","header-above-stick-meta":"","header-main-stick-meta":"","header-below-stick-meta":"","astra-migrate-meta-layouts":"set","ast-page-background-enabled":"default","ast-page-background-meta":{"desktop":{"background-color":"var(--ast-global-color-5)","background-image":"","background-repeat":"repeat","background-position":"center center","background-size":"auto","background-attachment":"scroll","background-type":"","background-media":"","overlay-type":"","overlay-color":"","overlay-opacity":"","overlay-gradient":""},"tablet":{"background-color":"","background-image":"","background-repeat":"repeat","background-position":"center center","background-size":"auto","background-attachment":"scroll","background-type":"","background-media":"","overlay-type":"","overlay-color":"","overlay-opacity":"","overlay-gradient":""},"mobile":{"background-color":"","background-image":"","background-repeat":"repeat","background-position":"center center","background-size":"auto","background-attachment":"scroll","background-type":"","background-media":"","overlay-type":"","overlay-color":"","overlay-opacity":"","overlay-gradient":""}},"ast-content-background-meta":{"desktop":{"background-color":"var(--ast-global-color-4)","background-image":"","background-repeat":"repeat","background-position":"center center","background-size":"auto","background-attachment":"scroll","background-type":"","background-media":"","overlay-type":"","overlay-color":"","overlay-opacity":"","overlay-gradient":""},"tablet":{"background-color":"var(--ast-global-color-4)","background-image":"","background-repeat":"repeat","background-position":"center center","background-size":"auto","background-attachment":"scroll","background-type":"","background-media":"","overlay-type":"","overlay-color":"","overlay-opacity":"","overlay-gradient":""},"mobile":{"background-color":"var(--ast-global-color-4)","background-image":"","background-repeat":"repeat","background-position":"center center","background-size":"auto","background-attachment":"scroll","background-type":"","background-media":"","overlay-type":"","overlay-color":"","overlay-opacity":"","overlay-gradient":""}},"footnotes":""},"class_list":["post-2034","page","type-page","status-publish","hentry"],"_hostinger_reach_plugin_has_subscription_block":false,"_hostinger_reach_plugin_is_elementor":false,"_links":{"self":[{"href":"https:\/\/www.gigapa.com\/de\/wp-json\/wp\/v2\/pages\/2034","targetHints":{"allow":["GET"]}}],"collection":[{"href":"https:\/\/www.gigapa.com\/de\/wp-json\/wp\/v2\/pages"}],"about":[{"href":"https:\/\/www.gigapa.com\/de\/wp-json\/wp\/v2\/types\/page"}],"author":[{"embeddable":true,"href":"https:\/\/www.gigapa.com\/de\/wp-json\/wp\/v2\/users\/1"}],"replies":[{"embeddable":true,"href":"https:\/\/www.gigapa.com\/de\/wp-json\/wp\/v2\/comments?post=2034"}],"version-history":[{"count":21,"href":"https:\/\/www.gigapa.com\/de\/wp-json\/wp\/v2\/pages\/2034\/revisions"}],"predecessor-version":[{"id":2342,"href":"https:\/\/www.gigapa.com\/de\/wp-json\/wp\/v2\/pages\/2034\/revisions\/2342"}],"wp:attachment":[{"href":"https:\/\/www.gigapa.com\/de\/wp-json\/wp\/v2\/media?parent=2034"}],"curies":[{"name":"wp","href":"https:\/\/api.w.org\/{rel}","templated":true}]}}