{"id":2046,"date":"2025-06-17T15:40:25","date_gmt":"2025-06-17T07:40:25","guid":{"rendered":"https:\/\/www.gigapa.com\/?page_id=2046"},"modified":"2025-06-25T09:33:12","modified_gmt":"2025-06-25T01:33:12","slug":"gss-f-single-shaft-shredder","status":"publish","type":"page","link":"https:\/\/www.gigapa.com\/de\/gss-f-single-shaft-shredder\/","title":{"rendered":"\u3010Medizinischer Abfallvernichter\u3011- GSS-F Einwellenzerkleinerer"},"content":{"rendered":"<div data-elementor-type=\"wp-page\" data-elementor-id=\"2046\" class=\"elementor elementor-2046\" data-elementor-post-type=\"page\">\n\t\t\t\t<div class=\"elementor-element elementor-element-422e32d e-flex e-con-boxed e-con e-parent\" data-id=\"422e32d\" data-element_type=\"container\" data-e-type=\"container\">\n\t\t\t\t\t<div class=\"e-con-inner\">\n\t\t\t\t<div class=\"elementor-element elementor-element-a69abf5 elementor-widget elementor-widget-heading\" data-id=\"a69abf5\" data-element_type=\"widget\" data-e-type=\"widget\" data-widget_type=\"heading.default\">\n\t\t\t\t<div class=\"elementor-widget-container\">\n\t\t\t\t\t<h1 class=\"elementor-heading-title elementor-size-default\">\u3010Medizinischer Abfallvernichter\u3011-- GSS-F Einwellenzerkleinerer<\/h1>\t\t\t\t<\/div>\n\t\t\t\t<\/div>\n\t\t\t\t<div class=\"elementor-element elementor-element-152dd15 elementor-widget elementor-widget-woocommerce-breadcrumb\" data-id=\"152dd15\" data-element_type=\"widget\" data-e-type=\"widget\" data-widget_type=\"woocommerce-breadcrumb.default\">\n\t\t\t\t<div class=\"elementor-widget-container\">\n\t\t\t\t\t<nav class=\"woocommerce-breadcrumb\" aria-label=\"Breadcrumb\" data-no-translation=\"\" data-trp-gettext=\"\">Startseite<\/nav>\t\t\t\t<\/div>\n\t\t\t\t<\/div>\n\t\t\t\t<div class=\"elementor-element elementor-element-6a2da97 elementor-widget elementor-widget-text-editor\" data-id=\"6a2da97\" data-element_type=\"widget\" data-e-type=\"widget\" data-widget_type=\"text-editor.default\">\n\t\t\t\t<div class=\"elementor-widget-container\">\n\t\t\t\t\t\t\t\t\t<p><strong><b>Projektname:<\/b><\/strong>\u00a0Zerkleinerung medizinischer Abf\u00e4lle in Haian<br \/><strong><b>Kunde: <\/b><\/strong>Ein in Haian ans\u00e4ssiges Unternehmen f\u00fcr Umweltschutz<br \/><strong><b>Standort: <\/b><\/strong>Haian, Provinz Jiangsu<\/p><h2><strong><b>Hintergrund des Projekts:<\/b><\/strong><\/h2><p>W\u00e4hrend der Pandemie nahm der medizinische Abfall dramatisch zu. Die zu zerkleinernden Materialien - darunter Bettlaken, Masken, Schutzanz\u00fcge, Spritzen und Infusionsflaschen - konnten nicht direkt in die Verbrennungsanlagen gegeben werden, da sie sich beim Mischen und Transport im Ofen verheddern w\u00fcrden. Die Zerkleinerung war notwendig, um ein Verheddern zu verhindern, w\u00e4hrend feiner zerkleinertes Material eine vollst\u00e4ndigere Verbrennung erm\u00f6glichte und die Verbrennungszeit verk\u00fcrzte.<\/p><p><img fetchpriority=\"high\" decoding=\"async\" class=\"aligncenter wp-image-2040\" src=\"https:\/\/www.gigapa.com\/wp-content\/uploads\/2025\/06\/\u56fe\u72473.png\" alt=\"\" width=\"800\" height=\"503\" srcset=\"https:\/\/www.gigapa.com\/wp-content\/uploads\/2025\/06\/\u56fe\u72473.png 1080w, https:\/\/www.gigapa.com\/wp-content\/uploads\/2025\/06\/\u56fe\u72473-300x189.png 300w, https:\/\/www.gigapa.com\/wp-content\/uploads\/2025\/06\/\u56fe\u72473-1024x644.png 1024w, https:\/\/www.gigapa.com\/wp-content\/uploads\/2025\/06\/\u56fe\u72473-768x483.png 768w, https:\/\/www.gigapa.com\/wp-content\/uploads\/2025\/06\/\u56fe\u72473-18x12.png 18w, https:\/\/www.gigapa.com\/wp-content\/uploads\/2025\/06\/\u56fe\u72473-600x377.png 600w\" sizes=\"(max-width: 800px) 100vw, 800px\" \/><\/p><h2><strong><b>Anforderungen der Kunden:<\/b><\/strong><\/h2><p>Zerkleinert Materialien in kleinere, f\u00fcr die Verbrennung geeignete St\u00fccke mit hoher Effizienz.<br \/>Es ist besonders darauf zu achten, dass Fl\u00fcssigkeiten zur Desinfektion getrennt aufgefangen werden.<br \/>Die Klingen m\u00fcssen verschlei\u00dffest und verwicklungssicher sein und \u00fcber eine ausgezeichnete Stabilit\u00e4t verf\u00fcgen.<br \/>W\u00e4hrend der Pandemie, wenn Reparaturen schwierig sind und die Zeit dr\u00e4ngt, muss die Qualit\u00e4t der Ausr\u00fcstung absolut zuverl\u00e4ssig sein!<\/p><h2><strong><b>L\u00f6sung:<\/b><\/strong><\/h2><p>Auf der Grundlage des t\u00e4glichen Verarbeitungsvolumens des Kunden und der Anforderungen an die Klingenleistung und Gesamtqualit\u00e4t empfahlen wir die am besten geeignete <a href=\"https:\/\/www.gigapa.com\/de\/product\/single-shaft-shredder\/\">Einwellenzerkleinerer GSS-F<\/a>.<br \/>Dieses Ger\u00e4t verf\u00fcgt \u00fcber folgende Merkmale:<\/p><ul><li>Ein Siebgewebe, das Materialien direkt auf die gew\u00fcnschte Gr\u00f6\u00dfe zerkleinert<\/li><li>Hervorragende Stabilit\u00e4t bei verhedderungsfreiem Betrieb<\/li><li>Bewegliche Klingen mit hoher H\u00e4rte, verschlei\u00dffest und in mehreren Winkeln austauschbar<\/li><li>Einstellbare und verriegelbare feste Klingen, um eine Kollision der Klingen zu verhindern<\/li><li>Separate Fl\u00fcssigkeits- und Schmutzkan\u00e4le zum Schutz des Hydrauliksystems vor St\u00f6rungen und zur Erleichterung der getrennten Sammlung<\/li><\/ul><p><div style=\"width: 1620px;\" class=\"wp-video\"><!--[if lt IE 9]><script>document.createElement('video');<\/script><![endif]-->\n<video class=\"wp-video-shortcode\" id=\"video-2046-1\" width=\"1620\" height=\"1080\" preload=\"metadata\" controls=\"controls\"><source type=\"video\/mp4\" src=\"https:\/\/www.gigapa.com\/wp-content\/uploads\/2025\/06\/\u533b\u7597\u5783\u573e\u7834\u788e.mp4?_=1\" \/><a href=\"https:\/\/www.gigapa.com\/wp-content\/uploads\/2025\/06\/\u533b\u7597\u5783\u573e\u7834\u788e.mp4\">https:\/\/www.gigapa.com\/wp-content\/uploads\/2025\/06\/\u533b\u7597\u5783\u573e\u7834\u788e.mp4<\/a><\/video><\/div><\/p><p><img decoding=\"async\" class=\"aligncenter wp-image-1881\" src=\"https:\/\/www.gigapa.com\/wp-content\/uploads\/2025\/05\/BAI\u5355\u8f74\u6495\u788e\u673a-1024x1024.png\" alt=\"Einwellenzerkleinerer\" width=\"800\" height=\"800\" srcset=\"\" sizes=\"(max-width: 800px) 100vw, 800px\" data-srcset=\"\" \/><\/p><p><img decoding=\"async\" class=\"aligncenter wp-image-990\" src=\"https:\/\/www.gigapa.com\/wp-content\/uploads\/2025\/05\/\u533b\u7597\u5783\u573e5.jpg\" alt=\"Doppelwellenzerkleinerer\" width=\"800\" height=\"502\" srcset=\"https:\/\/www.gigapa.com\/wp-content\/uploads\/2025\/05\/\u533b\u7597\u5783\u573e5.jpg 1034w, https:\/\/www.gigapa.com\/wp-content\/uploads\/2025\/05\/\u533b\u7597\u5783\u573e5-300x188.jpg 300w, https:\/\/www.gigapa.com\/wp-content\/uploads\/2025\/05\/\u533b\u7597\u5783\u573e5-1024x643.jpg 1024w, https:\/\/www.gigapa.com\/wp-content\/uploads\/2025\/05\/\u533b\u7597\u5783\u573e5-768x482.jpg 768w, https:\/\/www.gigapa.com\/wp-content\/uploads\/2025\/05\/\u533b\u7597\u5783\u573e5-600x377.jpg 600w\" sizes=\"(max-width: 800px) 100vw, 800px\" \/><\/p><p>GIGAPA hat sich verpflichtet, den Kunden an die erste Stelle zu setzen: Unsere Dienstleistungen und L\u00f6sungen sind darauf ausgerichtet, die Bed\u00fcrfnisse unserer Kunden zu erf\u00fcllen und gleichzeitig einen Beitrag zur Gesellschaft zu leisten, indem wir die Probleme und Sorgen unserer Kunden verstehen und gezielte L\u00f6sungen anbieten, um ihnen bei der Bew\u00e4ltigung ihrer Herausforderungen zu helfen.<\/p>\t\t\t\t\t\t\t\t<\/div>\n\t\t\t\t<\/div>\n\t\t\t\t\t<\/div>\n\t\t\t\t<\/div>\n\t\t<div class=\"elementor-element elementor-element-68c5c98 e-flex e-con-boxed e-con e-parent\" data-id=\"68c5c98\" data-element_type=\"container\" data-e-type=\"container\">\n\t\t\t\t\t<div class=\"e-con-inner\">\n\t\t\t\t<div class=\"elementor-element elementor-element-233cdc4 elementor-widget elementor-widget-wpforms\" data-id=\"233cdc4\" data-element_type=\"widget\" data-e-type=\"widget\" data-widget_type=\"wpforms.default\">\n\t\t\t\t<div class=\"elementor-widget-container\">\n\t\t\t\t\t<style id=\"wpforms-css-vars-elementor-widget-233cdc4\">\n\t\t\t\t.elementor-widget-wpforms.elementor-element-233cdc4 {\n\t\t\t\t--wpforms-field-size-input-height: 43px;\n--wpforms-field-size-input-spacing: 15px;\n--wpforms-field-size-font-size: 16px;\n--wpforms-field-size-line-height: 19px;\n--wpforms-field-size-padding-h: 14px;\n--wpforms-field-size-checkbox-size: 16px;\n--wpforms-field-size-sublabel-spacing: 5px;\n--wpforms-field-size-icon-size: 1;\n--wpforms-label-size-font-size: 16px;\n--wpforms-label-size-line-height: 19px;\n--wpforms-label-size-sublabel-font-size: 14px;\n--wpforms-label-size-sublabel-line-height: 17px;\n--wpforms-button-size-font-size: 17px;\n--wpforms-button-size-height: 41px;\n--wpforms-button-size-padding-h: 15px;\n--wpforms-button-size-margin-top: 10px;\n\n\t\t\t}\n\t\t\t<\/style><div class=\"wpforms-container wpforms-container-full wpforms-render-modern\" id=\"wpforms-992\"><form id=\"wpforms-form-992\" class=\"wpforms-validate wpforms-form wpforms-ajax-form\" data-formid=\"992\" method=\"post\" enctype=\"multipart\/form-data\" action=\"\/de\/wp-json\/wp\/v2\/pages\/2046\" data-token=\"897498a756250995362c809614f2a6e1\" data-token-time=\"1778705851\" data-trp-original-action=\"\/de\/wp-json\/wp\/v2\/pages\/2046\"><noscript class=\"wpforms-error-noscript\">Bitte aktivieren Sie JavaScript in Ihrem Browser, um dieses Formular fertigzustellen.<\/noscript><div class=\"wpforms-hidden\" id=\"wpforms-error-noscript\">Bitte aktivieren Sie JavaScript in Ihrem Browser, um dieses Formular fertigzustellen.<\/div><div class=\"wpforms-field-container\"><div id=\"wpforms-992-field_6-container\" class=\"wpforms-field wpforms-field-text\" data-field-id=\"6\"><label class=\"wpforms-field-label\" for=\"wpforms-992-field_6\">Name<\/label><input type=\"text\" id=\"wpforms-992-field_6\" class=\"wpforms-field-large\" name=\"wpforms[fields][6]\" aria-errormessage=\"wpforms-992-field_6-error\" ><\/div><div id=\"wpforms-992-field_4-container\" class=\"wpforms-field wpforms-field-email\" data-field-id=\"4\"><label class=\"wpforms-field-label\" for=\"wpforms-992-field_4\">E-Mail <span class=\"wpforms-required-label\" aria-hidden=\"true\">*<\/span><\/label><input type=\"email\" id=\"wpforms-992-field_4\" class=\"wpforms-field-large wpforms-field-required\" name=\"wpforms[fields][4]\" spellcheck=\"false\" aria-errormessage=\"wpforms-992-field_4-error\" required><\/div><div id=\"wpforms-992-field_2-container\" class=\"wpforms-field wpforms-field-text\" data-field-id=\"2\"><label class=\"wpforms-field-label\" for=\"wpforms-992-field_2\">Telefon <span class=\"wpforms-required-label\" aria-hidden=\"true\">*<\/span><\/label><input type=\"text\" id=\"wpforms-992-field_2\" class=\"wpforms-field-large wpforms-field-required\" name=\"wpforms[fields][2]\" aria-errormessage=\"wpforms-992-field_2-error\" required><\/div><div id=\"wpforms-992-field_5-container\" class=\"wpforms-field wpforms-field-textarea\" data-field-id=\"5\"><label class=\"wpforms-field-label\" for=\"wpforms-992-field_5\">Nachricht <span class=\"wpforms-required-label\" aria-hidden=\"true\">*<\/span><\/label><textarea id=\"wpforms-992-field_5\" class=\"wpforms-field-medium wpforms-field-required\" name=\"wpforms[fields][5]\" aria-errormessage=\"wpforms-992-field_5-error\" required><\/textarea><\/div><div id=\"wpforms-992-field_10-container\" class=\"wpforms-field wpforms-field-text hide-page-url\" data-field-id=\"10\"><label class=\"wpforms-field-label\" for=\"wpforms-992-field_10\">Einreichung Seite<\/label><input type=\"text\" id=\"wpforms-992-field_10\" class=\"wpforms-field-large\" name=\"wpforms[fields][10]\" value=\"https:\/\/www.gigapa.com\/de\/wp-json\/wp\/v2\/pages\/2046\" aria-errormessage=\"wpforms-992-field_10-error\" ><\/div><div id=\"wpforms-992-field_11-container\" class=\"wpforms-field wpforms-field-text hidden-ip\" data-field-id=\"11\"><label class=\"wpforms-field-label\" for=\"wpforms-992-field_11\">Kunde IP<\/label><input type=\"text\" id=\"wpforms-992-field_11\" class=\"wpforms-field-large\" name=\"wpforms[fields][11]\" value=\"216.73.216.81\" aria-errormessage=\"wpforms-992-field_11-error\" ><\/div><\/div><!-- .wpforms-field-container --><div class=\"wpforms-recaptcha-container wpforms-is-recaptcha wpforms-is-recaptcha-type-invisible\" ><div class=\"g-recaptcha\" data-sitekey=\"6LdEtWsrAAAAAEmzxiBRi6AAl-KXXavWAmEJdn-a\" data-size=\"invisible\"><\/div><\/div><div class=\"wpforms-submit-container\" ><input type=\"hidden\" name=\"wpforms[id]\" value=\"992\"><input type=\"hidden\" name=\"page_title\" value=\"\"><input type=\"hidden\" name=\"page_url\" value=\"https:\/\/www.gigapa.com\/de\/wp-json\/wp\/v2\/pages\/2046\"><button type=\"submit\" name=\"wpforms[submit]\" id=\"wpforms-submit-992\" class=\"wpforms-submit\" data-alt-text=\"Sending...\" data-submit-text=\"Get Free Quote\" aria-live=\"assertive\" value=\"wpforms-submit\">Kostenloses Angebot erhalten<\/button><img loading=\"lazy\" decoding=\"async\" src=\"https:\/\/www.gigapa.com\/wp-content\/plugins\/wpforms\/assets\/images\/submit-spin.svg\" class=\"wpforms-submit-spinner\" style=\"display: none;\" width=\"26\" height=\"26\" alt=\"Wird geladen\"><\/div><input type=\"hidden\" name=\"trp-form-language\" value=\"de\"\/><\/form><\/div>  <!-- .wpforms-container -->\t\t\t\t<\/div>\n\t\t\t\t<\/div>\n\t\t\t\t\t<\/div>\n\t\t\t\t<\/div>\n\t\t\t\t<\/div>","protected":false},"excerpt":{"rendered":"<p>\u3010Medizinischer Abfallvernichter\u3011- GSS-F Einschacht-Zerkleinerer Projektname: Zerkleinerung medizinischer Abf\u00e4lle in HaianKunde: Ein Umweltschutzunternehmen in HaianStandort: Haian, Jiangsu Province [...]<\/p>","protected":false},"author":1,"featured_media":0,"parent":0,"menu_order":0,"comment_status":"closed","ping_status":"closed","template":"","meta":{"site-sidebar-layout":"no-sidebar","site-content-layout":"","ast-site-content-layout":"full-width-container","site-content-style":"default","site-sidebar-style":"default","ast-global-header-display":"","ast-banner-title-visibility":"","ast-main-header-display":"","ast-hfb-above-header-display":"","ast-hfb-below-header-display":"","ast-hfb-mobile-header-display":"","site-post-title":"disabled","ast-breadcrumbs-content":"","ast-featured-img":"disabled","footer-sml-layout":"","ast-disable-related-posts":"","theme-transparent-header-meta":"default","adv-header-id-meta":"","stick-header-meta":"","header-above-stick-meta":"","header-main-stick-meta":"","header-below-stick-meta":"","astra-migrate-meta-layouts":"set","ast-page-background-enabled":"default","ast-page-background-meta":{"desktop":{"background-color":"var(--ast-global-color-5)","background-image":"","background-repeat":"repeat","background-position":"center center","background-size":"auto","background-attachment":"scroll","background-type":"","background-media":"","overlay-type":"","overlay-color":"","overlay-opacity":"","overlay-gradient":""},"tablet":{"background-color":"","background-image":"","background-repeat":"repeat","background-position":"center center","background-size":"auto","background-attachment":"scroll","background-type":"","background-media":"","overlay-type":"","overlay-color":"","overlay-opacity":"","overlay-gradient":""},"mobile":{"background-color":"","background-image":"","background-repeat":"repeat","background-position":"center center","background-size":"auto","background-attachment":"scroll","background-type":"","background-media":"","overlay-type":"","overlay-color":"","overlay-opacity":"","overlay-gradient":""}},"ast-content-background-meta":{"desktop":{"background-color":"var(--ast-global-color-4)","background-image":"","background-repeat":"repeat","background-position":"center center","background-size":"auto","background-attachment":"scroll","background-type":"","background-media":"","overlay-type":"","overlay-color":"","overlay-opacity":"","overlay-gradient":""},"tablet":{"background-color":"var(--ast-global-color-4)","background-image":"","background-repeat":"repeat","background-position":"center center","background-size":"auto","background-attachment":"scroll","background-type":"","background-media":"","overlay-type":"","overlay-color":"","overlay-opacity":"","overlay-gradient":""},"mobile":{"background-color":"var(--ast-global-color-4)","background-image":"","background-repeat":"repeat","background-position":"center center","background-size":"auto","background-attachment":"scroll","background-type":"","background-media":"","overlay-type":"","overlay-color":"","overlay-opacity":"","overlay-gradient":""}},"footnotes":""},"class_list":["post-2046","page","type-page","status-publish","hentry"],"_hostinger_reach_plugin_has_subscription_block":false,"_hostinger_reach_plugin_is_elementor":false,"_links":{"self":[{"href":"https:\/\/www.gigapa.com\/de\/wp-json\/wp\/v2\/pages\/2046","targetHints":{"allow":["GET"]}}],"collection":[{"href":"https:\/\/www.gigapa.com\/de\/wp-json\/wp\/v2\/pages"}],"about":[{"href":"https:\/\/www.gigapa.com\/de\/wp-json\/wp\/v2\/types\/page"}],"author":[{"embeddable":true,"href":"https:\/\/www.gigapa.com\/de\/wp-json\/wp\/v2\/users\/1"}],"replies":[{"embeddable":true,"href":"https:\/\/www.gigapa.com\/de\/wp-json\/wp\/v2\/comments?post=2046"}],"version-history":[{"count":17,"href":"https:\/\/www.gigapa.com\/de\/wp-json\/wp\/v2\/pages\/2046\/revisions"}],"predecessor-version":[{"id":2240,"href":"https:\/\/www.gigapa.com\/de\/wp-json\/wp\/v2\/pages\/2046\/revisions\/2240"}],"wp:attachment":[{"href":"https:\/\/www.gigapa.com\/de\/wp-json\/wp\/v2\/media?parent=2046"}],"curies":[{"name":"wp","href":"https:\/\/api.w.org\/{rel}","templated":true}]}}