{"id":2055,"date":"2025-06-17T15:40:26","date_gmt":"2025-06-17T07:40:26","guid":{"rendered":"https:\/\/www.gigapa.com\/?page_id=2055"},"modified":"2025-06-25T09:35:40","modified_gmt":"2025-06-25T01:35:40","slug":"gfb-h-metal-press-machine","status":"publish","type":"page","link":"https:\/\/www.gigapa.com\/de\/gfb-h-metal-press-machine\/","title":{"rendered":"\u3010Ein-Klick Brikettieren, Schrott in Gold verwandeln\u3011- GFB-H Metallpressmaschine"},"content":{"rendered":"<div data-elementor-type=\"wp-page\" data-elementor-id=\"2055\" class=\"elementor elementor-2055\" data-elementor-post-type=\"page\">\n\t\t\t\t<div class=\"elementor-element elementor-element-b48e396 e-flex e-con-boxed e-con e-parent\" data-id=\"b48e396\" data-element_type=\"container\" data-e-type=\"container\">\n\t\t\t\t\t<div class=\"e-con-inner\">\n\t\t\t\t<div class=\"elementor-element elementor-element-1ca5b55 elementor-widget elementor-widget-heading\" data-id=\"1ca5b55\" data-element_type=\"widget\" data-e-type=\"widget\" data-widget_type=\"heading.default\">\n\t\t\t\t<div class=\"elementor-widget-container\">\n\t\t\t\t\t<h1 class=\"elementor-heading-title elementor-size-default\">\u3010Ein-Klick Brikettieren, Schrott in Gold verwandeln\u3011-- GFB-H Metallpressmaschine<\/h1>\t\t\t\t<\/div>\n\t\t\t\t<\/div>\n\t\t\t\t<div class=\"elementor-element elementor-element-c172df1 elementor-widget elementor-widget-woocommerce-breadcrumb\" data-id=\"c172df1\" data-element_type=\"widget\" data-e-type=\"widget\" data-widget_type=\"woocommerce-breadcrumb.default\">\n\t\t\t\t<div class=\"elementor-widget-container\">\n\t\t\t\t\t<nav class=\"woocommerce-breadcrumb\" aria-label=\"Breadcrumb\" data-no-translation=\"\" data-trp-gettext=\"\">Startseite<\/nav>\t\t\t\t<\/div>\n\t\t\t\t<\/div>\n\t\t\t\t<div class=\"elementor-element elementor-element-a6f74a9 elementor-widget elementor-widget-text-editor\" data-id=\"a6f74a9\" data-element_type=\"widget\" data-e-type=\"widget\" data-widget_type=\"text-editor.default\">\n\t\t\t\t<div class=\"elementor-widget-container\">\n\t\t\t\t\t\t\t\t\t<p><strong><b>Name des Projekts<\/b><\/strong>: Projekt zur Verarbeitung von Eisenschrott in Taizhou<br \/><strong><b>Kunde<\/b><\/strong>: Ein Metallrecycling-Unternehmen in Taizhou<br \/><strong><b>Standort:\u00a0<\/b><\/strong>Taizhou, Provinz Jiangsu<\/p><h2><strong><b>Hintergrund des Projekts:<\/b><\/strong><\/h2><p>Das Unternehmen ist auf die R\u00fcckgewinnung erneuerbarer Ressourcen spezialisiert. Durch die Brikettierung von Eisenschrott will es den Materialwert pro Einheit erh\u00f6hen. Lagerfl\u00e4che zu reduzieren. Transportkosten zu sparen. Der aufbereitete Eisenschrott und die Eisensp\u00e4ne werden zu Briketts gepresst und an Stahlwerke zum Recycling verkauft. Gro\u00dfe Mengen erfordern eine zentralisierte Verarbeitung. Kundenanforderungen: Hocheffiziente Brikettiermaschine mit gro\u00dfer Kapazit\u00e4t Dichte Endprodukte, die nicht auseinanderbrechen, wenn sie aus 4 Metern H\u00f6he fallen.<\/p><h2><strong><b>L\u00f6sung:<\/b><\/strong><\/h2><p>Auf der Grundlage des t\u00e4glichen Verarbeitungsbedarfs und der wichtigsten Anforderungen haben wir die <a href=\"https:\/\/www.gigapa.com\/de\/product\/briquetting-press\/\">GFB-H Brikettiermaschine<\/a> mit hydraulischer Beschickung. Die hydraulische Beschickung sorgt f\u00fcr eine Vorverdichtung. Der Hauptzylinder sorgt daf\u00fcr, dass die Brikettdichte den Spezifikationen entspricht. Diese Beschickungsmethode verbessert die Effizienz, erh\u00f6ht die Leistung und senkt die Verarbeitungskosten.<\/p><p><div class=\"ast-oembed-container\" style=\"height: 100%;\"><iframe title=\"Horizontale Hochleistungsbrikettiermaschine | Industrieller Metallverdichter\" width=\"500\" height=\"375\" src=\"https:\/\/www.youtube.com\/embed\/KTYaIJnoSMo?feature=oembed\" frameborder=\"0\" allow=\"accelerometer; autoplay; clipboard-write; encrypted-media; gyroscope; picture-in-picture; web-share\" referrerpolicy=\"strict-origin-when-cross-origin\" allowfullscreen><\/iframe><\/div><\/p><p><img fetchpriority=\"high\" decoding=\"async\" class=\"aligncenter wp-image-749\" src=\"https:\/\/www.gigapa.com\/wp-content\/uploads\/2025\/04\/BAI\u538b\u997c\u673a.pngxiugai.png\" alt=\"Brikettierpresse\" width=\"1000\" height=\"1016\" srcset=\"https:\/\/www.gigapa.com\/wp-content\/uploads\/2025\/04\/BAI\u538b\u997c\u673a.pngxiugai.png 1468w, https:\/\/www.gigapa.com\/wp-content\/uploads\/2025\/04\/BAI\u538b\u997c\u673a.pngxiugai-600x610.png 600w, https:\/\/www.gigapa.com\/wp-content\/uploads\/2025\/04\/BAI\u538b\u997c\u673a.pngxiugai-295x300.png 295w, https:\/\/www.gigapa.com\/wp-content\/uploads\/2025\/04\/BAI\u538b\u997c\u673a.pngxiugai-1008x1024.png 1008w, https:\/\/www.gigapa.com\/wp-content\/uploads\/2025\/04\/BAI\u538b\u997c\u673a.pngxiugai-768x781.png 768w\" sizes=\"(max-width: 1000px) 100vw, 1000px\" \/><\/p><p><img decoding=\"async\" class=\"wp-image-1047 size-full\" src=\"https:\/\/www.gigapa.com\/wp-content\/uploads\/2025\/05\/\u94c1\u5228\u82b1\u538b\u997c\u6253\u5305.jpg\" alt=\"Ballenpresse f\u00fcr Presskuchen aus Eisensp\u00e4nen\" width=\"1034\" height=\"649\" srcset=\"https:\/\/www.gigapa.com\/wp-content\/uploads\/2025\/05\/\u94c1\u5228\u82b1\u538b\u997c\u6253\u5305.jpg 1034w, https:\/\/www.gigapa.com\/wp-content\/uploads\/2025\/05\/\u94c1\u5228\u82b1\u538b\u997c\u6253\u5305-300x188.jpg 300w, https:\/\/www.gigapa.com\/wp-content\/uploads\/2025\/05\/\u94c1\u5228\u82b1\u538b\u997c\u6253\u5305-1024x643.jpg 1024w, https:\/\/www.gigapa.com\/wp-content\/uploads\/2025\/05\/\u94c1\u5228\u82b1\u538b\u997c\u6253\u5305-768x482.jpg 768w, https:\/\/www.gigapa.com\/wp-content\/uploads\/2025\/05\/\u94c1\u5228\u82b1\u538b\u997c\u6253\u5305-600x377.jpg 600w\" sizes=\"(max-width: 1034px) 100vw, 1034px\" \/><\/p><p>Bei GIGAPA stehen die Kunden an erster Stelle. Unsere Dienstleistungen und L\u00f6sungen sind darauf ausgerichtet, die Bed\u00fcrfnisse unserer Kunden zu erf\u00fcllen und gleichzeitig einen Beitrag zur Gesellschaft zu leisten, indem wir uns mit sozialen Fragen auseinandersetzen. Indem wir die Probleme und Sorgen unserer Kunden genau verstehen, bieten wir gezielte L\u00f6sungen an, um ihnen bei der Bew\u00e4ltigung ihrer Herausforderungen zu helfen. W\u00e4hrend der Projektdurchf\u00fchrung stehen wir in st\u00e4ndiger Kommunikation mit unseren Kunden, um gegenseitiges Vertrauen aufzubauen und eine erfolgreiche Zusammenarbeit zu erreichen. Gemeinsam nutzen wir die Kraft von GIGAPA, um in der Branche Ma\u00dfst\u00e4be zu setzen!<\/p>\t\t\t\t\t\t\t\t<\/div>\n\t\t\t\t<\/div>\n\t\t\t\t\t<\/div>\n\t\t\t\t<\/div>\n\t\t<div class=\"elementor-element elementor-element-91896e7 e-flex e-con-boxed e-con e-parent\" data-id=\"91896e7\" data-element_type=\"container\" data-e-type=\"container\">\n\t\t\t\t\t<div class=\"e-con-inner\">\n\t\t\t\t<div class=\"elementor-element elementor-element-1e171e8 elementor-widget elementor-widget-wpforms\" data-id=\"1e171e8\" data-element_type=\"widget\" data-e-type=\"widget\" data-widget_type=\"wpforms.default\">\n\t\t\t\t<div class=\"elementor-widget-container\">\n\t\t\t\t\t<style id=\"wpforms-css-vars-elementor-widget-1e171e8\">\n\t\t\t\t.elementor-widget-wpforms.elementor-element-1e171e8 {\n\t\t\t\t--wpforms-field-size-input-height: 43px;\n--wpforms-field-size-input-spacing: 15px;\n--wpforms-field-size-font-size: 16px;\n--wpforms-field-size-line-height: 19px;\n--wpforms-field-size-padding-h: 14px;\n--wpforms-field-size-checkbox-size: 16px;\n--wpforms-field-size-sublabel-spacing: 5px;\n--wpforms-field-size-icon-size: 1;\n--wpforms-label-size-font-size: 16px;\n--wpforms-label-size-line-height: 19px;\n--wpforms-label-size-sublabel-font-size: 14px;\n--wpforms-label-size-sublabel-line-height: 17px;\n--wpforms-button-size-font-size: 17px;\n--wpforms-button-size-height: 41px;\n--wpforms-button-size-padding-h: 15px;\n--wpforms-button-size-margin-top: 10px;\n\n\t\t\t}\n\t\t\t<\/style><div class=\"wpforms-container wpforms-container-full wpforms-render-modern\" id=\"wpforms-992\"><form id=\"wpforms-form-992\" class=\"wpforms-validate wpforms-form wpforms-ajax-form\" data-formid=\"992\" method=\"post\" enctype=\"multipart\/form-data\" action=\"\/de\/wp-json\/wp\/v2\/pages\/2055\" data-token=\"897498a756250995362c809614f2a6e1\" data-token-time=\"1778709010\" data-trp-original-action=\"\/de\/wp-json\/wp\/v2\/pages\/2055\"><noscript class=\"wpforms-error-noscript\">Bitte aktivieren Sie JavaScript in Ihrem Browser, um dieses Formular fertigzustellen.<\/noscript><div class=\"wpforms-hidden\" id=\"wpforms-error-noscript\">Bitte aktivieren Sie JavaScript in Ihrem Browser, um dieses Formular fertigzustellen.<\/div><div class=\"wpforms-field-container\"><div id=\"wpforms-992-field_6-container\" class=\"wpforms-field wpforms-field-text\" data-field-id=\"6\"><label class=\"wpforms-field-label\" for=\"wpforms-992-field_6\">Name<\/label><input type=\"text\" id=\"wpforms-992-field_6\" class=\"wpforms-field-large\" name=\"wpforms[fields][6]\" aria-errormessage=\"wpforms-992-field_6-error\" ><\/div><div id=\"wpforms-992-field_4-container\" class=\"wpforms-field wpforms-field-email\" data-field-id=\"4\"><label class=\"wpforms-field-label\" for=\"wpforms-992-field_4\">E-Mail <span class=\"wpforms-required-label\" aria-hidden=\"true\">*<\/span><\/label><input type=\"email\" id=\"wpforms-992-field_4\" class=\"wpforms-field-large wpforms-field-required\" name=\"wpforms[fields][4]\" spellcheck=\"false\" aria-errormessage=\"wpforms-992-field_4-error\" required><\/div><div id=\"wpforms-992-field_2-container\" class=\"wpforms-field wpforms-field-text\" data-field-id=\"2\"><label class=\"wpforms-field-label\" for=\"wpforms-992-field_2\">Telefon <span class=\"wpforms-required-label\" aria-hidden=\"true\">*<\/span><\/label><input type=\"text\" id=\"wpforms-992-field_2\" class=\"wpforms-field-large wpforms-field-required\" name=\"wpforms[fields][2]\" aria-errormessage=\"wpforms-992-field_2-error\" required><\/div><div id=\"wpforms-992-field_5-container\" class=\"wpforms-field wpforms-field-textarea\" data-field-id=\"5\"><label class=\"wpforms-field-label\" for=\"wpforms-992-field_5\">Nachricht <span class=\"wpforms-required-label\" aria-hidden=\"true\">*<\/span><\/label><textarea id=\"wpforms-992-field_5\" class=\"wpforms-field-medium wpforms-field-required\" name=\"wpforms[fields][5]\" aria-errormessage=\"wpforms-992-field_5-error\" required><\/textarea><\/div><div id=\"wpforms-992-field_10-container\" class=\"wpforms-field wpforms-field-text hide-page-url\" data-field-id=\"10\"><label class=\"wpforms-field-label\" for=\"wpforms-992-field_10\">Einreichung Seite<\/label><input type=\"text\" id=\"wpforms-992-field_10\" class=\"wpforms-field-large\" name=\"wpforms[fields][10]\" value=\"https:\/\/www.gigapa.com\/de\/wp-json\/wp\/v2\/pages\/2055\" aria-errormessage=\"wpforms-992-field_10-error\" ><\/div><div id=\"wpforms-992-field_11-container\" class=\"wpforms-field wpforms-field-text hidden-ip\" data-field-id=\"11\"><label class=\"wpforms-field-label\" for=\"wpforms-992-field_11\">Kunde IP<\/label><input type=\"text\" id=\"wpforms-992-field_11\" class=\"wpforms-field-large\" name=\"wpforms[fields][11]\" value=\"216.73.216.81\" aria-errormessage=\"wpforms-992-field_11-error\" ><\/div><\/div><!-- .wpforms-field-container --><div class=\"wpforms-recaptcha-container wpforms-is-recaptcha wpforms-is-recaptcha-type-invisible\" ><div class=\"g-recaptcha\" data-sitekey=\"6LdEtWsrAAAAAEmzxiBRi6AAl-KXXavWAmEJdn-a\" data-size=\"invisible\"><\/div><\/div><div class=\"wpforms-submit-container\" ><input type=\"hidden\" name=\"wpforms[id]\" value=\"992\"><input type=\"hidden\" name=\"page_title\" value=\"\"><input type=\"hidden\" name=\"page_url\" value=\"https:\/\/www.gigapa.com\/de\/wp-json\/wp\/v2\/pages\/2055\"><button type=\"submit\" name=\"wpforms[submit]\" id=\"wpforms-submit-992\" class=\"wpforms-submit\" data-alt-text=\"Sending...\" data-submit-text=\"Get Free Quote\" aria-live=\"assertive\" value=\"wpforms-submit\">Kostenloses Angebot erhalten<\/button><img decoding=\"async\" src=\"https:\/\/www.gigapa.com\/wp-content\/plugins\/wpforms\/assets\/images\/submit-spin.svg\" class=\"wpforms-submit-spinner\" style=\"display: none;\" width=\"26\" height=\"26\" alt=\"Wird geladen\"><\/div><input type=\"hidden\" name=\"trp-form-language\" value=\"de\"\/><\/form><\/div>  <!-- .wpforms-container -->\t\t\t\t<\/div>\n\t\t\t\t<\/div>\n\t\t\t\t\t<\/div>\n\t\t\t\t<\/div>\n\t\t\t\t<\/div>","protected":false},"excerpt":{"rendered":"<p>\u3010One-Click Briquetting, Turn Scrap into Gold\u3011- GFB-H Metal Press Machine Projektname: Taizhou Scrap Iron Processing ProjectKunde: A Taizhou Metal Recycling CompanyStandort: Taizhou, [...]<\/p>","protected":false},"author":1,"featured_media":0,"parent":0,"menu_order":0,"comment_status":"closed","ping_status":"closed","template":"","meta":{"site-sidebar-layout":"no-sidebar","site-content-layout":"","ast-site-content-layout":"full-width-container","site-content-style":"default","site-sidebar-style":"default","ast-global-header-display":"","ast-banner-title-visibility":"","ast-main-header-display":"","ast-hfb-above-header-display":"","ast-hfb-below-header-display":"","ast-hfb-mobile-header-display":"","site-post-title":"disabled","ast-breadcrumbs-content":"","ast-featured-img":"disabled","footer-sml-layout":"","ast-disable-related-posts":"","theme-transparent-header-meta":"default","adv-header-id-meta":"","stick-header-meta":"","header-above-stick-meta":"","header-main-stick-meta":"","header-below-stick-meta":"","astra-migrate-meta-layouts":"set","ast-page-background-enabled":"default","ast-page-background-meta":{"desktop":{"background-color":"var(--ast-global-color-5)","background-image":"","background-repeat":"repeat","background-position":"center center","background-size":"auto","background-attachment":"scroll","background-type":"","background-media":"","overlay-type":"","overlay-color":"","overlay-opacity":"","overlay-gradient":""},"tablet":{"background-color":"","background-image":"","background-repeat":"repeat","background-position":"center center","background-size":"auto","background-attachment":"scroll","background-type":"","background-media":"","overlay-type":"","overlay-color":"","overlay-opacity":"","overlay-gradient":""},"mobile":{"background-color":"","background-image":"","background-repeat":"repeat","background-position":"center center","background-size":"auto","background-attachment":"scroll","background-type":"","background-media":"","overlay-type":"","overlay-color":"","overlay-opacity":"","overlay-gradient":""}},"ast-content-background-meta":{"desktop":{"background-color":"var(--ast-global-color-4)","background-image":"","background-repeat":"repeat","background-position":"center center","background-size":"auto","background-attachment":"scroll","background-type":"","background-media":"","overlay-type":"","overlay-color":"","overlay-opacity":"","overlay-gradient":""},"tablet":{"background-color":"var(--ast-global-color-4)","background-image":"","background-repeat":"repeat","background-position":"center center","background-size":"auto","background-attachment":"scroll","background-type":"","background-media":"","overlay-type":"","overlay-color":"","overlay-opacity":"","overlay-gradient":""},"mobile":{"background-color":"var(--ast-global-color-4)","background-image":"","background-repeat":"repeat","background-position":"center center","background-size":"auto","background-attachment":"scroll","background-type":"","background-media":"","overlay-type":"","overlay-color":"","overlay-opacity":"","overlay-gradient":""}},"footnotes":""},"class_list":["post-2055","page","type-page","status-publish","hentry"],"_hostinger_reach_plugin_has_subscription_block":false,"_hostinger_reach_plugin_is_elementor":false,"_links":{"self":[{"href":"https:\/\/www.gigapa.com\/de\/wp-json\/wp\/v2\/pages\/2055","targetHints":{"allow":["GET"]}}],"collection":[{"href":"https:\/\/www.gigapa.com\/de\/wp-json\/wp\/v2\/pages"}],"about":[{"href":"https:\/\/www.gigapa.com\/de\/wp-json\/wp\/v2\/types\/page"}],"author":[{"embeddable":true,"href":"https:\/\/www.gigapa.com\/de\/wp-json\/wp\/v2\/users\/1"}],"replies":[{"embeddable":true,"href":"https:\/\/www.gigapa.com\/de\/wp-json\/wp\/v2\/comments?post=2055"}],"version-history":[{"count":10,"href":"https:\/\/www.gigapa.com\/de\/wp-json\/wp\/v2\/pages\/2055\/revisions"}],"predecessor-version":[{"id":2250,"href":"https:\/\/www.gigapa.com\/de\/wp-json\/wp\/v2\/pages\/2055\/revisions\/2250"}],"wp:attachment":[{"href":"https:\/\/www.gigapa.com\/de\/wp-json\/wp\/v2\/media?parent=2055"}],"curies":[{"name":"wp","href":"https:\/\/api.w.org\/{rel}","templated":true}]}}