{"id":2216,"date":"2025-06-25T09:08:33","date_gmt":"2025-06-25T01:08:33","guid":{"rendered":"https:\/\/www.gigapa.com\/?page_id=2216"},"modified":"2025-06-25T11:45:17","modified_gmt":"2025-06-25T03:45:17","slug":"gbb-h-bagging-baler","status":"publish","type":"page","link":"https:\/\/www.gigapa.com\/de\/gbb-h-bagging-baler\/","title":{"rendered":"\u3010Ein-Knopf-Komprimierung, einfaches Absacken - spart Zeit, Arbeit, Kosten und Platz!\u3011- GBB-H Absack-Ballenpresse"},"content":{"rendered":"<div data-elementor-type=\"wp-page\" data-elementor-id=\"2216\" class=\"elementor elementor-2216\" data-elementor-post-type=\"page\">\n\t\t\t\t<div class=\"elementor-element elementor-element-9308275 e-flex e-con-boxed e-con e-parent\" data-id=\"9308275\" data-element_type=\"container\" data-e-type=\"container\">\n\t\t\t\t\t<div class=\"e-con-inner\">\n\t\t<div class=\"elementor-element elementor-element-01ce740 e-con-full e-flex e-con e-child\" data-id=\"01ce740\" data-element_type=\"container\" data-e-type=\"container\">\n\t\t\t\t<div class=\"elementor-element elementor-element-7e19827 elementor-widget elementor-widget-heading\" data-id=\"7e19827\" data-element_type=\"widget\" data-e-type=\"widget\" data-widget_type=\"heading.default\">\n\t\t\t\t<div class=\"elementor-widget-container\">\n\t\t\t\t\t<h1 class=\"elementor-heading-title elementor-size-default\">\u3010Ein-Knopf-Komprimierung, einfaches Absacken - spart Zeit, Arbeit, Kosten und Platz!\u3011- GBB-H Absack-Ballenpresse<\/h1>\t\t\t\t<\/div>\n\t\t\t\t<\/div>\n\t\t\t\t<div class=\"elementor-element elementor-element-7516821 elementor-widget elementor-widget-woocommerce-breadcrumb\" data-id=\"7516821\" data-element_type=\"widget\" data-e-type=\"widget\" data-widget_type=\"woocommerce-breadcrumb.default\">\n\t\t\t\t<div class=\"elementor-widget-container\">\n\t\t\t\t\t<nav class=\"woocommerce-breadcrumb\" aria-label=\"Breadcrumb\" data-no-translation=\"\" data-trp-gettext=\"\">Startseite<\/nav>\t\t\t\t<\/div>\n\t\t\t\t<\/div>\n\t\t\t\t<div class=\"elementor-element elementor-element-3e08ba6 elementor-widget elementor-widget-text-editor\" data-id=\"3e08ba6\" data-element_type=\"widget\" data-e-type=\"widget\" data-widget_type=\"text-editor.default\">\n\t\t\t\t<div class=\"elementor-widget-container\">\n\t\t\t\t\t\t\t\t\t<p><strong><b>Projektname: <\/b><\/strong>Projekt zum Pressen von Reisspelzen in Japan<br><strong><b>Name des Kunden: <\/b><\/strong>Ein japanisches Reisverarbeitungsunternehmen<br><strong><b>Standort des Projekts: <\/b><\/strong>Japan<\/p>\n<h2><strong><b>Hintergrund des Projekts:<\/b><\/strong><\/h2>\n<p>Ziel des Unternehmens ist es, Reish\u00fclsen an nachgelagerte Unternehmen als Rohstoff f\u00fcr organischen D\u00fcnger zu verkaufen. Durch das Pressen und Pressen von Reish\u00fclsen k\u00f6nnen die Transport- und Lagerkosten um \u00fcber 50% gesenkt werden.<\/p>\n<p><img fetchpriority=\"high\" decoding=\"async\" class=\"alignnone wp-image-2199\" src=\"https:\/\/www.gigapa.com\/wp-content\/uploads\/2025\/06\/Rice-Husk-Baling-Project-in-Japan2.png\" alt=\"\" width=\"440\" height=\"600\" srcset=\"https:\/\/www.gigapa.com\/wp-content\/uploads\/2025\/06\/Rice-Husk-Baling-Project-in-Japan2.png 540w, https:\/\/www.gigapa.com\/wp-content\/uploads\/2025\/06\/Rice-Husk-Baling-Project-in-Japan2-220x300.png 220w, https:\/\/www.gigapa.com\/wp-content\/uploads\/2025\/06\/Rice-Husk-Baling-Project-in-Japan2-9x12.png 9w\" sizes=\"(max-width: 440px) 100vw, 440px\" \/> <img decoding=\"async\" class=\"alignnone wp-image-2198 size-full\" src=\"https:\/\/www.gigapa.com\/wp-content\/uploads\/2025\/06\/Rice-Husk-Baling-Project-in-Japan.png\" alt=\"\" width=\"600\" height=\"600\" srcset=\"https:\/\/www.gigapa.com\/wp-content\/uploads\/2025\/06\/Rice-Husk-Baling-Project-in-Japan.png 600w, https:\/\/www.gigapa.com\/wp-content\/uploads\/2025\/06\/Rice-Husk-Baling-Project-in-Japan-300x300.png 300w, https:\/\/www.gigapa.com\/wp-content\/uploads\/2025\/06\/Rice-Husk-Baling-Project-in-Japan-150x150.png 150w, https:\/\/www.gigapa.com\/wp-content\/uploads\/2025\/06\/Rice-Husk-Baling-Project-in-Japan-12x12.png 12w, https:\/\/www.gigapa.com\/wp-content\/uploads\/2025\/06\/Rice-Husk-Baling-Project-in-Japan-100x100.png 100w\" sizes=\"(max-width: 600px) 100vw, 600px\" \/><\/p>\n<h2><strong><b>Anforderungen der Kunden:<\/b><\/strong><\/h2>\n<ul>\n<li>Verarbeitungskapazit\u00e4t: 1,5 Tonnen\/Stunde<\/li>\n<li>Ballen geeignet f\u00fcr Stapelung und Transport<\/li>\n<li>PLC-Kontrollsystem<\/li>\n<li>Einfache Bedienung<\/li>\n<li>Ausgestattet mit einem F\u00f6rderband<\/li>\n<\/ul>\n<h2><strong><b>L\u00f6sung:<\/b><\/strong><\/h2>\n<p>Auf der Grundlage der vom Kunden geforderten Verarbeitungskapazit\u00e4t, der wichtigsten Spezifikationen und der Abmessungsanforderungen wird die&nbsp;<strong><b><a href=\"https:\/\/www.gigapa.com\/de\/product\/bagging-baling-machines\/\">GBB-H Hydraulische Absackballenpresse<\/a><\/b><\/strong>&nbsp;wurde ausgew\u00e4hlt und mit einem Zuf\u00fchrband gekoppelt. Das System verf\u00fcgt \u00fcber eine vollautomatische Steuerung mit One-Touch-Start, die eine einfache und bequeme Bedienung gew\u00e4hrleistet.<\/p>\n<p><img decoding=\"async\" class=\"wp-image-2217 size-full aligncenter\" src=\"https:\/\/www.gigapa.com\/wp-content\/uploads\/2025\/06\/Rice-Husk-Baling-Project-in-Japan3.png\" alt=\"\" width=\"351\" height=\"271\" srcset=\"https:\/\/www.gigapa.com\/wp-content\/uploads\/2025\/06\/Rice-Husk-Baling-Project-in-Japan3.png 351w, https:\/\/www.gigapa.com\/wp-content\/uploads\/2025\/06\/Rice-Husk-Baling-Project-in-Japan3-300x232.png 300w, https:\/\/www.gigapa.com\/wp-content\/uploads\/2025\/06\/Rice-Husk-Baling-Project-in-Japan3-16x12.png 16w\" sizes=\"(max-width: 351px) 100vw, 351px\" \/><\/p>\n<p><img loading=\"lazy\" decoding=\"async\" class=\"wp-image-573 aligncenter\" src=\"https:\/\/www.gigapa.com\/wp-content\/uploads\/2025\/03\/\u5957\u888b\u673a.png\" alt=\"Absack-Ballenpressen-Maschinen\" width=\"1000\" height=\"1000\" srcset=\"https:\/\/www.gigapa.com\/wp-content\/uploads\/2025\/03\/\u5957\u888b\u673a.png 2000w, https:\/\/www.gigapa.com\/wp-content\/uploads\/2025\/03\/\u5957\u888b\u673a-300x300.png 300w, https:\/\/www.gigapa.com\/wp-content\/uploads\/2025\/03\/\u5957\u888b\u673a-100x100.png 100w, https:\/\/www.gigapa.com\/wp-content\/uploads\/2025\/03\/\u5957\u888b\u673a-600x600.png 600w, https:\/\/www.gigapa.com\/wp-content\/uploads\/2025\/03\/\u5957\u888b\u673a-1024x1024.png 1024w, https:\/\/www.gigapa.com\/wp-content\/uploads\/2025\/03\/\u5957\u888b\u673a-150x150.png 150w, https:\/\/www.gigapa.com\/wp-content\/uploads\/2025\/03\/\u5957\u888b\u673a-768x768.png 768w, https:\/\/www.gigapa.com\/wp-content\/uploads\/2025\/03\/\u5957\u888b\u673a-1536x1536.png 1536w\" sizes=\"(max-width: 1000px) 100vw, 1000px\" \/><\/p>\n<p>Bei GIGAPA stehen die Kunden an erster Stelle. Unsere Dienstleistungen und L\u00f6sungen sind darauf ausgerichtet, die Bed\u00fcrfnisse unserer Kunden zu erf\u00fcllen und gleichzeitig einen Beitrag zur Gesellschaft zu leisten, indem wir uns mit sozialen Fragen auseinandersetzen. Indem wir die Probleme und Sorgen unserer Kunden genau verstehen, bieten wir gezielte L\u00f6sungen an, um ihnen bei der Bew\u00e4ltigung ihrer Herausforderungen zu helfen. W\u00e4hrend der Projektdurchf\u00fchrung stehen wir in st\u00e4ndiger Kommunikation mit unseren Kunden, um gegenseitiges Vertrauen aufzubauen und eine erfolgreiche Zusammenarbeit zu erreichen. Gemeinsam nutzen wir die Kraft von GIGAPA, um in der Branche Ma\u00dfst\u00e4be zu setzen!<\/p>\t\t\t\t\t\t\t\t<\/div>\n\t\t\t\t<\/div>\n\t\t\t\t<\/div>\n\t\t\t\t\t<\/div>\n\t\t\t\t<\/div>\n\t\t\t\t<\/div>","protected":false},"excerpt":{"rendered":"<p>\u3010One-Button Compression, Easy Bagging - Spart Zeit, Arbeit, Kosten &amp; Platz!\u3011- GBB-H Bagging Baler Projektname: Reisschalen-Ballenpresse Projekt [...]<\/p>","protected":false},"author":1,"featured_media":0,"parent":0,"menu_order":0,"comment_status":"closed","ping_status":"closed","template":"","meta":{"site-sidebar-layout":"no-sidebar","site-content-layout":"","ast-site-content-layout":"full-width-container","site-content-style":"default","site-sidebar-style":"default","ast-global-header-display":"","ast-banner-title-visibility":"","ast-main-header-display":"","ast-hfb-above-header-display":"","ast-hfb-below-header-display":"","ast-hfb-mobile-header-display":"","site-post-title":"disabled","ast-breadcrumbs-content":"","ast-featured-img":"disabled","footer-sml-layout":"","ast-disable-related-posts":"","theme-transparent-header-meta":"default","adv-header-id-meta":"","stick-header-meta":"","header-above-stick-meta":"","header-main-stick-meta":"","header-below-stick-meta":"","astra-migrate-meta-layouts":"set","ast-page-background-enabled":"default","ast-page-background-meta":{"desktop":{"background-color":"var(--ast-global-color-5)","background-image":"","background-repeat":"repeat","background-position":"center center","background-size":"auto","background-attachment":"scroll","background-type":"","background-media":"","overlay-type":"","overlay-color":"","overlay-opacity":"","overlay-gradient":""},"tablet":{"background-color":"","background-image":"","background-repeat":"repeat","background-position":"center center","background-size":"auto","background-attachment":"scroll","background-type":"","background-media":"","overlay-type":"","overlay-color":"","overlay-opacity":"","overlay-gradient":""},"mobile":{"background-color":"","background-image":"","background-repeat":"repeat","background-position":"center center","background-size":"auto","background-attachment":"scroll","background-type":"","background-media":"","overlay-type":"","overlay-color":"","overlay-opacity":"","overlay-gradient":""}},"ast-content-background-meta":{"desktop":{"background-color":"var(--ast-global-color-4)","background-image":"","background-repeat":"repeat","background-position":"center center","background-size":"auto","background-attachment":"scroll","background-type":"","background-media":"","overlay-type":"","overlay-color":"","overlay-opacity":"","overlay-gradient":""},"tablet":{"background-color":"var(--ast-global-color-4)","background-image":"","background-repeat":"repeat","background-position":"center center","background-size":"auto","background-attachment":"scroll","background-type":"","background-media":"","overlay-type":"","overlay-color":"","overlay-opacity":"","overlay-gradient":""},"mobile":{"background-color":"var(--ast-global-color-4)","background-image":"","background-repeat":"repeat","background-position":"center center","background-size":"auto","background-attachment":"scroll","background-type":"","background-media":"","overlay-type":"","overlay-color":"","overlay-opacity":"","overlay-gradient":""}},"footnotes":""},"class_list":["post-2216","page","type-page","status-publish","hentry"],"_hostinger_reach_plugin_has_subscription_block":false,"_hostinger_reach_plugin_is_elementor":false,"_links":{"self":[{"href":"https:\/\/www.gigapa.com\/de\/wp-json\/wp\/v2\/pages\/2216","targetHints":{"allow":["GET"]}}],"collection":[{"href":"https:\/\/www.gigapa.com\/de\/wp-json\/wp\/v2\/pages"}],"about":[{"href":"https:\/\/www.gigapa.com\/de\/wp-json\/wp\/v2\/types\/page"}],"author":[{"embeddable":true,"href":"https:\/\/www.gigapa.com\/de\/wp-json\/wp\/v2\/users\/1"}],"replies":[{"embeddable":true,"href":"https:\/\/www.gigapa.com\/de\/wp-json\/wp\/v2\/comments?post=2216"}],"version-history":[{"count":8,"href":"https:\/\/www.gigapa.com\/de\/wp-json\/wp\/v2\/pages\/2216\/revisions"}],"predecessor-version":[{"id":2276,"href":"https:\/\/www.gigapa.com\/de\/wp-json\/wp\/v2\/pages\/2216\/revisions\/2276"}],"wp:attachment":[{"href":"https:\/\/www.gigapa.com\/de\/wp-json\/wp\/v2\/media?parent=2216"}],"curies":[{"name":"wp","href":"https:\/\/api.w.org\/{rel}","templated":true}]}}