{"id":2222,"date":"2025-06-25T09:13:23","date_gmt":"2025-06-25T01:13:23","guid":{"rendered":"https:\/\/www.gigapa.com\/?page_id=2222"},"modified":"2025-06-25T11:48:43","modified_gmt":"2025-06-25T03:48:43","slug":"turning-waste-tires-into-black-gold-dual-shaft-shredder","status":"publish","type":"page","link":"https:\/\/www.gigapa.com\/de\/turning-waste-tires-into-black-gold-dual-shaft-shredder\/","title":{"rendered":"\u3010Aus Altreifen wird schwarzes Gold - Neue Kraft f\u00fcr die Kreislaufwirtschaft\u3011 - GTS-E Doppelwellenzerkleinerer"},"content":{"rendered":"<div data-elementor-type=\"wp-page\" data-elementor-id=\"2222\" class=\"elementor elementor-2222\" data-elementor-post-type=\"page\">\n\t\t\t\t<div class=\"elementor-element elementor-element-e03285b e-flex e-con-boxed e-con e-parent\" data-id=\"e03285b\" data-element_type=\"container\">\n\t\t\t\t\t<div class=\"e-con-inner\">\n\t\t<div class=\"elementor-element elementor-element-325c1ab e-con-full e-flex e-con e-child\" data-id=\"325c1ab\" data-element_type=\"container\">\n\t\t\t\t<div class=\"elementor-element elementor-element-7e14318 elementor-widget elementor-widget-heading\" data-id=\"7e14318\" data-element_type=\"widget\" data-widget_type=\"heading.default\">\n\t\t\t\t<div class=\"elementor-widget-container\">\n\t\t\t\t\t<h1 class=\"elementor-heading-title elementor-size-default\">\u3010Aus Altreifen wird schwarzes Gold - Neue Kraft f\u00fcr die Kreislaufwirtschaft\u3011 - GTS-E Doppelwellenzerkleinerer<\/h1>\t\t\t\t<\/div>\n\t\t\t\t<\/div>\n\t\t\t\t<div class=\"elementor-element elementor-element-bf9657e elementor-widget elementor-widget-woocommerce-breadcrumb\" data-id=\"bf9657e\" data-element_type=\"widget\" data-widget_type=\"woocommerce-breadcrumb.default\">\n\t\t\t\t<div class=\"elementor-widget-container\">\n\t\t\t\t\t<nav class=\"woocommerce-breadcrumb\" aria-label=\"Breadcrumb\" data-no-translation=\"\" data-trp-gettext=\"\">Startseite<\/nav>\t\t\t\t<\/div>\n\t\t\t\t<\/div>\n\t\t\t\t<div class=\"elementor-element elementor-element-47bc7b0 elementor-widget elementor-widget-text-editor\" data-id=\"47bc7b0\" data-element_type=\"widget\" data-widget_type=\"text-editor.default\">\n\t\t\t\t<div class=\"elementor-widget-container\">\n\t\t\t\t\t\t\t\t\t<p><strong><b>Projektname:<\/b><\/strong>\u00a0U.S. Projekt zur Zerkleinerung von Altreifen<br \/><strong><b>Name des Kunden:<\/b><\/strong>\u00a0Ein U.S. Reifenrecycling-Unternehmen<br \/><strong><b>Standort des Projekts:<\/b><\/strong>\u00a0Vereinigte Staaten<\/p><h2><strong><b>Hintergrund des Projekts:<\/b><\/strong><\/h2><p>Der Kunde ist ein Reifenrecycler, der die gesammelten Reifen zerkleinern muss, um daraus Stahldr\u00e4hte und Gummigranulat zu gewinnen.<\/p><p><img fetchpriority=\"high\" decoding=\"async\" class=\"wp-image-2200 size-full aligncenter\" src=\"https:\/\/www.gigapa.com\/wp-content\/uploads\/2025\/06\/U.S.-Waste-Tire-Shredding-Project.png\" alt=\"\" width=\"660\" height=\"494\" srcset=\"https:\/\/www.gigapa.com\/wp-content\/uploads\/2025\/06\/U.S.-Waste-Tire-Shredding-Project.png 660w, https:\/\/www.gigapa.com\/wp-content\/uploads\/2025\/06\/U.S.-Waste-Tire-Shredding-Project-300x225.png 300w, https:\/\/www.gigapa.com\/wp-content\/uploads\/2025\/06\/U.S.-Waste-Tire-Shredding-Project-16x12.png 16w, https:\/\/www.gigapa.com\/wp-content\/uploads\/2025\/06\/U.S.-Waste-Tire-Shredding-Project-600x449.png 600w\" sizes=\"(max-width: 660px) 100vw, 660px\" \/><\/p><h2><strong><b>Anforderungen der Kunden:<\/b><\/strong><\/h2><p>Haupts\u00e4chlich f\u00fcr LKW-Reifen, Verarbeitungskapazit\u00e4t nicht weniger als 100 Reifen\/Stunde, Ausgabegr\u00f6\u00dfe 50-300mm.<\/p><h2><strong><b>L\u00f6sung:<\/b><\/strong><\/h2><p>Auf der Grundlage der erforderlichen Kapazit\u00e4t und der Spezifikationen wird die <a href=\"https:\/\/www.gigapa.com\/de\/product\/double-shaft-shredders\/\">Doppelwellenzerkleinerer GTS-E<\/a> wurde ausgew\u00e4hlt, die sich durch einen stabilen Betrieb, einen hohen Durchsatz und extrem verschlei\u00dffeste Klingen auszeichnet, um den Verschlei\u00df zu minimieren und die Lebensdauer zu verl\u00e4ngern.<\/p><p><div class=\"ast-oembed-container\" style=\"height: 100%;\"><iframe title=\"\ud83d\udd25Doppelwellen-H\u00e4cksler vernichtet Reifen in Sekundenschnelle!  #shredder #reifenschredder\" width=\"500\" height=\"375\" src=\"https:\/\/www.youtube.com\/embed\/OHpXRHd357s?feature=oembed\" frameborder=\"0\" allow=\"accelerometer; autoplay; clipboard-write; encrypted-media; gyroscope; picture-in-picture; web-share\" referrerpolicy=\"strict-origin-when-cross-origin\" allowfullscreen><\/iframe><\/div><\/p><p><img decoding=\"async\" class=\"wp-image-1002 size-full aligncenter\" src=\"https:\/\/www.gigapa.com\/wp-content\/uploads\/2025\/05\/\u5e9f\u8f6e\u80ce\u7834\u788e.jpg\" alt=\"Ein-Wellen-Brecher\" width=\"1034\" height=\"649\" srcset=\"https:\/\/www.gigapa.com\/wp-content\/uploads\/2025\/05\/\u5e9f\u8f6e\u80ce\u7834\u788e.jpg 1034w, https:\/\/www.gigapa.com\/wp-content\/uploads\/2025\/05\/\u5e9f\u8f6e\u80ce\u7834\u788e-300x188.jpg 300w, https:\/\/www.gigapa.com\/wp-content\/uploads\/2025\/05\/\u5e9f\u8f6e\u80ce\u7834\u788e-1024x643.jpg 1024w, https:\/\/www.gigapa.com\/wp-content\/uploads\/2025\/05\/\u5e9f\u8f6e\u80ce\u7834\u788e-768x482.jpg 768w, https:\/\/www.gigapa.com\/wp-content\/uploads\/2025\/05\/\u5e9f\u8f6e\u80ce\u7834\u788e-600x377.jpg 600w\" sizes=\"(max-width: 1034px) 100vw, 1034px\" \/><\/p><p>GIGAPA hat sich verpflichtet, den Kunden in den Mittelpunkt zu stellen: Unsere Dienstleistungen und L\u00f6sungen sind darauf ausgerichtet, die Bed\u00fcrfnisse unserer Kunden zu erf\u00fcllen und gleichzeitig einen Beitrag zur Gesellschaft zu leisten. Indem wir die Probleme und Sorgen unserer Kunden genau verstehen, bieten wir gezielte L\u00f6sungen an, um ihnen bei der Bew\u00e4ltigung ihrer Herausforderungen zu helfen. W\u00e4hrend der Projektdurchf\u00fchrung stehen wir in st\u00e4ndiger Kommunikation mit unseren Kunden, um gegenseitiges Vertrauen aufzubauen und eine erfolgreiche Zusammenarbeit zu erreichen. Gemeinsam nutzen wir die Kraft von GIGAPA, um in der Branche Ma\u00dfst\u00e4be zu setzen!<\/p>\t\t\t\t\t\t\t\t<\/div>\n\t\t\t\t<\/div>\n\t\t\t\t<\/div>\n\t\t\t\t\t<\/div>\n\t\t\t\t<\/div>\n\t\t\t\t<\/div>","protected":false},"excerpt":{"rendered":"<p>\u3010Aus Altreifen wird schwarzes Gold - Neue Kraft f\u00fcr die Kreislaufwirtschaft\u3011 - GTS-E Doppelwellenzerkleinerer Projektname: U.S. Waste Tire [...]<\/p>","protected":false},"author":1,"featured_media":0,"parent":0,"menu_order":0,"comment_status":"closed","ping_status":"closed","template":"","meta":{"site-sidebar-layout":"no-sidebar","site-content-layout":"","ast-site-content-layout":"full-width-container","site-content-style":"default","site-sidebar-style":"default","ast-global-header-display":"","ast-banner-title-visibility":"","ast-main-header-display":"","ast-hfb-above-header-display":"","ast-hfb-below-header-display":"","ast-hfb-mobile-header-display":"","site-post-title":"disabled","ast-breadcrumbs-content":"","ast-featured-img":"disabled","footer-sml-layout":"","theme-transparent-header-meta":"default","adv-header-id-meta":"","stick-header-meta":"","header-above-stick-meta":"","header-main-stick-meta":"","header-below-stick-meta":"","astra-migrate-meta-layouts":"set","ast-page-background-enabled":"default","ast-page-background-meta":{"desktop":{"background-color":"var(--ast-global-color-5)","background-image":"","background-repeat":"repeat","background-position":"center center","background-size":"auto","background-attachment":"scroll","background-type":"","background-media":"","overlay-type":"","overlay-color":"","overlay-opacity":"","overlay-gradient":""},"tablet":{"background-color":"","background-image":"","background-repeat":"repeat","background-position":"center center","background-size":"auto","background-attachment":"scroll","background-type":"","background-media":"","overlay-type":"","overlay-color":"","overlay-opacity":"","overlay-gradient":""},"mobile":{"background-color":"","background-image":"","background-repeat":"repeat","background-position":"center center","background-size":"auto","background-attachment":"scroll","background-type":"","background-media":"","overlay-type":"","overlay-color":"","overlay-opacity":"","overlay-gradient":""}},"ast-content-background-meta":{"desktop":{"background-color":"var(--ast-global-color-4)","background-image":"","background-repeat":"repeat","background-position":"center center","background-size":"auto","background-attachment":"scroll","background-type":"","background-media":"","overlay-type":"","overlay-color":"","overlay-opacity":"","overlay-gradient":""},"tablet":{"background-color":"var(--ast-global-color-4)","background-image":"","background-repeat":"repeat","background-position":"center center","background-size":"auto","background-attachment":"scroll","background-type":"","background-media":"","overlay-type":"","overlay-color":"","overlay-opacity":"","overlay-gradient":""},"mobile":{"background-color":"var(--ast-global-color-4)","background-image":"","background-repeat":"repeat","background-position":"center center","background-size":"auto","background-attachment":"scroll","background-type":"","background-media":"","overlay-type":"","overlay-color":"","overlay-opacity":"","overlay-gradient":""}},"footnotes":""},"class_list":["post-2222","page","type-page","status-publish","hentry"],"_hostinger_reach_plugin_has_subscription_block":false,"_hostinger_reach_plugin_is_elementor":false,"_links":{"self":[{"href":"https:\/\/www.gigapa.com\/de\/wp-json\/wp\/v2\/pages\/2222","targetHints":{"allow":["GET"]}}],"collection":[{"href":"https:\/\/www.gigapa.com\/de\/wp-json\/wp\/v2\/pages"}],"about":[{"href":"https:\/\/www.gigapa.com\/de\/wp-json\/wp\/v2\/types\/page"}],"author":[{"embeddable":true,"href":"https:\/\/www.gigapa.com\/de\/wp-json\/wp\/v2\/users\/1"}],"replies":[{"embeddable":true,"href":"https:\/\/www.gigapa.com\/de\/wp-json\/wp\/v2\/comments?post=2222"}],"version-history":[{"count":12,"href":"https:\/\/www.gigapa.com\/de\/wp-json\/wp\/v2\/pages\/2222\/revisions"}],"predecessor-version":[{"id":2291,"href":"https:\/\/www.gigapa.com\/de\/wp-json\/wp\/v2\/pages\/2222\/revisions\/2291"}],"wp:attachment":[{"href":"https:\/\/www.gigapa.com\/de\/wp-json\/wp\/v2\/media?parent=2222"}],"curies":[{"name":"wp","href":"https:\/\/api.w.org\/{rel}","templated":true}]}}