{"id":889,"date":"2025-05-06T15:27:16","date_gmt":"2025-05-06T07:27:16","guid":{"rendered":"https:\/\/gigapa.com\/?page_id=889"},"modified":"2025-07-24T17:09:10","modified_gmt":"2025-07-24T09:09:10","slug":"about-us","status":"publish","type":"page","link":"https:\/\/www.gigapa.com\/de\/about-us\/","title":{"rendered":"\u00dcber US"},"content":{"rendered":"<div data-elementor-type=\"wp-page\" data-elementor-id=\"889\" class=\"elementor elementor-889\" data-elementor-post-type=\"page\">\n\t\t\t\t<div class=\"elementor-element elementor-element-ba014eb e-flex e-con-boxed e-con e-parent\" data-id=\"ba014eb\" data-element_type=\"container\" data-e-type=\"container\" data-settings=\"{&quot;background_background&quot;:&quot;classic&quot;}\">\n\t\t\t\t\t<div class=\"e-con-inner\">\n\t\t\t\t\t<\/div>\n\t\t\t\t<\/div>\n\t\t<div class=\"elementor-element elementor-element-7209166 e-flex e-con-boxed e-con e-parent\" data-id=\"7209166\" data-element_type=\"container\" data-e-type=\"container\">\n\t\t\t\t\t<div class=\"e-con-inner\">\n\t\t\t\t<div class=\"elementor-element elementor-element-41c5ec0 elementor-widget elementor-widget-heading\" data-id=\"41c5ec0\" data-element_type=\"widget\" data-e-type=\"widget\" data-widget_type=\"heading.default\">\n\t\t\t\t<div class=\"elementor-widget-container\">\n\t\t\t\t\t<h1 class=\"elementor-heading-title elementor-size-default\">\u00dcber US<\/h1>\t\t\t\t<\/div>\n\t\t\t\t<\/div>\n\t\t\t\t<div class=\"elementor-element elementor-element-6b3c410 elementor-widget elementor-widget-woocommerce-breadcrumb\" data-id=\"6b3c410\" data-element_type=\"widget\" data-e-type=\"widget\" data-widget_type=\"woocommerce-breadcrumb.default\">\n\t\t\t\t<div class=\"elementor-widget-container\">\n\t\t\t\t\t<nav class=\"woocommerce-breadcrumb\" aria-label=\"Breadcrumb\" data-no-translation=\"\" data-trp-gettext=\"\">Startseite<\/nav>\t\t\t\t<\/div>\n\t\t\t\t<\/div>\n\t\t\t\t\t<\/div>\n\t\t\t\t<\/div>\n\t\t<div class=\"elementor-element elementor-element-a7cdb2f e-flex e-con-boxed e-con e-parent\" data-id=\"a7cdb2f\" data-element_type=\"container\" data-e-type=\"container\">\n\t\t\t\t\t<div class=\"e-con-inner\">\n\t\t<div class=\"elementor-element elementor-element-1314fc7 e-con-full e-flex e-con e-child\" data-id=\"1314fc7\" data-element_type=\"container\" data-e-type=\"container\">\n\t\t\t\t<div class=\"elementor-element elementor-element-aaf34bf elementor-widget elementor-widget-heading\" data-id=\"aaf34bf\" data-element_type=\"widget\" data-e-type=\"widget\" data-widget_type=\"heading.default\">\n\t\t\t\t<div class=\"elementor-widget-container\">\n\t\t\t\t\t<h2 class=\"elementor-heading-title elementor-size-default\">Firmenprofil<\/h2>\t\t\t\t<\/div>\n\t\t\t\t<\/div>\n\t\t\t\t<div class=\"elementor-element elementor-element-9b72aba elementor-widget elementor-widget-text-editor\" data-id=\"9b72aba\" data-element_type=\"widget\" data-e-type=\"widget\" data-widget_type=\"text-editor.default\">\n\t\t\t\t<div class=\"elementor-widget-container\">\n\t\t\t\t\t\t\t\t\t<p>Nantong GIGAPA Technology Co. Ltd. konzentriert sich auf den Bereich Maschinen und befasst sich haupts\u00e4chlich mit der Forschung und Entwicklung, der Produktion und dem Verkauf von hydraulischen Ger\u00e4ten, Umweltschutzger\u00e4ten, Ger\u00e4ten zur Verarbeitung erneuerbarer Ressourcen, Ger\u00e4ten zur Verarbeitung fester Abfallstoffe, kundenspezifischen Hydraulikzylindern, kundenspezifischen Hydraulikstationen und anderen Produkten. Das Team des Unternehmens verf\u00fcgt \u00fcber mehr als zehn Jahre Erfahrung in der Forschung und Entwicklung sowie in der Produktion in den entsprechenden Bereichen. Das Unternehmen hat seinen Sitz in Rugao City, Provinz Jiangsu, der Heimatstadt der Langlebigkeit in der Welt. Die F&amp;E- und Vertriebsb\u00fcros befinden sich im Rugao Smart Valley Science and Technology Park, und die Produktionsst\u00e4tte liegt in Baipu Town, einer starken Stadt der industriellen Fertigung.<\/p><p>Aufgrund unserer mehr als zehnj\u00e4hrigen Erfahrung und der pers\u00f6nlichen Kontakte mit vielen Kunden haben wir ein tiefes Verst\u00e4ndnis f\u00fcr die Sorgen und N\u00f6te der Kunden beim Kauf und der Nutzung von Ger\u00e4ten. Unser Ziel ist es, die Marktl\u00fccke zu schlie\u00dfen, damit die Kunden keine Schwierigkeiten mehr bei der Auswahl der Ger\u00e4te haben, die Nutzung der Ger\u00e4te zu erleichtern, die Sorgen der Unternehmen zu verringern und die schwere Belastung der Arbeitnehmer zu reduzieren.<\/p><p>Das Unternehmen ist bestrebt, den sozialen Wert des Unternehmens zu verwirklichen, das Vertrauen und die Anerkennung der Nutzer zu gewinnen und sich die \"L\u00f6sung von Kundenproblemen und die Verwirklichung von Kundentr\u00e4umen\" zur Aufgabe zu machen, und es ist entschlossen, ein Unternehmen zu werden, das f\u00fcr seine Integrit\u00e4t und Verantwortung bekannt ist. Zu diesem Zweck m\u00fcssen wir alle bei GIGAPA unser Denken vereinheitlichen und uns bem\u00fchen, die Werte \"ehrlich und zuverl\u00e4ssig, aufrichtig und verantwortungsbewusst zu sein, Werte f\u00fcr die Kunden zu schaffen, zusammenzuarbeiten, nach Fortschritt zu streben und eine Zukunft f\u00fcr uns selbst zu schaffen\" zu praktizieren.<\/p>\t\t\t\t\t\t\t\t<\/div>\n\t\t\t\t<\/div>\n\t\t\t\t<\/div>\n\t\t<div class=\"elementor-element elementor-element-47faafe e-con-full e-flex e-con e-child\" data-id=\"47faafe\" data-element_type=\"container\" data-e-type=\"container\">\n\t\t\t\t<div class=\"elementor-element elementor-element-504c299 elementor-widget elementor-widget-image\" data-id=\"504c299\" data-element_type=\"widget\" data-e-type=\"widget\" data-widget_type=\"image.default\">\n\t\t\t\t<div class=\"elementor-widget-container\">\n\t\t\t\t\t\t\t\t\t\t\t\t\t\t\t<img fetchpriority=\"high\" decoding=\"async\" width=\"768\" height=\"1024\" src=\"https:\/\/www.gigapa.com\/wp-content\/uploads\/2025\/07\/\u56fe\u72471-768x1024-1.jpg\" class=\"attachment-large size-large wp-image-2441\" alt=\"Firmenausstellung\" srcset=\"https:\/\/www.gigapa.com\/wp-content\/uploads\/2025\/07\/\u56fe\u72471-768x1024-1.jpg 768w, https:\/\/www.gigapa.com\/wp-content\/uploads\/2025\/07\/\u56fe\u72471-768x1024-1-225x300.jpg 225w, https:\/\/www.gigapa.com\/wp-content\/uploads\/2025\/07\/\u56fe\u72471-768x1024-1-9x12.jpg 9w, https:\/\/www.gigapa.com\/wp-content\/uploads\/2025\/07\/\u56fe\u72471-768x1024-1-600x800.jpg 600w\" sizes=\"(max-width: 768px) 100vw, 768px\" \/>\t\t\t\t\t\t\t\t\t\t\t\t\t\t\t<\/div>\n\t\t\t\t<\/div>\n\t\t\t\t<\/div>\n\t\t\t\t\t<\/div>\n\t\t\t\t<\/div>\n\t\t<div class=\"elementor-element elementor-element-306cbb9 e-flex e-con-boxed e-con e-parent\" data-id=\"306cbb9\" data-element_type=\"container\" data-e-type=\"container\">\n\t\t\t\t\t<div class=\"e-con-inner\">\n\t\t\t\t<div class=\"elementor-element elementor-element-68358ae elementor-widget elementor-widget-text-editor\" data-id=\"68358ae\" data-element_type=\"widget\" data-e-type=\"widget\" data-widget_type=\"text-editor.default\">\n\t\t\t\t<div class=\"elementor-widget-container\">\n\t\t\t\t\t\t\t\t\t<h2 class=\"elementor-heading-title elementor-size-default elementor-inline-editing pen\" contenteditable=\"true\" spellcheck=\"false\" data-elementor-setting-key=\"title\" data-pen-placeholder=\"Type Here...\" data-qb-tmp-id=\"lt-215963\" data-gramm=\"false\">Unternehmenskultur<\/h2><p>Der Auftrag des Unternehmens:<br \/>Kundenprobleme l\u00f6sen und Kundentr\u00e4ume verwirklichen<\/p><p>Unternehmensvision:<br \/>Ein Unternehmen werden, das f\u00fcr Integrit\u00e4t und Verantwortung bekannt ist<\/p><p>Zentrale Werte:<br \/>Ehrlich und zuverl\u00e4ssig, aufrichtig und verantwortungsbewusst sein, Mehrwert f\u00fcr die Kunden schaffen<br \/>Sich zusammentun und zusammenarbeiten, nach Fortschritt streben und eine Zukunft f\u00fcr sich selbst schaffen<\/p><h2>Entwicklungsgeschichte<\/h2><p>2008: Start-up<br \/>Im Jahr der Olympischen Spiele in Peking, die in der Erinnerung der Nation verankert sind, gr\u00fcndeten wir eine Fabrik f\u00fcr die Verarbeitung von Ersatzteilen als Einzelunternehmen. Obwohl der Umfang begrenzt ist, haben wir mit exquisiter Handwerkskunst und ehrlichem Management den Grundstein f\u00fcr unsere Entwicklung gelegt und wurden zum ersten professionellen Anbieter von Maschinenteilen in der Region.<\/p><p>2016: Umgestaltung und Aufwertung<br \/>Das Unternehmen wurde formell registriert und gegr\u00fcndet und vollzog den Sprung von der Ersatzteilverarbeitung zur Herstellung kompletter Anlagen. Im Jahr 2017 nutzten wir die Gelegenheit der neuen Energiepolitik und entwickelten unabh\u00e4ngig 630T Kuchenpressen, um mehr als 20 S\u00e4tze in einem halben Jahr in Serie zu produzieren. Das technische Team schloss das Upgrade des Kernprozesses im tats\u00e4chlichen Kampf ab und erhielt eine Reihe von praktischen Patentzertifizierungen.<\/p><p>2017: Strategische Verlagerung<br \/>Durch den Umzug in das neue Werk in der Stadt wurden die logistischen Bedingungen und das Produktionsumfeld erheblich verbessert und damit die Voraussetzungen f\u00fcr die \u00dcbernahme gr\u00f6\u00dferer Auftr\u00e4ge geschaffen.<\/p><p>2024: System-Optimierung<br \/>Umsetzung einer professionellen F\u00fchrung von Gesch\u00e4ftsbereichen, Trennung von F&amp;E- und Vertriebsgesellschaften, Verbesserung der Managementeffizienz durch organisatorische Optimierung und Schaffung einer klareren Unternehmensstruktur.<\/p><p>Zukunftsaussichten: Hongji-Gruppe<br \/>Wir werden den Weg der beruflichen Entwicklung weitergehen und nach der Reifung der einzelnen Gesch\u00e4ftsbereiche die Hongji-Gruppe integrieren und aufbauen, um ein intensives Management und eine koordinierte Entwicklung zu erreichen.<\/p><h2>Arbeitsumfeld<\/h2>\t\t\t\t\t\t\t\t<\/div>\n\t\t\t\t<\/div>\n\t\t\t\t\t<\/div>\n\t\t\t\t<\/div>\n\t\t<div class=\"elementor-element elementor-element-10b72c1 e-flex e-con-boxed e-con e-parent\" data-id=\"10b72c1\" data-element_type=\"container\" data-e-type=\"container\">\n\t\t\t\t\t<div class=\"e-con-inner\">\n\t\t<div class=\"elementor-element elementor-element-3973897 e-con-full e-flex e-con e-child\" data-id=\"3973897\" data-element_type=\"container\" data-e-type=\"container\">\n\t\t\t\t<div class=\"elementor-element elementor-element-fdb47aa elementor-widget elementor-widget-image\" data-id=\"fdb47aa\" data-element_type=\"widget\" data-e-type=\"widget\" data-widget_type=\"image.default\">\n\t\t\t\t<div class=\"elementor-widget-container\">\n\t\t\t\t\t\t\t\t\t\t\t\t\t\t\t<img decoding=\"async\" width=\"791\" height=\"531\" src=\"https:\/\/www.gigapa.com\/wp-content\/uploads\/2025\/05\/Work-Environment1.jpg\" class=\"attachment-large size-large wp-image-1171\" alt=\"\u00dcber US\" srcset=\"https:\/\/www.gigapa.com\/wp-content\/uploads\/2025\/05\/Work-Environment1.jpg 791w, https:\/\/www.gigapa.com\/wp-content\/uploads\/2025\/05\/Work-Environment1-300x201.jpg 300w, https:\/\/www.gigapa.com\/wp-content\/uploads\/2025\/05\/Work-Environment1-768x516.jpg 768w, https:\/\/www.gigapa.com\/wp-content\/uploads\/2025\/05\/Work-Environment1-600x403.jpg 600w\" sizes=\"(max-width: 791px) 100vw, 791px\" \/>\t\t\t\t\t\t\t\t\t\t\t\t\t\t\t<\/div>\n\t\t\t\t<\/div>\n\t\t\t\t<\/div>\n\t\t<div class=\"elementor-element elementor-element-9f18b96 e-con-full e-flex e-con e-child\" data-id=\"9f18b96\" data-element_type=\"container\" data-e-type=\"container\">\n\t\t\t\t<div class=\"elementor-element elementor-element-37ebfba elementor-widget elementor-widget-image\" data-id=\"37ebfba\" data-element_type=\"widget\" data-e-type=\"widget\" data-widget_type=\"image.default\">\n\t\t\t\t<div class=\"elementor-widget-container\">\n\t\t\t\t\t\t\t\t\t\t\t\t\t\t\t<img decoding=\"async\" width=\"854\" height=\"562\" src=\"https:\/\/www.gigapa.com\/wp-content\/uploads\/2025\/05\/work1.jpg\" class=\"attachment-large size-large wp-image-1174\" alt=\"\u00dcber US\" srcset=\"https:\/\/www.gigapa.com\/wp-content\/uploads\/2025\/05\/work1.jpg 854w, https:\/\/www.gigapa.com\/wp-content\/uploads\/2025\/05\/work1-300x197.jpg 300w, https:\/\/www.gigapa.com\/wp-content\/uploads\/2025\/05\/work1-768x505.jpg 768w, https:\/\/www.gigapa.com\/wp-content\/uploads\/2025\/05\/work1-600x395.jpg 600w\" sizes=\"(max-width: 854px) 100vw, 854px\" \/>\t\t\t\t\t\t\t\t\t\t\t\t\t\t\t<\/div>\n\t\t\t\t<\/div>\n\t\t\t\t<\/div>\n\t\t\t\t\t<\/div>\n\t\t\t\t<\/div>\n\t\t<div class=\"elementor-element elementor-element-bc88f72 e-flex e-con-boxed e-con e-parent\" data-id=\"bc88f72\" data-element_type=\"container\" data-e-type=\"container\">\n\t\t\t\t\t<div class=\"e-con-inner\">\n\t\t\t\t<div class=\"elementor-element elementor-element-dae968e elementor-widget elementor-widget-heading\" data-id=\"dae968e\" data-element_type=\"widget\" data-e-type=\"widget\" data-widget_type=\"heading.default\">\n\t\t\t\t<div class=\"elementor-widget-container\">\n\t\t\t\t\t<h2 class=\"elementor-heading-title elementor-size-default\">Fabrik-Tour<\/h2>\t\t\t\t<\/div>\n\t\t\t\t<\/div>\n\t\t\t\t<div class=\"elementor-element elementor-element-aaf1a3c elementor-widget elementor-widget-text-editor\" data-id=\"aaf1a3c\" data-element_type=\"widget\" data-e-type=\"widget\" data-widget_type=\"text-editor.default\">\n\t\t\t\t<div class=\"elementor-widget-container\">\n\t\t\t\t\t\t\t\t\t<p>Unser Werk in Baipu Town ist mit hochmodernen CNC-Bearbeitungszentren, Pr\u00e4zisionsschwei\u00dfger\u00e4ten und qualifizierten Mitarbeitern ausgestattet, die sicherstellen, dass jede Ballenpresse den h\u00f6chsten Standards entspricht. Vom Schneiden des Rohmaterials bis zur Endmontage und Qualit\u00e4tspr\u00fcfung wird jeder Prozess sorgf\u00e4ltig \u00fcberwacht, um eine gleichbleibende Leistung und Haltbarkeit zu gew\u00e4hrleisten. Unser hauseigenes Konstruktionsteam arbeitet eng mit der Produktion zusammen, um eine effiziente Anpassung und schnelle Lieferung zu gew\u00e4hrleisten.<\/p>\t\t\t\t\t\t\t\t<\/div>\n\t\t\t\t<\/div>\n\t\t\t\t\t<\/div>\n\t\t\t\t<\/div>\n\t\t<div class=\"elementor-element elementor-element-1110161 e-flex e-con-boxed e-con e-parent\" data-id=\"1110161\" data-element_type=\"container\" data-e-type=\"container\">\n\t\t\t\t\t<div class=\"e-con-inner\">\n\t\t<div class=\"elementor-element elementor-element-821bd03 e-con-full e-flex e-con e-child\" data-id=\"821bd03\" data-element_type=\"container\" data-e-type=\"container\">\n\t\t\t\t<div class=\"elementor-element elementor-element-52d7f29 elementor-widget elementor-widget-image\" data-id=\"52d7f29\" data-element_type=\"widget\" data-e-type=\"widget\" data-widget_type=\"image.default\">\n\t\t\t\t<div class=\"elementor-widget-container\">\n\t\t\t\t\t\t\t\t\t\t\t\t\t\t\t<img loading=\"lazy\" decoding=\"async\" width=\"1024\" height=\"768\" src=\"https:\/\/www.gigapa.com\/wp-content\/uploads\/2025\/07\/\u5fae\u4fe1\u56fe\u7247_20250122085450-1024x768.jpg\" class=\"attachment-large size-large wp-image-2413\" alt=\"Werksbesichtigung\" srcset=\"https:\/\/www.gigapa.com\/wp-content\/uploads\/2025\/07\/\u5fae\u4fe1\u56fe\u7247_20250122085450-1024x768.jpg 1024w, https:\/\/www.gigapa.com\/wp-content\/uploads\/2025\/07\/\u5fae\u4fe1\u56fe\u7247_20250122085450-300x225.jpg 300w, https:\/\/www.gigapa.com\/wp-content\/uploads\/2025\/07\/\u5fae\u4fe1\u56fe\u7247_20250122085450-768x576.jpg 768w, https:\/\/www.gigapa.com\/wp-content\/uploads\/2025\/07\/\u5fae\u4fe1\u56fe\u7247_20250122085450-1536x1152.jpg 1536w, https:\/\/www.gigapa.com\/wp-content\/uploads\/2025\/07\/\u5fae\u4fe1\u56fe\u7247_20250122085450-2048x1536.jpg 2048w, https:\/\/www.gigapa.com\/wp-content\/uploads\/2025\/07\/\u5fae\u4fe1\u56fe\u7247_20250122085450-16x12.jpg 16w, https:\/\/www.gigapa.com\/wp-content\/uploads\/2025\/07\/\u5fae\u4fe1\u56fe\u7247_20250122085450-600x450.jpg 600w\" sizes=\"(max-width: 1024px) 100vw, 1024px\" \/>\t\t\t\t\t\t\t\t\t\t\t\t\t\t\t<\/div>\n\t\t\t\t<\/div>\n\t\t\t\t<\/div>\n\t\t<div class=\"elementor-element elementor-element-ed3abaf e-con-full e-flex e-con e-child\" data-id=\"ed3abaf\" data-element_type=\"container\" data-e-type=\"container\">\n\t\t\t\t<div class=\"elementor-element elementor-element-de721b4 elementor-widget elementor-widget-image\" data-id=\"de721b4\" data-element_type=\"widget\" data-e-type=\"widget\" data-widget_type=\"image.default\">\n\t\t\t\t<div class=\"elementor-widget-container\">\n\t\t\t\t\t\t\t\t\t\t\t\t\t\t\t<img loading=\"lazy\" decoding=\"async\" width=\"1024\" height=\"768\" src=\"https:\/\/www.gigapa.com\/wp-content\/uploads\/2025\/07\/\u5fae\u4fe1\u56fe\u7247_20250122085510-1024x768.jpg\" class=\"attachment-large size-large wp-image-2414\" alt=\"Werksbesichtigung\" srcset=\"https:\/\/www.gigapa.com\/wp-content\/uploads\/2025\/07\/\u5fae\u4fe1\u56fe\u7247_20250122085510-1024x768.jpg 1024w, https:\/\/www.gigapa.com\/wp-content\/uploads\/2025\/07\/\u5fae\u4fe1\u56fe\u7247_20250122085510-300x225.jpg 300w, https:\/\/www.gigapa.com\/wp-content\/uploads\/2025\/07\/\u5fae\u4fe1\u56fe\u7247_20250122085510-768x576.jpg 768w, https:\/\/www.gigapa.com\/wp-content\/uploads\/2025\/07\/\u5fae\u4fe1\u56fe\u7247_20250122085510-1536x1152.jpg 1536w, https:\/\/www.gigapa.com\/wp-content\/uploads\/2025\/07\/\u5fae\u4fe1\u56fe\u7247_20250122085510-2048x1536.jpg 2048w, https:\/\/www.gigapa.com\/wp-content\/uploads\/2025\/07\/\u5fae\u4fe1\u56fe\u7247_20250122085510-16x12.jpg 16w, https:\/\/www.gigapa.com\/wp-content\/uploads\/2025\/07\/\u5fae\u4fe1\u56fe\u7247_20250122085510-600x450.jpg 600w\" sizes=\"(max-width: 1024px) 100vw, 1024px\" \/>\t\t\t\t\t\t\t\t\t\t\t\t\t\t\t<\/div>\n\t\t\t\t<\/div>\n\t\t\t\t<\/div>\n\t\t<div class=\"elementor-element elementor-element-62cefe1 e-con-full e-flex e-con e-child\" data-id=\"62cefe1\" data-element_type=\"container\" data-e-type=\"container\">\n\t\t\t\t<div class=\"elementor-element elementor-element-7e3e122 elementor-widget elementor-widget-image\" data-id=\"7e3e122\" data-element_type=\"widget\" data-e-type=\"widget\" data-widget_type=\"image.default\">\n\t\t\t\t<div class=\"elementor-widget-container\">\n\t\t\t\t\t\t\t\t\t\t\t\t\t\t\t<img loading=\"lazy\" decoding=\"async\" width=\"1024\" height=\"768\" src=\"https:\/\/www.gigapa.com\/wp-content\/uploads\/2025\/07\/\u5fae\u4fe1\u56fe\u7247_20250122085550-1024x768.jpg\" class=\"attachment-large size-large wp-image-2415\" alt=\"Werksbesichtigung\" srcset=\"https:\/\/www.gigapa.com\/wp-content\/uploads\/2025\/07\/\u5fae\u4fe1\u56fe\u7247_20250122085550-1024x768.jpg 1024w, https:\/\/www.gigapa.com\/wp-content\/uploads\/2025\/07\/\u5fae\u4fe1\u56fe\u7247_20250122085550-300x225.jpg 300w, https:\/\/www.gigapa.com\/wp-content\/uploads\/2025\/07\/\u5fae\u4fe1\u56fe\u7247_20250122085550-768x576.jpg 768w, https:\/\/www.gigapa.com\/wp-content\/uploads\/2025\/07\/\u5fae\u4fe1\u56fe\u7247_20250122085550-1536x1152.jpg 1536w, https:\/\/www.gigapa.com\/wp-content\/uploads\/2025\/07\/\u5fae\u4fe1\u56fe\u7247_20250122085550-2048x1536.jpg 2048w, https:\/\/www.gigapa.com\/wp-content\/uploads\/2025\/07\/\u5fae\u4fe1\u56fe\u7247_20250122085550-16x12.jpg 16w, https:\/\/www.gigapa.com\/wp-content\/uploads\/2025\/07\/\u5fae\u4fe1\u56fe\u7247_20250122085550-600x450.jpg 600w\" sizes=\"(max-width: 1024px) 100vw, 1024px\" \/>\t\t\t\t\t\t\t\t\t\t\t\t\t\t\t<\/div>\n\t\t\t\t<\/div>\n\t\t\t\t<\/div>\n\t\t<div class=\"elementor-element elementor-element-4ceacb8 e-con-full e-flex e-con e-child\" data-id=\"4ceacb8\" data-element_type=\"container\" data-e-type=\"container\">\n\t\t\t\t<div class=\"elementor-element elementor-element-da2f503 elementor-widget elementor-widget-image\" data-id=\"da2f503\" data-element_type=\"widget\" data-e-type=\"widget\" data-widget_type=\"image.default\">\n\t\t\t\t<div class=\"elementor-widget-container\">\n\t\t\t\t\t\t\t\t\t\t\t\t\t\t\t<img loading=\"lazy\" decoding=\"async\" width=\"1024\" height=\"768\" src=\"https:\/\/www.gigapa.com\/wp-content\/uploads\/2025\/07\/\u5fae\u4fe1\u56fe\u7247_20250122085559-1024x768.jpg\" class=\"attachment-large size-large wp-image-2416\" alt=\"Werksbesichtigung\" srcset=\"https:\/\/www.gigapa.com\/wp-content\/uploads\/2025\/07\/\u5fae\u4fe1\u56fe\u7247_20250122085559-1024x768.jpg 1024w, https:\/\/www.gigapa.com\/wp-content\/uploads\/2025\/07\/\u5fae\u4fe1\u56fe\u7247_20250122085559-300x225.jpg 300w, https:\/\/www.gigapa.com\/wp-content\/uploads\/2025\/07\/\u5fae\u4fe1\u56fe\u7247_20250122085559-768x576.jpg 768w, https:\/\/www.gigapa.com\/wp-content\/uploads\/2025\/07\/\u5fae\u4fe1\u56fe\u7247_20250122085559-1536x1152.jpg 1536w, https:\/\/www.gigapa.com\/wp-content\/uploads\/2025\/07\/\u5fae\u4fe1\u56fe\u7247_20250122085559-2048x1536.jpg 2048w, https:\/\/www.gigapa.com\/wp-content\/uploads\/2025\/07\/\u5fae\u4fe1\u56fe\u7247_20250122085559-16x12.jpg 16w, https:\/\/www.gigapa.com\/wp-content\/uploads\/2025\/07\/\u5fae\u4fe1\u56fe\u7247_20250122085559-600x450.jpg 600w\" sizes=\"(max-width: 1024px) 100vw, 1024px\" \/>\t\t\t\t\t\t\t\t\t\t\t\t\t\t\t<\/div>\n\t\t\t\t<\/div>\n\t\t\t\t<\/div>\n\t\t\t\t\t<\/div>\n\t\t\t\t<\/div>\n\t\t\t\t<\/div>","protected":false},"excerpt":{"rendered":"<p>\u00dcber US Unternehmensprofil Nantong GIGAPA Technology Co., Ltd. konzentriert sich auf den Bereich der Maschinen und besch\u00e4ftigt sich haupts\u00e4chlich mit der Forschung [...]<\/p>","protected":false},"author":1,"featured_media":707,"parent":0,"menu_order":0,"comment_status":"closed","ping_status":"closed","template":"","meta":{"site-sidebar-layout":"right-sidebar","site-content-layout":"","ast-site-content-layout":"default","site-content-style":"default","site-sidebar-style":"default","ast-global-header-display":"","ast-banner-title-visibility":"","ast-main-header-display":"","ast-hfb-above-header-display":"","ast-hfb-below-header-display":"","ast-hfb-mobile-header-display":"","site-post-title":"","ast-breadcrumbs-content":"","ast-featured-img":"","footer-sml-layout":"","ast-disable-related-posts":"","theme-transparent-header-meta":"default","adv-header-id-meta":"","stick-header-meta":"","header-above-stick-meta":"","header-main-stick-meta":"","header-below-stick-meta":"","astra-migrate-meta-layouts":"set","ast-page-background-enabled":"default","ast-page-background-meta":{"desktop":{"background-color":"var(--ast-global-color-5)","background-image":"","background-repeat":"repeat","background-position":"center center","background-size":"auto","background-attachment":"scroll","background-type":"","background-media":"","overlay-type":"","overlay-color":"","overlay-opacity":"","overlay-gradient":""},"tablet":{"background-color":"","background-image":"","background-repeat":"repeat","background-position":"center center","background-size":"auto","background-attachment":"scroll","background-type":"","background-media":"","overlay-type":"","overlay-color":"","overlay-opacity":"","overlay-gradient":""},"mobile":{"background-color":"","background-image":"","background-repeat":"repeat","background-position":"center center","background-size":"auto","background-attachment":"scroll","background-type":"","background-media":"","overlay-type":"","overlay-color":"","overlay-opacity":"","overlay-gradient":""}},"ast-content-background-meta":{"desktop":{"background-color":"var(--ast-global-color-4)","background-image":"","background-repeat":"repeat","background-position":"center center","background-size":"auto","background-attachment":"scroll","background-type":"","background-media":"","overlay-type":"","overlay-color":"","overlay-opacity":"","overlay-gradient":""},"tablet":{"background-color":"var(--ast-global-color-4)","background-image":"","background-repeat":"repeat","background-position":"center center","background-size":"auto","background-attachment":"scroll","background-type":"","background-media":"","overlay-type":"","overlay-color":"","overlay-opacity":"","overlay-gradient":""},"mobile":{"background-color":"var(--ast-global-color-4)","background-image":"","background-repeat":"repeat","background-position":"center center","background-size":"auto","background-attachment":"scroll","background-type":"","background-media":"","overlay-type":"","overlay-color":"","overlay-opacity":"","overlay-gradient":""}},"footnotes":""},"class_list":["post-889","page","type-page","status-publish","has-post-thumbnail","hentry"],"_hostinger_reach_plugin_has_subscription_block":false,"_hostinger_reach_plugin_is_elementor":false,"_links":{"self":[{"href":"https:\/\/www.gigapa.com\/de\/wp-json\/wp\/v2\/pages\/889","targetHints":{"allow":["GET"]}}],"collection":[{"href":"https:\/\/www.gigapa.com\/de\/wp-json\/wp\/v2\/pages"}],"about":[{"href":"https:\/\/www.gigapa.com\/de\/wp-json\/wp\/v2\/types\/page"}],"author":[{"embeddable":true,"href":"https:\/\/www.gigapa.com\/de\/wp-json\/wp\/v2\/users\/1"}],"replies":[{"embeddable":true,"href":"https:\/\/www.gigapa.com\/de\/wp-json\/wp\/v2\/comments?post=889"}],"version-history":[{"count":69,"href":"https:\/\/www.gigapa.com\/de\/wp-json\/wp\/v2\/pages\/889\/revisions"}],"predecessor-version":[{"id":2564,"href":"https:\/\/www.gigapa.com\/de\/wp-json\/wp\/v2\/pages\/889\/revisions\/2564"}],"wp:featuredmedia":[{"embeddable":true,"href":"https:\/\/www.gigapa.com\/de\/wp-json\/wp\/v2\/media\/707"}],"wp:attachment":[{"href":"https:\/\/www.gigapa.com\/de\/wp-json\/wp\/v2\/media?parent=889"}],"curies":[{"name":"wp","href":"https:\/\/api.w.org\/{rel}","templated":true}]}}