{"id":1807,"date":"2025-05-19T10:56:55","date_gmt":"2025-05-19T02:56:55","guid":{"rendered":"https:\/\/www.gigapa.com\/?post_type=product&#038;p=1807"},"modified":"2025-10-13T09:20:32","modified_gmt":"2025-10-13T01:20:32","slug":"marine-waste-baling-machine","status":"publish","type":"product","link":"https:\/\/www.gigapa.com\/de\/product\/marine-waste-baling-machine\/","title":{"rendered":"Schiffsm\u00fcll-Balettiermaschine"},"content":{"rendered":"<p>Die Ballenpresse f\u00fcr Meeresm\u00fcll ist eine innovative, hochleistungsf\u00e4hige L\u00f6sung, die f\u00fcr das effiziente Pressen und Ballen verschiedener Arten von Meeresm\u00fcll entwickelt wurde. Dazu geh\u00f6ren Kunststoffe, Fischernetze, Seile, Aluminiumdosen und andere wiederverwertbare Materialien, die in den Meeren, H\u00e4fen und Schiffen gesammelt werden. Angesichts der wachsenden Besorgnis \u00fcber die Verschmutzung der Meere und der Notwendigkeit eines effektiven Abfallmanagements in der maritimen Industrie bietet diese Maschine eine robuste und nachhaltige L\u00f6sung, um die Umweltauswirkungen der Abfallentsorgung zu reduzieren.<\/p>\n<p>Meeresm\u00fcll ist eine gro\u00dfe Herausforderung, denn Plastikverschmutzung und ausrangierte Fischereiger\u00e4te bedrohen die Gesundheit der Meeres\u00f6kosysteme. Unsere Ballenpresse f\u00fcr Meeresm\u00fcll unterst\u00fctzt nicht nur die ordnungsgem\u00e4\u00dfe Abfallentsorgung, sondern spielt auch eine entscheidende Rolle bei der Reduzierung des Abfallvolumens, der Optimierung von Lagerung und Transport und der F\u00f6rderung von Recyclingma\u00dfnahmen. Durch die Umwandlung von losem Abfall in dicht gepresste Ballen wird die Effizienz der Abfallbehandlung gesteigert, der Platzbedarf f\u00fcr die Lagerung minimiert und der sichere und einfache Transport von Abfall zum Recycling oder zur Entsorgung erleichtert.<\/p>\n<h3 data-immersive-translate-walked=\"00e44dcb-682a-4379-afe2-db426b6f6b1a\"><strong data-immersive-translate-walked=\"00e44dcb-682a-4379-afe2-db426b6f6b1a\" data-immersive-translate-paragraph=\"1\">Hauptmerkmale und Vorteile<\/strong><\/h3>\n<ul>\n<li data-immersive-translate-walked=\"00e44dcb-682a-4379-afe2-db426b6f6b1a\"><strong data-immersive-translate-walked=\"00e44dcb-682a-4379-afe2-db426b6f6b1a\">Hohe Kompressionskraft<\/strong> - Das leistungsstarke Hydrauliksystem sorgt f\u00fcr eine maximale Verdichtung des Abfalls und reduziert das Volumen um bis zu 80%.<\/li>\n<li class=\"ds-markdown-paragraph\" data-immersive-translate-walked=\"00e44dcb-682a-4379-afe2-db426b6f6b1a\" data-immersive-translate-paragraph=\"1\"><strong data-immersive-translate-walked=\"00e44dcb-682a-4379-afe2-db426b6f6b1a\">Langlebige Konstruktion<\/strong> - Hergestellt aus hochwertigen, korrosionsbest\u00e4ndigen Materialien, die den rauen Meeresbedingungen standhalten.<\/li>\n<li class=\"ds-markdown-paragraph\" data-immersive-translate-walked=\"00e44dcb-682a-4379-afe2-db426b6f6b1a\" data-immersive-translate-paragraph=\"1\"><strong data-immersive-translate-walked=\"00e44dcb-682a-4379-afe2-db426b6f6b1a\">Vielseitige Verarbeitung<\/strong> - Kann verschiedene Abfallarten (Kunststoffe, Netze, Seile, Aluminiumdosen usw.) verarbeiten.<\/li>\n<li class=\"ds-markdown-paragraph\" data-immersive-translate-walked=\"00e44dcb-682a-4379-afe2-db426b6f6b1a\" data-immersive-translate-paragraph=\"1\"><strong data-immersive-translate-walked=\"00e44dcb-682a-4379-afe2-db426b6f6b1a\">Umweltfreundlicher Betrieb<\/strong> - Unterst\u00fctzt das Recycling durch die Umwandlung von losem Abfall in kompakte, handliche Ballen.<\/li>\n<li class=\"ds-markdown-paragraph\" data-immersive-translate-walked=\"00e44dcb-682a-4379-afe2-db426b6f6b1a\" data-immersive-translate-paragraph=\"1\"><strong data-immersive-translate-walked=\"00e44dcb-682a-4379-afe2-db426b6f6b1a\">Wartungsarmes Design<\/strong> - Die robuste Konstruktion gew\u00e4hrleistet langfristige Zuverl\u00e4ssigkeit bei minimalem Wartungsaufwand.<\/li>\n<li class=\"ds-markdown-paragraph\" data-immersive-translate-walked=\"00e44dcb-682a-4379-afe2-db426b6f6b1a\" data-immersive-translate-paragraph=\"1\"><strong data-immersive-translate-walked=\"00e44dcb-682a-4379-afe2-db426b6f6b1a\">Anpassbare Ballengr\u00f6\u00dfen<\/strong> - Einstellbare Einstellungen f\u00fcr verschiedene Ballengr\u00f6\u00dfen je nach Lager- und Logistikbedarf.<\/li>\n<li class=\"ds-markdown-paragraph\" data-immersive-translate-walked=\"00e44dcb-682a-4379-afe2-db426b6f6b1a\" data-immersive-translate-paragraph=\"1\"><strong data-immersive-translate-walked=\"00e44dcb-682a-4379-afe2-db426b6f6b1a\">Benutzerfreundliche Steuerelemente<\/strong>\u00a0- Einfache Bedienung mit automatischen oder halbautomatischen Optionen f\u00fcr mehr Effizienz.<\/li>\n<\/ul>\n<h3 data-immersive-translate-walked=\"00e44dcb-682a-4379-afe2-db426b6f6b1a\"><strong data-immersive-translate-walked=\"00e44dcb-682a-4379-afe2-db426b6f6b1a\" data-immersive-translate-paragraph=\"1\">Anwendungen<\/strong><\/h3>\n<p class=\"ds-markdown-paragraph\" data-immersive-translate-walked=\"00e44dcb-682a-4379-afe2-db426b6f6b1a\" data-immersive-translate-paragraph=\"1\">Die Ballenpresse f\u00fcr Schiffsabf\u00e4lle ist ideal f\u00fcr:<\/p>\n<ul>\n<li class=\"ds-markdown-paragraph\" data-immersive-translate-walked=\"00e44dcb-682a-4379-afe2-db426b6f6b1a\" data-immersive-translate-paragraph=\"1\"><strong data-immersive-translate-walked=\"00e44dcb-682a-4379-afe2-db426b6f6b1a\">Fischerei- und Schifffahrtsunternehmen<\/strong>\u00a0- Effizientes Abfallmanagement an Bord und im Hafen.<\/li>\n<li class=\"ds-markdown-paragraph\" data-immersive-translate-walked=\"00e44dcb-682a-4379-afe2-db426b6f6b1a\" data-immersive-translate-paragraph=\"1\"><strong data-immersive-translate-walked=\"00e44dcb-682a-4379-afe2-db426b6f6b1a\">Hafenbeh\u00f6rden und Abfallsammler<\/strong>\u00a0- Aufbereitung von Meeresm\u00fcll f\u00fcr Recycling oder Entsorgung.<\/li>\n<li class=\"ds-markdown-paragraph\" data-immersive-translate-walked=\"00e44dcb-682a-4379-afe2-db426b6f6b1a\" data-immersive-translate-paragraph=\"1\"><strong data-immersive-translate-walked=\"00e44dcb-682a-4379-afe2-db426b6f6b1a\">Umwelt-Organisationen<\/strong>\u00a0- Unterst\u00fctzung von Initiativen zur S\u00e4uberung der Meere durch Verdichtung des gesammelten Abfalls.<\/li>\n<li class=\"ds-markdown-paragraph\" data-immersive-translate-walked=\"00e44dcb-682a-4379-afe2-db426b6f6b1a\" data-immersive-translate-paragraph=\"1\"><strong data-immersive-translate-walked=\"00e44dcb-682a-4379-afe2-db426b6f6b1a\">Recycling-Einrichtungen<\/strong>\u00a0- Aufbereitung von Kunststoffabf\u00e4llen aus dem Meer f\u00fcr weitere Recyclingverfahren.<\/li>\n<\/ul>\n<p>&nbsp;<\/p>\n<p><img fetchpriority=\"high\" decoding=\"async\" class=\"alignnone size-medium wp-image-1809\" src=\"https:\/\/www.gigapa.com\/wp-content\/uploads\/2025\/05\/\u56fe\u72471-1-297x300.png\" alt=\"\" width=\"297\" height=\"300\" srcset=\"https:\/\/www.gigapa.com\/wp-content\/uploads\/2025\/05\/\u56fe\u72471-1-297x300.png 297w, https:\/\/www.gigapa.com\/wp-content\/uploads\/2025\/05\/\u56fe\u72471-1-12x12.png 12w, https:\/\/www.gigapa.com\/wp-content\/uploads\/2025\/05\/\u56fe\u72471-1-600x607.png 600w, https:\/\/www.gigapa.com\/wp-content\/uploads\/2025\/05\/\u56fe\u72471-1-100x100.png 100w, https:\/\/www.gigapa.com\/wp-content\/uploads\/2025\/05\/\u56fe\u72471-1.png 700w\" sizes=\"(max-width: 297px) 100vw, 297px\" \/><\/p>\n<p>&nbsp;<\/p>\n<h3>Technische Daten<\/h3>\n<table style=\"border-collapse: collapse; width: 525.77pt;\" border=\"0\" width=\"701\" cellspacing=\"0\" cellpadding=\"0\">\n<tbody>\n<tr style=\"height: 13.50pt;\">\n<td class=\"et3\" style=\"height: 13.50pt; width: 195.75pt;\" width=\"261\" height=\"18\">Spezifikation<\/td>\n<td class=\"et3\" style=\"width: 165.35pt;\" width=\"220\">GBB-G0312<\/td>\n<td class=\"et3\" style=\"width: 165.35pt;\" width=\"220\">GSB-G0512<\/td>\n<\/tr>\n<tr style=\"height: 13.50pt;\">\n<td class=\"et4\" style=\"height: 13.50pt; width: 195.75pt;\" width=\"261\" height=\"18\">Einspeise\u00f6ffnung Gr\u00f6\u00dfe (L\u00d7H) (mm)<\/td>\n<td class=\"et4\" style=\"width: 165.35pt;\" width=\"220\">350\u00d7220<\/td>\n<td class=\"et4\" style=\"width: 165.35pt;\" width=\"220\">500\u00d7220<\/td>\n<\/tr>\n<tr style=\"height: 13.50pt;\">\n<td class=\"et4\" style=\"height: 13.50pt; width: 195.75pt;\" width=\"261\" height=\"18\">Trichtergr\u00f6\u00dfe (L\u00d7B\u00d7H) (mm)<\/td>\n<td class=\"et4\" style=\"width: 165.35pt;\" width=\"220\">350\u00d7350\u00d7400<\/td>\n<td class=\"et4\" style=\"width: 165.35pt;\" width=\"220\">500\u00d7500\u00d7550<\/td>\n<\/tr>\n<tr style=\"height: 13.50pt;\">\n<td class=\"et4\" style=\"height: 13.50pt; width: 195.75pt;\" width=\"261\" height=\"18\">Zykluszeit (s)<\/td>\n<td class=\"et4\" style=\"width: 165.35pt;\" width=\"220\">25<\/td>\n<td class=\"et4\" style=\"width: 165.35pt;\" width=\"220\">25<\/td>\n<\/tr>\n<tr style=\"height: 13.50pt;\">\n<td class=\"et4\" style=\"height: 13.50pt; width: 195.75pt;\" width=\"261\" height=\"18\">Durchmesser des Hauptkolbens (mm)<\/td>\n<td class=\"et4\" style=\"width: 165.35pt;\" width=\"220\">\u03c680<\/td>\n<td class=\"et4\" style=\"width: 165.35pt;\" width=\"220\">\u03c680<\/td>\n<\/tr>\n<tr style=\"height: 13.50pt;\">\n<td class=\"et4\" style=\"height: 13.50pt; width: 195.75pt;\" width=\"261\" height=\"18\">Anzahl der Rammen (PCS)<\/td>\n<td class=\"et4\" style=\"width: 165.35pt;\" width=\"220\">1<\/td>\n<td class=\"et4\" style=\"width: 165.35pt;\" width=\"220\">1<\/td>\n<\/tr>\n<tr style=\"height: 13.50pt;\">\n<td class=\"et4\" style=\"height: 13.50pt; width: 195.75pt;\" width=\"261\" height=\"18\">Druck des Hauptkolbens (T)<\/td>\n<td class=\"et4\" style=\"width: 165.35pt;\" width=\"220\">12.82281633<\/td>\n<td class=\"et4\" style=\"width: 165.35pt;\" width=\"220\">12.82281633<\/td>\n<\/tr>\n<tr style=\"height: 13.50pt;\">\n<td class=\"et4\" style=\"height: 13.50pt; width: 195.75pt;\" width=\"261\" height=\"18\">Druck des Hilfsstempels (T)<\/td>\n<td class=\"et4\" style=\"width: 165.35pt;\" width=\"220\">12.5<\/td>\n<td class=\"et4\" style=\"width: 165.35pt;\" width=\"220\">12.5<\/td>\n<\/tr>\n<tr style=\"height: 13.50pt;\">\n<td class=\"et4\" style=\"height: 13.50pt; width: 195.75pt;\" width=\"261\" height=\"18\">Hydraulische Leistung (kW)<\/td>\n<td class=\"et4\" style=\"width: 165.35pt;\" width=\"220\">1.5<\/td>\n<td class=\"et4\" style=\"width: 165.35pt;\" width=\"220\">1.5<\/td>\n<\/tr>\n<tr style=\"height: 13.50pt;\">\n<td class=\"et4\" style=\"height: 13.50pt; width: 195.75pt;\" width=\"261\" height=\"18\">Abmessungen (L\u00d7B\u00d7H) (mm)<\/td>\n<td class=\"et4\" style=\"width: 165.35pt;\" width=\"220\">760\u00d7700\u00d71650<\/td>\n<td class=\"et4\" style=\"width: 165.35pt;\" width=\"220\">840\u00d7700\u00d71800<\/td>\n<\/tr>\n<tr style=\"height: 13.50pt;\">\n<td class=\"et4\" style=\"height: 13.50pt; width: 195.75pt;\" width=\"261\" height=\"18\">Gesamtgewicht (kg)<\/td>\n<td class=\"et4\" style=\"width: 165.35pt;\" width=\"220\">Etwa 400<\/td>\n<td class=\"et4\" style=\"width: 165.35pt;\" width=\"220\">Etwa 500<\/td>\n<\/tr>\n<\/tbody>\n<\/table>\n<p>Die oben genannten Modelle sind universelle Standardmodelle. Wenn Sie andere Modelle ben\u00f6tigen, wenden Sie sich bitte an unsere Mitarbeiter, und wir k\u00f6nnen auch ma\u00dfgeschneiderte Dienstleistungen nach Ihren Bed\u00fcrfnissen anbieten.<\/p>\n<h3 data-immersive-translate-walked=\"00e44dcb-682a-4379-afe2-db426b6f6b1a\"><strong data-immersive-translate-walked=\"00e44dcb-682a-4379-afe2-db426b6f6b1a\" data-immersive-translate-paragraph=\"1\">Warum sollten Sie sich f\u00fcr unsere Marine Waste Baling Machine entscheiden?<\/strong><\/h3>\n<ul>\n<li data-immersive-translate-walked=\"00e44dcb-682a-4379-afe2-db426b6f6b1a\"><strong data-immersive-translate-walked=\"00e44dcb-682a-4379-afe2-db426b6f6b1a\">Bew\u00e4hrte Effizienz<\/strong> - Reduziert die Kosten f\u00fcr die Abfallbehandlung und verbessert die Logistik.<\/li>\n<li data-immersive-translate-walked=\"00e44dcb-682a-4379-afe2-db426b6f6b1a\"><strong data-immersive-translate-walked=\"00e44dcb-682a-4379-afe2-db426b6f6b1a\">Nachhaltige Auswirkungen<\/strong> - Tr\u00e4gt zu sauberen Ozeanen und einer verantwortungsvollen Abfallwirtschaft bei.<\/li>\n<li data-immersive-translate-walked=\"00e44dcb-682a-4379-afe2-db426b6f6b1a\"><strong data-immersive-translate-walked=\"00e44dcb-682a-4379-afe2-db426b6f6b1a\">Globale Einhaltung<\/strong> - Entspricht den internationalen Umwelt- und Sicherheitsstandards.<\/li>\n<li data-immersive-translate-walked=\"00e44dcb-682a-4379-afe2-db426b6f6b1a\"><strong data-immersive-translate-walked=\"00e44dcb-682a-4379-afe2-db426b6f6b1a\">After-Sales-Unterst\u00fctzung<\/strong>\u00a0- Weltweiter technischer Service und Verf\u00fcgbarkeit von Ersatzteilen.<\/li>\n<\/ul>\n<h3 class=\"\" data-start=\"2755\" data-end=\"2787\"><strong data-start=\"2762\" data-end=\"2787\">Unterst\u00fctzte Abfallarten<\/strong><\/h3>\n<ul>\n<li data-start=\"2791\" data-end=\"2817\">Plastikflaschen, Verpackungen<\/li>\n<li data-start=\"2820\" data-end=\"2844\">Lebensmittelabf\u00e4lle (mit Beuteln)<\/li>\n<li data-start=\"2847\" data-end=\"2863\">Pappe, Papier<\/li>\n<li data-start=\"2866\" data-end=\"2886\">Fischernetze und Seile<\/li>\n<li data-start=\"2889\" data-end=\"2924\">Aluminiumdosen und andere recycelbare Stoffe<\/li>\n<\/ul>\n<p>Mit ihrer Kombination aus Robustheit, Langlebigkeit und Umweltfreundlichkeit ist die Ballenpresse f\u00fcr Schiffsabf\u00e4lle die ultimative L\u00f6sung f\u00fcr ein nachhaltiges Abfallmanagement in der maritimen Industrie. Ganz gleich, ob Sie die Abfallbehandlung auf einem Schiff verbessern oder den Hafenbetrieb optimieren m\u00f6chten, unsere Maschine bietet die Effizienz und Zuverl\u00e4ssigkeit, die Sie ben\u00f6tigen. Kontaktieren Sie uns noch heute, um mehr zu erfahren oder ein Angebot anzufordern.<\/p>","protected":false},"excerpt":{"rendered":"<p>Die Ballenpresse f\u00fcr Meeresm\u00fcll ist eine hydraulische Hochleistungspresse zur Verarbeitung und Ballenbildung von Meeresm\u00fcll, einschlie\u00dflich Kunststoffen, Fischernetzen, Seilen und anderen wiederverwertbaren Abf\u00e4llen. Durch die Verdichtung von losem Abfall zu dichten, handlichen Ballen wird der Lagerplatz reduziert, die Transportkosten werden gesenkt und die nachhaltige S\u00e4uberung der Meere unterst\u00fctzt. Die Maschine besteht aus korrosionsbest\u00e4ndigen Materialien f\u00fcr raue Meeresumgebungen und ist ideal f\u00fcr Fischereiflotten, Hafenbeh\u00f6rden, Recyclinganlagen und Umweltorganisationen.<\/p>","protected":false},"featured_media":1808,"template":"","meta":{"site-sidebar-layout":"default","site-content-layout":"","ast-site-content-layout":"default","site-content-style":"default","site-sidebar-style":"default","ast-global-header-display":"","ast-banner-title-visibility":"","ast-main-header-display":"","ast-hfb-above-header-display":"","ast-hfb-below-header-display":"","ast-hfb-mobile-header-display":"","site-post-title":"","ast-breadcrumbs-content":"","ast-featured-img":"","footer-sml-layout":"","ast-disable-related-posts":"","theme-transparent-header-meta":"default","adv-header-id-meta":"","stick-header-meta":"","header-above-stick-meta":"","header-main-stick-meta":"","header-below-stick-meta":"","astra-migrate-meta-layouts":"set","ast-page-background-enabled":"default","ast-page-background-meta":{"desktop":{"background-color":"var(--ast-global-color-5)","background-image":"","background-repeat":"repeat","background-position":"center center","background-size":"auto","background-attachment":"scroll","background-type":"","background-media":"","overlay-type":"","overlay-color":"","overlay-opacity":"","overlay-gradient":""},"tablet":{"background-color":"","background-image":"","background-repeat":"repeat","background-position":"center center","background-size":"auto","background-attachment":"scroll","background-type":"","background-media":"","overlay-type":"","overlay-color":"","overlay-opacity":"","overlay-gradient":""},"mobile":{"background-color":"","background-image":"","background-repeat":"repeat","background-position":"center center","background-size":"auto","background-attachment":"scroll","background-type":"","background-media":"","overlay-type":"","overlay-color":"","overlay-opacity":"","overlay-gradient":""}},"ast-content-background-meta":{"desktop":{"background-color":"var(--ast-global-color-4)","background-image":"","background-repeat":"repeat","background-position":"center center","background-size":"auto","background-attachment":"scroll","background-type":"","background-media":"","overlay-type":"","overlay-color":"","overlay-opacity":"","overlay-gradient":""},"tablet":{"background-color":"var(--ast-global-color-4)","background-image":"","background-repeat":"repeat","background-position":"center center","background-size":"auto","background-attachment":"scroll","background-type":"","background-media":"","overlay-type":"","overlay-color":"","overlay-opacity":"","overlay-gradient":""},"mobile":{"background-color":"var(--ast-global-color-4)","background-image":"","background-repeat":"repeat","background-position":"center center","background-size":"auto","background-attachment":"scroll","background-type":"","background-media":"","overlay-type":"","overlay-color":"","overlay-opacity":"","overlay-gradient":""}}},"product_brand":[],"product_cat":[21,152],"product_tag":[117,118,116,115,119,120],"class_list":{"0":"post-1807","1":"product","2":"type-product","3":"status-publish","4":"has-post-thumbnail","6":"product_cat-baling-machine","7":"product_cat-vertical-baler","8":"product_tag-china-marine-waste-baling-machine","9":"product_tag-hydraulic-marine-baler-for-sale","10":"product_tag-hydraulic-marine-garbage-baling-machine","11":"product_tag-marine-baler","12":"product_tag-marine-waste-baling-machine-factory","13":"product_tag-vertical-marine-baling-machine","14":"desktop-align-left","15":"tablet-align-left","16":"mobile-align-left","18":"first","19":"instock","20":"shipping-taxable","21":"product-type-simple"},"_links":{"self":[{"href":"https:\/\/www.gigapa.com\/de\/wp-json\/wp\/v2\/product\/1807","targetHints":{"allow":["GET"]}}],"collection":[{"href":"https:\/\/www.gigapa.com\/de\/wp-json\/wp\/v2\/product"}],"about":[{"href":"https:\/\/www.gigapa.com\/de\/wp-json\/wp\/v2\/types\/product"}],"version-history":[{"count":2,"href":"https:\/\/www.gigapa.com\/de\/wp-json\/wp\/v2\/product\/1807\/revisions"}],"predecessor-version":[{"id":1811,"href":"https:\/\/www.gigapa.com\/de\/wp-json\/wp\/v2\/product\/1807\/revisions\/1811"}],"wp:featuredmedia":[{"embeddable":true,"href":"https:\/\/www.gigapa.com\/de\/wp-json\/wp\/v2\/media\/1808"}],"wp:attachment":[{"href":"https:\/\/www.gigapa.com\/de\/wp-json\/wp\/v2\/media?parent=1807"}],"wp:term":[{"taxonomy":"product_brand","embeddable":true,"href":"https:\/\/www.gigapa.com\/de\/wp-json\/wp\/v2\/product_brand?post=1807"},{"taxonomy":"product_cat","embeddable":true,"href":"https:\/\/www.gigapa.com\/de\/wp-json\/wp\/v2\/product_cat?post=1807"},{"taxonomy":"product_tag","embeddable":true,"href":"https:\/\/www.gigapa.com\/de\/wp-json\/wp\/v2\/product_tag?post=1807"}],"curies":[{"name":"wp","href":"https:\/\/api.w.org\/{rel}","templated":true}]}}