{"id":1969,"date":"2025-06-17T10:34:57","date_gmt":"2025-06-17T02:34:57","guid":{"rendered":"https:\/\/www.gigapa.com\/?post_type=product&#038;p=1969"},"modified":"2025-10-13T09:20:16","modified_gmt":"2025-10-13T01:20:16","slug":"fully-auto-plastic-horizontal-baler","status":"publish","type":"product","link":"https:\/\/www.gigapa.com\/de\/product\/fully-auto-plastic-horizontal-baler\/","title":{"rendered":"Vollautomatische horizontale Kunststoffballenpresse"},"content":{"rendered":"<h3 data-immersive-translate-walked=\"8568c6e5-cd47-46f2-928d-6bdcbffb2f39\">Einf\u00fchrung<\/h3>\n<p class=\"ds-markdown-paragraph\" data-immersive-translate-walked=\"8568c6e5-cd47-46f2-928d-6bdcbffb2f39\" data-immersive-translate-paragraph=\"1\">Die vollautomatische horizontale Kunststoffballenpresse ist eine fortschrittliche hydraulische Ballenpresse, die Kunststoffabf\u00e4lle, Folien, Flaschen und andere wiederverwertbare Materialien zu kompakten Ballen presst. Durch den vollautomatischen Betrieb, die hohe Presskraft und die robuste Konstruktion verbessert diese Maschine die Lagereffizienz, reduziert die Transportkosten und verbessert die Recyclingprozesse. Diese Ballenpresse ist ideal f\u00fcr Recyclingzentren, Abfallentsorgungseinrichtungen und Produktionsbetriebe und gew\u00e4hrleistet eine reibungslose Verarbeitung gro\u00dfer Mengen an Kunststoffabf\u00e4llen.<\/p>\n<h3 data-immersive-translate-walked=\"8568c6e5-cd47-46f2-928d-6bdcbffb2f39\">Wesentliche Merkmale<\/h3>\n<p data-immersive-translate-walked=\"8568c6e5-cd47-46f2-928d-6bdcbffb2f39\"><strong>1. Vollst\u00e4ndig automatisierter Betrieb<\/strong><\/p>\n<ul>\n<li class=\"ds-markdown-paragraph\" data-immersive-translate-walked=\"8568c6e5-cd47-46f2-928d-6bdcbffb2f39\" data-immersive-translate-paragraph=\"1\">Ausgestattet mit einem PLC-Steuerungssystem f\u00fcr automatische Zuf\u00fchrung, Komprimierung, Bindung und Auswurf.<\/li>\n<li class=\"ds-markdown-paragraph\" data-immersive-translate-walked=\"8568c6e5-cd47-46f2-928d-6bdcbffb2f39\" data-immersive-translate-paragraph=\"1\">Reduziert die manuelle Arbeit und erh\u00f6ht die Produktivit\u00e4t bei minimalem Eingriff des Bedieners.<\/li>\n<li class=\"ds-markdown-paragraph\" data-immersive-translate-walked=\"8568c6e5-cd47-46f2-928d-6bdcbffb2f39\" data-immersive-translate-paragraph=\"1\">Benutzerfreundliche Touchscreen-Schnittstelle f\u00fcr einfache Einstellungen und \u00dcberwachung.<\/li>\n<\/ul>\n<p data-immersive-translate-walked=\"8568c6e5-cd47-46f2-928d-6bdcbffb2f39\"><strong>2. Hohe Kompressionskraft und Effizienz<\/strong><\/p>\n<ul>\n<li class=\"ds-markdown-paragraph\" data-immersive-translate-walked=\"8568c6e5-cd47-46f2-928d-6bdcbffb2f39\" data-immersive-translate-paragraph=\"1\">Das leistungsstarke Hydrauliksystem erzeugt einen hohen Druck und sorgt f\u00fcr dicht gepackte Ballen.<\/li>\n<li class=\"ds-markdown-paragraph\" data-immersive-translate-walked=\"8568c6e5-cd47-46f2-928d-6bdcbffb2f39\" data-immersive-translate-paragraph=\"1\">Maximiert die Materialdichte, reduziert den Lagerplatz und die Logistikkosten.<\/li>\n<li class=\"ds-markdown-paragraph\" data-immersive-translate-walked=\"8568c6e5-cd47-46f2-928d-6bdcbffb2f39\" data-immersive-translate-paragraph=\"1\">Verarbeitet eine breite Palette von Kunststoffen, darunter PET-Flaschen, HDPE- und LDPE-Folien sowie PP-Abf\u00e4lle.<\/li>\n<\/ul>\n<p data-immersive-translate-walked=\"8568c6e5-cd47-46f2-928d-6bdcbffb2f39\"><strong>3. Robuste &amp; langlebige Konstruktion<\/strong><\/p>\n<ul>\n<li class=\"ds-markdown-paragraph\" data-immersive-translate-walked=\"8568c6e5-cd47-46f2-928d-6bdcbffb2f39\" data-immersive-translate-paragraph=\"1\">Robuster Stahlrahmen und verst\u00e4rkte Druckkammer f\u00fcr dauerhafte Leistung.<\/li>\n<li class=\"ds-markdown-paragraph\" data-immersive-translate-walked=\"8568c6e5-cd47-46f2-928d-6bdcbffb2f39\" data-immersive-translate-paragraph=\"1\">Verschlei\u00dffeste Komponenten, die dem Dauerbetrieb in anspruchsvollen Umgebungen standhalten.<\/li>\n<li class=\"ds-markdown-paragraph\" data-immersive-translate-walked=\"8568c6e5-cd47-46f2-928d-6bdcbffb2f39\" data-immersive-translate-paragraph=\"1\">Wartungsarmes Design mit leicht zug\u00e4nglichen Teilen f\u00fcr die Wartung.<\/li>\n<\/ul>\n<p data-immersive-translate-walked=\"8568c6e5-cd47-46f2-928d-6bdcbffb2f39\"><strong>4. Sicherheit und Verl\u00e4sslichkeit<\/strong><\/p>\n<ul>\n<li class=\"ds-markdown-paragraph\" data-immersive-translate-walked=\"8568c6e5-cd47-46f2-928d-6bdcbffb2f39\" data-immersive-translate-paragraph=\"1\">Notausschalter und Sicherheitssensoren zur Vermeidung von Unf\u00e4llen.<\/li>\n<li class=\"ds-markdown-paragraph\" data-immersive-translate-walked=\"8568c6e5-cd47-46f2-928d-6bdcbffb2f39\" data-immersive-translate-paragraph=\"1\">Verriegelte T\u00fcren und \u00dcberlastungsschutz f\u00fcr sicheren Betrieb.<\/li>\n<li class=\"ds-markdown-paragraph\" data-immersive-translate-walked=\"8568c6e5-cd47-46f2-928d-6bdcbffb2f39\" data-immersive-translate-paragraph=\"1\">Entspricht den internationalen Sicherheitsstandards (CE, ISO zertifiziert).<\/li>\n<\/ul>\n<p data-immersive-translate-walked=\"8568c6e5-cd47-46f2-928d-6bdcbffb2f39\"><strong>5. Anpassbare Ballengr\u00f6\u00dfe und Leistung<\/strong><\/p>\n<ul>\n<li class=\"ds-markdown-paragraph\" data-immersive-translate-walked=\"8568c6e5-cd47-46f2-928d-6bdcbffb2f39\" data-immersive-translate-paragraph=\"1\">Einstellbare Ballengr\u00f6\u00dfe f\u00fcr spezifische Recyclinganforderungen.<\/li>\n<li class=\"ds-markdown-paragraph\" data-immersive-translate-walked=\"8568c6e5-cd47-46f2-928d-6bdcbffb2f39\" data-immersive-translate-paragraph=\"1\">Optionales automatisches Anbindesystem (Draht oder Band) f\u00fcr sichere Ballenbindung.<\/li>\n<\/ul>\n<h3 data-immersive-translate-walked=\"8568c6e5-cd47-46f2-928d-6bdcbffb2f39\">Anwendungen<\/h3>\n<p class=\"ds-markdown-paragraph\" data-immersive-translate-walked=\"8568c6e5-cd47-46f2-928d-6bdcbffb2f39\" data-immersive-translate-paragraph=\"1\">Die vollautomatische horizontale Kunststoffballenpresse ist weit verbreitet in:<\/p>\n<ol>\n<li class=\"ds-markdown-paragraph\" data-immersive-translate-walked=\"8568c6e5-cd47-46f2-928d-6bdcbffb2f39\" data-immersive-translate-paragraph=\"1\">Kunststoffrecyclinganlagen - Pressen Sie PET, HDPE, PVC und andere Kunststoffabf\u00e4lle.<\/li>\n<li class=\"ds-markdown-paragraph\" data-immersive-translate-walked=\"8568c6e5-cd47-46f2-928d-6bdcbffb2f39\" data-immersive-translate-paragraph=\"1\">Abfallentsorgungsanlagen - Verarbeiten Sie Post-Consumer- und Industriekunststoffabf\u00e4lle.<\/li>\n<li class=\"ds-markdown-paragraph\" data-immersive-translate-walked=\"8568c6e5-cd47-46f2-928d-6bdcbffb2f39\" data-immersive-translate-paragraph=\"1\">Produktionseinheiten - Handhabung von Produktionsabf\u00e4llen, fehlerhaften Produkten und Verpackungsmaterial.<\/li>\n<li class=\"ds-markdown-paragraph\" data-immersive-translate-walked=\"8568c6e5-cd47-46f2-928d-6bdcbffb2f39\" data-immersive-translate-paragraph=\"1\">Logistik- und Vertriebszentren - Reduzieren Sie das Abfallvolumen f\u00fcr eine kosteng\u00fcnstige Entsorgung.<\/li>\n<\/ol>\n<h3 data-immersive-translate-walked=\"8568c6e5-cd47-46f2-928d-6bdcbffb2f39\">Warum unsere vollautomatische horizontale Kunststoffballenpresse w\u00e4hlen?<\/h3>\n<p class=\"ds-markdown-paragraph\" data-immersive-translate-walked=\"8568c6e5-cd47-46f2-928d-6bdcbffb2f39\" data-immersive-translate-paragraph=\"1\">\u2714 H\u00f6here Produktivit\u00e4t - Der automatisierte Arbeitsablauf beschleunigt das Ballenpressen und spart Zeit und Arbeit.<br data-immersive-translate-walked=\"8568c6e5-cd47-46f2-928d-6bdcbffb2f39\" \/>\u2714 Kostenersparnis - Kompakte Ballen bedeuten geringere Lager- und Frachtkosten.<br data-immersive-translate-walked=\"8568c6e5-cd47-46f2-928d-6bdcbffb2f39\" \/>\u2714 Umweltfreundlich - Unterst\u00fctzt nachhaltiges Recycling durch Optimierung der Abfallverarbeitung.<br data-immersive-translate-walked=\"8568c6e5-cd47-46f2-928d-6bdcbffb2f39\" \/>\u2714 Geringer Wartungsaufwand - Langlebige Komponenten minimieren Ausfallzeiten und Reparaturkosten.<\/p>\n<h3 data-immersive-translate-walked=\"8568c6e5-cd47-46f2-928d-6bdcbffb2f39\">Technische Daten<\/h3>\n<div data-immersive-translate-walked=\"8568c6e5-cd47-46f2-928d-6bdcbffb2f39\">\n<table border=\"0\" width=\"989\" cellspacing=\"0\" cellpadding=\"0\">\n<tbody>\n<tr>\n<td class=\"et2\" width=\"266\" height=\"18\">Modell<\/td>\n<td class=\"et2\" width=\"175\">GSB-F0707<\/td>\n<td class=\"et2\" width=\"181\">GSB-F1107<\/td>\n<td class=\"et2\" width=\"187\">GSB-F1111<\/td>\n<td class=\"et2\" width=\"180\">GSB-F1112<\/td>\n<\/tr>\n<tr>\n<td class=\"et2\" height=\"18\">Verpackungsgr\u00f6\u00dfe (B\u00d7H\u00d7U)(mm)<\/td>\n<td class=\"et2\">720\u00d7720\u00d7(500-1500)<\/td>\n<td class=\"et2\">1100\u00d7750\u00d7(500-1500)<\/td>\n<td class=\"et2\">1100\u00d71100\u00d7(500-1800)<\/td>\n<td class=\"et2\">1100\u00d71250\u00d7(500-1800)<\/td>\n<\/tr>\n<tr>\n<td class=\"et2\" height=\"18\">Anzahl der Bindungsdurchg\u00e4nge (PCs)<\/td>\n<td class=\"et2\">4<\/td>\n<td class=\"et2\">4<\/td>\n<td class=\"et2\">5<\/td>\n<td class=\"et2\">5<\/td>\n<\/tr>\n<tr>\n<td class=\"et2\" height=\"18\">Hauptflaschendruck (T)<\/td>\n<td class=\"et2\">63<\/td>\n<td class=\"et2\">63<\/td>\n<td class=\"et2\">100<\/td>\n<td class=\"et2\">112<\/td>\n<\/tr>\n<tr>\n<td class=\"et2\" height=\"18\">Hydraulische Leistung (kW)<\/td>\n<td class=\"et2\">22<\/td>\n<td class=\"et2\">22<\/td>\n<td class=\"et2\">45<\/td>\n<td class=\"et2\">55<\/td>\n<\/tr>\n<tr>\n<td class=\"et2\" height=\"18\">Gr\u00f6\u00dfe des Hosts (L\u00d7B\u00d7H)(mm)<\/td>\n<td class=\"et2\">6780\u00d73000\u00d73600<\/td>\n<td class=\"et2\">6880\u00d73800\u00d73600<\/td>\n<td class=\"et2\">8560\u00d73910\u00d74500<\/td>\n<td class=\"et2\">9260\u00d74120\u00d74850<\/td>\n<\/tr>\n<tr>\n<td class=\"et2\" height=\"18\">Gesamtgewicht (kg)<\/td>\n<td class=\"et2\">Etwa 6800<\/td>\n<td class=\"et2\">Etwa 9100<\/td>\n<td class=\"et2\">Etwa 18600<\/td>\n<td class=\"et2\">Etwa 21300<\/td>\n<\/tr>\n<\/tbody>\n<\/table>\n<\/div>\n<p class=\"ds-markdown-paragraph\" data-immersive-translate-walked=\"8568c6e5-cd47-46f2-928d-6bdcbffb2f39\"><em data-immersive-translate-walked=\"8568c6e5-cd47-46f2-928d-6bdcbffb2f39\" data-immersive-translate-paragraph=\"1\">(Kundenspezifische Konfigurationen sind auf Anfrage erh\u00e4ltlich.)<\/em><\/p>\n<h3 data-immersive-translate-walked=\"8568c6e5-cd47-46f2-928d-6bdcbffb2f39\">Schlussfolgerung<\/h3>\n<p class=\"ds-markdown-paragraph\" data-immersive-translate-walked=\"8568c6e5-cd47-46f2-928d-6bdcbffb2f39\" data-immersive-translate-paragraph=\"1\">Die vollautomatische horizontale Kunststoffballenpresse ist eine intelligente, effiziente und zuverl\u00e4ssige L\u00f6sung f\u00fcr die Verdichtung von Kunststoffabf\u00e4llen. Mit ihrer Automatisierung, der hohen Verdichtungsleistung und den niedrigen Betriebskosten ist sie die ideale Wahl f\u00fcr Unternehmen, die ihre Recyclingprozesse optimieren und die Kosten f\u00fcr die Abfallbehandlung senken m\u00f6chten.<\/p>","protected":false},"excerpt":{"rendered":"<p>Komprimiert effizient PET, HDPE und andere Kunststoffabf\u00e4lle und schlie\u00dft den gesamten Prozess der Zuf\u00fchrung, Kompression und B\u00fcndelung automatisch ab. Hydraulisch angetrieben, mit starkem Druck und hoher Packungsdichte, spart Lager- und Transportkosten. Geeignet f\u00fcr Recyclingstationen und Kunststoffverarbeitungsbetriebe, verbessert die Effizienz der Abfallbehandlung um mehr als 30%.<\/p>","protected":false},"featured_media":1959,"template":"","meta":{"site-sidebar-layout":"default","site-content-layout":"","ast-site-content-layout":"default","site-content-style":"default","site-sidebar-style":"default","ast-global-header-display":"","ast-banner-title-visibility":"","ast-main-header-display":"","ast-hfb-above-header-display":"","ast-hfb-below-header-display":"","ast-hfb-mobile-header-display":"","site-post-title":"","ast-breadcrumbs-content":"","ast-featured-img":"","footer-sml-layout":"","ast-disable-related-posts":"","theme-transparent-header-meta":"default","adv-header-id-meta":"","stick-header-meta":"","header-above-stick-meta":"","header-main-stick-meta":"","header-below-stick-meta":"","astra-migrate-meta-layouts":"set","ast-page-background-enabled":"default","ast-page-background-meta":{"desktop":{"background-color":"var(--ast-global-color-5)","background-image":"","background-repeat":"repeat","background-position":"center center","background-size":"auto","background-attachment":"scroll","background-type":"","background-media":"","overlay-type":"","overlay-color":"","overlay-opacity":"","overlay-gradient":""},"tablet":{"background-color":"","background-image":"","background-repeat":"repeat","background-position":"center center","background-size":"auto","background-attachment":"scroll","background-type":"","background-media":"","overlay-type":"","overlay-color":"","overlay-opacity":"","overlay-gradient":""},"mobile":{"background-color":"","background-image":"","background-repeat":"repeat","background-position":"center center","background-size":"auto","background-attachment":"scroll","background-type":"","background-media":"","overlay-type":"","overlay-color":"","overlay-opacity":"","overlay-gradient":""}},"ast-content-background-meta":{"desktop":{"background-color":"var(--ast-global-color-4)","background-image":"","background-repeat":"repeat","background-position":"center center","background-size":"auto","background-attachment":"scroll","background-type":"","background-media":"","overlay-type":"","overlay-color":"","overlay-opacity":"","overlay-gradient":""},"tablet":{"background-color":"var(--ast-global-color-4)","background-image":"","background-repeat":"repeat","background-position":"center center","background-size":"auto","background-attachment":"scroll","background-type":"","background-media":"","overlay-type":"","overlay-color":"","overlay-opacity":"","overlay-gradient":""},"mobile":{"background-color":"var(--ast-global-color-4)","background-image":"","background-repeat":"repeat","background-position":"center center","background-size":"auto","background-attachment":"scroll","background-type":"","background-media":"","overlay-type":"","overlay-color":"","overlay-opacity":"","overlay-gradient":""}}},"product_brand":[],"product_cat":[21,153],"product_tag":[],"class_list":{"0":"post-1969","1":"product","2":"type-product","3":"status-publish","4":"has-post-thumbnail","6":"product_cat-baling-machine","7":"product_cat-horizontal-baler","8":"desktop-align-left","9":"tablet-align-left","10":"mobile-align-left","12":"first","13":"instock","14":"shipping-taxable","15":"product-type-simple"},"_links":{"self":[{"href":"https:\/\/www.gigapa.com\/de\/wp-json\/wp\/v2\/product\/1969","targetHints":{"allow":["GET"]}}],"collection":[{"href":"https:\/\/www.gigapa.com\/de\/wp-json\/wp\/v2\/product"}],"about":[{"href":"https:\/\/www.gigapa.com\/de\/wp-json\/wp\/v2\/types\/product"}],"version-history":[{"count":4,"href":"https:\/\/www.gigapa.com\/de\/wp-json\/wp\/v2\/product\/1969\/revisions"}],"predecessor-version":[{"id":2386,"href":"https:\/\/www.gigapa.com\/de\/wp-json\/wp\/v2\/product\/1969\/revisions\/2386"}],"wp:featuredmedia":[{"embeddable":true,"href":"https:\/\/www.gigapa.com\/de\/wp-json\/wp\/v2\/media\/1959"}],"wp:attachment":[{"href":"https:\/\/www.gigapa.com\/de\/wp-json\/wp\/v2\/media?parent=1969"}],"wp:term":[{"taxonomy":"product_brand","embeddable":true,"href":"https:\/\/www.gigapa.com\/de\/wp-json\/wp\/v2\/product_brand?post=1969"},{"taxonomy":"product_cat","embeddable":true,"href":"https:\/\/www.gigapa.com\/de\/wp-json\/wp\/v2\/product_cat?post=1969"},{"taxonomy":"product_tag","embeddable":true,"href":"https:\/\/www.gigapa.com\/de\/wp-json\/wp\/v2\/product_tag?post=1969"}],"curies":[{"name":"wp","href":"https:\/\/api.w.org\/{rel}","templated":true}]}}