{"id":1971,"date":"2025-06-17T11:30:43","date_gmt":"2025-06-17T03:30:43","guid":{"rendered":"https:\/\/www.gigapa.com\/?post_type=product&#038;p=1971"},"modified":"2025-11-05T08:59:57","modified_gmt":"2025-11-05T00:59:57","slug":"fully-automatic-strapping-baler-iron-wire","status":"publish","type":"product","link":"https:\/\/www.gigapa.com\/de\/product\/fully-automatic-strapping-baler-iron-wire\/","title":{"rendered":"Vollautomatische Umreifungsballenpresse-(Eisendraht)"},"content":{"rendered":"<p data-start=\"226\" data-end=\"712\">Die vollautomatische Umreifungsballenpresse (Eisendraht) ist eine hochleistungsf\u00e4hige und intelligente Abfallwirtschaftsmaschine, die den Recyclingprozess rationalisiert, indem sie gro\u00dfe Materialmengen zu dichten, leicht zu handhabenden Ballen presst, die mit haltbarem Eisendraht gesichert sind. Diese f\u00fcr industrielle Hochleistungsanwendungen konzipierte Ballenpresse zeichnet sich durch Automatisierung, Geschwindigkeit und Sicherheit aus und ist damit eine ideale L\u00f6sung f\u00fcr moderne Abfallverarbeitungs- und Recyclingzentren, Logistikzentren und Produktionsanlagen.<\/p>\n<p data-start=\"714\" data-end=\"1009\">Da das Abfallvolumen in allen Branchen zunimmt, ben\u00f6tigen Unternehmen effiziente, zuverl\u00e4ssige L\u00f6sungen f\u00fcr die Verwaltung und den Transport von wiederverwertbaren Materialien. Diese Ballenpresse erf\u00fcllt diesen Bedarf, indem sie ein vollautomatisches Ballenpress- und Umreifungssystem bietet, das die Arbeitskosten erheblich reduziert und die betriebliche Effizienz verbessert.<\/p>\n<h3 data-start=\"1016\" data-end=\"1038\">Wesentliche Merkmale<\/h3>\n<p data-start=\"1040\" data-end=\"1077\"><strong>Vollautomatischer Betrieb<\/strong><\/p>\n<p data-start=\"1078\" data-end=\"1436\">Von der Zuf\u00fchrung \u00fcber die Verdichtung bis hin zum Ballenauswurf und der Umreifung werden alle Prozesse automatisch \u00fcber ein benutzerfreundliches SPS-System gesteuert. Die Bediener stellen einfach die Parameter ein und \u00fcberwachen die Leistung \u00fcber eine Touchscreen-Benutzeroberfl\u00e4che, so dass die Ballenpresse mit minimalen menschlichen Eingriffen funktioniert. Dies gew\u00e4hrleistet eine konstante Leistung und erh\u00f6ht die Produktivit\u00e4t erheblich.<\/p>\n<p data-start=\"1438\" data-end=\"1483\"><strong>Starkes Eisendraht-Umreifungssystem<\/strong><\/p>\n<p data-start=\"1484\" data-end=\"1871\">Im Gegensatz zu Ballenpressen, die Kunststoffb\u00e4nder oder Bindf\u00e4den verwenden, wird bei diesem Modell Eisendraht f\u00fcr die Umreifung eingesetzt, der eine h\u00f6here Festigkeit und Haltbarkeit bietet. Dies ist besonders wichtig f\u00fcr schwere und starre Materialien wie Pappe, Kartons und gepresstes Papier. Das automatische Drahtbindesystem sorgt daf\u00fcr, dass jeder Ballen fest verschlossen ist, w\u00e4hrend des Transports stabil bleibt und den Anforderungen der Recyclinganlagen entspricht.<\/p>\n<p data-start=\"1873\" data-end=\"1908\"><strong>Hochbelastbare Konstruktion<\/strong><\/p>\n<p data-start=\"1909\" data-end=\"2245\">Diese aus hochwertigem, verschlei\u00dffestem Stahl gefertigte Ballenpresse ist f\u00fcr den 24\/7-Industrieeinsatz ausgelegt. Der verst\u00e4rkte Rahmen, die Hydraulikkomponenten und die verschlei\u00dffesten Auskleidungen sind so konzipiert, dass sie dem Hochdruckbetrieb ohne Verformung oder h\u00e4ufige Wartung standhalten. Au\u00dferdem verf\u00fcgt sie \u00fcber ein leistungsstarkes Hydrauliksystem f\u00fcr eine starke und schnelle Verdichtung.<\/p>\n<p data-start=\"2247\" data-end=\"2281\"><strong>Konsistente Ballenleistung<\/strong><\/p>\n<p data-start=\"2282\" data-end=\"2558\">Die Maschine produziert gleichm\u00e4\u00dfige Ballen mit hoher Dichte, deren L\u00e4nge und Gewicht je nach Material und Kundenwunsch einstellbar sind. Diese Einheitlichkeit verbessert die Raumnutzung bei der Lagerung und beim Transport, was zu niedrigeren Logistikkosten und einer besser organisierten Abfallbehandlung f\u00fchrt.<\/p>\n<p data-start=\"2560\" data-end=\"2588\"><strong>Sicherheit und Kontrolle<\/strong><\/p>\n<p data-start=\"2589\" data-end=\"2899\">Sicherheit ist ein Hauptmerkmal dieser Ballenpresse. Not-Aus-Tasten, T\u00fcrverriegelungen, \u00dcberlastschutz und Fehlermeldungen sind integriert, um die Sicherheit des Bedieners zu gew\u00e4hrleisten und Maschinensch\u00e4den zu vermeiden. Das intelligente Bedienfeld zeigt Betriebsdaten und Systemwarnungen in Echtzeit an, um eine schnelle Reaktion und einen reibungslosen Betrieb zu gew\u00e4hrleisten.<\/p>\n<h3 data-start=\"4041\" data-end=\"4064\">Anwendungen<\/h3>\n<p data-start=\"4066\" data-end=\"4171\">Die vollautomatische Umreifungsballenpresse (Eisendraht) wird in einer Vielzahl von Branchen eingesetzt, darunter:<\/p>\n<ul>\n<li data-start=\"4175\" data-end=\"4256\">Recycling-Zentren - F\u00fcr die Komprimierung von Papier, Pappe und gemischten Papierabf\u00e4llen<\/li>\n<li data-start=\"4259\" data-end=\"4357\">Verpackungs- und Druckereien - Verwaltung von Abf\u00e4llen, die durch Beschnitt und fehlerhafte Drucke entstehen<\/li>\n<li data-start=\"4360\" data-end=\"4442\">Papierfabriken - Zum Sammeln und Ballenpressen von Kantenabf\u00e4llen und Altpapierrollen<\/li>\n<li data-start=\"4445\" data-end=\"4540\">Lagerh\u00e4user und Distributionszentren - Zum Verdichten gebrauchter Kartons und Verpackungsmaterialien<\/li>\n<li data-start=\"4543\" data-end=\"4639\">Anlagen f\u00fcr feste Siedlungsabf\u00e4lle - F\u00fcr die Behandlung trockener Abf\u00e4lle vor dem Transport oder der Verbrennung<\/li>\n<\/ul>\n<p data-start=\"4641\" data-end=\"4669\">Es ist f\u00fcr die Handhabung geeignet:<\/p>\n<ul>\n<li data-start=\"4673\" data-end=\"4703\">Alte Wellpappkartons (OCC)<\/li>\n<li data-start=\"4706\" data-end=\"4733\">Altpapier und Zeitungspapier<\/li>\n<li data-start=\"4736\" data-end=\"4759\">Papierverpackungsabf\u00e4lle<\/li>\n<li data-start=\"4762\" data-end=\"4814\">Leichter Textilabfall (mit optionalen Konfigurationen)<\/li>\n<\/ul>\n<h3 data-start=\"4821\" data-end=\"4860\">Vorteile f\u00fcr Ihr Unternehmen<\/h3>\n<ul>\n<li data-start=\"4864\" data-end=\"4985\">Geringere Abh\u00e4ngigkeit von Arbeitskr\u00e4ften: Durch die vollst\u00e4ndige Automatisierung werden manuelle Vorg\u00e4nge reduziert und der Durchsatz mit weniger Mitarbeitern erh\u00f6ht.<\/li>\n<li data-start=\"4988\" data-end=\"5079\">Niedrigere Transportkosten: Dichtere Ballen bedeuten weniger Fahrten und mehr Material pro Ladung.<\/li>\n<li data-start=\"5082\" data-end=\"5189\">Verbesserte Arbeitsplatzeffizienz: Eine saubere, kompakte Lagerung verbessert die allgemeine Organisation und Sicherheit im Betrieb.<\/li>\n<li data-start=\"5192\" data-end=\"5298\">Gleichbleibende Qualit\u00e4t der Produktion: Gleichm\u00e4\u00dfige Ballen mit starker Umreifung verringern den Materialverlust bei der Handhabung.<\/li>\n<li data-start=\"5301\" data-end=\"5400\">Langlebigkeit und Verl\u00e4sslichkeit: Gebaut f\u00fcr den Einsatz in rauen Industrieumgebungen mit minimalen Ausfallzeiten.<\/li>\n<\/ul>\n<h3 data-start=\"5849\" data-end=\"5870\">Schlussfolgerung<\/h3>\n<p data-start=\"5872\" data-end=\"6234\">Die vollautomatische Umreifungsballenpresse (Eisendraht) ist nicht nur eine Maschine, sondern eine intelligente Investition in Effizienz, Nachhaltigkeit und Kostensenkung. Sie wurde mit Blick auf industrielle Anforderungen entwickelt und bietet robuste Leistung, intelligente Steuerung und zuverl\u00e4ssige Umreifungsleistung, sodass Ihr Unternehmen recycelbare Materialien effizienter als je zuvor verwalten kann.<\/p>\n<p data-start=\"6236\" data-end=\"6434\">Setzen Sie sich noch heute mit uns in Verbindung, um zu erfahren, wie diese Ballenpresse in Ihr Abfallmanagement- oder Recyclingverfahren integriert werden kann. Kundenspezifische Modelle und OEM\/ODM-Services sind f\u00fcr globale H\u00e4ndler und Unternehmenskunden verf\u00fcgbar.<\/p>","protected":false},"excerpt":{"rendered":"<p>Diese vollautomatische Ballenpresse ist mit einem Umreifungssystem aus Eisendraht ausgestattet, das eine robuste und zuverl\u00e4ssige Ballensicherung f\u00fcr schwere Anwendungen bietet. Sie ist ideal f\u00fcr das Pressen von Papier, Karton und anderen wiederverwertbaren Materialien in Umgebungen mit hohem Aufkommen. Sie bietet automatische Zuf\u00fchrung, Pressung und horizontale Umreifung, wodurch die Arbeitskosten gesenkt und die Verarbeitungseffizienz verbessert werden. Dank der robusten Konstruktion und der intelligenten SPS-Steuerung ist sie f\u00fcr den industriellen Einsatz rund um die Uhr geeignet.<\/p>","protected":false},"featured_media":1958,"template":"","meta":{"site-sidebar-layout":"default","site-content-layout":"","ast-site-content-layout":"default","site-content-style":"default","site-sidebar-style":"default","ast-global-header-display":"","ast-banner-title-visibility":"","ast-main-header-display":"","ast-hfb-above-header-display":"","ast-hfb-below-header-display":"","ast-hfb-mobile-header-display":"","site-post-title":"","ast-breadcrumbs-content":"","ast-featured-img":"","footer-sml-layout":"","ast-disable-related-posts":"","theme-transparent-header-meta":"default","adv-header-id-meta":"","stick-header-meta":"","header-above-stick-meta":"","header-main-stick-meta":"","header-below-stick-meta":"","astra-migrate-meta-layouts":"set","ast-page-background-enabled":"default","ast-page-background-meta":{"desktop":{"background-color":"var(--ast-global-color-5)","background-image":"","background-repeat":"repeat","background-position":"center center","background-size":"auto","background-attachment":"scroll","background-type":"","background-media":"","overlay-type":"","overlay-color":"","overlay-opacity":"","overlay-gradient":""},"tablet":{"background-color":"","background-image":"","background-repeat":"repeat","background-position":"center center","background-size":"auto","background-attachment":"scroll","background-type":"","background-media":"","overlay-type":"","overlay-color":"","overlay-opacity":"","overlay-gradient":""},"mobile":{"background-color":"","background-image":"","background-repeat":"repeat","background-position":"center center","background-size":"auto","background-attachment":"scroll","background-type":"","background-media":"","overlay-type":"","overlay-color":"","overlay-opacity":"","overlay-gradient":""}},"ast-content-background-meta":{"desktop":{"background-color":"var(--ast-global-color-4)","background-image":"","background-repeat":"repeat","background-position":"center center","background-size":"auto","background-attachment":"scroll","background-type":"","background-media":"","overlay-type":"","overlay-color":"","overlay-opacity":"","overlay-gradient":""},"tablet":{"background-color":"var(--ast-global-color-4)","background-image":"","background-repeat":"repeat","background-position":"center center","background-size":"auto","background-attachment":"scroll","background-type":"","background-media":"","overlay-type":"","overlay-color":"","overlay-opacity":"","overlay-gradient":""},"mobile":{"background-color":"var(--ast-global-color-4)","background-image":"","background-repeat":"repeat","background-position":"center center","background-size":"auto","background-attachment":"scroll","background-type":"","background-media":"","overlay-type":"","overlay-color":"","overlay-opacity":"","overlay-gradient":""}}},"product_brand":[],"product_cat":[21,153],"product_tag":[],"class_list":{"0":"post-1971","1":"product","2":"type-product","3":"status-publish","4":"has-post-thumbnail","6":"product_cat-baling-machine","7":"product_cat-horizontal-baler","8":"desktop-align-left","9":"tablet-align-left","10":"mobile-align-left","12":"first","13":"instock","14":"shipping-taxable","15":"product-type-simple"},"_links":{"self":[{"href":"https:\/\/www.gigapa.com\/de\/wp-json\/wp\/v2\/product\/1971","targetHints":{"allow":["GET"]}}],"collection":[{"href":"https:\/\/www.gigapa.com\/de\/wp-json\/wp\/v2\/product"}],"about":[{"href":"https:\/\/www.gigapa.com\/de\/wp-json\/wp\/v2\/types\/product"}],"version-history":[{"count":4,"href":"https:\/\/www.gigapa.com\/de\/wp-json\/wp\/v2\/product\/1971\/revisions"}],"predecessor-version":[{"id":2799,"href":"https:\/\/www.gigapa.com\/de\/wp-json\/wp\/v2\/product\/1971\/revisions\/2799"}],"wp:featuredmedia":[{"embeddable":true,"href":"https:\/\/www.gigapa.com\/de\/wp-json\/wp\/v2\/media\/1958"}],"wp:attachment":[{"href":"https:\/\/www.gigapa.com\/de\/wp-json\/wp\/v2\/media?parent=1971"}],"wp:term":[{"taxonomy":"product_brand","embeddable":true,"href":"https:\/\/www.gigapa.com\/de\/wp-json\/wp\/v2\/product_brand?post=1971"},{"taxonomy":"product_cat","embeddable":true,"href":"https:\/\/www.gigapa.com\/de\/wp-json\/wp\/v2\/product_cat?post=1971"},{"taxonomy":"product_tag","embeddable":true,"href":"https:\/\/www.gigapa.com\/de\/wp-json\/wp\/v2\/product_tag?post=1971"}],"curies":[{"name":"wp","href":"https:\/\/api.w.org\/{rel}","templated":true}]}}