{"id":1976,"date":"2025-06-19T09:49:20","date_gmt":"2025-06-19T01:49:20","guid":{"rendered":"https:\/\/www.gigapa.com\/?post_type=product&#038;p=1976"},"modified":"2026-05-08T17:27:17","modified_gmt":"2026-05-08T09:27:17","slug":"fully-auto-textile-horizontal-baler","status":"publish","type":"product","link":"https:\/\/www.gigapa.com\/de\/product\/fully-auto-textile-horizontal-baler\/","title":{"rendered":"Halbautomatische horizontale Textilballenpresse"},"content":{"rendered":"<p data-start=\"304\" data-end=\"670\">Die halbautomatische horizontale Textilballenpresse ist eine hocheffiziente Ballenpressl\u00f6sung, die speziell f\u00fcr die Textilindustrie entwickelt wurde. Ganz gleich, ob Sie mit Baumwollresten, Stoffresten, Garnabf\u00e4llen oder Vliesstoffen zu tun haben, diese Maschine automatisiert den gesamten Ballenpressprozess und hilft Unternehmen, ihre Produktivit\u00e4t zu maximieren, Arbeitskosten zu senken und die Effizienz der Lagerung zu verbessern.<\/p>\n<h3 data-start=\"672\" data-end=\"722\">Was ist eine halbautomatische horizontale Textilballenpresse?<\/h3>\n<p data-start=\"724\" data-end=\"1184\">Eine halbautomatische horizontale Textilpresse ist eine Art Abfallverdichter, der Textilmaterialien zu dichten, handlichen Ballen presst. Im Gegensatz zu manuellen oder halbautomatischen Modellen verf\u00fcgt diese Presse \u00fcber eine halbautomatische Materialzufuhr, Verdichtung, Bindung und Ballenauswurf. Durch ihre horizontale Bauweise ist sie ideal f\u00fcr die kontinuierliche Beschickung und den Betrieb mit hohem Volumen, was sie zu einer bevorzugten Wahl f\u00fcr Textilrecyclingzentren, Bekleidungsfabriken und Stofffabriken macht.<\/p>\n<h3 data-start=\"1186\" data-end=\"1215\">Hauptmerkmale und Vorteile<\/h3>\n<p data-start=\"1217\" data-end=\"1254\"><strong>1. Halbautomatischer Betrieb<\/strong><\/p>\n<p data-start=\"1255\" data-end=\"1481\">Dank SPS-Steuerung und automatischer Sensoren erfordert die Maschine nur minimale manuelle Eingriffe. Der Zuf\u00fchrungs-, Verdichtungs- und Bindungsprozess wird automatisch durchgef\u00fchrt, was einen kontinuierlichen Betrieb gew\u00e4hrleistet und die Abh\u00e4ngigkeit von Arbeitskr\u00e4ften verringert.<\/p>\n<p data-start=\"1483\" data-end=\"1527\"><strong>2. Effiziente Handhabung von Textilabf\u00e4llen<\/strong><\/p>\n<p data-start=\"1528\" data-end=\"1783\">Diese Ballenpresse ist f\u00fcr eine Vielzahl von Textilabf\u00e4llen ausgelegt, darunter Baumwolle, Wolle, Polyester, Filz, Denim und andere synthetische oder gemischte Fasern. Sie gew\u00e4hrleistet eine gleichbleibende Ballengr\u00f6\u00dfe und ein gleichbleibendes Gewicht und verbessert die Ladeeffizienz bei Lagerung und Transport.<\/p>\n<p data-start=\"1785\" data-end=\"1829\"><strong>3. Hoher Durchsatz und hohe Produktivit\u00e4t<\/strong><\/p>\n<p data-start=\"1830\" data-end=\"2076\">Die halbautomatische horizontale Textilballenpresse ist f\u00fcr Produktionslinien mit hoher Kapazit\u00e4t konzipiert. Sie verf\u00fcgt \u00fcber einen breiten Einf\u00fclltrichter und ein starkes hydraulisches System, um gro\u00dfe Abfallmengen schnell zu verdichten, ideal f\u00fcr gro\u00dfe Textilproduktionsanlagen.<\/p>\n<p data-start=\"2078\" data-end=\"2113\"><strong>4. Platzsparende Ballengr\u00f6\u00dfen<\/strong><\/p>\n<p data-start=\"2114\" data-end=\"2319\">Die Maschine verpresst lose Textilabf\u00e4lle zu kompakten Ballen, wodurch der Lagerplatz erheblich reduziert wird. Die dichten Ballen sind leichter zu stapeln, zu transportieren und zu recyceln, wodurch die Lagerverwaltung effizienter wird.<\/p>\n<p data-start=\"2321\" data-end=\"2368\"><strong>5. Robuste Struktur und lange Lebensdauer<\/strong><\/p>\n<p data-start=\"2369\" data-end=\"2596\">Diese Ballenpresse mit verst\u00e4rktem Stahlrahmen und verschlei\u00dffesten Komponenten ist f\u00fcr den Langzeitbetrieb unter anspruchsvollen industriellen Bedingungen ausgelegt. Ihr robustes Hydrauliksystem gew\u00e4hrleistet eine stabile Leistung \u00fcber Jahre hinweg.<\/p>\n<p data-start=\"2598\" data-end=\"2629\"><strong>6. Anpassbares Design<\/strong><\/p>\n<p data-start=\"2630\" data-end=\"2853\">Die Maschine kann je nach Gr\u00f6\u00dfe und Art der von Ihnen zu verarbeitenden Textilabf\u00e4lle angepasst werden. Ballengr\u00f6\u00dfe, Presskraft und Bindemethode (automatische Draht- oder Kunststoffumreifung) k\u00f6nnen an Ihre betrieblichen Anforderungen angepasst werden.<\/p>\n<h3 data-start=\"2855\" data-end=\"2895\">Anwendungen in der Textilindustrie<\/h3>\n<p data-start=\"2897\" data-end=\"2968\">Die automatische horizontale Ballenpresse f\u00fcr Textilabf\u00e4lle ist weit verbreitet in:<\/p>\n<ul>\n<li data-start=\"2972\" data-end=\"3000\">Fabriken zur Herstellung von Bekleidung<\/li>\n<li data-start=\"3003\" data-end=\"3031\">Textilrecyclinganlagen<\/li>\n<li data-start=\"3034\" data-end=\"3060\">Spinnereien und Webereien<\/li>\n<li data-start=\"3063\" data-end=\"3089\">Hersteller von nicht gewebten Stoffen<\/li>\n<li data-start=\"3092\" data-end=\"3118\">Packstationen im Lager<\/li>\n<\/ul>\n<p data-start=\"3120\" data-end=\"3254\">Es ist besonders effektiv f\u00fcr Unternehmen, die ihre Betriebskosten senken und gleichzeitig ein umweltfreundliches Abfallmanagementsystem aufrechterhalten wollen.<\/p>\n<h3 data-start=\"3256\" data-end=\"3311\">Warum sollten Sie unsere halbautomatische horizontale Textilballenpresse w\u00e4hlen?<\/h3>\n<ul>\n<li data-start=\"3315\" data-end=\"3369\">Arbeitsersparnis: Reduziert den manuellen Arbeitsaufwand um \u00fcber 80%.<\/li>\n<li data-start=\"3372\" data-end=\"3442\">Verbesserte Effizienz: Bis zu 50% produktiver als manuelle Ballenpressen.<\/li>\n<li data-start=\"3445\" data-end=\"3543\">Gleichbleibende Ballenqualit\u00e4t: Die einheitliche Ballengr\u00f6\u00dfe erleichtert den Transport und das Recycling.<\/li>\n<li data-start=\"3546\" data-end=\"3649\">Einfache Wartung: Der modulare Aufbau gew\u00e4hrleistet einen schnellen Zugang zu den Komponenten f\u00fcr Inspektion und Wartung.<\/li>\n<li data-start=\"3652\" data-end=\"3743\">Umweltfreundlich: F\u00f6rdert das Recycling von Textilien und tr\u00e4gt zur Reduzierung von Deponieabf\u00e4llen bei.<\/li>\n<\/ul>\n<h3 data-start=\"3745\" data-end=\"3778\">Technische Unterst\u00fctzung und Service<\/h3>\n<p data-start=\"3780\" data-end=\"4066\">Wir bieten einen umfassenden Kundendienst f\u00fcr unsere horizontalen Textilballenpressen, einschlie\u00dflich Installationsanleitung, Bedienerschulung, regelm\u00e4\u00dfige Wartungspl\u00e4ne und eine einj\u00e4hrige Garantie. Unser technisches Team steht bei Bedarf f\u00fcr die Fehlerbehebung aus der Ferne oder vor Ort zur Verf\u00fcgung.<\/p>\n<h3 data-start=\"4068\" data-end=\"4086\">Abschlie\u00dfende \u00dcberlegungen<\/h3>\n<p data-start=\"4088\" data-end=\"4476\">Die halbautomatische horizontale Textilballenpresse ist mehr als nur eine Abfallverdichtungsmaschine; sie ist eine intelligente Investition, die zu Kosteneinsparungen, einer rationalisierten Produktion und einem nachhaltigen Textilabfallmanagement beitr\u00e4gt. F\u00fcr Hersteller und Recycler, die den Platzbedarf optimieren, die Sicherheit verbessern und die betriebliche Effizienz steigern m\u00f6chten, bietet diese halbautomatische Ballenpresse eine ideale langfristige L\u00f6sung.<\/p>\n<p data-start=\"4478\" data-end=\"4594\">Setzen Sie sich noch heute mit uns in Verbindung, um mehr dar\u00fcber zu erfahren, wie die halbautomatische horizontale Textilballenpresse f\u00fcr Ihr Unternehmen von Nutzen sein kann.<\/p>","protected":false},"excerpt":{"rendered":"<p>Die halbautomatische horizontale Textilpresse ist f\u00fcr die effiziente Verdichtung von Textilabf\u00e4llen, einschlie\u00dflich Stoffresten, Altkleidern und Produktionsabf\u00e4llen, konzipiert. Mit halbautomatischer Zuf\u00fchrung, Verdichtung, Umreifung und Ballenauswurf reduziert sie den Arbeitsaufwand erheblich und erh\u00f6ht gleichzeitig die Leistung. Diese Maschine ist ideal f\u00fcr Bekleidungsfabriken, Textilfabriken und Recyclingbetriebe und erzeugt dichte, gleichm\u00e4\u00dfige Ballen, die leicht zu handhaben und zu transportieren sind. Sie ist f\u00fcr den Dauerbetrieb ausgelegt und verf\u00fcgt \u00fcber ein SPS-Steuerungssystem, eine robuste Stahlkonstruktion und anpassbare Einstellungen f\u00fcr verschiedene Materialarten und -mengen. Eine perfekte L\u00f6sung f\u00fcr die Bewirtschaftung von Textilabf\u00e4llen in gro\u00dfem Ma\u00dfstab.<\/p>","protected":false},"featured_media":1956,"template":"","meta":{"site-sidebar-layout":"default","site-content-layout":"","ast-site-content-layout":"default","site-content-style":"default","site-sidebar-style":"default","ast-global-header-display":"","ast-banner-title-visibility":"","ast-main-header-display":"","ast-hfb-above-header-display":"","ast-hfb-below-header-display":"","ast-hfb-mobile-header-display":"","site-post-title":"","ast-breadcrumbs-content":"","ast-featured-img":"","footer-sml-layout":"","ast-disable-related-posts":"","theme-transparent-header-meta":"default","adv-header-id-meta":"","stick-header-meta":"","header-above-stick-meta":"","header-main-stick-meta":"","header-below-stick-meta":"","astra-migrate-meta-layouts":"set","ast-page-background-enabled":"default","ast-page-background-meta":{"desktop":{"background-color":"var(--ast-global-color-5)","background-image":"","background-repeat":"repeat","background-position":"center center","background-size":"auto","background-attachment":"scroll","background-type":"","background-media":"","overlay-type":"","overlay-color":"","overlay-opacity":"","overlay-gradient":""},"tablet":{"background-color":"","background-image":"","background-repeat":"repeat","background-position":"center center","background-size":"auto","background-attachment":"scroll","background-type":"","background-media":"","overlay-type":"","overlay-color":"","overlay-opacity":"","overlay-gradient":""},"mobile":{"background-color":"","background-image":"","background-repeat":"repeat","background-position":"center center","background-size":"auto","background-attachment":"scroll","background-type":"","background-media":"","overlay-type":"","overlay-color":"","overlay-opacity":"","overlay-gradient":""}},"ast-content-background-meta":{"desktop":{"background-color":"var(--ast-global-color-4)","background-image":"","background-repeat":"repeat","background-position":"center center","background-size":"auto","background-attachment":"scroll","background-type":"","background-media":"","overlay-type":"","overlay-color":"","overlay-opacity":"","overlay-gradient":""},"tablet":{"background-color":"var(--ast-global-color-4)","background-image":"","background-repeat":"repeat","background-position":"center center","background-size":"auto","background-attachment":"scroll","background-type":"","background-media":"","overlay-type":"","overlay-color":"","overlay-opacity":"","overlay-gradient":""},"mobile":{"background-color":"var(--ast-global-color-4)","background-image":"","background-repeat":"repeat","background-position":"center center","background-size":"auto","background-attachment":"scroll","background-type":"","background-media":"","overlay-type":"","overlay-color":"","overlay-opacity":"","overlay-gradient":""}}},"product_brand":[],"product_cat":[21,153],"product_tag":[199,198,200,195,202,201,196,194,203,197],"class_list":{"0":"post-1976","1":"product","2":"type-product","3":"status-publish","4":"has-post-thumbnail","6":"product_cat-baling-machine","7":"product_cat-horizontal-baler","8":"product_tag-clothes-baler-machine","9":"product_tag-fabric-baling-press","10":"product_tag-garment-waste-baler","11":"product_tag-horizontal-textile-baler","12":"product_tag-hydraulic-textile-baler","13":"product_tag-industrial-textile-baler","14":"product_tag-semi-automatic-baler-machine","15":"product_tag-textile-baling-machine","16":"product_tag-textile-recycling-baler","17":"product_tag-textile-waste-baler","18":"desktop-align-left","19":"tablet-align-left","20":"mobile-align-left","22":"first","23":"instock","24":"shipping-taxable","25":"product-type-simple"},"_links":{"self":[{"href":"https:\/\/www.gigapa.com\/de\/wp-json\/wp\/v2\/product\/1976","targetHints":{"allow":["GET"]}}],"collection":[{"href":"https:\/\/www.gigapa.com\/de\/wp-json\/wp\/v2\/product"}],"about":[{"href":"https:\/\/www.gigapa.com\/de\/wp-json\/wp\/v2\/types\/product"}],"version-history":[{"count":4,"href":"https:\/\/www.gigapa.com\/de\/wp-json\/wp\/v2\/product\/1976\/revisions"}],"predecessor-version":[{"id":2794,"href":"https:\/\/www.gigapa.com\/de\/wp-json\/wp\/v2\/product\/1976\/revisions\/2794"}],"wp:featuredmedia":[{"embeddable":true,"href":"https:\/\/www.gigapa.com\/de\/wp-json\/wp\/v2\/media\/1956"}],"wp:attachment":[{"href":"https:\/\/www.gigapa.com\/de\/wp-json\/wp\/v2\/media?parent=1976"}],"wp:term":[{"taxonomy":"product_brand","embeddable":true,"href":"https:\/\/www.gigapa.com\/de\/wp-json\/wp\/v2\/product_brand?post=1976"},{"taxonomy":"product_cat","embeddable":true,"href":"https:\/\/www.gigapa.com\/de\/wp-json\/wp\/v2\/product_cat?post=1976"},{"taxonomy":"product_tag","embeddable":true,"href":"https:\/\/www.gigapa.com\/de\/wp-json\/wp\/v2\/product_tag?post=1976"}],"curies":[{"name":"wp","href":"https:\/\/api.w.org\/{rel}","templated":true}]}}