{"id":1978,"date":"2025-06-17T11:48:05","date_gmt":"2025-06-17T03:48:05","guid":{"rendered":"https:\/\/www.gigapa.com\/?post_type=product&#038;p=1978"},"modified":"2026-03-16T14:51:49","modified_gmt":"2026-03-16T06:51:49","slug":"animal-bedding-shavings-machine","status":"publish","type":"product","link":"https:\/\/www.gigapa.com\/de\/product\/animal-bedding-shavings-machine\/","title":{"rendered":"Tiereinstreu-Sp\u00e4nemaschine"},"content":{"rendered":"<p data-start=\"207\" data-end=\"684\" data-immersive-translate-walked=\"0e74255f-0271-4f05-bd9c-3cfa8dc97462\" data-immersive-translate-paragraph=\"1\">Die Tiereinstreu-Spanmaschine ist eine spezialisierte Holzverarbeitungseinheit, die St\u00e4mme, Holzabf\u00e4lle oder Holzbl\u00f6cke in weiche, flauschige und gleichm\u00e4\u00dfige Holzsp\u00e4ne umwandelt, die sich ideal f\u00fcr die Tiereinstreu eignen. Ganz gleich, ob Sie in der Viehzucht, in der Pferdehaltung oder in der kommerziellen Einstreuproduktion t\u00e4tig sind, diese Maschine sorgt f\u00fcr eine zuverl\u00e4ssige und hygienische Versorgung mit hochwertigen Sp\u00e4nen und tr\u00e4gt so zur Verbesserung des Komforts, der Gesundheit und der Hygiene der Tiere bei.<\/p>\n<p data-start=\"686\" data-end=\"1012\" data-immersive-translate-walked=\"0e74255f-0271-4f05-bd9c-3cfa8dc97462\" data-immersive-translate-paragraph=\"1\">Angesichts der steigenden Nachfrage nach sauberer und saugf\u00e4higer Einstreu war der Bedarf an automatisierter, leistungsstarker Sp\u00e4neproduktion noch nie so gro\u00df wie heute. Diese Maschine erf\u00fcllt diesen Bedarf mit \u00fcberragender Produktivit\u00e4t, gleichm\u00e4\u00dfiger Leistung und minimaler manueller Handhabung. Sie hilft Ihnen, Arbeit zu sparen, Kosten zu senken und eine gleichm\u00e4\u00dfige Einstreuversorgung zu gew\u00e4hrleisten.<\/p>\n<h3><strong>Blatt mit technischen Daten<\/strong><\/h3>\n<table>\n<tbody>\n<tr>\n<td width=\"73\"><strong><b>M<\/b><\/strong><strong><b>odel<\/b><\/strong><\/td>\n<td width=\"95\"><strong><b>T<\/b><\/strong><strong><b>Gesamtleistung<\/b><\/strong><\/td>\n<td width=\"132\"><strong><b>F<\/b><\/strong><strong><b>Gr\u00f6\u00dfe der ben\u00f6tigten \u00d6ffnung<\/b><\/strong><\/td>\n<td width=\"97\"><strong><b>O<\/b><\/strong><strong><b>.<\/b><\/strong><\/td>\n<td width=\"83\"><strong><b>W<\/b><\/strong><strong><b>acht<\/b><\/strong><\/td>\n<td width=\"139\"><strong><b>O<\/b><\/strong><strong><b>utline-Dimensionen<\/b><\/strong><\/td>\n<\/tr>\n<tr>\n<td width=\"73\"><strong><b>GSW-S105<\/b><\/strong><\/td>\n<td width=\"95\"><strong><b>11,5 kW<\/b><\/strong><\/td>\n<td width=\"132\"><b>100 * 50 cm<\/b><\/td>\n<td width=\"97\"><strong><b>150-200kg\/h<\/b><\/strong><\/td>\n<td width=\"83\"><b>1.100 kg<\/b><\/td>\n<td width=\"139\"><strong><b>320*100*140cm<\/b><\/strong><\/td>\n<\/tr>\n<tr>\n<td width=\"73\"><strong><b>GSW-T135<\/b><\/strong><\/td>\n<td width=\"95\"><strong><b>19kw<\/b><\/strong><\/td>\n<td width=\"132\"><strong><b>130*50cm<\/b><\/strong><\/td>\n<td width=\"97\"><strong><b>200-300kg\/h<\/b><\/strong><\/td>\n<td width=\"83\"><b>1.600 kg<\/b><\/td>\n<td width=\"139\"><strong><b>380*100*160cm<\/b><\/strong><\/td>\n<\/tr>\n<tr>\n<td width=\"73\"><strong><b>GSW-F145<\/b><\/strong><\/td>\n<td width=\"95\"><b>34,1 kW<\/b><\/td>\n<td width=\"132\"><strong><b>140*50cm<\/b><\/strong><\/td>\n<td width=\"97\"><strong><b>800-1000kg\/h<\/b><\/strong><\/td>\n<td width=\"83\"><b>2100 kg<\/b><\/td>\n<td width=\"139\"><strong><b>390*135*140cm<\/b><\/strong><\/td>\n<\/tr>\n<tr>\n<td width=\"73\"><strong><b>GCW-T146<\/b><\/strong><\/td>\n<td width=\"95\"><strong><b>21,1 kW<\/b><\/strong><\/td>\n<td width=\"132\"><strong><b>140*60cm<\/b><\/strong><\/td>\n<td width=\"97\"><strong><b>600-800kg\/h<\/b><\/strong><\/td>\n<td width=\"83\"><strong><b>2800kg<\/b><\/strong><\/td>\n<td width=\"139\"><strong><b>330*165*150cm<\/b><\/strong><\/td>\n<\/tr>\n<tr>\n<td width=\"73\"><strong><b>GCW-F146<\/b><\/strong><\/td>\n<td width=\"95\"><b>35,1 kW<\/b><\/td>\n<td width=\"132\"><strong><b>140*60cm<\/b><\/strong><\/td>\n<td width=\"97\"><strong><b>1200-1500kg\/h<\/b><\/strong><\/td>\n<td width=\"83\"><b>3300 kg<\/b><\/td>\n<td width=\"139\"><strong><b>380*165*155cm<\/b><\/strong><\/td>\n<\/tr>\n<tr>\n<td width=\"73\"><strong><b>GSW-F149<\/b><\/strong><\/td>\n<td width=\"95\"><b>53 kW<\/b><\/td>\n<td width=\"132\"><strong><b>140*90cm<\/b><\/strong><\/td>\n<td width=\"97\"><strong><b>1500-2000kg\/h<\/b><\/strong><\/td>\n<td width=\"83\"><b>5800 kg<\/b><\/td>\n<td width=\"139\"><strong><b>530*210*220cm<\/b><\/strong><\/td>\n<\/tr>\n<tr>\n<td width=\"73\"><strong><b>GSW-F209<\/b><\/strong><\/td>\n<td width=\"95\"><b>53 kW<\/b><\/td>\n<td width=\"132\"><strong><b>200*90cm<\/b><\/strong><\/td>\n<td width=\"97\"><strong><b>2000-2500kg\/h<\/b><\/strong><\/td>\n<td width=\"83\"><b>6600 kg<\/b><\/td>\n<td width=\"139\"><strong><b>560*210*220cm<\/b><\/strong><\/td>\n<\/tr>\n<tr>\n<td width=\"73\"><strong><b>GSW-B269<\/b><\/strong><\/td>\n<td width=\"95\"><b>99 kW<\/b><\/td>\n<td width=\"132\"><strong><b>260*90cm<\/b><\/strong><\/td>\n<td width=\"97\"><strong><b>3000kg\/h<\/b><\/strong><\/td>\n<td width=\"83\"><b>7000 kg<\/b><\/td>\n<td width=\"139\"><strong><b>660*210*240cm<\/b><\/strong><\/td>\n<\/tr>\n<tr>\n<td width=\"73\"><strong><b>GSW-E349<\/b><\/strong><\/td>\n<td width=\"95\"><b>100,5 kW<\/b><\/td>\n<td width=\"132\"><strong><b>340*90cm<\/b><\/strong><\/td>\n<td width=\"97\"><strong><b>4000kg\/h<\/b><\/strong><\/td>\n<td width=\"83\"><b>8500 kg<\/b><\/td>\n<td width=\"139\"><strong><b>810*210*240cm<\/b><\/strong><\/td>\n<\/tr>\n<\/tbody>\n<\/table>\n<h3 data-start=\"1019\" data-end=\"1035\" data-immersive-translate-walked=\"0e74255f-0271-4f05-bd9c-3cfa8dc97462\" data-immersive-translate-paragraph=\"1\">Wesentliche Merkmale<\/h3>\n<p data-start=\"1037\" data-end=\"1389\" data-immersive-translate-walked=\"0e74255f-0271-4f05-bd9c-3cfa8dc97462\" data-immersive-translate-paragraph=\"1\">Hocheffizienter Holzspan<br data-start=\"1069\" data-end=\"1072\" data-immersive-translate-walked=\"0e74255f-0271-4f05-bd9c-3cfa8dc97462\" \/>Die Maschine besteht aus einer Reihe von scharfen, langlebigen Klingen, die auf einer rotierenden Trommel montiert sind. W\u00e4hrend das Holz durchl\u00e4uft, zerschneiden die Klingen es in d\u00fcnne, gleichm\u00e4\u00dfige Sp\u00e4ne, ohne Staub oder Splitter zu erzeugen. Durch dieses Verfahren bleiben die nat\u00fcrliche Weichheit und Saugf\u00e4higkeit des Holzes erhalten, so dass sich die entstehenden Sp\u00e4ne ideal als Einstreu eignen.<\/p>\n<p data-start=\"1391\" data-end=\"1706\" data-immersive-translate-walked=\"0e74255f-0271-4f05-bd9c-3cfa8dc97462\" data-immersive-translate-paragraph=\"1\">Einstellbare Scherschichtdicke<br data-start=\"1423\" data-end=\"1426\" data-immersive-translate-walked=\"0e74255f-0271-4f05-bd9c-3cfa8dc97462\" \/>Die Dicke der Sp\u00e4ne kann leicht eingestellt werden und liegt in der Regel zwischen 0,5 mm und 2 mm, je nach Tierart und Einstreuwunsch. D\u00fcnne Sp\u00e4ne sind ideal f\u00fcr Gefl\u00fcgel und Kleintiere, w\u00e4hrend dickere, elastischere Sp\u00e4ne f\u00fcr Pferde und Rinder bevorzugt werden.<\/p>\n<p data-start=\"1708\" data-end=\"2035\" data-immersive-translate-walked=\"0e74255f-0271-4f05-bd9c-3cfa8dc97462\" data-immersive-translate-paragraph=\"1\">Robuste Konstruktion f\u00fcr den Dauereinsatz<br data-start=\"1750\" data-end=\"1753\" data-immersive-translate-walked=\"0e74255f-0271-4f05-bd9c-3cfa8dc97462\" \/>Die mit einem robusten Stahlrahmen, Lagern in Industriequalit\u00e4t und verschlei\u00dffesten Komponenten ausgestattete Tiereinstreusp\u00e4nemaschine ist f\u00fcr den 24\/7-Betrieb in anspruchsvollen Umgebungen ausgelegt. Sie kann verschiedene Arten von Weich- und Hartholz verarbeiten, z. B. Kiefer, Pappel, Tanne oder Birke.<\/p>\n<p data-start=\"2037\" data-end=\"2360\" data-immersive-translate-walked=\"0e74255f-0271-4f05-bd9c-3cfa8dc97462\" data-immersive-translate-paragraph=\"1\">Automatische Zuf\u00fchrung und Ausgabe<br data-start=\"2069\" data-end=\"2072\" data-immersive-translate-walked=\"0e74255f-0271-4f05-bd9c-3cfa8dc97462\" \/>Ausgestattet mit hydraulischen oder f\u00f6rdergespeisten Stammzuf\u00fchrungssystemen bietet die Maschine einen automatischen Betrieb f\u00fcr eine gleichm\u00e4\u00dfige Produktion. Die verarbeiteten Sp\u00e4ne k\u00f6nnen direkt auf F\u00f6rderb\u00e4nder oder in Verpackungssysteme entladen werden, was den Arbeitsaufwand reduziert und die Hygiene bei Sammlung und Transport verbessert.<\/p>\n<p data-start=\"2362\" data-end=\"2628\" data-immersive-translate-walked=\"0e74255f-0271-4f05-bd9c-3cfa8dc97462\" data-immersive-translate-paragraph=\"1\">Ger\u00e4uscharmut und Sicherheitsmerkmale<br data-start=\"2395\" data-end=\"2398\" data-immersive-translate-walked=\"0e74255f-0271-4f05-bd9c-3cfa8dc97462\" \/>Trotz ihrer hohen Kapazit\u00e4t arbeitet die Maschine relativ ger\u00e4usch- und vibrationsarm. Eingebaute Sicherheitsfunktionen wie Not-Aus-Schalter, \u00dcberlastungsschutz und Schutzabdeckungen sorgen f\u00fcr einen sicheren Betrieb f\u00fcr das Fabrikpersonal.<\/p>\n<h3 data-start=\"3045\" data-end=\"3061\" data-immersive-translate-walked=\"0e74255f-0271-4f05-bd9c-3cfa8dc97462\" data-immersive-translate-paragraph=\"1\">Anwendungen<\/h3>\n<p data-start=\"3063\" data-end=\"3117\" data-immersive-translate-walked=\"0e74255f-0271-4f05-bd9c-3cfa8dc97462\" data-immersive-translate-paragraph=\"1\">Die Tiereinstreu-Spanmaschine ist weit verbreitet in:<\/p>\n<ul>\n<li data-start=\"3121\" data-end=\"3207\" data-immersive-translate-walked=\"0e74255f-0271-4f05-bd9c-3cfa8dc97462\" data-immersive-translate-paragraph=\"1\">Gefl\u00fcgelfarmen - zur Bereitstellung trockener, hygienischer Einstreu f\u00fcr H\u00fchner, Enten und Puten<\/li>\n<li data-start=\"3210\" data-end=\"3292\" data-immersive-translate-walked=\"0e74255f-0271-4f05-bd9c-3cfa8dc97462\" data-immersive-translate-paragraph=\"1\">Pferdest\u00e4lle - komfortable und gepolsterte Einstreu f\u00fcr die Gesundheit von Pferden<\/li>\n<li data-start=\"3295\" data-end=\"3374\" data-immersive-translate-walked=\"0e74255f-0271-4f05-bd9c-3cfa8dc97462\" data-immersive-translate-paragraph=\"1\">Milch- und Rinderbetriebe - Verbesserung der Euterhygiene und Reduzierung von Ammoniakgeruch<\/li>\n<li data-start=\"3377\" data-end=\"3467\" data-immersive-translate-walked=\"0e74255f-0271-4f05-bd9c-3cfa8dc97462\" data-immersive-translate-paragraph=\"1\">Tierz\u00fcchter und Zoos - f\u00fcr sichere und weiche Einstreu f\u00fcr Kleintiere und exotische Arten<\/li>\n<li data-start=\"3470\" data-end=\"3559\" data-immersive-translate-walked=\"0e74255f-0271-4f05-bd9c-3cfa8dc97462\" data-immersive-translate-paragraph=\"1\">Hersteller von Einstreumaterial - f\u00fcr die Massenproduktion und Verpackung von Sp\u00e4nen in S\u00e4cken<\/li>\n<\/ul>\n<p data-start=\"3561\" data-end=\"3677\" data-immersive-translate-walked=\"0e74255f-0271-4f05-bd9c-3cfa8dc97462\" data-immersive-translate-paragraph=\"1\">Es eignet sich auch zur Herstellung von Einstreumaterial f\u00fcr Tierkliniken, Labors und Tierheime.<\/p>\n<h3 data-start=\"3684\" data-end=\"3705\" data-immersive-translate-walked=\"0e74255f-0271-4f05-bd9c-3cfa8dc97462\" data-immersive-translate-paragraph=\"1\">Gesch\u00e4ftliche Vorteile<\/h3>\n<ul>\n<li data-start=\"3709\" data-end=\"3819\" data-immersive-translate-walked=\"0e74255f-0271-4f05-bd9c-3cfa8dc97462\" data-immersive-translate-paragraph=\"1\">Konsistente Qualit\u00e4t der Ausgabe - Gew\u00e4hrleistet gleichm\u00e4\u00dfige Sp\u00e4ne in jeder Charge, ideal f\u00fcr Markeneinstreuverpackungen<\/li>\n<li data-start=\"3822\" data-end=\"3897\" data-immersive-translate-walked=\"0e74255f-0271-4f05-bd9c-3cfa8dc97462\" data-immersive-translate-paragraph=\"1\">Kostenreduzierung - Umwandlung von billigem Holz oder Holzabf\u00e4llen in hochwertige Produkte<\/li>\n<li data-start=\"3900\" data-end=\"3996\" data-immersive-translate-walked=\"0e74255f-0271-4f05-bd9c-3cfa8dc97462\" data-immersive-translate-paragraph=\"1\">Hygienische Produktion - Staubfreie und schimmelresistente Einstreu hilft, Tierinfektionen zu verhindern<\/li>\n<li data-start=\"3999\" data-end=\"4116\" data-immersive-translate-walked=\"0e74255f-0271-4f05-bd9c-3cfa8dc97462\" data-immersive-translate-paragraph=\"1\">Anpassbares Design - Erh\u00e4ltlich in verschiedenen Gr\u00f6\u00dfen und Kapazit\u00e4ten f\u00fcr kleine Betriebe oder gro\u00dfe Fabriken<\/li>\n<li data-start=\"4119\" data-end=\"4242\" data-immersive-translate-walked=\"0e74255f-0271-4f05-bd9c-3cfa8dc97462\" data-immersive-translate-paragraph=\"1\">Umweltfreundlich - F\u00f6rdert das Recycling von Holznebenprodukten und reduziert die Abh\u00e4ngigkeit von synthetischen Einstreumaterialien<\/li>\n<\/ul>\n<h3 data-start=\"4249\" data-end=\"4263\" data-immersive-translate-walked=\"0e74255f-0271-4f05-bd9c-3cfa8dc97462\" data-immersive-translate-paragraph=\"1\">Schlussfolgerung<\/h3>\n<p data-start=\"4265\" data-end=\"4783\" data-immersive-translate-walked=\"0e74255f-0271-4f05-bd9c-3cfa8dc97462\" data-immersive-translate-paragraph=\"1\">Die Tiereinstreumaschine ist ein Muss f\u00fcr jeden Betrieb oder jede Farm, die eine st\u00e4ndige Versorgung mit sauberer, konsistenter und tiergerechter Einstreu ben\u00f6tigt. Die robuste Konstruktion, die hohe Leistung und die flexible Einstellung der Sp\u00e4ne machen sie zu einer zuverl\u00e4ssigen L\u00f6sung sowohl f\u00fcr kleine Betriebe als auch f\u00fcr die kommerzielle Gro\u00dfproduktion. Durch die Automatisierung des Prozesses und die gleichbleibende Qualit\u00e4t verbessert diese Maschine nicht nur den Komfort und die Hygiene Ihrer Tiere, sondern steigert auch Ihre betriebliche Effizienz und Rentabilit\u00e4t.<\/p>","protected":false},"excerpt":{"rendered":"<p>Die Tiereinstreumaschine verwandelt Holzst\u00e4mme und Holzabf\u00e4lle in weiche, staubfreie Sp\u00e4ne f\u00fcr Pferde, Gefl\u00fcgel und Nutztiere. Sie liefert gleichbleibende Qualit\u00e4t, einstellbare Dicke und hohe Leistung - ideal f\u00fcr Bauernh\u00f6fe, St\u00e4lle und kommerzielle Einstreulieferanten.<\/p>","protected":false},"featured_media":1955,"template":"","meta":{"site-sidebar-layout":"default","site-content-layout":"","ast-site-content-layout":"default","site-content-style":"default","site-sidebar-style":"default","ast-global-header-display":"","ast-banner-title-visibility":"","ast-main-header-display":"","ast-hfb-above-header-display":"","ast-hfb-below-header-display":"","ast-hfb-mobile-header-display":"","site-post-title":"","ast-breadcrumbs-content":"","ast-featured-img":"","footer-sml-layout":"","ast-disable-related-posts":"","theme-transparent-header-meta":"default","adv-header-id-meta":"","stick-header-meta":"","header-above-stick-meta":"","header-main-stick-meta":"","header-below-stick-meta":"","astra-migrate-meta-layouts":"set","ast-page-background-enabled":"default","ast-page-background-meta":{"desktop":{"background-color":"var(--ast-global-color-5)","background-image":"","background-repeat":"repeat","background-position":"center center","background-size":"auto","background-attachment":"scroll","background-type":"","background-media":"","overlay-type":"","overlay-color":"","overlay-opacity":"","overlay-gradient":""},"tablet":{"background-color":"","background-image":"","background-repeat":"repeat","background-position":"center center","background-size":"auto","background-attachment":"scroll","background-type":"","background-media":"","overlay-type":"","overlay-color":"","overlay-opacity":"","overlay-gradient":""},"mobile":{"background-color":"","background-image":"","background-repeat":"repeat","background-position":"center center","background-size":"auto","background-attachment":"scroll","background-type":"","background-media":"","overlay-type":"","overlay-color":"","overlay-opacity":"","overlay-gradient":""}},"ast-content-background-meta":{"desktop":{"background-color":"var(--ast-global-color-4)","background-image":"","background-repeat":"repeat","background-position":"center center","background-size":"auto","background-attachment":"scroll","background-type":"","background-media":"","overlay-type":"","overlay-color":"","overlay-opacity":"","overlay-gradient":""},"tablet":{"background-color":"var(--ast-global-color-4)","background-image":"","background-repeat":"repeat","background-position":"center center","background-size":"auto","background-attachment":"scroll","background-type":"","background-media":"","overlay-type":"","overlay-color":"","overlay-opacity":"","overlay-gradient":""},"mobile":{"background-color":"var(--ast-global-color-4)","background-image":"","background-repeat":"repeat","background-position":"center center","background-size":"auto","background-attachment":"scroll","background-type":"","background-media":"","overlay-type":"","overlay-color":"","overlay-opacity":"","overlay-gradient":""}}},"product_brand":[],"product_cat":[20,150],"product_tag":[],"class_list":{"0":"post-1978","1":"product","2":"type-product","3":"status-publish","4":"has-post-thumbnail","6":"product_cat-shredding-and-crushing-machine","7":"product_cat-wood-shavings-machine","8":"desktop-align-left","9":"tablet-align-left","10":"mobile-align-left","12":"first","13":"instock","14":"shipping-taxable","15":"product-type-simple"},"_links":{"self":[{"href":"https:\/\/www.gigapa.com\/de\/wp-json\/wp\/v2\/product\/1978","targetHints":{"allow":["GET"]}}],"collection":[{"href":"https:\/\/www.gigapa.com\/de\/wp-json\/wp\/v2\/product"}],"about":[{"href":"https:\/\/www.gigapa.com\/de\/wp-json\/wp\/v2\/types\/product"}],"version-history":[{"count":6,"href":"https:\/\/www.gigapa.com\/de\/wp-json\/wp\/v2\/product\/1978\/revisions"}],"predecessor-version":[{"id":2977,"href":"https:\/\/www.gigapa.com\/de\/wp-json\/wp\/v2\/product\/1978\/revisions\/2977"}],"wp:featuredmedia":[{"embeddable":true,"href":"https:\/\/www.gigapa.com\/de\/wp-json\/wp\/v2\/media\/1955"}],"wp:attachment":[{"href":"https:\/\/www.gigapa.com\/de\/wp-json\/wp\/v2\/media?parent=1978"}],"wp:term":[{"taxonomy":"product_brand","embeddable":true,"href":"https:\/\/www.gigapa.com\/de\/wp-json\/wp\/v2\/product_brand?post=1978"},{"taxonomy":"product_cat","embeddable":true,"href":"https:\/\/www.gigapa.com\/de\/wp-json\/wp\/v2\/product_cat?post=1978"},{"taxonomy":"product_tag","embeddable":true,"href":"https:\/\/www.gigapa.com\/de\/wp-json\/wp\/v2\/product_tag?post=1978"}],"curies":[{"name":"wp","href":"https:\/\/api.w.org\/{rel}","templated":true}]}}