{"id":1982,"date":"2025-06-19T09:32:27","date_gmt":"2025-06-19T01:32:27","guid":{"rendered":"https:\/\/www.gigapa.com\/?post_type=product&#038;p=1982"},"modified":"2026-05-08T17:31:35","modified_gmt":"2026-05-08T09:31:35","slug":"twin-shaft-e-waste-shredder","status":"publish","type":"product","link":"https:\/\/www.gigapa.com\/de\/product\/twin-shaft-e-waste-shredder\/","title":{"rendered":"Doppelwellen-Elektroschrott-Zerkleinerer"},"content":{"rendered":"<p data-start=\"216\" data-end=\"746\">Da weltweit mehr Elektroschrott als je zuvor anf\u00e4llt, ist die ordnungsgem\u00e4\u00dfe Entsorgung von Elektroschrott sowohl eine \u00f6kologische Notwendigkeit als auch eine gesetzliche Vorschrift. Der Twin Shaft E-Waste Shredder wurde speziell daf\u00fcr entwickelt, die Herausforderungen des Recyclings elektronischer Produkte sicher und effizient zu bew\u00e4ltigen. Ganz gleich, ob Sie Leiterplatten, Kabel, Festplatten oder ausrangierte Haushaltsger\u00e4te verarbeiten, dieser leistungsstarke Shredder gew\u00e4hrleistet eine konsequente Zerkleinerung, Datenvernichtung und Materialtrennung - alles in einer kompakten L\u00f6sung.<\/p>\n<p data-start=\"748\" data-end=\"974\">Dank der robusten Doppelwellenkonstruktion, der niedrigen Geschwindigkeit und des hohen Drehmoments sowie der fortschrittlichen Sicherheitsfunktionen ist diese Maschine die ideale Wahl f\u00fcr E-Schrott-Recyclinganlagen, Elektronikhersteller und Umweltdienstleister.<\/p>\n<h3 data-start=\"981\" data-end=\"1026\">Was ist ein Zweiwellen-Elektroschrottshredder?<\/h3>\n<p data-start=\"1028\" data-end=\"1433\">Ein Zweiwellen-Elektroschrottshredder ist eine Industriemaschine mit zwei rotierenden Wellen, die mit ineinander greifenden Messern ausgestattet sind. Diese Wellen arbeiten mit niedrigen Geschwindigkeiten und liefern ein hohes Drehmoment, so dass sie den Elektroschrott in kleine, handliche St\u00fccke rei\u00dfen, scheren und zerkleinern k\u00f6nnen. Im Gegensatz zu Hochgeschwindigkeitszerkleinerern reduziert diese langsame Konstruktion Staub und L\u00e4rm, minimiert die Brandgefahr und verl\u00e4ngert die Lebensdauer der Maschine.<\/p>\n<p data-start=\"1435\" data-end=\"1610\">Dieser Shredder ist ideal f\u00fcr die Vorverarbeitung verschiedener Arten von Elektronikschrott f\u00fcr die weitere Trennung und das Recycling, z. B. von Metallen, Kunststoffen und wertvollen Seltenerdkomponenten.<\/p>\n<h3 data-start=\"1617\" data-end=\"1671\">Die wichtigsten Merkmale des Doppelwellen-Elektroschrottschredders<\/h3>\n<p data-start=\"1673\" data-end=\"1715\"><strong>Hochbelastbarer Doppelwellenmechanismus<\/strong><\/p>\n<p data-start=\"1716\" data-end=\"1961\">Die Maschine verf\u00fcgt \u00fcber zwei gegenl\u00e4ufig rotierende Wellen mit Klingen aus geh\u00e4rtetem Stahl, die starre, gemischte oder zusammengesetzte Elektroschrottmaterialien verarbeiten k\u00f6nnen. Die Wellenkonfiguration erm\u00f6glicht ein effektives Rei\u00dfen und Ziehen, anstatt nur zu schneiden.<\/p>\n<p data-start=\"1963\" data-end=\"1996\"><strong>Hohe Drehmomente, niedrige Drehzahlen<\/strong><\/p>\n<p data-start=\"1997\" data-end=\"2146\">Die niedrige Drehzahl in Kombination mit dem hohen Drehmoment erm\u00f6glicht es dem Shredder, z\u00e4he Elektronik zu zerkleinern, ohne zu \u00fcberhitzen oder \u00fcberm\u00e4\u00dfig viel Staub zu erzeugen.<\/p>\n<p data-start=\"2148\" data-end=\"2185\"><strong>Intelligentes Kontrollsystem<\/strong><\/p>\n<p data-start=\"2186\" data-end=\"2409\">Ausgestattet mit einer speicherprogrammierbaren Steuerung (SPS) bietet der Zerkleinerer eine Start-\/Stopp-Automatik, eine R\u00fccklauffunktion bei Materialstau und einen \u00dcberlastungsschutz. Er ist benutzerfreundlich, zuverl\u00e4ssig und sicher im Betrieb.<\/p>\n<p data-start=\"2411\" data-end=\"2446\"><strong>Sicherheit und Staubkontrolle<\/strong><\/p>\n<p data-start=\"2447\" data-end=\"2627\">Der Zerkleinerer wurde im Hinblick auf die Sicherheit des Bedieners entwickelt und verf\u00fcgt \u00fcber eine geschlossene Kammer, Not-Aus-Tasten und optionale Staubabsaugungsschnittstellen zur Minimierung der Luftverschmutzung.<\/p>\n<p data-start=\"2629\" data-end=\"2667\"><strong>Vielseitiges Materialhandling<\/strong><\/p>\n<p data-start=\"2668\" data-end=\"2741\">Dieser Schredder f\u00fcr Elektroschrott kann eine Vielzahl von Materialien verarbeiten, darunter:<\/p>\n<ul>\n<li data-start=\"2745\" data-end=\"2776\">Gedruckte Leiterplatten (PCBs)<\/li>\n<li data-start=\"2779\" data-end=\"2809\">Elektrische Kabel und Verdrahtung<\/li>\n<li data-start=\"2812\" data-end=\"2839\">Handys und Tablets<\/li>\n<li data-start=\"2842\" data-end=\"2872\">Festplatten und Speichereinheiten<\/li>\n<li data-start=\"2875\" data-end=\"2903\">Kleine Haushaltsger\u00e4te<\/li>\n<li data-start=\"2906\" data-end=\"2935\">Laptop-Geh\u00e4use und -Tastaturen<\/li>\n<li data-start=\"2938\" data-end=\"2968\">E-Schrott mit Metall\/Kunststoff-Gemisch<\/li>\n<\/ul>\n<h3 data-start=\"2975\" data-end=\"3031\">Vorteile des Doppelwellen-Elektroschredders<\/h3>\n<p data-start=\"3033\" data-end=\"3071\"><strong>Effiziente Materialaufteilung<\/strong><\/p>\n<p data-start=\"3072\" data-end=\"3258\">Die Doppelwellenkonstruktion sorgt f\u00fcr eine gleichm\u00e4\u00dfige Zerkleinerung des Elektroschrotts und bereitet ihn f\u00fcr weitere mechanische oder manuelle Trennverfahren vor. Das geschredderte Material ist leichter zu handhaben und zu sortieren.<\/p>\n<p data-start=\"3260\" data-end=\"3293\"><strong>Sichere Datenvernichtung<\/strong><\/p>\n<p data-start=\"3294\" data-end=\"3449\">F\u00fcr Festplatten, Smartphones oder Datenspeicher bietet dieser Shredder eine physische Zerst\u00f6rung, die den weltweiten Standards f\u00fcr Datensicherheit und Datenschutz entspricht.<\/p>\n<p data-start=\"3451\" data-end=\"3499\"><strong>Umweltfreundlich und gesetzeskonform<\/strong><\/p>\n<p data-start=\"3500\" data-end=\"3651\">Die ordnungsgem\u00e4\u00dfe Verarbeitung von Elektroschrott verringert die sch\u00e4dlichen Auswirkungen auf die Umwelt und gew\u00e4hrleistet die Einhaltung von Vorschriften wie WEEE, RoHS und lokalen Gesetzen \u00fcber gef\u00e4hrliche Abf\u00e4lle.<\/p>\n<p data-start=\"3653\" data-end=\"3700\"><strong>Geringere Betriebs- und Wartungskosten<\/strong><\/p>\n<p data-start=\"3701\" data-end=\"3854\">Dank seiner robusten Bauweise und des intelligenten \u00dcberlastungsschutzes minimiert der Zerkleinerer die Ausfallzeiten und verl\u00e4ngert die Lebensdauer der Messer und der internen Komponenten.<\/p>\n<p data-start=\"3856\" data-end=\"3893\"><strong>Anpassbar f\u00fcr Ihre Bed\u00fcrfnisse<\/strong><\/p>\n<p data-start=\"3894\" data-end=\"4083\">Je nach Anwendung kann die Maschine f\u00fcr unterschiedliche Durchsatzleistungen, Blattst\u00e4rken, Kammergr\u00f6\u00dfen und Austragsoptionen (F\u00f6rderband, Schnecke usw.) konfiguriert werden.<\/p>\n<h3 data-start=\"4090\" data-end=\"4149\">Anwendungen in der gesamten E-Schrott- und Recyclingbranche<\/h3>\n<p data-start=\"4151\" data-end=\"4205\">Der Twin Shaft E-Waste Shredder ist weit verbreitet in:<\/p>\n<ul>\n<li data-start=\"4209\" data-end=\"4235\">E-Schrott-Recyclinganlagen<\/li>\n<li data-start=\"4238\" data-end=\"4276\">Einrichtungen zur Herstellung von Elektronik<\/li>\n<li data-start=\"4279\" data-end=\"4314\">Dienstleistungen zur Entsorgung von IT-Assets (ITAD)<\/li>\n<li data-start=\"4317\" data-end=\"4350\">Behandlung fester Siedlungsabf\u00e4lle<\/li>\n<li data-start=\"4353\" data-end=\"4414\">Verarbeiter von Elektro- und Elektronik-Altger\u00e4ten (WEEE)<\/li>\n<li data-start=\"4417\" data-end=\"4453\">Wiederaufbereitungs- und Recyclingzentren<\/li>\n<\/ul>\n<p data-start=\"4455\" data-end=\"4547\">Von kleinen elektronischen Ger\u00e4ten bis hin zu komplexen Ger\u00e4ten aus Verbundwerkstoffen - dieser Shredder verarbeitet alles mit Leichtigkeit.<\/p>\n<h3 data-start=\"4554\" data-end=\"4598\">F\u00fcr die Ewigkeit gebaut: Qualit\u00e4t und Langlebigkeit<\/h3>\n<p data-start=\"4600\" data-end=\"4748\">Wir fertigen unsere Zerkleinerer mit Pr\u00e4zisionsmechanik und hochwertigen Materialien, um eine lange Lebensdauer zu gew\u00e4hrleisten. Zu den wichtigsten Qualit\u00e4tsmerkmalen geh\u00f6ren:<\/p>\n<ul>\n<li data-start=\"4752\" data-end=\"4785\">Klingen aus w\u00e4rmebehandeltem legiertem Stahl<\/li>\n<li data-start=\"4788\" data-end=\"4812\">Verst\u00e4rkter Stahlrahmen<\/li>\n<li data-start=\"4815\" data-end=\"4841\">Schwingungsd\u00e4mpfender Sockel<\/li>\n<li data-start=\"4844\" data-end=\"4893\">Hochleistungsgetriebe und -motoren von Spitzenmarken<\/li>\n<li data-start=\"4896\" data-end=\"4929\">CE- und ISO-zertifizierte Produktion<\/li>\n<\/ul>\n<p data-start=\"4931\" data-end=\"5055\">Jede Maschine wird vor der Auslieferung strengen Qualit\u00e4tstests unterzogen, um sicherzustellen, dass sie sowohl die Sicherheits- als auch die Leistungserwartungen erf\u00fcllt.<\/p>\n<h3>After-Sales-Support und Dienstleistungen<\/h3>\n<p data-start=\"5103\" data-end=\"5201\">Wenn Sie den Twin Shaft E-Waste Shredder kaufen, k\u00f6nnen Sie sich auf das Angebot eines engagierten Teams verlassen:<\/p>\n<ul>\n<li data-start=\"5205\" data-end=\"5246\">Anleitung zur Installation und Inbetriebnahme<\/li>\n<li data-start=\"5249\" data-end=\"5288\">Bedienerschulung und Videotutorials<\/li>\n<li data-start=\"5291\" data-end=\"5318\">Schnelle Lieferung von Ersatzteilen<\/li>\n<li data-start=\"5321\" data-end=\"5345\">24\/7 technische Unterst\u00fctzung<\/li>\n<li data-start=\"5348\" data-end=\"5379\">Planung des Wartungsplans<\/li>\n<li data-start=\"5382\" data-end=\"5408\">Beratung zur Personalisierung<\/li>\n<\/ul>\n<h3 data-start=\"5415\" data-end=\"5432\">Schlussfolgerung<\/h3>\n<p data-start=\"5434\" data-end=\"5800\">In einer Zeit, in der der Elektroschrott exponentiell zunimmt, ist die Investition in den Twin Shaft E-Waste Shredder eine kluge, vorausschauende Entscheidung f\u00fcr Unternehmen und Recyclingbetriebe gleicherma\u00dfen. Mit seiner robusten Bauweise, seinen vielseitigen Funktionen und seinem umweltbewussten Design bietet er eine effiziente, sichere und skalierbare L\u00f6sung f\u00fcr die Bew\u00e4ltigung moderner E-M\u00fcll-Probleme.<\/p>\n<p data-start=\"5802\" data-end=\"5985\">Wenn Sie die Umweltbelastung reduzieren, Vorschriften einhalten und wertvolle Materialien aus dem Elektronikschrott zur\u00fcckgewinnen m\u00f6chten, ist dieser Shredder die L\u00f6sung, auf die Sie gewartet haben.<\/p>","protected":false},"excerpt":{"rendered":"<p>Der Twin Shaft E-Waste Shredder wurde f\u00fcr die sichere und effiziente Verarbeitung von Elektronikschrott entwickelt. Er verarbeitet m\u00fchelos Leiterplatten, Kabel, Festplatten und kleine Ger\u00e4te und zerkleinert sie in handliche St\u00fccke f\u00fcr das weitere Recycling. Der Betrieb mit hohem Drehmoment und niedriger Geschwindigkeit sowie die robusten Stahlmesser sorgen f\u00fcr eine pr\u00e4zise Zerkleinerung bei gleichzeitiger Minimierung von Staub und L\u00e4rm. Dieser Shredder ist ideal f\u00fcr Recyclingzentren und Elektronikhersteller und unterst\u00fctzt eine umweltfreundliche Abfallbehandlung, verbessert die Materialr\u00fcckgewinnung und erf\u00fcllt die Vorschriften f\u00fcr Elektroschrott. Seine robuste Konstruktion und der intelligente \u00dcberlastungsschutz garantieren eine stabile Leistung in anspruchsvollen Umgebungen.<\/p>","protected":false},"featured_media":1953,"template":"","meta":{"site-sidebar-layout":"default","site-content-layout":"","ast-site-content-layout":"default","site-content-style":"default","site-sidebar-style":"default","ast-global-header-display":"","ast-banner-title-visibility":"","ast-main-header-display":"","ast-hfb-above-header-display":"","ast-hfb-below-header-display":"","ast-hfb-mobile-header-display":"","site-post-title":"","ast-breadcrumbs-content":"","ast-featured-img":"","footer-sml-layout":"","ast-disable-related-posts":"","theme-transparent-header-meta":"default","adv-header-id-meta":"","stick-header-meta":"","header-above-stick-meta":"","header-main-stick-meta":"","header-below-stick-meta":"","astra-migrate-meta-layouts":"set","ast-page-background-enabled":"default","ast-page-background-meta":{"desktop":{"background-color":"var(--ast-global-color-5)","background-image":"","background-repeat":"repeat","background-position":"center center","background-size":"auto","background-attachment":"scroll","background-type":"","background-media":"","overlay-type":"","overlay-color":"","overlay-opacity":"","overlay-gradient":""},"tablet":{"background-color":"","background-image":"","background-repeat":"repeat","background-position":"center center","background-size":"auto","background-attachment":"scroll","background-type":"","background-media":"","overlay-type":"","overlay-color":"","overlay-opacity":"","overlay-gradient":""},"mobile":{"background-color":"","background-image":"","background-repeat":"repeat","background-position":"center center","background-size":"auto","background-attachment":"scroll","background-type":"","background-media":"","overlay-type":"","overlay-color":"","overlay-opacity":"","overlay-gradient":""}},"ast-content-background-meta":{"desktop":{"background-color":"var(--ast-global-color-4)","background-image":"","background-repeat":"repeat","background-position":"center center","background-size":"auto","background-attachment":"scroll","background-type":"","background-media":"","overlay-type":"","overlay-color":"","overlay-opacity":"","overlay-gradient":""},"tablet":{"background-color":"var(--ast-global-color-4)","background-image":"","background-repeat":"repeat","background-position":"center center","background-size":"auto","background-attachment":"scroll","background-type":"","background-media":"","overlay-type":"","overlay-color":"","overlay-opacity":"","overlay-gradient":""},"mobile":{"background-color":"var(--ast-global-color-4)","background-image":"","background-repeat":"repeat","background-position":"center center","background-size":"auto","background-attachment":"scroll","background-type":"","background-media":"","overlay-type":"","overlay-color":"","overlay-opacity":"","overlay-gradient":""}}},"product_brand":[],"product_cat":[20,149],"product_tag":[213,214,207,211,205,210,212,209,204,208],"class_list":{"0":"post-1982","1":"product","2":"type-product","3":"status-publish","4":"has-post-thumbnail","6":"product_cat-shredding-and-crushing-machine","7":"product_cat-double-shaft-shredder","8":"product_tag-circuit-board-shredder","9":"product_tag-computer-scrap-shredder","10":"product_tag-double-shaft-e-waste-shredder","11":"product_tag-e-waste-recycling-machine","12":"product_tag-e-waste-shredder-machine","13":"product_tag-electronic-scrap-shredder","14":"product_tag-industrial-e-waste-shredder","15":"product_tag-pcb-shredder-machine","16":"product_tag-twin-shaft-e-waste-shredder","17":"product_tag-twin-shaft-shredder-for-electronics","18":"desktop-align-left","19":"tablet-align-left","20":"mobile-align-left","22":"first","23":"instock","24":"shipping-taxable","25":"product-type-simple"},"_links":{"self":[{"href":"https:\/\/www.gigapa.com\/de\/wp-json\/wp\/v2\/product\/1982","targetHints":{"allow":["GET"]}}],"collection":[{"href":"https:\/\/www.gigapa.com\/de\/wp-json\/wp\/v2\/product"}],"about":[{"href":"https:\/\/www.gigapa.com\/de\/wp-json\/wp\/v2\/types\/product"}],"version-history":[{"count":3,"href":"https:\/\/www.gigapa.com\/de\/wp-json\/wp\/v2\/product\/1982\/revisions"}],"predecessor-version":[{"id":2979,"href":"https:\/\/www.gigapa.com\/de\/wp-json\/wp\/v2\/product\/1982\/revisions\/2979"}],"wp:featuredmedia":[{"embeddable":true,"href":"https:\/\/www.gigapa.com\/de\/wp-json\/wp\/v2\/media\/1953"}],"wp:attachment":[{"href":"https:\/\/www.gigapa.com\/de\/wp-json\/wp\/v2\/media?parent=1982"}],"wp:term":[{"taxonomy":"product_brand","embeddable":true,"href":"https:\/\/www.gigapa.com\/de\/wp-json\/wp\/v2\/product_brand?post=1982"},{"taxonomy":"product_cat","embeddable":true,"href":"https:\/\/www.gigapa.com\/de\/wp-json\/wp\/v2\/product_cat?post=1982"},{"taxonomy":"product_tag","embeddable":true,"href":"https:\/\/www.gigapa.com\/de\/wp-json\/wp\/v2\/product_tag?post=1982"}],"curies":[{"name":"wp","href":"https:\/\/api.w.org\/{rel}","templated":true}]}}